{"id":20086,"date":"2024-04-16T10:02:01","date_gmt":"2024-04-16T10:02:01","guid":{"rendered":"https:\/\/tajkertesz.com\/?post_type=product&#038;p=20086"},"modified":"2024-07-17T13:38:09","modified_gmt":"2024-07-17T13:38:09","slug":"nortene-vertical-costa","status":"publish","type":"product","link":"https:\/\/tajkertesz.com\/en_US\/product\/nortene-vertical-costa\/","title":{"rendered":"Nortene Vertical Costa m\u0171anyag z\u00f6ldfal sz\u00ednes levelekkel \u00e9s cikk-cakk mint\u00e1val (100x100cm)"},"content":{"rendered":"<section class=\"product-page-top\">\n<div class=\"row\">\n<div class=\"col-sm-5 col-md-6 product-page-right\">\n<form id=\"product\" action=\"https:\/\/www.norteneshop.hu\/index.php?route=checkout\/cart\" enctype=\"multipart\/form-data\" method=\"post\">\n<div class=\"position-1-wrapper\">\n<h1>Nortene Vertical Costa m\u0171anyag z\u00f6ldfal sz\u00ednes levelekkel \u00e9s cikk-cakk mint\u00e1val (100x100cm)<\/h1>\n<p>Nortene Vertical Costa m\u0171anyag z\u00f6ldfal sz\u00ednes levelekkel \u00e9s cikk-cakk mint\u00e1val (100x100cm)<\/p>\n<table class=\"product-parameters table\">\n<tbody>\n<tr class=\"product-parameter-row product-short-description-row\">\n<td class=\"param-value product-short-description\" colspan=\"2\">Z\u00f6ldfal vegyes levelekkel. Term\u00e9szetes hat\u00e1s\u00fa z\u00f6ldfal vegyes levelekkel \u00e9s cikk-cakk mint\u00e1val. H\u00e1l\u00f3s r\u00e1cshoz r\u00f6gz\u00edtett szintetikus levelek. Az egys\u00e9gek egym\u00e1shoz illesztve \u00f6sszef\u00fcgg\u0151 fel\u00fcletet alkotnak. A m\u0171anyag alap oll\u00f3val v\u00e1ghat\u00f3. Alkalmas belt\u00e9ri \u00e9s k\u00fclt\u00e9ri haszn\u00e1latra egyar\u00e1nt.<\/td>\n<\/tr>\n<\/tbody>\n<\/table>\n<\/div>\n<\/form>\n<\/div>\n<\/div>\n<\/section>\n<section class=\"product-page-middle-1\">\n<div class=\"row\">\n<div class=\"col-12 column-content one-column-content product-one-column-content\">\n<div class=\"position-2-wrapper\">\n<div class=\"position-2-container\">\n<div id=\"productdescription-wrapper\" class=\"module-productdescription-wrapper\">\n<div id=\"productdescription\" class=\"module home-position product-position productdescription\">\n<div class=\"module-head\">\n<h3 class=\"module-head-title\">Le\u00edr\u00e1s \u00e9s Param\u00e9terek<\/h3>\n<\/div>\n<div class=\"module-body\">\n<p>&nbsp;<\/p>\n<p>Nortene Vertical Costa &#8211; M\u0171anyag f\u00fcgg\u0151leges kerti z\u00f6ldfal sz\u00ednes levelekkel \u00e9s cikk-cakk mint\u00e1val<br \/>\n<strong>\u00daj minta, exkluz\u00edv kivitel.<\/strong><\/p>\n<p>A Nortene \u00faj, exkluz\u00edv kollekci\u00f3ja seg\u00edts\u00e9g\u00e9vel egy term\u00e9szetes hat\u00e1s\u00fa, de szintetikus leveleket tartalmaz\u00f3 z\u00f6ldfal hozhat\u00f3 l\u00e9tre!<\/p>\n<p><strong>El\u0151ny\u00f6k<\/strong><\/p>\n<p>A lak\u00e1sban \u00e9s a szabadban is haszn\u00e1lhat\u00f3ak a h\u00e1l\u00f3s m\u0171anyag n\u00f6v\u00e9nyfalak, hiszen UV-\u00e1ll\u00f3 m\u0171n\u00f6v\u00e9nyekb\u0151l \u00e1ll. R\u00e1ad\u00e1sul nem ig\u00e9nyel locsol\u00e1st, \u00edgy sosem fog elhervadni! Seg\u00edts\u00e9g\u00e9vel \u00e9l\u00e9nkebb\u00e9 \u00e9s komfortosabb\u00e1 tehet\u0151ek a f\u00fcrd\u0151szob\u00e1k \u00e9s a teraszok is, de elhelyezhet\u0151 h\u00e1l\u00f3szob\u00e1ban, nappaliban, irod\u00e1ban, \u00fczletek \u00e9s sz\u00f3rakoz\u00f3helyek faldekor\u00e1ci\u00f3jak\u00e9nt is. Dekorat\u00edv, id\u0151t \u00e1ll\u00f3, k\u00f6nnyen telep\u00edthet\u0151, term\u00e9szetes hat\u00e1s\u00fa falburkolat a Nortene-t\u0151l k\u00fclt\u00e9rre \u00e9s belt\u00e9rbe egyar\u00e1nt.<br \/>\nJellemz\u0151k<\/p>\n<p><strong>Nortene Vertical Costa m\u0171anyag z\u00f6ldfal sz\u00ednes levelekkel \u00e9s cikk-cakk mint\u00e1val (100x100cm) anyaga: <\/strong>polietil\u00e9n, 100 x 100 cm, UV-\u00e1ll\u00f3, k\u00f6nnyen v\u00e1ghat\u00f3 mindk\u00e9t ir\u00e1nyban, 5 \u00e9v garancia.<\/p>\n<p>&nbsp;<\/p>\n<table class=\"parameter-table table m-0\">\n<tbody>\n<tr>\n<td>&#8211; Anyaga<\/td>\n<td><strong>polietil\u00e9n<\/strong><\/td>\n<\/tr>\n<tr>\n<td>&#8211; UV stabiliz\u00e1lt<\/td>\n<td><strong>igen<\/strong><\/td>\n<\/tr>\n<tr>\n<td>&#8211; Teljes m\u00e9rete<\/td>\n<td><strong>1 x 1 m<\/strong><\/td>\n<\/tr>\n<\/tbody>\n<\/table>\n<\/div>\n<p>&nbsp;<\/p>\n<\/div>\n<\/div>\n<\/div>\n<p><a href=\"https:\/\/tajkertesz.com\/\">https:\/\/tajkertesz.com\/<\/a><\/p>\n<p><a href=\"https:\/\/www.facebook.com\/tajkertesz\">https:\/\/www.facebook.com\/tajkertesz<\/a><\/p>\n<p><b>K\u00e9szlet\u00fcnk napi szinten v\u00e1ltozik, ez\u00e9rt k\u00e9rj\u00fck, \u00e9rdekl\u0151dj\u00f6n szem\u00e9lyesen, telefonon vagy email-en.<br \/>\nA v\u00e1ltoztat\u00e1s jog\u00e1t fenntartjuk!\u00a0<\/b><\/p>\n<p><strong>Sz\u00e1ll\u00edt\u00e1s fut\u00e1rszolg\u00e1lattal 200 cm-is, \u00e9s 40 kg-ig lehets\u00e9ges. E felett szem\u00e9lyes \u00e1tv\u00e9tellel vagy egyeztetett sz\u00e1ll\u00edt\u00e1si felt\u00e9tellel lehet.<\/strong><\/p>\n<\/div>\n<p>&nbsp;<\/p>\n<p>Nortene Vertical Costa &#8211; M\u0171anyag f\u00fcgg\u0151leges kerti z\u00f6ldfal sz\u00ednes levelekkel \u00e9s cikk-cakk mint\u00e1val<br \/>\n<strong>\u00daj minta, exkluz\u00edv kivitel.<\/strong><\/p>\n<p>A Nortene \u00faj, exkluz\u00edv kollekci\u00f3ja seg\u00edts\u00e9g\u00e9vel egy term\u00e9szetes hat\u00e1s\u00fa, de szintetikus leveleket tartalmaz\u00f3 z\u00f6ldfal hozhat\u00f3 l\u00e9tre!<\/p>\n<p><strong>El\u0151ny\u00f6k<\/strong><\/p>\n<p>A lak\u00e1sban \u00e9s a szabadban is haszn\u00e1lhat\u00f3ak a h\u00e1l\u00f3s m\u0171anyag n\u00f6v\u00e9nyfalak, hiszen UV-\u00e1ll\u00f3 m\u0171n\u00f6v\u00e9nyekb\u0151l \u00e1ll. R\u00e1ad\u00e1sul nem ig\u00e9nyel locsol\u00e1st, \u00edgy sosem fog elhervadni! Seg\u00edts\u00e9g\u00e9vel \u00e9l\u00e9nkebb\u00e9 \u00e9s komfortosabb\u00e1 tehet\u0151ek a f\u00fcrd\u0151szob\u00e1k \u00e9s a teraszok is, de elhelyezhet\u0151 h\u00e1l\u00f3szob\u00e1ban, nappaliban, irod\u00e1ban, \u00fczletek \u00e9s sz\u00f3rakoz\u00f3helyek faldekor\u00e1ci\u00f3jak\u00e9nt is. Dekorat\u00edv, id\u0151t \u00e1ll\u00f3, k\u00f6nnyen telep\u00edthet\u0151, term\u00e9szetes hat\u00e1s\u00fa falburkolat a Nortene-t\u0151l k\u00fclt\u00e9rre \u00e9s belt\u00e9rbe egyar\u00e1nt.<\/p>\n<\/div>\n<\/div>\n<\/section>","protected":false},"excerpt":{"rendered":"<section class=\"product-page-top\">\n<div class=\"row\">\n<div class=\"col-sm-5 col-md-6 product-page-right\">\n<form id=\"product\" action=\"https:\/\/www.norteneshop.hu\/index.php?route=checkout\/cart\" enctype=\"multipart\/form-data\" method=\"post\">\n<div class=\"position-1-wrapper\">\n<h1>Nortene Vertical Costa m\u0171anyag z\u00f6ldfal sz\u00ednes levelekkel \u00e9s cikk-cakk mint\u00e1val (100x100cm)<\/h1>\n<p>Nortene Vertical Costa m\u0171anyag z\u00f6ldfal sz\u00ednes levelekkel \u00e9s cikk-cakk mint\u00e1val (100x100cm)<\/p>\n<table class=\"product-parameters table\">\n<tbody>\n<tr class=\"product-parameter-row product-short-description-row\">\n<td class=\"param-value product-short-description\" colspan=\"2\">Z\u00f6ldfal vegyes levelekkel. Term\u00e9szetes hat\u00e1s\u00fa z\u00f6ldfal vegyes levelekkel \u00e9s cikk-cakk mint\u00e1val. H\u00e1l\u00f3s r\u00e1cshoz r\u00f6gz\u00edtett szintetikus levelek. Az egys\u00e9gek egym\u00e1shoz illesztve \u00f6sszef\u00fcgg\u0151 fel\u00fcletet alkotnak. A m\u0171anyag alap oll\u00f3val v\u00e1ghat\u00f3. Alkalmas belt\u00e9ri \u00e9s k\u00fclt\u00e9ri haszn\u00e1latra egyar\u00e1nt.<\/td>\n<\/tr>\n<\/tbody>\n<\/table>\n<\/div>\n<\/form>\n<\/div>\n<\/div>\n<\/section>\n<section class=\"product-page-middle-1\">\n<div class=\"row\">\n<div class=\"col-12 column-content one-column-content product-one-column-content\">\n<div class=\"position-2-wrapper\">\n<div class=\"position-2-container\">\n<div id=\"productdescription-wrapper\" class=\"module-productdescription-wrapper\">\n<div id=\"productdescription\" class=\"module home-position product-position productdescription\">\n<div class=\"module-head\">\n<h3 class=\"module-head-title\">Le\u00edr\u00e1s \u00e9s Param\u00e9terek<\/h3>\n<\/div>\n<div class=\"module-body\">\n<p>&nbsp;<\/p>\n<p>Nortene Vertical Costa &#8211; M\u0171anyag f\u00fcgg\u0151leges kerti z\u00f6ldfal sz\u00ednes levelekkel \u00e9s cikk-cakk mint\u00e1val<br \/>\n<strong>\u00daj minta, exkluz\u00edv kivitel.<\/strong><\/p>\n<p>A Nortene \u00faj, exkluz\u00edv kollekci\u00f3ja seg\u00edts\u00e9g\u00e9vel egy term\u00e9szetes hat\u00e1s\u00fa, de szintetikus leveleket tartalmaz\u00f3 z\u00f6ldfal hozhat\u00f3 l\u00e9tre!<\/p>\n<p><strong>El\u0151ny\u00f6k<\/strong><\/p>\n<p>A lak\u00e1sban \u00e9s a szabadban is haszn\u00e1lhat\u00f3ak a h\u00e1l\u00f3s m\u0171anyag n\u00f6v\u00e9nyfalak, hiszen UV-\u00e1ll\u00f3 m\u0171n\u00f6v\u00e9nyekb\u0151l \u00e1ll. R\u00e1ad\u00e1sul nem ig\u00e9nyel locsol\u00e1st, \u00edgy sosem fog elhervadni! Seg\u00edts\u00e9g\u00e9vel \u00e9l\u00e9nkebb\u00e9 \u00e9s komfortosabb\u00e1 tehet\u0151ek a f\u00fcrd\u0151szob\u00e1k \u00e9s a teraszok is, de elhelyezhet\u0151 h\u00e1l\u00f3szob\u00e1ban, nappaliban, irod\u00e1ban, \u00fczletek \u00e9s sz\u00f3rakoz\u00f3helyek faldekor\u00e1ci\u00f3jak\u00e9nt is. Dekorat\u00edv, id\u0151t \u00e1ll\u00f3, k\u00f6nnyen telep\u00edthet\u0151, term\u00e9szetes hat\u00e1s\u00fa falburkolat a Nortene-t\u0151l k\u00fclt\u00e9rre \u00e9s belt\u00e9rbe egyar\u00e1nt.<\/p>\n<\/div>\n<\/div>\n<\/div>\n<\/div>\n<\/div>\n<\/div>\n<\/div>\n<\/section>","protected":false},"featured_media":20087,"template":"","meta":{"_et_pb_use_builder":"","_et_pb_old_content":"","_et_gb_content_width":""},"product_brand":[],"product_cat":[4407],"product_tag":[],"class_list":{"0":"post-20086","1":"product","2":"type-product","3":"status-publish","4":"has-post-thumbnail","6":"product_cat-mesterseges-sovenyek","8":"first","9":"onbackorder","10":"shipping-taxable","11":"purchasable","12":"product-type-simple"},"yoast_head":"<!-- This site is optimized with the Yoast SEO plugin v27.3 - https:\/\/yoast.com\/product\/yoast-seo-wordpress\/ -->\n<title>Nortene Vertical Costa m\u0171anyag z\u00f6ldfal sz\u00ednes levelekkel \u00e9s cikk-cakk mint\u00e1val (100x100cm) - T\u00e1jkert\u00e9sz<\/title>\n<meta name=\"description\" content=\"Nortene Vertical Costa m\u0171anyag z\u00f6ldfal sz\u00ednes levelekkel \u00e9s cikk-cakk mint\u00e1val (100x100cm)Z\u00f6ldfal vegyes levelekkel.\" \/>\n<meta name=\"robots\" content=\"index, follow, max-snippet:-1, max-image-preview:large, max-video-preview:-1\" \/>\n<link rel=\"canonical\" href=\"https:\/\/tajkertesz.com\/en_US\/product\/nortene-vertical-costa\/\" \/>\n<meta property=\"og:locale\" content=\"en_US\" \/>\n<meta property=\"og:type\" content=\"article\" \/>\n<meta property=\"og:title\" content=\"Nortene Vertical Costa m\u0171anyag z\u00f6ldfal sz\u00ednes levelekkel \u00e9s cikk-cakk mint\u00e1val (100x100cm) - T\u00e1jkert\u00e9sz\" \/>\n<meta property=\"og:description\" content=\"Nortene Vertical Costa m\u0171anyag z\u00f6ldfal sz\u00ednes levelekkel \u00e9s cikk-cakk mint\u00e1val (100x100cm)Z\u00f6ldfal vegyes levelekkel.\" \/>\n<meta property=\"og:url\" content=\"https:\/\/tajkertesz.com\/en_US\/product\/nortene-vertical-costa\/\" \/>\n<meta property=\"og:site_name\" content=\"T\u00e1jkert\u00e9sz\" \/>\n<meta property=\"article:publisher\" content=\"https:\/\/www.facebook.com\/Tajkertesz\/\" \/>\n<meta property=\"article:modified_time\" content=\"2024-07-17T13:38:09+00:00\" \/>\n<meta property=\"og:image\" content=\"https:\/\/tajkertesz.com\/wp-content\/uploads\/2024\/04\/nortene_vertical_costa_zoldfal_vegyes_levelekkel_zold_1x1m_01.jpg.webp\" \/>\n\t<meta property=\"og:image:width\" content=\"600\" \/>\n\t<meta property=\"og:image:height\" content=\"600\" \/>\n\t<meta property=\"og:image:type\" content=\"image\/webp\" \/>\n<meta name=\"twitter:card\" content=\"summary_large_image\" \/>\n<meta name=\"twitter:label1\" content=\"Est. reading time\" \/>\n\t<meta name=\"twitter:data1\" content=\"2 minutes\" \/>\n<script type=\"application\/ld+json\" class=\"yoast-schema-graph\">{\"@context\":\"https:\\\/\\\/schema.org\",\"@graph\":[{\"@type\":\"WebPage\",\"@id\":\"https:\\\/\\\/tajkertesz.com\\\/termek\\\/nortene-vertical-costa\\\/\",\"url\":\"https:\\\/\\\/tajkertesz.com\\\/termek\\\/nortene-vertical-costa\\\/\",\"name\":\"Nortene Vertical Costa m\u0171anyag z\u00f6ldfal sz\u00ednes levelekkel \u00e9s cikk-cakk mint\u00e1val (100x100cm) - T\u00e1jkert\u00e9sz\",\"isPartOf\":{\"@id\":\"https:\\\/\\\/tajkertesz.com\\\/#website\"},\"primaryImageOfPage\":{\"@id\":\"https:\\\/\\\/tajkertesz.com\\\/termek\\\/nortene-vertical-costa\\\/#primaryimage\"},\"image\":{\"@id\":\"https:\\\/\\\/tajkertesz.com\\\/termek\\\/nortene-vertical-costa\\\/#primaryimage\"},\"thumbnailUrl\":\"https:\\\/\\\/tajkertesz.com\\\/wp-content\\\/uploads\\\/2024\\\/04\\\/nortene_vertical_costa_zoldfal_vegyes_levelekkel_zold_1x1m_01.jpg.webp\",\"datePublished\":\"2024-04-16T10:02:01+00:00\",\"dateModified\":\"2024-07-17T13:38:09+00:00\",\"description\":\"Nortene Vertical Costa m\u0171anyag z\u00f6ldfal sz\u00ednes levelekkel \u00e9s cikk-cakk mint\u00e1val (100x100cm)Z\u00f6ldfal vegyes levelekkel.\",\"breadcrumb\":{\"@id\":\"https:\\\/\\\/tajkertesz.com\\\/termek\\\/nortene-vertical-costa\\\/#breadcrumb\"},\"inLanguage\":\"en-US\",\"potentialAction\":[{\"@type\":\"ReadAction\",\"target\":[\"https:\\\/\\\/tajkertesz.com\\\/termek\\\/nortene-vertical-costa\\\/\"]}]},{\"@type\":\"ImageObject\",\"inLanguage\":\"en-US\",\"@id\":\"https:\\\/\\\/tajkertesz.com\\\/termek\\\/nortene-vertical-costa\\\/#primaryimage\",\"url\":\"https:\\\/\\\/tajkertesz.com\\\/wp-content\\\/uploads\\\/2024\\\/04\\\/nortene_vertical_costa_zoldfal_vegyes_levelekkel_zold_1x1m_01.jpg.webp\",\"contentUrl\":\"https:\\\/\\\/tajkertesz.com\\\/wp-content\\\/uploads\\\/2024\\\/04\\\/nortene_vertical_costa_zoldfal_vegyes_levelekkel_zold_1x1m_01.jpg.webp\",\"width\":600,\"height\":600},{\"@type\":\"BreadcrumbList\",\"@id\":\"https:\\\/\\\/tajkertesz.com\\\/termek\\\/nortene-vertical-costa\\\/#breadcrumb\",\"itemListElement\":[{\"@type\":\"ListItem\",\"position\":1,\"name\":\"Home\",\"item\":\"https:\\\/\\\/tajkertesz.com\\\/\"},{\"@type\":\"ListItem\",\"position\":2,\"name\":\"Kezd\u0151lap\",\"item\":\"https:\\\/\\\/tajkertesz.com\\\/\"},{\"@type\":\"ListItem\",\"position\":3,\"name\":\"Nortene Vertical Costa m\u0171anyag z\u00f6ldfal sz\u00ednes levelekkel \u00e9s cikk-cakk mint\u00e1val (100x100cm)\"}]},{\"@type\":\"WebSite\",\"@id\":\"https:\\\/\\\/tajkertesz.com\\\/#website\",\"url\":\"https:\\\/\\\/tajkertesz.com\\\/\",\"name\":\"T\u00e1j-Kert\u00e9sz 84 Kft.\",\"description\":\"Kert\u00e9szeti kis- \u00e9s nagykeresked\u00e9s, D\u00edszn\u00f6v\u00e9ny web\u00e1ruh\u00e1z orsz\u00e1gos h\u00e1zhozsz\u00e1ll\u00edt\u00e1ssal!\",\"publisher\":{\"@id\":\"https:\\\/\\\/tajkertesz.com\\\/#organization\"},\"potentialAction\":[{\"@type\":\"SearchAction\",\"target\":{\"@type\":\"EntryPoint\",\"urlTemplate\":\"https:\\\/\\\/tajkertesz.com\\\/?s={search_term_string}\"},\"query-input\":{\"@type\":\"PropertyValueSpecification\",\"valueRequired\":true,\"valueName\":\"search_term_string\"}}],\"inLanguage\":\"en-US\"},{\"@type\":\"Organization\",\"@id\":\"https:\\\/\\\/tajkertesz.com\\\/#organization\",\"name\":\"T\u00e1j-Kert\u00e9sz 84 Kft.\",\"url\":\"https:\\\/\\\/tajkertesz.com\\\/\",\"logo\":{\"@type\":\"ImageObject\",\"inLanguage\":\"en-US\",\"@id\":\"https:\\\/\\\/tajkertesz.com\\\/#\\\/schema\\\/logo\\\/image\\\/\",\"url\":\"https:\\\/\\\/tajkertesz.com\\\/wp-content\\\/uploads\\\/2018\\\/02\\\/logo-2-e1518678052539.png\",\"contentUrl\":\"https:\\\/\\\/tajkertesz.com\\\/wp-content\\\/uploads\\\/2018\\\/02\\\/logo-2-e1518678052539.png\",\"width\":81,\"height\":140,\"caption\":\"T\u00e1j-Kert\u00e9sz 84 Kft.\"},\"image\":{\"@id\":\"https:\\\/\\\/tajkertesz.com\\\/#\\\/schema\\\/logo\\\/image\\\/\"},\"sameAs\":[\"https:\\\/\\\/www.facebook.com\\\/Tajkertesz\\\/\"]}]}<\/script>\n<!-- \/ Yoast SEO plugin. -->","yoast_head_json":{"title":"Nortene Vertical Costa m\u0171anyag z\u00f6ldfal sz\u00ednes levelekkel \u00e9s cikk-cakk mint\u00e1val (100x100cm) - T\u00e1jkert\u00e9sz","description":"Nortene Vertical Costa m\u0171anyag z\u00f6ldfal sz\u00ednes levelekkel \u00e9s cikk-cakk mint\u00e1val (100x100cm)Z\u00f6ldfal vegyes levelekkel.","robots":{"index":"index","follow":"follow","max-snippet":"max-snippet:-1","max-image-preview":"max-image-preview:large","max-video-preview":"max-video-preview:-1"},"canonical":"https:\/\/tajkertesz.com\/en_US\/product\/nortene-vertical-costa\/","og_locale":"en_US","og_type":"article","og_title":"Nortene Vertical Costa m\u0171anyag z\u00f6ldfal sz\u00ednes levelekkel \u00e9s cikk-cakk mint\u00e1val (100x100cm) - T\u00e1jkert\u00e9sz","og_description":"Nortene Vertical Costa m\u0171anyag z\u00f6ldfal sz\u00ednes levelekkel \u00e9s cikk-cakk mint\u00e1val (100x100cm)Z\u00f6ldfal vegyes levelekkel.","og_url":"https:\/\/tajkertesz.com\/en_US\/product\/nortene-vertical-costa\/","og_site_name":"T\u00e1jkert\u00e9sz","article_publisher":"https:\/\/www.facebook.com\/Tajkertesz\/","article_modified_time":"2024-07-17T13:38:09+00:00","og_image":[{"width":600,"height":600,"url":"https:\/\/tajkertesz.com\/wp-content\/uploads\/2024\/04\/nortene_vertical_costa_zoldfal_vegyes_levelekkel_zold_1x1m_01.jpg.webp","type":"image\/webp"}],"twitter_card":"summary_large_image","twitter_misc":{"Est. reading time":"2 minutes"},"schema":{"@context":"https:\/\/schema.org","@graph":[{"@type":"WebPage","@id":"https:\/\/tajkertesz.com\/termek\/nortene-vertical-costa\/","url":"https:\/\/tajkertesz.com\/termek\/nortene-vertical-costa\/","name":"Nortene Vertical Costa m\u0171anyag z\u00f6ldfal sz\u00ednes levelekkel \u00e9s cikk-cakk mint\u00e1val (100x100cm) - T\u00e1jkert\u00e9sz","isPartOf":{"@id":"https:\/\/tajkertesz.com\/#website"},"primaryImageOfPage":{"@id":"https:\/\/tajkertesz.com\/termek\/nortene-vertical-costa\/#primaryimage"},"image":{"@id":"https:\/\/tajkertesz.com\/termek\/nortene-vertical-costa\/#primaryimage"},"thumbnailUrl":"https:\/\/tajkertesz.com\/wp-content\/uploads\/2024\/04\/nortene_vertical_costa_zoldfal_vegyes_levelekkel_zold_1x1m_01.jpg.webp","datePublished":"2024-04-16T10:02:01+00:00","dateModified":"2024-07-17T13:38:09+00:00","description":"Nortene Vertical Costa m\u0171anyag z\u00f6ldfal sz\u00ednes levelekkel \u00e9s cikk-cakk mint\u00e1val (100x100cm)Z\u00f6ldfal vegyes levelekkel.","breadcrumb":{"@id":"https:\/\/tajkertesz.com\/termek\/nortene-vertical-costa\/#breadcrumb"},"inLanguage":"en-US","potentialAction":[{"@type":"ReadAction","target":["https:\/\/tajkertesz.com\/termek\/nortene-vertical-costa\/"]}]},{"@type":"ImageObject","inLanguage":"en-US","@id":"https:\/\/tajkertesz.com\/termek\/nortene-vertical-costa\/#primaryimage","url":"https:\/\/tajkertesz.com\/wp-content\/uploads\/2024\/04\/nortene_vertical_costa_zoldfal_vegyes_levelekkel_zold_1x1m_01.jpg.webp","contentUrl":"https:\/\/tajkertesz.com\/wp-content\/uploads\/2024\/04\/nortene_vertical_costa_zoldfal_vegyes_levelekkel_zold_1x1m_01.jpg.webp","width":600,"height":600},{"@type":"BreadcrumbList","@id":"https:\/\/tajkertesz.com\/termek\/nortene-vertical-costa\/#breadcrumb","itemListElement":[{"@type":"ListItem","position":1,"name":"Home","item":"https:\/\/tajkertesz.com\/"},{"@type":"ListItem","position":2,"name":"Kezd\u0151lap","item":"https:\/\/tajkertesz.com\/"},{"@type":"ListItem","position":3,"name":"Nortene Vertical Costa m\u0171anyag z\u00f6ldfal sz\u00ednes levelekkel \u00e9s cikk-cakk mint\u00e1val (100x100cm)"}]},{"@type":"WebSite","@id":"https:\/\/tajkertesz.com\/#website","url":"https:\/\/tajkertesz.com\/","name":"T\u00e1j-Kert\u00e9sz 84 Kft.","description":"Kert\u00e9szeti kis- \u00e9s nagykeresked\u00e9s, D\u00edszn\u00f6v\u00e9ny web\u00e1ruh\u00e1z orsz\u00e1gos h\u00e1zhozsz\u00e1ll\u00edt\u00e1ssal!","publisher":{"@id":"https:\/\/tajkertesz.com\/#organization"},"potentialAction":[{"@type":"SearchAction","target":{"@type":"EntryPoint","urlTemplate":"https:\/\/tajkertesz.com\/?s={search_term_string}"},"query-input":{"@type":"PropertyValueSpecification","valueRequired":true,"valueName":"search_term_string"}}],"inLanguage":"en-US"},{"@type":"Organization","@id":"https:\/\/tajkertesz.com\/#organization","name":"T\u00e1j-Kert\u00e9sz 84 Kft.","url":"https:\/\/tajkertesz.com\/","logo":{"@type":"ImageObject","inLanguage":"en-US","@id":"https:\/\/tajkertesz.com\/#\/schema\/logo\/image\/","url":"https:\/\/tajkertesz.com\/wp-content\/uploads\/2018\/02\/logo-2-e1518678052539.png","contentUrl":"https:\/\/tajkertesz.com\/wp-content\/uploads\/2018\/02\/logo-2-e1518678052539.png","width":81,"height":140,"caption":"T\u00e1j-Kert\u00e9sz 84 Kft."},"image":{"@id":"https:\/\/tajkertesz.com\/#\/schema\/logo\/image\/"},"sameAs":["https:\/\/www.facebook.com\/Tajkertesz\/"]}]}},"_links":{"self":[{"href":"https:\/\/tajkertesz.com\/en_US\/wp-json\/wp\/v2\/product\/20086","targetHints":{"allow":["GET"]}}],"collection":[{"href":"https:\/\/tajkertesz.com\/en_US\/wp-json\/wp\/v2\/product"}],"about":[{"href":"https:\/\/tajkertesz.com\/en_US\/wp-json\/wp\/v2\/types\/product"}],"wp:featuredmedia":[{"embeddable":true,"href":"https:\/\/tajkertesz.com\/en_US\/wp-json\/wp\/v2\/media\/20087"}],"wp:attachment":[{"href":"https:\/\/tajkertesz.com\/en_US\/wp-json\/wp\/v2\/media?parent=20086"}],"wp:term":[{"taxonomy":"product_brand","embeddable":true,"href":"https:\/\/tajkertesz.com\/en_US\/wp-json\/wp\/v2\/product_brand?post=20086"},{"taxonomy":"product_cat","embeddable":true,"href":"https:\/\/tajkertesz.com\/en_US\/wp-json\/wp\/v2\/product_cat?post=20086"},{"taxonomy":"product_tag","embeddable":true,"href":"https:\/\/tajkertesz.com\/en_US\/wp-json\/wp\/v2\/product_tag?post=20086"}],"curies":[{"name":"wp","href":"https:\/\/api.w.org\/{rel}","templated":true}]}}