{"id":20098,"date":"2024-04-16T12:29:55","date_gmt":"2024-04-16T12:29:55","guid":{"rendered":"https:\/\/tajkertesz.com\/?post_type=product&#038;p=20098"},"modified":"2024-07-17T13:38:04","modified_gmt":"2024-07-17T13:38:04","slug":"nortene-vertical-buxus-zoldfal-buxus-levelekkel","status":"publish","type":"product","link":"https:\/\/tajkertesz.com\/en_US\/product\/nortene-vertical-buxus-zoldfal-buxus-levelekkel\/","title":{"rendered":"Nortene Vertical buxus z\u00f6ldfal buxus levelekkel"},"content":{"rendered":"<h1>Nortene Vertical buxus z\u00f6ldfal buxus levelekkel<\/h1>\n<p>Nortene Vertical buxus z\u00f6ldfal buxus levelekkel, term\u00e9szetes hat\u00e1s\u00fa z\u00f6ldfal, amelyet a buxus ihletett. H\u00e1l\u00f3s r\u00e1cshoz r\u00f6gz\u00edtett szintetikus levelek. Az egys\u00e9gek egym\u00e1shoz illesztve \u00f6sszef\u00fcgg\u0151 fel\u00fcletet alkotnak. A m\u0171anyag alap oll\u00f3val v\u00e1ghat\u00f3. Alkalmas belt\u00e9ri \u00e9s k\u00fclt\u00e9ri haszn\u00e1latra egyar\u00e1nt.<\/p>\n<p><span class=\"product_desc\">Term\u00e9szetes hat\u00e1s\u00fa, k\u00f6nnyen felhelyezhet\u0151, h\u00e1l\u00f3s r\u00e1cshoz r\u00f6gz\u00edtett szintetikus levelek. Nem ig\u00e9nyel \u00e1pol\u00e1st, \u00edgy gondmentesen \u00e9lvezheti a dekorfal\u00a0 \u00e1ltal ny\u00fajtott kellemes hangulatot. Oll\u00f3val v\u00e1ghat\u00f3, belt\u00e9ri \u00e9s k\u00fclt\u00e9ri haszn\u00e1latra egyar\u00e1nt alkalmas.<\/span><\/p>\n<p><span class=\"product_desc\">UV \u00e1ll\u00f3 polietil\u00e9n, mely a napsug\u00e1rz\u00e1snak \u00e9s az id\u0151j\u00e1r\u00e1s viszontags\u00e1gainak is ellen\u00e1ll. V\u00e1ghat\u00f3, belt\u00e9ri \u00e9s k\u00fclt\u00e9ri haszn\u00e1latra egyar\u00e1nt alkalmas.<\/span><\/p>\n<ul>\n<li>Term\u00e9szetes hat\u00e1s\u00fa z\u00f6ldfal \u00a0buxusra eml\u00e9keztet\u0151 megjelen\u00e9ssel.<\/li>\n<li>H\u00e1l\u00f3s r\u00e1cshoz r\u00f6gz\u00edtett szintetikus levelek.<\/li>\n<li>Az egys\u00e9gek egym\u00e1shoz illesztve \u00f6sszef\u00fcgg\u0151 fel\u00fcletet alkotnak, de a\u00a025&#215;25 cm-es darabok egyszer\u0171en sz\u00e9t is szedhet\u0151k.<\/li>\n<li>A r\u00e9szek k\u00fcl\u00f6n-k\u00fcl\u00f6n, kisebb darabokban is a dekor\u00e1ci\u00f3 r\u00e9sz\u00e9v\u00e9 v\u00e1lhatnak.<\/li>\n<li>Az egys\u00e9gek speci\u00e1lis r\u00f6gz\u00edt\u0151kkel kapcsol\u00f3dnak egym\u00e1sba.<\/li>\n<li>Sz\u00fcks\u00e9g eset\u00e9n a m\u0171anyag alap oll\u00f3val is k\u00f6nnyen v\u00e1ghat\u00f3.<\/li>\n<li>Alkalmas belt\u00e9ri \u00e9s k\u00fclt\u00e9ri haszn\u00e1latra egyar\u00e1nt.<\/li>\n<li>UV \u00e1ll\u00f3 polietil\u00e9n, mely a napsug\u00e1rz\u00e1snak \u00e9s az id\u0151j\u00e1r\u00e1s viszontags\u00e1gainak is ellen\u00e1ll.<\/li>\n<li>\u00c9lettartama v\u00e9g\u00e9n a term\u00e9k 100%-ban \u00fajrahasznos\u00edthat\u00f3.<\/li>\n<\/ul>\n<table class=\"parameter-table table m-0\">\n<tbody>\n<tr>\n<td>&#8211; Anyaga<\/td>\n<td><strong>PE<\/strong><\/td>\n<\/tr>\n<tr>\n<td>&#8211; Teljes m\u00e9rete<\/td>\n<td><strong>1 x 1 m<\/strong><\/td>\n<\/tr>\n<\/tbody>\n<\/table>\n<p>&nbsp;<\/p>\n<p><a href=\"https:\/\/tajkertesz.com\/\">https:\/\/tajkertesz.com\/<\/a><\/p>\n<p><a href=\"https:\/\/www.facebook.com\/tajkertesz\">https:\/\/www.facebook.com\/tajkertesz<\/a><\/p>\n<p><b>K\u00e9szlet\u00fcnk napi szinten v\u00e1ltozik, ez\u00e9rt k\u00e9rj\u00fck, \u00e9rdekl\u0151dj\u00f6n szem\u00e9lyesen, telefonon vagy email-en.<br \/>\nA v\u00e1ltoztat\u00e1s jog\u00e1t fenntartjuk!\u00a0<\/b><\/p>\n<p><strong>Sz\u00e1ll\u00edt\u00e1s fut\u00e1rszolg\u00e1lattal 200 cm-is, \u00e9s 40 kg-ig lehets\u00e9ges. E felett szem\u00e9lyes \u00e1tv\u00e9tellel vagy egyeztetett sz\u00e1ll\u00edt\u00e1si felt\u00e9tellel lehet.<\/strong><\/p>\n<p>Nortene Vertical buxus z\u00f6ldfal buxus levelekkel, term\u00e9szetes hat\u00e1s\u00fa z\u00f6ldfal, amelyet a buxus ihletett. H\u00e1l\u00f3s r\u00e1cshoz r\u00f6gz\u00edtett szintetikus levelek. Az egys\u00e9gek egym\u00e1shoz illesztve \u00f6sszef\u00fcgg\u0151 fel\u00fcletet alkotnak. A m\u0171anyag alap oll\u00f3val v\u00e1ghat\u00f3. Alkalmas belt\u00e9ri \u00e9s k\u00fclt\u00e9ri haszn\u00e1latra egyar\u00e1nt.<\/p>\n<p><span class=\"product_desc\">Term\u00e9szetes hat\u00e1s\u00fa, k\u00f6nnyen felhelyezhet\u0151, h\u00e1l\u00f3s r\u00e1cshoz r\u00f6gz\u00edtett szintetikus levelek. Nem ig\u00e9nyel \u00e1pol\u00e1st, \u00edgy gondmentesen \u00e9lvezheti a dekorfal\u00a0 \u00e1ltal ny\u00fajtott kellemes hangulatot. Oll\u00f3val v\u00e1ghat\u00f3, belt\u00e9ri \u00e9s k\u00fclt\u00e9ri haszn\u00e1latra egyar\u00e1nt alkalmas.<\/span><\/p>\n<p><span class=\"product_desc\">UV \u00e1ll\u00f3 polietil\u00e9n, mely a napsug\u00e1rz\u00e1snak \u00e9s az id\u0151j\u00e1r\u00e1s viszontags\u00e1gainak is ellen\u00e1ll. V\u00e1ghat\u00f3, belt\u00e9ri \u00e9s k\u00fclt\u00e9ri haszn\u00e1latra egyar\u00e1nt alkalmas.<\/span><\/p>\n<p>&nbsp;<\/p>\n<table class=\"parameter-table table m-0\">\n<tbody>\n<tr>\n<td>&#8211; Anyaga<\/td>\n<td><strong>PE<\/strong><\/td>\n<\/tr>\n<tr>\n<td>&#8211; Teljes m\u00e9rete<\/td>\n<td><strong>1 x 1 m<\/strong><\/td>\n<\/tr>\n<\/tbody>\n<\/table>\n<p>&nbsp;<\/p>\n<p><a href=\"https:\/\/tajkertesz.com\/\">https:\/\/tajkertesz.com\/<\/a><\/p>\n<p><a href=\"https:\/\/www.facebook.com\/tajkertesz\">https:\/\/www.facebook.com\/tajkertesz<\/a><\/p>\n<p><b>K\u00e9szlet\u00fcnk napi szinten v\u00e1ltozik, ez\u00e9rt k\u00e9rj\u00fck, \u00e9rdekl\u0151dj\u00f6n szem\u00e9lyesen, telefonon vagy email-en.<br \/>\nA v\u00e1ltoztat\u00e1s jog\u00e1t fenntartjuk!\u00a0<\/b><\/p>\n<p><strong>Sz\u00e1ll\u00edt\u00e1s fut\u00e1rszolg\u00e1lattal 200 cm-is, \u00e9s 40 kg-ig lehets\u00e9ges. E felett szem\u00e9lyes \u00e1tv\u00e9tellel vagy egyeztetett sz\u00e1ll\u00edt\u00e1si felt\u00e9tellel lehet.<\/strong><\/p>","protected":false},"excerpt":{"rendered":"<p>Nortene Vertical buxus z\u00f6ldfal buxus levelekkel, term\u00e9szetes hat\u00e1s\u00fa z\u00f6ldfal, amelyet a buxus ihletett. H\u00e1l\u00f3s r\u00e1cshoz r\u00f6gz\u00edtett szintetikus levelek. Az egys\u00e9gek egym\u00e1shoz illesztve \u00f6sszef\u00fcgg\u0151 fel\u00fcletet alkotnak. A m\u0171anyag alap oll\u00f3val v\u00e1ghat\u00f3. Alkalmas belt\u00e9ri \u00e9s k\u00fclt\u00e9ri haszn\u00e1latra egyar\u00e1nt.<\/p>\n<p><span class=\"product_desc\">Term\u00e9szetes hat\u00e1s\u00fa, k\u00f6nnyen felhelyezhet\u0151, h\u00e1l\u00f3s r\u00e1cshoz r\u00f6gz\u00edtett szintetikus levelek. Nem ig\u00e9nyel \u00e1pol\u00e1st, \u00edgy gondmentesen \u00e9lvezheti a dekorfal\u00a0 \u00e1ltal ny\u00fajtott kellemes hangulatot. Oll\u00f3val v\u00e1ghat\u00f3, belt\u00e9ri \u00e9s k\u00fclt\u00e9ri haszn\u00e1latra egyar\u00e1nt alkalmas.<\/span><\/p>\n<p><span class=\"product_desc\">UV \u00e1ll\u00f3 polietil\u00e9n, mely a napsug\u00e1rz\u00e1snak \u00e9s az id\u0151j\u00e1r\u00e1s viszontags\u00e1gainak is ellen\u00e1ll. V\u00e1ghat\u00f3, belt\u00e9ri \u00e9s k\u00fclt\u00e9ri haszn\u00e1latra egyar\u00e1nt alkalmas.<\/span><\/p>","protected":false},"featured_media":20102,"template":"","meta":{"_et_pb_use_builder":"","_et_pb_old_content":"","_et_gb_content_width":""},"product_brand":[],"product_cat":[4407],"product_tag":[],"class_list":{"0":"post-20098","1":"product","2":"type-product","3":"status-publish","4":"has-post-thumbnail","6":"product_cat-mesterseges-sovenyek","8":"first","9":"onbackorder","10":"shipping-taxable","11":"purchasable","12":"product-type-simple"},"yoast_head":"<!-- This site is optimized with the Yoast SEO plugin v27.3 - https:\/\/yoast.com\/product\/yoast-seo-wordpress\/ -->\n<title>Nortene Vertical buxus z\u00f6ldfal buxus levelekkel - T\u00e1jkert\u00e9sz<\/title>\n<meta name=\"description\" content=\"Vertical buxus z\u00f6ldfal term\u00e9szetes hat\u00e1s\u00fa z\u00f6ldfal, amelyet a buxus ihletett. H\u00e1l\u00f3s r\u00e1cshoz r\u00f6gz\u00edtett szintetikus levelek.\" \/>\n<meta name=\"robots\" content=\"index, follow, max-snippet:-1, max-image-preview:large, max-video-preview:-1\" \/>\n<link rel=\"canonical\" href=\"https:\/\/tajkertesz.com\/en_US\/product\/nortene-vertical-buxus-zoldfal-buxus-levelekkel\/\" \/>\n<meta property=\"og:locale\" content=\"en_US\" \/>\n<meta property=\"og:type\" content=\"article\" \/>\n<meta property=\"og:title\" content=\"Nortene Vertical buxus z\u00f6ldfal buxus levelekkel - T\u00e1jkert\u00e9sz\" \/>\n<meta property=\"og:description\" content=\"Vertical buxus z\u00f6ldfal term\u00e9szetes hat\u00e1s\u00fa z\u00f6ldfal, amelyet a buxus ihletett. H\u00e1l\u00f3s r\u00e1cshoz r\u00f6gz\u00edtett szintetikus levelek.\" \/>\n<meta property=\"og:url\" content=\"https:\/\/tajkertesz.com\/en_US\/product\/nortene-vertical-buxus-zoldfal-buxus-levelekkel\/\" \/>\n<meta property=\"og:site_name\" content=\"T\u00e1jkert\u00e9sz\" \/>\n<meta property=\"article:publisher\" content=\"https:\/\/www.facebook.com\/Tajkertesz\/\" \/>\n<meta property=\"article:modified_time\" content=\"2024-07-17T13:38:04+00:00\" \/>\n<meta property=\"og:image\" content=\"https:\/\/tajkertesz.com\/wp-content\/uploads\/2024\/04\/nortene-buxus-zoldfal-03.jpg.webp\" \/>\n\t<meta property=\"og:image:width\" content=\"600\" \/>\n\t<meta property=\"og:image:height\" content=\"600\" \/>\n\t<meta property=\"og:image:type\" content=\"image\/webp\" \/>\n<meta name=\"twitter:card\" content=\"summary_large_image\" \/>\n<meta name=\"twitter:label1\" content=\"Est. reading time\" \/>\n\t<meta name=\"twitter:data1\" content=\"3 minutes\" \/>\n<script type=\"application\/ld+json\" class=\"yoast-schema-graph\">{\"@context\":\"https:\\\/\\\/schema.org\",\"@graph\":[{\"@type\":\"WebPage\",\"@id\":\"https:\\\/\\\/tajkertesz.com\\\/termek\\\/nortene-vertical-buxus-zoldfal-buxus-levelekkel\\\/\",\"url\":\"https:\\\/\\\/tajkertesz.com\\\/termek\\\/nortene-vertical-buxus-zoldfal-buxus-levelekkel\\\/\",\"name\":\"Nortene Vertical buxus z\u00f6ldfal buxus levelekkel - T\u00e1jkert\u00e9sz\",\"isPartOf\":{\"@id\":\"https:\\\/\\\/tajkertesz.com\\\/#website\"},\"primaryImageOfPage\":{\"@id\":\"https:\\\/\\\/tajkertesz.com\\\/termek\\\/nortene-vertical-buxus-zoldfal-buxus-levelekkel\\\/#primaryimage\"},\"image\":{\"@id\":\"https:\\\/\\\/tajkertesz.com\\\/termek\\\/nortene-vertical-buxus-zoldfal-buxus-levelekkel\\\/#primaryimage\"},\"thumbnailUrl\":\"https:\\\/\\\/tajkertesz.com\\\/wp-content\\\/uploads\\\/2024\\\/04\\\/nortene-buxus-zoldfal-03.jpg.webp\",\"datePublished\":\"2024-04-16T12:29:55+00:00\",\"dateModified\":\"2024-07-17T13:38:04+00:00\",\"description\":\"Vertical buxus z\u00f6ldfal term\u00e9szetes hat\u00e1s\u00fa z\u00f6ldfal, amelyet a buxus ihletett. H\u00e1l\u00f3s r\u00e1cshoz r\u00f6gz\u00edtett szintetikus levelek.\",\"breadcrumb\":{\"@id\":\"https:\\\/\\\/tajkertesz.com\\\/termek\\\/nortene-vertical-buxus-zoldfal-buxus-levelekkel\\\/#breadcrumb\"},\"inLanguage\":\"en-US\",\"potentialAction\":[{\"@type\":\"ReadAction\",\"target\":[\"https:\\\/\\\/tajkertesz.com\\\/termek\\\/nortene-vertical-buxus-zoldfal-buxus-levelekkel\\\/\"]}]},{\"@type\":\"ImageObject\",\"inLanguage\":\"en-US\",\"@id\":\"https:\\\/\\\/tajkertesz.com\\\/termek\\\/nortene-vertical-buxus-zoldfal-buxus-levelekkel\\\/#primaryimage\",\"url\":\"https:\\\/\\\/tajkertesz.com\\\/wp-content\\\/uploads\\\/2024\\\/04\\\/nortene-buxus-zoldfal-03.jpg.webp\",\"contentUrl\":\"https:\\\/\\\/tajkertesz.com\\\/wp-content\\\/uploads\\\/2024\\\/04\\\/nortene-buxus-zoldfal-03.jpg.webp\",\"width\":600,\"height\":600},{\"@type\":\"BreadcrumbList\",\"@id\":\"https:\\\/\\\/tajkertesz.com\\\/termek\\\/nortene-vertical-buxus-zoldfal-buxus-levelekkel\\\/#breadcrumb\",\"itemListElement\":[{\"@type\":\"ListItem\",\"position\":1,\"name\":\"Home\",\"item\":\"https:\\\/\\\/tajkertesz.com\\\/\"},{\"@type\":\"ListItem\",\"position\":2,\"name\":\"Kezd\u0151lap\",\"item\":\"https:\\\/\\\/tajkertesz.com\\\/\"},{\"@type\":\"ListItem\",\"position\":3,\"name\":\"Nortene Vertical buxus z\u00f6ldfal buxus levelekkel\"}]},{\"@type\":\"WebSite\",\"@id\":\"https:\\\/\\\/tajkertesz.com\\\/#website\",\"url\":\"https:\\\/\\\/tajkertesz.com\\\/\",\"name\":\"T\u00e1j-Kert\u00e9sz 84 Kft.\",\"description\":\"Kert\u00e9szeti kis- \u00e9s nagykeresked\u00e9s, D\u00edszn\u00f6v\u00e9ny web\u00e1ruh\u00e1z orsz\u00e1gos h\u00e1zhozsz\u00e1ll\u00edt\u00e1ssal!\",\"publisher\":{\"@id\":\"https:\\\/\\\/tajkertesz.com\\\/#organization\"},\"potentialAction\":[{\"@type\":\"SearchAction\",\"target\":{\"@type\":\"EntryPoint\",\"urlTemplate\":\"https:\\\/\\\/tajkertesz.com\\\/?s={search_term_string}\"},\"query-input\":{\"@type\":\"PropertyValueSpecification\",\"valueRequired\":true,\"valueName\":\"search_term_string\"}}],\"inLanguage\":\"en-US\"},{\"@type\":\"Organization\",\"@id\":\"https:\\\/\\\/tajkertesz.com\\\/#organization\",\"name\":\"T\u00e1j-Kert\u00e9sz 84 Kft.\",\"url\":\"https:\\\/\\\/tajkertesz.com\\\/\",\"logo\":{\"@type\":\"ImageObject\",\"inLanguage\":\"en-US\",\"@id\":\"https:\\\/\\\/tajkertesz.com\\\/#\\\/schema\\\/logo\\\/image\\\/\",\"url\":\"https:\\\/\\\/tajkertesz.com\\\/wp-content\\\/uploads\\\/2018\\\/02\\\/logo-2-e1518678052539.png\",\"contentUrl\":\"https:\\\/\\\/tajkertesz.com\\\/wp-content\\\/uploads\\\/2018\\\/02\\\/logo-2-e1518678052539.png\",\"width\":81,\"height\":140,\"caption\":\"T\u00e1j-Kert\u00e9sz 84 Kft.\"},\"image\":{\"@id\":\"https:\\\/\\\/tajkertesz.com\\\/#\\\/schema\\\/logo\\\/image\\\/\"},\"sameAs\":[\"https:\\\/\\\/www.facebook.com\\\/Tajkertesz\\\/\"]}]}<\/script>\n<!-- \/ Yoast SEO plugin. -->","yoast_head_json":{"title":"Nortene Vertical buxus z\u00f6ldfal buxus levelekkel - T\u00e1jkert\u00e9sz","description":"Vertical buxus z\u00f6ldfal term\u00e9szetes hat\u00e1s\u00fa z\u00f6ldfal, amelyet a buxus ihletett. H\u00e1l\u00f3s r\u00e1cshoz r\u00f6gz\u00edtett szintetikus levelek.","robots":{"index":"index","follow":"follow","max-snippet":"max-snippet:-1","max-image-preview":"max-image-preview:large","max-video-preview":"max-video-preview:-1"},"canonical":"https:\/\/tajkertesz.com\/en_US\/product\/nortene-vertical-buxus-zoldfal-buxus-levelekkel\/","og_locale":"en_US","og_type":"article","og_title":"Nortene Vertical buxus z\u00f6ldfal buxus levelekkel - T\u00e1jkert\u00e9sz","og_description":"Vertical buxus z\u00f6ldfal term\u00e9szetes hat\u00e1s\u00fa z\u00f6ldfal, amelyet a buxus ihletett. H\u00e1l\u00f3s r\u00e1cshoz r\u00f6gz\u00edtett szintetikus levelek.","og_url":"https:\/\/tajkertesz.com\/en_US\/product\/nortene-vertical-buxus-zoldfal-buxus-levelekkel\/","og_site_name":"T\u00e1jkert\u00e9sz","article_publisher":"https:\/\/www.facebook.com\/Tajkertesz\/","article_modified_time":"2024-07-17T13:38:04+00:00","og_image":[{"width":600,"height":600,"url":"https:\/\/tajkertesz.com\/wp-content\/uploads\/2024\/04\/nortene-buxus-zoldfal-03.jpg.webp","type":"image\/webp"}],"twitter_card":"summary_large_image","twitter_misc":{"Est. reading time":"3 minutes"},"schema":{"@context":"https:\/\/schema.org","@graph":[{"@type":"WebPage","@id":"https:\/\/tajkertesz.com\/termek\/nortene-vertical-buxus-zoldfal-buxus-levelekkel\/","url":"https:\/\/tajkertesz.com\/termek\/nortene-vertical-buxus-zoldfal-buxus-levelekkel\/","name":"Nortene Vertical buxus z\u00f6ldfal buxus levelekkel - T\u00e1jkert\u00e9sz","isPartOf":{"@id":"https:\/\/tajkertesz.com\/#website"},"primaryImageOfPage":{"@id":"https:\/\/tajkertesz.com\/termek\/nortene-vertical-buxus-zoldfal-buxus-levelekkel\/#primaryimage"},"image":{"@id":"https:\/\/tajkertesz.com\/termek\/nortene-vertical-buxus-zoldfal-buxus-levelekkel\/#primaryimage"},"thumbnailUrl":"https:\/\/tajkertesz.com\/wp-content\/uploads\/2024\/04\/nortene-buxus-zoldfal-03.jpg.webp","datePublished":"2024-04-16T12:29:55+00:00","dateModified":"2024-07-17T13:38:04+00:00","description":"Vertical buxus z\u00f6ldfal term\u00e9szetes hat\u00e1s\u00fa z\u00f6ldfal, amelyet a buxus ihletett. H\u00e1l\u00f3s r\u00e1cshoz r\u00f6gz\u00edtett szintetikus levelek.","breadcrumb":{"@id":"https:\/\/tajkertesz.com\/termek\/nortene-vertical-buxus-zoldfal-buxus-levelekkel\/#breadcrumb"},"inLanguage":"en-US","potentialAction":[{"@type":"ReadAction","target":["https:\/\/tajkertesz.com\/termek\/nortene-vertical-buxus-zoldfal-buxus-levelekkel\/"]}]},{"@type":"ImageObject","inLanguage":"en-US","@id":"https:\/\/tajkertesz.com\/termek\/nortene-vertical-buxus-zoldfal-buxus-levelekkel\/#primaryimage","url":"https:\/\/tajkertesz.com\/wp-content\/uploads\/2024\/04\/nortene-buxus-zoldfal-03.jpg.webp","contentUrl":"https:\/\/tajkertesz.com\/wp-content\/uploads\/2024\/04\/nortene-buxus-zoldfal-03.jpg.webp","width":600,"height":600},{"@type":"BreadcrumbList","@id":"https:\/\/tajkertesz.com\/termek\/nortene-vertical-buxus-zoldfal-buxus-levelekkel\/#breadcrumb","itemListElement":[{"@type":"ListItem","position":1,"name":"Home","item":"https:\/\/tajkertesz.com\/"},{"@type":"ListItem","position":2,"name":"Kezd\u0151lap","item":"https:\/\/tajkertesz.com\/"},{"@type":"ListItem","position":3,"name":"Nortene Vertical buxus z\u00f6ldfal buxus levelekkel"}]},{"@type":"WebSite","@id":"https:\/\/tajkertesz.com\/#website","url":"https:\/\/tajkertesz.com\/","name":"T\u00e1j-Kert\u00e9sz 84 Kft.","description":"Kert\u00e9szeti kis- \u00e9s nagykeresked\u00e9s, D\u00edszn\u00f6v\u00e9ny web\u00e1ruh\u00e1z orsz\u00e1gos h\u00e1zhozsz\u00e1ll\u00edt\u00e1ssal!","publisher":{"@id":"https:\/\/tajkertesz.com\/#organization"},"potentialAction":[{"@type":"SearchAction","target":{"@type":"EntryPoint","urlTemplate":"https:\/\/tajkertesz.com\/?s={search_term_string}"},"query-input":{"@type":"PropertyValueSpecification","valueRequired":true,"valueName":"search_term_string"}}],"inLanguage":"en-US"},{"@type":"Organization","@id":"https:\/\/tajkertesz.com\/#organization","name":"T\u00e1j-Kert\u00e9sz 84 Kft.","url":"https:\/\/tajkertesz.com\/","logo":{"@type":"ImageObject","inLanguage":"en-US","@id":"https:\/\/tajkertesz.com\/#\/schema\/logo\/image\/","url":"https:\/\/tajkertesz.com\/wp-content\/uploads\/2018\/02\/logo-2-e1518678052539.png","contentUrl":"https:\/\/tajkertesz.com\/wp-content\/uploads\/2018\/02\/logo-2-e1518678052539.png","width":81,"height":140,"caption":"T\u00e1j-Kert\u00e9sz 84 Kft."},"image":{"@id":"https:\/\/tajkertesz.com\/#\/schema\/logo\/image\/"},"sameAs":["https:\/\/www.facebook.com\/Tajkertesz\/"]}]}},"_links":{"self":[{"href":"https:\/\/tajkertesz.com\/en_US\/wp-json\/wp\/v2\/product\/20098","targetHints":{"allow":["GET"]}}],"collection":[{"href":"https:\/\/tajkertesz.com\/en_US\/wp-json\/wp\/v2\/product"}],"about":[{"href":"https:\/\/tajkertesz.com\/en_US\/wp-json\/wp\/v2\/types\/product"}],"wp:featuredmedia":[{"embeddable":true,"href":"https:\/\/tajkertesz.com\/en_US\/wp-json\/wp\/v2\/media\/20102"}],"wp:attachment":[{"href":"https:\/\/tajkertesz.com\/en_US\/wp-json\/wp\/v2\/media?parent=20098"}],"wp:term":[{"taxonomy":"product_brand","embeddable":true,"href":"https:\/\/tajkertesz.com\/en_US\/wp-json\/wp\/v2\/product_brand?post=20098"},{"taxonomy":"product_cat","embeddable":true,"href":"https:\/\/tajkertesz.com\/en_US\/wp-json\/wp\/v2\/product_cat?post=20098"},{"taxonomy":"product_tag","embeddable":true,"href":"https:\/\/tajkertesz.com\/en_US\/wp-json\/wp\/v2\/product_tag?post=20098"}],"curies":[{"name":"wp","href":"https:\/\/api.w.org\/{rel}","templated":true}]}}