{"id":20114,"date":"2024-04-16T13:08:06","date_gmt":"2024-04-16T13:08:06","guid":{"rendered":"https:\/\/tajkertesz.com\/?post_type=product&#038;p=20114"},"modified":"2026-02-12T15:21:48","modified_gmt":"2026-02-12T15:21:48","slug":"nortene-vertical-jasmin-dekorativ-zoldfal-jazmin-viraggal","status":"publish","type":"product","link":"https:\/\/tajkertesz.com\/en_US\/product\/nortene-vertical-jasmin-dekorativ-zoldfal-jazmin-viraggal\/","title":{"rendered":"Nortene VERTICAL JASMIN Dekorat\u00edv z\u00f6ldfal j\u00e1zmin vir\u00e1ggal"},"content":{"rendered":"<p>NORTENE VERTICAL JASMIN dekorat\u00edv z\u00f6ldfal j\u00e1zmin vir\u00e1ggal 100x100cm<\/p>\n<p class=\"page-head-title product-page-head-title position-relative\"><span class=\"product-page-product-name\">Nortene Vertical Jasmin z\u00f6ldfal, m\u0171anyag n\u00f6v\u00e9nyfal j\u00e1zminnal<\/span><\/p>\n<section class=\"product-page-top\">\n<div class=\"row\">\n<div class=\"col-sm-5 col-md-6 product-page-right\">\n<form id=\"product\" action=\"https:\/\/www.norteneshop.hu\/index.php?route=checkout\/cart\" enctype=\"multipart\/form-data\" method=\"post\">\n<div class=\"position-1-wrapper\">\n<table class=\"product-parameters table\">\n<tbody>\n<tr class=\"product-parameter-row product-short-description-row\">\n<td class=\"param-value product-short-description\" colspan=\"2\">\u00a0, a Vertical term\u00e9kek mindenhol meg\u00e1llj\u00e1k hely\u00fcket. V\u00e1ghat\u00f3s\u00e1g\u00e1nak k\u00f6sz\u00f6nhet\u0151en kisebb helyeken is j\u00f3l alkalmazhat\u00f3. Nem ig\u00e9nyel \u00e1pol\u00e1st, \u00edgy gondmentesen \u00e9lvezheted a dekorfal \u00e1ltal ny\u00fajtott term\u00e9szetes hat\u00e1st.<\/td>\n<\/tr>\n<\/tbody>\n<\/table>\n<\/div>\n<\/form>\n<\/div>\n<\/div>\n<\/section>\n<section class=\"product-page-middle-1\">\n<div class=\"row\">\n<div class=\"col-12 column-content one-column-content product-one-column-content\">\n<div class=\"position-2-wrapper\">\n<div class=\"position-2-container\">\n<div id=\"productdescription-wrapper\" class=\"module-productdescription-wrapper\">\n<div id=\"productdescription\" class=\"module home-position product-position productdescription\">\n<div class=\"module-head\">\n<h3 class=\"module-head-title\">Le\u00edr\u00e1s \u00e9s Param\u00e9terek<\/h3>\n<\/div>\n<div class=\"module-body\">\n<p>&nbsp;<\/p>\n<p>Term\u00e9szetes hat\u00e1s\u00fa, k\u00f6nnyen felhelyezhet\u0151, h\u00e1l\u00f3s r\u00e1cshoz r\u00f6gz\u00edtett szintetikus levelek. Nem ig\u00e9nyel \u00e1pol\u00e1st, \u00edgy gondmentesen \u00e9lvezheti a dekorfal\u00a0 \u00e1ltal ny\u00fajtott kellemes hangulatot. Oll\u00f3val v\u00e1ghat\u00f3, belt\u00e9ri \u00e9s k\u00fclt\u00e9ri haszn\u00e1latra egyar\u00e1nt alkalmas.<\/p>\n<p>UV \u00e1ll\u00f3 polietil\u00e9n, mely a napsug\u00e1rz\u00e1snak \u00e9s az id\u0151j\u00e1r\u00e1s viszontags\u00e1gainak is ellen\u00e1ll. V\u00e1ghat\u00f3, belt\u00e9ri \u00e9s k\u00fclt\u00e9ri haszn\u00e1latra egyar\u00e1nt alkalmas.<\/p>\n<ul>\n<li>Term\u00e9szetes hat\u00e1s\u00fa z\u00f6ldfal \u00a0moh\u00e1ra eml\u00e9keztet\u0151 megjelen\u00e9ssel.<\/li>\n<li>H\u00e1l\u00f3s r\u00e1cshoz r\u00f6gz\u00edtett szintetikus levelek.<\/li>\n<li>Az egys\u00e9gek egym\u00e1shoz illesztve \u00f6sszef\u00fcgg\u0151 fel\u00fcletet alkotnak, de a\u00a025&#215;25 cm-es darabok egyszer\u0171en sz\u00e9t is szedhet\u0151k.<\/li>\n<li>A r\u00e9szek k\u00fcl\u00f6n-k\u00fcl\u00f6n, kisebb darabokban is a dekor\u00e1ci\u00f3 r\u00e9sz\u00e9v\u00e9 v\u00e1lhatnak.<\/li>\n<li>Az egys\u00e9gek speci\u00e1lis r\u00f6gz\u00edt\u0151kkel kapcsol\u00f3dnak egym\u00e1sba.<\/li>\n<li>Sz\u00fcks\u00e9g eset\u00e9n a m\u0171anyag alap oll\u00f3val is k\u00f6nnyen v\u00e1ghat\u00f3.<\/li>\n<li>Alkalmas belt\u00e9ri \u00e9s k\u00fclt\u00e9ri haszn\u00e1latra egyar\u00e1nt.<\/li>\n<li>UV \u00e1ll\u00f3 polietil\u00e9n, mely a napsug\u00e1rz\u00e1snak \u00e9s az id\u0151j\u00e1r\u00e1s viszontags\u00e1gainak is ellen\u00e1ll.<\/li>\n<li>\u00c9lettartama v\u00e9g\u00e9n a term\u00e9k 100%-ban \u00fajrahasznos\u00edthat\u00f3.<\/li>\n<li><a href=\"https:\/\/tajkertesz.com\/\">https:\/\/tajkertesz.com\/<\/a>\n<p><a href=\"https:\/\/www.facebook.com\/tajkertesz\">https:\/\/www.facebook.com\/tajkertesz<\/a><\/p>\n<p><b>K\u00e9szlet\u00fcnk napi szinten v\u00e1ltozik, ez\u00e9rt k\u00e9rj\u00fck, \u00e9rdekl\u0151dj\u00f6n szem\u00e9lyesen, telefonon vagy email-en.<br \/>\nA v\u00e1ltoztat\u00e1s jog\u00e1t fenntartjuk!\u00a0<\/b><\/p>\n<p><strong>Sz\u00e1ll\u00edt\u00e1s fut\u00e1rszolg\u00e1lattal 200 cm-is, \u00e9s 40 kg-ig lehets\u00e9ges. E felett szem\u00e9lyes \u00e1tv\u00e9tellel vagy egyeztetett sz\u00e1ll\u00edt\u00e1si felt\u00e9tellel lehet.<\/strong><\/li>\n<\/ul>\n<\/div>\n<\/div>\n<p>&nbsp;<\/p>\n<div id=\"productdescription\" class=\"module home-position product-position productdescription\">\n<div class=\"module-body\">\n<ul>\n<li>Term\u00e9szetes hat\u00e1s\u00fa z\u00f6ldfal \u00a0moh\u00e1ra eml\u00e9keztet\u0151 megjelen\u00e9ssel.<\/li>\n<li>H\u00e1l\u00f3s r\u00e1cshoz r\u00f6gz\u00edtett szintetikus levelek.<\/li>\n<li>Az egys\u00e9gek egym\u00e1shoz illesztve \u00f6sszef\u00fcgg\u0151 fel\u00fcletet alkotnak, de a\u00a025&#215;25 cm-es darabok egyszer\u0171en sz\u00e9t is szedhet\u0151k.<\/li>\n<li>A r\u00e9szek k\u00fcl\u00f6n-k\u00fcl\u00f6n, kisebb darabokban is a dekor\u00e1ci\u00f3 r\u00e9sz\u00e9v\u00e9 v\u00e1lhatnak.<\/li>\n<li>Az egys\u00e9gek speci\u00e1lis r\u00f6gz\u00edt\u0151kkel kapcsol\u00f3dnak egym\u00e1sba.<\/li>\n<li>Sz\u00fcks\u00e9g eset\u00e9n a m\u0171anyag alap oll\u00f3val is k\u00f6nnyen v\u00e1ghat\u00f3.<\/li>\n<li>Alkalmas belt\u00e9ri \u00e9s k\u00fclt\u00e9ri haszn\u00e1latra egyar\u00e1nt.<\/li>\n<li>UV \u00e1ll\u00f3 polietil\u00e9n, mely a napsug\u00e1rz\u00e1snak \u00e9s az id\u0151j\u00e1r\u00e1s viszontags\u00e1gainak is ellen\u00e1ll.<\/li>\n<li>\u00c9lettartama v\u00e9g\u00e9n a term\u00e9k 100%-ban \u00fajrahasznos\u00edthat\u00f3.<\/li>\n<\/ul>\n<\/div>\n<\/div>\n<\/div>\n<\/div>\n<\/div>\n<\/div>\n<\/div>\n<\/section>","protected":false},"excerpt":{"rendered":"<h1>Nortene VERTICAL JASMIN Dekorat\u00edv z\u00f6ldfal j\u00e1zmin vir\u00e1ggal<\/h1>\n<ul>\n<li>Term\u00e9szetes hat\u00e1s\u00fa z\u00f6ldfal \u00a0moh\u00e1ra eml\u00e9keztet\u0151 megjelen\u00e9ssel.<\/li>\n<li>H\u00e1l\u00f3s r\u00e1cshoz r\u00f6gz\u00edtett szintetikus levelek.<\/li>\n<li>Az egys\u00e9gek egym\u00e1shoz illesztve \u00f6sszef\u00fcgg\u0151 fel\u00fcletet alkotnak, de a\u00a025&#215;25 cm-es darabok egyszer\u0171en sz\u00e9t is szedhet\u0151k.<\/li>\n<li>A r\u00e9szek k\u00fcl\u00f6n-k\u00fcl\u00f6n, kisebb darabokban is a dekor\u00e1ci\u00f3 r\u00e9sz\u00e9v\u00e9 v\u00e1lhatnak.<\/li>\n<li>Az egys\u00e9gek speci\u00e1lis r\u00f6gz\u00edt\u0151kkel kapcsol\u00f3dnak egym\u00e1sba.<\/li>\n<li>Sz\u00fcks\u00e9g eset\u00e9n a m\u0171anyag alap oll\u00f3val is k\u00f6nnyen v\u00e1ghat\u00f3.<\/li>\n<li>Alkalmas belt\u00e9ri \u00e9s k\u00fclt\u00e9ri haszn\u00e1latra egyar\u00e1nt.<\/li>\n<li>UV \u00e1ll\u00f3 polietil\u00e9n, mely a napsug\u00e1rz\u00e1snak \u00e9s az id\u0151j\u00e1r\u00e1s viszontags\u00e1gainak is ellen\u00e1ll.<\/li>\n<li>\u00c9lettartama v\u00e9g\u00e9n a term\u00e9k 100%-ban \u00fajrahasznos\u00edthat\u00f3.<\/li>\n<\/ul>","protected":false},"featured_media":20115,"template":"","meta":{"_et_pb_use_builder":"","_et_pb_old_content":"","_et_gb_content_width":""},"product_brand":[],"product_cat":[4407],"product_tag":[],"class_list":{"0":"post-20114","1":"product","2":"type-product","3":"status-publish","4":"has-post-thumbnail","6":"product_cat-mesterseges-sovenyek","8":"first","9":"onbackorder","10":"shipping-taxable","11":"purchasable","12":"product-type-simple"},"yoast_head":"<!-- This site is optimized with the Yoast SEO plugin v27.3 - https:\/\/yoast.com\/product\/yoast-seo-wordpress\/ -->\n<title>Nortene VERTICAL JASMIN Dekorat\u00edv z\u00f6ldfal j\u00e1zmin vir\u00e1ggal - T\u00e1jkert\u00e9sz<\/title>\n<meta name=\"description\" content=\"Nortene Vertical Jasmin z\u00f6ldfal, m\u0171anyag n\u00f6v\u00e9nyfal j\u00e1zminnal z\u00f6ld\u00edtsd egyszer\u0171en \u00e9s gondmentesen otthonod a Nortene \u00faj, exkluz\u00edv kollekci\u00f3j\u00e1val.\" \/>\n<meta name=\"robots\" content=\"index, follow, max-snippet:-1, max-image-preview:large, max-video-preview:-1\" \/>\n<link rel=\"canonical\" href=\"https:\/\/tajkertesz.com\/en_US\/product\/nortene-vertical-jasmin-dekorativ-zoldfal-jazmin-viraggal\/\" \/>\n<meta property=\"og:locale\" content=\"en_US\" \/>\n<meta property=\"og:type\" content=\"article\" \/>\n<meta property=\"og:title\" content=\"Nortene VERTICAL JASMIN Dekorat\u00edv z\u00f6ldfal j\u00e1zmin vir\u00e1ggal - T\u00e1jkert\u00e9sz\" \/>\n<meta property=\"og:description\" content=\"Nortene Vertical Jasmin z\u00f6ldfal, m\u0171anyag n\u00f6v\u00e9nyfal j\u00e1zminnal z\u00f6ld\u00edtsd egyszer\u0171en \u00e9s gondmentesen otthonod a Nortene \u00faj, exkluz\u00edv kollekci\u00f3j\u00e1val.\" \/>\n<meta property=\"og:url\" content=\"https:\/\/tajkertesz.com\/en_US\/product\/nortene-vertical-jasmin-dekorativ-zoldfal-jazmin-viraggal\/\" \/>\n<meta property=\"og:site_name\" content=\"T\u00e1jkert\u00e9sz\" \/>\n<meta property=\"article:publisher\" content=\"https:\/\/www.facebook.com\/Tajkertesz\/\" \/>\n<meta property=\"article:modified_time\" content=\"2026-02-12T15:21:48+00:00\" \/>\n<meta property=\"og:image\" content=\"https:\/\/tajkertesz.com\/wp-content\/uploads\/2024\/04\/2017256_z.jpg.webp\" \/>\n\t<meta property=\"og:image:width\" content=\"600\" \/>\n\t<meta property=\"og:image:height\" content=\"600\" \/>\n\t<meta property=\"og:image:type\" content=\"image\/webp\" \/>\n<meta name=\"twitter:card\" content=\"summary_large_image\" \/>\n<meta name=\"twitter:label1\" content=\"Est. reading time\" \/>\n\t<meta name=\"twitter:data1\" content=\"2 minutes\" \/>\n<script type=\"application\/ld+json\" class=\"yoast-schema-graph\">{\"@context\":\"https:\\\/\\\/schema.org\",\"@graph\":[{\"@type\":\"WebPage\",\"@id\":\"https:\\\/\\\/tajkertesz.com\\\/termek\\\/nortene-vertical-jasmin-dekorativ-zoldfal-jazmin-viraggal\\\/\",\"url\":\"https:\\\/\\\/tajkertesz.com\\\/termek\\\/nortene-vertical-jasmin-dekorativ-zoldfal-jazmin-viraggal\\\/\",\"name\":\"Nortene VERTICAL JASMIN Dekorat\u00edv z\u00f6ldfal j\u00e1zmin vir\u00e1ggal - T\u00e1jkert\u00e9sz\",\"isPartOf\":{\"@id\":\"https:\\\/\\\/tajkertesz.com\\\/#website\"},\"primaryImageOfPage\":{\"@id\":\"https:\\\/\\\/tajkertesz.com\\\/termek\\\/nortene-vertical-jasmin-dekorativ-zoldfal-jazmin-viraggal\\\/#primaryimage\"},\"image\":{\"@id\":\"https:\\\/\\\/tajkertesz.com\\\/termek\\\/nortene-vertical-jasmin-dekorativ-zoldfal-jazmin-viraggal\\\/#primaryimage\"},\"thumbnailUrl\":\"https:\\\/\\\/tajkertesz.com\\\/wp-content\\\/uploads\\\/2024\\\/04\\\/2017256_z.jpg.webp\",\"datePublished\":\"2024-04-16T13:08:06+00:00\",\"dateModified\":\"2026-02-12T15:21:48+00:00\",\"description\":\"Nortene Vertical Jasmin z\u00f6ldfal, m\u0171anyag n\u00f6v\u00e9nyfal j\u00e1zminnal z\u00f6ld\u00edtsd egyszer\u0171en \u00e9s gondmentesen otthonod a Nortene \u00faj, exkluz\u00edv kollekci\u00f3j\u00e1val.\",\"breadcrumb\":{\"@id\":\"https:\\\/\\\/tajkertesz.com\\\/termek\\\/nortene-vertical-jasmin-dekorativ-zoldfal-jazmin-viraggal\\\/#breadcrumb\"},\"inLanguage\":\"en-US\",\"potentialAction\":[{\"@type\":\"ReadAction\",\"target\":[\"https:\\\/\\\/tajkertesz.com\\\/termek\\\/nortene-vertical-jasmin-dekorativ-zoldfal-jazmin-viraggal\\\/\"]}]},{\"@type\":\"ImageObject\",\"inLanguage\":\"en-US\",\"@id\":\"https:\\\/\\\/tajkertesz.com\\\/termek\\\/nortene-vertical-jasmin-dekorativ-zoldfal-jazmin-viraggal\\\/#primaryimage\",\"url\":\"https:\\\/\\\/tajkertesz.com\\\/wp-content\\\/uploads\\\/2024\\\/04\\\/2017256_z.jpg.webp\",\"contentUrl\":\"https:\\\/\\\/tajkertesz.com\\\/wp-content\\\/uploads\\\/2024\\\/04\\\/2017256_z.jpg.webp\",\"width\":600,\"height\":600},{\"@type\":\"BreadcrumbList\",\"@id\":\"https:\\\/\\\/tajkertesz.com\\\/termek\\\/nortene-vertical-jasmin-dekorativ-zoldfal-jazmin-viraggal\\\/#breadcrumb\",\"itemListElement\":[{\"@type\":\"ListItem\",\"position\":1,\"name\":\"Home\",\"item\":\"https:\\\/\\\/tajkertesz.com\\\/\"},{\"@type\":\"ListItem\",\"position\":2,\"name\":\"Kezd\u0151lap\",\"item\":\"https:\\\/\\\/tajkertesz.com\\\/\"},{\"@type\":\"ListItem\",\"position\":3,\"name\":\"Nortene VERTICAL JASMIN Dekorat\u00edv z\u00f6ldfal j\u00e1zmin vir\u00e1ggal\"}]},{\"@type\":\"WebSite\",\"@id\":\"https:\\\/\\\/tajkertesz.com\\\/#website\",\"url\":\"https:\\\/\\\/tajkertesz.com\\\/\",\"name\":\"T\u00e1j-Kert\u00e9sz 84 Kft.\",\"description\":\"Kert\u00e9szeti kis- \u00e9s nagykeresked\u00e9s, D\u00edszn\u00f6v\u00e9ny web\u00e1ruh\u00e1z orsz\u00e1gos h\u00e1zhozsz\u00e1ll\u00edt\u00e1ssal!\",\"publisher\":{\"@id\":\"https:\\\/\\\/tajkertesz.com\\\/#organization\"},\"potentialAction\":[{\"@type\":\"SearchAction\",\"target\":{\"@type\":\"EntryPoint\",\"urlTemplate\":\"https:\\\/\\\/tajkertesz.com\\\/?s={search_term_string}\"},\"query-input\":{\"@type\":\"PropertyValueSpecification\",\"valueRequired\":true,\"valueName\":\"search_term_string\"}}],\"inLanguage\":\"en-US\"},{\"@type\":\"Organization\",\"@id\":\"https:\\\/\\\/tajkertesz.com\\\/#organization\",\"name\":\"T\u00e1j-Kert\u00e9sz 84 Kft.\",\"url\":\"https:\\\/\\\/tajkertesz.com\\\/\",\"logo\":{\"@type\":\"ImageObject\",\"inLanguage\":\"en-US\",\"@id\":\"https:\\\/\\\/tajkertesz.com\\\/#\\\/schema\\\/logo\\\/image\\\/\",\"url\":\"https:\\\/\\\/tajkertesz.com\\\/wp-content\\\/uploads\\\/2018\\\/02\\\/logo-2-e1518678052539.png\",\"contentUrl\":\"https:\\\/\\\/tajkertesz.com\\\/wp-content\\\/uploads\\\/2018\\\/02\\\/logo-2-e1518678052539.png\",\"width\":81,\"height\":140,\"caption\":\"T\u00e1j-Kert\u00e9sz 84 Kft.\"},\"image\":{\"@id\":\"https:\\\/\\\/tajkertesz.com\\\/#\\\/schema\\\/logo\\\/image\\\/\"},\"sameAs\":[\"https:\\\/\\\/www.facebook.com\\\/Tajkertesz\\\/\"]}]}<\/script>\n<!-- \/ Yoast SEO plugin. -->","yoast_head_json":{"title":"Nortene VERTICAL JASMIN Dekorat\u00edv z\u00f6ldfal j\u00e1zmin vir\u00e1ggal - T\u00e1jkert\u00e9sz","description":"Nortene Vertical Jasmin z\u00f6ldfal, m\u0171anyag n\u00f6v\u00e9nyfal j\u00e1zminnal z\u00f6ld\u00edtsd egyszer\u0171en \u00e9s gondmentesen otthonod a Nortene \u00faj, exkluz\u00edv kollekci\u00f3j\u00e1val.","robots":{"index":"index","follow":"follow","max-snippet":"max-snippet:-1","max-image-preview":"max-image-preview:large","max-video-preview":"max-video-preview:-1"},"canonical":"https:\/\/tajkertesz.com\/en_US\/product\/nortene-vertical-jasmin-dekorativ-zoldfal-jazmin-viraggal\/","og_locale":"en_US","og_type":"article","og_title":"Nortene VERTICAL JASMIN Dekorat\u00edv z\u00f6ldfal j\u00e1zmin vir\u00e1ggal - T\u00e1jkert\u00e9sz","og_description":"Nortene Vertical Jasmin z\u00f6ldfal, m\u0171anyag n\u00f6v\u00e9nyfal j\u00e1zminnal z\u00f6ld\u00edtsd egyszer\u0171en \u00e9s gondmentesen otthonod a Nortene \u00faj, exkluz\u00edv kollekci\u00f3j\u00e1val.","og_url":"https:\/\/tajkertesz.com\/en_US\/product\/nortene-vertical-jasmin-dekorativ-zoldfal-jazmin-viraggal\/","og_site_name":"T\u00e1jkert\u00e9sz","article_publisher":"https:\/\/www.facebook.com\/Tajkertesz\/","article_modified_time":"2026-02-12T15:21:48+00:00","og_image":[{"width":600,"height":600,"url":"https:\/\/tajkertesz.com\/wp-content\/uploads\/2024\/04\/2017256_z.jpg.webp","type":"image\/webp"}],"twitter_card":"summary_large_image","twitter_misc":{"Est. reading time":"2 minutes"},"schema":{"@context":"https:\/\/schema.org","@graph":[{"@type":"WebPage","@id":"https:\/\/tajkertesz.com\/termek\/nortene-vertical-jasmin-dekorativ-zoldfal-jazmin-viraggal\/","url":"https:\/\/tajkertesz.com\/termek\/nortene-vertical-jasmin-dekorativ-zoldfal-jazmin-viraggal\/","name":"Nortene VERTICAL JASMIN Dekorat\u00edv z\u00f6ldfal j\u00e1zmin vir\u00e1ggal - T\u00e1jkert\u00e9sz","isPartOf":{"@id":"https:\/\/tajkertesz.com\/#website"},"primaryImageOfPage":{"@id":"https:\/\/tajkertesz.com\/termek\/nortene-vertical-jasmin-dekorativ-zoldfal-jazmin-viraggal\/#primaryimage"},"image":{"@id":"https:\/\/tajkertesz.com\/termek\/nortene-vertical-jasmin-dekorativ-zoldfal-jazmin-viraggal\/#primaryimage"},"thumbnailUrl":"https:\/\/tajkertesz.com\/wp-content\/uploads\/2024\/04\/2017256_z.jpg.webp","datePublished":"2024-04-16T13:08:06+00:00","dateModified":"2026-02-12T15:21:48+00:00","description":"Nortene Vertical Jasmin z\u00f6ldfal, m\u0171anyag n\u00f6v\u00e9nyfal j\u00e1zminnal z\u00f6ld\u00edtsd egyszer\u0171en \u00e9s gondmentesen otthonod a Nortene \u00faj, exkluz\u00edv kollekci\u00f3j\u00e1val.","breadcrumb":{"@id":"https:\/\/tajkertesz.com\/termek\/nortene-vertical-jasmin-dekorativ-zoldfal-jazmin-viraggal\/#breadcrumb"},"inLanguage":"en-US","potentialAction":[{"@type":"ReadAction","target":["https:\/\/tajkertesz.com\/termek\/nortene-vertical-jasmin-dekorativ-zoldfal-jazmin-viraggal\/"]}]},{"@type":"ImageObject","inLanguage":"en-US","@id":"https:\/\/tajkertesz.com\/termek\/nortene-vertical-jasmin-dekorativ-zoldfal-jazmin-viraggal\/#primaryimage","url":"https:\/\/tajkertesz.com\/wp-content\/uploads\/2024\/04\/2017256_z.jpg.webp","contentUrl":"https:\/\/tajkertesz.com\/wp-content\/uploads\/2024\/04\/2017256_z.jpg.webp","width":600,"height":600},{"@type":"BreadcrumbList","@id":"https:\/\/tajkertesz.com\/termek\/nortene-vertical-jasmin-dekorativ-zoldfal-jazmin-viraggal\/#breadcrumb","itemListElement":[{"@type":"ListItem","position":1,"name":"Home","item":"https:\/\/tajkertesz.com\/"},{"@type":"ListItem","position":2,"name":"Kezd\u0151lap","item":"https:\/\/tajkertesz.com\/"},{"@type":"ListItem","position":3,"name":"Nortene VERTICAL JASMIN Dekorat\u00edv z\u00f6ldfal j\u00e1zmin vir\u00e1ggal"}]},{"@type":"WebSite","@id":"https:\/\/tajkertesz.com\/#website","url":"https:\/\/tajkertesz.com\/","name":"T\u00e1j-Kert\u00e9sz 84 Kft.","description":"Kert\u00e9szeti kis- \u00e9s nagykeresked\u00e9s, D\u00edszn\u00f6v\u00e9ny web\u00e1ruh\u00e1z orsz\u00e1gos h\u00e1zhozsz\u00e1ll\u00edt\u00e1ssal!","publisher":{"@id":"https:\/\/tajkertesz.com\/#organization"},"potentialAction":[{"@type":"SearchAction","target":{"@type":"EntryPoint","urlTemplate":"https:\/\/tajkertesz.com\/?s={search_term_string}"},"query-input":{"@type":"PropertyValueSpecification","valueRequired":true,"valueName":"search_term_string"}}],"inLanguage":"en-US"},{"@type":"Organization","@id":"https:\/\/tajkertesz.com\/#organization","name":"T\u00e1j-Kert\u00e9sz 84 Kft.","url":"https:\/\/tajkertesz.com\/","logo":{"@type":"ImageObject","inLanguage":"en-US","@id":"https:\/\/tajkertesz.com\/#\/schema\/logo\/image\/","url":"https:\/\/tajkertesz.com\/wp-content\/uploads\/2018\/02\/logo-2-e1518678052539.png","contentUrl":"https:\/\/tajkertesz.com\/wp-content\/uploads\/2018\/02\/logo-2-e1518678052539.png","width":81,"height":140,"caption":"T\u00e1j-Kert\u00e9sz 84 Kft."},"image":{"@id":"https:\/\/tajkertesz.com\/#\/schema\/logo\/image\/"},"sameAs":["https:\/\/www.facebook.com\/Tajkertesz\/"]}]}},"_links":{"self":[{"href":"https:\/\/tajkertesz.com\/en_US\/wp-json\/wp\/v2\/product\/20114","targetHints":{"allow":["GET"]}}],"collection":[{"href":"https:\/\/tajkertesz.com\/en_US\/wp-json\/wp\/v2\/product"}],"about":[{"href":"https:\/\/tajkertesz.com\/en_US\/wp-json\/wp\/v2\/types\/product"}],"wp:featuredmedia":[{"embeddable":true,"href":"https:\/\/tajkertesz.com\/en_US\/wp-json\/wp\/v2\/media\/20115"}],"wp:attachment":[{"href":"https:\/\/tajkertesz.com\/en_US\/wp-json\/wp\/v2\/media?parent=20114"}],"wp:term":[{"taxonomy":"product_brand","embeddable":true,"href":"https:\/\/tajkertesz.com\/en_US\/wp-json\/wp\/v2\/product_brand?post=20114"},{"taxonomy":"product_cat","embeddable":true,"href":"https:\/\/tajkertesz.com\/en_US\/wp-json\/wp\/v2\/product_cat?post=20114"},{"taxonomy":"product_tag","embeddable":true,"href":"https:\/\/tajkertesz.com\/en_US\/wp-json\/wp\/v2\/product_tag?post=20114"}],"curies":[{"name":"wp","href":"https:\/\/api.w.org\/{rel}","templated":true}]}}