{"id":20141,"date":"2024-04-18T12:34:46","date_gmt":"2024-04-18T12:34:46","guid":{"rendered":"https:\/\/tajkertesz.com\/?post_type=product&#038;p=20141"},"modified":"2026-02-12T15:22:19","modified_gmt":"2026-02-12T15:22:19","slug":"gyom-stop-plusz-szelektiv-gyomirto-1l","status":"publish","type":"product","link":"https:\/\/tajkertesz.com\/en_US\/product\/gyom-stop-plusz-szelektiv-gyomirto-1l\/","title":{"rendered":"Gyom-stop Plusz szelekt\u00edv gyomirt\u00f3 1L."},"content":{"rendered":"<h1 class=\"product-detail-name\">Gyom-stop Plusz szelekt\u00edv gyomirt\u00f3 1L.<\/h1>\n<p class=\"product-detail-name\">Gyom-stop Plusz 1 l szelekt\u00edv gyomirt\u00f3 permetez\u0151szer<\/p>\n<p>Hat\u00f3anyag \u00f6sszet\u00e9tel : 70g\/l 2,4-D + 70g\/l MCPA + 42g\/l MCPP-P + 20g\/l dikamba<br \/>\nKult\u00fara : gyep<br \/>\nD\u00f3zis : 100ml\/100 n\u00e9gyzetm\u00e9ter<\/p>\n<p>Kult\u00fara: D\u00edszkert, P\u00e1zsit<br \/>\nN\u00f6v\u00e9nyv\u00e9d\u0151szer Forgalmaz\u00e1si Kateg\u00f3ria: III. szabadforgalm\u00fa<\/p>\n<h2>P\u00e1zsitgyomirt\u00f3 szer, a k\u00e9tszik\u0171 \u00e9vel\u0151 \u00e9s egyny\u00e1ri gyomok ellen.<\/h2>\n<p>Minden nehezen irthat\u00f3 magr\u00f3l kel\u0151 \u00e9s \u00e9vel\u0151, sz\u00e9leslevel\u0171 (k\u00e9tszik\u0171) gyom ellen gyors \u00e9s l\u00e1tv\u00e1nyos hat\u00e1st ny\u00fajt. (Pl.: parlagf\u0171, pongyola pitypang, l\u00e1ndzs\u00e1s \u00fatif\u0171, keser\u0171f\u0171-f\u00e9l\u00e9k, ty\u00fakh\u00far, heref\u00e9l\u00e9k stb.)<\/p>\n<h2>A Gyom-Stop Plusz jellemz\u0151i:<\/h2>\n<h3>Adagol\u00e1sa:<\/h3>\n<p>100ml\/ 10l v\u00edz<\/p>\n<h3>Hat\u00f3anyag:<\/h3>\n<p>2,4-D 70 g\/l, MCPA 70 g\/l, MCPP-P 42 g\/l, Dikamba 20 g\/l<\/p>\n<h3>Forgalmaz\u00e1si kateg\u00f3ria:<\/h3>\n<p>III (szabad forgalm\u00fa)<\/p>\n<h3>Gy\u00e1rt\u00f3:<\/h3>\n<p>Nufarm<\/p>\n<h3>Kateg\u00f3ria:<\/h3>\n<p>Gyom\u00edrt\u00f3 szer<\/p>\n<h2>Mit is jelent a szelekt\u00edv gyomirt\u00f3 kifejez\u00e9s ?<\/h2>\n<p>A Szelekt\u00edv gyomirt\u00f3 szerekkel kipuszt\u00edthat\u00f3ak a k\u00e9tszik\u0171 gyomn\u00f6v\u00e9nyek, azonban a f\u0171vel rokons\u00e1gban \u00e1ll\u00f3 egyszik\u0171 gyomokra ezek a szerek nem hatnak. A szert j\u00f3l v\u00e1lasszuk meg, mivel k\u00fcl\u00f6nf\u00e9le szelekt\u00edv szerek kaphat\u00f3k m\u00e1r \u00e9s rossz v\u00e1laszt\u00e1s eset\u00e9n eredm\u00e9nytelen lesz t\u00f6rekv\u00e9s\u00fcnk vagy legrosszabb esetben kipuszt\u00edthatjuk a f\u0171fel\u00fcletet.<\/p>\n<h2>Hogyan haszn\u00e1ljuk a Gyom-stop Plusz szelekt\u00edv gyomirt\u00f3 k\u00e9sz\u00edtm\u00e9nyt?<\/h2>\n<h3>Milyen \u00e9vszakban \u00e9rdemes nekil\u00e1tni a szelekt\u00edv gyomirt\u00f3 haszn\u00e1lat\u00e1nak ?<\/h3>\n<p>A gyomirt\u00e1sra kedvez\u0151 id\u0151szak a tavaszi \u00e9s kora ny\u00e1ri id\u0151szak, m\u00e1rciust\u00f3l &#8211; j\u00faniusig, illetve a kora \u0151szi id\u0151szak (szeptember-okt\u00f3ber). Figyelembe kell venni az id\u0151j\u00e1r\u00e1si viszonyokat is, mivel a permetszereknek id\u0151re van sz\u00fcks\u00e9g\u00fck a felsz\u00edv\u00f3d\u00e1sra a biztos hat\u00e1s \u00e9rdek\u00e9ben, teh\u00e1t a permetez\u00e9st k\u00f6vet\u0151 24 \u00f3r\u00e1ban ne essen az es\u0151. Ny\u00e1ron a korai \u00e9s a k\u00e9s\u0151 esti \u00f3r\u00e1k a legalkalmasabbak a permetez\u00e9sre, mert napk\u00f6zben az er\u0151s naps\u00fct\u00e9s miatt fenn\u00e1ll a megperzsel\u0151d\u00e9s vesz\u00e9lye.A permetez\u00e9st k\u00f6vet\u0151 24 \u00f3r\u00e1ban ne essen az es\u0151.<\/p>\n<h3>Sz\u00e1m\u00edt-e hogy mekkor\u00e1k a kert\u00fcnkben elszaporodott gyomn\u00f6v\u00e9nyek ?<\/h3>\n<p>Igen, a term\u00e9k kijuttat\u00e1sa a p\u00e1zsit ny\u00edr\u00e1s\u00e1t k\u00f6vet\u0151 7. napon, a gyomok legfeljebb 10\u201315 cm-es magass\u00e1g\u00e1ig javasolt.<\/p>\n<h3>K\u00e1ros\u00edthat-e egy\u00e9b n\u00f6v\u00e9nyt a gyomirt\u00f3 szer\u00fcnk ?<\/h3>\n<p>A v\u00e1lasz sajnos ez esetben is igen, \u00edgy a felhaszn\u00e1l\u00e1s sor\u00e1n \u00fcgyelj\u00fcnk az egyenletes fed\u00e9sre, illetve hogy a permetl\u00e9 ne sodr\u00f3djon m\u00e1s kult\u00farn\u00f6v\u00e9nyre!<\/p>\n<h3>Milyen d\u00f3zisban k\u00e9sz\u00edts\u00fck el a permetl\u00e9t ?<\/h3>\n<p>A 10 liter v\u00edzben feloldott 0,1 liter Gyom-stop Plusz permetl\u00e9 seg\u00edts\u00e9g\u00e9vel kb. 100 m2 ter\u00fclet gyomirt\u00e1s\u00e1ra elegend\u0151 k\u00e9sz\u00edtm\u00e9ny keletkezik.<\/p>\n<h3>Mennyi alkalommal haszn\u00e1lhat\u00f3 a Gyom-Stop Plusz szelekt\u00edv gyomirt\u00f3 szer?<\/h3>\n<p>Egy veget\u00e1ci\u00f3s szakaszban maximum k\u00e9t kezel\u00e9s v\u00e9gezhet\u0151.<\/p>\n<h3>Hol alkalmazhatjuk a Gyom-stop k\u00e9sz\u00edtm\u00e9nyt ?<\/h3>\n<p>Alkalmazhat\u00f3 h\u00e1zikertekben foltkezel\u00e9s \u00e9s teljes fel\u00fcletkezel\u00e9s form\u00e1j\u00e1ban\u00a0<strong>Legel\u0151k\u00f6n\u00a0<\/strong>azonban\u00a0<strong>TILOS<\/strong>\u00a0haszn\u00e1lni!<br \/>\nA k\u00e9sz\u00edtm\u00e9ny l\u00e9gi \u00faton nem juttathat\u00f3 ki!<\/p>\n<h3>Hasznos tan\u00e1csok a k\u00e9sz\u00edtm\u00e9ny haszn\u00e1lat\u00e1hoz:<\/h3>\n<ul>\n<li>Felhaszn\u00e1l\u00e1s el\u0151tt olvassa el a c\u00edmk\u00e9t \u00e9s gy\u0151z\u0151dj\u00f6n meg r\u00f3la, hogy meg\u00e9rtette az ott le\u00edrtakat!<\/li>\n<li>A permetl\u00e9 kijuttat\u00e1sa h\u00e1ti &#8211; vagy k\u00e9zi permetez\u0151vel eredm\u00e9nyesebb, de locsol\u00f3r\u00f3zs\u00e1val ell\u00e1tott locsol\u00f3kann\u00e1val is kijuttathat\u00f3.<\/li>\n<li>A 10 liter v\u00edzben feloldott 0,1 liter permetl\u00e9 kb. 100 m2 ter\u00fclet gyomirt\u00e1s\u00e1ra elegend\u0151.<\/li>\n<li>A kezel\u00e9st k\u00f6vet\u0151en minimum egy hetet v\u00e1rjunk a f\u0171ny\u00edr\u00e1ssal.<\/li>\n<li>A gyomirt\u00f3szerrel kezelt f\u00fcvet NE haszn\u00e1ljuk \u00e1llatok etet\u00e9s\u00e9re vagy almoz\u00e1s\u00e1ra.<\/li>\n<li>Frissen ny\u00edrt f\u00fcvet ne kezelj\u00fcnk. V\u00e1rjunk legal\u00e1bb egy hetet, hogy az elpuszt\u00edtand\u00f3 gyomok levelei \u00fajra kifejl\u0151djenek.<\/li>\n<li>\u00daj telep\u00edt\u00e9s\u0171 gyepet 6 h\u00f3napig NE kezelj\u00fcnk a gyomirt\u00f3 szerrel, mert fitotoxikus lehet a f\u0171re is.<\/li>\n<li>NE haszn\u00e1ljuk a k\u00e9sz\u00edtm\u00e9nyt legel\u0151k\u00f6n, mert az \u00e1llatok sz\u00e1m\u00e1ra fontos k\u00e9tszik\u0171 gyomokat (pl. l\u00f3here) is elpuszt\u00edtja.<\/li>\n<li>Sz\u00e9lcsendes id\u0151ben permetezz\u00fcnk.<\/li>\n<li>A gyomirt\u00f3 hat\u00e1s 2-4 napon bel\u00fcl l\u00e1tszik, a permetez\u00e9s ut\u00e1n egy h\u00e9t m\u00falva m\u00e1r \u00fajra ny\u00edrhat\u00f3 a gyep.<\/li>\n<li>A term\u00e9kle\u00edr\u00e1s t\u00e1j\u00e9koztat\u00f3 jelleg\u0171, a k\u00e9sz\u00edtm\u00e9ny felhaszn\u00e1l\u00e1sa el\u0151tt k\u00e9rj\u00fck olvassa el a term\u00e9k haszn\u00e1lati utas\u00edt\u00e1st!<\/li>\n<\/ul>\n<h2>A term\u00e9kle\u00edr\u00e1s t\u00e1j\u00e9koztat\u00f3 jelleg\u0171, a k\u00e9sz\u00edtm\u00e9ny felhaszn\u00e1l\u00e1sa el\u0151tt k\u00e9rj\u00fck olvassa el a term\u00e9k haszn\u00e1lati utas\u00edt\u00e1st!<\/h2>\n<p>&nbsp;<\/p>\n<p>El\u00e9rhet\u0151 t\u00f6bbf\u00e9le m\u00e9retben \u00e9s \u00e1rban.<\/p>\n<p><strong>K\u00e9szlet\u00fcnk napi szinten v\u00e1ltozik, ez\u00e9rt k\u00e9rj\u00fck, \u00e9rdekl\u0151dj\u00f6n szem\u00e9lyesen, telefonon vagy email-en.<br \/>\nA v\u00e1ltoztat\u00e1s jog\u00e1t fenntartjuk!\u00a0<\/strong><\/p>\n<p><a href=\"https:\/\/tajkertesz.com\/\">https:\/\/tajkertesz.com\/<\/a><\/p>\n<p><a href=\"https:\/\/www.facebook.com\/tajkertesz\/\">https:\/\/www.facebook.com\/tajkertesz\/<\/a><\/p>\n<p>Kisz\u00e1ll\u00edt\u00e1s: 200cm-ig \u00a0\u00e9s 40 kg-ig a sz\u00e1ll\u00edt\u00e1s fut\u00e1rszolg\u00e1lattal \u00a0t\u00f6rt\u00e9nik.<\/p>\n<p>Szem\u00e9lyes \u00e1tv\u00e9tel nyitvatart\u00e1si id\u0151ben a 17. ker\u00fclet Bakancsos utca 7. sz\u00e1m alatti Kert\u00e9szeti \u00e1rud\u00e1nkban.<\/p>","protected":false},"excerpt":{"rendered":"<p>P\u00e1zsitgyomirt\u00f3 szer, a k\u00e9tszik\u0171 \u00e9vel\u0151 \u00e9s egyny\u00e1ri gyomok ellen. Minden nehezen irthat\u00f3 magr\u00f3l kel\u0151 \u00e9s \u00e9vel\u0151, sz\u00e9leslevel\u0171 (k\u00e9tszik\u0171) gyom ellen gyors \u00e9s l\u00e1tv\u00e1nyos hat\u00e1st ny\u00fajt. (Pl.: parlagf\u0171, pongyola pitypang, l\u00e1ndzs\u00e1s \u00fatif\u0171, keser\u0171f\u0171-f\u00e9l\u00e9k, ty\u00fakh\u00far, heref\u00e9l\u00e9k stb.) &#8230;<\/p>\n<p>Hat\u00f3anyag \u00f6sszet\u00e9tel : 70g\/l 2,4-D + 70g\/l MCPA + 42g\/l MCPP-P + 20g\/l dikamba<br \/>\nKult\u00fara : gyep<br \/>\nD\u00f3zis : 100ml\/100 n\u00e9gyzetm\u00e9ter<\/p>\n<h3 align=\"justify\"><span style=\"color: #ff0000;\">Kiz\u00e1r\u00f3lag szem\u00e9lyes \u00e1tv\u00e9tellel lehets\u00e9ges a term\u00e9k megv\u00e1s\u00e1rl\u00e1sa!<\/span><\/h3>","protected":false},"featured_media":20140,"template":"","meta":{"_et_pb_use_builder":"","_et_pb_old_content":"","_et_gb_content_width":""},"product_brand":[],"product_cat":[3422],"product_tag":[5128,5127,5126,5125,4997],"class_list":{"0":"post-20141","1":"product","2":"type-product","3":"status-publish","4":"has-post-thumbnail","6":"product_cat-gyomirto-szer","7":"product_tag-gyep-gyomirtas","8":"product_tag-gyepapolas","9":"product_tag-gyom","10":"product_tag-gyomstop","11":"product_tag-szelektiv-gyomirto","13":"first","14":"instock","15":"shipping-taxable","16":"purchasable","17":"product-type-simple"},"yoast_head":"<!-- This site is optimized with the Yoast SEO plugin v27.3 - https:\/\/yoast.com\/product\/yoast-seo-wordpress\/ -->\n<title>Gyom-stop Plusz szelekt\u00edv gyomirt\u00f3 1L. - T\u00e1jkert\u00e9sz<\/title>\n<meta name=\"description\" content=\"Gyom-stop Plusz szelekt\u00edv gyomirt\u00f3 1L. P\u00e1zsitgyomirt\u00f3 szer, a k\u00e9tszik\u0171 \u00e9vel\u0151 \u00e9s egyny\u00e1ri gyomok ellen. A 10 liter v\u00edzben feloldott 0,1 liter\" \/>\n<meta name=\"robots\" content=\"index, follow, max-snippet:-1, max-image-preview:large, max-video-preview:-1\" \/>\n<link rel=\"canonical\" href=\"https:\/\/tajkertesz.com\/en_US\/product\/gyom-stop-plusz-szelektiv-gyomirto-1l\/\" \/>\n<meta property=\"og:locale\" content=\"en_US\" \/>\n<meta property=\"og:type\" content=\"article\" \/>\n<meta property=\"og:title\" content=\"Gyom-stop Plusz szelekt\u00edv gyomirt\u00f3 1L. - T\u00e1jkert\u00e9sz\" \/>\n<meta property=\"og:description\" content=\"Gyom-stop Plusz szelekt\u00edv gyomirt\u00f3 1L. P\u00e1zsitgyomirt\u00f3 szer, a k\u00e9tszik\u0171 \u00e9vel\u0151 \u00e9s egyny\u00e1ri gyomok ellen. A 10 liter v\u00edzben feloldott 0,1 liter\" \/>\n<meta property=\"og:url\" content=\"https:\/\/tajkertesz.com\/en_US\/product\/gyom-stop-plusz-szelektiv-gyomirto-1l\/\" \/>\n<meta property=\"og:site_name\" content=\"T\u00e1jkert\u00e9sz\" \/>\n<meta property=\"article:publisher\" content=\"https:\/\/www.facebook.com\/Tajkertesz\/\" \/>\n<meta property=\"article:modified_time\" content=\"2026-02-12T15:22:19+00:00\" \/>\n<meta property=\"og:image\" content=\"https:\/\/tajkertesz.com\/wp-content\/uploads\/2024\/04\/gyomstop-profigazda.jpg\" \/>\n\t<meta property=\"og:image:width\" content=\"1000\" \/>\n\t<meta property=\"og:image:height\" content=\"600\" \/>\n\t<meta property=\"og:image:type\" content=\"image\/jpeg\" \/>\n<meta name=\"twitter:card\" content=\"summary_large_image\" \/>\n<meta name=\"twitter:label1\" content=\"Est. reading time\" \/>\n\t<meta name=\"twitter:data1\" content=\"4 minutes\" \/>\n<script type=\"application\/ld+json\" class=\"yoast-schema-graph\">{\"@context\":\"https:\\\/\\\/schema.org\",\"@graph\":[{\"@type\":\"WebPage\",\"@id\":\"https:\\\/\\\/tajkertesz.com\\\/termek\\\/gyom-stop-plusz-szelektiv-gyomirto-1l\\\/\",\"url\":\"https:\\\/\\\/tajkertesz.com\\\/termek\\\/gyom-stop-plusz-szelektiv-gyomirto-1l\\\/\",\"name\":\"Gyom-stop Plusz szelekt\u00edv gyomirt\u00f3 1L. - T\u00e1jkert\u00e9sz\",\"isPartOf\":{\"@id\":\"https:\\\/\\\/tajkertesz.com\\\/#website\"},\"primaryImageOfPage\":{\"@id\":\"https:\\\/\\\/tajkertesz.com\\\/termek\\\/gyom-stop-plusz-szelektiv-gyomirto-1l\\\/#primaryimage\"},\"image\":{\"@id\":\"https:\\\/\\\/tajkertesz.com\\\/termek\\\/gyom-stop-plusz-szelektiv-gyomirto-1l\\\/#primaryimage\"},\"thumbnailUrl\":\"https:\\\/\\\/tajkertesz.com\\\/wp-content\\\/uploads\\\/2024\\\/04\\\/gyomstop-profigazda.jpg\",\"datePublished\":\"2024-04-18T12:34:46+00:00\",\"dateModified\":\"2026-02-12T15:22:19+00:00\",\"description\":\"Gyom-stop Plusz szelekt\u00edv gyomirt\u00f3 1L. P\u00e1zsitgyomirt\u00f3 szer, a k\u00e9tszik\u0171 \u00e9vel\u0151 \u00e9s egyny\u00e1ri gyomok ellen. A 10 liter v\u00edzben feloldott 0,1 liter\",\"breadcrumb\":{\"@id\":\"https:\\\/\\\/tajkertesz.com\\\/termek\\\/gyom-stop-plusz-szelektiv-gyomirto-1l\\\/#breadcrumb\"},\"inLanguage\":\"en-US\",\"potentialAction\":[{\"@type\":\"ReadAction\",\"target\":[\"https:\\\/\\\/tajkertesz.com\\\/termek\\\/gyom-stop-plusz-szelektiv-gyomirto-1l\\\/\"]}]},{\"@type\":\"ImageObject\",\"inLanguage\":\"en-US\",\"@id\":\"https:\\\/\\\/tajkertesz.com\\\/termek\\\/gyom-stop-plusz-szelektiv-gyomirto-1l\\\/#primaryimage\",\"url\":\"https:\\\/\\\/tajkertesz.com\\\/wp-content\\\/uploads\\\/2024\\\/04\\\/gyomstop-profigazda.jpg\",\"contentUrl\":\"https:\\\/\\\/tajkertesz.com\\\/wp-content\\\/uploads\\\/2024\\\/04\\\/gyomstop-profigazda.jpg\",\"width\":1000,\"height\":600,\"caption\":\"Gyom-stop Plusz szelekt\u00edv gyomirt\u00f3 0,1l.\"},{\"@type\":\"BreadcrumbList\",\"@id\":\"https:\\\/\\\/tajkertesz.com\\\/termek\\\/gyom-stop-plusz-szelektiv-gyomirto-1l\\\/#breadcrumb\",\"itemListElement\":[{\"@type\":\"ListItem\",\"position\":1,\"name\":\"Home\",\"item\":\"https:\\\/\\\/tajkertesz.com\\\/\"},{\"@type\":\"ListItem\",\"position\":2,\"name\":\"Kezd\u0151lap\",\"item\":\"https:\\\/\\\/tajkertesz.com\\\/\"},{\"@type\":\"ListItem\",\"position\":3,\"name\":\"Gyom-stop Plusz szelekt\u00edv gyomirt\u00f3 1L.\"}]},{\"@type\":\"WebSite\",\"@id\":\"https:\\\/\\\/tajkertesz.com\\\/#website\",\"url\":\"https:\\\/\\\/tajkertesz.com\\\/\",\"name\":\"T\u00e1j-Kert\u00e9sz 84 Kft.\",\"description\":\"Kert\u00e9szeti kis- \u00e9s nagykeresked\u00e9s, D\u00edszn\u00f6v\u00e9ny web\u00e1ruh\u00e1z orsz\u00e1gos h\u00e1zhozsz\u00e1ll\u00edt\u00e1ssal!\",\"publisher\":{\"@id\":\"https:\\\/\\\/tajkertesz.com\\\/#organization\"},\"potentialAction\":[{\"@type\":\"SearchAction\",\"target\":{\"@type\":\"EntryPoint\",\"urlTemplate\":\"https:\\\/\\\/tajkertesz.com\\\/?s={search_term_string}\"},\"query-input\":{\"@type\":\"PropertyValueSpecification\",\"valueRequired\":true,\"valueName\":\"search_term_string\"}}],\"inLanguage\":\"en-US\"},{\"@type\":\"Organization\",\"@id\":\"https:\\\/\\\/tajkertesz.com\\\/#organization\",\"name\":\"T\u00e1j-Kert\u00e9sz 84 Kft.\",\"url\":\"https:\\\/\\\/tajkertesz.com\\\/\",\"logo\":{\"@type\":\"ImageObject\",\"inLanguage\":\"en-US\",\"@id\":\"https:\\\/\\\/tajkertesz.com\\\/#\\\/schema\\\/logo\\\/image\\\/\",\"url\":\"https:\\\/\\\/tajkertesz.com\\\/wp-content\\\/uploads\\\/2018\\\/02\\\/logo-2-e1518678052539.png\",\"contentUrl\":\"https:\\\/\\\/tajkertesz.com\\\/wp-content\\\/uploads\\\/2018\\\/02\\\/logo-2-e1518678052539.png\",\"width\":81,\"height\":140,\"caption\":\"T\u00e1j-Kert\u00e9sz 84 Kft.\"},\"image\":{\"@id\":\"https:\\\/\\\/tajkertesz.com\\\/#\\\/schema\\\/logo\\\/image\\\/\"},\"sameAs\":[\"https:\\\/\\\/www.facebook.com\\\/Tajkertesz\\\/\"]}]}<\/script>\n<!-- \/ Yoast SEO plugin. -->","yoast_head_json":{"title":"Gyom-stop Plusz szelekt\u00edv gyomirt\u00f3 1L. - T\u00e1jkert\u00e9sz","description":"Gyom-stop Plusz szelekt\u00edv gyomirt\u00f3 1L. P\u00e1zsitgyomirt\u00f3 szer, a k\u00e9tszik\u0171 \u00e9vel\u0151 \u00e9s egyny\u00e1ri gyomok ellen. A 10 liter v\u00edzben feloldott 0,1 liter","robots":{"index":"index","follow":"follow","max-snippet":"max-snippet:-1","max-image-preview":"max-image-preview:large","max-video-preview":"max-video-preview:-1"},"canonical":"https:\/\/tajkertesz.com\/en_US\/product\/gyom-stop-plusz-szelektiv-gyomirto-1l\/","og_locale":"en_US","og_type":"article","og_title":"Gyom-stop Plusz szelekt\u00edv gyomirt\u00f3 1L. - T\u00e1jkert\u00e9sz","og_description":"Gyom-stop Plusz szelekt\u00edv gyomirt\u00f3 1L. P\u00e1zsitgyomirt\u00f3 szer, a k\u00e9tszik\u0171 \u00e9vel\u0151 \u00e9s egyny\u00e1ri gyomok ellen. A 10 liter v\u00edzben feloldott 0,1 liter","og_url":"https:\/\/tajkertesz.com\/en_US\/product\/gyom-stop-plusz-szelektiv-gyomirto-1l\/","og_site_name":"T\u00e1jkert\u00e9sz","article_publisher":"https:\/\/www.facebook.com\/Tajkertesz\/","article_modified_time":"2026-02-12T15:22:19+00:00","og_image":[{"width":1000,"height":600,"url":"https:\/\/tajkertesz.com\/wp-content\/uploads\/2024\/04\/gyomstop-profigazda.jpg","type":"image\/jpeg"}],"twitter_card":"summary_large_image","twitter_misc":{"Est. reading time":"4 minutes"},"schema":{"@context":"https:\/\/schema.org","@graph":[{"@type":"WebPage","@id":"https:\/\/tajkertesz.com\/termek\/gyom-stop-plusz-szelektiv-gyomirto-1l\/","url":"https:\/\/tajkertesz.com\/termek\/gyom-stop-plusz-szelektiv-gyomirto-1l\/","name":"Gyom-stop Plusz szelekt\u00edv gyomirt\u00f3 1L. - T\u00e1jkert\u00e9sz","isPartOf":{"@id":"https:\/\/tajkertesz.com\/#website"},"primaryImageOfPage":{"@id":"https:\/\/tajkertesz.com\/termek\/gyom-stop-plusz-szelektiv-gyomirto-1l\/#primaryimage"},"image":{"@id":"https:\/\/tajkertesz.com\/termek\/gyom-stop-plusz-szelektiv-gyomirto-1l\/#primaryimage"},"thumbnailUrl":"https:\/\/tajkertesz.com\/wp-content\/uploads\/2024\/04\/gyomstop-profigazda.jpg","datePublished":"2024-04-18T12:34:46+00:00","dateModified":"2026-02-12T15:22:19+00:00","description":"Gyom-stop Plusz szelekt\u00edv gyomirt\u00f3 1L. P\u00e1zsitgyomirt\u00f3 szer, a k\u00e9tszik\u0171 \u00e9vel\u0151 \u00e9s egyny\u00e1ri gyomok ellen. A 10 liter v\u00edzben feloldott 0,1 liter","breadcrumb":{"@id":"https:\/\/tajkertesz.com\/termek\/gyom-stop-plusz-szelektiv-gyomirto-1l\/#breadcrumb"},"inLanguage":"en-US","potentialAction":[{"@type":"ReadAction","target":["https:\/\/tajkertesz.com\/termek\/gyom-stop-plusz-szelektiv-gyomirto-1l\/"]}]},{"@type":"ImageObject","inLanguage":"en-US","@id":"https:\/\/tajkertesz.com\/termek\/gyom-stop-plusz-szelektiv-gyomirto-1l\/#primaryimage","url":"https:\/\/tajkertesz.com\/wp-content\/uploads\/2024\/04\/gyomstop-profigazda.jpg","contentUrl":"https:\/\/tajkertesz.com\/wp-content\/uploads\/2024\/04\/gyomstop-profigazda.jpg","width":1000,"height":600,"caption":"Gyom-stop Plusz szelekt\u00edv gyomirt\u00f3 0,1l."},{"@type":"BreadcrumbList","@id":"https:\/\/tajkertesz.com\/termek\/gyom-stop-plusz-szelektiv-gyomirto-1l\/#breadcrumb","itemListElement":[{"@type":"ListItem","position":1,"name":"Home","item":"https:\/\/tajkertesz.com\/"},{"@type":"ListItem","position":2,"name":"Kezd\u0151lap","item":"https:\/\/tajkertesz.com\/"},{"@type":"ListItem","position":3,"name":"Gyom-stop Plusz szelekt\u00edv gyomirt\u00f3 1L."}]},{"@type":"WebSite","@id":"https:\/\/tajkertesz.com\/#website","url":"https:\/\/tajkertesz.com\/","name":"T\u00e1j-Kert\u00e9sz 84 Kft.","description":"Kert\u00e9szeti kis- \u00e9s nagykeresked\u00e9s, D\u00edszn\u00f6v\u00e9ny web\u00e1ruh\u00e1z orsz\u00e1gos h\u00e1zhozsz\u00e1ll\u00edt\u00e1ssal!","publisher":{"@id":"https:\/\/tajkertesz.com\/#organization"},"potentialAction":[{"@type":"SearchAction","target":{"@type":"EntryPoint","urlTemplate":"https:\/\/tajkertesz.com\/?s={search_term_string}"},"query-input":{"@type":"PropertyValueSpecification","valueRequired":true,"valueName":"search_term_string"}}],"inLanguage":"en-US"},{"@type":"Organization","@id":"https:\/\/tajkertesz.com\/#organization","name":"T\u00e1j-Kert\u00e9sz 84 Kft.","url":"https:\/\/tajkertesz.com\/","logo":{"@type":"ImageObject","inLanguage":"en-US","@id":"https:\/\/tajkertesz.com\/#\/schema\/logo\/image\/","url":"https:\/\/tajkertesz.com\/wp-content\/uploads\/2018\/02\/logo-2-e1518678052539.png","contentUrl":"https:\/\/tajkertesz.com\/wp-content\/uploads\/2018\/02\/logo-2-e1518678052539.png","width":81,"height":140,"caption":"T\u00e1j-Kert\u00e9sz 84 Kft."},"image":{"@id":"https:\/\/tajkertesz.com\/#\/schema\/logo\/image\/"},"sameAs":["https:\/\/www.facebook.com\/Tajkertesz\/"]}]}},"_links":{"self":[{"href":"https:\/\/tajkertesz.com\/en_US\/wp-json\/wp\/v2\/product\/20141","targetHints":{"allow":["GET"]}}],"collection":[{"href":"https:\/\/tajkertesz.com\/en_US\/wp-json\/wp\/v2\/product"}],"about":[{"href":"https:\/\/tajkertesz.com\/en_US\/wp-json\/wp\/v2\/types\/product"}],"wp:featuredmedia":[{"embeddable":true,"href":"https:\/\/tajkertesz.com\/en_US\/wp-json\/wp\/v2\/media\/20140"}],"wp:attachment":[{"href":"https:\/\/tajkertesz.com\/en_US\/wp-json\/wp\/v2\/media?parent=20141"}],"wp:term":[{"taxonomy":"product_brand","embeddable":true,"href":"https:\/\/tajkertesz.com\/en_US\/wp-json\/wp\/v2\/product_brand?post=20141"},{"taxonomy":"product_cat","embeddable":true,"href":"https:\/\/tajkertesz.com\/en_US\/wp-json\/wp\/v2\/product_cat?post=20141"},{"taxonomy":"product_tag","embeddable":true,"href":"https:\/\/tajkertesz.com\/en_US\/wp-json\/wp\/v2\/product_tag?post=20141"}],"curies":[{"name":"wp","href":"https:\/\/api.w.org\/{rel}","templated":true}]}}