{"id":20142,"date":"2024-04-18T12:59:40","date_gmt":"2024-04-18T12:59:40","guid":{"rendered":"https:\/\/tajkertesz.com\/?post_type=product&#038;p=20142"},"modified":"2026-02-12T15:21:35","modified_gmt":"2026-02-12T15:21:35","slug":"fiskars-xl-automata-tomlodob","status":"publish","type":"product","link":"https:\/\/tajkertesz.com\/en_US\/product\/fiskars-xl-automata-tomlodob\/","title":{"rendered":"Fiskars XL automata t\u00f6ml\u0151dob t\u00f6ml\u0151kocsi 1025932"},"content":{"rendered":"<h2>Fiskars XL automata t\u00f6ml\u0151dob<\/h2>\n<p>Fiskars XL automata t\u00f6ml\u0151dob<\/p>\n<h2 class=\"h1\"><span class=\"ezstring-field\">Tegye \u00f6r\u00f6mm\u00e9 az \u00f6nt\u00f6z\u00e9st<\/span><\/h2>\n<p>Az XL automata t\u00f6ml\u0151dob szett azonnal haszn\u00e1lhat\u00f3 &#8211; minden sz\u00fcks\u00e9ges tartoz\u00e9kkal felszerelt \u00e9s gy\u00e1rilag be\u00e1ll\u00edtottuk, hogy egyszer\u0171en, k\u00f6nnyed\u00e9n haszn\u00e1lhassa. Helyezze el szabadon a kertj\u00e9ben b\u00e1rhova, 360\u00b0-os forg\u00e1sa lehet\u0151v\u00e9 teszi, hogy kertje valamennyi szeglet\u00e9t k\u00f6nnyed\u00e9n \u00f6nt\u00f6zhesse.<\/p>\n<p>A t\u00f6ml\u0151dobnak k\u00f6sz\u00f6nhet\u0151en az \u00f6nt\u00f6z\u00e9si ter\u00fclet megk\u00e9tszerez\u0151dik a hagyom\u00e1nyos, falra szerelhet\u0151 t\u00f6ml\u0151kh\u00f6z k\u00e9pest.<\/p>\n<p>Enn\u00e9l tud t\u00f6bbet is! Az XL automata t\u00f6ml\u0151dob szett t\u00f6bb innovat\u00edv megold\u00e1ssal is jeleskedik, mint a v\u00edzszintes kialak\u00edt\u00e1s, amely megk\u00f6nny\u00edti a t\u00f6ml\u0151dob mozgat\u00e1s\u00e1t \u00e9s lehetetlenn\u00e9 teszi a felborul\u00e1s\u00e1t.<br \/>\nAz XL automata t\u00f6ml\u0151dob szett tartalmaz egy kiv\u00e1l\u00f3 min\u0151s\u00e9g\u0171 13 mm-es (\u00bd &#8222;&#8221;&#8221;&#8221;), 20 m hossz\u00fa automatikusan visszacs\u00e9v\u00e9l\u0151 t\u00f6ml\u0151t, valamint minden sz\u00fcks\u00e9ges felszerel\u00e9st, bele\u00e9rtve a csatlakoz\u00f3kat \u00e9s az \u00f6nt\u00f6z\u0151fejet is, amelyeket praktikusan a t\u00f6ml\u0151dob belsej\u00e9ben t\u00e1rolhat.<\/p>\n<ul>\n<li>All-inclusive, haszn\u00e1latra k\u00e9sz \u00f6nt\u00f6z\u0151k\u00e9szlet , amely tartalmaz strapab\u00edr\u00f3 locsol\u00f3t\u00f6ml\u0151t, t\u00f6ml\u0151dobot, \u00e1ll\u00edthat\u00f3 \u00f6nt\u00f6z\u0151fejet \u00e9s csatlakoz\u00f3kat<\/li>\n<li>Szabad elhelyez\u00e9s \u00e9s 360\u00b0-os forg\u00e1s az extrasz\u00e9les locsol\u00e1si ter\u00fclet\u00e9rt<\/li>\n<li>V\u00edzszintes kialak\u00edt\u00e1sa miatt nem borul fel<\/li>\n<li>A p\u00e1rn\u00e1zott l\u00e1bak j\u00f3 tapad\u00e1st biztos\u00edtanak<\/li>\n<li>A kimeneti t\u00f6ml\u0151 20 m hossz\u00fa \u00e9s automatikus visszacs\u00e9v\u00e9l\u00e9s\u0171<\/li>\n<li>A bemeneti t\u00f6ml\u0151 5 m hossz\u00fa<\/li>\n<li>A be\u00e9p\u00edtett t\u00e1rol\u00f3rekesz tartalmaz egy \u00e1ll\u00edthat\u00f3 tiszt\u00edt\u00f3 locsol\u00f3fejet, univerz\u00e1lis csaptelep csatlakoz\u00f3t \u00e9s egy told\u00f3csatlakoz\u00f3t<\/li>\n<li>Az univerz\u00e1lis csaptelep csatlakoz\u00f3 h\u00e1rom menetm\u00e9rettel rendelkezik, hogy illeszkedjen a leggyakoribb csapm\u00e9retekhez<\/li>\n<li>A told\u00f3csatlakoz\u00f3 lehet\u0151v\u00e9 teszi, hogy gyorsan n\u00f6velhesse a t\u00f6ml\u0151 hossz\u00e1t<\/li>\n<li>Tartalmaz 2 db 13 mm-es (1\/2\u201d) t\u00f6ml\u0151-gyorscsatlakoz\u00f3t FLOW csatlakoz\u00f3val \u00e9s 1 db 13 mm-es (1\/2\u201d) t\u00f6ml\u0151-gyorscsatlakoz\u00f3t STOP csatlakoz\u00f3val<\/li>\n<li>Teljes t\u00f6ml\u0151hossz: 25 m<\/li>\n<li>Univerz\u00e1lis illeszked\u00e9s \u2013 M\u00e1s m\u00e1rk\u00e1kkal kompatibilis<\/li>\n<li>V\u00e1laszthat\u00f3 fali tart\u00f3 k\u00fcl\u00f6n v\u00e1s\u00e1rolhat\u00f3 meg.<\/li>\n<\/ul>\n<p>A v\u00e1laszthat\u00f3 fali tart\u00f3 k\u00fcl\u00f6n v\u00e1s\u00e1rolhat\u00f3 meg.<\/p>\n<p>&nbsp;<\/p>\n<p>El\u00e9rhet\u0151 t\u00f6bbf\u00e9le m\u00e9retben \u00e9s \u00e1rban.<\/p>\n<p><strong>K\u00e9szlet\u00fcnk napi szinten v\u00e1ltozik, ez\u00e9rt k\u00e9rj\u00fck, \u00e9rdekl\u0151dj\u00f6n szem\u00e9lyesen, telefonon vagy email-en.<br \/>\nA v\u00e1ltoztat\u00e1s jog\u00e1t fenntartjuk!\u00a0<\/strong><\/p>\n<p><a href=\"https:\/\/tajkertesz.com\/\">https:\/\/tajkertesz.com\/<\/a><\/p>\n<p><a href=\"https:\/\/www.facebook.com\/tajkertesz\/\">https:\/\/www.facebook.com\/tajkertesz\/<\/a><\/p>\n<p>Kisz\u00e1ll\u00edt\u00e1s: 200cm-ig \u00a0\u00e9s 40 kg-ig a sz\u00e1ll\u00edt\u00e1s fut\u00e1rszolg\u00e1lattal \u00a0t\u00f6rt\u00e9nik.<\/p>\n<p>Szem\u00e9lyes \u00e1tv\u00e9tel nyitvatart\u00e1si id\u0151ben a 17. ker\u00fclet Bakancsos utca 7. sz\u00e1m alatti Kert\u00e9szeti \u00e1rud\u00e1nkban.<\/p>","protected":false},"excerpt":{"rendered":"<h2 class=\"h1\"><span class=\"ezstring-field\">Tegye \u00f6r\u00f6mm\u00e9 az \u00f6nt\u00f6z\u00e9st<\/span><\/h2>\n<p>Az XL automata t\u00f6ml\u0151dob szett azonnal haszn\u00e1lhat\u00f3 &#8211; minden sz\u00fcks\u00e9ges tartoz\u00e9kkal felszerelt \u00e9s gy\u00e1rilag be\u00e1ll\u00edtottuk, hogy egyszer\u0171en, k\u00f6nnyed\u00e9n haszn\u00e1lhassa&#8230;<\/p>","protected":false},"featured_media":20143,"template":"","meta":{"_et_pb_use_builder":"","_et_pb_old_content":"","_et_gb_content_width":""},"product_brand":[],"product_cat":[1520,4726],"product_tag":[5130,116,4727,4728,5131,5129],"class_list":{"0":"post-20142","1":"product","2":"type-product","3":"status-publish","4":"has-post-thumbnail","6":"product_cat-fiskars-termekek","7":"product_cat-fiskars-ontozestechnika","8":"product_tag-automata-tomlodob","9":"product_tag-fiskars","10":"product_tag-locsolas","11":"product_tag-ontozes","12":"product_tag-slag-es-tomlodob","13":"product_tag-tomlodob","15":"first","16":"instock","17":"shipping-taxable","18":"purchasable","19":"product-type-simple"},"yoast_head":"<!-- This site is optimized with the Yoast SEO plugin v27.5 - https:\/\/yoast.com\/product\/yoast-seo-wordpress\/ -->\n<title>Fiskars XL automata t\u00f6ml\u0151dob t\u00f6ml\u0151kocsi 1025932 - T\u00e1jkert\u00e9sz<\/title>\n<meta name=\"description\" content=\"Fiskars XL automata t\u00f6ml\u0151dob. A t\u00f6ml\u0151dobnak k\u00f6sz\u00f6nhet\u0151en az \u00f6nt\u00f6z\u00e9si ter\u00fclet megk\u00e9tszerez\u0151dik a hagyom\u00e1nyos, falra szerelhet\u0151 t\u00f6ml\u0151kh\u00f6z k\u00e9pest.\" \/>\n<meta name=\"robots\" content=\"index, follow, max-snippet:-1, max-image-preview:large, max-video-preview:-1\" \/>\n<link rel=\"canonical\" href=\"https:\/\/tajkertesz.com\/en_US\/product\/fiskars-xl-automata-tomlodob\/\" \/>\n<meta property=\"og:locale\" content=\"en_US\" \/>\n<meta property=\"og:type\" content=\"article\" \/>\n<meta property=\"og:title\" content=\"Fiskars XL automata t\u00f6ml\u0151dob t\u00f6ml\u0151kocsi 1025932 - T\u00e1jkert\u00e9sz\" \/>\n<meta property=\"og:description\" content=\"Fiskars XL automata t\u00f6ml\u0151dob. A t\u00f6ml\u0151dobnak k\u00f6sz\u00f6nhet\u0151en az \u00f6nt\u00f6z\u00e9si ter\u00fclet megk\u00e9tszerez\u0151dik a hagyom\u00e1nyos, falra szerelhet\u0151 t\u00f6ml\u0151kh\u00f6z k\u00e9pest.\" \/>\n<meta property=\"og:url\" content=\"https:\/\/tajkertesz.com\/en_US\/product\/fiskars-xl-automata-tomlodob\/\" \/>\n<meta property=\"og:site_name\" content=\"T\u00e1jkert\u00e9sz\" \/>\n<meta property=\"article:publisher\" content=\"https:\/\/www.facebook.com\/Tajkertesz\/\" \/>\n<meta property=\"article:modified_time\" content=\"2026-02-12T15:21:35+00:00\" \/>\n<meta property=\"og:image\" content=\"https:\/\/tajkertesz.com\/wp-content\/uploads\/2024\/04\/1025932-2.webp\" \/>\n\t<meta property=\"og:image:width\" content=\"496\" \/>\n\t<meta property=\"og:image:height\" content=\"664\" \/>\n\t<meta property=\"og:image:type\" content=\"image\/webp\" \/>\n<meta name=\"twitter:card\" content=\"summary_large_image\" \/>\n<meta name=\"twitter:label1\" content=\"Est. reading time\" \/>\n\t<meta name=\"twitter:data1\" content=\"2 minutes\" \/>\n<script type=\"application\/ld+json\" class=\"yoast-schema-graph\">{\"@context\":\"https:\\\/\\\/schema.org\",\"@graph\":[{\"@type\":\"WebPage\",\"@id\":\"https:\\\/\\\/tajkertesz.com\\\/termek\\\/fiskars-xl-automata-tomlodob\\\/\",\"url\":\"https:\\\/\\\/tajkertesz.com\\\/termek\\\/fiskars-xl-automata-tomlodob\\\/\",\"name\":\"Fiskars XL automata t\u00f6ml\u0151dob t\u00f6ml\u0151kocsi 1025932 - T\u00e1jkert\u00e9sz\",\"isPartOf\":{\"@id\":\"https:\\\/\\\/tajkertesz.com\\\/#website\"},\"primaryImageOfPage\":{\"@id\":\"https:\\\/\\\/tajkertesz.com\\\/termek\\\/fiskars-xl-automata-tomlodob\\\/#primaryimage\"},\"image\":{\"@id\":\"https:\\\/\\\/tajkertesz.com\\\/termek\\\/fiskars-xl-automata-tomlodob\\\/#primaryimage\"},\"thumbnailUrl\":\"https:\\\/\\\/tajkertesz.com\\\/wp-content\\\/uploads\\\/2024\\\/04\\\/1025932-2.webp\",\"datePublished\":\"2024-04-18T12:59:40+00:00\",\"dateModified\":\"2026-02-12T15:21:35+00:00\",\"description\":\"Fiskars XL automata t\u00f6ml\u0151dob. A t\u00f6ml\u0151dobnak k\u00f6sz\u00f6nhet\u0151en az \u00f6nt\u00f6z\u00e9si ter\u00fclet megk\u00e9tszerez\u0151dik a hagyom\u00e1nyos, falra szerelhet\u0151 t\u00f6ml\u0151kh\u00f6z k\u00e9pest.\",\"breadcrumb\":{\"@id\":\"https:\\\/\\\/tajkertesz.com\\\/termek\\\/fiskars-xl-automata-tomlodob\\\/#breadcrumb\"},\"inLanguage\":\"en-US\",\"potentialAction\":[{\"@type\":\"ReadAction\",\"target\":[\"https:\\\/\\\/tajkertesz.com\\\/termek\\\/fiskars-xl-automata-tomlodob\\\/\"]}]},{\"@type\":\"ImageObject\",\"inLanguage\":\"en-US\",\"@id\":\"https:\\\/\\\/tajkertesz.com\\\/termek\\\/fiskars-xl-automata-tomlodob\\\/#primaryimage\",\"url\":\"https:\\\/\\\/tajkertesz.com\\\/wp-content\\\/uploads\\\/2024\\\/04\\\/1025932-2.webp\",\"contentUrl\":\"https:\\\/\\\/tajkertesz.com\\\/wp-content\\\/uploads\\\/2024\\\/04\\\/1025932-2.webp\",\"width\":496,\"height\":664},{\"@type\":\"BreadcrumbList\",\"@id\":\"https:\\\/\\\/tajkertesz.com\\\/termek\\\/fiskars-xl-automata-tomlodob\\\/#breadcrumb\",\"itemListElement\":[{\"@type\":\"ListItem\",\"position\":1,\"name\":\"Home\",\"item\":\"https:\\\/\\\/tajkertesz.com\\\/\"},{\"@type\":\"ListItem\",\"position\":2,\"name\":\"Kezd\u0151lap\",\"item\":\"https:\\\/\\\/tajkertesz.com\\\/\"},{\"@type\":\"ListItem\",\"position\":3,\"name\":\"Fiskars XL automata t\u00f6ml\u0151dob t\u00f6ml\u0151kocsi 1025932\"}]},{\"@type\":\"WebSite\",\"@id\":\"https:\\\/\\\/tajkertesz.com\\\/#website\",\"url\":\"https:\\\/\\\/tajkertesz.com\\\/\",\"name\":\"T\u00e1j-Kert\u00e9sz 84 Kft.\",\"description\":\"Kert\u00e9szeti kis- \u00e9s nagykeresked\u00e9s, D\u00edszn\u00f6v\u00e9ny web\u00e1ruh\u00e1z orsz\u00e1gos h\u00e1zhozsz\u00e1ll\u00edt\u00e1ssal!\",\"publisher\":{\"@id\":\"https:\\\/\\\/tajkertesz.com\\\/#organization\"},\"potentialAction\":[{\"@type\":\"SearchAction\",\"target\":{\"@type\":\"EntryPoint\",\"urlTemplate\":\"https:\\\/\\\/tajkertesz.com\\\/?s={search_term_string}\"},\"query-input\":{\"@type\":\"PropertyValueSpecification\",\"valueRequired\":true,\"valueName\":\"search_term_string\"}}],\"inLanguage\":\"en-US\"},{\"@type\":\"Organization\",\"@id\":\"https:\\\/\\\/tajkertesz.com\\\/#organization\",\"name\":\"T\u00e1j-Kert\u00e9sz 84 Kft.\",\"url\":\"https:\\\/\\\/tajkertesz.com\\\/\",\"logo\":{\"@type\":\"ImageObject\",\"inLanguage\":\"en-US\",\"@id\":\"https:\\\/\\\/tajkertesz.com\\\/#\\\/schema\\\/logo\\\/image\\\/\",\"url\":\"https:\\\/\\\/tajkertesz.com\\\/wp-content\\\/uploads\\\/2018\\\/02\\\/logo-2-e1518678052539.png\",\"contentUrl\":\"https:\\\/\\\/tajkertesz.com\\\/wp-content\\\/uploads\\\/2018\\\/02\\\/logo-2-e1518678052539.png\",\"width\":81,\"height\":140,\"caption\":\"T\u00e1j-Kert\u00e9sz 84 Kft.\"},\"image\":{\"@id\":\"https:\\\/\\\/tajkertesz.com\\\/#\\\/schema\\\/logo\\\/image\\\/\"},\"sameAs\":[\"https:\\\/\\\/www.facebook.com\\\/Tajkertesz\\\/\"]}]}<\/script>\n<!-- \/ Yoast SEO plugin. -->","yoast_head_json":{"title":"Fiskars XL automata t\u00f6ml\u0151dob t\u00f6ml\u0151kocsi 1025932 - T\u00e1jkert\u00e9sz","description":"Fiskars XL automata t\u00f6ml\u0151dob. A t\u00f6ml\u0151dobnak k\u00f6sz\u00f6nhet\u0151en az \u00f6nt\u00f6z\u00e9si ter\u00fclet megk\u00e9tszerez\u0151dik a hagyom\u00e1nyos, falra szerelhet\u0151 t\u00f6ml\u0151kh\u00f6z k\u00e9pest.","robots":{"index":"index","follow":"follow","max-snippet":"max-snippet:-1","max-image-preview":"max-image-preview:large","max-video-preview":"max-video-preview:-1"},"canonical":"https:\/\/tajkertesz.com\/en_US\/product\/fiskars-xl-automata-tomlodob\/","og_locale":"en_US","og_type":"article","og_title":"Fiskars XL automata t\u00f6ml\u0151dob t\u00f6ml\u0151kocsi 1025932 - T\u00e1jkert\u00e9sz","og_description":"Fiskars XL automata t\u00f6ml\u0151dob. A t\u00f6ml\u0151dobnak k\u00f6sz\u00f6nhet\u0151en az \u00f6nt\u00f6z\u00e9si ter\u00fclet megk\u00e9tszerez\u0151dik a hagyom\u00e1nyos, falra szerelhet\u0151 t\u00f6ml\u0151kh\u00f6z k\u00e9pest.","og_url":"https:\/\/tajkertesz.com\/en_US\/product\/fiskars-xl-automata-tomlodob\/","og_site_name":"T\u00e1jkert\u00e9sz","article_publisher":"https:\/\/www.facebook.com\/Tajkertesz\/","article_modified_time":"2026-02-12T15:21:35+00:00","og_image":[{"width":496,"height":664,"url":"https:\/\/tajkertesz.com\/wp-content\/uploads\/2024\/04\/1025932-2.webp","type":"image\/webp"}],"twitter_card":"summary_large_image","twitter_misc":{"Est. reading time":"2 minutes"},"schema":{"@context":"https:\/\/schema.org","@graph":[{"@type":"WebPage","@id":"https:\/\/tajkertesz.com\/termek\/fiskars-xl-automata-tomlodob\/","url":"https:\/\/tajkertesz.com\/termek\/fiskars-xl-automata-tomlodob\/","name":"Fiskars XL automata t\u00f6ml\u0151dob t\u00f6ml\u0151kocsi 1025932 - T\u00e1jkert\u00e9sz","isPartOf":{"@id":"https:\/\/tajkertesz.com\/#website"},"primaryImageOfPage":{"@id":"https:\/\/tajkertesz.com\/termek\/fiskars-xl-automata-tomlodob\/#primaryimage"},"image":{"@id":"https:\/\/tajkertesz.com\/termek\/fiskars-xl-automata-tomlodob\/#primaryimage"},"thumbnailUrl":"https:\/\/tajkertesz.com\/wp-content\/uploads\/2024\/04\/1025932-2.webp","datePublished":"2024-04-18T12:59:40+00:00","dateModified":"2026-02-12T15:21:35+00:00","description":"Fiskars XL automata t\u00f6ml\u0151dob. A t\u00f6ml\u0151dobnak k\u00f6sz\u00f6nhet\u0151en az \u00f6nt\u00f6z\u00e9si ter\u00fclet megk\u00e9tszerez\u0151dik a hagyom\u00e1nyos, falra szerelhet\u0151 t\u00f6ml\u0151kh\u00f6z k\u00e9pest.","breadcrumb":{"@id":"https:\/\/tajkertesz.com\/termek\/fiskars-xl-automata-tomlodob\/#breadcrumb"},"inLanguage":"en-US","potentialAction":[{"@type":"ReadAction","target":["https:\/\/tajkertesz.com\/termek\/fiskars-xl-automata-tomlodob\/"]}]},{"@type":"ImageObject","inLanguage":"en-US","@id":"https:\/\/tajkertesz.com\/termek\/fiskars-xl-automata-tomlodob\/#primaryimage","url":"https:\/\/tajkertesz.com\/wp-content\/uploads\/2024\/04\/1025932-2.webp","contentUrl":"https:\/\/tajkertesz.com\/wp-content\/uploads\/2024\/04\/1025932-2.webp","width":496,"height":664},{"@type":"BreadcrumbList","@id":"https:\/\/tajkertesz.com\/termek\/fiskars-xl-automata-tomlodob\/#breadcrumb","itemListElement":[{"@type":"ListItem","position":1,"name":"Home","item":"https:\/\/tajkertesz.com\/"},{"@type":"ListItem","position":2,"name":"Kezd\u0151lap","item":"https:\/\/tajkertesz.com\/"},{"@type":"ListItem","position":3,"name":"Fiskars XL automata t\u00f6ml\u0151dob t\u00f6ml\u0151kocsi 1025932"}]},{"@type":"WebSite","@id":"https:\/\/tajkertesz.com\/#website","url":"https:\/\/tajkertesz.com\/","name":"T\u00e1j-Kert\u00e9sz 84 Kft.","description":"Kert\u00e9szeti kis- \u00e9s nagykeresked\u00e9s, D\u00edszn\u00f6v\u00e9ny web\u00e1ruh\u00e1z orsz\u00e1gos h\u00e1zhozsz\u00e1ll\u00edt\u00e1ssal!","publisher":{"@id":"https:\/\/tajkertesz.com\/#organization"},"potentialAction":[{"@type":"SearchAction","target":{"@type":"EntryPoint","urlTemplate":"https:\/\/tajkertesz.com\/?s={search_term_string}"},"query-input":{"@type":"PropertyValueSpecification","valueRequired":true,"valueName":"search_term_string"}}],"inLanguage":"en-US"},{"@type":"Organization","@id":"https:\/\/tajkertesz.com\/#organization","name":"T\u00e1j-Kert\u00e9sz 84 Kft.","url":"https:\/\/tajkertesz.com\/","logo":{"@type":"ImageObject","inLanguage":"en-US","@id":"https:\/\/tajkertesz.com\/#\/schema\/logo\/image\/","url":"https:\/\/tajkertesz.com\/wp-content\/uploads\/2018\/02\/logo-2-e1518678052539.png","contentUrl":"https:\/\/tajkertesz.com\/wp-content\/uploads\/2018\/02\/logo-2-e1518678052539.png","width":81,"height":140,"caption":"T\u00e1j-Kert\u00e9sz 84 Kft."},"image":{"@id":"https:\/\/tajkertesz.com\/#\/schema\/logo\/image\/"},"sameAs":["https:\/\/www.facebook.com\/Tajkertesz\/"]}]}},"_links":{"self":[{"href":"https:\/\/tajkertesz.com\/en_US\/wp-json\/wp\/v2\/product\/20142","targetHints":{"allow":["GET"]}}],"collection":[{"href":"https:\/\/tajkertesz.com\/en_US\/wp-json\/wp\/v2\/product"}],"about":[{"href":"https:\/\/tajkertesz.com\/en_US\/wp-json\/wp\/v2\/types\/product"}],"wp:featuredmedia":[{"embeddable":true,"href":"https:\/\/tajkertesz.com\/en_US\/wp-json\/wp\/v2\/media\/20143"}],"wp:attachment":[{"href":"https:\/\/tajkertesz.com\/en_US\/wp-json\/wp\/v2\/media?parent=20142"}],"wp:term":[{"taxonomy":"product_brand","embeddable":true,"href":"https:\/\/tajkertesz.com\/en_US\/wp-json\/wp\/v2\/product_brand?post=20142"},{"taxonomy":"product_cat","embeddable":true,"href":"https:\/\/tajkertesz.com\/en_US\/wp-json\/wp\/v2\/product_cat?post=20142"},{"taxonomy":"product_tag","embeddable":true,"href":"https:\/\/tajkertesz.com\/en_US\/wp-json\/wp\/v2\/product_tag?post=20142"}],"curies":[{"name":"wp","href":"https:\/\/api.w.org\/{rel}","templated":true}]}}