{"id":20151,"date":"2024-04-18T13:38:03","date_gmt":"2024-04-18T13:38:03","guid":{"rendered":"https:\/\/tajkertesz.com\/?post_type=product&#038;p=20151"},"modified":"2026-02-12T15:21:22","modified_gmt":"2026-02-12T15:21:22","slug":"fiskars-ergonomic-kerti-villa-szurke","status":"publish","type":"product","link":"https:\/\/tajkertesz.com\/en_US\/product\/fiskars-ergonomic-kerti-villa-szurke\/","title":{"rendered":"Fiskars Ergonomic kerti villa sz\u00fcrke"},"content":{"rendered":"<h2>Fiskars Ergonomic kerti villa sz\u00fcrke<\/h2>\n<p>Fiskars Ergonomic kerti villa sz\u00fcrke<\/p>\n<p>A Fiskars Ergonomic\u2122 szersz\u00e1mait t\u00f6k\u00e9letesen optimaliz\u00e1lt\u00e1k a k\u00e9nyelemb\u0151l \u2013 a testeddel egy\u00fcttm\u0171k\u00f6dve cs\u00f6kkentik a terhel\u00e9st \u00e9s jav\u00edtj\u00e1k a teljes\u00edtm\u00e9nyt.<\/p>\n<p>Az Ergonomic\u2122 kerti villa t\u00f6k\u00e9letes eszk\u00f6z a kem\u00e9ny talaj felt\u00f6r\u00e9s\u00e9re \u00e9s a terjedelmes anyagok, p\u00e9ld\u00e1ul levelek, talajtakar\u00f3, sz\u00e9na \u00e9s ny\u00edrt f\u0171 mozgat\u00e1s\u00e1ra.<\/p>\n<p>A ferde ny\u00e9l \u00e9s a foganty\u00fa seg\u00edt a test \u00e9s a csukl\u00f3 term\u00e9szetes helyzetben tart\u00e1s\u00e1ban emel\u00e9s k\u00f6zben, cs\u00f6kkentve a terhel\u00e9st munka k\u00f6zben.<\/p>\n<p>A D-alak\u00fa foganty\u00fa minden k\u00e9zm\u00e9rethez illeszkedik, keszty\u0171vel vagy an\u00e9lk\u00fcl. A kov\u00e1csolt ac\u00e9l fogak \u00e9s a ny\u00e9l k\u00f6z\u00f6tti er\u0151s kapcsolat n\u00f6veli a tart\u00f3ss\u00e1got a kem\u00e9ny talajba val\u00f3 behajt\u00e1shoz.<\/p>\n<p>A k\u00f6nnycsepp alak\u00fa ac\u00e9l sz\u00e1r SoftGrip-pel szint\u00e9n rendk\u00edv\u00fcl tart\u00f3s, mik\u00f6zben seg\u00edt maximaliz\u00e1lni a tapad\u00e1st \u00e9s szigetelni a hidegt\u0151l.<\/p>\n<ul>\n<li>A Fiskars Ergonomic\u2122 kerti vill\u00e1t a k\u00e9nyelemre optimaliz\u00e1lt\u00e1k \u2013 hogy a testeddel egy\u00fctt dolgozzon<\/li>\n<li>A kov\u00e1csolt fogak ide\u00e1lisak a talaj felt\u00f6r\u00e9s\u00e9re \u00e9s a terjedelmes anyagok mozgat\u00e1s\u00e1ra, mint a levelek, talajtakar\u00f3, sz\u00e9na \u00e9s ny\u00edrt f\u0171<\/li>\n<li>A ny\u00e9l Ergonomic\u2122 emel\u00e9si sz\u00f6ggel rendelkezik, hogy minim\u00e1lisra cs\u00f6kkentse a h\u00e1t \u00e9s a v\u00e1llak terhel\u00e9s\u00e9t<\/li>\n<li>A ferde foganty\u00fa semleges helyzetben tartja a kezet \u00e9s a csukl\u00f3t<\/li>\n<li>A b\u00f3rac\u00e9l ny\u00e9l SoftGrip bevonattal rendelkezik a hidegszigetel\u00e9s \u00e9s a szil\u00e1rd fog\u00e1s \u00e9rdek\u00e9ben<\/li>\n<li>A vill\u00e1kat kov\u00e1csolt\u00e1k a nagyobb szil\u00e1rds\u00e1g \u00e9s tart\u00f3ss\u00e1g \u00e9rdek\u00e9ben<\/li>\n<li>Cs\u00fasz\u00e1smentes markolat a tengelyen a jobb ir\u00e1ny\u00edthat\u00f3s\u00e1g \u00e9rdek\u00e9ben<\/li>\n<li>B\u00f3rac\u00e9lb\u00f3l k\u00e9sz\u00fclt a szil\u00e1rds\u00e1g \u00e9rdek\u00e9ben<\/li>\n<\/ul>\n<p>&nbsp;<\/p>\n<p>El\u00e9rhet\u0151 t\u00f6bbf\u00e9le m\u00e9retben \u00e9s \u00e1rban.<\/p>\n<p><strong>K\u00e9szlet\u00fcnk napi szinten v\u00e1ltozik, ez\u00e9rt k\u00e9rj\u00fck, \u00e9rdekl\u0151dj\u00f6n szem\u00e9lyesen, telefonon vagy email-en.<br \/>\nA v\u00e1ltoztat\u00e1s jog\u00e1t fenntartjuk!\u00a0<\/strong><\/p>\n<p><a href=\"https:\/\/tajkertesz.com\/\">https:\/\/tajkertesz.com\/<\/a><\/p>\n<p><a href=\"https:\/\/www.facebook.com\/tajkertesz\/\">https:\/\/www.facebook.com\/tajkertesz\/<\/a><\/p>\n<p>Kisz\u00e1ll\u00edt\u00e1s: 200cm-ig \u00a0\u00e9s 40 kg-ig a sz\u00e1ll\u00edt\u00e1s fut\u00e1rszolg\u00e1lattal \u00a0t\u00f6rt\u00e9nik.<\/p>\n<p>Szem\u00e9lyes \u00e1tv\u00e9tel nyitvatart\u00e1si id\u0151ben a 17. ker\u00fclet Bakancsos utca 7. sz\u00e1m alatti Kert\u00e9szeti \u00e1rud\u00e1nkban.<\/p>","protected":false},"excerpt":{"rendered":"<p>A Fiskars Ergonomic\u2122 kerti vill\u00e1t a k\u00e9nyelemre optimaliz\u00e1lt\u00e1k \u2013 hogy a testeddel egy\u00fctt dolgozzon<\/p>\n<p>A kov\u00e1csolt fogak ide\u00e1lisak a talaj felt\u00f6r\u00e9s\u00e9re \u00e9s a terjedelmes anyagok mozgat\u00e1s\u00e1ra, mint a levelek, talajtakar\u00f3, sz\u00e9na \u00e9s ny\u00edrt f\u0171&#8230;<\/p>","protected":false},"featured_media":20152,"template":"","meta":{"_et_pb_use_builder":"","_et_pb_old_content":"","_et_gb_content_width":""},"product_brand":[],"product_cat":[4637],"product_tag":[5133,116,5132,4565,4641],"class_list":{"0":"post-20151","1":"product","2":"type-product","3":"status-publish","4":"has-post-thumbnail","6":"product_cat-fiskars-aso-kapa-villa-gereblye","7":"product_tag-asovilla","8":"product_tag-fiskars","9":"product_tag-fiskars-ergonomic-kerti-villa-szurke","10":"product_tag-szerszam","11":"product_tag-villa","13":"first","14":"instock","15":"shipping-taxable","16":"purchasable","17":"product-type-simple"},"yoast_head":"<!-- This site is optimized with the Yoast SEO plugin v27.4 - https:\/\/yoast.com\/product\/yoast-seo-wordpress\/ -->\n<title>Fiskars Ergonomic kerti villa sz\u00fcrke - T\u00e1jkert\u00e9sz<\/title>\n<meta name=\"description\" content=\"Fiskars Ergonomic kerti villa sz\u00fcrke. T\u00f6k\u00e9letes eszk\u00f6z a kem\u00e9ny talaj felt\u00f6r\u00e9s\u00e9re \u00e9s a terjedelmes anyagok, p\u00e9ld\u00e1ul levelek, talajtakar\u00f3, sz\u00e9na \u00e9s ny\u00edrt f\u0171\" \/>\n<meta name=\"robots\" content=\"index, follow, max-snippet:-1, max-image-preview:large, max-video-preview:-1\" \/>\n<link rel=\"canonical\" href=\"https:\/\/tajkertesz.com\/en_US\/product\/fiskars-ergonomic-kerti-villa-szurke\/\" \/>\n<meta property=\"og:locale\" content=\"en_US\" \/>\n<meta property=\"og:type\" content=\"article\" \/>\n<meta property=\"og:title\" content=\"Fiskars Ergonomic kerti villa sz\u00fcrke - T\u00e1jkert\u00e9sz\" \/>\n<meta property=\"og:description\" content=\"Fiskars Ergonomic kerti villa sz\u00fcrke. T\u00f6k\u00e9letes eszk\u00f6z a kem\u00e9ny talaj felt\u00f6r\u00e9s\u00e9re \u00e9s a terjedelmes anyagok, p\u00e9ld\u00e1ul levelek, talajtakar\u00f3, sz\u00e9na \u00e9s ny\u00edrt f\u0171\" \/>\n<meta property=\"og:url\" content=\"https:\/\/tajkertesz.com\/en_US\/product\/fiskars-ergonomic-kerti-villa-szurke\/\" \/>\n<meta property=\"og:site_name\" content=\"T\u00e1jkert\u00e9sz\" \/>\n<meta property=\"article:publisher\" content=\"https:\/\/www.facebook.com\/Tajkertesz\/\" \/>\n<meta property=\"article:modified_time\" content=\"2026-02-12T15:21:22+00:00\" \/>\n<meta property=\"og:image\" content=\"https:\/\/tajkertesz.com\/wp-content\/uploads\/2024\/04\/1070712.jpg\" \/>\n\t<meta property=\"og:image:width\" content=\"496\" \/>\n\t<meta property=\"og:image:height\" content=\"664\" \/>\n\t<meta property=\"og:image:type\" content=\"image\/jpeg\" \/>\n<meta name=\"twitter:card\" content=\"summary_large_image\" \/>\n<meta name=\"twitter:label1\" content=\"Est. reading time\" \/>\n\t<meta name=\"twitter:data1\" content=\"2 minutes\" \/>\n<script type=\"application\/ld+json\" class=\"yoast-schema-graph\">{\"@context\":\"https:\\\/\\\/schema.org\",\"@graph\":[{\"@type\":\"WebPage\",\"@id\":\"https:\\\/\\\/tajkertesz.com\\\/termek\\\/fiskars-ergonomic-kerti-villa-szurke\\\/\",\"url\":\"https:\\\/\\\/tajkertesz.com\\\/termek\\\/fiskars-ergonomic-kerti-villa-szurke\\\/\",\"name\":\"Fiskars Ergonomic kerti villa sz\u00fcrke - T\u00e1jkert\u00e9sz\",\"isPartOf\":{\"@id\":\"https:\\\/\\\/tajkertesz.com\\\/#website\"},\"primaryImageOfPage\":{\"@id\":\"https:\\\/\\\/tajkertesz.com\\\/termek\\\/fiskars-ergonomic-kerti-villa-szurke\\\/#primaryimage\"},\"image\":{\"@id\":\"https:\\\/\\\/tajkertesz.com\\\/termek\\\/fiskars-ergonomic-kerti-villa-szurke\\\/#primaryimage\"},\"thumbnailUrl\":\"https:\\\/\\\/tajkertesz.com\\\/wp-content\\\/uploads\\\/2024\\\/04\\\/1070712.jpg\",\"datePublished\":\"2024-04-18T13:38:03+00:00\",\"dateModified\":\"2026-02-12T15:21:22+00:00\",\"description\":\"Fiskars Ergonomic kerti villa sz\u00fcrke. T\u00f6k\u00e9letes eszk\u00f6z a kem\u00e9ny talaj felt\u00f6r\u00e9s\u00e9re \u00e9s a terjedelmes anyagok, p\u00e9ld\u00e1ul levelek, talajtakar\u00f3, sz\u00e9na \u00e9s ny\u00edrt f\u0171\",\"breadcrumb\":{\"@id\":\"https:\\\/\\\/tajkertesz.com\\\/termek\\\/fiskars-ergonomic-kerti-villa-szurke\\\/#breadcrumb\"},\"inLanguage\":\"en-US\",\"potentialAction\":[{\"@type\":\"ReadAction\",\"target\":[\"https:\\\/\\\/tajkertesz.com\\\/termek\\\/fiskars-ergonomic-kerti-villa-szurke\\\/\"]}]},{\"@type\":\"ImageObject\",\"inLanguage\":\"en-US\",\"@id\":\"https:\\\/\\\/tajkertesz.com\\\/termek\\\/fiskars-ergonomic-kerti-villa-szurke\\\/#primaryimage\",\"url\":\"https:\\\/\\\/tajkertesz.com\\\/wp-content\\\/uploads\\\/2024\\\/04\\\/1070712.jpg\",\"contentUrl\":\"https:\\\/\\\/tajkertesz.com\\\/wp-content\\\/uploads\\\/2024\\\/04\\\/1070712.jpg\",\"width\":496,\"height\":664},{\"@type\":\"BreadcrumbList\",\"@id\":\"https:\\\/\\\/tajkertesz.com\\\/termek\\\/fiskars-ergonomic-kerti-villa-szurke\\\/#breadcrumb\",\"itemListElement\":[{\"@type\":\"ListItem\",\"position\":1,\"name\":\"Home\",\"item\":\"https:\\\/\\\/tajkertesz.com\\\/\"},{\"@type\":\"ListItem\",\"position\":2,\"name\":\"Kezd\u0151lap\",\"item\":\"https:\\\/\\\/tajkertesz.com\\\/\"},{\"@type\":\"ListItem\",\"position\":3,\"name\":\"Fiskars Ergonomic kerti villa sz\u00fcrke\"}]},{\"@type\":\"WebSite\",\"@id\":\"https:\\\/\\\/tajkertesz.com\\\/#website\",\"url\":\"https:\\\/\\\/tajkertesz.com\\\/\",\"name\":\"T\u00e1j-Kert\u00e9sz 84 Kft.\",\"description\":\"Kert\u00e9szeti kis- \u00e9s nagykeresked\u00e9s, D\u00edszn\u00f6v\u00e9ny web\u00e1ruh\u00e1z orsz\u00e1gos h\u00e1zhozsz\u00e1ll\u00edt\u00e1ssal!\",\"publisher\":{\"@id\":\"https:\\\/\\\/tajkertesz.com\\\/#organization\"},\"potentialAction\":[{\"@type\":\"SearchAction\",\"target\":{\"@type\":\"EntryPoint\",\"urlTemplate\":\"https:\\\/\\\/tajkertesz.com\\\/?s={search_term_string}\"},\"query-input\":{\"@type\":\"PropertyValueSpecification\",\"valueRequired\":true,\"valueName\":\"search_term_string\"}}],\"inLanguage\":\"en-US\"},{\"@type\":\"Organization\",\"@id\":\"https:\\\/\\\/tajkertesz.com\\\/#organization\",\"name\":\"T\u00e1j-Kert\u00e9sz 84 Kft.\",\"url\":\"https:\\\/\\\/tajkertesz.com\\\/\",\"logo\":{\"@type\":\"ImageObject\",\"inLanguage\":\"en-US\",\"@id\":\"https:\\\/\\\/tajkertesz.com\\\/#\\\/schema\\\/logo\\\/image\\\/\",\"url\":\"https:\\\/\\\/tajkertesz.com\\\/wp-content\\\/uploads\\\/2018\\\/02\\\/logo-2-e1518678052539.png\",\"contentUrl\":\"https:\\\/\\\/tajkertesz.com\\\/wp-content\\\/uploads\\\/2018\\\/02\\\/logo-2-e1518678052539.png\",\"width\":81,\"height\":140,\"caption\":\"T\u00e1j-Kert\u00e9sz 84 Kft.\"},\"image\":{\"@id\":\"https:\\\/\\\/tajkertesz.com\\\/#\\\/schema\\\/logo\\\/image\\\/\"},\"sameAs\":[\"https:\\\/\\\/www.facebook.com\\\/Tajkertesz\\\/\"]}]}<\/script>\n<!-- \/ Yoast SEO plugin. -->","yoast_head_json":{"title":"Fiskars Ergonomic kerti villa sz\u00fcrke - T\u00e1jkert\u00e9sz","description":"Fiskars Ergonomic kerti villa sz\u00fcrke. T\u00f6k\u00e9letes eszk\u00f6z a kem\u00e9ny talaj felt\u00f6r\u00e9s\u00e9re \u00e9s a terjedelmes anyagok, p\u00e9ld\u00e1ul levelek, talajtakar\u00f3, sz\u00e9na \u00e9s ny\u00edrt f\u0171","robots":{"index":"index","follow":"follow","max-snippet":"max-snippet:-1","max-image-preview":"max-image-preview:large","max-video-preview":"max-video-preview:-1"},"canonical":"https:\/\/tajkertesz.com\/en_US\/product\/fiskars-ergonomic-kerti-villa-szurke\/","og_locale":"en_US","og_type":"article","og_title":"Fiskars Ergonomic kerti villa sz\u00fcrke - T\u00e1jkert\u00e9sz","og_description":"Fiskars Ergonomic kerti villa sz\u00fcrke. T\u00f6k\u00e9letes eszk\u00f6z a kem\u00e9ny talaj felt\u00f6r\u00e9s\u00e9re \u00e9s a terjedelmes anyagok, p\u00e9ld\u00e1ul levelek, talajtakar\u00f3, sz\u00e9na \u00e9s ny\u00edrt f\u0171","og_url":"https:\/\/tajkertesz.com\/en_US\/product\/fiskars-ergonomic-kerti-villa-szurke\/","og_site_name":"T\u00e1jkert\u00e9sz","article_publisher":"https:\/\/www.facebook.com\/Tajkertesz\/","article_modified_time":"2026-02-12T15:21:22+00:00","og_image":[{"width":496,"height":664,"url":"https:\/\/tajkertesz.com\/wp-content\/uploads\/2024\/04\/1070712.jpg","type":"image\/jpeg"}],"twitter_card":"summary_large_image","twitter_misc":{"Est. reading time":"2 minutes"},"schema":{"@context":"https:\/\/schema.org","@graph":[{"@type":"WebPage","@id":"https:\/\/tajkertesz.com\/termek\/fiskars-ergonomic-kerti-villa-szurke\/","url":"https:\/\/tajkertesz.com\/termek\/fiskars-ergonomic-kerti-villa-szurke\/","name":"Fiskars Ergonomic kerti villa sz\u00fcrke - T\u00e1jkert\u00e9sz","isPartOf":{"@id":"https:\/\/tajkertesz.com\/#website"},"primaryImageOfPage":{"@id":"https:\/\/tajkertesz.com\/termek\/fiskars-ergonomic-kerti-villa-szurke\/#primaryimage"},"image":{"@id":"https:\/\/tajkertesz.com\/termek\/fiskars-ergonomic-kerti-villa-szurke\/#primaryimage"},"thumbnailUrl":"https:\/\/tajkertesz.com\/wp-content\/uploads\/2024\/04\/1070712.jpg","datePublished":"2024-04-18T13:38:03+00:00","dateModified":"2026-02-12T15:21:22+00:00","description":"Fiskars Ergonomic kerti villa sz\u00fcrke. T\u00f6k\u00e9letes eszk\u00f6z a kem\u00e9ny talaj felt\u00f6r\u00e9s\u00e9re \u00e9s a terjedelmes anyagok, p\u00e9ld\u00e1ul levelek, talajtakar\u00f3, sz\u00e9na \u00e9s ny\u00edrt f\u0171","breadcrumb":{"@id":"https:\/\/tajkertesz.com\/termek\/fiskars-ergonomic-kerti-villa-szurke\/#breadcrumb"},"inLanguage":"en-US","potentialAction":[{"@type":"ReadAction","target":["https:\/\/tajkertesz.com\/termek\/fiskars-ergonomic-kerti-villa-szurke\/"]}]},{"@type":"ImageObject","inLanguage":"en-US","@id":"https:\/\/tajkertesz.com\/termek\/fiskars-ergonomic-kerti-villa-szurke\/#primaryimage","url":"https:\/\/tajkertesz.com\/wp-content\/uploads\/2024\/04\/1070712.jpg","contentUrl":"https:\/\/tajkertesz.com\/wp-content\/uploads\/2024\/04\/1070712.jpg","width":496,"height":664},{"@type":"BreadcrumbList","@id":"https:\/\/tajkertesz.com\/termek\/fiskars-ergonomic-kerti-villa-szurke\/#breadcrumb","itemListElement":[{"@type":"ListItem","position":1,"name":"Home","item":"https:\/\/tajkertesz.com\/"},{"@type":"ListItem","position":2,"name":"Kezd\u0151lap","item":"https:\/\/tajkertesz.com\/"},{"@type":"ListItem","position":3,"name":"Fiskars Ergonomic kerti villa sz\u00fcrke"}]},{"@type":"WebSite","@id":"https:\/\/tajkertesz.com\/#website","url":"https:\/\/tajkertesz.com\/","name":"T\u00e1j-Kert\u00e9sz 84 Kft.","description":"Kert\u00e9szeti kis- \u00e9s nagykeresked\u00e9s, D\u00edszn\u00f6v\u00e9ny web\u00e1ruh\u00e1z orsz\u00e1gos h\u00e1zhozsz\u00e1ll\u00edt\u00e1ssal!","publisher":{"@id":"https:\/\/tajkertesz.com\/#organization"},"potentialAction":[{"@type":"SearchAction","target":{"@type":"EntryPoint","urlTemplate":"https:\/\/tajkertesz.com\/?s={search_term_string}"},"query-input":{"@type":"PropertyValueSpecification","valueRequired":true,"valueName":"search_term_string"}}],"inLanguage":"en-US"},{"@type":"Organization","@id":"https:\/\/tajkertesz.com\/#organization","name":"T\u00e1j-Kert\u00e9sz 84 Kft.","url":"https:\/\/tajkertesz.com\/","logo":{"@type":"ImageObject","inLanguage":"en-US","@id":"https:\/\/tajkertesz.com\/#\/schema\/logo\/image\/","url":"https:\/\/tajkertesz.com\/wp-content\/uploads\/2018\/02\/logo-2-e1518678052539.png","contentUrl":"https:\/\/tajkertesz.com\/wp-content\/uploads\/2018\/02\/logo-2-e1518678052539.png","width":81,"height":140,"caption":"T\u00e1j-Kert\u00e9sz 84 Kft."},"image":{"@id":"https:\/\/tajkertesz.com\/#\/schema\/logo\/image\/"},"sameAs":["https:\/\/www.facebook.com\/Tajkertesz\/"]}]}},"_links":{"self":[{"href":"https:\/\/tajkertesz.com\/en_US\/wp-json\/wp\/v2\/product\/20151","targetHints":{"allow":["GET"]}}],"collection":[{"href":"https:\/\/tajkertesz.com\/en_US\/wp-json\/wp\/v2\/product"}],"about":[{"href":"https:\/\/tajkertesz.com\/en_US\/wp-json\/wp\/v2\/types\/product"}],"wp:featuredmedia":[{"embeddable":true,"href":"https:\/\/tajkertesz.com\/en_US\/wp-json\/wp\/v2\/media\/20152"}],"wp:attachment":[{"href":"https:\/\/tajkertesz.com\/en_US\/wp-json\/wp\/v2\/media?parent=20151"}],"wp:term":[{"taxonomy":"product_brand","embeddable":true,"href":"https:\/\/tajkertesz.com\/en_US\/wp-json\/wp\/v2\/product_brand?post=20151"},{"taxonomy":"product_cat","embeddable":true,"href":"https:\/\/tajkertesz.com\/en_US\/wp-json\/wp\/v2\/product_cat?post=20151"},{"taxonomy":"product_tag","embeddable":true,"href":"https:\/\/tajkertesz.com\/en_US\/wp-json\/wp\/v2\/product_tag?post=20151"}],"curies":[{"name":"wp","href":"https:\/\/api.w.org\/{rel}","templated":true}]}}