{"id":20183,"date":"2024-04-22T13:42:03","date_gmt":"2024-04-22T13:42:03","guid":{"rendered":"https:\/\/tajkertesz.com\/?post_type=product&#038;p=20183"},"modified":"2026-03-14T14:24:31","modified_gmt":"2026-03-14T14:24:31","slug":"diospiros-kaki-vaniglia-datolyaszilva","status":"publish","type":"product","link":"https:\/\/tajkertesz.com\/en_US\/product\/diospiros-kaki-vaniglia-datolyaszilva\/","title":{"rendered":"Diospiros kaki &#8216;Vaniglia&#8217; &#8211; Datolyaszilva"},"content":{"rendered":"<h2>Diospiros kaki &#8216;Vaniglia&#8217; &#8211; Datolyaszilva<\/h2>\n<p>A Diospiros kaki &#8216;Vaniglia&#8217; &#8211; Datolyaszilva 6-9 m magas, lombhullat\u00f3, g\u00f6mb\u00f6ly\u0171, laza koron\u00e1j\u00fa fa. A 2\u20133 cm-es nem felt\u0171n\u0151 vir\u00e1gok egyes\u00e9vel, ny\u00e1r elej\u00e9n ny\u00edlnak. Mivel novemberben \u00e9rik \u00e9s ut\u00f3\u00e9r\u00e9s n\u00e9lk\u00fcl fanyar, sem a madarak, sem a rovarok nem k\u00e1ros\u00edtj\u00e1k. Elliptikus vagy toj\u00e1sdad, r\u00f6vid, tompa cs\u00facs\u00fa, a lev\u00e9l sz\u00edn\u00e9n f\u00e9nyes s\u00f6t\u00e9tz\u00f6ld, fon\u00e1kj\u00e1n ez\u00fcst\u00f6s barna sz\u0151r\u0171, \u00e9s lombhull\u00e1s el\u0151tt s\u00e1rg\u00e1ra vagy narancsv\u00f6r\u00f6sre sz\u00ednez\u0151dik. A datolyaszilva (Diospyros kaki) a hangavir\u00e1g\u00faak (Ericales) rendj\u00e9be \u00e9s az \u00e9benfaf\u00e9l\u00e9k (Ebenaceae) csal\u00e1dj\u00e1ba tartoz\u00f3 \u0151si kult\u00farn\u00f6v\u00e9nyfaj. Egy\u00e9b nevei: sharonfruit, hurma, k\u00e1k\u00f3, persimon, kakiszilva. D\u00e9lkelet-\u00c1zsia, K\u00edna \u00e9s India \u0151si kult\u00farn\u00f6v\u00e9nye. T\u00e1vol-Kelet kertjeit\u0151l Amerik\u00e1ig minden\u00fctt megtal\u00e1lhat\u00f3 a szubtr\u00f3pusi \u00e9s a szubmediterr\u00e1n kl\u00edm\u00e1ban.<\/p>\n<p>A datolyaszilva legfeljebb 15 m magas, lombhullat\u00f3, g\u00f6mb\u00f6ly\u0171, laza koron\u00e1j\u00fa, egy- vagy k\u00e9tlaki fa. Levelei sz\u00f3rt \u00e1ll\u00e1s\u00faak, b\u0151rnem\u0171ek. Lemeze (25\u00d710 cm) elliptikus vagy toj\u00e1sdad, r\u00f6vid, tompa cs\u00facs\u00fa, a lev\u00e9l sz\u00edn\u00e9n f\u00e9nyes s\u00f6t\u00e9tz\u00f6ld, fon\u00e1kj\u00e1n ez\u00fcst\u00f6s barna sz\u0151r\u0171, \u00e9s lombhull\u00e1s el\u0151tt s\u00e1rg\u00e1ra vagy narancsv\u00f6r\u00f6sre sz\u00ednez\u0151dik. A barna sz\u0151r\u0171 lev\u00e9lny\u00e9l kb. 2,5 cm-es. A 4 tag\u00fa, lev\u00e9lh\u00f3nalji, cs\u00fcng\u0151 vir\u00e1gok egyivar\u00faak, cs\u00e9szeleveleik \u00e9s szirmaik az als\u00f3 fel\u00fck\u00f6n cs\u0151szer\u0171en \u00f6sszeforrtak. Nagy, b\u0151rszer\u0171, f\u00e9nyes levelei sz\u00e9p d\u00edszek, igazi mediterr\u00e1n hangulatot keltenek.<\/p>\n<p>Az \u00e9rett gy\u00fcm\u00f6lcs narancss\u00e1rga sz\u00edn\u0171, h\u00fasa l\u00e1gy, l\u00e9d\u00fas \u00e9s sz\u00e9tolvad az ember sz\u00e1j\u00e1ban.<\/p>\n<p>A fiatal n\u00f6v\u00e9nyeket v\u00e9deni kell a t\u00e9li fagyokt\u00f3l.<\/p>\n<p>A t\u00f6bb \u00e9ves p\u00e9ld\u00e1nyok m\u00e1r minden fagynak ellen\u00e1llnak.<\/p>\n<p>\u00d6nterm\u00e9keny, ez\u00e9rt egy p\u00e9ld\u00e1ny is b\u0151ven terem.<\/p>\n<p><strong>&#8216;Vaniglia&#8217;:<\/strong><\/p>\n<p>Olaszorsz\u00e1gb\u00f3l sz\u00e1rmaz\u00f3, r\u00e9g\u00f3ta termesztett, nagyon b\u0151term\u0151\u00a0fajta.<\/p>\n<p>Kisebb term\u00e9s\u0171, de igen finom, kem\u00e9nyen sem fanyar a gy\u00fcm\u00f6lcse.<\/p>\n<p>Term\u00e9se vil\u00e1gosabb sz\u00edn\u0171, kiss\u00e9 gerezdekre osztott,\u00a0kerek, narancss\u00e1rga sz\u00edn\u0171, narancss\u00e1rga h\u00fassal, enyhe van\u00edlia arom\u00e1val.<\/p>\n<p>Csersavmentes!<\/p>\n<p>Okt\u00f3ber v\u00e9g\u00e9n m\u00e1r sz\u00fcretelve fogyaszthat\u00f3, akkor kem\u00e9ny \u00e9s ropog\u00f3s. Ha hagyjuk megpuhulni, akkor sokkal \u00e9desebb.<\/p>\n<p>Er\u0151s n\u00f6veked\u00e9s\u0171 f\u00e1ja \u00e1ltal\u00e1ban m\u00e1r a harmadik \u00e9vt\u0151l terem.<\/p>\n<p>Nagyon j\u00f3 fagyt\u0171r\u0151! (-17\u00b0C)<\/p>\n<p>&nbsp;<\/p>\n<p>El\u00e9rhet\u0151 t\u00f6bbf\u00e9le m\u00e9retben \u00e9s \u00e1rban.<\/p>\n<p><strong>K\u00e9szlet\u00fcnk napi szinten v\u00e1ltozik, ez\u00e9rt k\u00e9rj\u00fck, \u00e9rdekl\u0151dj\u00f6n szem\u00e9lyesen, telefonon vagy email-en.<br \/>\nA v\u00e1ltoztat\u00e1s jog\u00e1t fenntartjuk!\u00a0<\/strong><\/p>\n<p><a href=\"https:\/\/tajkertesz.com\/\">https:\/\/tajkertesz.com\/<\/a><\/p>\n<p><a href=\"https:\/\/www.facebook.com\/tajkertesz\/\">https:\/\/www.facebook.com\/tajkertesz\/<\/a><\/p>\n<p>Kisz\u00e1ll\u00edt\u00e1s: 200cm-ig \u00a0\u00e9s 40 kg-ig a sz\u00e1ll\u00edt\u00e1s fut\u00e1rszolg\u00e1lattal \u00a0t\u00f6rt\u00e9nik.<\/p>\n<p>Szem\u00e9lyes \u00e1tv\u00e9tel nyitvatart\u00e1si id\u0151ben a 17. ker\u00fclet Bakancsos utca 7. sz\u00e1m alatti Kert\u00e9szeti \u00e1rud\u00e1nkban.<\/p>","protected":false},"excerpt":{"rendered":"<p>Olaszorsz\u00e1gb\u00f3l sz\u00e1rmaz\u00f3, r\u00e9g\u00f3ta termesztett, nagyon b\u0151term\u0151 fajta. Csersavmentes! Nagyon j\u00f3 fagyt\u0171r\u0151! (-17\u00b0C)&#8230;<\/p>\n<p>Kont\u00e9ner m\u00e9rete: 15L<\/p>\n<p>N\u00f6v\u00e9ny magass\u00e1ga: 175\/200cm<\/p>","protected":false},"featured_media":20184,"template":"","meta":{"_et_pb_use_builder":"","_et_pb_old_content":"","_et_gb_content_width":""},"product_brand":[],"product_cat":[29],"product_tag":[5145,1427,5068,5146],"class_list":{"0":"post-20183","1":"product","2":"type-product","3":"status-publish","4":"has-post-thumbnail","6":"product_cat-gyumolcsfak-gyumolcstermo-novenyek","7":"product_tag-diospiros-kaki-vaniglia-datolyaszilva","8":"product_tag-gyumolcsfa","9":"product_tag-gyumolcstermo","10":"product_tag-kakiszilva","12":"first","13":"instock","14":"shipping-taxable","15":"purchasable","16":"product-type-simple"},"yoast_head":"<!-- This site is optimized with the Yoast SEO plugin v27.3 - https:\/\/yoast.com\/product\/yoast-seo-wordpress\/ -->\n<title>Diospiros kaki &#039;Vaniglia&#039; - Datolyaszilva - T\u00e1jkert\u00e9sz<\/title>\n<meta name=\"description\" content=\"Diospiros kaki &#039;Vaniglia&#039; Datolyaszilva datolyaszilva legfeljebb 15 m magas, lombhullat\u00f3, g\u00f6mb\u00f6ly\u0171, laza koron\u00e1j\u00fa, egy- vagy k\u00e9tlaki fa.\" \/>\n<meta name=\"robots\" content=\"index, follow, max-snippet:-1, max-image-preview:large, max-video-preview:-1\" \/>\n<link rel=\"canonical\" href=\"https:\/\/tajkertesz.com\/en_US\/product\/diospiros-kaki-vaniglia-datolyaszilva\/\" \/>\n<meta property=\"og:locale\" content=\"en_US\" \/>\n<meta property=\"og:type\" content=\"article\" \/>\n<meta property=\"og:title\" content=\"Diospiros kaki &#039;Vaniglia&#039; - Datolyaszilva - T\u00e1jkert\u00e9sz\" \/>\n<meta property=\"og:description\" content=\"Diospiros kaki &#039;Vaniglia&#039; Datolyaszilva datolyaszilva legfeljebb 15 m magas, lombhullat\u00f3, g\u00f6mb\u00f6ly\u0171, laza koron\u00e1j\u00fa, egy- vagy k\u00e9tlaki fa.\" \/>\n<meta property=\"og:url\" content=\"https:\/\/tajkertesz.com\/en_US\/product\/diospiros-kaki-vaniglia-datolyaszilva\/\" \/>\n<meta property=\"og:site_name\" content=\"T\u00e1jkert\u00e9sz\" \/>\n<meta property=\"article:publisher\" content=\"https:\/\/www.facebook.com\/Tajkertesz\/\" \/>\n<meta property=\"article:modified_time\" content=\"2026-03-14T14:24:31+00:00\" \/>\n<meta property=\"og:image\" content=\"https:\/\/tajkertesz.com\/wp-content\/uploads\/2024\/04\/438222869_838004555009287_1401076799939101096_n.jpg\" \/>\n\t<meta property=\"og:image:width\" content=\"923\" \/>\n\t<meta property=\"og:image:height\" content=\"2048\" \/>\n\t<meta property=\"og:image:type\" content=\"image\/jpeg\" \/>\n<meta name=\"twitter:card\" content=\"summary_large_image\" \/>\n<meta name=\"twitter:label1\" content=\"Est. reading time\" \/>\n\t<meta name=\"twitter:data1\" content=\"2 minutes\" \/>\n<script type=\"application\/ld+json\" class=\"yoast-schema-graph\">{\"@context\":\"https:\\\/\\\/schema.org\",\"@graph\":[{\"@type\":\"WebPage\",\"@id\":\"https:\\\/\\\/tajkertesz.com\\\/termek\\\/diospiros-kaki-vaniglia-datolyaszilva\\\/\",\"url\":\"https:\\\/\\\/tajkertesz.com\\\/termek\\\/diospiros-kaki-vaniglia-datolyaszilva\\\/\",\"name\":\"Diospiros kaki 'Vaniglia' - Datolyaszilva - T\u00e1jkert\u00e9sz\",\"isPartOf\":{\"@id\":\"https:\\\/\\\/tajkertesz.com\\\/#website\"},\"primaryImageOfPage\":{\"@id\":\"https:\\\/\\\/tajkertesz.com\\\/termek\\\/diospiros-kaki-vaniglia-datolyaszilva\\\/#primaryimage\"},\"image\":{\"@id\":\"https:\\\/\\\/tajkertesz.com\\\/termek\\\/diospiros-kaki-vaniglia-datolyaszilva\\\/#primaryimage\"},\"thumbnailUrl\":\"https:\\\/\\\/tajkertesz.com\\\/wp-content\\\/uploads\\\/2024\\\/04\\\/438222869_838004555009287_1401076799939101096_n.jpg\",\"datePublished\":\"2024-04-22T13:42:03+00:00\",\"dateModified\":\"2026-03-14T14:24:31+00:00\",\"description\":\"Diospiros kaki 'Vaniglia' Datolyaszilva datolyaszilva legfeljebb 15 m magas, lombhullat\u00f3, g\u00f6mb\u00f6ly\u0171, laza koron\u00e1j\u00fa, egy- vagy k\u00e9tlaki fa.\",\"breadcrumb\":{\"@id\":\"https:\\\/\\\/tajkertesz.com\\\/termek\\\/diospiros-kaki-vaniglia-datolyaszilva\\\/#breadcrumb\"},\"inLanguage\":\"en-US\",\"potentialAction\":[{\"@type\":\"ReadAction\",\"target\":[\"https:\\\/\\\/tajkertesz.com\\\/termek\\\/diospiros-kaki-vaniglia-datolyaszilva\\\/\"]}]},{\"@type\":\"ImageObject\",\"inLanguage\":\"en-US\",\"@id\":\"https:\\\/\\\/tajkertesz.com\\\/termek\\\/diospiros-kaki-vaniglia-datolyaszilva\\\/#primaryimage\",\"url\":\"https:\\\/\\\/tajkertesz.com\\\/wp-content\\\/uploads\\\/2024\\\/04\\\/438222869_838004555009287_1401076799939101096_n.jpg\",\"contentUrl\":\"https:\\\/\\\/tajkertesz.com\\\/wp-content\\\/uploads\\\/2024\\\/04\\\/438222869_838004555009287_1401076799939101096_n.jpg\",\"width\":923,\"height\":2048,\"caption\":\"Diospiros kaki 'Vaniglia' - Datolyaszilva\"},{\"@type\":\"BreadcrumbList\",\"@id\":\"https:\\\/\\\/tajkertesz.com\\\/termek\\\/diospiros-kaki-vaniglia-datolyaszilva\\\/#breadcrumb\",\"itemListElement\":[{\"@type\":\"ListItem\",\"position\":1,\"name\":\"Home\",\"item\":\"https:\\\/\\\/tajkertesz.com\\\/\"},{\"@type\":\"ListItem\",\"position\":2,\"name\":\"Kezd\u0151lap\",\"item\":\"https:\\\/\\\/tajkertesz.com\\\/\"},{\"@type\":\"ListItem\",\"position\":3,\"name\":\"Diospiros kaki &#8216;Vaniglia&#8217; &#8211; Datolyaszilva\"}]},{\"@type\":\"WebSite\",\"@id\":\"https:\\\/\\\/tajkertesz.com\\\/#website\",\"url\":\"https:\\\/\\\/tajkertesz.com\\\/\",\"name\":\"T\u00e1j-Kert\u00e9sz 84 Kft.\",\"description\":\"Kert\u00e9szeti kis- \u00e9s nagykeresked\u00e9s, D\u00edszn\u00f6v\u00e9ny web\u00e1ruh\u00e1z orsz\u00e1gos h\u00e1zhozsz\u00e1ll\u00edt\u00e1ssal!\",\"publisher\":{\"@id\":\"https:\\\/\\\/tajkertesz.com\\\/#organization\"},\"potentialAction\":[{\"@type\":\"SearchAction\",\"target\":{\"@type\":\"EntryPoint\",\"urlTemplate\":\"https:\\\/\\\/tajkertesz.com\\\/?s={search_term_string}\"},\"query-input\":{\"@type\":\"PropertyValueSpecification\",\"valueRequired\":true,\"valueName\":\"search_term_string\"}}],\"inLanguage\":\"en-US\"},{\"@type\":\"Organization\",\"@id\":\"https:\\\/\\\/tajkertesz.com\\\/#organization\",\"name\":\"T\u00e1j-Kert\u00e9sz 84 Kft.\",\"url\":\"https:\\\/\\\/tajkertesz.com\\\/\",\"logo\":{\"@type\":\"ImageObject\",\"inLanguage\":\"en-US\",\"@id\":\"https:\\\/\\\/tajkertesz.com\\\/#\\\/schema\\\/logo\\\/image\\\/\",\"url\":\"https:\\\/\\\/tajkertesz.com\\\/wp-content\\\/uploads\\\/2018\\\/02\\\/logo-2-e1518678052539.png\",\"contentUrl\":\"https:\\\/\\\/tajkertesz.com\\\/wp-content\\\/uploads\\\/2018\\\/02\\\/logo-2-e1518678052539.png\",\"width\":81,\"height\":140,\"caption\":\"T\u00e1j-Kert\u00e9sz 84 Kft.\"},\"image\":{\"@id\":\"https:\\\/\\\/tajkertesz.com\\\/#\\\/schema\\\/logo\\\/image\\\/\"},\"sameAs\":[\"https:\\\/\\\/www.facebook.com\\\/Tajkertesz\\\/\"]}]}<\/script>\n<!-- \/ Yoast SEO plugin. -->","yoast_head_json":{"title":"Diospiros kaki 'Vaniglia' - Datolyaszilva - T\u00e1jkert\u00e9sz","description":"Diospiros kaki 'Vaniglia' Datolyaszilva datolyaszilva legfeljebb 15 m magas, lombhullat\u00f3, g\u00f6mb\u00f6ly\u0171, laza koron\u00e1j\u00fa, egy- vagy k\u00e9tlaki fa.","robots":{"index":"index","follow":"follow","max-snippet":"max-snippet:-1","max-image-preview":"max-image-preview:large","max-video-preview":"max-video-preview:-1"},"canonical":"https:\/\/tajkertesz.com\/en_US\/product\/diospiros-kaki-vaniglia-datolyaszilva\/","og_locale":"en_US","og_type":"article","og_title":"Diospiros kaki 'Vaniglia' - Datolyaszilva - T\u00e1jkert\u00e9sz","og_description":"Diospiros kaki 'Vaniglia' Datolyaszilva datolyaszilva legfeljebb 15 m magas, lombhullat\u00f3, g\u00f6mb\u00f6ly\u0171, laza koron\u00e1j\u00fa, egy- vagy k\u00e9tlaki fa.","og_url":"https:\/\/tajkertesz.com\/en_US\/product\/diospiros-kaki-vaniglia-datolyaszilva\/","og_site_name":"T\u00e1jkert\u00e9sz","article_publisher":"https:\/\/www.facebook.com\/Tajkertesz\/","article_modified_time":"2026-03-14T14:24:31+00:00","og_image":[{"width":923,"height":2048,"url":"https:\/\/tajkertesz.com\/wp-content\/uploads\/2024\/04\/438222869_838004555009287_1401076799939101096_n.jpg","type":"image\/jpeg"}],"twitter_card":"summary_large_image","twitter_misc":{"Est. reading time":"2 minutes"},"schema":{"@context":"https:\/\/schema.org","@graph":[{"@type":"WebPage","@id":"https:\/\/tajkertesz.com\/termek\/diospiros-kaki-vaniglia-datolyaszilva\/","url":"https:\/\/tajkertesz.com\/termek\/diospiros-kaki-vaniglia-datolyaszilva\/","name":"Diospiros kaki 'Vaniglia' - Datolyaszilva - T\u00e1jkert\u00e9sz","isPartOf":{"@id":"https:\/\/tajkertesz.com\/#website"},"primaryImageOfPage":{"@id":"https:\/\/tajkertesz.com\/termek\/diospiros-kaki-vaniglia-datolyaszilva\/#primaryimage"},"image":{"@id":"https:\/\/tajkertesz.com\/termek\/diospiros-kaki-vaniglia-datolyaszilva\/#primaryimage"},"thumbnailUrl":"https:\/\/tajkertesz.com\/wp-content\/uploads\/2024\/04\/438222869_838004555009287_1401076799939101096_n.jpg","datePublished":"2024-04-22T13:42:03+00:00","dateModified":"2026-03-14T14:24:31+00:00","description":"Diospiros kaki 'Vaniglia' Datolyaszilva datolyaszilva legfeljebb 15 m magas, lombhullat\u00f3, g\u00f6mb\u00f6ly\u0171, laza koron\u00e1j\u00fa, egy- vagy k\u00e9tlaki fa.","breadcrumb":{"@id":"https:\/\/tajkertesz.com\/termek\/diospiros-kaki-vaniglia-datolyaszilva\/#breadcrumb"},"inLanguage":"en-US","potentialAction":[{"@type":"ReadAction","target":["https:\/\/tajkertesz.com\/termek\/diospiros-kaki-vaniglia-datolyaszilva\/"]}]},{"@type":"ImageObject","inLanguage":"en-US","@id":"https:\/\/tajkertesz.com\/termek\/diospiros-kaki-vaniglia-datolyaszilva\/#primaryimage","url":"https:\/\/tajkertesz.com\/wp-content\/uploads\/2024\/04\/438222869_838004555009287_1401076799939101096_n.jpg","contentUrl":"https:\/\/tajkertesz.com\/wp-content\/uploads\/2024\/04\/438222869_838004555009287_1401076799939101096_n.jpg","width":923,"height":2048,"caption":"Diospiros kaki 'Vaniglia' - Datolyaszilva"},{"@type":"BreadcrumbList","@id":"https:\/\/tajkertesz.com\/termek\/diospiros-kaki-vaniglia-datolyaszilva\/#breadcrumb","itemListElement":[{"@type":"ListItem","position":1,"name":"Home","item":"https:\/\/tajkertesz.com\/"},{"@type":"ListItem","position":2,"name":"Kezd\u0151lap","item":"https:\/\/tajkertesz.com\/"},{"@type":"ListItem","position":3,"name":"Diospiros kaki &#8216;Vaniglia&#8217; &#8211; Datolyaszilva"}]},{"@type":"WebSite","@id":"https:\/\/tajkertesz.com\/#website","url":"https:\/\/tajkertesz.com\/","name":"T\u00e1j-Kert\u00e9sz 84 Kft.","description":"Kert\u00e9szeti kis- \u00e9s nagykeresked\u00e9s, D\u00edszn\u00f6v\u00e9ny web\u00e1ruh\u00e1z orsz\u00e1gos h\u00e1zhozsz\u00e1ll\u00edt\u00e1ssal!","publisher":{"@id":"https:\/\/tajkertesz.com\/#organization"},"potentialAction":[{"@type":"SearchAction","target":{"@type":"EntryPoint","urlTemplate":"https:\/\/tajkertesz.com\/?s={search_term_string}"},"query-input":{"@type":"PropertyValueSpecification","valueRequired":true,"valueName":"search_term_string"}}],"inLanguage":"en-US"},{"@type":"Organization","@id":"https:\/\/tajkertesz.com\/#organization","name":"T\u00e1j-Kert\u00e9sz 84 Kft.","url":"https:\/\/tajkertesz.com\/","logo":{"@type":"ImageObject","inLanguage":"en-US","@id":"https:\/\/tajkertesz.com\/#\/schema\/logo\/image\/","url":"https:\/\/tajkertesz.com\/wp-content\/uploads\/2018\/02\/logo-2-e1518678052539.png","contentUrl":"https:\/\/tajkertesz.com\/wp-content\/uploads\/2018\/02\/logo-2-e1518678052539.png","width":81,"height":140,"caption":"T\u00e1j-Kert\u00e9sz 84 Kft."},"image":{"@id":"https:\/\/tajkertesz.com\/#\/schema\/logo\/image\/"},"sameAs":["https:\/\/www.facebook.com\/Tajkertesz\/"]}]}},"_links":{"self":[{"href":"https:\/\/tajkertesz.com\/en_US\/wp-json\/wp\/v2\/product\/20183","targetHints":{"allow":["GET"]}}],"collection":[{"href":"https:\/\/tajkertesz.com\/en_US\/wp-json\/wp\/v2\/product"}],"about":[{"href":"https:\/\/tajkertesz.com\/en_US\/wp-json\/wp\/v2\/types\/product"}],"wp:featuredmedia":[{"embeddable":true,"href":"https:\/\/tajkertesz.com\/en_US\/wp-json\/wp\/v2\/media\/20184"}],"wp:attachment":[{"href":"https:\/\/tajkertesz.com\/en_US\/wp-json\/wp\/v2\/media?parent=20183"}],"wp:term":[{"taxonomy":"product_brand","embeddable":true,"href":"https:\/\/tajkertesz.com\/en_US\/wp-json\/wp\/v2\/product_brand?post=20183"},{"taxonomy":"product_cat","embeddable":true,"href":"https:\/\/tajkertesz.com\/en_US\/wp-json\/wp\/v2\/product_cat?post=20183"},{"taxonomy":"product_tag","embeddable":true,"href":"https:\/\/tajkertesz.com\/en_US\/wp-json\/wp\/v2\/product_tag?post=20183"}],"curies":[{"name":"wp","href":"https:\/\/api.w.org\/{rel}","templated":true}]}}