{"id":20202,"date":"2024-04-23T13:51:50","date_gmt":"2024-04-23T13:51:50","guid":{"rendered":"https:\/\/tajkertesz.com\/?post_type=product&#038;p=20202"},"modified":"2026-02-12T15:20:11","modified_gmt":"2026-02-12T15:20:11","slug":"careo-felszivodo-rovarolo-koncentratum-01l","status":"publish","type":"product","link":"https:\/\/tajkertesz.com\/en_US\/product\/careo-felszivodo-rovarolo-koncentratum-01l\/","title":{"rendered":"Substral Celaflor Careo felsz\u00edv\u00f3d\u00f3 rovar\u00f6l\u0151 koncentr\u00e1tum 0,1L."},"content":{"rendered":"<h2>Substral Celaflor Careo felsz\u00edv\u00f3d\u00f3 rovar\u00f6l\u0151 koncentr\u00e1tum 0,1L.<\/h2>\n<p>Substral Celaflor Careo felsz\u00edv\u00f3d\u00f3 rovar\u00f6l\u0151 koncentr\u00e1tum 0,1L.<\/p>\n<p>Gyors hat\u00e1skifejt\u00e9s, egyed\u00fcl\u00e1ll\u00f3an hossz\u00fa hat\u00e1startam (14 nap) jellemzi. A n\u00f6v\u00e9nyek a hat\u00f3anyagot a lev\u00e9len \u00e9s a gy\u00f6k\u00e9ren kereszt\u00fcl veszik fel, amely \u00edgy a nedvkering\u00e9ssel a nem kezelt levelekbe is eljut. A Careo kontakt \u00e9s felsz\u00edv\u00f3d\u00f3 hat\u00e1ssal is rendelkezik, \u00edgy a k\u00e1rtev\u0151kkel \u00e9rintkezve gyorsan elpuszt\u00edtja azokat, tov\u00e1bb\u00e1 a n\u00f6v\u00e9nybe felsz\u00edv\u00f3dva legal\u00e1bb 10-14 napig v\u00e9d\u0151 hat\u00e1st biztos\u00edt. Az ism\u00e9telt permetez\u00e9s kb. k\u00e9t h\u00e9t m\u00falva esed\u00e9kes. Vir\u00e1gz\u00f3 kult\u00far\u00e1kban m\u00e9hekre nem vesz\u00e9lyes, ez\u00e9rt nappal is kijuttathat\u00f3.<\/p>\n<p>Foly\u00e9kony, v\u00edzoldhat\u00f3 koncentr\u00e1tum<\/p>\n<p>Szobai-, balkon \u00e9s szabadkerti d\u00edszn\u00f6v\u00e9nyek rovar\u00f6l\u0151 kezel\u00e9s\u00e9re<\/p>\n<p>Gyors \u00e9s hat\u00e9kony<\/p>\n<p>Teljesk\u00f6r\u0171 hat\u00e1s<\/p>\n<p>M\u00e9hekre nem vesz\u00e9lyes<\/p>\n<p>Hat\u00f3anyag<strong>:<\/strong>\u00a05 g\/l acetamiprid<\/p>\n<p>Teljes k\u00f6r\u0171 hat\u00e1s a k\u00e1rtev\u0151k ellen, mint p\u00e9ld\u00e1ul a lev\u00e9ltet\u0171, kab\u00f3ca, lisztlepke, pajzstet\u0171, molytet\u0171, valamint az orm\u00e1nyos- \u00e9s lev\u00e9lbogarak, tak\u00e1csatka, molylepke ellen.<\/p>\n<p>A v\u00e9dekez\u00e9st a k\u00e1rtev\u0151k megjelen\u00e9sekor 1-3 alkalommal c\u00e9lszer\u0171 v\u00e9dekezni, a fert\u0151z\u00e9s er\u0151ss\u00e9g\u00e9t\u0151l f\u00fcgg\u0151en a kezel\u00e9st legfeljebb 7 naponta megism\u00e9telni.<\/p>\n<p>A legt\u00f6bb szobai-, balkon- \u00e9s kerti d\u00edszn\u00f6v\u00e9nyre vesz\u00e9lyes k\u00e1rtev\u0151kt\u0151l v\u00e9d.<\/p>\n<p><strong>Adagol\u00e1s:<\/strong>\u00a010 ml-t 1 liter v\u00edzben (25ml-t 2,5 l v\u00edzben) oldjon fel \u00e9s permetezze k\u00f6zvetlen\u00fcl a n\u00f6v\u00e9nyre.<\/p>\n<p><strong>Alkalmazhat\u00f3:<\/strong>\u00a0eg\u00e9sz \u00e9vben.<\/p>\n<p><strong>Eltarthat\u00f3s\u00e1g:<\/strong>\u00a0eredeti z\u00e1rt csomagol\u00e1sban, sz\u00e1raz, h\u0171v\u00f6s helyen, szab\u00e1lyos n\u00f6v\u00e9nyv\u00e9d\u0151 szer rakt\u00e1rban 3 \u00e9v.<\/p>\n<p>&nbsp;<\/p>\n<p>El\u00e9rhet\u0151 t\u00f6bbf\u00e9le m\u00e9retben \u00e9s \u00e1rban.<\/p>\n<p><strong>K\u00e9szlet\u00fcnk napi szinten v\u00e1ltozik, ez\u00e9rt k\u00e9rj\u00fck, \u00e9rdekl\u0151dj\u00f6n szem\u00e9lyesen, telefonon vagy email-en.<br \/>\nA v\u00e1ltoztat\u00e1s jog\u00e1t fenntartjuk!\u00a0<\/strong><\/p>\n<p>&nbsp;<\/p>\n<p><a href=\"https:\/\/tajkertesz.com\/\">https:\/\/tajkertesz.com\/<\/a><\/p>\n<p><a href=\"https:\/\/www.facebook.com\/tajkertesz\/\">https:\/\/www.facebook.com\/tajkertesz\/<\/a><\/p>\n<p>Kisz\u00e1ll\u00edt\u00e1s: 200cm-ig \u00a0\u00e9s 40 kg-ig a sz\u00e1ll\u00edt\u00e1s fut\u00e1rszolg\u00e1lattal \u00a0t\u00f6rt\u00e9nik.<\/p>\n<p>Szem\u00e9lyes \u00e1tv\u00e9tel nyitvatart\u00e1si id\u0151ben a 17. ker\u00fclet Bakancsos utca 7. sz\u00e1m alatti Kert\u00e9szeti \u00e1rud\u00e1nkban.<\/p>\n<p>&nbsp;<\/p>","protected":false},"excerpt":{"rendered":"<p>Teljes k\u00f6r\u0171 hat\u00e1s a k\u00e1rtev\u0151k ellen, mint p\u00e9ld\u00e1ul a lev\u00e9ltet\u0171, kab\u00f3ca, lisztlepke, pajzstet\u0171, molytet\u0171, valamint az orm\u00e1nyos- \u00e9s lev\u00e9lbogarak, tak\u00e1csatka, molylepke ellen.<\/p>\n<p>Forgalmi kateg\u00f3ria: III.<\/p>\n<p><strong><span style=\"color: #ff0000;\">A hat\u00e1lyban l\u00e9v\u0151 jogszab\u00e1ly szerint n\u00f6v\u00e9nyv\u00e9d\u0151szereket csak \u00fczlet\u00fcnkben val\u00f3 szem\u00e9lyes \u00e1tv\u00e9tellel adunk ki, nem post\u00e1zzuk!<\/span><\/strong><\/p>","protected":false},"featured_media":20203,"template":"","meta":{"_et_pb_use_builder":"","_et_pb_old_content":"","_et_gb_content_width":""},"product_brand":[6046],"product_cat":[3423],"product_tag":[5148,4132,4756,4752,4734,4135],"class_list":{"0":"post-20202","1":"product","2":"type-product","3":"status-publish","4":"has-post-thumbnail","6":"product_brand-substral","7":"product_cat-rovarolo-szer","8":"product_tag-acetamiprid","9":"product_tag-careo","10":"product_tag-felszivodo","11":"product_tag-permetezoszer","12":"product_tag-rovar","13":"product_tag-rovarolo","15":"first","16":"instock","17":"shipping-taxable","18":"purchasable","19":"product-type-simple"},"yoast_head":"<!-- This site is optimized with the Yoast SEO plugin v27.5 - https:\/\/yoast.com\/product\/yoast-seo-wordpress\/ -->\n<title>Substral Celaflor Careo felsz\u00edv\u00f3d\u00f3 rovar\u00f6l\u0151 koncentr\u00e1tum 0,1L. - T\u00e1jkert\u00e9sz<\/title>\n<meta name=\"description\" content=\"Careo felsz\u00edv\u00f3d\u00f3 rovar\u00f6l\u0151 koncentr\u00e1tum 0,1L. Teljes k\u00f6r\u0171 hat\u00e1s a k\u00e1rtev\u0151k ellen, mint p\u00e9ld\u00e1ul a lev\u00e9ltet\u0171, kab\u00f3ca, lisztlepke, pajzstet\u0171, molytet\u0171, valamint\" \/>\n<meta name=\"robots\" content=\"index, follow, max-snippet:-1, max-image-preview:large, max-video-preview:-1\" \/>\n<link rel=\"canonical\" href=\"https:\/\/tajkertesz.com\/en_US\/product\/careo-felszivodo-rovarolo-koncentratum-01l\/\" \/>\n<meta property=\"og:locale\" content=\"en_US\" \/>\n<meta property=\"og:type\" content=\"article\" \/>\n<meta property=\"og:title\" content=\"Substral Celaflor Careo felsz\u00edv\u00f3d\u00f3 rovar\u00f6l\u0151 koncentr\u00e1tum 0,1L. - T\u00e1jkert\u00e9sz\" \/>\n<meta property=\"og:description\" content=\"Careo felsz\u00edv\u00f3d\u00f3 rovar\u00f6l\u0151 koncentr\u00e1tum 0,1L. Teljes k\u00f6r\u0171 hat\u00e1s a k\u00e1rtev\u0151k ellen, mint p\u00e9ld\u00e1ul a lev\u00e9ltet\u0171, kab\u00f3ca, lisztlepke, pajzstet\u0171, molytet\u0171, valamint\" \/>\n<meta property=\"og:url\" content=\"https:\/\/tajkertesz.com\/en_US\/product\/careo-felszivodo-rovarolo-koncentratum-01l\/\" \/>\n<meta property=\"og:site_name\" content=\"T\u00e1jkert\u00e9sz\" \/>\n<meta property=\"article:publisher\" content=\"https:\/\/www.facebook.com\/Tajkertesz\/\" \/>\n<meta property=\"article:modified_time\" content=\"2026-02-12T15:20:11+00:00\" \/>\n<meta property=\"og:image\" content=\"https:\/\/tajkertesz.com\/wp-content\/uploads\/2024\/04\/care4001.jpg\" \/>\n\t<meta property=\"og:image:width\" content=\"940\" \/>\n\t<meta property=\"og:image:height\" content=\"788\" \/>\n\t<meta property=\"og:image:type\" content=\"image\/jpeg\" \/>\n<meta name=\"twitter:card\" content=\"summary_large_image\" \/>\n<meta name=\"twitter:label1\" content=\"Est. reading time\" \/>\n\t<meta name=\"twitter:data1\" content=\"2 minutes\" \/>\n<script type=\"application\/ld+json\" class=\"yoast-schema-graph\">{\"@context\":\"https:\\\/\\\/schema.org\",\"@graph\":[{\"@type\":\"WebPage\",\"@id\":\"https:\\\/\\\/tajkertesz.com\\\/termek\\\/careo-felszivodo-rovarolo-koncentratum-01l\\\/\",\"url\":\"https:\\\/\\\/tajkertesz.com\\\/termek\\\/careo-felszivodo-rovarolo-koncentratum-01l\\\/\",\"name\":\"Substral Celaflor Careo felsz\u00edv\u00f3d\u00f3 rovar\u00f6l\u0151 koncentr\u00e1tum 0,1L. - T\u00e1jkert\u00e9sz\",\"isPartOf\":{\"@id\":\"https:\\\/\\\/tajkertesz.com\\\/#website\"},\"primaryImageOfPage\":{\"@id\":\"https:\\\/\\\/tajkertesz.com\\\/termek\\\/careo-felszivodo-rovarolo-koncentratum-01l\\\/#primaryimage\"},\"image\":{\"@id\":\"https:\\\/\\\/tajkertesz.com\\\/termek\\\/careo-felszivodo-rovarolo-koncentratum-01l\\\/#primaryimage\"},\"thumbnailUrl\":\"https:\\\/\\\/tajkertesz.com\\\/wp-content\\\/uploads\\\/2024\\\/04\\\/care4001.jpg\",\"datePublished\":\"2024-04-23T13:51:50+00:00\",\"dateModified\":\"2026-02-12T15:20:11+00:00\",\"description\":\"Careo felsz\u00edv\u00f3d\u00f3 rovar\u00f6l\u0151 koncentr\u00e1tum 0,1L. Teljes k\u00f6r\u0171 hat\u00e1s a k\u00e1rtev\u0151k ellen, mint p\u00e9ld\u00e1ul a lev\u00e9ltet\u0171, kab\u00f3ca, lisztlepke, pajzstet\u0171, molytet\u0171, valamint\",\"breadcrumb\":{\"@id\":\"https:\\\/\\\/tajkertesz.com\\\/termek\\\/careo-felszivodo-rovarolo-koncentratum-01l\\\/#breadcrumb\"},\"inLanguage\":\"en-US\",\"potentialAction\":[{\"@type\":\"ReadAction\",\"target\":[\"https:\\\/\\\/tajkertesz.com\\\/termek\\\/careo-felszivodo-rovarolo-koncentratum-01l\\\/\"]}]},{\"@type\":\"ImageObject\",\"inLanguage\":\"en-US\",\"@id\":\"https:\\\/\\\/tajkertesz.com\\\/termek\\\/careo-felszivodo-rovarolo-koncentratum-01l\\\/#primaryimage\",\"url\":\"https:\\\/\\\/tajkertesz.com\\\/wp-content\\\/uploads\\\/2024\\\/04\\\/care4001.jpg\",\"contentUrl\":\"https:\\\/\\\/tajkertesz.com\\\/wp-content\\\/uploads\\\/2024\\\/04\\\/care4001.jpg\",\"width\":940,\"height\":788,\"caption\":\"Substral Celaflor Careo felsz\u00edv\u00f3d\u00f3 rovar\u00f6l\u0151 koncentr\u00e1tum 0,1L.\"},{\"@type\":\"BreadcrumbList\",\"@id\":\"https:\\\/\\\/tajkertesz.com\\\/termek\\\/careo-felszivodo-rovarolo-koncentratum-01l\\\/#breadcrumb\",\"itemListElement\":[{\"@type\":\"ListItem\",\"position\":1,\"name\":\"Home\",\"item\":\"https:\\\/\\\/tajkertesz.com\\\/\"},{\"@type\":\"ListItem\",\"position\":2,\"name\":\"Kezd\u0151lap\",\"item\":\"https:\\\/\\\/tajkertesz.com\\\/\"},{\"@type\":\"ListItem\",\"position\":3,\"name\":\"Substral Celaflor Careo felsz\u00edv\u00f3d\u00f3 rovar\u00f6l\u0151 koncentr\u00e1tum 0,1L.\"}]},{\"@type\":\"WebSite\",\"@id\":\"https:\\\/\\\/tajkertesz.com\\\/#website\",\"url\":\"https:\\\/\\\/tajkertesz.com\\\/\",\"name\":\"T\u00e1j-Kert\u00e9sz 84 Kft.\",\"description\":\"Kert\u00e9szeti kis- \u00e9s nagykeresked\u00e9s, D\u00edszn\u00f6v\u00e9ny web\u00e1ruh\u00e1z orsz\u00e1gos h\u00e1zhozsz\u00e1ll\u00edt\u00e1ssal!\",\"publisher\":{\"@id\":\"https:\\\/\\\/tajkertesz.com\\\/#organization\"},\"potentialAction\":[{\"@type\":\"SearchAction\",\"target\":{\"@type\":\"EntryPoint\",\"urlTemplate\":\"https:\\\/\\\/tajkertesz.com\\\/?s={search_term_string}\"},\"query-input\":{\"@type\":\"PropertyValueSpecification\",\"valueRequired\":true,\"valueName\":\"search_term_string\"}}],\"inLanguage\":\"en-US\"},{\"@type\":\"Organization\",\"@id\":\"https:\\\/\\\/tajkertesz.com\\\/#organization\",\"name\":\"T\u00e1j-Kert\u00e9sz 84 Kft.\",\"url\":\"https:\\\/\\\/tajkertesz.com\\\/\",\"logo\":{\"@type\":\"ImageObject\",\"inLanguage\":\"en-US\",\"@id\":\"https:\\\/\\\/tajkertesz.com\\\/#\\\/schema\\\/logo\\\/image\\\/\",\"url\":\"https:\\\/\\\/tajkertesz.com\\\/wp-content\\\/uploads\\\/2018\\\/02\\\/logo-2-e1518678052539.png\",\"contentUrl\":\"https:\\\/\\\/tajkertesz.com\\\/wp-content\\\/uploads\\\/2018\\\/02\\\/logo-2-e1518678052539.png\",\"width\":81,\"height\":140,\"caption\":\"T\u00e1j-Kert\u00e9sz 84 Kft.\"},\"image\":{\"@id\":\"https:\\\/\\\/tajkertesz.com\\\/#\\\/schema\\\/logo\\\/image\\\/\"},\"sameAs\":[\"https:\\\/\\\/www.facebook.com\\\/Tajkertesz\\\/\"]}]}<\/script>\n<!-- \/ Yoast SEO plugin. -->","yoast_head_json":{"title":"Substral Celaflor Careo felsz\u00edv\u00f3d\u00f3 rovar\u00f6l\u0151 koncentr\u00e1tum 0,1L. - T\u00e1jkert\u00e9sz","description":"Careo felsz\u00edv\u00f3d\u00f3 rovar\u00f6l\u0151 koncentr\u00e1tum 0,1L. Teljes k\u00f6r\u0171 hat\u00e1s a k\u00e1rtev\u0151k ellen, mint p\u00e9ld\u00e1ul a lev\u00e9ltet\u0171, kab\u00f3ca, lisztlepke, pajzstet\u0171, molytet\u0171, valamint","robots":{"index":"index","follow":"follow","max-snippet":"max-snippet:-1","max-image-preview":"max-image-preview:large","max-video-preview":"max-video-preview:-1"},"canonical":"https:\/\/tajkertesz.com\/en_US\/product\/careo-felszivodo-rovarolo-koncentratum-01l\/","og_locale":"en_US","og_type":"article","og_title":"Substral Celaflor Careo felsz\u00edv\u00f3d\u00f3 rovar\u00f6l\u0151 koncentr\u00e1tum 0,1L. - T\u00e1jkert\u00e9sz","og_description":"Careo felsz\u00edv\u00f3d\u00f3 rovar\u00f6l\u0151 koncentr\u00e1tum 0,1L. Teljes k\u00f6r\u0171 hat\u00e1s a k\u00e1rtev\u0151k ellen, mint p\u00e9ld\u00e1ul a lev\u00e9ltet\u0171, kab\u00f3ca, lisztlepke, pajzstet\u0171, molytet\u0171, valamint","og_url":"https:\/\/tajkertesz.com\/en_US\/product\/careo-felszivodo-rovarolo-koncentratum-01l\/","og_site_name":"T\u00e1jkert\u00e9sz","article_publisher":"https:\/\/www.facebook.com\/Tajkertesz\/","article_modified_time":"2026-02-12T15:20:11+00:00","og_image":[{"width":940,"height":788,"url":"https:\/\/tajkertesz.com\/wp-content\/uploads\/2024\/04\/care4001.jpg","type":"image\/jpeg"}],"twitter_card":"summary_large_image","twitter_misc":{"Est. reading time":"2 minutes"},"schema":{"@context":"https:\/\/schema.org","@graph":[{"@type":"WebPage","@id":"https:\/\/tajkertesz.com\/termek\/careo-felszivodo-rovarolo-koncentratum-01l\/","url":"https:\/\/tajkertesz.com\/termek\/careo-felszivodo-rovarolo-koncentratum-01l\/","name":"Substral Celaflor Careo felsz\u00edv\u00f3d\u00f3 rovar\u00f6l\u0151 koncentr\u00e1tum 0,1L. - T\u00e1jkert\u00e9sz","isPartOf":{"@id":"https:\/\/tajkertesz.com\/#website"},"primaryImageOfPage":{"@id":"https:\/\/tajkertesz.com\/termek\/careo-felszivodo-rovarolo-koncentratum-01l\/#primaryimage"},"image":{"@id":"https:\/\/tajkertesz.com\/termek\/careo-felszivodo-rovarolo-koncentratum-01l\/#primaryimage"},"thumbnailUrl":"https:\/\/tajkertesz.com\/wp-content\/uploads\/2024\/04\/care4001.jpg","datePublished":"2024-04-23T13:51:50+00:00","dateModified":"2026-02-12T15:20:11+00:00","description":"Careo felsz\u00edv\u00f3d\u00f3 rovar\u00f6l\u0151 koncentr\u00e1tum 0,1L. Teljes k\u00f6r\u0171 hat\u00e1s a k\u00e1rtev\u0151k ellen, mint p\u00e9ld\u00e1ul a lev\u00e9ltet\u0171, kab\u00f3ca, lisztlepke, pajzstet\u0171, molytet\u0171, valamint","breadcrumb":{"@id":"https:\/\/tajkertesz.com\/termek\/careo-felszivodo-rovarolo-koncentratum-01l\/#breadcrumb"},"inLanguage":"en-US","potentialAction":[{"@type":"ReadAction","target":["https:\/\/tajkertesz.com\/termek\/careo-felszivodo-rovarolo-koncentratum-01l\/"]}]},{"@type":"ImageObject","inLanguage":"en-US","@id":"https:\/\/tajkertesz.com\/termek\/careo-felszivodo-rovarolo-koncentratum-01l\/#primaryimage","url":"https:\/\/tajkertesz.com\/wp-content\/uploads\/2024\/04\/care4001.jpg","contentUrl":"https:\/\/tajkertesz.com\/wp-content\/uploads\/2024\/04\/care4001.jpg","width":940,"height":788,"caption":"Substral Celaflor Careo felsz\u00edv\u00f3d\u00f3 rovar\u00f6l\u0151 koncentr\u00e1tum 0,1L."},{"@type":"BreadcrumbList","@id":"https:\/\/tajkertesz.com\/termek\/careo-felszivodo-rovarolo-koncentratum-01l\/#breadcrumb","itemListElement":[{"@type":"ListItem","position":1,"name":"Home","item":"https:\/\/tajkertesz.com\/"},{"@type":"ListItem","position":2,"name":"Kezd\u0151lap","item":"https:\/\/tajkertesz.com\/"},{"@type":"ListItem","position":3,"name":"Substral Celaflor Careo felsz\u00edv\u00f3d\u00f3 rovar\u00f6l\u0151 koncentr\u00e1tum 0,1L."}]},{"@type":"WebSite","@id":"https:\/\/tajkertesz.com\/#website","url":"https:\/\/tajkertesz.com\/","name":"T\u00e1j-Kert\u00e9sz 84 Kft.","description":"Kert\u00e9szeti kis- \u00e9s nagykeresked\u00e9s, D\u00edszn\u00f6v\u00e9ny web\u00e1ruh\u00e1z orsz\u00e1gos h\u00e1zhozsz\u00e1ll\u00edt\u00e1ssal!","publisher":{"@id":"https:\/\/tajkertesz.com\/#organization"},"potentialAction":[{"@type":"SearchAction","target":{"@type":"EntryPoint","urlTemplate":"https:\/\/tajkertesz.com\/?s={search_term_string}"},"query-input":{"@type":"PropertyValueSpecification","valueRequired":true,"valueName":"search_term_string"}}],"inLanguage":"en-US"},{"@type":"Organization","@id":"https:\/\/tajkertesz.com\/#organization","name":"T\u00e1j-Kert\u00e9sz 84 Kft.","url":"https:\/\/tajkertesz.com\/","logo":{"@type":"ImageObject","inLanguage":"en-US","@id":"https:\/\/tajkertesz.com\/#\/schema\/logo\/image\/","url":"https:\/\/tajkertesz.com\/wp-content\/uploads\/2018\/02\/logo-2-e1518678052539.png","contentUrl":"https:\/\/tajkertesz.com\/wp-content\/uploads\/2018\/02\/logo-2-e1518678052539.png","width":81,"height":140,"caption":"T\u00e1j-Kert\u00e9sz 84 Kft."},"image":{"@id":"https:\/\/tajkertesz.com\/#\/schema\/logo\/image\/"},"sameAs":["https:\/\/www.facebook.com\/Tajkertesz\/"]}]}},"_links":{"self":[{"href":"https:\/\/tajkertesz.com\/en_US\/wp-json\/wp\/v2\/product\/20202","targetHints":{"allow":["GET"]}}],"collection":[{"href":"https:\/\/tajkertesz.com\/en_US\/wp-json\/wp\/v2\/product"}],"about":[{"href":"https:\/\/tajkertesz.com\/en_US\/wp-json\/wp\/v2\/types\/product"}],"wp:featuredmedia":[{"embeddable":true,"href":"https:\/\/tajkertesz.com\/en_US\/wp-json\/wp\/v2\/media\/20203"}],"wp:attachment":[{"href":"https:\/\/tajkertesz.com\/en_US\/wp-json\/wp\/v2\/media?parent=20202"}],"wp:term":[{"taxonomy":"product_brand","embeddable":true,"href":"https:\/\/tajkertesz.com\/en_US\/wp-json\/wp\/v2\/product_brand?post=20202"},{"taxonomy":"product_cat","embeddable":true,"href":"https:\/\/tajkertesz.com\/en_US\/wp-json\/wp\/v2\/product_cat?post=20202"},{"taxonomy":"product_tag","embeddable":true,"href":"https:\/\/tajkertesz.com\/en_US\/wp-json\/wp\/v2\/product_tag?post=20202"}],"curies":[{"name":"wp","href":"https:\/\/api.w.org\/{rel}","templated":true}]}}