{"id":20210,"date":"2024-04-25T05:59:17","date_gmt":"2024-04-25T05:59:17","guid":{"rendered":"https:\/\/tajkertesz.com\/?post_type=product&#038;p=20210"},"modified":"2026-02-12T15:20:01","modified_gmt":"2026-02-12T15:20:01","slug":"faszengyujto-grillbegyujto-1l","status":"publish","type":"product","link":"https:\/\/tajkertesz.com\/en_US\/product\/faszengyujto-grillbegyujto-1l\/","title":{"rendered":"Fasz\u00e9ngy\u00fajt\u00f3 \/ grillbegy\u00fajt\u00f3 1L."},"content":{"rendered":"<h2>Fasz\u00e9ngy\u00fajt\u00f3 \/ grillbegy\u00fajt\u00f3 1L.<\/h2>\n<p>Fasz\u00e9ngy\u00fajt\u00f3 \/ grillbegy\u00fajt\u00f3 1L.<\/p>\n<h2>PARAM\u00c9TEREI<\/h2>\n<p style=\"font-weight: 400;\"><b><em>Cikksz\u00e1m<\/em><\/b>: fasz4602<\/p>\n<p style=\"font-weight: 400;\"><b><em>Kiszerel\u00e9s<\/em><\/b>: 1L.<\/p>\n<p style=\"font-weight: 400;\"><b><em>Eltarthat\u00f3s\u00e1g<\/em><\/b>: korl\u00e1tlan<\/p>\n<p style=\"font-weight: 400;\"><b><em>Sz\u00e1rmaz\u00e1si hely<\/em><\/b>: Magyarorsz\u00e1g<\/p>\n<h2><i>R\u00d6VID ISMERTET\u00c9SE<\/i><\/h2>\n<p style=\"font-weight: 400;\">K\u00fclt\u00e9ri grillekhez haszn\u00e1lhat\u00f3 fasz\u00e9nbegy\u00fajt\u00f3 olaj. A kerti grillez\u00e9s elengedhetetlen kell\u00e9ke.<\/p>\n<h2><\/h2>","protected":false},"excerpt":{"rendered":"<p style=\"font-weight: 400;\">K\u00fclt\u00e9ri grillekhez haszn\u00e1lhat\u00f3 fasz\u00e9nbegy\u00fajt\u00f3 olaj. A kerti grillez\u00e9s elengedhetetlen kell\u00e9ke.<\/p>\n<h2><\/h2>","protected":false},"featured_media":20211,"template":"","meta":{"_et_pb_use_builder":"","_et_pb_old_content":"","_et_gb_content_width":""},"product_brand":[],"product_cat":[4092],"product_tag":[5149,5152,5150,5151],"class_list":{"0":"post-20210","1":"product","2":"type-product","3":"status-publish","4":"has-post-thumbnail","6":"product_cat-grill-faszen-faklya-es-faklyaolajok","7":"product_tag-faszen","8":"product_tag-faszengyujto","9":"product_tag-grill","10":"product_tag-grillgyujto","12":"first","13":"instock","14":"shipping-taxable","15":"purchasable","16":"product-type-simple"},"yoast_head":"<!-- This site is optimized with the Yoast SEO plugin v27.4 - https:\/\/yoast.com\/product\/yoast-seo-wordpress\/ -->\n<title>Fasz\u00e9ngy\u00fajt\u00f3 \/ grillbegy\u00fajt\u00f3 1L. - T\u00e1jkert\u00e9sz<\/title>\n<meta name=\"description\" content=\"Fasz\u00e9ngy\u00fajt\u00f3 \/ grillbegy\u00fajt\u00f3 1L. K\u00fclt\u00e9ri grillekhez haszn\u00e1lhat\u00f3 fasz\u00e9nbegy\u00fajt\u00f3 olaj. A kerti grillez\u00e9s elengedhetetlen kell\u00e9ke.\" \/>\n<meta name=\"robots\" content=\"index, follow, max-snippet:-1, max-image-preview:large, max-video-preview:-1\" \/>\n<link rel=\"canonical\" href=\"https:\/\/tajkertesz.com\/en_US\/product\/faszengyujto-grillbegyujto-1l\/\" \/>\n<meta property=\"og:locale\" content=\"en_US\" \/>\n<meta property=\"og:type\" content=\"article\" \/>\n<meta property=\"og:title\" content=\"Fasz\u00e9ngy\u00fajt\u00f3 \/ grillbegy\u00fajt\u00f3 1L. - T\u00e1jkert\u00e9sz\" \/>\n<meta property=\"og:description\" content=\"Fasz\u00e9ngy\u00fajt\u00f3 \/ grillbegy\u00fajt\u00f3 1L. K\u00fclt\u00e9ri grillekhez haszn\u00e1lhat\u00f3 fasz\u00e9nbegy\u00fajt\u00f3 olaj. A kerti grillez\u00e9s elengedhetetlen kell\u00e9ke.\" \/>\n<meta property=\"og:url\" content=\"https:\/\/tajkertesz.com\/en_US\/product\/faszengyujto-grillbegyujto-1l\/\" \/>\n<meta property=\"og:site_name\" content=\"T\u00e1jkert\u00e9sz\" \/>\n<meta property=\"article:publisher\" content=\"https:\/\/www.facebook.com\/Tajkertesz\/\" \/>\n<meta property=\"article:modified_time\" content=\"2026-02-12T15:20:01+00:00\" \/>\n<meta property=\"og:image\" content=\"https:\/\/tajkertesz.com\/wp-content\/uploads\/2024\/04\/fasz4602.jpg\" \/>\n\t<meta property=\"og:image:width\" content=\"546\" \/>\n\t<meta property=\"og:image:height\" content=\"450\" \/>\n\t<meta property=\"og:image:type\" content=\"image\/jpeg\" \/>\n<meta name=\"twitter:card\" content=\"summary_large_image\" \/>\n<meta name=\"twitter:label1\" content=\"Est. reading time\" \/>\n\t<meta name=\"twitter:data1\" content=\"1 minute\" \/>\n<script type=\"application\/ld+json\" class=\"yoast-schema-graph\">{\"@context\":\"https:\\\/\\\/schema.org\",\"@graph\":[{\"@type\":\"WebPage\",\"@id\":\"https:\\\/\\\/tajkertesz.com\\\/termek\\\/faszengyujto-grillbegyujto-1l\\\/\",\"url\":\"https:\\\/\\\/tajkertesz.com\\\/termek\\\/faszengyujto-grillbegyujto-1l\\\/\",\"name\":\"Fasz\u00e9ngy\u00fajt\u00f3 \\\/ grillbegy\u00fajt\u00f3 1L. - T\u00e1jkert\u00e9sz\",\"isPartOf\":{\"@id\":\"https:\\\/\\\/tajkertesz.com\\\/#website\"},\"primaryImageOfPage\":{\"@id\":\"https:\\\/\\\/tajkertesz.com\\\/termek\\\/faszengyujto-grillbegyujto-1l\\\/#primaryimage\"},\"image\":{\"@id\":\"https:\\\/\\\/tajkertesz.com\\\/termek\\\/faszengyujto-grillbegyujto-1l\\\/#primaryimage\"},\"thumbnailUrl\":\"https:\\\/\\\/tajkertesz.com\\\/wp-content\\\/uploads\\\/2024\\\/04\\\/fasz4602.jpg\",\"datePublished\":\"2024-04-25T05:59:17+00:00\",\"dateModified\":\"2026-02-12T15:20:01+00:00\",\"description\":\"Fasz\u00e9ngy\u00fajt\u00f3 \\\/ grillbegy\u00fajt\u00f3 1L. K\u00fclt\u00e9ri grillekhez haszn\u00e1lhat\u00f3 fasz\u00e9nbegy\u00fajt\u00f3 olaj. A kerti grillez\u00e9s elengedhetetlen kell\u00e9ke.\",\"breadcrumb\":{\"@id\":\"https:\\\/\\\/tajkertesz.com\\\/termek\\\/faszengyujto-grillbegyujto-1l\\\/#breadcrumb\"},\"inLanguage\":\"en-US\",\"potentialAction\":[{\"@type\":\"ReadAction\",\"target\":[\"https:\\\/\\\/tajkertesz.com\\\/termek\\\/faszengyujto-grillbegyujto-1l\\\/\"]}]},{\"@type\":\"ImageObject\",\"inLanguage\":\"en-US\",\"@id\":\"https:\\\/\\\/tajkertesz.com\\\/termek\\\/faszengyujto-grillbegyujto-1l\\\/#primaryimage\",\"url\":\"https:\\\/\\\/tajkertesz.com\\\/wp-content\\\/uploads\\\/2024\\\/04\\\/fasz4602.jpg\",\"contentUrl\":\"https:\\\/\\\/tajkertesz.com\\\/wp-content\\\/uploads\\\/2024\\\/04\\\/fasz4602.jpg\",\"width\":546,\"height\":450},{\"@type\":\"BreadcrumbList\",\"@id\":\"https:\\\/\\\/tajkertesz.com\\\/termek\\\/faszengyujto-grillbegyujto-1l\\\/#breadcrumb\",\"itemListElement\":[{\"@type\":\"ListItem\",\"position\":1,\"name\":\"Home\",\"item\":\"https:\\\/\\\/tajkertesz.com\\\/\"},{\"@type\":\"ListItem\",\"position\":2,\"name\":\"Kezd\u0151lap\",\"item\":\"https:\\\/\\\/tajkertesz.com\\\/\"},{\"@type\":\"ListItem\",\"position\":3,\"name\":\"Fasz\u00e9ngy\u00fajt\u00f3 \\\/ grillbegy\u00fajt\u00f3 1L.\"}]},{\"@type\":\"WebSite\",\"@id\":\"https:\\\/\\\/tajkertesz.com\\\/#website\",\"url\":\"https:\\\/\\\/tajkertesz.com\\\/\",\"name\":\"T\u00e1j-Kert\u00e9sz 84 Kft.\",\"description\":\"Kert\u00e9szeti kis- \u00e9s nagykeresked\u00e9s, D\u00edszn\u00f6v\u00e9ny web\u00e1ruh\u00e1z orsz\u00e1gos h\u00e1zhozsz\u00e1ll\u00edt\u00e1ssal!\",\"publisher\":{\"@id\":\"https:\\\/\\\/tajkertesz.com\\\/#organization\"},\"potentialAction\":[{\"@type\":\"SearchAction\",\"target\":{\"@type\":\"EntryPoint\",\"urlTemplate\":\"https:\\\/\\\/tajkertesz.com\\\/?s={search_term_string}\"},\"query-input\":{\"@type\":\"PropertyValueSpecification\",\"valueRequired\":true,\"valueName\":\"search_term_string\"}}],\"inLanguage\":\"en-US\"},{\"@type\":\"Organization\",\"@id\":\"https:\\\/\\\/tajkertesz.com\\\/#organization\",\"name\":\"T\u00e1j-Kert\u00e9sz 84 Kft.\",\"url\":\"https:\\\/\\\/tajkertesz.com\\\/\",\"logo\":{\"@type\":\"ImageObject\",\"inLanguage\":\"en-US\",\"@id\":\"https:\\\/\\\/tajkertesz.com\\\/#\\\/schema\\\/logo\\\/image\\\/\",\"url\":\"https:\\\/\\\/tajkertesz.com\\\/wp-content\\\/uploads\\\/2018\\\/02\\\/logo-2-e1518678052539.png\",\"contentUrl\":\"https:\\\/\\\/tajkertesz.com\\\/wp-content\\\/uploads\\\/2018\\\/02\\\/logo-2-e1518678052539.png\",\"width\":81,\"height\":140,\"caption\":\"T\u00e1j-Kert\u00e9sz 84 Kft.\"},\"image\":{\"@id\":\"https:\\\/\\\/tajkertesz.com\\\/#\\\/schema\\\/logo\\\/image\\\/\"},\"sameAs\":[\"https:\\\/\\\/www.facebook.com\\\/Tajkertesz\\\/\"]}]}<\/script>\n<!-- \/ Yoast SEO plugin. -->","yoast_head_json":{"title":"Fasz\u00e9ngy\u00fajt\u00f3 \/ grillbegy\u00fajt\u00f3 1L. - T\u00e1jkert\u00e9sz","description":"Fasz\u00e9ngy\u00fajt\u00f3 \/ grillbegy\u00fajt\u00f3 1L. K\u00fclt\u00e9ri grillekhez haszn\u00e1lhat\u00f3 fasz\u00e9nbegy\u00fajt\u00f3 olaj. A kerti grillez\u00e9s elengedhetetlen kell\u00e9ke.","robots":{"index":"index","follow":"follow","max-snippet":"max-snippet:-1","max-image-preview":"max-image-preview:large","max-video-preview":"max-video-preview:-1"},"canonical":"https:\/\/tajkertesz.com\/en_US\/product\/faszengyujto-grillbegyujto-1l\/","og_locale":"en_US","og_type":"article","og_title":"Fasz\u00e9ngy\u00fajt\u00f3 \/ grillbegy\u00fajt\u00f3 1L. - T\u00e1jkert\u00e9sz","og_description":"Fasz\u00e9ngy\u00fajt\u00f3 \/ grillbegy\u00fajt\u00f3 1L. K\u00fclt\u00e9ri grillekhez haszn\u00e1lhat\u00f3 fasz\u00e9nbegy\u00fajt\u00f3 olaj. A kerti grillez\u00e9s elengedhetetlen kell\u00e9ke.","og_url":"https:\/\/tajkertesz.com\/en_US\/product\/faszengyujto-grillbegyujto-1l\/","og_site_name":"T\u00e1jkert\u00e9sz","article_publisher":"https:\/\/www.facebook.com\/Tajkertesz\/","article_modified_time":"2026-02-12T15:20:01+00:00","og_image":[{"width":546,"height":450,"url":"https:\/\/tajkertesz.com\/wp-content\/uploads\/2024\/04\/fasz4602.jpg","type":"image\/jpeg"}],"twitter_card":"summary_large_image","twitter_misc":{"Est. reading time":"1 minute"},"schema":{"@context":"https:\/\/schema.org","@graph":[{"@type":"WebPage","@id":"https:\/\/tajkertesz.com\/termek\/faszengyujto-grillbegyujto-1l\/","url":"https:\/\/tajkertesz.com\/termek\/faszengyujto-grillbegyujto-1l\/","name":"Fasz\u00e9ngy\u00fajt\u00f3 \/ grillbegy\u00fajt\u00f3 1L. - T\u00e1jkert\u00e9sz","isPartOf":{"@id":"https:\/\/tajkertesz.com\/#website"},"primaryImageOfPage":{"@id":"https:\/\/tajkertesz.com\/termek\/faszengyujto-grillbegyujto-1l\/#primaryimage"},"image":{"@id":"https:\/\/tajkertesz.com\/termek\/faszengyujto-grillbegyujto-1l\/#primaryimage"},"thumbnailUrl":"https:\/\/tajkertesz.com\/wp-content\/uploads\/2024\/04\/fasz4602.jpg","datePublished":"2024-04-25T05:59:17+00:00","dateModified":"2026-02-12T15:20:01+00:00","description":"Fasz\u00e9ngy\u00fajt\u00f3 \/ grillbegy\u00fajt\u00f3 1L. K\u00fclt\u00e9ri grillekhez haszn\u00e1lhat\u00f3 fasz\u00e9nbegy\u00fajt\u00f3 olaj. A kerti grillez\u00e9s elengedhetetlen kell\u00e9ke.","breadcrumb":{"@id":"https:\/\/tajkertesz.com\/termek\/faszengyujto-grillbegyujto-1l\/#breadcrumb"},"inLanguage":"en-US","potentialAction":[{"@type":"ReadAction","target":["https:\/\/tajkertesz.com\/termek\/faszengyujto-grillbegyujto-1l\/"]}]},{"@type":"ImageObject","inLanguage":"en-US","@id":"https:\/\/tajkertesz.com\/termek\/faszengyujto-grillbegyujto-1l\/#primaryimage","url":"https:\/\/tajkertesz.com\/wp-content\/uploads\/2024\/04\/fasz4602.jpg","contentUrl":"https:\/\/tajkertesz.com\/wp-content\/uploads\/2024\/04\/fasz4602.jpg","width":546,"height":450},{"@type":"BreadcrumbList","@id":"https:\/\/tajkertesz.com\/termek\/faszengyujto-grillbegyujto-1l\/#breadcrumb","itemListElement":[{"@type":"ListItem","position":1,"name":"Home","item":"https:\/\/tajkertesz.com\/"},{"@type":"ListItem","position":2,"name":"Kezd\u0151lap","item":"https:\/\/tajkertesz.com\/"},{"@type":"ListItem","position":3,"name":"Fasz\u00e9ngy\u00fajt\u00f3 \/ grillbegy\u00fajt\u00f3 1L."}]},{"@type":"WebSite","@id":"https:\/\/tajkertesz.com\/#website","url":"https:\/\/tajkertesz.com\/","name":"T\u00e1j-Kert\u00e9sz 84 Kft.","description":"Kert\u00e9szeti kis- \u00e9s nagykeresked\u00e9s, D\u00edszn\u00f6v\u00e9ny web\u00e1ruh\u00e1z orsz\u00e1gos h\u00e1zhozsz\u00e1ll\u00edt\u00e1ssal!","publisher":{"@id":"https:\/\/tajkertesz.com\/#organization"},"potentialAction":[{"@type":"SearchAction","target":{"@type":"EntryPoint","urlTemplate":"https:\/\/tajkertesz.com\/?s={search_term_string}"},"query-input":{"@type":"PropertyValueSpecification","valueRequired":true,"valueName":"search_term_string"}}],"inLanguage":"en-US"},{"@type":"Organization","@id":"https:\/\/tajkertesz.com\/#organization","name":"T\u00e1j-Kert\u00e9sz 84 Kft.","url":"https:\/\/tajkertesz.com\/","logo":{"@type":"ImageObject","inLanguage":"en-US","@id":"https:\/\/tajkertesz.com\/#\/schema\/logo\/image\/","url":"https:\/\/tajkertesz.com\/wp-content\/uploads\/2018\/02\/logo-2-e1518678052539.png","contentUrl":"https:\/\/tajkertesz.com\/wp-content\/uploads\/2018\/02\/logo-2-e1518678052539.png","width":81,"height":140,"caption":"T\u00e1j-Kert\u00e9sz 84 Kft."},"image":{"@id":"https:\/\/tajkertesz.com\/#\/schema\/logo\/image\/"},"sameAs":["https:\/\/www.facebook.com\/Tajkertesz\/"]}]}},"_links":{"self":[{"href":"https:\/\/tajkertesz.com\/en_US\/wp-json\/wp\/v2\/product\/20210","targetHints":{"allow":["GET"]}}],"collection":[{"href":"https:\/\/tajkertesz.com\/en_US\/wp-json\/wp\/v2\/product"}],"about":[{"href":"https:\/\/tajkertesz.com\/en_US\/wp-json\/wp\/v2\/types\/product"}],"wp:featuredmedia":[{"embeddable":true,"href":"https:\/\/tajkertesz.com\/en_US\/wp-json\/wp\/v2\/media\/20211"}],"wp:attachment":[{"href":"https:\/\/tajkertesz.com\/en_US\/wp-json\/wp\/v2\/media?parent=20210"}],"wp:term":[{"taxonomy":"product_brand","embeddable":true,"href":"https:\/\/tajkertesz.com\/en_US\/wp-json\/wp\/v2\/product_brand?post=20210"},{"taxonomy":"product_cat","embeddable":true,"href":"https:\/\/tajkertesz.com\/en_US\/wp-json\/wp\/v2\/product_cat?post=20210"},{"taxonomy":"product_tag","embeddable":true,"href":"https:\/\/tajkertesz.com\/en_US\/wp-json\/wp\/v2\/product_tag?post=20210"}],"curies":[{"name":"wp","href":"https:\/\/api.w.org\/{rel}","templated":true}]}}