{"id":20215,"date":"2024-04-26T06:48:13","date_gmt":"2024-04-26T06:48:13","guid":{"rendered":"https:\/\/tajkertesz.com\/?post_type=product&#038;p=20215"},"modified":"2026-02-24T11:52:28","modified_gmt":"2026-02-24T11:52:28","slug":"elaeagnus-ebbingei-vivileg-ezustfa-panel-12070cm","status":"publish","type":"product","link":"https:\/\/tajkertesz.com\/en_US\/product\/elaeagnus-ebbingei-vivileg-ezustfa-panel-12070cm\/","title":{"rendered":"ELAEAGNUS EBBINGEI &#8216;VIVILEG&#8217;\/ez\u00fcstfa panel 120*70cm"},"content":{"rendered":"<h2>ELAEAGNUS EBBINGEI &#8216;VIVILEG&#8217;\/ez\u00fcstfa panel 120*70cm<\/h2>\n<p>ELAEAGNUS EBBINGEI &#8216;VIVILEG&#8217;\/ez\u00fcstfa panel 120*70cm<\/p>\n<p>T\u00f6k\u00e9letes megold\u00e1s a k\u00edv\u00e1ncsi tekintetek el\u0151l \u00e9s azonnali takar\u00e1st biztos\u00edt.<\/p>\n<p>Olyan helyekre is t\u00f6k\u00e9letes ahol kicsi a hely a klasszikus s\u00f6v\u00e9nynek.<\/p>\n<p>Teraszokon, er\u00e9lyeken is kit\u0171n\u0151 megold\u00e1s lehet.<\/p>\n<p>A term\u00e9ket sz\u00fcks\u00e9ges ny\u00edrni, igaz\u00edtani, de ehhez nem kell nagy szaktud\u00e1s sem nagy s\u00f6v\u00e9nyny\u00edr\u00f3kra beruh\u00e1znunk.<\/p>\n<p>Elegend\u0151 lesz hozz\u00e1 egy egyszer\u0171 metsz\u0151oll\u00f3 is.<\/p>\n<p>Viszont fontos megeml\u00edteni , hogy a folyamatos t\u00e1panyag ut\u00e1np\u00f3tl\u00e1sr\u00f3l nem szabad elfelejtkezn\u00fcnk!<\/p>\n<p>A spalier term\u00e9kek sz\u00e9les v\u00e1laszt\u00e9kban megv\u00e1s\u00e1rolhat\u00f3ak kert\u00e9szet\u00fcnkben.<\/p>\n<p>Az Elaeagnaceae csal\u00e1d \u00f6r\u00f6kz\u00f6ld cserj\u00e9je az Eleagnus ebbingei \u2018Vivileg\u2019. Fel\u00e1ll\u00f3 \u00e9s er\u0151teljes testtart\u00e1s, k\u00f6zepes n\u00f6veked\u00e9s. Ez az ez\u00fcstfa el\u00e9rheti a 4 m\u00e9teres magass\u00e1got. S\u00f6t\u00e9tz\u00f6ld lombozat \u00e9s szab\u00e1lytalanul aranyozott foltok megjelen\u00e9se a leveleken igaz\u00e1n egyediv\u00e9 teszi ezt a n\u00f6v\u00e9nyt. Vir\u00e1gz\u00e1s szeptember-december, kr\u00e9msz\u00edn\u0171 vir\u00e1g, nagyon illatos. El\u0151nyben r\u00e9szes\u00edti a j\u00f3l elvezetett t\u00e1panyagd\u00fas talajt.<\/p>\n<ul>\n<li>N\u00f6veked\u00e9se: \u00c1tlagos | 20-40cm \u00e9vente<\/li>\n<li>\u00c9vente 2-3 alkalommal ny\u00edrjuk<\/li>\n<li>Kont\u00e9neres n\u00f6v\u00e9ny (15L.)<\/li>\n<li>Javasoljuk \u00fcltet\u00e9shez ide kattintva a\u00a0<a href=\"https:\/\/tajkertesz.com\/termek\/florimo-orokzold-viragfold-50-l\/\">Florimo \u00f6r\u00f6kz\u00f6ld n\u00f6v\u00e9ny f\u00f6ldet<\/a>!<\/li>\n<\/ul>\n<h1><span style=\"color: #ff0000;\"><strong>M\u00e9ret\u00e9n\u00e9l fogva GLS-fut\u00e1rszolg\u00e1lattal nem sz\u00e1ll\u00edthat\u00f3!<\/strong><\/span><\/h1>","protected":false},"excerpt":{"rendered":"<p>ELAEAGNUS EBBINGEI &#8216;VIVILEG&#8217;\/ez\u00fcstfa panel 120*70cm m\u00e9ret\u0171 fa v\u00e1zhoz r\u00f6gz\u00edtett ny\u00edrt t\u00e9relv\u00e1laszt\u00f3 \u00f6r\u00f6kz\u00f6ld n\u00f6v\u00e9ny\u2026<\/p>\n<p>El\u00e9rhet\u0151 t\u00f6bbf\u00e9le m\u00e9retben \u00e9s \u00e1rban.<\/p>\n<p><strong>K\u00e9szlet\u00fcnk napi szinten v\u00e1ltozik, ez\u00e9rt k\u00e9rj\u00fck, \u00e9rdekl\u0151dj\u00f6n szem\u00e9lyesen, telefonon vagy email-en.<br \/>\nA v\u00e1ltoztat\u00e1s jog\u00e1t fenntartjuk!\u00a0<\/strong><\/p>\n<p><a href=\"https:\/\/tajkertesz.com\/\">https:\/\/tajkertesz.com\/<\/a><\/p>\n<p><a href=\"https:\/\/www.facebook.com\/tajkertesz\/\">https:\/\/www.facebook.com\/tajkertesz\/<\/a><\/p>\n<h3>Kisz\u00e1ll\u00edt\u00e1s: 200cm-ig \u00a0\u00e9s 40 kg-ig a sz\u00e1ll\u00edt\u00e1s fut\u00e1rszolg\u00e1lattal \u00a0t\u00f6rt\u00e9nik, ez\u00e9rt<\/h3>\n<h3><span style=\"color: #ff0000;\"><strong>m\u00e9ret\u00e9n\u00e9l fogva GLS-fut\u00e1rszolg\u00e1lattal nem sz\u00e1ll\u00edthat\u00f3 ,szem\u00e9lyesen \u00e1tvehet\u0151 kert\u00e9szet\u00fcnkben!<\/strong><\/span><\/h3>","protected":false},"featured_media":20216,"template":"","meta":{"_et_pb_use_builder":"","_et_pb_old_content":"","_et_gb_content_width":""},"product_brand":[],"product_cat":[4189],"product_tag":[5265,4368,4248],"class_list":{"0":"post-20215","1":"product","2":"type-product","3":"status-publish","4":"has-post-thumbnail","6":"product_cat-terelvalaszto-novenyek","7":"product_tag-ezustfa","8":"product_tag-spalettas-noveny","9":"product_tag-spalier","11":"first","12":"instock","13":"shipping-taxable","14":"purchasable","15":"product-type-simple"},"yoast_head":"<!-- This site is optimized with the Yoast SEO plugin v27.4 - https:\/\/yoast.com\/product\/yoast-seo-wordpress\/ -->\n<title>ELAEAGNUS EBBINGEI &#039;VIVILEG&#039;\/ez\u00fcstfa panel 120*70cm - T\u00e1jkert\u00e9sz<\/title>\n<meta name=\"description\" content=\"T\u00f6k\u00e9letes megold\u00e1s a k\u00edv\u00e1ncsi tekintetek el\u0151l \u00e9s azonnali takar\u00e1st biztos\u00edt.Olyan helyekre is t\u00f6k\u00e9letes ahol kicsi a hely a klasszikus s\u00f6v\u00e9nynek.\" \/>\n<meta name=\"robots\" content=\"index, follow, max-snippet:-1, max-image-preview:large, max-video-preview:-1\" \/>\n<link rel=\"canonical\" href=\"https:\/\/tajkertesz.com\/en_US\/product\/elaeagnus-ebbingei-vivileg-ezustfa-panel-12070cm\/\" \/>\n<meta property=\"og:locale\" content=\"en_US\" \/>\n<meta property=\"og:type\" content=\"article\" \/>\n<meta property=\"og:title\" content=\"https:\/\/www.facebook.com\/tajkertesz\" \/>\n<meta property=\"og:description\" content=\"Az Elaeagnaceae csal\u00e1d \u00f6r\u00f6kz\u00f6ld cserj\u00e9je az Eleagnus ebbingei \u2018Vivileg\u2019. Fel\u00e1ll\u00f3 \u00e9s er\u0151teljes testtart\u00e1s, k\u00f6zepes n\u00f6veked\u00e9s. Ez az Olajcserje el\u00e9rheti a 4 m\u00e9teres magass\u00e1got. S\u00f6t\u00e9tz\u00f6ld lombozat \u00e9s szab\u00e1lytalanul aranyozott foltok megjelen\u00e9se a leveleken igaz\u00e1n egyediv\u00e9 teszi ezt a n\u00f6v\u00e9nyt. Vir\u00e1gz\u00e1s szeptember-december, kr\u00e9msz\u00edn\u0171 vir\u00e1g, nagyon illatos. El\u0151nyben r\u00e9szes\u00edti a j\u00f3l elvezetett t\u00e1panyagd\u00fas talajt.N\u00f6veked\u00e9se: \u00c1tlagos | 20-40cm \u00e9vente\u00c9vente 2-3 alkalommal ny\u00edrjukKont\u00e9neres n\u00f6v\u00e9ny (15L.)Magass\u00e1ga 40\/50cm cser\u00e9p n\u00e9lk\u00fclJavasoljuk \u00fcltet\u00e9shez ide kattintva a Florimo \u00f6r\u00f6kz\u00f6ld n\u00f6v\u00e9ny f\u00f6ldet!\" \/>\n<meta property=\"og:url\" content=\"https:\/\/tajkertesz.com\/en_US\/product\/elaeagnus-ebbingei-vivileg-ezustfa-panel-12070cm\/\" \/>\n<meta property=\"og:site_name\" content=\"T\u00e1jkert\u00e9sz\" \/>\n<meta property=\"article:publisher\" content=\"https:\/\/www.facebook.com\/Tajkertesz\/\" \/>\n<meta property=\"article:modified_time\" content=\"2026-02-24T11:52:28+00:00\" \/>\n<meta property=\"og:image\" content=\"https:\/\/tajkertesz.com\/wp-content\/uploads\/2023\/09\/ELE_EBVI_10_C_0055_SPL2_.jpg\" \/>\n\t<meta property=\"og:image:width\" content=\"450\" \/>\n\t<meta property=\"og:image:height\" content=\"600\" \/>\n\t<meta property=\"og:image:type\" content=\"image\/jpeg\" \/>\n<meta name=\"twitter:card\" content=\"summary_large_image\" \/>\n<meta name=\"twitter:label1\" content=\"Est. reading time\" \/>\n\t<meta name=\"twitter:data1\" content=\"2 minutes\" \/>\n<script type=\"application\/ld+json\" class=\"yoast-schema-graph\">{\"@context\":\"https:\\\/\\\/schema.org\",\"@graph\":[{\"@type\":\"WebPage\",\"@id\":\"https:\\\/\\\/tajkertesz.com\\\/termek\\\/elaeagnus-ebbingei-vivileg-ezustfa-panel-12070cm\\\/\",\"url\":\"https:\\\/\\\/tajkertesz.com\\\/termek\\\/elaeagnus-ebbingei-vivileg-ezustfa-panel-12070cm\\\/\",\"name\":\"ELAEAGNUS EBBINGEI 'VIVILEG'\\\/ez\u00fcstfa panel 120*70cm - T\u00e1jkert\u00e9sz\",\"isPartOf\":{\"@id\":\"https:\\\/\\\/tajkertesz.com\\\/#website\"},\"primaryImageOfPage\":{\"@id\":\"https:\\\/\\\/tajkertesz.com\\\/termek\\\/elaeagnus-ebbingei-vivileg-ezustfa-panel-12070cm\\\/#primaryimage\"},\"image\":{\"@id\":\"https:\\\/\\\/tajkertesz.com\\\/termek\\\/elaeagnus-ebbingei-vivileg-ezustfa-panel-12070cm\\\/#primaryimage\"},\"thumbnailUrl\":\"https:\\\/\\\/tajkertesz.com\\\/wp-content\\\/uploads\\\/2024\\\/04\\\/image2-9-rotated.jpeg\",\"datePublished\":\"2024-04-26T06:48:13+00:00\",\"dateModified\":\"2026-02-24T11:52:28+00:00\",\"description\":\"T\u00f6k\u00e9letes megold\u00e1s a k\u00edv\u00e1ncsi tekintetek el\u0151l \u00e9s azonnali takar\u00e1st biztos\u00edt.Olyan helyekre is t\u00f6k\u00e9letes ahol kicsi a hely a klasszikus s\u00f6v\u00e9nynek.\",\"breadcrumb\":{\"@id\":\"https:\\\/\\\/tajkertesz.com\\\/termek\\\/elaeagnus-ebbingei-vivileg-ezustfa-panel-12070cm\\\/#breadcrumb\"},\"inLanguage\":\"en-US\",\"potentialAction\":[{\"@type\":\"ReadAction\",\"target\":[\"https:\\\/\\\/tajkertesz.com\\\/termek\\\/elaeagnus-ebbingei-vivileg-ezustfa-panel-12070cm\\\/\"]}]},{\"@type\":\"ImageObject\",\"inLanguage\":\"en-US\",\"@id\":\"https:\\\/\\\/tajkertesz.com\\\/termek\\\/elaeagnus-ebbingei-vivileg-ezustfa-panel-12070cm\\\/#primaryimage\",\"url\":\"https:\\\/\\\/tajkertesz.com\\\/wp-content\\\/uploads\\\/2024\\\/04\\\/image2-9-rotated.jpeg\",\"contentUrl\":\"https:\\\/\\\/tajkertesz.com\\\/wp-content\\\/uploads\\\/2024\\\/04\\\/image2-9-rotated.jpeg\",\"width\":480,\"height\":640},{\"@type\":\"BreadcrumbList\",\"@id\":\"https:\\\/\\\/tajkertesz.com\\\/termek\\\/elaeagnus-ebbingei-vivileg-ezustfa-panel-12070cm\\\/#breadcrumb\",\"itemListElement\":[{\"@type\":\"ListItem\",\"position\":1,\"name\":\"Home\",\"item\":\"https:\\\/\\\/tajkertesz.com\\\/\"},{\"@type\":\"ListItem\",\"position\":2,\"name\":\"Kezd\u0151lap\",\"item\":\"https:\\\/\\\/tajkertesz.com\\\/\"},{\"@type\":\"ListItem\",\"position\":3,\"name\":\"ELAEAGNUS EBBINGEI &#8216;VIVILEG&#8217;\\\/ez\u00fcstfa panel 120*70cm\"}]},{\"@type\":\"WebSite\",\"@id\":\"https:\\\/\\\/tajkertesz.com\\\/#website\",\"url\":\"https:\\\/\\\/tajkertesz.com\\\/\",\"name\":\"T\u00e1j-Kert\u00e9sz 84 Kft.\",\"description\":\"Kert\u00e9szeti kis- \u00e9s nagykeresked\u00e9s, D\u00edszn\u00f6v\u00e9ny web\u00e1ruh\u00e1z orsz\u00e1gos h\u00e1zhozsz\u00e1ll\u00edt\u00e1ssal!\",\"publisher\":{\"@id\":\"https:\\\/\\\/tajkertesz.com\\\/#organization\"},\"potentialAction\":[{\"@type\":\"SearchAction\",\"target\":{\"@type\":\"EntryPoint\",\"urlTemplate\":\"https:\\\/\\\/tajkertesz.com\\\/?s={search_term_string}\"},\"query-input\":{\"@type\":\"PropertyValueSpecification\",\"valueRequired\":true,\"valueName\":\"search_term_string\"}}],\"inLanguage\":\"en-US\"},{\"@type\":\"Organization\",\"@id\":\"https:\\\/\\\/tajkertesz.com\\\/#organization\",\"name\":\"T\u00e1j-Kert\u00e9sz 84 Kft.\",\"url\":\"https:\\\/\\\/tajkertesz.com\\\/\",\"logo\":{\"@type\":\"ImageObject\",\"inLanguage\":\"en-US\",\"@id\":\"https:\\\/\\\/tajkertesz.com\\\/#\\\/schema\\\/logo\\\/image\\\/\",\"url\":\"https:\\\/\\\/tajkertesz.com\\\/wp-content\\\/uploads\\\/2018\\\/02\\\/logo-2-e1518678052539.png\",\"contentUrl\":\"https:\\\/\\\/tajkertesz.com\\\/wp-content\\\/uploads\\\/2018\\\/02\\\/logo-2-e1518678052539.png\",\"width\":81,\"height\":140,\"caption\":\"T\u00e1j-Kert\u00e9sz 84 Kft.\"},\"image\":{\"@id\":\"https:\\\/\\\/tajkertesz.com\\\/#\\\/schema\\\/logo\\\/image\\\/\"},\"sameAs\":[\"https:\\\/\\\/www.facebook.com\\\/Tajkertesz\\\/\"]}]}<\/script>\n<!-- \/ Yoast SEO plugin. -->","yoast_head_json":{"title":"ELAEAGNUS EBBINGEI 'VIVILEG'\/ez\u00fcstfa panel 120*70cm - T\u00e1jkert\u00e9sz","description":"T\u00f6k\u00e9letes megold\u00e1s a k\u00edv\u00e1ncsi tekintetek el\u0151l \u00e9s azonnali takar\u00e1st biztos\u00edt.Olyan helyekre is t\u00f6k\u00e9letes ahol kicsi a hely a klasszikus s\u00f6v\u00e9nynek.","robots":{"index":"index","follow":"follow","max-snippet":"max-snippet:-1","max-image-preview":"max-image-preview:large","max-video-preview":"max-video-preview:-1"},"canonical":"https:\/\/tajkertesz.com\/en_US\/product\/elaeagnus-ebbingei-vivileg-ezustfa-panel-12070cm\/","og_locale":"en_US","og_type":"article","og_title":"https:\/\/www.facebook.com\/tajkertesz","og_description":"Az Elaeagnaceae csal\u00e1d \u00f6r\u00f6kz\u00f6ld cserj\u00e9je az Eleagnus ebbingei \u2018Vivileg\u2019. Fel\u00e1ll\u00f3 \u00e9s er\u0151teljes testtart\u00e1s, k\u00f6zepes n\u00f6veked\u00e9s. Ez az Olajcserje el\u00e9rheti a 4 m\u00e9teres magass\u00e1got. S\u00f6t\u00e9tz\u00f6ld lombozat \u00e9s szab\u00e1lytalanul aranyozott foltok megjelen\u00e9se a leveleken igaz\u00e1n egyediv\u00e9 teszi ezt a n\u00f6v\u00e9nyt. Vir\u00e1gz\u00e1s szeptember-december, kr\u00e9msz\u00edn\u0171 vir\u00e1g, nagyon illatos. El\u0151nyben r\u00e9szes\u00edti a j\u00f3l elvezetett t\u00e1panyagd\u00fas talajt.N\u00f6veked\u00e9se: \u00c1tlagos | 20-40cm \u00e9vente\u00c9vente 2-3 alkalommal ny\u00edrjukKont\u00e9neres n\u00f6v\u00e9ny (15L.)Magass\u00e1ga 40\/50cm cser\u00e9p n\u00e9lk\u00fclJavasoljuk \u00fcltet\u00e9shez ide kattintva a Florimo \u00f6r\u00f6kz\u00f6ld n\u00f6v\u00e9ny f\u00f6ldet!","og_url":"https:\/\/tajkertesz.com\/en_US\/product\/elaeagnus-ebbingei-vivileg-ezustfa-panel-12070cm\/","og_site_name":"T\u00e1jkert\u00e9sz","article_publisher":"https:\/\/www.facebook.com\/Tajkertesz\/","article_modified_time":"2026-02-24T11:52:28+00:00","og_image":[{"width":450,"height":600,"url":"https:\/\/tajkertesz.com\/wp-content\/uploads\/2023\/09\/ELE_EBVI_10_C_0055_SPL2_.jpg","type":"image\/jpeg"}],"twitter_card":"summary_large_image","twitter_misc":{"Est. reading time":"2 minutes"},"schema":{"@context":"https:\/\/schema.org","@graph":[{"@type":"WebPage","@id":"https:\/\/tajkertesz.com\/termek\/elaeagnus-ebbingei-vivileg-ezustfa-panel-12070cm\/","url":"https:\/\/tajkertesz.com\/termek\/elaeagnus-ebbingei-vivileg-ezustfa-panel-12070cm\/","name":"ELAEAGNUS EBBINGEI 'VIVILEG'\/ez\u00fcstfa panel 120*70cm - T\u00e1jkert\u00e9sz","isPartOf":{"@id":"https:\/\/tajkertesz.com\/#website"},"primaryImageOfPage":{"@id":"https:\/\/tajkertesz.com\/termek\/elaeagnus-ebbingei-vivileg-ezustfa-panel-12070cm\/#primaryimage"},"image":{"@id":"https:\/\/tajkertesz.com\/termek\/elaeagnus-ebbingei-vivileg-ezustfa-panel-12070cm\/#primaryimage"},"thumbnailUrl":"https:\/\/tajkertesz.com\/wp-content\/uploads\/2024\/04\/image2-9-rotated.jpeg","datePublished":"2024-04-26T06:48:13+00:00","dateModified":"2026-02-24T11:52:28+00:00","description":"T\u00f6k\u00e9letes megold\u00e1s a k\u00edv\u00e1ncsi tekintetek el\u0151l \u00e9s azonnali takar\u00e1st biztos\u00edt.Olyan helyekre is t\u00f6k\u00e9letes ahol kicsi a hely a klasszikus s\u00f6v\u00e9nynek.","breadcrumb":{"@id":"https:\/\/tajkertesz.com\/termek\/elaeagnus-ebbingei-vivileg-ezustfa-panel-12070cm\/#breadcrumb"},"inLanguage":"en-US","potentialAction":[{"@type":"ReadAction","target":["https:\/\/tajkertesz.com\/termek\/elaeagnus-ebbingei-vivileg-ezustfa-panel-12070cm\/"]}]},{"@type":"ImageObject","inLanguage":"en-US","@id":"https:\/\/tajkertesz.com\/termek\/elaeagnus-ebbingei-vivileg-ezustfa-panel-12070cm\/#primaryimage","url":"https:\/\/tajkertesz.com\/wp-content\/uploads\/2024\/04\/image2-9-rotated.jpeg","contentUrl":"https:\/\/tajkertesz.com\/wp-content\/uploads\/2024\/04\/image2-9-rotated.jpeg","width":480,"height":640},{"@type":"BreadcrumbList","@id":"https:\/\/tajkertesz.com\/termek\/elaeagnus-ebbingei-vivileg-ezustfa-panel-12070cm\/#breadcrumb","itemListElement":[{"@type":"ListItem","position":1,"name":"Home","item":"https:\/\/tajkertesz.com\/"},{"@type":"ListItem","position":2,"name":"Kezd\u0151lap","item":"https:\/\/tajkertesz.com\/"},{"@type":"ListItem","position":3,"name":"ELAEAGNUS EBBINGEI &#8216;VIVILEG&#8217;\/ez\u00fcstfa panel 120*70cm"}]},{"@type":"WebSite","@id":"https:\/\/tajkertesz.com\/#website","url":"https:\/\/tajkertesz.com\/","name":"T\u00e1j-Kert\u00e9sz 84 Kft.","description":"Kert\u00e9szeti kis- \u00e9s nagykeresked\u00e9s, D\u00edszn\u00f6v\u00e9ny web\u00e1ruh\u00e1z orsz\u00e1gos h\u00e1zhozsz\u00e1ll\u00edt\u00e1ssal!","publisher":{"@id":"https:\/\/tajkertesz.com\/#organization"},"potentialAction":[{"@type":"SearchAction","target":{"@type":"EntryPoint","urlTemplate":"https:\/\/tajkertesz.com\/?s={search_term_string}"},"query-input":{"@type":"PropertyValueSpecification","valueRequired":true,"valueName":"search_term_string"}}],"inLanguage":"en-US"},{"@type":"Organization","@id":"https:\/\/tajkertesz.com\/#organization","name":"T\u00e1j-Kert\u00e9sz 84 Kft.","url":"https:\/\/tajkertesz.com\/","logo":{"@type":"ImageObject","inLanguage":"en-US","@id":"https:\/\/tajkertesz.com\/#\/schema\/logo\/image\/","url":"https:\/\/tajkertesz.com\/wp-content\/uploads\/2018\/02\/logo-2-e1518678052539.png","contentUrl":"https:\/\/tajkertesz.com\/wp-content\/uploads\/2018\/02\/logo-2-e1518678052539.png","width":81,"height":140,"caption":"T\u00e1j-Kert\u00e9sz 84 Kft."},"image":{"@id":"https:\/\/tajkertesz.com\/#\/schema\/logo\/image\/"},"sameAs":["https:\/\/www.facebook.com\/Tajkertesz\/"]}]}},"_links":{"self":[{"href":"https:\/\/tajkertesz.com\/en_US\/wp-json\/wp\/v2\/product\/20215","targetHints":{"allow":["GET"]}}],"collection":[{"href":"https:\/\/tajkertesz.com\/en_US\/wp-json\/wp\/v2\/product"}],"about":[{"href":"https:\/\/tajkertesz.com\/en_US\/wp-json\/wp\/v2\/types\/product"}],"wp:featuredmedia":[{"embeddable":true,"href":"https:\/\/tajkertesz.com\/en_US\/wp-json\/wp\/v2\/media\/20216"}],"wp:attachment":[{"href":"https:\/\/tajkertesz.com\/en_US\/wp-json\/wp\/v2\/media?parent=20215"}],"wp:term":[{"taxonomy":"product_brand","embeddable":true,"href":"https:\/\/tajkertesz.com\/en_US\/wp-json\/wp\/v2\/product_brand?post=20215"},{"taxonomy":"product_cat","embeddable":true,"href":"https:\/\/tajkertesz.com\/en_US\/wp-json\/wp\/v2\/product_cat?post=20215"},{"taxonomy":"product_tag","embeddable":true,"href":"https:\/\/tajkertesz.com\/en_US\/wp-json\/wp\/v2\/product_tag?post=20215"}],"curies":[{"name":"wp","href":"https:\/\/api.w.org\/{rel}","templated":true}]}}