{"id":20268,"date":"2024-05-07T10:09:54","date_gmt":"2024-05-07T10:09:54","guid":{"rendered":"https:\/\/tajkertesz.com\/?post_type=product&#038;p=20268"},"modified":"2026-02-12T15:18:38","modified_gmt":"2026-02-12T15:18:38","slug":"vektafid-a-e-leveltetu-pajzstetu-ellen-05l","status":"publish","type":"product","link":"https:\/\/tajkertesz.com\/en_US\/product\/vektafid-a-e-leveltetu-pajzstetu-ellen-05l\/","title":{"rendered":"Vektafid A\/E lev\u00e9ltet\u00fc-pajzstet\u00fc ellen 0,5L"},"content":{"rendered":"<h1 class=\"product-detail-name\">Vektafid A\/E lev\u00e9ltet\u00fc-pajzstet\u00fc ellen 0,5L<\/h1>\n<p class=\"product-detail-name\">Vektafid A\/E lev\u00e9ltet\u00fc-pajzstet\u00fc ellen 0,5L<\/p>\n<div class=\"product-detail-title-after\">\n<div class=\"product-detail-manufacturer-wrap\">\n<p>Term\u00e9szetes rovar\u00f6l\u0151 permetez\u0151szer v\u00edrusv\u00e9delemmel.<\/p>\n<p>Rovar\u00f6l\u0151 permetez\u0151szer\u00a0lev\u00e9l- \u00e9s pajzstetvek, gyapjastet\u0171, tripszek \u00e9s atk\u00e1k ellen.<br \/>\nSokoldal\u00faan haszn\u00e1lhat\u00f3 k\u00e9sz\u00edtm\u00e9ny a szoba- \u00e9s balkonn\u00f6v\u00e9nyek \u00e1pol\u00e1s\u00e1ban, valamint kisebb kertekben, ahol a n\u00f6v\u00e9ny\u00e1llom\u00e1ny kezel\u00e9se k\u00e9zi sz\u00f3r\u00f3palackal is megoldhat\u00f3.<br \/>\nEgyszer\u0171 \u00e9s k\u00f6rnyezetk\u00edm\u00e9l\u0151 megold\u00e1s a d\u00edszn\u00f6v\u00e9nyek v\u00e9delm\u00e9re.<\/p>\n<p>Adagol\u00e1sa: \u00a0k\u00e9szre kevert<br \/>\nHat\u00f3anyag: 83 % parafinnolajat \u00e9s 17% atplus 300 F emulge\u00e1tort tartalmaz, vagyis a Vektafid A 1 %-os oldat\u00e1t<br \/>\nMunkaeg\u00e9szs\u00e9g\u00fcgyi v\u00e1rakoz\u00e1si ideje:\u00a00 nap.<br \/>\nEltarthat\u00f3s\u00e1ga:\u00a0eredeti, z\u00e1rt csomagol\u00e1sban, h\u0171v\u00f6s helyen 2 \u00e9vig t\u00e1rolhat\u00f3.<br \/>\nAlkalmaz\u00e1sa:<br \/>\nFelhaszn\u00e1lhat\u00f3 a szobai d\u00edszn\u00f6v\u00e9nyeken gyakori lev\u00e9l- \u00e9s pajzstetvek, gyapjastet\u0171, tripszek \u00e9s atk\u00e1k ellen.<br \/>\nA pajzstetvek elleni v\u00e9dekez\u00e9s akkor a legeredm\u00e9nyesebb, amikor a k\u00e1rtev\u0151 k\u00fcl\u00f6nb\u00f6z\u0151 fejl\u0151d\u00e9si alakjai a n\u00f6v\u00e9ny fel\u00fclet\u00e9n mozognak, de a szer rendszeres haszn\u00e1lata a pajzsok alatt k\u00e1ros\u00edt\u00f3 tetveket is elpuszt\u00edtja.<br \/>\nF\u00e9nyezi a d\u00edszn\u00f6v\u00e9nyek leveleit.\u00a0A n\u00f6v\u00e9ny fel\u00fclet\u00e9n egy rugalmas bevonatot k\u00e9pez, amely riaszt\u00f3 hat\u00e1s\u00fa a n\u00f6v\u00e9nyeket sz\u00edvogat\u00f3 rovarok sz\u00e1m\u00e1ra.<\/p>\n<p>A biztons\u00e1gos v\u00e9delem \u00e9rdek\u00e9ben a kezel\u00e9st 10-14 naponta meg kell ism\u00e9telni.<br \/>\nA k\u00e9sz\u00edtm\u00e9ny szabadt\u00e9ri felhaszn\u00e1l\u00e1s eset\u00e9n 25 C\u00b0 feletti h\u0151m\u00e9rs\u00e9kleten vagy t\u00faladagol\u00e1s eset\u00e9n perzsel\u00e9st okozhat.<br \/>\nA szoban\u00f6v\u00e9nyek k\u00f6z\u00fcl a szer ellen\u0151rz\u00f6tten nem fitotoxikus: Codeinum varieatum, fikusz f\u00e9l\u00e9k, Cissus rhombifolia, Coleus blumeria, Cordyline fajok, cik\u00e1sz p\u00e1lma fajok, Asplenium nidus, Diffenbachia fajok, Schefflera fajok, Dracena fragrans, Fatschedera lizei, Scindapsus fajok, borosty\u00e1n fajok, Monstera fajok, Aglaonema fajok tagjain.<br \/>\nMinden m\u00e1s szobai d\u00edszn\u00f6v\u00e9nyen kezel\u00e9s el\u0151tt \u00e9rdemes pr\u00f3bapermetez\u00e9st v\u00e9gezni.<br \/>\nA szobap\u00e1fr\u00e1ny (Nephhrolepis) fajok kezel\u00e9s\u00e9re nem haszn\u00e1lathat\u00f3.<\/p>\n<p>paprika v\u00edrusvektor lev\u00e9ltetvek 3-6 l\/ha nk<\/p>\n<p>alma atka, lev\u00e9ltetvek, pajzstetvek 0,5-3 % nk<\/p>\n<p>cukorr\u00e9pa: hat\u00e1sfokoz\u00e1s (fenmedifam hat\u00f3anyaghoz) 1,5 l\/ha nk<\/p>\n<p>k\u00f6zter\u00fcleti f\u00e1k, bokrok: lev\u00e9ltetvek, pajzstetvek 1,0 l\/ha &#8211;<\/p>\n<p>d\u00edszn\u00f6v\u00e9nyek: gubacstetvek, k\u00e9regtetvek, lev\u00e9lbolh\u00e1k, lev\u00e9ltetvek, pajzstetvek, s\u00f6rt\u00e9stetvek, tak\u00e1csatk\u00e1k 0,5-2,0% &#8211;<\/p>\n<\/div>\n<\/div>\n<p align=\"justify\"><a href=\"https:\/\/www.facebook.com\/tajkertesz\">https:\/\/www.facebook.com\/tajkertesz<\/a><\/p>\n<p align=\"justify\"><a href=\"http:\/\/www.tajkertesz.hu\">http:\/\/www.tajkertesz.hu<\/a><\/p>\n<p align=\"justify\">Vektafid A\/E lev\u00e9ltet\u00fc-pajzstet\u00fc ellen 0,5L<\/p>\n<h3 align=\"justify\">Kiz\u00e1r\u00f3lag szem\u00e9lyes \u00e1tv\u00e9tellel lehets\u00e9ges a term\u00e9k megv\u00e1s\u00e1rl\u00e1sa!<\/h3>\n<p align=\"justify\"><span style=\"color: #ffffff;\">A k\u00e9sz\u00edtm\u00e9nyt a gyep ny\u00edr\u00e1s\u00e1t k\u00f6vet\u0151en, a k\u00e9tszik\u0171 gyomn\u00f6v\u00e9nyek n\u00f6veked\u00e9s\u00e9nek \u00fajb\u00f3li megindul\u00e1sa ut\u00e1n kell kijuttatni 10 l\/ha (100 ml \/ 100 m2) d\u00f3zisban. A kijuttat\u00e1shoz sz\u00fcks\u00e9ges v\u00edzmennyis\u00e9g 10 l \/ 100 m2. A kezel\u00e9sn\u00e9l \u00fcgyelni kell arra, hogy a permetl\u00e9 kult\u00farn\u00f6v\u00e9nyekre ne ker\u00fclj\u00f6n, mert azokat maradand\u00f3an k\u00e1ros\u00edtja.<\/span><\/p>\n<p align=\"justify\"><span style=\"color: #ffffff;\">A k\u00e9sz\u00edtm\u00e9ny alkalmazhat\u00f3 foltkezel\u00e9s \u00e9s teljes fel\u00fcletkezel\u00e9s form\u00e1j\u00e1ban. Egy veget\u00e1ci\u00f3s szakaszban maximum k\u00e9t kezel\u00e9s v\u00e9gezhet\u0151.<\/span><\/p>\n<div align=\"justify\"><\/div>","protected":false},"excerpt":{"rendered":"<p>Term\u00e9szetes rovar\u00f6l\u0151 permetez\u0151szer v\u00edrusv\u00e9delemmel&#8230;<\/p>\n<p>F\u00e9nyezi a d\u00edszn\u00f6v\u00e9nyek leveleit.\u00a0A n\u00f6v\u00e9ny fel\u00fclet\u00e9n egy rugalmas bevonatot k\u00e9pez, amely riaszt\u00f3 hat\u00e1s\u00fa a n\u00f6v\u00e9nyeket sz\u00edvogat\u00f3 rovarok sz\u00e1m\u00e1ra.<\/p>\n<p>Forgalmaz\u00e1si kateg\u00f3ria: III (szabad forgam\u00fa)<\/p>\n<p>&nbsp;<\/p>\n<div class=\"product-detail-title-after\">\n<div class=\"product-detail-manufacturer-wrap\"><\/div>\n<\/div>\n<div class=\"product-detail-title-after\">\n<div class=\"product-detail-manufacturer-wrap\"><\/div>\n<\/div>","protected":false},"featured_media":20269,"template":"","meta":{"_et_pb_use_builder":"","_et_pb_old_content":"","_et_gb_content_width":""},"product_brand":[],"product_cat":[4204,3423],"product_tag":[4739,4820,4821,4135,3562],"class_list":{"0":"post-20268","1":"product","2":"type-product","3":"status-publish","4":"has-post-thumbnail","6":"product_cat-biologiai-novenyvedelem","7":"product_cat-rovarolo-szer","8":"product_tag-biologiai","9":"product_tag-novenyvedelem","10":"product_tag-paraffinolaj","11":"product_tag-rovarolo","12":"product_tag-vektafid-a-1-l","14":"first","15":"instock","16":"shipping-taxable","17":"purchasable","18":"product-type-simple"},"yoast_head":"<!-- This site is optimized with the Yoast SEO plugin v27.5 - https:\/\/yoast.com\/product\/yoast-seo-wordpress\/ -->\n<title>Vektafid A\/E lev\u00e9ltet\u00fc-pajzstet\u00fc ellen 0,5L - T\u00e1jkert\u00e9sz<\/title>\n<meta name=\"description\" content=\"Vektafid A\/E lev\u00e9ltet\u00fc-pajzstet\u00fc ellen 0,5L Term\u00e9szetes rovar\u00f6l\u0151 permetez\u0151szer v\u00edrusv\u00e9delemmel.F\u00e9nyezi a d\u00edszn\u00f6v\u00e9nyek leveleit. A n\u00f6v\u00e9ny fel\u00fclet\u00e9n...\" \/>\n<meta name=\"robots\" content=\"index, follow, max-snippet:-1, max-image-preview:large, max-video-preview:-1\" \/>\n<link rel=\"canonical\" href=\"https:\/\/tajkertesz.com\/en_US\/product\/vektafid-a-e-leveltetu-pajzstetu-ellen-05l\/\" \/>\n<meta property=\"og:locale\" content=\"en_US\" \/>\n<meta property=\"og:type\" content=\"article\" \/>\n<meta property=\"og:title\" content=\"Vektafid A\/E lev\u00e9ltet\u00fc-pajzstet\u00fc ellen 0,5L - T\u00e1jkert\u00e9sz\" \/>\n<meta property=\"og:description\" content=\"Vektafid A\/E lev\u00e9ltet\u00fc-pajzstet\u00fc ellen 0,5L Term\u00e9szetes rovar\u00f6l\u0151 permetez\u0151szer v\u00edrusv\u00e9delemmel.F\u00e9nyezi a d\u00edszn\u00f6v\u00e9nyek leveleit. A n\u00f6v\u00e9ny fel\u00fclet\u00e9n...\" \/>\n<meta property=\"og:url\" content=\"https:\/\/tajkertesz.com\/en_US\/product\/vektafid-a-e-leveltetu-pajzstetu-ellen-05l\/\" \/>\n<meta property=\"og:site_name\" content=\"T\u00e1jkert\u00e9sz\" \/>\n<meta property=\"article:publisher\" content=\"https:\/\/www.facebook.com\/Tajkertesz\/\" \/>\n<meta property=\"article:modified_time\" content=\"2026-02-12T15:18:38+00:00\" \/>\n<meta property=\"og:image\" content=\"https:\/\/tajkertesz.com\/wp-content\/uploads\/2024\/05\/veka2501.jpg\" \/>\n\t<meta property=\"og:image:width\" content=\"940\" \/>\n\t<meta property=\"og:image:height\" content=\"788\" \/>\n\t<meta property=\"og:image:type\" content=\"image\/jpeg\" \/>\n<meta name=\"twitter:card\" content=\"summary_large_image\" \/>\n<meta name=\"twitter:label1\" content=\"Est. reading time\" \/>\n\t<meta name=\"twitter:data1\" content=\"3 minutes\" \/>\n<script type=\"application\/ld+json\" class=\"yoast-schema-graph\">{\"@context\":\"https:\\\/\\\/schema.org\",\"@graph\":[{\"@type\":\"WebPage\",\"@id\":\"https:\\\/\\\/tajkertesz.com\\\/termek\\\/vektafid-a-e-leveltetu-pajzstetu-ellen-05l\\\/\",\"url\":\"https:\\\/\\\/tajkertesz.com\\\/termek\\\/vektafid-a-e-leveltetu-pajzstetu-ellen-05l\\\/\",\"name\":\"Vektafid A\\\/E lev\u00e9ltet\u00fc-pajzstet\u00fc ellen 0,5L - T\u00e1jkert\u00e9sz\",\"isPartOf\":{\"@id\":\"https:\\\/\\\/tajkertesz.com\\\/#website\"},\"primaryImageOfPage\":{\"@id\":\"https:\\\/\\\/tajkertesz.com\\\/termek\\\/vektafid-a-e-leveltetu-pajzstetu-ellen-05l\\\/#primaryimage\"},\"image\":{\"@id\":\"https:\\\/\\\/tajkertesz.com\\\/termek\\\/vektafid-a-e-leveltetu-pajzstetu-ellen-05l\\\/#primaryimage\"},\"thumbnailUrl\":\"https:\\\/\\\/tajkertesz.com\\\/wp-content\\\/uploads\\\/2024\\\/05\\\/veka2501.jpg\",\"datePublished\":\"2024-05-07T10:09:54+00:00\",\"dateModified\":\"2026-02-12T15:18:38+00:00\",\"description\":\"Vektafid A\\\/E lev\u00e9ltet\u00fc-pajzstet\u00fc ellen 0,5L Term\u00e9szetes rovar\u00f6l\u0151 permetez\u0151szer v\u00edrusv\u00e9delemmel.F\u00e9nyezi a d\u00edszn\u00f6v\u00e9nyek leveleit. A n\u00f6v\u00e9ny fel\u00fclet\u00e9n...\",\"breadcrumb\":{\"@id\":\"https:\\\/\\\/tajkertesz.com\\\/termek\\\/vektafid-a-e-leveltetu-pajzstetu-ellen-05l\\\/#breadcrumb\"},\"inLanguage\":\"en-US\",\"potentialAction\":[{\"@type\":\"ReadAction\",\"target\":[\"https:\\\/\\\/tajkertesz.com\\\/termek\\\/vektafid-a-e-leveltetu-pajzstetu-ellen-05l\\\/\"]}]},{\"@type\":\"ImageObject\",\"inLanguage\":\"en-US\",\"@id\":\"https:\\\/\\\/tajkertesz.com\\\/termek\\\/vektafid-a-e-leveltetu-pajzstetu-ellen-05l\\\/#primaryimage\",\"url\":\"https:\\\/\\\/tajkertesz.com\\\/wp-content\\\/uploads\\\/2024\\\/05\\\/veka2501.jpg\",\"contentUrl\":\"https:\\\/\\\/tajkertesz.com\\\/wp-content\\\/uploads\\\/2024\\\/05\\\/veka2501.jpg\",\"width\":940,\"height\":788,\"caption\":\"xr:d:DAFgurp0LlM:251,j:3308802332,t:23042410\"},{\"@type\":\"BreadcrumbList\",\"@id\":\"https:\\\/\\\/tajkertesz.com\\\/termek\\\/vektafid-a-e-leveltetu-pajzstetu-ellen-05l\\\/#breadcrumb\",\"itemListElement\":[{\"@type\":\"ListItem\",\"position\":1,\"name\":\"Home\",\"item\":\"https:\\\/\\\/tajkertesz.com\\\/\"},{\"@type\":\"ListItem\",\"position\":2,\"name\":\"Kezd\u0151lap\",\"item\":\"https:\\\/\\\/tajkertesz.com\\\/\"},{\"@type\":\"ListItem\",\"position\":3,\"name\":\"Vektafid A\\\/E lev\u00e9ltet\u00fc-pajzstet\u00fc ellen 0,5L\"}]},{\"@type\":\"WebSite\",\"@id\":\"https:\\\/\\\/tajkertesz.com\\\/#website\",\"url\":\"https:\\\/\\\/tajkertesz.com\\\/\",\"name\":\"T\u00e1j-Kert\u00e9sz 84 Kft.\",\"description\":\"Kert\u00e9szeti kis- \u00e9s nagykeresked\u00e9s, D\u00edszn\u00f6v\u00e9ny web\u00e1ruh\u00e1z orsz\u00e1gos h\u00e1zhozsz\u00e1ll\u00edt\u00e1ssal!\",\"publisher\":{\"@id\":\"https:\\\/\\\/tajkertesz.com\\\/#organization\"},\"potentialAction\":[{\"@type\":\"SearchAction\",\"target\":{\"@type\":\"EntryPoint\",\"urlTemplate\":\"https:\\\/\\\/tajkertesz.com\\\/?s={search_term_string}\"},\"query-input\":{\"@type\":\"PropertyValueSpecification\",\"valueRequired\":true,\"valueName\":\"search_term_string\"}}],\"inLanguage\":\"en-US\"},{\"@type\":\"Organization\",\"@id\":\"https:\\\/\\\/tajkertesz.com\\\/#organization\",\"name\":\"T\u00e1j-Kert\u00e9sz 84 Kft.\",\"url\":\"https:\\\/\\\/tajkertesz.com\\\/\",\"logo\":{\"@type\":\"ImageObject\",\"inLanguage\":\"en-US\",\"@id\":\"https:\\\/\\\/tajkertesz.com\\\/#\\\/schema\\\/logo\\\/image\\\/\",\"url\":\"https:\\\/\\\/tajkertesz.com\\\/wp-content\\\/uploads\\\/2018\\\/02\\\/logo-2-e1518678052539.png\",\"contentUrl\":\"https:\\\/\\\/tajkertesz.com\\\/wp-content\\\/uploads\\\/2018\\\/02\\\/logo-2-e1518678052539.png\",\"width\":81,\"height\":140,\"caption\":\"T\u00e1j-Kert\u00e9sz 84 Kft.\"},\"image\":{\"@id\":\"https:\\\/\\\/tajkertesz.com\\\/#\\\/schema\\\/logo\\\/image\\\/\"},\"sameAs\":[\"https:\\\/\\\/www.facebook.com\\\/Tajkertesz\\\/\"]}]}<\/script>\n<!-- \/ Yoast SEO plugin. -->","yoast_head_json":{"title":"Vektafid A\/E lev\u00e9ltet\u00fc-pajzstet\u00fc ellen 0,5L - T\u00e1jkert\u00e9sz","description":"Vektafid A\/E lev\u00e9ltet\u00fc-pajzstet\u00fc ellen 0,5L Term\u00e9szetes rovar\u00f6l\u0151 permetez\u0151szer v\u00edrusv\u00e9delemmel.F\u00e9nyezi a d\u00edszn\u00f6v\u00e9nyek leveleit. A n\u00f6v\u00e9ny fel\u00fclet\u00e9n...","robots":{"index":"index","follow":"follow","max-snippet":"max-snippet:-1","max-image-preview":"max-image-preview:large","max-video-preview":"max-video-preview:-1"},"canonical":"https:\/\/tajkertesz.com\/en_US\/product\/vektafid-a-e-leveltetu-pajzstetu-ellen-05l\/","og_locale":"en_US","og_type":"article","og_title":"Vektafid A\/E lev\u00e9ltet\u00fc-pajzstet\u00fc ellen 0,5L - T\u00e1jkert\u00e9sz","og_description":"Vektafid A\/E lev\u00e9ltet\u00fc-pajzstet\u00fc ellen 0,5L Term\u00e9szetes rovar\u00f6l\u0151 permetez\u0151szer v\u00edrusv\u00e9delemmel.F\u00e9nyezi a d\u00edszn\u00f6v\u00e9nyek leveleit. A n\u00f6v\u00e9ny fel\u00fclet\u00e9n...","og_url":"https:\/\/tajkertesz.com\/en_US\/product\/vektafid-a-e-leveltetu-pajzstetu-ellen-05l\/","og_site_name":"T\u00e1jkert\u00e9sz","article_publisher":"https:\/\/www.facebook.com\/Tajkertesz\/","article_modified_time":"2026-02-12T15:18:38+00:00","og_image":[{"width":940,"height":788,"url":"https:\/\/tajkertesz.com\/wp-content\/uploads\/2024\/05\/veka2501.jpg","type":"image\/jpeg"}],"twitter_card":"summary_large_image","twitter_misc":{"Est. reading time":"3 minutes"},"schema":{"@context":"https:\/\/schema.org","@graph":[{"@type":"WebPage","@id":"https:\/\/tajkertesz.com\/termek\/vektafid-a-e-leveltetu-pajzstetu-ellen-05l\/","url":"https:\/\/tajkertesz.com\/termek\/vektafid-a-e-leveltetu-pajzstetu-ellen-05l\/","name":"Vektafid A\/E lev\u00e9ltet\u00fc-pajzstet\u00fc ellen 0,5L - T\u00e1jkert\u00e9sz","isPartOf":{"@id":"https:\/\/tajkertesz.com\/#website"},"primaryImageOfPage":{"@id":"https:\/\/tajkertesz.com\/termek\/vektafid-a-e-leveltetu-pajzstetu-ellen-05l\/#primaryimage"},"image":{"@id":"https:\/\/tajkertesz.com\/termek\/vektafid-a-e-leveltetu-pajzstetu-ellen-05l\/#primaryimage"},"thumbnailUrl":"https:\/\/tajkertesz.com\/wp-content\/uploads\/2024\/05\/veka2501.jpg","datePublished":"2024-05-07T10:09:54+00:00","dateModified":"2026-02-12T15:18:38+00:00","description":"Vektafid A\/E lev\u00e9ltet\u00fc-pajzstet\u00fc ellen 0,5L Term\u00e9szetes rovar\u00f6l\u0151 permetez\u0151szer v\u00edrusv\u00e9delemmel.F\u00e9nyezi a d\u00edszn\u00f6v\u00e9nyek leveleit. A n\u00f6v\u00e9ny fel\u00fclet\u00e9n...","breadcrumb":{"@id":"https:\/\/tajkertesz.com\/termek\/vektafid-a-e-leveltetu-pajzstetu-ellen-05l\/#breadcrumb"},"inLanguage":"en-US","potentialAction":[{"@type":"ReadAction","target":["https:\/\/tajkertesz.com\/termek\/vektafid-a-e-leveltetu-pajzstetu-ellen-05l\/"]}]},{"@type":"ImageObject","inLanguage":"en-US","@id":"https:\/\/tajkertesz.com\/termek\/vektafid-a-e-leveltetu-pajzstetu-ellen-05l\/#primaryimage","url":"https:\/\/tajkertesz.com\/wp-content\/uploads\/2024\/05\/veka2501.jpg","contentUrl":"https:\/\/tajkertesz.com\/wp-content\/uploads\/2024\/05\/veka2501.jpg","width":940,"height":788,"caption":"xr:d:DAFgurp0LlM:251,j:3308802332,t:23042410"},{"@type":"BreadcrumbList","@id":"https:\/\/tajkertesz.com\/termek\/vektafid-a-e-leveltetu-pajzstetu-ellen-05l\/#breadcrumb","itemListElement":[{"@type":"ListItem","position":1,"name":"Home","item":"https:\/\/tajkertesz.com\/"},{"@type":"ListItem","position":2,"name":"Kezd\u0151lap","item":"https:\/\/tajkertesz.com\/"},{"@type":"ListItem","position":3,"name":"Vektafid A\/E lev\u00e9ltet\u00fc-pajzstet\u00fc ellen 0,5L"}]},{"@type":"WebSite","@id":"https:\/\/tajkertesz.com\/#website","url":"https:\/\/tajkertesz.com\/","name":"T\u00e1j-Kert\u00e9sz 84 Kft.","description":"Kert\u00e9szeti kis- \u00e9s nagykeresked\u00e9s, D\u00edszn\u00f6v\u00e9ny web\u00e1ruh\u00e1z orsz\u00e1gos h\u00e1zhozsz\u00e1ll\u00edt\u00e1ssal!","publisher":{"@id":"https:\/\/tajkertesz.com\/#organization"},"potentialAction":[{"@type":"SearchAction","target":{"@type":"EntryPoint","urlTemplate":"https:\/\/tajkertesz.com\/?s={search_term_string}"},"query-input":{"@type":"PropertyValueSpecification","valueRequired":true,"valueName":"search_term_string"}}],"inLanguage":"en-US"},{"@type":"Organization","@id":"https:\/\/tajkertesz.com\/#organization","name":"T\u00e1j-Kert\u00e9sz 84 Kft.","url":"https:\/\/tajkertesz.com\/","logo":{"@type":"ImageObject","inLanguage":"en-US","@id":"https:\/\/tajkertesz.com\/#\/schema\/logo\/image\/","url":"https:\/\/tajkertesz.com\/wp-content\/uploads\/2018\/02\/logo-2-e1518678052539.png","contentUrl":"https:\/\/tajkertesz.com\/wp-content\/uploads\/2018\/02\/logo-2-e1518678052539.png","width":81,"height":140,"caption":"T\u00e1j-Kert\u00e9sz 84 Kft."},"image":{"@id":"https:\/\/tajkertesz.com\/#\/schema\/logo\/image\/"},"sameAs":["https:\/\/www.facebook.com\/Tajkertesz\/"]}]}},"_links":{"self":[{"href":"https:\/\/tajkertesz.com\/en_US\/wp-json\/wp\/v2\/product\/20268","targetHints":{"allow":["GET"]}}],"collection":[{"href":"https:\/\/tajkertesz.com\/en_US\/wp-json\/wp\/v2\/product"}],"about":[{"href":"https:\/\/tajkertesz.com\/en_US\/wp-json\/wp\/v2\/types\/product"}],"wp:featuredmedia":[{"embeddable":true,"href":"https:\/\/tajkertesz.com\/en_US\/wp-json\/wp\/v2\/media\/20269"}],"wp:attachment":[{"href":"https:\/\/tajkertesz.com\/en_US\/wp-json\/wp\/v2\/media?parent=20268"}],"wp:term":[{"taxonomy":"product_brand","embeddable":true,"href":"https:\/\/tajkertesz.com\/en_US\/wp-json\/wp\/v2\/product_brand?post=20268"},{"taxonomy":"product_cat","embeddable":true,"href":"https:\/\/tajkertesz.com\/en_US\/wp-json\/wp\/v2\/product_cat?post=20268"},{"taxonomy":"product_tag","embeddable":true,"href":"https:\/\/tajkertesz.com\/en_US\/wp-json\/wp\/v2\/product_tag?post=20268"}],"curies":[{"name":"wp","href":"https:\/\/api.w.org\/{rel}","templated":true}]}}