{"id":20270,"date":"2024-05-07T13:23:18","date_gmt":"2024-05-07T13:23:18","guid":{"rendered":"https:\/\/tajkertesz.com\/?post_type=product&#038;p=20270"},"modified":"2026-02-12T15:18:30","modified_gmt":"2026-02-12T15:18:30","slug":"agrecol-kerteszeti-kenocs-fasebkezelo-150g","status":"publish","type":"product","link":"https:\/\/tajkertesz.com\/en_US\/product\/agrecol-kerteszeti-kenocs-fasebkezelo-150g\/","title":{"rendered":"Agrecol KERT\u00c9SZETI KEN\u0150CS\/Fasebkezel\u0151 150g."},"content":{"rendered":"<h2>Agrecol KERT\u00c9SZETI KEN\u0150CS\/Fasebkezel\u0151 150g.<\/h2>\n<p>Agrecol KERT\u00c9SZETI KEN\u0150CS\/Fasebkezel\u0151 150g.<\/p>\n<p><strong>Kert\u00e9szeti ken\u0151cs<\/strong> a f\u00e1k sebeinek v\u00e9delm\u00e9re. V\u00e9di a v\u00e1gott sebeket, k\u00e9regreped\u00e9seket, fagyk\u00e1rokat \u00e9s a vadon \u00e9l\u0151 \u00e1llatok \u00e1ltal okozott k\u00e1rosod\u00e1st. Felgyors\u00edtja a seb gy\u00f3gyul\u00e1st\u00e1t \u00e9s fizikai akad\u00e1lyt hoz l\u00e9tre, amely v\u00e9delmet ny\u00fajt a gomb\u00e1s \u00e9s bakteri\u00e1lis fert\u0151z\u00e9sek ellen. A kert\u00e9szeti ken\u0151cs ellen\u00e1ll az id\u0151j\u00e1r\u00e1si viszonyoknak. Gy\u00fcm\u00f6lcs\u00f6s\u00f6kben \u00e9s otthoni kertekben val\u00f3 haszn\u00e1latra. A ken\u0151cs olyan bevonatot k\u00e9pez, amely megakad\u00e1lyozza a nedvess\u00e9g bejut\u00e1s\u00e1t \u00e9s megakad\u00e1lyozza a betegs\u00e9gek kialakul\u00e1s\u00e1t, terjed\u00e9s\u00e9t a sebzett fel\u00fcleten<\/p>\n<p>A k\u00e9reg a f\u00e1s sz\u00e1r\u00fa n\u00f6v\u00e9nyek term\u00e9szetes bevonata, amely megv\u00e9di a n\u00f6v\u00e9nyeket a k\u00fcls\u0151 t\u00e9nyez\u0151kt\u0151l: nedvess\u00e9g, betegs\u00e9gek, k\u00e1rtev\u0151k. Ha ezt a fel\u00fcletet sz\u00e1nd\u00e9kosan megs\u00e9rtik a metsz\u00e9s sor\u00e1n vagy term\u00e9szetes m\u00f3don, akkor a n\u00f6v\u00e9ny lass\u00fa pusztul\u00e1s\u00e1nak az oka lehet. A kis gallyak metsz\u00e9s\u00e9n\u00e9l a n\u00f6v\u00e9ny k\u00e9pes gyorsan regener\u00e1l\u00f3dni. A vastag \u00e1gak \u00e9s fat\u00f6rzsek viszont nagyon elt\u00e9r\u0151en reag\u00e1lnak a metsz\u00e9sre \u00e9s a k\u00e1rosod\u00e1sra. Ez\u00e9rt mindig a legjobb megold\u00e1s ha k\u00e9zn\u00e9l van az Agrecol kert\u00e9szeti ken\u0151cs, mert ha egy \u00e9rt\u00e9kes p\u00e9ld\u00e1ny elt\u00f6rik vagy megs\u00e9r\u00fcl, gyorsan beavatkozhat, miel\u0151tt a k\u00f3rokoz\u00f3k a v\u00e9dett sz\u00f6veteken kereszt\u00fcl bejutnak a n\u00f6v\u00e9nybe. Nagyon gyakran, t\u00e9l \u00e9s tavasz fordul\u00f3j\u00e1n, a gyors h\u0151m\u00e9rs\u00e9kletv\u00e1ltoz\u00e1sok k\u00f6vetkezt\u00e9ben a t\u00f6rzs \u00e9s az \u00e1gak megs\u00e9r\u00fclnek.<\/p>\n<h2>Haszn\u00e1lati utas\u00edt\u00e1s<\/h2>\n<p>A ken\u0151cs\u00f6t k\u00f6zvetlen\u00fcl a v\u00e1g\u00e1s ut\u00e1n vagy minden s\u00e9r\u00fcl\u00e9s ut\u00e1n a lehet\u0151 leghamarabb fel kell haszn\u00e1lni. Kenje be a s\u00e1r\u00fcl\u00e9st, v\u00e1g\u00e1st, metsz\u00e9st.<\/p>\n<p>A ken\u0151cs eg\u00e9sz \u00e9vben haszn\u00e1lhat\u00f3 k\u00e9reg- \u00e9s fak\u00e1rosod\u00e1sra. Ne haszn\u00e1lja a ken\u0151cs\u00f6t es\u0151s \u00e9s fagyos napokon.<\/p>\n<h3>Milyen gyakran \u00e9rdemes haszn\u00e1lni a fasebkezel\u0151t?<\/h3>\n<p>A fasebkezel\u0151t \u00e1ltal\u00e1ban egyszer kell alkalmazni k\u00f6zvetlen\u00fcl a metsz\u00e9s vagy s\u00e9r\u00fcl\u00e9s ut\u00e1n. Azonban, ha a seb nagyobb vagy a fa k\u00fcl\u00f6n\u00f6sen \u00e9rt\u00e9kes, \u00e9rdemes lehet n\u00e9h\u00e1ny h\u00f3nap m\u00falva ellen\u0151rizni a sebet, \u00e9s sz\u00fcks\u00e9g eset\u00e9n \u00fajra alkalmazni a kezel\u0151anyagot.<\/p>\n<p>Fontos, hogy a kezel\u00e9st sz\u00e1raz id\u0151ben v\u00e9gezze, hogy a kezel\u0151anyag megfelel\u0151en tapadhasson \u00e9s sz\u00e1radhasson. Ha a seb nem gy\u00f3gyul megfelel\u0151en, vagy \u00fajabb s\u00e9r\u00fcl\u00e9s keletkezik, ism\u00e9telje meg a kezel\u00e9st.<\/p>\n<p><iframe loading=\"lazy\" title=\"Ma\u015b\u0107 ogrodnicza\" width=\"1080\" height=\"608\" src=\"https:\/\/www.youtube.com\/embed\/J-jldL0xkvk?feature=oembed\"  allow=\"accelerometer; autoplay; clipboard-write; encrypted-media; gyroscope; picture-in-picture; web-share\" referrerpolicy=\"strict-origin-when-cross-origin\" allowfullscreen><\/iframe><\/p>\n<p>El\u00e9rhet\u0151 t\u00f6bbf\u00e9le m\u00e9retben \u00e9s \u00e1rban.<\/p>\n<p><strong>K\u00e9szlet\u00fcnk napi szinten v\u00e1ltozik, ez\u00e9rt k\u00e9rj\u00fck, \u00e9rdekl\u0151dj\u00f6n szem\u00e9lyesen, telefonon vagy email-en.<br \/>\nA v\u00e1ltoztat\u00e1s jog\u00e1t fenntartjuk!\u00a0<\/strong><\/p>\n<p><a href=\"https:\/\/tajkertesz.com\/\">https:\/\/tajkertesz.com\/<\/a><\/p>\n<p><a href=\"https:\/\/www.facebook.com\/tajkertesz\/\">https:\/\/www.facebook.com\/tajkertesz\/<\/a><\/p>\n<p>Kisz\u00e1ll\u00edt\u00e1s: 200cm-ig \u00a0\u00e9s 40 kg-ig a sz\u00e1ll\u00edt\u00e1s fut\u00e1rszolg\u00e1lattal \u00a0t\u00f6rt\u00e9nik.<\/p>\n<p>Szem\u00e9lyes \u00e1tv\u00e9tel nyitvatart\u00e1si id\u0151ben a 17. ker\u00fclet Bakancsos utca 7. sz\u00e1m alatti Kert\u00e9szeti \u00e1rud\u00e1nkban.<\/p>","protected":false},"excerpt":{"rendered":"<ul>\n<li>v\u00e9di a sebeket v\u00e1g\u00e1s, k\u00e9regreped\u00e9s, fagy vagy \u00e1llati k\u00e1rosod\u00e1s ut\u00e1n<\/li>\n<li>gy\u00fcm\u00f6lcs- \u00e9s d\u00edszf\u00e1khoz \u00e9s cserj\u00e9khez sz\u00e1nt ken\u0151cs\/fasebkezel\u0151<\/li>\n<li>fizikai akad\u00e1lyt k\u00e9pez a mikroorganizmusok sz\u00e1m\u00e1ra<\/li>\n<li>150g\/tubus<\/li>\n<li>k\u00f6nnyen felhordhat\u00f3<\/li>\n<\/ul>","protected":false},"featured_media":21940,"template":"","meta":{"_et_pb_use_builder":"","_et_pb_old_content":"","_et_gb_content_width":""},"product_brand":[],"product_cat":[4785],"product_tag":[537,5158,5155,5156,4567,5157],"class_list":{"0":"post-20270","1":"product","2":"type-product","3":"status-publish","4":"has-post-thumbnail","6":"product_cat-fasebkezelo-szerek","7":"product_tag-agrecol","8":"product_tag-fertotlenito","9":"product_tag-fesebkezelo","10":"product_tag-kenocs","11":"product_tag-metszes","12":"product_tag-seb","14":"first","15":"instock","16":"shipping-taxable","17":"purchasable","18":"product-type-simple"},"yoast_head":"<!-- This site is optimized with the Yoast SEO plugin v27.5 - https:\/\/yoast.com\/product\/yoast-seo-wordpress\/ -->\n<title>Agrecol KERT\u00c9SZETI KEN\u0150CS\/Fasebkezel\u0151 150g. - T\u00e1jkert\u00e9sz<\/title>\n<meta name=\"description\" content=\"Agrecol KERT\u00c9SZETI KEN\u0150CS\/Fasebkezel\u0151 150g. A ken\u0151cs\u00f6t k\u00f6zvetlen\u00fcl a v\u00e1g\u00e1s ut\u00e1n vagy minden s\u00e9r\u00fcl\u00e9s ut\u00e1n a lehet\u0151 leghamarabb fel kell haszn\u00e1lni. Kenje be..\" \/>\n<meta name=\"robots\" content=\"index, follow, max-snippet:-1, max-image-preview:large, max-video-preview:-1\" \/>\n<link rel=\"canonical\" href=\"https:\/\/tajkertesz.com\/en_US\/product\/agrecol-kerteszeti-kenocs-fasebkezelo-150g\/\" \/>\n<meta property=\"og:locale\" content=\"en_US\" \/>\n<meta property=\"og:type\" content=\"article\" \/>\n<meta property=\"og:title\" content=\"Agrecol KERT\u00c9SZETI KEN\u0150CS\/Fasebkezel\u0151 150g. - T\u00e1jkert\u00e9sz\" \/>\n<meta property=\"og:description\" content=\"Agrecol KERT\u00c9SZETI KEN\u0150CS\/Fasebkezel\u0151 150g. A ken\u0151cs\u00f6t k\u00f6zvetlen\u00fcl a v\u00e1g\u00e1s ut\u00e1n vagy minden s\u00e9r\u00fcl\u00e9s ut\u00e1n a lehet\u0151 leghamarabb fel kell haszn\u00e1lni. Kenje be..\" \/>\n<meta property=\"og:url\" content=\"https:\/\/tajkertesz.com\/en_US\/product\/agrecol-kerteszeti-kenocs-fasebkezelo-150g\/\" \/>\n<meta property=\"og:site_name\" content=\"T\u00e1jkert\u00e9sz\" \/>\n<meta property=\"article:publisher\" content=\"https:\/\/www.facebook.com\/Tajkertesz\/\" \/>\n<meta property=\"article:modified_time\" content=\"2026-02-12T15:18:30+00:00\" \/>\n<meta property=\"og:image\" content=\"https:\/\/tajkertesz.com\/wp-content\/uploads\/2024\/05\/20241210_133435-1-scaled.jpg\" \/>\n\t<meta property=\"og:image:width\" content=\"1426\" \/>\n\t<meta property=\"og:image:height\" content=\"2560\" \/>\n\t<meta property=\"og:image:type\" content=\"image\/jpeg\" \/>\n<meta name=\"twitter:card\" content=\"summary_large_image\" \/>\n<meta name=\"twitter:label1\" content=\"Est. reading time\" \/>\n\t<meta name=\"twitter:data1\" content=\"3 minutes\" \/>\n<script type=\"application\/ld+json\" class=\"yoast-schema-graph\">{\"@context\":\"https:\\\/\\\/schema.org\",\"@graph\":[{\"@type\":\"WebPage\",\"@id\":\"https:\\\/\\\/tajkertesz.com\\\/termek\\\/agrecol-kerteszeti-kenocs-fasebkezelo-150g\\\/\",\"url\":\"https:\\\/\\\/tajkertesz.com\\\/termek\\\/agrecol-kerteszeti-kenocs-fasebkezelo-150g\\\/\",\"name\":\"Agrecol KERT\u00c9SZETI KEN\u0150CS\\\/Fasebkezel\u0151 150g. - T\u00e1jkert\u00e9sz\",\"isPartOf\":{\"@id\":\"https:\\\/\\\/tajkertesz.com\\\/#website\"},\"primaryImageOfPage\":{\"@id\":\"https:\\\/\\\/tajkertesz.com\\\/termek\\\/agrecol-kerteszeti-kenocs-fasebkezelo-150g\\\/#primaryimage\"},\"image\":{\"@id\":\"https:\\\/\\\/tajkertesz.com\\\/termek\\\/agrecol-kerteszeti-kenocs-fasebkezelo-150g\\\/#primaryimage\"},\"thumbnailUrl\":\"https:\\\/\\\/tajkertesz.com\\\/wp-content\\\/uploads\\\/2024\\\/05\\\/20241210_133435-1-scaled.jpg\",\"datePublished\":\"2024-05-07T13:23:18+00:00\",\"dateModified\":\"2026-02-12T15:18:30+00:00\",\"description\":\"Agrecol KERT\u00c9SZETI KEN\u0150CS\\\/Fasebkezel\u0151 150g. A ken\u0151cs\u00f6t k\u00f6zvetlen\u00fcl a v\u00e1g\u00e1s ut\u00e1n vagy minden s\u00e9r\u00fcl\u00e9s ut\u00e1n a lehet\u0151 leghamarabb fel kell haszn\u00e1lni. Kenje be..\",\"breadcrumb\":{\"@id\":\"https:\\\/\\\/tajkertesz.com\\\/termek\\\/agrecol-kerteszeti-kenocs-fasebkezelo-150g\\\/#breadcrumb\"},\"inLanguage\":\"en-US\",\"potentialAction\":[{\"@type\":\"ReadAction\",\"target\":[\"https:\\\/\\\/tajkertesz.com\\\/termek\\\/agrecol-kerteszeti-kenocs-fasebkezelo-150g\\\/\"]}]},{\"@type\":\"ImageObject\",\"inLanguage\":\"en-US\",\"@id\":\"https:\\\/\\\/tajkertesz.com\\\/termek\\\/agrecol-kerteszeti-kenocs-fasebkezelo-150g\\\/#primaryimage\",\"url\":\"https:\\\/\\\/tajkertesz.com\\\/wp-content\\\/uploads\\\/2024\\\/05\\\/20241210_133435-1-scaled.jpg\",\"contentUrl\":\"https:\\\/\\\/tajkertesz.com\\\/wp-content\\\/uploads\\\/2024\\\/05\\\/20241210_133435-1-scaled.jpg\",\"width\":1426,\"height\":2560,\"caption\":\"Agrecol KERT\u00c9SZETI KEN\u0150CS\\\/Fasebkezel\u0151 150g.\"},{\"@type\":\"BreadcrumbList\",\"@id\":\"https:\\\/\\\/tajkertesz.com\\\/termek\\\/agrecol-kerteszeti-kenocs-fasebkezelo-150g\\\/#breadcrumb\",\"itemListElement\":[{\"@type\":\"ListItem\",\"position\":1,\"name\":\"Home\",\"item\":\"https:\\\/\\\/tajkertesz.com\\\/\"},{\"@type\":\"ListItem\",\"position\":2,\"name\":\"Kezd\u0151lap\",\"item\":\"https:\\\/\\\/tajkertesz.com\\\/\"},{\"@type\":\"ListItem\",\"position\":3,\"name\":\"Agrecol KERT\u00c9SZETI KEN\u0150CS\\\/Fasebkezel\u0151 150g.\"}]},{\"@type\":\"WebSite\",\"@id\":\"https:\\\/\\\/tajkertesz.com\\\/#website\",\"url\":\"https:\\\/\\\/tajkertesz.com\\\/\",\"name\":\"T\u00e1j-Kert\u00e9sz 84 Kft.\",\"description\":\"Kert\u00e9szeti kis- \u00e9s nagykeresked\u00e9s, D\u00edszn\u00f6v\u00e9ny web\u00e1ruh\u00e1z orsz\u00e1gos h\u00e1zhozsz\u00e1ll\u00edt\u00e1ssal!\",\"publisher\":{\"@id\":\"https:\\\/\\\/tajkertesz.com\\\/#organization\"},\"potentialAction\":[{\"@type\":\"SearchAction\",\"target\":{\"@type\":\"EntryPoint\",\"urlTemplate\":\"https:\\\/\\\/tajkertesz.com\\\/?s={search_term_string}\"},\"query-input\":{\"@type\":\"PropertyValueSpecification\",\"valueRequired\":true,\"valueName\":\"search_term_string\"}}],\"inLanguage\":\"en-US\"},{\"@type\":\"Organization\",\"@id\":\"https:\\\/\\\/tajkertesz.com\\\/#organization\",\"name\":\"T\u00e1j-Kert\u00e9sz 84 Kft.\",\"url\":\"https:\\\/\\\/tajkertesz.com\\\/\",\"logo\":{\"@type\":\"ImageObject\",\"inLanguage\":\"en-US\",\"@id\":\"https:\\\/\\\/tajkertesz.com\\\/#\\\/schema\\\/logo\\\/image\\\/\",\"url\":\"https:\\\/\\\/tajkertesz.com\\\/wp-content\\\/uploads\\\/2018\\\/02\\\/logo-2-e1518678052539.png\",\"contentUrl\":\"https:\\\/\\\/tajkertesz.com\\\/wp-content\\\/uploads\\\/2018\\\/02\\\/logo-2-e1518678052539.png\",\"width\":81,\"height\":140,\"caption\":\"T\u00e1j-Kert\u00e9sz 84 Kft.\"},\"image\":{\"@id\":\"https:\\\/\\\/tajkertesz.com\\\/#\\\/schema\\\/logo\\\/image\\\/\"},\"sameAs\":[\"https:\\\/\\\/www.facebook.com\\\/Tajkertesz\\\/\"]}]}<\/script>\n<!-- \/ Yoast SEO plugin. -->","yoast_head_json":{"title":"Agrecol KERT\u00c9SZETI KEN\u0150CS\/Fasebkezel\u0151 150g. - T\u00e1jkert\u00e9sz","description":"Agrecol KERT\u00c9SZETI KEN\u0150CS\/Fasebkezel\u0151 150g. A ken\u0151cs\u00f6t k\u00f6zvetlen\u00fcl a v\u00e1g\u00e1s ut\u00e1n vagy minden s\u00e9r\u00fcl\u00e9s ut\u00e1n a lehet\u0151 leghamarabb fel kell haszn\u00e1lni. Kenje be..","robots":{"index":"index","follow":"follow","max-snippet":"max-snippet:-1","max-image-preview":"max-image-preview:large","max-video-preview":"max-video-preview:-1"},"canonical":"https:\/\/tajkertesz.com\/en_US\/product\/agrecol-kerteszeti-kenocs-fasebkezelo-150g\/","og_locale":"en_US","og_type":"article","og_title":"Agrecol KERT\u00c9SZETI KEN\u0150CS\/Fasebkezel\u0151 150g. - T\u00e1jkert\u00e9sz","og_description":"Agrecol KERT\u00c9SZETI KEN\u0150CS\/Fasebkezel\u0151 150g. A ken\u0151cs\u00f6t k\u00f6zvetlen\u00fcl a v\u00e1g\u00e1s ut\u00e1n vagy minden s\u00e9r\u00fcl\u00e9s ut\u00e1n a lehet\u0151 leghamarabb fel kell haszn\u00e1lni. Kenje be..","og_url":"https:\/\/tajkertesz.com\/en_US\/product\/agrecol-kerteszeti-kenocs-fasebkezelo-150g\/","og_site_name":"T\u00e1jkert\u00e9sz","article_publisher":"https:\/\/www.facebook.com\/Tajkertesz\/","article_modified_time":"2026-02-12T15:18:30+00:00","og_image":[{"width":1426,"height":2560,"url":"https:\/\/tajkertesz.com\/wp-content\/uploads\/2024\/05\/20241210_133435-1-scaled.jpg","type":"image\/jpeg"}],"twitter_card":"summary_large_image","twitter_misc":{"Est. reading time":"3 minutes"},"schema":{"@context":"https:\/\/schema.org","@graph":[{"@type":"WebPage","@id":"https:\/\/tajkertesz.com\/termek\/agrecol-kerteszeti-kenocs-fasebkezelo-150g\/","url":"https:\/\/tajkertesz.com\/termek\/agrecol-kerteszeti-kenocs-fasebkezelo-150g\/","name":"Agrecol KERT\u00c9SZETI KEN\u0150CS\/Fasebkezel\u0151 150g. - T\u00e1jkert\u00e9sz","isPartOf":{"@id":"https:\/\/tajkertesz.com\/#website"},"primaryImageOfPage":{"@id":"https:\/\/tajkertesz.com\/termek\/agrecol-kerteszeti-kenocs-fasebkezelo-150g\/#primaryimage"},"image":{"@id":"https:\/\/tajkertesz.com\/termek\/agrecol-kerteszeti-kenocs-fasebkezelo-150g\/#primaryimage"},"thumbnailUrl":"https:\/\/tajkertesz.com\/wp-content\/uploads\/2024\/05\/20241210_133435-1-scaled.jpg","datePublished":"2024-05-07T13:23:18+00:00","dateModified":"2026-02-12T15:18:30+00:00","description":"Agrecol KERT\u00c9SZETI KEN\u0150CS\/Fasebkezel\u0151 150g. A ken\u0151cs\u00f6t k\u00f6zvetlen\u00fcl a v\u00e1g\u00e1s ut\u00e1n vagy minden s\u00e9r\u00fcl\u00e9s ut\u00e1n a lehet\u0151 leghamarabb fel kell haszn\u00e1lni. Kenje be..","breadcrumb":{"@id":"https:\/\/tajkertesz.com\/termek\/agrecol-kerteszeti-kenocs-fasebkezelo-150g\/#breadcrumb"},"inLanguage":"en-US","potentialAction":[{"@type":"ReadAction","target":["https:\/\/tajkertesz.com\/termek\/agrecol-kerteszeti-kenocs-fasebkezelo-150g\/"]}]},{"@type":"ImageObject","inLanguage":"en-US","@id":"https:\/\/tajkertesz.com\/termek\/agrecol-kerteszeti-kenocs-fasebkezelo-150g\/#primaryimage","url":"https:\/\/tajkertesz.com\/wp-content\/uploads\/2024\/05\/20241210_133435-1-scaled.jpg","contentUrl":"https:\/\/tajkertesz.com\/wp-content\/uploads\/2024\/05\/20241210_133435-1-scaled.jpg","width":1426,"height":2560,"caption":"Agrecol KERT\u00c9SZETI KEN\u0150CS\/Fasebkezel\u0151 150g."},{"@type":"BreadcrumbList","@id":"https:\/\/tajkertesz.com\/termek\/agrecol-kerteszeti-kenocs-fasebkezelo-150g\/#breadcrumb","itemListElement":[{"@type":"ListItem","position":1,"name":"Home","item":"https:\/\/tajkertesz.com\/"},{"@type":"ListItem","position":2,"name":"Kezd\u0151lap","item":"https:\/\/tajkertesz.com\/"},{"@type":"ListItem","position":3,"name":"Agrecol KERT\u00c9SZETI KEN\u0150CS\/Fasebkezel\u0151 150g."}]},{"@type":"WebSite","@id":"https:\/\/tajkertesz.com\/#website","url":"https:\/\/tajkertesz.com\/","name":"T\u00e1j-Kert\u00e9sz 84 Kft.","description":"Kert\u00e9szeti kis- \u00e9s nagykeresked\u00e9s, D\u00edszn\u00f6v\u00e9ny web\u00e1ruh\u00e1z orsz\u00e1gos h\u00e1zhozsz\u00e1ll\u00edt\u00e1ssal!","publisher":{"@id":"https:\/\/tajkertesz.com\/#organization"},"potentialAction":[{"@type":"SearchAction","target":{"@type":"EntryPoint","urlTemplate":"https:\/\/tajkertesz.com\/?s={search_term_string}"},"query-input":{"@type":"PropertyValueSpecification","valueRequired":true,"valueName":"search_term_string"}}],"inLanguage":"en-US"},{"@type":"Organization","@id":"https:\/\/tajkertesz.com\/#organization","name":"T\u00e1j-Kert\u00e9sz 84 Kft.","url":"https:\/\/tajkertesz.com\/","logo":{"@type":"ImageObject","inLanguage":"en-US","@id":"https:\/\/tajkertesz.com\/#\/schema\/logo\/image\/","url":"https:\/\/tajkertesz.com\/wp-content\/uploads\/2018\/02\/logo-2-e1518678052539.png","contentUrl":"https:\/\/tajkertesz.com\/wp-content\/uploads\/2018\/02\/logo-2-e1518678052539.png","width":81,"height":140,"caption":"T\u00e1j-Kert\u00e9sz 84 Kft."},"image":{"@id":"https:\/\/tajkertesz.com\/#\/schema\/logo\/image\/"},"sameAs":["https:\/\/www.facebook.com\/Tajkertesz\/"]}]}},"_links":{"self":[{"href":"https:\/\/tajkertesz.com\/en_US\/wp-json\/wp\/v2\/product\/20270","targetHints":{"allow":["GET"]}}],"collection":[{"href":"https:\/\/tajkertesz.com\/en_US\/wp-json\/wp\/v2\/product"}],"about":[{"href":"https:\/\/tajkertesz.com\/en_US\/wp-json\/wp\/v2\/types\/product"}],"wp:featuredmedia":[{"embeddable":true,"href":"https:\/\/tajkertesz.com\/en_US\/wp-json\/wp\/v2\/media\/21940"}],"wp:attachment":[{"href":"https:\/\/tajkertesz.com\/en_US\/wp-json\/wp\/v2\/media?parent=20270"}],"wp:term":[{"taxonomy":"product_brand","embeddable":true,"href":"https:\/\/tajkertesz.com\/en_US\/wp-json\/wp\/v2\/product_brand?post=20270"},{"taxonomy":"product_cat","embeddable":true,"href":"https:\/\/tajkertesz.com\/en_US\/wp-json\/wp\/v2\/product_cat?post=20270"},{"taxonomy":"product_tag","embeddable":true,"href":"https:\/\/tajkertesz.com\/en_US\/wp-json\/wp\/v2\/product_tag?post=20270"}],"curies":[{"name":"wp","href":"https:\/\/api.w.org\/{rel}","templated":true}]}}