{"id":20277,"date":"2024-05-08T15:57:37","date_gmt":"2024-05-08T15:57:37","guid":{"rendered":"https:\/\/tajkertesz.com\/?post_type=product&#038;p=20277"},"modified":"2026-02-12T15:18:24","modified_gmt":"2026-02-12T15:18:24","slug":"dsfi-0310l-injektor-venturihoz-szivocso-csappal-szurovel-1-1-1-2","status":"publish","type":"product","link":"https:\/\/tajkertesz.com\/en_US\/product\/dsfi-0310l-injektor-venturihoz-szivocso-csappal-szurovel-1-1-1-2\/","title":{"rendered":"DSFI-0310L Injektor venturihoz sz\u00edv\u00f3cs\u0151 csappal sz\u0171r\u0151vel 1&#8243; &#8211; 1 1\/2&#8243;"},"content":{"rendered":"<h1 class=\"page-head-title product-page-head-title position-relative\"><span class=\"product-page-product-name\">DSFI-0310L Injektor venturihoz sz\u00edv\u00f3cs\u0151 csappal sz\u0171r\u0151vel 1&#8243; &#8211; 1 1\/2&#8243;<\/span><\/h1>\n<p class=\"page-head-title product-page-head-title position-relative\"><span class=\"product-page-product-name\">DSFI-0310L Injektor venturihoz sz\u00edv\u00f3cs\u0151 csappal sz\u0171r\u0151vel 1&#8243; &#8211; 1 1\/2&#8243;<\/span><\/p>\n<div class=\"product-detail AINDEKS\"><\/div>\n<div class=\"product-detail BNAZWA_1\"><span class=\"detail-value\">Injektor venturi cs\u0151h\u0151z 1&#8243;- 1 1\/2&#8243;<\/span><\/div>\n<div class=\"product-detail BNAZWA_1\"><\/div>\n<div class=\"product-detail BOPIS\"><span class=\"detail-value\">T\u00e1poldatoz\u00f3 injektor foly\u00e9kony t\u00e1poldatokhoz.<\/span><\/div>\n<div class=\"product-detail BOPIS\"><span class=\"detail-value\">A k\u00e9szlet tartalma:<\/span><\/div>\n<div class=\"product-detail BOPIS\"><span class=\"detail-value\">&#8211; sz\u0171r\u0151<\/span><\/div>\n<div class=\"product-detail BOPIS\"><span class=\"detail-value\">&#8211; cs\u0151<\/span><\/div>\n<div class=\"product-detail BOPIS\"><span class=\"detail-value\">&#8211; csap<\/span><\/div>\n<div><\/div>\n<div><\/div>\n<div>\n<p>El\u00e9rhet\u0151 t\u00f6bbf\u00e9le m\u00e9retben \u00e9s \u00e1rban.<\/p>\n<p><strong>\ud83d\udd04 K\u00e9szletinform\u00e1ci\u00f3<\/strong><\/p>\n<p><strong>K\u00e9szlet\u00fcnk napi szinten v\u00e1ltozik, \u00edgy a webshopban szerepl<\/strong><strong>\u0151<\/strong><strong>\u00a0term\u00e9kek el\u00e9rhet<\/strong><strong>\u0151<\/strong><strong>s\u00e9ge nem garant\u00e1lt.<br \/>\n\ud83d\udcde A megrendel\u00e9s el<\/strong><strong>\u0151<\/strong><strong>tt k\u00e9rj\u00fck, \u00e9rdekl<\/strong><strong>\u0151<\/strong><strong>dj\u00f6n szem\u00e9lyesen, telefonon vagy e-mailben!<\/strong><\/p>\n<p><strong>\u27a1\ufe0f Kapcsolat:<\/strong><\/p>\n<ul>\n<li><strong>Weboldal:\u00a0<\/strong><a href=\"https:\/\/tajkertesz.com\/\"><strong>tajkertesz.com<\/strong><\/a><\/li>\n<li><strong>Facebook:\u00a0<\/strong><a href=\"https:\/\/www.facebook.com\/tajkertesz\/\"><strong>facebook.com\/tajkertesz<\/strong><\/a><\/li>\n<li><strong>Telefonsz\u00e1m, e-mail: +36\/20-319-3770 info@tajkertesz.hu<\/strong><\/li>\n<\/ul>\n<p><strong>\ud83d\ude9a Sz\u00e1ll\u00edt\u00e1si inform\u00e1ci\u00f3k<\/strong><\/p>\n<p><strong>A megrendelt term\u00e9kek kisz\u00e1ll\u00edt\u00e1sa az al\u00e1bbi felt\u00e9telek mellett t\u00f6rt\u00e9nik:<\/strong><\/p>\n<p><strong>\ud83d\udce6 Fut\u00e1rszolg\u00e1latos sz\u00e1ll\u00edt\u00e1s<\/strong><\/p>\n<ul>\n<li><strong>Maxim\u00e1lis m\u00e9ret: 200 cm (hossz\u00fas\u00e1g)<\/strong><\/li>\n<li><strong>Maxim\u00e1lis s\u00faly: 40 kg<\/strong><\/li>\n<li><strong>Az enn\u00e9l kisebb \u00e9s k\u00f6nnyebb csomagokat fut\u00e1rszolg\u00e1lattal k\u00e9zbes\u00edtj\u00fck a lehet<\/strong><strong>\u0151<\/strong><strong>\u00a0legbiztons\u00e1gosabb csomagol\u00e1sban.<\/strong><\/li>\n<\/ul>\n<p><strong>\ud83d\udefb Szem\u00e9lyes \u00e1tv\u00e9tel<\/strong><\/p>\n<ul>\n<li><strong>1173 Budapest, Bakancsos utca 7. sz\u00e1m alatt nyitvatart\u00e1si id<\/strong><strong>\u0151<\/strong><strong>ben szem\u00e9lyesen \u00e1tvehet<\/strong><strong>\u0151<\/strong><strong>\u00a0kert\u00e9szeti \u00e1rud\u00e1nkban.<\/strong><\/li>\n<li><strong>K\u00f6lts\u00e9ghat\u00e9kony megold\u00e1s nagyobb, t\u00f6r\u00e9kenyebb vagy t\u00falm\u00e9retes n\u00f6v\u00e9nyek eset\u00e9n.<\/strong><\/li>\n<\/ul>\n<p><strong>\ud83d\udcde Nagy m\u00e9ret<\/strong><strong>\u0171<\/strong><strong>\u00a0vagy s\u00faly\u00fa n\u00f6v\u00e9nyek eset\u00e9n<\/strong><\/p>\n<p><strong>Ha a term\u00e9k:<\/strong><\/p>\n<ul>\n<li><strong>meghaladja a 200 cm hossz\u00fas\u00e1got vagy<\/strong><\/li>\n<li><strong>meghaladja a 40 kg s\u00falyt,<\/strong><\/li>\n<\/ul>\n<p><strong>akkor szem\u00e9lyes \u00e1tv\u00e9tellel vagy egyedi, el<\/strong><strong>\u0151<\/strong><strong>re egyeztetett sz\u00e1ll\u00edt\u00e1si felt\u00e9telek mellett t\u00f6rt\u00e9nik.<br \/>\nK\u00e9rj\u00fck, ilyen esetben rendel\u00e9s el<\/strong><strong>\u0151<\/strong><strong>tt vegye fel vel\u00fcnk a kapcsolatot, hogy a lehet<\/strong><strong>\u0151<\/strong><strong>\u00a0legmegfelel<\/strong><strong>\u0151<\/strong><strong>bb sz\u00e1ll\u00edt\u00e1si megold\u00e1st k\u00edn\u00e1lhassuk.<\/strong><\/p>\n<p><strong>\ud83d\udd14 Fontos: A n\u00f6v\u00e9nyeket minden esetben igyeksz\u00fcnk gondosan, egyes\u00e9vel csomagolni, azonban a sz\u00e1ll\u00edt\u00e1s sor\u00e1n kisebb eszt\u00e9tikai s\u00e9r\u00fcl\u00e9sek el<\/strong><strong>\u0151<\/strong><strong>fordulhatnak (pl. lev\u00e9lhull\u00e1s). Ez nem min<\/strong><strong>\u0151<\/strong><strong>s\u00fcl hib\u00e1s teljes\u00edt\u00e9snek.<\/strong><\/p>\n<p><strong>\ud83d\udcf7 Fontos tudni a k\u00e9pekr<\/strong><strong>\u0151<\/strong><strong>l<\/strong><\/p>\n<p><strong>A webshopban szerepl<\/strong><strong>\u0151<\/strong><strong>\u00a0k\u00e9pek illusztr\u00e1ci\u00f3k, a n\u00f6v\u00e9nyek term\u00e9szet\u00fckn\u00e9l fogva egyediek, \u00edgy m\u00e9retben, alakban \u00e9s sz\u00ednben minim\u00e1lis elt\u00e9r\u00e9sek el<\/strong><strong>\u0151<\/strong><strong>fordulhatnak a k\u00e9pen l\u00e1that\u00f3 \u00e9s a val\u00f3s p\u00e9ld\u00e1nyok k\u00f6z\u00f6tt.<\/strong><\/p>\n<p><strong>\ud83e\uddfe \u00c1rak \u00e9s el\u00e1ll\u00e1si jog<\/strong><\/p>\n<ul>\n<li><strong>Az \u00e1rak egy darab\u00a0n\u00f6v\u00e9nyre vonatkoznak.<\/strong><\/li>\n<li><strong>\u00c9l<\/strong><strong>\u0151<\/strong><strong>\u00a0n\u00f6v\u00e9nyek rendel\u00e9se eset\u00e9n a 14 napos el\u00e1ll\u00e1s joga nem \u00e9rv\u00e9nyes\u00edthet<\/strong><strong>\u0151<\/strong><strong>, mivel azok romland\u00f3, biol\u00f3giailag \u00e9l<\/strong><strong>\u0151<\/strong><strong>\u00a0term\u00e9keknek min<\/strong><strong>\u0151<\/strong><strong>s\u00fclnek.<br \/>\n\ud83d\udd12 (17\/1999. (II. 5.) Korm. rendelet 5. \u00a7 c) pontja alapj\u00e1n)<\/strong><\/li>\n<\/ul>\n<\/div>","protected":false},"excerpt":{"rendered":"<p>DSFI-0310L<br \/>\n1 &#8222;, 1 1\/2&#8221; injektor sz\u00edv\u00f3k\u00e9szlet<\/p>\n<p>Sz\u00edv\u00f3 k\u00e9szlet 1 &#8222;\u00e9s 1 1\/2&#8221; injektorhoz. A k\u00e9szlet tartalma: sz\u0171r\u0151, szelep \u00e9s t\u00f6ml\u0151.<br \/>\nEAN: 5907544408192<\/p>","protected":false},"featured_media":20278,"template":"","meta":{"_et_pb_use_builder":"","_et_pb_old_content":"","_et_gb_content_width":""},"product_brand":[],"product_cat":[1522],"product_tag":[5162,705,5052,5160,1450,5161,5159],"class_list":{"0":"post-20277","1":"product","2":"type-product","3":"status-publish","4":"has-post-thumbnail","6":"product_cat-whitw-line-bradas-termekeklocsolo-pisztolyok-szorofejek-kuplungok-tomlocsatlakozok","7":"product_tag-injektor","8":"product_tag-mutragya","9":"product_tag-slag","10":"product_tag-szivocso","11":"product_tag-tapoldat","12":"product_tag-tapoldatozo","13":"product_tag-venturi","15":"first","16":"instock","17":"shipping-taxable","18":"purchasable","19":"product-type-simple"},"yoast_head":"<!-- This site is optimized with the Yoast SEO plugin v27.5 - https:\/\/yoast.com\/product\/yoast-seo-wordpress\/ -->\n<title>DSFI-0310L Injektor venturihoz sz\u00edv\u00f3cs\u0151 csappal sz\u0171r\u0151vel 1&quot; - 1 1\/2&quot; - T\u00e1jkert\u00e9sz<\/title>\n<meta name=\"description\" content=\"DSFI-0310L Injektor venturihoz sz\u00edv\u00f3cs\u0151 csappal sz\u0171r\u0151vel 1&quot; - 1 1\/2&quot;. T\u00e1poldatoz\u00f3 injektor foly\u00e9kony t\u00e1poldatokhoz.\" \/>\n<meta name=\"robots\" content=\"index, follow, max-snippet:-1, max-image-preview:large, max-video-preview:-1\" \/>\n<link rel=\"canonical\" href=\"https:\/\/tajkertesz.com\/en_US\/product\/dsfi-0310l-injektor-venturihoz-szivocso-csappal-szurovel-1-1-1-2\/\" \/>\n<meta property=\"og:locale\" content=\"en_US\" \/>\n<meta property=\"og:type\" content=\"article\" \/>\n<meta property=\"og:title\" content=\"DSFI-0310L Injektor venturihoz sz\u00edv\u00f3cs\u0151 csappal sz\u0171r\u0151vel 1&quot; - 1 1\/2&quot; - T\u00e1jkert\u00e9sz\" \/>\n<meta property=\"og:description\" content=\"DSFI-0310L Injektor venturihoz sz\u00edv\u00f3cs\u0151 csappal sz\u0171r\u0151vel 1&quot; - 1 1\/2&quot;. T\u00e1poldatoz\u00f3 injektor foly\u00e9kony t\u00e1poldatokhoz.\" \/>\n<meta property=\"og:url\" content=\"https:\/\/tajkertesz.com\/en_US\/product\/dsfi-0310l-injektor-venturihoz-szivocso-csappal-szurovel-1-1-1-2\/\" \/>\n<meta property=\"og:site_name\" content=\"T\u00e1jkert\u00e9sz\" \/>\n<meta property=\"article:publisher\" content=\"https:\/\/www.facebook.com\/Tajkertesz\/\" \/>\n<meta property=\"article:modified_time\" content=\"2026-02-12T15:18:24+00:00\" \/>\n<meta property=\"og:image\" content=\"https:\/\/tajkertesz.com\/wp-content\/uploads\/2024\/05\/7ba2acdcf2a4ed6e6c25e3f3e975c5f5.png\" \/>\n\t<meta property=\"og:image:width\" content=\"900\" \/>\n\t<meta property=\"og:image:height\" content=\"900\" \/>\n\t<meta property=\"og:image:type\" content=\"image\/png\" \/>\n<meta name=\"twitter:card\" content=\"summary_large_image\" \/>\n<meta name=\"twitter:label1\" content=\"Est. reading time\" \/>\n\t<meta name=\"twitter:data1\" content=\"2 minutes\" \/>\n<script type=\"application\/ld+json\" class=\"yoast-schema-graph\">{\"@context\":\"https:\\\/\\\/schema.org\",\"@graph\":[{\"@type\":\"WebPage\",\"@id\":\"https:\\\/\\\/tajkertesz.com\\\/termek\\\/dsfi-0310l-injektor-venturihoz-szivocso-csappal-szurovel-1-1-1-2\\\/\",\"url\":\"https:\\\/\\\/tajkertesz.com\\\/termek\\\/dsfi-0310l-injektor-venturihoz-szivocso-csappal-szurovel-1-1-1-2\\\/\",\"name\":\"DSFI-0310L Injektor venturihoz sz\u00edv\u00f3cs\u0151 csappal sz\u0171r\u0151vel 1\\\" - 1 1\\\/2\\\" - T\u00e1jkert\u00e9sz\",\"isPartOf\":{\"@id\":\"https:\\\/\\\/tajkertesz.com\\\/#website\"},\"primaryImageOfPage\":{\"@id\":\"https:\\\/\\\/tajkertesz.com\\\/termek\\\/dsfi-0310l-injektor-venturihoz-szivocso-csappal-szurovel-1-1-1-2\\\/#primaryimage\"},\"image\":{\"@id\":\"https:\\\/\\\/tajkertesz.com\\\/termek\\\/dsfi-0310l-injektor-venturihoz-szivocso-csappal-szurovel-1-1-1-2\\\/#primaryimage\"},\"thumbnailUrl\":\"https:\\\/\\\/tajkertesz.com\\\/wp-content\\\/uploads\\\/2024\\\/05\\\/7ba2acdcf2a4ed6e6c25e3f3e975c5f5.png\",\"datePublished\":\"2024-05-08T15:57:37+00:00\",\"dateModified\":\"2026-02-12T15:18:24+00:00\",\"description\":\"DSFI-0310L Injektor venturihoz sz\u00edv\u00f3cs\u0151 csappal sz\u0171r\u0151vel 1\\\" - 1 1\\\/2\\\". T\u00e1poldatoz\u00f3 injektor foly\u00e9kony t\u00e1poldatokhoz.\",\"breadcrumb\":{\"@id\":\"https:\\\/\\\/tajkertesz.com\\\/termek\\\/dsfi-0310l-injektor-venturihoz-szivocso-csappal-szurovel-1-1-1-2\\\/#breadcrumb\"},\"inLanguage\":\"en-US\",\"potentialAction\":[{\"@type\":\"ReadAction\",\"target\":[\"https:\\\/\\\/tajkertesz.com\\\/termek\\\/dsfi-0310l-injektor-venturihoz-szivocso-csappal-szurovel-1-1-1-2\\\/\"]}]},{\"@type\":\"ImageObject\",\"inLanguage\":\"en-US\",\"@id\":\"https:\\\/\\\/tajkertesz.com\\\/termek\\\/dsfi-0310l-injektor-venturihoz-szivocso-csappal-szurovel-1-1-1-2\\\/#primaryimage\",\"url\":\"https:\\\/\\\/tajkertesz.com\\\/wp-content\\\/uploads\\\/2024\\\/05\\\/7ba2acdcf2a4ed6e6c25e3f3e975c5f5.png\",\"contentUrl\":\"https:\\\/\\\/tajkertesz.com\\\/wp-content\\\/uploads\\\/2024\\\/05\\\/7ba2acdcf2a4ed6e6c25e3f3e975c5f5.png\",\"width\":900,\"height\":900},{\"@type\":\"BreadcrumbList\",\"@id\":\"https:\\\/\\\/tajkertesz.com\\\/termek\\\/dsfi-0310l-injektor-venturihoz-szivocso-csappal-szurovel-1-1-1-2\\\/#breadcrumb\",\"itemListElement\":[{\"@type\":\"ListItem\",\"position\":1,\"name\":\"Home\",\"item\":\"https:\\\/\\\/tajkertesz.com\\\/\"},{\"@type\":\"ListItem\",\"position\":2,\"name\":\"Kezd\u0151lap\",\"item\":\"https:\\\/\\\/tajkertesz.com\\\/\"},{\"@type\":\"ListItem\",\"position\":3,\"name\":\"DSFI-0310L Injektor venturihoz sz\u00edv\u00f3cs\u0151 csappal sz\u0171r\u0151vel 1&#8243; &#8211; 1 1\\\/2&#8243;\"}]},{\"@type\":\"WebSite\",\"@id\":\"https:\\\/\\\/tajkertesz.com\\\/#website\",\"url\":\"https:\\\/\\\/tajkertesz.com\\\/\",\"name\":\"T\u00e1j-Kert\u00e9sz 84 Kft.\",\"description\":\"Kert\u00e9szeti kis- \u00e9s nagykeresked\u00e9s, D\u00edszn\u00f6v\u00e9ny web\u00e1ruh\u00e1z orsz\u00e1gos h\u00e1zhozsz\u00e1ll\u00edt\u00e1ssal!\",\"publisher\":{\"@id\":\"https:\\\/\\\/tajkertesz.com\\\/#organization\"},\"potentialAction\":[{\"@type\":\"SearchAction\",\"target\":{\"@type\":\"EntryPoint\",\"urlTemplate\":\"https:\\\/\\\/tajkertesz.com\\\/?s={search_term_string}\"},\"query-input\":{\"@type\":\"PropertyValueSpecification\",\"valueRequired\":true,\"valueName\":\"search_term_string\"}}],\"inLanguage\":\"en-US\"},{\"@type\":\"Organization\",\"@id\":\"https:\\\/\\\/tajkertesz.com\\\/#organization\",\"name\":\"T\u00e1j-Kert\u00e9sz 84 Kft.\",\"url\":\"https:\\\/\\\/tajkertesz.com\\\/\",\"logo\":{\"@type\":\"ImageObject\",\"inLanguage\":\"en-US\",\"@id\":\"https:\\\/\\\/tajkertesz.com\\\/#\\\/schema\\\/logo\\\/image\\\/\",\"url\":\"https:\\\/\\\/tajkertesz.com\\\/wp-content\\\/uploads\\\/2018\\\/02\\\/logo-2-e1518678052539.png\",\"contentUrl\":\"https:\\\/\\\/tajkertesz.com\\\/wp-content\\\/uploads\\\/2018\\\/02\\\/logo-2-e1518678052539.png\",\"width\":81,\"height\":140,\"caption\":\"T\u00e1j-Kert\u00e9sz 84 Kft.\"},\"image\":{\"@id\":\"https:\\\/\\\/tajkertesz.com\\\/#\\\/schema\\\/logo\\\/image\\\/\"},\"sameAs\":[\"https:\\\/\\\/www.facebook.com\\\/Tajkertesz\\\/\"]}]}<\/script>\n<!-- \/ Yoast SEO plugin. -->","yoast_head_json":{"title":"DSFI-0310L Injektor venturihoz sz\u00edv\u00f3cs\u0151 csappal sz\u0171r\u0151vel 1\" - 1 1\/2\" - T\u00e1jkert\u00e9sz","description":"DSFI-0310L Injektor venturihoz sz\u00edv\u00f3cs\u0151 csappal sz\u0171r\u0151vel 1\" - 1 1\/2\". T\u00e1poldatoz\u00f3 injektor foly\u00e9kony t\u00e1poldatokhoz.","robots":{"index":"index","follow":"follow","max-snippet":"max-snippet:-1","max-image-preview":"max-image-preview:large","max-video-preview":"max-video-preview:-1"},"canonical":"https:\/\/tajkertesz.com\/en_US\/product\/dsfi-0310l-injektor-venturihoz-szivocso-csappal-szurovel-1-1-1-2\/","og_locale":"en_US","og_type":"article","og_title":"DSFI-0310L Injektor venturihoz sz\u00edv\u00f3cs\u0151 csappal sz\u0171r\u0151vel 1\" - 1 1\/2\" - T\u00e1jkert\u00e9sz","og_description":"DSFI-0310L Injektor venturihoz sz\u00edv\u00f3cs\u0151 csappal sz\u0171r\u0151vel 1\" - 1 1\/2\". T\u00e1poldatoz\u00f3 injektor foly\u00e9kony t\u00e1poldatokhoz.","og_url":"https:\/\/tajkertesz.com\/en_US\/product\/dsfi-0310l-injektor-venturihoz-szivocso-csappal-szurovel-1-1-1-2\/","og_site_name":"T\u00e1jkert\u00e9sz","article_publisher":"https:\/\/www.facebook.com\/Tajkertesz\/","article_modified_time":"2026-02-12T15:18:24+00:00","og_image":[{"width":900,"height":900,"url":"https:\/\/tajkertesz.com\/wp-content\/uploads\/2024\/05\/7ba2acdcf2a4ed6e6c25e3f3e975c5f5.png","type":"image\/png"}],"twitter_card":"summary_large_image","twitter_misc":{"Est. reading time":"2 minutes"},"schema":{"@context":"https:\/\/schema.org","@graph":[{"@type":"WebPage","@id":"https:\/\/tajkertesz.com\/termek\/dsfi-0310l-injektor-venturihoz-szivocso-csappal-szurovel-1-1-1-2\/","url":"https:\/\/tajkertesz.com\/termek\/dsfi-0310l-injektor-venturihoz-szivocso-csappal-szurovel-1-1-1-2\/","name":"DSFI-0310L Injektor venturihoz sz\u00edv\u00f3cs\u0151 csappal sz\u0171r\u0151vel 1\" - 1 1\/2\" - T\u00e1jkert\u00e9sz","isPartOf":{"@id":"https:\/\/tajkertesz.com\/#website"},"primaryImageOfPage":{"@id":"https:\/\/tajkertesz.com\/termek\/dsfi-0310l-injektor-venturihoz-szivocso-csappal-szurovel-1-1-1-2\/#primaryimage"},"image":{"@id":"https:\/\/tajkertesz.com\/termek\/dsfi-0310l-injektor-venturihoz-szivocso-csappal-szurovel-1-1-1-2\/#primaryimage"},"thumbnailUrl":"https:\/\/tajkertesz.com\/wp-content\/uploads\/2024\/05\/7ba2acdcf2a4ed6e6c25e3f3e975c5f5.png","datePublished":"2024-05-08T15:57:37+00:00","dateModified":"2026-02-12T15:18:24+00:00","description":"DSFI-0310L Injektor venturihoz sz\u00edv\u00f3cs\u0151 csappal sz\u0171r\u0151vel 1\" - 1 1\/2\". T\u00e1poldatoz\u00f3 injektor foly\u00e9kony t\u00e1poldatokhoz.","breadcrumb":{"@id":"https:\/\/tajkertesz.com\/termek\/dsfi-0310l-injektor-venturihoz-szivocso-csappal-szurovel-1-1-1-2\/#breadcrumb"},"inLanguage":"en-US","potentialAction":[{"@type":"ReadAction","target":["https:\/\/tajkertesz.com\/termek\/dsfi-0310l-injektor-venturihoz-szivocso-csappal-szurovel-1-1-1-2\/"]}]},{"@type":"ImageObject","inLanguage":"en-US","@id":"https:\/\/tajkertesz.com\/termek\/dsfi-0310l-injektor-venturihoz-szivocso-csappal-szurovel-1-1-1-2\/#primaryimage","url":"https:\/\/tajkertesz.com\/wp-content\/uploads\/2024\/05\/7ba2acdcf2a4ed6e6c25e3f3e975c5f5.png","contentUrl":"https:\/\/tajkertesz.com\/wp-content\/uploads\/2024\/05\/7ba2acdcf2a4ed6e6c25e3f3e975c5f5.png","width":900,"height":900},{"@type":"BreadcrumbList","@id":"https:\/\/tajkertesz.com\/termek\/dsfi-0310l-injektor-venturihoz-szivocso-csappal-szurovel-1-1-1-2\/#breadcrumb","itemListElement":[{"@type":"ListItem","position":1,"name":"Home","item":"https:\/\/tajkertesz.com\/"},{"@type":"ListItem","position":2,"name":"Kezd\u0151lap","item":"https:\/\/tajkertesz.com\/"},{"@type":"ListItem","position":3,"name":"DSFI-0310L Injektor venturihoz sz\u00edv\u00f3cs\u0151 csappal sz\u0171r\u0151vel 1&#8243; &#8211; 1 1\/2&#8243;"}]},{"@type":"WebSite","@id":"https:\/\/tajkertesz.com\/#website","url":"https:\/\/tajkertesz.com\/","name":"T\u00e1j-Kert\u00e9sz 84 Kft.","description":"Kert\u00e9szeti kis- \u00e9s nagykeresked\u00e9s, D\u00edszn\u00f6v\u00e9ny web\u00e1ruh\u00e1z orsz\u00e1gos h\u00e1zhozsz\u00e1ll\u00edt\u00e1ssal!","publisher":{"@id":"https:\/\/tajkertesz.com\/#organization"},"potentialAction":[{"@type":"SearchAction","target":{"@type":"EntryPoint","urlTemplate":"https:\/\/tajkertesz.com\/?s={search_term_string}"},"query-input":{"@type":"PropertyValueSpecification","valueRequired":true,"valueName":"search_term_string"}}],"inLanguage":"en-US"},{"@type":"Organization","@id":"https:\/\/tajkertesz.com\/#organization","name":"T\u00e1j-Kert\u00e9sz 84 Kft.","url":"https:\/\/tajkertesz.com\/","logo":{"@type":"ImageObject","inLanguage":"en-US","@id":"https:\/\/tajkertesz.com\/#\/schema\/logo\/image\/","url":"https:\/\/tajkertesz.com\/wp-content\/uploads\/2018\/02\/logo-2-e1518678052539.png","contentUrl":"https:\/\/tajkertesz.com\/wp-content\/uploads\/2018\/02\/logo-2-e1518678052539.png","width":81,"height":140,"caption":"T\u00e1j-Kert\u00e9sz 84 Kft."},"image":{"@id":"https:\/\/tajkertesz.com\/#\/schema\/logo\/image\/"},"sameAs":["https:\/\/www.facebook.com\/Tajkertesz\/"]}]}},"_links":{"self":[{"href":"https:\/\/tajkertesz.com\/en_US\/wp-json\/wp\/v2\/product\/20277","targetHints":{"allow":["GET"]}}],"collection":[{"href":"https:\/\/tajkertesz.com\/en_US\/wp-json\/wp\/v2\/product"}],"about":[{"href":"https:\/\/tajkertesz.com\/en_US\/wp-json\/wp\/v2\/types\/product"}],"wp:featuredmedia":[{"embeddable":true,"href":"https:\/\/tajkertesz.com\/en_US\/wp-json\/wp\/v2\/media\/20278"}],"wp:attachment":[{"href":"https:\/\/tajkertesz.com\/en_US\/wp-json\/wp\/v2\/media?parent=20277"}],"wp:term":[{"taxonomy":"product_brand","embeddable":true,"href":"https:\/\/tajkertesz.com\/en_US\/wp-json\/wp\/v2\/product_brand?post=20277"},{"taxonomy":"product_cat","embeddable":true,"href":"https:\/\/tajkertesz.com\/en_US\/wp-json\/wp\/v2\/product_cat?post=20277"},{"taxonomy":"product_tag","embeddable":true,"href":"https:\/\/tajkertesz.com\/en_US\/wp-json\/wp\/v2\/product_tag?post=20277"}],"curies":[{"name":"wp","href":"https:\/\/api.w.org\/{rel}","templated":true}]}}