{"id":2029,"date":"2020-08-04T08:55:36","date_gmt":"2020-08-04T08:55:36","guid":{"rendered":"https:\/\/tajkertesz.com\/?post_type=product&#038;p=2029"},"modified":"2026-02-18T08:28:35","modified_gmt":"2026-02-18T08:28:35","slug":"delosperma-cooperi-kristalyvirag","status":"publish","type":"product","link":"https:\/\/tajkertesz.com\/en_US\/product\/delosperma-cooperi-kristalyvirag\/","title":{"rendered":"Delosperma cooperi \u2013 T\u00e9l\u00e1ll\u00f3 krist\u00e1lyvir\u00e1g"},"content":{"rendered":"<h1>Delosperma cooperi \u2013 T\u00e9l\u00e1ll\u00f3 krist\u00e1lyvir\u00e1g<\/h1>\n<p data-start=\"536\" data-end=\"788\">A <strong data-start=\"538\" data-end=\"584\">Delosperma cooperi (t\u00e9l\u00e1ll\u00f3 krist\u00e1lyvir\u00e1g)<\/strong> az egyik legn\u00e9pszer\u0171bb talajtakar\u00f3 \u00e9vel\u0151 n\u00f6v\u00e9ny, amely kiv\u00e1l\u00f3an b\u00edrja a sz\u00e1razs\u00e1got \u00e9s az er\u0151s naps\u00fct\u00e9st. D\u00e9l-afrikai eredet\u0171 pozsg\u00e1s n\u00f6v\u00e9ny, amely haz\u00e1nkban is t\u00e9l\u00e1ll\u00f3, j\u00f3 v\u00edzelvezet\u00e9s\u0171 talajba \u00fcltetve.<\/p>\n<p data-start=\"790\" data-end=\"1005\">Alacsony n\u00f6veked\u00e9s\u0171 (10\u201315 cm), gyorsan terjed\u0151 habitus\u00e1nak k\u00f6sz\u00f6nhet\u0151en s\u0171r\u0171, vir\u00e1gz\u00f3 sz\u0151nyeget k\u00e9pez. \u00c9l\u00e9nk, b\u00edbor-r\u00f3zsasz\u00edn vir\u00e1gai napf\u00e9ny hat\u00e1s\u00e1ra teljesen kiny\u00edlnak, \u00e9s eg\u00e9sz ny\u00e1ron \u00e1t folyamatosan d\u00edsz\u00edtenek.<\/p>\n<h2>Delosperma cooperi jellemz\u0151k:<\/h2>\n<ul data-start=\"1028\" data-end=\"1291\">\n<li data-start=\"1028\" data-end=\"1076\">\n<p data-start=\"1030\" data-end=\"1076\">\ud83c\udf3f N\u00f6v\u00e9ny t\u00edpusa: \u00e9vel\u0151, pozsg\u00e1s talajtakar\u00f3<\/p>\n<\/li>\n<li data-start=\"1077\" data-end=\"1102\">\n<p data-start=\"1079\" data-end=\"1102\">\ud83d\udccf Magass\u00e1g: 10\u201315 cm<\/p>\n<\/li>\n<li data-start=\"1103\" data-end=\"1142\">\n<p data-start=\"1105\" data-end=\"1142\">\ud83c\udf38 Vir\u00e1gz\u00e1s: j\u00faniust\u00f3l szeptemberig<\/p>\n<\/li>\n<li data-start=\"1143\" data-end=\"1173\">\n<p data-start=\"1145\" data-end=\"1173\">\u2600\ufe0f F\u00e9nyig\u00e9ny: napos fekv\u00e9s<\/p>\n<\/li>\n<li data-start=\"1174\" data-end=\"1199\">\n<p data-start=\"1176\" data-end=\"1199\">\ud83d\udca7 V\u00edzig\u00e9ny: alacsony<\/p>\n<\/li>\n<li data-start=\"1200\" data-end=\"1239\">\n<p data-start=\"1202\" data-end=\"1239\">\ud83c\udf31 Talaj: j\u00f3 v\u00edz\u00e1tereszt\u0151, kavicsos<\/p>\n<\/li>\n<li data-start=\"1240\" data-end=\"1291\">\n<p data-start=\"1242\" data-end=\"1291\">\u2744\ufe0f T\u00e9l\u00e1ll\u00f3s\u00e1g: t\u00e9l\u00e1ll\u00f3 (j\u00f3 v\u00edzelvezet\u00e9s eset\u00e9n)<\/p>\n<\/li>\n<\/ul>\n<p data-start=\"1293\" data-end=\"1480\">A <strong data-start=\"1295\" data-end=\"1317\">Delosperma cooperi<\/strong> ide\u00e1lis v\u00e1laszt\u00e1s sziklakertbe, r\u00e9zs\u0171re, t\u00e1mfalak mell\u00e9, t\u00e9rk\u00f6vek k\u00f6z\u00e9 vagy ak\u00e1r d\u00e9zs\u00e1ba \u00fcltetve is. Kiv\u00e1l\u00f3 sz\u00e1razs\u00e1gt\u0171r\u0151 n\u00f6v\u00e9ny, \u00edgy minim\u00e1lis gondoz\u00e1st ig\u00e9nyel.<\/p>\n<h4><strong>\ud83d\udd04 K\u00e9szletinform\u00e1ci\u00f3<\/strong><\/h4>\n<p><strong>K\u00e9szlet\u00fcnk napi szinten v\u00e1ltozik, \u00edgy a webshopban szerepl<\/strong><strong>\u0151<\/strong><strong>\u00a0term\u00e9kek el\u00e9rhet<\/strong><strong>\u0151<\/strong><strong>s\u00e9ge nem garant\u00e1lt.<br \/>\n\ud83d\udcde A megrendel\u00e9s el<\/strong><strong>\u0151<\/strong><strong>tt k\u00e9rj\u00fck, \u00e9rdekl<\/strong><strong>\u0151<\/strong><strong>dj\u00f6n szem\u00e9lyesen, telefonon vagy e-mailben!<\/strong><\/p>\n<h4><strong>\u27a1\ufe0f Kapcsolat:<\/strong><\/h4>\n<ul>\n<li><strong>Weboldal:\u00a0<\/strong><a href=\"https:\/\/tajkertesz.com\/\"><strong>tajkertesz.com<\/strong><\/a><\/li>\n<li><strong>Facebook:\u00a0<\/strong><a href=\"https:\/\/www.facebook.com\/tajkertesz\/\"><strong>facebook.com\/tajkertesz<\/strong><\/a><\/li>\n<li><strong>Telefonsz\u00e1m, e-mail: +36\/20-319-3770\u00a0<\/strong><a href=\"mailto:tajkerteszaruda@gmail.com\"><strong>tajkerteszaruda@gmail.com<\/strong><\/a><\/li>\n<\/ul>\n<h4><strong>\ud83d\ude9a Sz\u00e1ll\u00edt\u00e1si inform\u00e1ci\u00f3k<\/strong><\/h4>\n<p><strong>A megrendelt n\u00f6v\u00e9nyek kisz\u00e1ll\u00edt\u00e1sa az al\u00e1bbi felt\u00e9telek mellett t\u00f6rt\u00e9nik:<\/strong><\/p>\n<h4><strong>\ud83d\udce6 Fut\u00e1rszolg\u00e1latos sz\u00e1ll\u00edt\u00e1s<\/strong><\/h4>\n<ul>\n<li><strong>Maxim\u00e1lis m\u00e9ret: 200 cm (hossz\u00fas\u00e1g)<\/strong><\/li>\n<li><strong>Maxim\u00e1lis s\u00faly: 40 kg<\/strong><\/li>\n<li><strong>Az enn\u00e9l kisebb \u00e9s k\u00f6nnyebb csomagokat fut\u00e1rszolg\u00e1lattal k\u00e9zbes\u00edtj\u00fck a lehet<\/strong><strong>\u0151<\/strong><strong>\u00a0legbiztons\u00e1gosabb csomagol\u00e1sban.<\/strong><\/li>\n<\/ul>\n<h4><strong>\ud83d\udefb Szem\u00e9lyes \u00e1tv\u00e9tel<\/strong><\/h4>\n<ul>\n<li><strong>1173 Budapest, Bakancsos utca 7. sz\u00e1m alatt nyitvatart\u00e1si id<\/strong><strong>\u0151<\/strong><strong>ben szem\u00e9lyesen \u00e1tvehet<\/strong><strong>\u0151<\/strong><strong>\u00a0kert\u00e9szeti \u00e1rud\u00e1nkban.<\/strong><\/li>\n<li><strong>K\u00f6lts\u00e9ghat\u00e9kony megold\u00e1s nagyobb, t\u00f6r\u00e9kenyebb vagy t\u00falm\u00e9retes n\u00f6v\u00e9nyek eset\u00e9n.<\/strong><\/li>\n<\/ul>\n<h4><strong>\ud83d\udcde Nagy m\u00e9ret<\/strong><strong>\u0171<\/strong><strong>\u00a0vagy s\u00faly\u00fa n\u00f6v\u00e9nyek eset\u00e9n<\/strong><\/h4>\n<p><strong>Ha a term\u00e9k:<\/strong><\/p>\n<ul>\n<li><strong>meghaladja a 200 cm hossz\u00fas\u00e1got vagy<\/strong><\/li>\n<li><strong>meghaladja a 40 kg s\u00falyt,<\/strong><\/li>\n<\/ul>\n<p><strong>akkor szem\u00e9lyes \u00e1tv\u00e9tellel vagy egyedi, el<\/strong><strong>\u0151<\/strong><strong>re egyeztetett sz\u00e1ll\u00edt\u00e1si felt\u00e9telek mellett t\u00f6rt\u00e9nik.<br \/>\nK\u00e9rj\u00fck, ilyen esetben rendel\u00e9s el<\/strong><strong>\u0151<\/strong><strong>tt vegye fel vel\u00fcnk a kapcsolatot, hogy a lehet<\/strong><strong>\u0151<\/strong><strong>\u00a0legmegfelel<\/strong><strong>\u0151<\/strong><strong>bb sz\u00e1ll\u00edt\u00e1si megold\u00e1st k\u00edn\u00e1lhassuk.<\/strong><\/p>\n<p><strong>\ud83d\udd14 Fontos: A n\u00f6v\u00e9nyeket minden esetben igyeksz\u00fcnk gondosan, egyes\u00e9vel csomagolni, azonban a sz\u00e1ll\u00edt\u00e1s sor\u00e1n kisebb eszt\u00e9tikai s\u00e9r\u00fcl\u00e9sek el<\/strong><strong>\u0151<\/strong><strong>fordulhatnak (pl. lev\u00e9lhull\u00e1s). Ez nem min<\/strong><strong>\u0151<\/strong><strong>s\u00fcl hib\u00e1s teljes\u00edt\u00e9snek.<\/strong><\/p>\n<h4><strong>\ud83d\udcf7 Fontos tudni a k\u00e9pekr<\/strong><strong>\u0151<\/strong><strong>l<\/strong><\/h4>\n<p><strong>A webshopban szerepl<\/strong><strong>\u0151<\/strong><strong>\u00a0k\u00e9pek illusztr\u00e1ci\u00f3k, a n\u00f6v\u00e9nyek term\u00e9szet\u00fckn\u00e9l fogva egyediek, \u00edgy m\u00e9retben, alakban \u00e9s sz\u00ednben minim\u00e1lis elt\u00e9r\u00e9sek el<\/strong><strong>\u0151<\/strong><strong>fordulhatnak a k\u00e9pen l\u00e1that\u00f3 \u00e9s a val\u00f3s p\u00e9ld\u00e1nyok k\u00f6z\u00f6tt.<\/strong><\/p>\n<h4><strong>\ud83e\uddfe \u00c1rak \u00e9s el\u00e1ll\u00e1si jog<\/strong><\/h4>\n<ul>\n<li><strong>Az \u00e1rak egy darab\u00a0n\u00f6v\u00e9nyre vonatkoznak.<\/strong><\/li>\n<li><strong>\u00c9l<\/strong><strong>\u0151<\/strong><strong>\u00a0n\u00f6v\u00e9nyek rendel\u00e9se eset\u00e9n a 14 napos el\u00e1ll\u00e1s joga nem \u00e9rv\u00e9nyes\u00edthet<\/strong><strong>\u0151<\/strong><strong>, mivel azok romland\u00f3, biol\u00f3giailag \u00e9l<\/strong><strong>\u0151<\/strong><strong>\u00a0term\u00e9keknek min<\/strong><strong>\u0151<\/strong><strong>s\u00fclnek.<br \/>\n\ud83d\udd12 (17\/1999. (II. 5.) Korm. rendelet 5. \u00a7 c) pontja alapj\u00e1n)<\/strong><\/li>\n<\/ul>\n<h4><strong>\ud83d\udce6 K\u00e9zbes\u00edt\u00e9s ut\u00e1ni teend<\/strong><strong>\u0151<\/strong><strong>k<\/strong><\/h4>\n<p><strong>A k\u00e9zbes\u00edt\u00e9st k\u00f6vet<\/strong><strong>\u0151<\/strong><strong>en a csomagot azonnal bontsuk ki, \u00e9s a n\u00f6v\u00e9nyt helyezz\u00fck el megfelel<\/strong><strong>\u0151<\/strong><strong>\u00a0k\u00f6rnyezetben.<br \/>\nFontos: ha a n\u00f6v\u00e9ny nem r\u00e9szes\u00fcl megfelel<\/strong><strong>\u0151<\/strong><strong>\u00a0gondoz\u00e1sban \u00e9s ennek k\u00f6vetkezt\u00e9ben k\u00e1rosodik vagy elpusztul, felel<\/strong><strong>\u0151<\/strong><strong>ss\u00e9get nem tudunk v\u00e1llalni.<\/strong><\/p>","protected":false},"excerpt":{"rendered":"<p data-start=\"242\" data-end=\"483\">A <strong data-start=\"244\" data-end=\"266\">Delosperma cooperi<\/strong>, m\u00e1s n\u00e9ven t\u00e9l\u00e1ll\u00f3 krist\u00e1lyvir\u00e1g, alacsony, ter\u00fcl\u0151 habitus\u00fa, rendk\u00edv\u00fcl hosszan vir\u00e1gz\u00f3 \u00e9vel\u0151 d\u00edszn\u00f6v\u00e9ny. \u00c9l\u00e9nk r\u00f3zsasz\u00edn vir\u00e1gaival ny\u00e1rt\u00f3l \u0151szig folyamatosan d\u00edsz\u00edt, kiv\u00e1l\u00f3 sziklakertbe \u00e9s sz\u00e1raz, napos ter\u00fcletekre.<\/p>","protected":false},"featured_media":2030,"template":"","meta":{"_et_pb_use_builder":"","_et_pb_old_content":"","_et_gb_content_width":""},"product_brand":[],"product_cat":[433,3785],"product_tag":[6249,637,7955,638,7954,7953,5934,5862,6215,5893,7951,7952],"class_list":{"0":"post-2029","1":"product","2":"type-product","3":"status-publish","4":"has-post-thumbnail","6":"product_cat-evelo-novenyek","7":"product_cat-uj-termekek","8":"product_tag-alacsony-evelo","9":"product_tag-delosperma-cooperi","10":"product_tag-evelo-disznoveny","11":"product_tag-kristalyvirag","12":"product_tag-napos-kertbe","13":"product_tag-pozsgas-evelo","14":"product_tag-rozsaszin-virag","15":"product_tag-szarazsagturo-noveny","16":"product_tag-sziklakerti-noveny","17":"product_tag-talajtakaro-noveny","18":"product_tag-telallo-kristalyvirag","19":"product_tag-varjuhajfu","21":"first","22":"instock","23":"shipping-taxable","24":"purchasable","25":"product-type-simple"},"yoast_head":"<!-- This site is optimized with the Yoast SEO plugin v27.3 - https:\/\/yoast.com\/product\/yoast-seo-wordpress\/ -->\n<title>Delosperma cooperi \u2013 T\u00e9l\u00e1ll\u00f3 krist\u00e1lyvir\u00e1g - T\u00e1jkert\u00e9sz<\/title>\n<meta name=\"description\" content=\"Delosperma cooperi \u2013 t\u00e9l\u00e1ll\u00f3 krist\u00e1lyvir\u00e1g \u00e9l\u00e9nk r\u00f3zsasz\u00edn vir\u00e1gokkal. Sz\u00e1razs\u00e1gt\u0171r\u0151, t\u00e9l\u00e1ll\u00f3, napos kertekbe \u00e9s sziklakertbe ide\u00e1lis talajtakar\u00f3 \u00e9vel\u0151.\" \/>\n<meta name=\"robots\" content=\"index, follow, max-snippet:-1, max-image-preview:large, max-video-preview:-1\" \/>\n<link rel=\"canonical\" href=\"https:\/\/tajkertesz.com\/en_US\/product\/delosperma-cooperi-kristalyvirag\/\" \/>\n<meta property=\"og:locale\" content=\"en_US\" \/>\n<meta property=\"og:type\" content=\"article\" \/>\n<meta property=\"og:title\" content=\"Delosperma cooperi \u2013 T\u00e9l\u00e1ll\u00f3 krist\u00e1lyvir\u00e1g - T\u00e1jkert\u00e9sz\" \/>\n<meta property=\"og:description\" content=\"Delosperma cooperi \u2013 t\u00e9l\u00e1ll\u00f3 krist\u00e1lyvir\u00e1g \u00e9l\u00e9nk r\u00f3zsasz\u00edn vir\u00e1gokkal. Sz\u00e1razs\u00e1gt\u0171r\u0151, t\u00e9l\u00e1ll\u00f3, napos kertekbe \u00e9s sziklakertbe ide\u00e1lis talajtakar\u00f3 \u00e9vel\u0151.\" \/>\n<meta property=\"og:url\" content=\"https:\/\/tajkertesz.com\/en_US\/product\/delosperma-cooperi-kristalyvirag\/\" \/>\n<meta property=\"og:site_name\" content=\"T\u00e1jkert\u00e9sz\" \/>\n<meta property=\"article:publisher\" content=\"https:\/\/www.facebook.com\/Tajkertesz\/\" \/>\n<meta property=\"article:modified_time\" content=\"2026-02-18T08:28:35+00:00\" \/>\n<meta property=\"og:image\" content=\"https:\/\/tajkertesz.com\/wp-content\/uploads\/2020\/08\/20200729_102323-scaled.jpg\" \/>\n\t<meta property=\"og:image:width\" content=\"1152\" \/>\n\t<meta property=\"og:image:height\" content=\"2560\" \/>\n\t<meta property=\"og:image:type\" content=\"image\/jpeg\" \/>\n<meta name=\"twitter:card\" content=\"summary_large_image\" \/>\n<meta name=\"twitter:label1\" content=\"Est. reading time\" \/>\n\t<meta name=\"twitter:data1\" content=\"3 minutes\" \/>\n<script type=\"application\/ld+json\" class=\"yoast-schema-graph\">{\"@context\":\"https:\\\/\\\/schema.org\",\"@graph\":[{\"@type\":\"WebPage\",\"@id\":\"https:\\\/\\\/tajkertesz.com\\\/termek\\\/delosperma-cooperi-kristalyvirag\\\/\",\"url\":\"https:\\\/\\\/tajkertesz.com\\\/termek\\\/delosperma-cooperi-kristalyvirag\\\/\",\"name\":\"Delosperma cooperi \u2013 T\u00e9l\u00e1ll\u00f3 krist\u00e1lyvir\u00e1g - T\u00e1jkert\u00e9sz\",\"isPartOf\":{\"@id\":\"https:\\\/\\\/tajkertesz.com\\\/#website\"},\"primaryImageOfPage\":{\"@id\":\"https:\\\/\\\/tajkertesz.com\\\/termek\\\/delosperma-cooperi-kristalyvirag\\\/#primaryimage\"},\"image\":{\"@id\":\"https:\\\/\\\/tajkertesz.com\\\/termek\\\/delosperma-cooperi-kristalyvirag\\\/#primaryimage\"},\"thumbnailUrl\":\"https:\\\/\\\/tajkertesz.com\\\/wp-content\\\/uploads\\\/2020\\\/08\\\/20200729_102323-scaled.jpg\",\"datePublished\":\"2020-08-04T08:55:36+00:00\",\"dateModified\":\"2026-02-18T08:28:35+00:00\",\"description\":\"Delosperma cooperi \u2013 t\u00e9l\u00e1ll\u00f3 krist\u00e1lyvir\u00e1g \u00e9l\u00e9nk r\u00f3zsasz\u00edn vir\u00e1gokkal. Sz\u00e1razs\u00e1gt\u0171r\u0151, t\u00e9l\u00e1ll\u00f3, napos kertekbe \u00e9s sziklakertbe ide\u00e1lis talajtakar\u00f3 \u00e9vel\u0151.\",\"breadcrumb\":{\"@id\":\"https:\\\/\\\/tajkertesz.com\\\/termek\\\/delosperma-cooperi-kristalyvirag\\\/#breadcrumb\"},\"inLanguage\":\"en-US\",\"potentialAction\":[{\"@type\":\"ReadAction\",\"target\":[\"https:\\\/\\\/tajkertesz.com\\\/termek\\\/delosperma-cooperi-kristalyvirag\\\/\"]}]},{\"@type\":\"ImageObject\",\"inLanguage\":\"en-US\",\"@id\":\"https:\\\/\\\/tajkertesz.com\\\/termek\\\/delosperma-cooperi-kristalyvirag\\\/#primaryimage\",\"url\":\"https:\\\/\\\/tajkertesz.com\\\/wp-content\\\/uploads\\\/2020\\\/08\\\/20200729_102323-scaled.jpg\",\"contentUrl\":\"https:\\\/\\\/tajkertesz.com\\\/wp-content\\\/uploads\\\/2020\\\/08\\\/20200729_102323-scaled.jpg\",\"width\":1152,\"height\":2560,\"caption\":\"Delosperma cooperi \u2013 T\u00e9l\u00e1ll\u00f3 krist\u00e1lyvir\u00e1g\"},{\"@type\":\"BreadcrumbList\",\"@id\":\"https:\\\/\\\/tajkertesz.com\\\/termek\\\/delosperma-cooperi-kristalyvirag\\\/#breadcrumb\",\"itemListElement\":[{\"@type\":\"ListItem\",\"position\":1,\"name\":\"Home\",\"item\":\"https:\\\/\\\/tajkertesz.com\\\/\"},{\"@type\":\"ListItem\",\"position\":2,\"name\":\"Kezd\u0151lap\",\"item\":\"https:\\\/\\\/tajkertesz.com\\\/\"},{\"@type\":\"ListItem\",\"position\":3,\"name\":\"Delosperma cooperi \u2013 T\u00e9l\u00e1ll\u00f3 krist\u00e1lyvir\u00e1g\"}]},{\"@type\":\"WebSite\",\"@id\":\"https:\\\/\\\/tajkertesz.com\\\/#website\",\"url\":\"https:\\\/\\\/tajkertesz.com\\\/\",\"name\":\"T\u00e1j-Kert\u00e9sz 84 Kft.\",\"description\":\"Kert\u00e9szeti kis- \u00e9s nagykeresked\u00e9s, D\u00edszn\u00f6v\u00e9ny web\u00e1ruh\u00e1z orsz\u00e1gos h\u00e1zhozsz\u00e1ll\u00edt\u00e1ssal!\",\"publisher\":{\"@id\":\"https:\\\/\\\/tajkertesz.com\\\/#organization\"},\"potentialAction\":[{\"@type\":\"SearchAction\",\"target\":{\"@type\":\"EntryPoint\",\"urlTemplate\":\"https:\\\/\\\/tajkertesz.com\\\/?s={search_term_string}\"},\"query-input\":{\"@type\":\"PropertyValueSpecification\",\"valueRequired\":true,\"valueName\":\"search_term_string\"}}],\"inLanguage\":\"en-US\"},{\"@type\":\"Organization\",\"@id\":\"https:\\\/\\\/tajkertesz.com\\\/#organization\",\"name\":\"T\u00e1j-Kert\u00e9sz 84 Kft.\",\"url\":\"https:\\\/\\\/tajkertesz.com\\\/\",\"logo\":{\"@type\":\"ImageObject\",\"inLanguage\":\"en-US\",\"@id\":\"https:\\\/\\\/tajkertesz.com\\\/#\\\/schema\\\/logo\\\/image\\\/\",\"url\":\"https:\\\/\\\/tajkertesz.com\\\/wp-content\\\/uploads\\\/2018\\\/02\\\/logo-2-e1518678052539.png\",\"contentUrl\":\"https:\\\/\\\/tajkertesz.com\\\/wp-content\\\/uploads\\\/2018\\\/02\\\/logo-2-e1518678052539.png\",\"width\":81,\"height\":140,\"caption\":\"T\u00e1j-Kert\u00e9sz 84 Kft.\"},\"image\":{\"@id\":\"https:\\\/\\\/tajkertesz.com\\\/#\\\/schema\\\/logo\\\/image\\\/\"},\"sameAs\":[\"https:\\\/\\\/www.facebook.com\\\/Tajkertesz\\\/\"]}]}<\/script>\n<!-- \/ Yoast SEO plugin. -->","yoast_head_json":{"title":"Delosperma cooperi \u2013 T\u00e9l\u00e1ll\u00f3 krist\u00e1lyvir\u00e1g - T\u00e1jkert\u00e9sz","description":"Delosperma cooperi \u2013 t\u00e9l\u00e1ll\u00f3 krist\u00e1lyvir\u00e1g \u00e9l\u00e9nk r\u00f3zsasz\u00edn vir\u00e1gokkal. Sz\u00e1razs\u00e1gt\u0171r\u0151, t\u00e9l\u00e1ll\u00f3, napos kertekbe \u00e9s sziklakertbe ide\u00e1lis talajtakar\u00f3 \u00e9vel\u0151.","robots":{"index":"index","follow":"follow","max-snippet":"max-snippet:-1","max-image-preview":"max-image-preview:large","max-video-preview":"max-video-preview:-1"},"canonical":"https:\/\/tajkertesz.com\/en_US\/product\/delosperma-cooperi-kristalyvirag\/","og_locale":"en_US","og_type":"article","og_title":"Delosperma cooperi \u2013 T\u00e9l\u00e1ll\u00f3 krist\u00e1lyvir\u00e1g - T\u00e1jkert\u00e9sz","og_description":"Delosperma cooperi \u2013 t\u00e9l\u00e1ll\u00f3 krist\u00e1lyvir\u00e1g \u00e9l\u00e9nk r\u00f3zsasz\u00edn vir\u00e1gokkal. Sz\u00e1razs\u00e1gt\u0171r\u0151, t\u00e9l\u00e1ll\u00f3, napos kertekbe \u00e9s sziklakertbe ide\u00e1lis talajtakar\u00f3 \u00e9vel\u0151.","og_url":"https:\/\/tajkertesz.com\/en_US\/product\/delosperma-cooperi-kristalyvirag\/","og_site_name":"T\u00e1jkert\u00e9sz","article_publisher":"https:\/\/www.facebook.com\/Tajkertesz\/","article_modified_time":"2026-02-18T08:28:35+00:00","og_image":[{"width":1152,"height":2560,"url":"https:\/\/tajkertesz.com\/wp-content\/uploads\/2020\/08\/20200729_102323-scaled.jpg","type":"image\/jpeg"}],"twitter_card":"summary_large_image","twitter_misc":{"Est. reading time":"3 minutes"},"schema":{"@context":"https:\/\/schema.org","@graph":[{"@type":"WebPage","@id":"https:\/\/tajkertesz.com\/termek\/delosperma-cooperi-kristalyvirag\/","url":"https:\/\/tajkertesz.com\/termek\/delosperma-cooperi-kristalyvirag\/","name":"Delosperma cooperi \u2013 T\u00e9l\u00e1ll\u00f3 krist\u00e1lyvir\u00e1g - T\u00e1jkert\u00e9sz","isPartOf":{"@id":"https:\/\/tajkertesz.com\/#website"},"primaryImageOfPage":{"@id":"https:\/\/tajkertesz.com\/termek\/delosperma-cooperi-kristalyvirag\/#primaryimage"},"image":{"@id":"https:\/\/tajkertesz.com\/termek\/delosperma-cooperi-kristalyvirag\/#primaryimage"},"thumbnailUrl":"https:\/\/tajkertesz.com\/wp-content\/uploads\/2020\/08\/20200729_102323-scaled.jpg","datePublished":"2020-08-04T08:55:36+00:00","dateModified":"2026-02-18T08:28:35+00:00","description":"Delosperma cooperi \u2013 t\u00e9l\u00e1ll\u00f3 krist\u00e1lyvir\u00e1g \u00e9l\u00e9nk r\u00f3zsasz\u00edn vir\u00e1gokkal. Sz\u00e1razs\u00e1gt\u0171r\u0151, t\u00e9l\u00e1ll\u00f3, napos kertekbe \u00e9s sziklakertbe ide\u00e1lis talajtakar\u00f3 \u00e9vel\u0151.","breadcrumb":{"@id":"https:\/\/tajkertesz.com\/termek\/delosperma-cooperi-kristalyvirag\/#breadcrumb"},"inLanguage":"en-US","potentialAction":[{"@type":"ReadAction","target":["https:\/\/tajkertesz.com\/termek\/delosperma-cooperi-kristalyvirag\/"]}]},{"@type":"ImageObject","inLanguage":"en-US","@id":"https:\/\/tajkertesz.com\/termek\/delosperma-cooperi-kristalyvirag\/#primaryimage","url":"https:\/\/tajkertesz.com\/wp-content\/uploads\/2020\/08\/20200729_102323-scaled.jpg","contentUrl":"https:\/\/tajkertesz.com\/wp-content\/uploads\/2020\/08\/20200729_102323-scaled.jpg","width":1152,"height":2560,"caption":"Delosperma cooperi \u2013 T\u00e9l\u00e1ll\u00f3 krist\u00e1lyvir\u00e1g"},{"@type":"BreadcrumbList","@id":"https:\/\/tajkertesz.com\/termek\/delosperma-cooperi-kristalyvirag\/#breadcrumb","itemListElement":[{"@type":"ListItem","position":1,"name":"Home","item":"https:\/\/tajkertesz.com\/"},{"@type":"ListItem","position":2,"name":"Kezd\u0151lap","item":"https:\/\/tajkertesz.com\/"},{"@type":"ListItem","position":3,"name":"Delosperma cooperi \u2013 T\u00e9l\u00e1ll\u00f3 krist\u00e1lyvir\u00e1g"}]},{"@type":"WebSite","@id":"https:\/\/tajkertesz.com\/#website","url":"https:\/\/tajkertesz.com\/","name":"T\u00e1j-Kert\u00e9sz 84 Kft.","description":"Kert\u00e9szeti kis- \u00e9s nagykeresked\u00e9s, D\u00edszn\u00f6v\u00e9ny web\u00e1ruh\u00e1z orsz\u00e1gos h\u00e1zhozsz\u00e1ll\u00edt\u00e1ssal!","publisher":{"@id":"https:\/\/tajkertesz.com\/#organization"},"potentialAction":[{"@type":"SearchAction","target":{"@type":"EntryPoint","urlTemplate":"https:\/\/tajkertesz.com\/?s={search_term_string}"},"query-input":{"@type":"PropertyValueSpecification","valueRequired":true,"valueName":"search_term_string"}}],"inLanguage":"en-US"},{"@type":"Organization","@id":"https:\/\/tajkertesz.com\/#organization","name":"T\u00e1j-Kert\u00e9sz 84 Kft.","url":"https:\/\/tajkertesz.com\/","logo":{"@type":"ImageObject","inLanguage":"en-US","@id":"https:\/\/tajkertesz.com\/#\/schema\/logo\/image\/","url":"https:\/\/tajkertesz.com\/wp-content\/uploads\/2018\/02\/logo-2-e1518678052539.png","contentUrl":"https:\/\/tajkertesz.com\/wp-content\/uploads\/2018\/02\/logo-2-e1518678052539.png","width":81,"height":140,"caption":"T\u00e1j-Kert\u00e9sz 84 Kft."},"image":{"@id":"https:\/\/tajkertesz.com\/#\/schema\/logo\/image\/"},"sameAs":["https:\/\/www.facebook.com\/Tajkertesz\/"]}]}},"_links":{"self":[{"href":"https:\/\/tajkertesz.com\/en_US\/wp-json\/wp\/v2\/product\/2029","targetHints":{"allow":["GET"]}}],"collection":[{"href":"https:\/\/tajkertesz.com\/en_US\/wp-json\/wp\/v2\/product"}],"about":[{"href":"https:\/\/tajkertesz.com\/en_US\/wp-json\/wp\/v2\/types\/product"}],"wp:featuredmedia":[{"embeddable":true,"href":"https:\/\/tajkertesz.com\/en_US\/wp-json\/wp\/v2\/media\/2030"}],"wp:attachment":[{"href":"https:\/\/tajkertesz.com\/en_US\/wp-json\/wp\/v2\/media?parent=2029"}],"wp:term":[{"taxonomy":"product_brand","embeddable":true,"href":"https:\/\/tajkertesz.com\/en_US\/wp-json\/wp\/v2\/product_brand?post=2029"},{"taxonomy":"product_cat","embeddable":true,"href":"https:\/\/tajkertesz.com\/en_US\/wp-json\/wp\/v2\/product_cat?post=2029"},{"taxonomy":"product_tag","embeddable":true,"href":"https:\/\/tajkertesz.com\/en_US\/wp-json\/wp\/v2\/product_tag?post=2029"}],"curies":[{"name":"wp","href":"https:\/\/api.w.org\/{rel}","templated":true}]}}