{"id":20340,"date":"2024-10-12T12:10:07","date_gmt":"2024-10-12T12:10:07","guid":{"rendered":"https:\/\/tajkertesz.com\/?post_type=product&#038;p=20340"},"modified":"2026-02-24T09:11:02","modified_gmt":"2026-02-24T09:11:02","slug":"aucuba-japonica-crotonifolia-gold-japan-babersom","status":"publish","type":"product","link":"https:\/\/tajkertesz.com\/en_US\/product\/aucuba-japonica-crotonifolia-gold-japan-babersom\/","title":{"rendered":"Aucuba japonica &#8216;Crotonifolia Gold&#8217; &#8211; Jap\u00e1n bab\u00e9rsom"},"content":{"rendered":"<h1>Aucuba japonica &#8216;Crotonifolia Gold&#8217; &#8211; Jap\u00e1n bab\u00e9rsom<\/h1>\n<p>Az Aucuba japonica &#8216;Crotonifolia Gold&#8217; &#8211; Jap\u00e1n bab\u00e9rsom, egy rendk\u00edv\u00fcl dekorat\u00edv, \u00f6r\u00f6kz\u00f6ld cserje, amely k\u00fcl\u00f6nleges leveleivel \u00e9s \u00e9l\u00e9nk sz\u00edneivel t\u0171nik ki. Ez a n\u00f6v\u00e9ny Jap\u00e1nb\u00f3l sz\u00e1rmazik, \u00e9s a Garryaceae csal\u00e1d tagja.<\/p>\n<h2>Aucuba japonica &#8216;Crotonifolia Gold&#8217; <span style=\"font-size: 26px;\">jellemz\u0151i<\/span><\/h2>\n<p>M\u00e9ret \u00e9s n\u00f6veked\u00e9s: A tarka level\u0171 jap\u00e1n bab\u00e9rsom lass\u00fa n\u00f6veked\u00e9s\u0171, v\u00e9gs\u0151 magass\u00e1g\u00e1t 2-3 m\u00e9ter k\u00f6z\u00f6tt \u00e9ri el, m\u00edg sz\u00e9less\u00e9ge 1,5-2 m\u00e9ter lehet13. Kompakt, s\u0171r\u0171 \u00e1grendszer\u00e9vel \u00e9s vastag vessz\u0151ivel ide\u00e1lis v\u00e1laszt\u00e1s s\u00f6v\u00e9nyekhez vagy szoliter n\u00f6v\u00e9nyk\u00e9nt is.<\/p>\n<p>Lombozat: Levelei b\u0151rszer\u0171ek, f\u00e9nyesek \u00e9s 10-20 cm hossz\u00faak, s\u00e1rga foltokkal d\u00edsz\u00edtettek. A levelek alapsz\u00edne s\u00e1rg\u00e1sz\u00f6ld, amely a napos r\u00e9szeken vil\u00e1gosabb, m\u00edg az \u00e1rny\u00e9kos r\u00e9szeken s\u00f6t\u00e9tebb z\u00f6ld, \u00edgy a foltoss\u00e1g kontrasztosabb.<\/p>\n<p>Vir\u00e1gz\u00e1s \u00e9s term\u00e9s: A n\u00f6v\u00e9ny apr\u00f3, lil\u00e1s vir\u00e1gai m\u00e1jus-j\u00faniusban ny\u00edlnak, de nem t\u00fal felt\u0171n\u0151ek13. A term\u0151s egyedek k\u00e9s\u0151 \u0151sszel f\u00e9nyl\u0151, piros bogy\u00f3kat hoznak, amelyek tov\u00e1bb d\u00edsz\u00edtik a n\u00f6v\u00e9nyt12. A bogy\u00f3k megjelen\u00e9s\u00e9hez sz\u00fcks\u00e9g van egy porz\u00f3s egyed k\u00f6zels\u00e9g\u00e9re is1.<\/p>\n<h3>Jap\u00e1n bab\u00e9rsom gondoz\u00e1sa<\/h3>\n<p>F\u00e9nyig\u00e9ny: F\u00e9l\u00e1rny\u00e9kos vagy \u00e1rny\u00e9kos helyen \u00e9rzi mag\u00e1t a legjobban. A keleti fekv\u00e9s\u0171 napos helyeket is elviseli, de a levelek sz\u00edne intenz\u00edvebb lesz \u00e1rny\u00e9kban. \u00d3vjuk a n\u00f6v\u00e9nyt a t\u0171z\u0151 napt\u00f3l, mert meg\u00e9getheti a leveleit.<br \/>\nTalaj: Laza, j\u00f3 v\u00edzelvezet\u00e9s\u0171, t\u00e1panyagd\u00fas, enyh\u00e9n savany\u00fa vagy semleges talajt r\u00e9szes\u00edt el\u0151nyben.<br \/>\n\u00d6nt\u00f6z\u00e9s: K\u00f6zepes v\u00edzig\u00e9ny\u0171, a t\u00fal\u00f6nt\u00f6z\u00e9st rosszabbul viseli, mint a sz\u00e1razs\u00e1got. Az \u00fcltet\u00e9s ut\u00e1ni els\u0151 egy-k\u00e9t \u00e9vben rendszeres \u00f6nt\u00f6z\u00e9st ig\u00e9nyel, m\u00edg j\u00f3l begy\u00f6keresedik.<br \/>\nMetsz\u00e9s: J\u00f3l t\u0171ri a metsz\u00e9st, amelyet kora tavasszal \u00e9rdemes elv\u00e9gezni. Az id\u0151s, felkopaszodott r\u00e9szeket a f\u00f6ld felett hatvan centire vissza lehet v\u00e1gni.<br \/>\nT\u00e9l\u00e1ll\u00f3s\u00e1g: A fiatal n\u00f6v\u00e9nyek fagy\u00e9rz\u00e9kenyek, ez\u00e9rt v\u00e9dett helyre \u00fcltess\u00fck \u0151ket. T\u00e9len a t\u00f6v\u00fcket takarjuk lombbal vagy feny\u0151k\u00e9reggel, hogy megv\u00e9dj\u00fck a hidegt\u0151l.<\/p>\n<p>Felhaszn\u00e1l\u00e1s: A tarka level\u0171 jap\u00e1n bab\u00e9rsom kiv\u00e1l\u00f3an alkalmas el\u0151kertekbe, szeg\u00e9lyn\u00f6v\u00e9nyk\u00e9nt, vagy ak\u00e1r ed\u00e9nyes n\u00f6v\u00e9nyk\u00e9nt is. Sz\u00ednes lombozata \u00e9s bogy\u00f3i miatt eg\u00e9sz \u00e9vben d\u00edsz\u00edti a kertet.<\/p>\n<p>Sz\u00ednes lombozata \u00e9s bogy\u00f3i miatt eg\u00e9sz \u00e9vben d\u00edsz\u00edti a kertet.<\/p>\n<p>Jelenlegi term\u00e9k\u00fcnk 60-80 cm magas, 10 literes kont\u00e9nerben kaphat\u00f3.<\/p>\n<p>&nbsp;<\/p>\n<div>\n<p><strong>K\u00e9szlet\u00fcnk napi szinten v\u00e1ltozik, ez\u00e9rt k\u00e9rj\u00fck, \u00e9rdekl\u0151dj\u00f6n szem\u00e9lyesen, telefonon vagy email-en.<br \/>\nA v\u00e1ltoztat\u00e1s jog\u00e1t fenntartjuk!\u00a0<\/strong><\/p>\n<p><a href=\"https:\/\/tajkertesz.com\/\">https:\/\/tajkertesz.com\/<\/a><\/p>\n<p><a href=\"https:\/\/www.facebook.com\/tajkertesz\/\">https:\/\/www.facebook.com\/tajkertesz\/<\/a><\/p>\n<p>Kisz\u00e1ll\u00edt\u00e1s: 200cm-ig \u00a0\u00e9s 40 kg-ig a sz\u00e1ll\u00edt\u00e1s fut\u00e1rszolg\u00e1lattal \u00a0t\u00f6rt\u00e9nik.<\/p>\n<p>Szem\u00e9lyes \u00e1tv\u00e9tel nyitvatart\u00e1si id\u0151ben a 17. ker\u00fclet Bakancsos utca 7. sz\u00e1m alatti Kert\u00e9szeti \u00e1rud\u00e1nkban.<\/p>\n<\/div>","protected":false},"excerpt":{"rendered":"<p>Magass\u00e1ga: 60\/80cm<\/p>\n<p>Kont\u00e9ner m\u00e9rete: 10L<\/p>\n<p>1-2 m magasra n\u0151v\u0151 \u00f6r\u00f6kz\u00f6ld cserje, levelei s\u00e1rga-tark\u00e1k, term\u00e9se piros sz\u00edn\u0171. T\u00e1pd\u00fas, \u00fcde talajba, p\u00e1r\u00e1s, f\u00e9l\u00e1rny\u00e9kos-\u00e1rny\u00e9kos helyre \u00fcltess\u00fck!<\/p>","protected":false},"featured_media":20342,"template":"","meta":{"_et_pb_use_builder":"","_et_pb_old_content":"","_et_gb_content_width":""},"product_brand":[],"product_cat":[27,26],"product_tag":[5169,863,865],"class_list":{"0":"post-20340","1":"product","2":"type-product","3":"status-publish","4":"has-post-thumbnail","6":"product_cat-cserjek","7":"product_cat-orokzold-novenyek","8":"product_tag-aucuba","9":"product_tag-aucuba-japonica","10":"product_tag-babersom","12":"first","13":"instock","14":"shipping-taxable","15":"purchasable","16":"product-type-simple"},"yoast_head":"<!-- This site is optimized with the Yoast SEO plugin v27.3 - https:\/\/yoast.com\/product\/yoast-seo-wordpress\/ -->\n<title>Aucuba japonica &#039;Crotonifolia Gold&#039; - Jap\u00e1n bab\u00e9rsom - T\u00e1jkert\u00e9sz<\/title>\n<meta name=\"description\" content=\"Aucuba japonica &#039;Crotonifolia Gold&#039; - Jap\u00e1n bab\u00e9rsom1-2 m magasra n\u0151v\u0151 \u00f6r\u00f6kz\u00f6ld cserje, levelei s\u00e1rga-tark\u00e1k, f\u00e9l\u00e1rny\u00e9kos-\u00e1rny\u00e9kos helyre \u00fcltess\u00fck!\" \/>\n<meta name=\"robots\" content=\"index, follow, max-snippet:-1, max-image-preview:large, max-video-preview:-1\" \/>\n<link rel=\"canonical\" href=\"https:\/\/tajkertesz.com\/en_US\/product\/aucuba-japonica-crotonifolia-gold-japan-babersom\/\" \/>\n<meta property=\"og:locale\" content=\"en_US\" \/>\n<meta property=\"og:type\" content=\"article\" \/>\n<meta property=\"og:title\" content=\"Aucuba japonica &#039;Crotonifolia Gold&#039; - Jap\u00e1n bab\u00e9rsom - T\u00e1jkert\u00e9sz\" \/>\n<meta property=\"og:description\" content=\"Aucuba japonica &#039;Crotonifolia Gold&#039; - Jap\u00e1n bab\u00e9rsom1-2 m magasra n\u0151v\u0151 \u00f6r\u00f6kz\u00f6ld cserje, levelei s\u00e1rga-tark\u00e1k, f\u00e9l\u00e1rny\u00e9kos-\u00e1rny\u00e9kos helyre \u00fcltess\u00fck!\" \/>\n<meta property=\"og:url\" content=\"https:\/\/tajkertesz.com\/en_US\/product\/aucuba-japonica-crotonifolia-gold-japan-babersom\/\" \/>\n<meta property=\"og:site_name\" content=\"T\u00e1jkert\u00e9sz\" \/>\n<meta property=\"article:publisher\" content=\"https:\/\/www.facebook.com\/Tajkertesz\/\" \/>\n<meta property=\"article:modified_time\" content=\"2026-02-24T09:11:02+00:00\" \/>\n<meta property=\"og:image\" content=\"https:\/\/tajkertesz.com\/wp-content\/uploads\/2024\/05\/13891.jpg-e1716297537781.webp\" \/>\n\t<meta property=\"og:image:width\" content=\"454\" \/>\n\t<meta property=\"og:image:height\" content=\"694\" \/>\n\t<meta property=\"og:image:type\" content=\"image\/webp\" \/>\n<meta name=\"twitter:card\" content=\"summary_large_image\" \/>\n<meta name=\"twitter:label1\" content=\"Est. reading time\" \/>\n\t<meta name=\"twitter:data1\" content=\"3 minutes\" \/>\n<script type=\"application\/ld+json\" class=\"yoast-schema-graph\">{\"@context\":\"https:\\\/\\\/schema.org\",\"@graph\":[{\"@type\":\"WebPage\",\"@id\":\"https:\\\/\\\/tajkertesz.com\\\/termek\\\/aucuba-japonica-crotonifolia-gold-japan-babersom\\\/\",\"url\":\"https:\\\/\\\/tajkertesz.com\\\/termek\\\/aucuba-japonica-crotonifolia-gold-japan-babersom\\\/\",\"name\":\"Aucuba japonica 'Crotonifolia Gold' - Jap\u00e1n bab\u00e9rsom - T\u00e1jkert\u00e9sz\",\"isPartOf\":{\"@id\":\"https:\\\/\\\/tajkertesz.com\\\/#website\"},\"primaryImageOfPage\":{\"@id\":\"https:\\\/\\\/tajkertesz.com\\\/termek\\\/aucuba-japonica-crotonifolia-gold-japan-babersom\\\/#primaryimage\"},\"image\":{\"@id\":\"https:\\\/\\\/tajkertesz.com\\\/termek\\\/aucuba-japonica-crotonifolia-gold-japan-babersom\\\/#primaryimage\"},\"thumbnailUrl\":\"https:\\\/\\\/tajkertesz.com\\\/wp-content\\\/uploads\\\/2024\\\/05\\\/13891.jpg-e1716297537781.webp\",\"datePublished\":\"2024-10-12T12:10:07+00:00\",\"dateModified\":\"2026-02-24T09:11:02+00:00\",\"description\":\"Aucuba japonica 'Crotonifolia Gold' - Jap\u00e1n bab\u00e9rsom1-2 m magasra n\u0151v\u0151 \u00f6r\u00f6kz\u00f6ld cserje, levelei s\u00e1rga-tark\u00e1k, f\u00e9l\u00e1rny\u00e9kos-\u00e1rny\u00e9kos helyre \u00fcltess\u00fck!\",\"breadcrumb\":{\"@id\":\"https:\\\/\\\/tajkertesz.com\\\/termek\\\/aucuba-japonica-crotonifolia-gold-japan-babersom\\\/#breadcrumb\"},\"inLanguage\":\"en-US\",\"potentialAction\":[{\"@type\":\"ReadAction\",\"target\":[\"https:\\\/\\\/tajkertesz.com\\\/termek\\\/aucuba-japonica-crotonifolia-gold-japan-babersom\\\/\"]}]},{\"@type\":\"ImageObject\",\"inLanguage\":\"en-US\",\"@id\":\"https:\\\/\\\/tajkertesz.com\\\/termek\\\/aucuba-japonica-crotonifolia-gold-japan-babersom\\\/#primaryimage\",\"url\":\"https:\\\/\\\/tajkertesz.com\\\/wp-content\\\/uploads\\\/2024\\\/05\\\/13891.jpg-e1716297537781.webp\",\"contentUrl\":\"https:\\\/\\\/tajkertesz.com\\\/wp-content\\\/uploads\\\/2024\\\/05\\\/13891.jpg-e1716297537781.webp\",\"width\":454,\"height\":694,\"caption\":\"Aucuba japonica 'Crotonifolia Gold' - Jap\u00e1n bab\u00e9rsom\"},{\"@type\":\"BreadcrumbList\",\"@id\":\"https:\\\/\\\/tajkertesz.com\\\/termek\\\/aucuba-japonica-crotonifolia-gold-japan-babersom\\\/#breadcrumb\",\"itemListElement\":[{\"@type\":\"ListItem\",\"position\":1,\"name\":\"Home\",\"item\":\"https:\\\/\\\/tajkertesz.com\\\/\"},{\"@type\":\"ListItem\",\"position\":2,\"name\":\"Kezd\u0151lap\",\"item\":\"https:\\\/\\\/tajkertesz.com\\\/\"},{\"@type\":\"ListItem\",\"position\":3,\"name\":\"Aucuba japonica &#8216;Crotonifolia Gold&#8217; &#8211; Jap\u00e1n bab\u00e9rsom\"}]},{\"@type\":\"WebSite\",\"@id\":\"https:\\\/\\\/tajkertesz.com\\\/#website\",\"url\":\"https:\\\/\\\/tajkertesz.com\\\/\",\"name\":\"T\u00e1j-Kert\u00e9sz 84 Kft.\",\"description\":\"Kert\u00e9szeti kis- \u00e9s nagykeresked\u00e9s, D\u00edszn\u00f6v\u00e9ny web\u00e1ruh\u00e1z orsz\u00e1gos h\u00e1zhozsz\u00e1ll\u00edt\u00e1ssal!\",\"publisher\":{\"@id\":\"https:\\\/\\\/tajkertesz.com\\\/#organization\"},\"potentialAction\":[{\"@type\":\"SearchAction\",\"target\":{\"@type\":\"EntryPoint\",\"urlTemplate\":\"https:\\\/\\\/tajkertesz.com\\\/?s={search_term_string}\"},\"query-input\":{\"@type\":\"PropertyValueSpecification\",\"valueRequired\":true,\"valueName\":\"search_term_string\"}}],\"inLanguage\":\"en-US\"},{\"@type\":\"Organization\",\"@id\":\"https:\\\/\\\/tajkertesz.com\\\/#organization\",\"name\":\"T\u00e1j-Kert\u00e9sz 84 Kft.\",\"url\":\"https:\\\/\\\/tajkertesz.com\\\/\",\"logo\":{\"@type\":\"ImageObject\",\"inLanguage\":\"en-US\",\"@id\":\"https:\\\/\\\/tajkertesz.com\\\/#\\\/schema\\\/logo\\\/image\\\/\",\"url\":\"https:\\\/\\\/tajkertesz.com\\\/wp-content\\\/uploads\\\/2018\\\/02\\\/logo-2-e1518678052539.png\",\"contentUrl\":\"https:\\\/\\\/tajkertesz.com\\\/wp-content\\\/uploads\\\/2018\\\/02\\\/logo-2-e1518678052539.png\",\"width\":81,\"height\":140,\"caption\":\"T\u00e1j-Kert\u00e9sz 84 Kft.\"},\"image\":{\"@id\":\"https:\\\/\\\/tajkertesz.com\\\/#\\\/schema\\\/logo\\\/image\\\/\"},\"sameAs\":[\"https:\\\/\\\/www.facebook.com\\\/Tajkertesz\\\/\"]}]}<\/script>\n<!-- \/ Yoast SEO plugin. -->","yoast_head_json":{"title":"Aucuba japonica 'Crotonifolia Gold' - Jap\u00e1n bab\u00e9rsom - T\u00e1jkert\u00e9sz","description":"Aucuba japonica 'Crotonifolia Gold' - Jap\u00e1n bab\u00e9rsom1-2 m magasra n\u0151v\u0151 \u00f6r\u00f6kz\u00f6ld cserje, levelei s\u00e1rga-tark\u00e1k, f\u00e9l\u00e1rny\u00e9kos-\u00e1rny\u00e9kos helyre \u00fcltess\u00fck!","robots":{"index":"index","follow":"follow","max-snippet":"max-snippet:-1","max-image-preview":"max-image-preview:large","max-video-preview":"max-video-preview:-1"},"canonical":"https:\/\/tajkertesz.com\/en_US\/product\/aucuba-japonica-crotonifolia-gold-japan-babersom\/","og_locale":"en_US","og_type":"article","og_title":"Aucuba japonica 'Crotonifolia Gold' - Jap\u00e1n bab\u00e9rsom - T\u00e1jkert\u00e9sz","og_description":"Aucuba japonica 'Crotonifolia Gold' - Jap\u00e1n bab\u00e9rsom1-2 m magasra n\u0151v\u0151 \u00f6r\u00f6kz\u00f6ld cserje, levelei s\u00e1rga-tark\u00e1k, f\u00e9l\u00e1rny\u00e9kos-\u00e1rny\u00e9kos helyre \u00fcltess\u00fck!","og_url":"https:\/\/tajkertesz.com\/en_US\/product\/aucuba-japonica-crotonifolia-gold-japan-babersom\/","og_site_name":"T\u00e1jkert\u00e9sz","article_publisher":"https:\/\/www.facebook.com\/Tajkertesz\/","article_modified_time":"2026-02-24T09:11:02+00:00","og_image":[{"width":454,"height":694,"url":"https:\/\/tajkertesz.com\/wp-content\/uploads\/2024\/05\/13891.jpg-e1716297537781.webp","type":"image\/webp"}],"twitter_card":"summary_large_image","twitter_misc":{"Est. reading time":"3 minutes"},"schema":{"@context":"https:\/\/schema.org","@graph":[{"@type":"WebPage","@id":"https:\/\/tajkertesz.com\/termek\/aucuba-japonica-crotonifolia-gold-japan-babersom\/","url":"https:\/\/tajkertesz.com\/termek\/aucuba-japonica-crotonifolia-gold-japan-babersom\/","name":"Aucuba japonica 'Crotonifolia Gold' - Jap\u00e1n bab\u00e9rsom - T\u00e1jkert\u00e9sz","isPartOf":{"@id":"https:\/\/tajkertesz.com\/#website"},"primaryImageOfPage":{"@id":"https:\/\/tajkertesz.com\/termek\/aucuba-japonica-crotonifolia-gold-japan-babersom\/#primaryimage"},"image":{"@id":"https:\/\/tajkertesz.com\/termek\/aucuba-japonica-crotonifolia-gold-japan-babersom\/#primaryimage"},"thumbnailUrl":"https:\/\/tajkertesz.com\/wp-content\/uploads\/2024\/05\/13891.jpg-e1716297537781.webp","datePublished":"2024-10-12T12:10:07+00:00","dateModified":"2026-02-24T09:11:02+00:00","description":"Aucuba japonica 'Crotonifolia Gold' - Jap\u00e1n bab\u00e9rsom1-2 m magasra n\u0151v\u0151 \u00f6r\u00f6kz\u00f6ld cserje, levelei s\u00e1rga-tark\u00e1k, f\u00e9l\u00e1rny\u00e9kos-\u00e1rny\u00e9kos helyre \u00fcltess\u00fck!","breadcrumb":{"@id":"https:\/\/tajkertesz.com\/termek\/aucuba-japonica-crotonifolia-gold-japan-babersom\/#breadcrumb"},"inLanguage":"en-US","potentialAction":[{"@type":"ReadAction","target":["https:\/\/tajkertesz.com\/termek\/aucuba-japonica-crotonifolia-gold-japan-babersom\/"]}]},{"@type":"ImageObject","inLanguage":"en-US","@id":"https:\/\/tajkertesz.com\/termek\/aucuba-japonica-crotonifolia-gold-japan-babersom\/#primaryimage","url":"https:\/\/tajkertesz.com\/wp-content\/uploads\/2024\/05\/13891.jpg-e1716297537781.webp","contentUrl":"https:\/\/tajkertesz.com\/wp-content\/uploads\/2024\/05\/13891.jpg-e1716297537781.webp","width":454,"height":694,"caption":"Aucuba japonica 'Crotonifolia Gold' - Jap\u00e1n bab\u00e9rsom"},{"@type":"BreadcrumbList","@id":"https:\/\/tajkertesz.com\/termek\/aucuba-japonica-crotonifolia-gold-japan-babersom\/#breadcrumb","itemListElement":[{"@type":"ListItem","position":1,"name":"Home","item":"https:\/\/tajkertesz.com\/"},{"@type":"ListItem","position":2,"name":"Kezd\u0151lap","item":"https:\/\/tajkertesz.com\/"},{"@type":"ListItem","position":3,"name":"Aucuba japonica &#8216;Crotonifolia Gold&#8217; &#8211; Jap\u00e1n bab\u00e9rsom"}]},{"@type":"WebSite","@id":"https:\/\/tajkertesz.com\/#website","url":"https:\/\/tajkertesz.com\/","name":"T\u00e1j-Kert\u00e9sz 84 Kft.","description":"Kert\u00e9szeti kis- \u00e9s nagykeresked\u00e9s, D\u00edszn\u00f6v\u00e9ny web\u00e1ruh\u00e1z orsz\u00e1gos h\u00e1zhozsz\u00e1ll\u00edt\u00e1ssal!","publisher":{"@id":"https:\/\/tajkertesz.com\/#organization"},"potentialAction":[{"@type":"SearchAction","target":{"@type":"EntryPoint","urlTemplate":"https:\/\/tajkertesz.com\/?s={search_term_string}"},"query-input":{"@type":"PropertyValueSpecification","valueRequired":true,"valueName":"search_term_string"}}],"inLanguage":"en-US"},{"@type":"Organization","@id":"https:\/\/tajkertesz.com\/#organization","name":"T\u00e1j-Kert\u00e9sz 84 Kft.","url":"https:\/\/tajkertesz.com\/","logo":{"@type":"ImageObject","inLanguage":"en-US","@id":"https:\/\/tajkertesz.com\/#\/schema\/logo\/image\/","url":"https:\/\/tajkertesz.com\/wp-content\/uploads\/2018\/02\/logo-2-e1518678052539.png","contentUrl":"https:\/\/tajkertesz.com\/wp-content\/uploads\/2018\/02\/logo-2-e1518678052539.png","width":81,"height":140,"caption":"T\u00e1j-Kert\u00e9sz 84 Kft."},"image":{"@id":"https:\/\/tajkertesz.com\/#\/schema\/logo\/image\/"},"sameAs":["https:\/\/www.facebook.com\/Tajkertesz\/"]}]}},"_links":{"self":[{"href":"https:\/\/tajkertesz.com\/en_US\/wp-json\/wp\/v2\/product\/20340","targetHints":{"allow":["GET"]}}],"collection":[{"href":"https:\/\/tajkertesz.com\/en_US\/wp-json\/wp\/v2\/product"}],"about":[{"href":"https:\/\/tajkertesz.com\/en_US\/wp-json\/wp\/v2\/types\/product"}],"wp:featuredmedia":[{"embeddable":true,"href":"https:\/\/tajkertesz.com\/en_US\/wp-json\/wp\/v2\/media\/20342"}],"wp:attachment":[{"href":"https:\/\/tajkertesz.com\/en_US\/wp-json\/wp\/v2\/media?parent=20340"}],"wp:term":[{"taxonomy":"product_brand","embeddable":true,"href":"https:\/\/tajkertesz.com\/en_US\/wp-json\/wp\/v2\/product_brand?post=20340"},{"taxonomy":"product_cat","embeddable":true,"href":"https:\/\/tajkertesz.com\/en_US\/wp-json\/wp\/v2\/product_cat?post=20340"},{"taxonomy":"product_tag","embeddable":true,"href":"https:\/\/tajkertesz.com\/en_US\/wp-json\/wp\/v2\/product_tag?post=20340"}],"curies":[{"name":"wp","href":"https:\/\/api.w.org\/{rel}","templated":true}]}}