{"id":20346,"date":"2024-05-23T14:05:51","date_gmt":"2024-05-23T14:05:51","guid":{"rendered":"https:\/\/tajkertesz.com\/?post_type=product&#038;p=20346"},"modified":"2026-02-12T15:17:53","modified_gmt":"2026-02-12T15:17:53","slug":"florimo-zoldseg-es-eper-tapoldat","status":"publish","type":"product","link":"https:\/\/tajkertesz.com\/en_US\/product\/florimo-zoldseg-es-eper-tapoldat\/","title":{"rendered":"Florimo z\u00f6lds\u00e9g \u00e9s eper t\u00e1poldat"},"content":{"rendered":"<h2>Florimo z\u00f6lds\u00e9g \u00e9s eper t\u00e1poldat<\/h2>\n<p>Florimo z\u00f6lds\u00e9g \u00e9s eper t\u00e1poldat<\/p>\n<p>Kiszerel\u00e9se: 1L.<\/p>\n<div class=\"elementor-background-overlay\">A konyhakertben \u00e9s f\u00f3li\u00e1ban sokoldal\u00faan haszn\u00e1lhat\u00f3 t\u00e1poldat.<\/div>\n<div class=\"elementor-background-overlay\">A n\u00f6v\u00e9nyek eg\u00e9szs\u00e9ges fejl\u0151d\u00e9s\u00e9hez minden t\u00e1panyagot tartalmaz, \u00edgy biztos\u00edtja a n\u00f6v\u00e9ny er\u0151s sz\u00e1r\u00e1t \u00e9s d\u00fas term\u00e9s\u00e9t, az er\u0151teljesebb n\u00f6v\u00e9ny t\u00f6bb \u00e9s eg\u00e9szs\u00e9gesebb term\u00e9st hoz, \u00e9lettev\u00e9kenys\u00e9ge felgyorsul, egy j\u00f3l kifejlett, er\u0151s n\u00f6v\u00e9ny az id\u0151j\u00e1r\u00e1s viszontags\u00e1gait jobban viseli, a fagy, j\u00e9gver\u00e9s \u00e9s viharok okozta k\u00e1rok fell\u00e9p\u00e9se ut\u00e1n gyors regener\u00e1l\u00f3d\u00e1st biztos\u00edthat.<\/div>\n<div class=\"elementor-background-overlay\">A Vitafl\u00f3ra Eper \u00e9s z\u00f6lds\u00e9g t\u00e1poldattal kezelt n\u00f6v\u00e9ny eg\u00e9szs\u00e9gesebb \u00e9s er\u0151teljesebb, ez\u00e9rt nagyobb szem\u0171, nagyobb mennyis\u00e9g\u0171 \u00e9s jobb min\u0151s\u00e9g\u0171 term\u00e9st hoz.<\/div>\n<div class=\"elementor-background-overlay\">A t\u00e1poldat gazdas\u00e1gos term\u00e9sn\u00f6vel\u0151, min\u0151s\u00e9gjav\u00edt\u00f3, fokozza a n\u00f6v\u00e9nyek ellen\u00e1ll\u00f3 k\u00e9pess\u00e9g\u00e9t, haszn\u00e1lat\u00e1val cs\u00f6kkenthet\u0151 a vegyszerfelhaszn\u00e1l\u00e1s.<\/div>\n<div class=\"elementor-container elementor-column-gap-default\">\n<div class=\"elementor-column elementor-col-100 elementor-inner-column elementor-element elementor-element-7456f26c\" data-id=\"7456f26c\" data-element_type=\"column\">\n<div class=\"elementor-widget-wrap elementor-element-populated\">\n<div class=\"elementor-element elementor-element-2661f5eb elementor-widget elementor-widget-heading\" data-id=\"2661f5eb\" data-element_type=\"widget\" data-widget_type=\"heading.default\">\n<div class=\"elementor-widget-container\">\n<h2 class=\"elementor-heading-title elementor-size-default\">Florimo z\u00f6lds\u00e9g \u00e9s eper t\u00e1poldat felhaszn\u00e1l\u00e1sa<\/h2>\n<\/div>\n<\/div>\n<div class=\"elementor-element elementor-element-68c7feb3 elementor-widget elementor-widget-text-editor\" data-id=\"68c7feb3\" data-element_type=\"widget\" data-widget_type=\"text-editor.default\">\n<div class=\"elementor-widget-container\">\n<p>Z\u00f6lds\u00e9gf\u00e9l\u00e9khez (paprika, paradicsom, uborka, bab, stb.), gy\u00fcm\u00f6lcsh\u00f6z (szam\u00f3ca, eper, m\u00e1lna, ribizli, stb.) az eg\u00e9szs\u00e9ges term\u00e9s\u00e9rt, gy\u00fcm\u00f6lcsf\u00e1khoz lev\u00e9ltr\u00e1gyak\u00e9nt<\/p>\n<div class=\"elementor-container elementor-column-gap-default\">\n<div class=\"elementor-column elementor-col-100 elementor-inner-column elementor-element elementor-element-67e165a9\" data-id=\"67e165a9\" data-element_type=\"column\">\n<div class=\"elementor-widget-wrap elementor-element-populated\">\n<div class=\"elementor-element elementor-element-751de77d elementor-widget elementor-widget-heading\" data-id=\"751de77d\" data-element_type=\"widget\" data-widget_type=\"heading.default\">\n<div class=\"elementor-widget-container\">\n<h2 class=\"elementor-heading-title elementor-size-default\">Hat\u00f3anyagok<\/h2>\n<\/div>\n<\/div>\n<div class=\"elementor-element elementor-element-612e9cd1 elementor-widget elementor-widget-text-editor\" data-id=\"612e9cd1\" data-element_type=\"widget\" data-widget_type=\"text-editor.default\">\n<div class=\"elementor-widget-container\">\n<p>EK m\u0171tr\u00e1gya N: 2,1% P2O5: 3,1% K2O: 3,6% +MgO + mikroelemekkel.<\/p>\n<div class=\"elementor-container elementor-column-gap-default\">\n<div class=\"elementor-column elementor-col-100 elementor-inner-column elementor-element elementor-element-4a4b1f27\" data-id=\"4a4b1f27\" data-element_type=\"column\">\n<div class=\"elementor-widget-wrap elementor-element-populated\">\n<div class=\"elementor-element elementor-element-45e2116f elementor-widget elementor-widget-heading\" data-id=\"45e2116f\" data-element_type=\"widget\" data-widget_type=\"heading.default\">\n<div class=\"elementor-widget-container\">\n<h2 class=\"elementor-heading-title elementor-size-default\">Adagol\u00e1sa:<\/h2>\n<\/div>\n<\/div>\n<div class=\"elementor-element elementor-element-6640a8ca elementor-widget elementor-widget-text-editor\" data-id=\"6640a8ca\" data-element_type=\"widget\" data-widget_type=\"text-editor.default\">\n<div class=\"elementor-widget-container\">\n<p>Az \u00f6nt\u00f6z\u0151v\u00edzhez adagolva haszn\u00e1lhat\u00f3 tavaszt\u00f3l \u0151szig 1-2 hetente 3 kupak (105 ml)\/5 liter \u00f6nt\u00f6z\u0151v\u00edz t\u00f6m\u00e9nys\u00e9gben, gy\u00fcm\u00f6lcsf\u00e1k lev\u00e9ltr\u00e1gy\u00e1z\u00e1s\u00e1ra 2 hetente 3 kupak (105 ml)\/5 liter \u00f6nt\u00f6z\u0151v\u00edz t\u00f6m\u00e9nys\u00e9gben. Ker\u00fclj\u00fck a t\u00faladagol\u00e1st! A t\u00f6m\u00e9ny oldat a n\u00f6v\u00e9nyen perzsel\u00e9st okozhat.<\/p>\n<p><strong>\u00d6sszet\u00e9tel:<\/strong> NPK vizes t\u00e1poldat kelatiz\u00e1lt mikroelemekkel.<br \/>\nKarbamid, k\u00e1lium- foszf\u00e1t \u00e9s\/vagy nitr\u00e1t s\u00f3inak valamint nyomelemeknek elegye. A kever\u00e9k nem tartalmaz eml\u00edt\u00e9sre<br \/>\nm\u00e9lt\u00f3 mennyis\u00e9gben eg\u00e9szs\u00e9gre \u00e1rtalmas alkot\u00f3r\u00e9szt.<\/p>\n<p>T\u00f6meg:\u00a0<b>1,05kg<\/b><\/p>\n<p style=\"line-height: 18.0pt; background: white; margin: 0cm 0cm 15.0pt 0cm;\"><b><span style=\"font-family: 'Ubuntu',sans-serif; color: black;\">K\u00e9szlet\u00fcnk napi szinten v\u00e1ltozik, ez\u00e9rt k\u00e9rj\u00fck, \u00e9rdekl\u0151dj\u00f6n szem\u00e9lyesen, telefonon vagy email-en.<br \/>\nA v\u00e1ltoztat\u00e1s jog\u00e1t fenntartjuk!\u00a0<\/span><\/b><\/p>\n<p><a href=\"https:\/\/tajkertesz.com\/\">https:\/\/tajkertesz.com\/<\/a><\/p>\n<p><a href=\"https:\/\/www.facebook.com\/tajkertesz\/\">https:\/\/www.facebook.com\/tajkertesz\/<\/a><\/p>\n<p>Kisz\u00e1ll\u00edt\u00e1s: 200cm-ig \u00e9s 40 kg-ig a sz\u00e1ll\u00edt\u00e1s fut\u00e1rszolg\u00e1lattal t\u00f6rt\u00e9nik.<\/p>\n<p>Szem\u00e9lyes \u00e1tv\u00e9tel nyitvatart\u00e1si id\u0151ben a 17. ker\u00fclet Bakancsos utca 7. sz\u00e1m alatti Kert\u00e9szeti \u00e1rud\u00e1nkban.<\/p>\n<p>Kert\u00e9p\u00edt\u0151k \u00e9s viszontelad\u00f3k regisztr\u00e1l\u00e1s ut\u00e1n egyedi kedvezm\u00e9nnyel v\u00e1s\u00e1rolhatnak kert\u00e9szeti kis-\u00e9s nagykeresked\u00e9s\u00fcnkben.<\/p>\n<\/div>\n<\/div>\n<\/div>\n<\/div>\n<\/div>\n<p>&nbsp;<\/p>\n<\/div>\n<\/div>\n<\/div>\n<\/div>\n<\/div>\n<\/div>\n<\/div>\n<\/div>\n<\/div>\n<\/div>","protected":false},"excerpt":{"rendered":"<p><strong>Felhaszn\u00e1l\u00e1s<\/strong><br \/>\nZ\u00f6lds\u00e9gf\u00e9l\u00e9khez (paprika, paradicsom, uborka, bab, stb.), gy\u00fcm\u00f6lcsh\u00f6z (szam\u00f3ca, eper, m\u00e1lna, ribizli, stb.) az eg\u00e9szs\u00e9ges term\u00e9s\u00e9rt, gy\u00fcm\u00f6lcsf\u00e1khoz lev\u00e9ltr\u00e1gyak\u00e9nt.<\/p>\n<p>Kiszerel\u00e9s: 1L<\/p>","protected":false},"featured_media":20347,"template":"","meta":{"_et_pb_use_builder":"","_et_pb_old_content":"","_et_gb_content_width":""},"product_brand":[],"product_cat":[5055],"product_tag":[690,1459,705,4104,1450,1466],"class_list":{"0":"post-20346","1":"product","2":"type-product","3":"status-publish","4":"has-post-thumbnail","6":"product_cat-florimo-tapoldatok","7":"product_tag-eper","8":"product_tag-florimo","9":"product_tag-mutragya","10":"product_tag-tapanyag","11":"product_tag-tapoldat","12":"product_tag-zoldseg","14":"first","15":"instock","16":"shipping-taxable","17":"purchasable","18":"product-type-simple"},"yoast_head":"<!-- This site is optimized with the Yoast SEO plugin v27.3 - https:\/\/yoast.com\/product\/yoast-seo-wordpress\/ -->\n<title>Florimo z\u00f6lds\u00e9g \u00e9s eper t\u00e1poldat - T\u00e1jkert\u00e9sz<\/title>\n<meta name=\"description\" content=\"Florimo z\u00f6lds\u00e9g \u00e9s eper t\u00e1poldat. Z\u00f6lds\u00e9gf\u00e9l\u00e9khez, gy\u00fcm\u00f6lcsh\u00f6z (szam\u00f3ca, eper, m\u00e1lna, ribizli, stb.) az eg\u00e9szs\u00e9ges term\u00e9s\u00e9rt, gy\u00fcm\u00f6lcsf\u00e1khoz\" \/>\n<meta name=\"robots\" content=\"index, follow, max-snippet:-1, max-image-preview:large, max-video-preview:-1\" \/>\n<link rel=\"canonical\" href=\"https:\/\/tajkertesz.com\/en_US\/product\/florimo-zoldseg-es-eper-tapoldat\/\" \/>\n<meta property=\"og:locale\" content=\"en_US\" \/>\n<meta property=\"og:type\" content=\"article\" \/>\n<meta property=\"og:title\" content=\"Florimo z\u00f6lds\u00e9g \u00e9s eper t\u00e1poldat - T\u00e1jkert\u00e9sz\" \/>\n<meta property=\"og:description\" content=\"Florimo z\u00f6lds\u00e9g \u00e9s eper t\u00e1poldat. Z\u00f6lds\u00e9gf\u00e9l\u00e9khez, gy\u00fcm\u00f6lcsh\u00f6z (szam\u00f3ca, eper, m\u00e1lna, ribizli, stb.) az eg\u00e9szs\u00e9ges term\u00e9s\u00e9rt, gy\u00fcm\u00f6lcsf\u00e1khoz\" \/>\n<meta property=\"og:url\" content=\"https:\/\/tajkertesz.com\/en_US\/product\/florimo-zoldseg-es-eper-tapoldat\/\" \/>\n<meta property=\"og:site_name\" content=\"T\u00e1jkert\u00e9sz\" \/>\n<meta property=\"article:publisher\" content=\"https:\/\/www.facebook.com\/Tajkertesz\/\" \/>\n<meta property=\"article:modified_time\" content=\"2026-02-12T15:17:53+00:00\" \/>\n<meta property=\"og:image\" content=\"https:\/\/tajkertesz.com\/wp-content\/uploads\/2024\/05\/zoldsegeper_tapoldat.png\" \/>\n\t<meta property=\"og:image:width\" content=\"600\" \/>\n\t<meta property=\"og:image:height\" content=\"929\" \/>\n\t<meta property=\"og:image:type\" content=\"image\/png\" \/>\n<meta name=\"twitter:card\" content=\"summary_large_image\" \/>\n<meta name=\"twitter:label1\" content=\"Est. reading time\" \/>\n\t<meta name=\"twitter:data1\" content=\"2 minutes\" \/>\n<script type=\"application\/ld+json\" class=\"yoast-schema-graph\">{\"@context\":\"https:\\\/\\\/schema.org\",\"@graph\":[{\"@type\":\"WebPage\",\"@id\":\"https:\\\/\\\/tajkertesz.com\\\/termek\\\/florimo-zoldseg-es-eper-tapoldat\\\/\",\"url\":\"https:\\\/\\\/tajkertesz.com\\\/termek\\\/florimo-zoldseg-es-eper-tapoldat\\\/\",\"name\":\"Florimo z\u00f6lds\u00e9g \u00e9s eper t\u00e1poldat - T\u00e1jkert\u00e9sz\",\"isPartOf\":{\"@id\":\"https:\\\/\\\/tajkertesz.com\\\/#website\"},\"primaryImageOfPage\":{\"@id\":\"https:\\\/\\\/tajkertesz.com\\\/termek\\\/florimo-zoldseg-es-eper-tapoldat\\\/#primaryimage\"},\"image\":{\"@id\":\"https:\\\/\\\/tajkertesz.com\\\/termek\\\/florimo-zoldseg-es-eper-tapoldat\\\/#primaryimage\"},\"thumbnailUrl\":\"https:\\\/\\\/tajkertesz.com\\\/wp-content\\\/uploads\\\/2024\\\/05\\\/zoldsegeper_tapoldat.png\",\"datePublished\":\"2024-05-23T14:05:51+00:00\",\"dateModified\":\"2026-02-12T15:17:53+00:00\",\"description\":\"Florimo z\u00f6lds\u00e9g \u00e9s eper t\u00e1poldat. Z\u00f6lds\u00e9gf\u00e9l\u00e9khez, gy\u00fcm\u00f6lcsh\u00f6z (szam\u00f3ca, eper, m\u00e1lna, ribizli, stb.) az eg\u00e9szs\u00e9ges term\u00e9s\u00e9rt, gy\u00fcm\u00f6lcsf\u00e1khoz\",\"breadcrumb\":{\"@id\":\"https:\\\/\\\/tajkertesz.com\\\/termek\\\/florimo-zoldseg-es-eper-tapoldat\\\/#breadcrumb\"},\"inLanguage\":\"en-US\",\"potentialAction\":[{\"@type\":\"ReadAction\",\"target\":[\"https:\\\/\\\/tajkertesz.com\\\/termek\\\/florimo-zoldseg-es-eper-tapoldat\\\/\"]}]},{\"@type\":\"ImageObject\",\"inLanguage\":\"en-US\",\"@id\":\"https:\\\/\\\/tajkertesz.com\\\/termek\\\/florimo-zoldseg-es-eper-tapoldat\\\/#primaryimage\",\"url\":\"https:\\\/\\\/tajkertesz.com\\\/wp-content\\\/uploads\\\/2024\\\/05\\\/zoldsegeper_tapoldat.png\",\"contentUrl\":\"https:\\\/\\\/tajkertesz.com\\\/wp-content\\\/uploads\\\/2024\\\/05\\\/zoldsegeper_tapoldat.png\",\"width\":600,\"height\":929,\"caption\":\"Florimo z\u00f6lds\u00e9g \u00e9s eper t\u00e1poldat\"},{\"@type\":\"BreadcrumbList\",\"@id\":\"https:\\\/\\\/tajkertesz.com\\\/termek\\\/florimo-zoldseg-es-eper-tapoldat\\\/#breadcrumb\",\"itemListElement\":[{\"@type\":\"ListItem\",\"position\":1,\"name\":\"Home\",\"item\":\"https:\\\/\\\/tajkertesz.com\\\/\"},{\"@type\":\"ListItem\",\"position\":2,\"name\":\"Kezd\u0151lap\",\"item\":\"https:\\\/\\\/tajkertesz.com\\\/\"},{\"@type\":\"ListItem\",\"position\":3,\"name\":\"Florimo z\u00f6lds\u00e9g \u00e9s eper t\u00e1poldat\"}]},{\"@type\":\"WebSite\",\"@id\":\"https:\\\/\\\/tajkertesz.com\\\/#website\",\"url\":\"https:\\\/\\\/tajkertesz.com\\\/\",\"name\":\"T\u00e1j-Kert\u00e9sz 84 Kft.\",\"description\":\"Kert\u00e9szeti kis- \u00e9s nagykeresked\u00e9s, D\u00edszn\u00f6v\u00e9ny web\u00e1ruh\u00e1z orsz\u00e1gos h\u00e1zhozsz\u00e1ll\u00edt\u00e1ssal!\",\"publisher\":{\"@id\":\"https:\\\/\\\/tajkertesz.com\\\/#organization\"},\"potentialAction\":[{\"@type\":\"SearchAction\",\"target\":{\"@type\":\"EntryPoint\",\"urlTemplate\":\"https:\\\/\\\/tajkertesz.com\\\/?s={search_term_string}\"},\"query-input\":{\"@type\":\"PropertyValueSpecification\",\"valueRequired\":true,\"valueName\":\"search_term_string\"}}],\"inLanguage\":\"en-US\"},{\"@type\":\"Organization\",\"@id\":\"https:\\\/\\\/tajkertesz.com\\\/#organization\",\"name\":\"T\u00e1j-Kert\u00e9sz 84 Kft.\",\"url\":\"https:\\\/\\\/tajkertesz.com\\\/\",\"logo\":{\"@type\":\"ImageObject\",\"inLanguage\":\"en-US\",\"@id\":\"https:\\\/\\\/tajkertesz.com\\\/#\\\/schema\\\/logo\\\/image\\\/\",\"url\":\"https:\\\/\\\/tajkertesz.com\\\/wp-content\\\/uploads\\\/2018\\\/02\\\/logo-2-e1518678052539.png\",\"contentUrl\":\"https:\\\/\\\/tajkertesz.com\\\/wp-content\\\/uploads\\\/2018\\\/02\\\/logo-2-e1518678052539.png\",\"width\":81,\"height\":140,\"caption\":\"T\u00e1j-Kert\u00e9sz 84 Kft.\"},\"image\":{\"@id\":\"https:\\\/\\\/tajkertesz.com\\\/#\\\/schema\\\/logo\\\/image\\\/\"},\"sameAs\":[\"https:\\\/\\\/www.facebook.com\\\/Tajkertesz\\\/\"]}]}<\/script>\n<!-- \/ Yoast SEO plugin. -->","yoast_head_json":{"title":"Florimo z\u00f6lds\u00e9g \u00e9s eper t\u00e1poldat - T\u00e1jkert\u00e9sz","description":"Florimo z\u00f6lds\u00e9g \u00e9s eper t\u00e1poldat. Z\u00f6lds\u00e9gf\u00e9l\u00e9khez, gy\u00fcm\u00f6lcsh\u00f6z (szam\u00f3ca, eper, m\u00e1lna, ribizli, stb.) az eg\u00e9szs\u00e9ges term\u00e9s\u00e9rt, gy\u00fcm\u00f6lcsf\u00e1khoz","robots":{"index":"index","follow":"follow","max-snippet":"max-snippet:-1","max-image-preview":"max-image-preview:large","max-video-preview":"max-video-preview:-1"},"canonical":"https:\/\/tajkertesz.com\/en_US\/product\/florimo-zoldseg-es-eper-tapoldat\/","og_locale":"en_US","og_type":"article","og_title":"Florimo z\u00f6lds\u00e9g \u00e9s eper t\u00e1poldat - T\u00e1jkert\u00e9sz","og_description":"Florimo z\u00f6lds\u00e9g \u00e9s eper t\u00e1poldat. Z\u00f6lds\u00e9gf\u00e9l\u00e9khez, gy\u00fcm\u00f6lcsh\u00f6z (szam\u00f3ca, eper, m\u00e1lna, ribizli, stb.) az eg\u00e9szs\u00e9ges term\u00e9s\u00e9rt, gy\u00fcm\u00f6lcsf\u00e1khoz","og_url":"https:\/\/tajkertesz.com\/en_US\/product\/florimo-zoldseg-es-eper-tapoldat\/","og_site_name":"T\u00e1jkert\u00e9sz","article_publisher":"https:\/\/www.facebook.com\/Tajkertesz\/","article_modified_time":"2026-02-12T15:17:53+00:00","og_image":[{"width":600,"height":929,"url":"https:\/\/tajkertesz.com\/wp-content\/uploads\/2024\/05\/zoldsegeper_tapoldat.png","type":"image\/png"}],"twitter_card":"summary_large_image","twitter_misc":{"Est. reading time":"2 minutes"},"schema":{"@context":"https:\/\/schema.org","@graph":[{"@type":"WebPage","@id":"https:\/\/tajkertesz.com\/termek\/florimo-zoldseg-es-eper-tapoldat\/","url":"https:\/\/tajkertesz.com\/termek\/florimo-zoldseg-es-eper-tapoldat\/","name":"Florimo z\u00f6lds\u00e9g \u00e9s eper t\u00e1poldat - T\u00e1jkert\u00e9sz","isPartOf":{"@id":"https:\/\/tajkertesz.com\/#website"},"primaryImageOfPage":{"@id":"https:\/\/tajkertesz.com\/termek\/florimo-zoldseg-es-eper-tapoldat\/#primaryimage"},"image":{"@id":"https:\/\/tajkertesz.com\/termek\/florimo-zoldseg-es-eper-tapoldat\/#primaryimage"},"thumbnailUrl":"https:\/\/tajkertesz.com\/wp-content\/uploads\/2024\/05\/zoldsegeper_tapoldat.png","datePublished":"2024-05-23T14:05:51+00:00","dateModified":"2026-02-12T15:17:53+00:00","description":"Florimo z\u00f6lds\u00e9g \u00e9s eper t\u00e1poldat. Z\u00f6lds\u00e9gf\u00e9l\u00e9khez, gy\u00fcm\u00f6lcsh\u00f6z (szam\u00f3ca, eper, m\u00e1lna, ribizli, stb.) az eg\u00e9szs\u00e9ges term\u00e9s\u00e9rt, gy\u00fcm\u00f6lcsf\u00e1khoz","breadcrumb":{"@id":"https:\/\/tajkertesz.com\/termek\/florimo-zoldseg-es-eper-tapoldat\/#breadcrumb"},"inLanguage":"en-US","potentialAction":[{"@type":"ReadAction","target":["https:\/\/tajkertesz.com\/termek\/florimo-zoldseg-es-eper-tapoldat\/"]}]},{"@type":"ImageObject","inLanguage":"en-US","@id":"https:\/\/tajkertesz.com\/termek\/florimo-zoldseg-es-eper-tapoldat\/#primaryimage","url":"https:\/\/tajkertesz.com\/wp-content\/uploads\/2024\/05\/zoldsegeper_tapoldat.png","contentUrl":"https:\/\/tajkertesz.com\/wp-content\/uploads\/2024\/05\/zoldsegeper_tapoldat.png","width":600,"height":929,"caption":"Florimo z\u00f6lds\u00e9g \u00e9s eper t\u00e1poldat"},{"@type":"BreadcrumbList","@id":"https:\/\/tajkertesz.com\/termek\/florimo-zoldseg-es-eper-tapoldat\/#breadcrumb","itemListElement":[{"@type":"ListItem","position":1,"name":"Home","item":"https:\/\/tajkertesz.com\/"},{"@type":"ListItem","position":2,"name":"Kezd\u0151lap","item":"https:\/\/tajkertesz.com\/"},{"@type":"ListItem","position":3,"name":"Florimo z\u00f6lds\u00e9g \u00e9s eper t\u00e1poldat"}]},{"@type":"WebSite","@id":"https:\/\/tajkertesz.com\/#website","url":"https:\/\/tajkertesz.com\/","name":"T\u00e1j-Kert\u00e9sz 84 Kft.","description":"Kert\u00e9szeti kis- \u00e9s nagykeresked\u00e9s, D\u00edszn\u00f6v\u00e9ny web\u00e1ruh\u00e1z orsz\u00e1gos h\u00e1zhozsz\u00e1ll\u00edt\u00e1ssal!","publisher":{"@id":"https:\/\/tajkertesz.com\/#organization"},"potentialAction":[{"@type":"SearchAction","target":{"@type":"EntryPoint","urlTemplate":"https:\/\/tajkertesz.com\/?s={search_term_string}"},"query-input":{"@type":"PropertyValueSpecification","valueRequired":true,"valueName":"search_term_string"}}],"inLanguage":"en-US"},{"@type":"Organization","@id":"https:\/\/tajkertesz.com\/#organization","name":"T\u00e1j-Kert\u00e9sz 84 Kft.","url":"https:\/\/tajkertesz.com\/","logo":{"@type":"ImageObject","inLanguage":"en-US","@id":"https:\/\/tajkertesz.com\/#\/schema\/logo\/image\/","url":"https:\/\/tajkertesz.com\/wp-content\/uploads\/2018\/02\/logo-2-e1518678052539.png","contentUrl":"https:\/\/tajkertesz.com\/wp-content\/uploads\/2018\/02\/logo-2-e1518678052539.png","width":81,"height":140,"caption":"T\u00e1j-Kert\u00e9sz 84 Kft."},"image":{"@id":"https:\/\/tajkertesz.com\/#\/schema\/logo\/image\/"},"sameAs":["https:\/\/www.facebook.com\/Tajkertesz\/"]}]}},"_links":{"self":[{"href":"https:\/\/tajkertesz.com\/en_US\/wp-json\/wp\/v2\/product\/20346","targetHints":{"allow":["GET"]}}],"collection":[{"href":"https:\/\/tajkertesz.com\/en_US\/wp-json\/wp\/v2\/product"}],"about":[{"href":"https:\/\/tajkertesz.com\/en_US\/wp-json\/wp\/v2\/types\/product"}],"wp:featuredmedia":[{"embeddable":true,"href":"https:\/\/tajkertesz.com\/en_US\/wp-json\/wp\/v2\/media\/20347"}],"wp:attachment":[{"href":"https:\/\/tajkertesz.com\/en_US\/wp-json\/wp\/v2\/media?parent=20346"}],"wp:term":[{"taxonomy":"product_brand","embeddable":true,"href":"https:\/\/tajkertesz.com\/en_US\/wp-json\/wp\/v2\/product_brand?post=20346"},{"taxonomy":"product_cat","embeddable":true,"href":"https:\/\/tajkertesz.com\/en_US\/wp-json\/wp\/v2\/product_cat?post=20346"},{"taxonomy":"product_tag","embeddable":true,"href":"https:\/\/tajkertesz.com\/en_US\/wp-json\/wp\/v2\/product_tag?post=20346"}],"curies":[{"name":"wp","href":"https:\/\/api.w.org\/{rel}","templated":true}]}}