{"id":2035,"date":"2020-08-04T12:24:17","date_gmt":"2020-08-04T12:24:17","guid":{"rendered":"https:\/\/tajkertesz.com\/?post_type=product&#038;p=2035"},"modified":"2026-04-07T06:24:30","modified_gmt":"2026-04-07T06:24:30","slug":"imperata-cylindrica-red-baron-japan-verfu-alangfu","status":"publish","type":"product","link":"https:\/\/tajkertesz.com\/en_US\/product\/imperata-cylindrica-red-baron-japan-verfu-alangfu\/","title":{"rendered":"Imperata cylindrica &#8216;Red Baron&#8217; &#8211; Jap\u00e1n v\u00e9rf\u0171"},"content":{"rendered":"<p>Imperata cylindrica &#8216;Red Baron&#8217; &#8211; Jap\u00e1n v\u00e9rf\u0171<\/p>\n<h3><span style=\"color: #666666; font-size: 14px;\">Az Imperata cylindrica &#8216;Red Baron&#8217; &#8211; Jap\u00e1n v\u00e9rf\u0171<\/span><span style=\"color: #666666; font-size: 14px;\">\u00a0egy l\u00e1tv\u00e1nyos, pirosra sz\u00ednez\u0151d\u0151 lomb\u00fa d\u00edszf\u0171, amely garant\u00e1ltan felh\u00edvja mag\u00e1ra a figyelmet b\u00e1rmelyik \u00e9vel\u0151\u00e1gy\u00e1sban vagy kerti \u00f6ssze\u00fcltet\u00e9sben.<\/span><\/h3>\n<p data-start=\"736\" data-end=\"1023\">Fiatal levelei z\u00f6ld sz\u00edn\u0171ek, de ahogy fejl\u0151dnek, fokozatosan <strong data-start=\"797\" data-end=\"821\">m\u00e9lyv\u00f6r\u00f6s \u00e1rnyalatot<\/strong> vesznek fel, \u0151szre pedig szinte az eg\u00e9sz n\u00f6v\u00e9ny <strong data-start=\"870\" data-end=\"893\">l\u00e1ngol\u00f3 b\u00edbor-piros<\/strong> lesz. Bokrosod\u00f3 n\u00f6veked\u00e9s\u0171, <strong data-start=\"922\" data-end=\"948\">nem terjed agressz\u00edven<\/strong>, \u00edgy kisebb kertekbe, szeg\u00e9lyekbe \u00e9s ak\u00e1r kont\u00e9neres tart\u00e1sra is kiv\u00e1l\u00f3.<\/p>\n<p data-start=\"1028\" data-end=\"1237\">K\u00f6nnyen gondozhat\u00f3, <strong data-start=\"1048\" data-end=\"1083\">napos helyen mutat a legszebben<\/strong>, de f\u00e9l\u00e1rny\u00e9kban is meg\u00e9l. Talajban nem v\u00e1logat, csak ne legyen t\u00falzottan sz\u00e1raz. <strong data-start=\"1166\" data-end=\"1199\">Rendszeres \u00f6nt\u00f6z\u00e9s \u00e9s napf\u00e9ny<\/strong> hat\u00e1s\u00e1ra a legintenz\u00edvebb a lombsz\u00edn.<\/p>\n<h4 data-start=\"1239\" data-end=\"1262\">\ud83c\udf3f F\u0151bb jellemz\u0151k:<\/h4>\n<ul data-start=\"1263\" data-end=\"1507\">\n<li data-start=\"1263\" data-end=\"1287\">\n<p data-start=\"1265\" data-end=\"1287\"><strong data-start=\"1265\" data-end=\"1277\">Magass\u00e1g<\/strong>: 40\u201360 cm<\/p>\n<\/li>\n<li data-start=\"1288\" data-end=\"1343\">\n<p data-start=\"1290\" data-end=\"1343\"><strong data-start=\"1290\" data-end=\"1299\">Lev\u00e9l<\/strong>: keskeny, \u00e9l\u00e9nk z\u00f6ld \u2192 m\u00e9lyv\u00f6r\u00f6s sz\u00ednez\u0151d\u00e9s<\/p>\n<\/li>\n<li data-start=\"1344\" data-end=\"1378\">\n<p data-start=\"1346\" data-end=\"1378\"><strong data-start=\"1346\" data-end=\"1359\">F\u00e9nyig\u00e9ny<\/strong>: napos \u2013 f\u00e9l\u00e1rny\u00e9k<\/p>\n<\/li>\n<li data-start=\"1379\" data-end=\"1402\">\n<p data-start=\"1381\" data-end=\"1402\"><strong data-start=\"1381\" data-end=\"1393\">V\u00edzig\u00e9ny<\/strong>: k\u00f6zepes<\/p>\n<\/li>\n<li data-start=\"1403\" data-end=\"1447\">\n<p data-start=\"1405\" data-end=\"1447\"><strong data-start=\"1405\" data-end=\"1419\">Talajig\u00e9ny<\/strong>: j\u00f3 v\u00edzelvezet\u00e9s\u0171, humuszos<\/p>\n<\/li>\n<li data-start=\"1448\" data-end=\"1507\">\n<p data-start=\"1450\" data-end=\"1507\"><strong data-start=\"1450\" data-end=\"1464\">T\u00e9l\u00e1ll\u00f3s\u00e1g<\/strong>: j\u00f3 (-15 \u00b0C-ig, takar\u00e1ssal biztons\u00e1gosabb)<\/p>\n<\/li>\n<\/ul>\n<h4 data-start=\"1509\" data-end=\"1539\">\ud83c\udf3c Felhaszn\u00e1l\u00e1si \u00f6tletek:<\/h4>\n<ul data-start=\"1540\" data-end=\"1705\">\n<li data-start=\"1540\" data-end=\"1575\">\n<p data-start=\"1542\" data-end=\"1575\">\u00c9vel\u0151\u00e1gy\u00e1sok sz\u00ednes f\u00f3kuszn\u00f6v\u00e9nye<\/p>\n<\/li>\n<li data-start=\"1576\" data-end=\"1609\">\n<p data-start=\"1578\" data-end=\"1609\">D\u00edszf\u00fcves kompoz\u00edci\u00f3k r\u00e9szek\u00e9nt<\/p>\n<\/li>\n<li data-start=\"1610\" data-end=\"1653\">\n<p data-start=\"1612\" data-end=\"1653\">Kont\u00e9nerbe vagy nagyobb cser\u00e9pbe teraszra<\/p>\n<\/li>\n<li data-start=\"1654\" data-end=\"1705\">\n<p data-start=\"1656\" data-end=\"1705\">Modern kertekbe kontrasztk\u00e9nt z\u00f6ld n\u00f6v\u00e9nyek mell\u00e9<\/p>\n<\/li>\n<\/ul>\n<p>&nbsp;<\/p>\n<h5><strong>\ud83d\udd04 K\u00e9szletinform\u00e1ci\u00f3<\/strong><\/h5>\n<p><strong>K\u00e9szlet\u00fcnk napi szinten v\u00e1ltozik, \u00edgy a webshopban szerepl<\/strong><strong>\u0151<\/strong><strong> term\u00e9kek el\u00e9rhet<\/strong><strong>\u0151<\/strong><strong>s\u00e9ge nem garant\u00e1lt.<br \/>\n\ud83d\udcde A megrendel\u00e9s el<\/strong><strong>\u0151<\/strong><strong>tt k\u00e9rj\u00fck, \u00e9rdekl<\/strong><strong>\u0151<\/strong><strong>dj\u00f6n szem\u00e9lyesen, telefonon vagy e-mailben!<\/strong><\/p>\n<h5><strong>\u27a1\ufe0f Kapcsolat:<\/strong><\/h5>\n<ul>\n<li><strong>Weboldal: <\/strong><a href=\"https:\/\/tajkertesz.com\"><strong>tajkertesz.com<\/strong><\/a><\/li>\n<li><strong>Facebook: <\/strong><a href=\"https:\/\/www.facebook.com\/tajkertesz\/\"><strong>facebook.com\/tajkertesz<\/strong><\/a><\/li>\n<li><strong>Telefonsz\u00e1m, e-mail: +36\/20-319-3770 <\/strong><a href=\"mailto:tajkerteszaruda@gmail.com\"><strong>tajkerteszaruda@gmail.com<\/strong><\/a><\/li>\n<\/ul>\n<h5><strong>\ud83d\ude9a Sz\u00e1ll\u00edt\u00e1si inform\u00e1ci\u00f3k<\/strong><\/h5>\n<p><strong>A megrendelt n\u00f6v\u00e9nyek kisz\u00e1ll\u00edt\u00e1sa az al\u00e1bbi felt\u00e9telek mellett t\u00f6rt\u00e9nik:<\/strong><\/p>\n<h5><strong>\ud83d\udce6 Fut\u00e1rszolg\u00e1latos sz\u00e1ll\u00edt\u00e1s<\/strong><\/h5>\n<ul>\n<li><strong>Maxim\u00e1lis m\u00e9ret: 200 cm (hossz\u00fas\u00e1g)<\/strong><\/li>\n<li><strong>Maxim\u00e1lis s\u00faly: 40 kg<\/strong><\/li>\n<li><strong>Az enn\u00e9l kisebb \u00e9s k\u00f6nnyebb csomagokat fut\u00e1rszolg\u00e1lattal k\u00e9zbes\u00edtj\u00fck a lehet<\/strong><strong>\u0151<\/strong><strong> legbiztons\u00e1gosabb csomagol\u00e1sban.<\/strong><\/li>\n<\/ul>\n<h5><strong>\ud83d\udefb Szem\u00e9lyes \u00e1tv\u00e9tel<\/strong><\/h5>\n<ul>\n<li><strong>1173 Budapest, Bakancsos utca 7. sz\u00e1m alatt nyitvatart\u00e1si id<\/strong><strong>\u0151<\/strong><strong>ben szem\u00e9lyesen \u00e1tvehet<\/strong><strong>\u0151<\/strong><strong> kert\u00e9szeti \u00e1rud\u00e1nkban.<\/strong><\/li>\n<li><strong>K\u00f6lts\u00e9ghat\u00e9kony megold\u00e1s nagyobb, t\u00f6r\u00e9kenyebb vagy t\u00falm\u00e9retes n\u00f6v\u00e9nyek eset\u00e9n.<\/strong><\/li>\n<\/ul>\n<h5><strong>\ud83d\udcde Nagy m\u00e9ret<\/strong><strong>\u0171<\/strong><strong> vagy s\u00faly\u00fa n\u00f6v\u00e9nyek eset\u00e9n<\/strong><\/h5>\n<p><strong>Ha a term\u00e9k:<\/strong><\/p>\n<ul>\n<li><strong>meghaladja a 200 cm hossz\u00fas\u00e1got vagy<\/strong><\/li>\n<li><strong>meghaladja a 40 kg s\u00falyt,<\/strong><\/li>\n<\/ul>\n<p><strong>akkor szem\u00e9lyes \u00e1tv\u00e9tellel vagy egyedi, el<\/strong><strong>\u0151<\/strong><strong>re egyeztetett sz\u00e1ll\u00edt\u00e1si felt\u00e9telek mellett t\u00f6rt\u00e9nik.<br \/>\nK\u00e9rj\u00fck, ilyen esetben rendel\u00e9s el<\/strong><strong>\u0151<\/strong><strong>tt vegye fel vel\u00fcnk a kapcsolatot, hogy a lehet<\/strong><strong>\u0151<\/strong><strong> legmegfelel<\/strong><strong>\u0151<\/strong><strong>bb sz\u00e1ll\u00edt\u00e1si megold\u00e1st k\u00edn\u00e1lhassuk.<\/strong><\/p>\n<p><strong>\ud83d\udd14 Fontos: A n\u00f6v\u00e9nyeket minden esetben igyeksz\u00fcnk gondosan, egyes\u00e9vel csomagolni, azonban a sz\u00e1ll\u00edt\u00e1s sor\u00e1n kisebb eszt\u00e9tikai s\u00e9r\u00fcl\u00e9sek el<\/strong><strong>\u0151<\/strong><strong>fordulhatnak (pl. lev\u00e9lhull\u00e1s). Ez nem min<\/strong><strong>\u0151<\/strong><strong>s\u00fcl hib\u00e1s teljes\u00edt\u00e9snek.<\/strong><\/p>\n<h5><strong>\ud83d\udcf7 Fontos tudni a k\u00e9pekr<\/strong><strong>\u0151<\/strong><strong>l<\/strong><\/h5>\n<p><strong>A webshopban szerepl<\/strong><strong>\u0151<\/strong><strong> k\u00e9pek illusztr\u00e1ci\u00f3k, a n\u00f6v\u00e9nyek term\u00e9szet\u00fckn\u00e9l fogva egyediek, \u00edgy m\u00e9retben, alakban \u00e9s sz\u00ednben minim\u00e1lis elt\u00e9r\u00e9sek el<\/strong><strong>\u0151<\/strong><strong>fordulhatnak a k\u00e9pen l\u00e1that\u00f3 \u00e9s a val\u00f3s p\u00e9ld\u00e1nyok k\u00f6z\u00f6tt.<\/strong><\/p>\n<h5><strong>\ud83e\uddfe \u00c1rak \u00e9s el\u00e1ll\u00e1si jog<\/strong><\/h5>\n<ul>\n<li><strong>Az \u00e1rak egy darab\u00a0n\u00f6v\u00e9nyre vonatkoznak.<\/strong><\/li>\n<li><strong>\u00c9l<\/strong><strong>\u0151<\/strong><strong> n\u00f6v\u00e9nyek rendel\u00e9se eset\u00e9n a 14 napos el\u00e1ll\u00e1s joga nem \u00e9rv\u00e9nyes\u00edthet<\/strong><strong>\u0151<\/strong><strong>, mivel azok romland\u00f3, biol\u00f3giailag \u00e9l<\/strong><strong>\u0151<\/strong><strong> term\u00e9keknek min<\/strong><strong>\u0151<\/strong><strong>s\u00fclnek.<br \/>\n\ud83d\udd12 (17\/1999. (II. 5.) Korm. rendelet 5. \u00a7 c) pontja alapj\u00e1n)<\/strong><\/li>\n<\/ul>\n<h5><strong>\ud83d\udce6 K\u00e9zbes\u00edt\u00e9s ut\u00e1ni teend<\/strong><strong>\u0151<\/strong><strong>k<\/strong><\/h5>\n<p><strong>A k\u00e9zbes\u00edt\u00e9st k\u00f6vet<\/strong><strong>\u0151<\/strong><strong>en a csomagot azonnal bontsuk ki, \u00e9s a n\u00f6v\u00e9nyt helyezz\u00fck el megfelel<\/strong><strong>\u0151<\/strong><strong> k\u00f6rnyezetben.<br \/>\nFontos: ha a n\u00f6v\u00e9ny nem r\u00e9szes\u00fcl megfelel<\/strong><strong>\u0151<\/strong><strong> gondoz\u00e1sban \u00e9s ennek k\u00f6vetkezt\u00e9ben k\u00e1rosodik vagy elpusztul, felel<\/strong><strong>\u0151<\/strong><strong>ss\u00e9get nem tudunk v\u00e1llalni.<\/strong><\/p>\n<p><strong>\u00a0<\/strong><\/p>","protected":false},"excerpt":{"rendered":"<p data-start=\"1759\" data-end=\"1934\">A jap\u00e1n v\u00e9rf\u0171 (Imperata cylindrica &#8216;Red Baron&#8217;) egy kompakt, piros level\u0171 d\u00edszf\u0171, amely napos helyen k\u00fcl\u00f6n\u00f6sen l\u00e1tv\u00e1nyos. Szeg\u00e9lybe, \u00e9vel\u0151\u00e1gy\u00e1sba vagy kont\u00e9nerbe is \u00fcltethet\u0151.<\/p>\n<p data-start=\"1759\" data-end=\"1934\">A n\u00f6v\u00e9ny jelenlegi m\u00e9rete: kb. 50 cm magas, 9 cm-es cser\u00e9pben.<\/p>","protected":false},"featured_media":24166,"template":"","meta":{"_et_pb_use_builder":"","_et_pb_old_content":"","_et_gb_content_width":""},"product_brand":[],"product_cat":[197,3785],"product_tag":[5920,4338,6242,643,6241,6128,6240,6239,646,6238],"class_list":{"0":"post-2035","1":"product","2":"type-product","3":"status-publish","4":"has-post-thumbnail","6":"product_cat-diszfuvek-fufelek","7":"product_cat-uj-termekek","8":"product_tag-diszfu","9":"product_tag-evelo","10":"product_tag-imperata","11":"product_tag-japan-verfu","12":"product_tag-kompakt-noveny","13":"product_tag-konteneres-noveny","14":"product_tag-napkedvelo","15":"product_tag-piros-levelu","16":"product_tag-red-baron","17":"product_tag-voros-lombu-noveny","19":"first","20":"instock","21":"shipping-taxable","22":"purchasable","23":"product-type-simple"},"yoast_head":"<!-- This site is optimized with the Yoast SEO plugin v27.5 - https:\/\/yoast.com\/product\/yoast-seo-wordpress\/ -->\n<title>Imperata cylindrica &#039;Red Baron&#039; - Jap\u00e1n v\u00e9rf\u0171 - T\u00e1jkert\u00e9sz<\/title>\n<meta name=\"description\" content=\"Imperata cylindrica &#039;Red Baron&#039; \u2013 Jap\u00e1n v\u00e9rf\u0171 l\u00e1tv\u00e1nyos, piros level\u0171 d\u00edszf\u0171. Napos helyre ide\u00e1lis, \u00e9vel\u0151\u00e1gy\u00e1sok vagy kont\u00e9nerek sz\u00ednfoltja lehet.\" \/>\n<meta name=\"robots\" content=\"index, follow, max-snippet:-1, max-image-preview:large, max-video-preview:-1\" \/>\n<link rel=\"canonical\" href=\"https:\/\/tajkertesz.com\/en_US\/product\/imperata-cylindrica-red-baron-japan-verfu-alangfu\/\" \/>\n<meta property=\"og:locale\" content=\"en_US\" \/>\n<meta property=\"og:type\" content=\"article\" \/>\n<meta property=\"og:title\" content=\"Imperata cylindrica &#039;Red Baron&#039; - Jap\u00e1n v\u00e9rf\u0171 - T\u00e1jkert\u00e9sz\" \/>\n<meta property=\"og:description\" content=\"Imperata cylindrica &#039;Red Baron&#039; \u2013 Jap\u00e1n v\u00e9rf\u0171 l\u00e1tv\u00e1nyos, piros level\u0171 d\u00edszf\u0171. Napos helyre ide\u00e1lis, \u00e9vel\u0151\u00e1gy\u00e1sok vagy kont\u00e9nerek sz\u00ednfoltja lehet.\" \/>\n<meta property=\"og:url\" content=\"https:\/\/tajkertesz.com\/en_US\/product\/imperata-cylindrica-red-baron-japan-verfu-alangfu\/\" \/>\n<meta property=\"og:site_name\" content=\"T\u00e1jkert\u00e9sz\" \/>\n<meta property=\"article:publisher\" content=\"https:\/\/www.facebook.com\/Tajkertesz\/\" \/>\n<meta property=\"article:modified_time\" content=\"2026-04-07T06:24:30+00:00\" \/>\n<meta property=\"og:image\" content=\"https:\/\/tajkertesz.com\/wp-content\/uploads\/2020\/08\/20250801_163224-scaled.jpg\" \/>\n\t<meta property=\"og:image:width\" content=\"1920\" \/>\n\t<meta property=\"og:image:height\" content=\"2560\" \/>\n\t<meta property=\"og:image:type\" content=\"image\/jpeg\" \/>\n<meta name=\"twitter:card\" content=\"summary_large_image\" \/>\n<meta name=\"twitter:label1\" content=\"Est. reading time\" \/>\n\t<meta name=\"twitter:data1\" content=\"3 minutes\" \/>\n<script type=\"application\/ld+json\" class=\"yoast-schema-graph\">{\"@context\":\"https:\\\/\\\/schema.org\",\"@graph\":[{\"@type\":\"WebPage\",\"@id\":\"https:\\\/\\\/tajkertesz.com\\\/termek\\\/imperata-cylindrica-red-baron-japan-verfu-alangfu\\\/\",\"url\":\"https:\\\/\\\/tajkertesz.com\\\/termek\\\/imperata-cylindrica-red-baron-japan-verfu-alangfu\\\/\",\"name\":\"Imperata cylindrica 'Red Baron' - Jap\u00e1n v\u00e9rf\u0171 - T\u00e1jkert\u00e9sz\",\"isPartOf\":{\"@id\":\"https:\\\/\\\/tajkertesz.com\\\/#website\"},\"primaryImageOfPage\":{\"@id\":\"https:\\\/\\\/tajkertesz.com\\\/termek\\\/imperata-cylindrica-red-baron-japan-verfu-alangfu\\\/#primaryimage\"},\"image\":{\"@id\":\"https:\\\/\\\/tajkertesz.com\\\/termek\\\/imperata-cylindrica-red-baron-japan-verfu-alangfu\\\/#primaryimage\"},\"thumbnailUrl\":\"https:\\\/\\\/tajkertesz.com\\\/wp-content\\\/uploads\\\/2020\\\/08\\\/20250801_163224-scaled.jpg\",\"datePublished\":\"2020-08-04T12:24:17+00:00\",\"dateModified\":\"2026-04-07T06:24:30+00:00\",\"description\":\"Imperata cylindrica 'Red Baron' \u2013 Jap\u00e1n v\u00e9rf\u0171 l\u00e1tv\u00e1nyos, piros level\u0171 d\u00edszf\u0171. Napos helyre ide\u00e1lis, \u00e9vel\u0151\u00e1gy\u00e1sok vagy kont\u00e9nerek sz\u00ednfoltja lehet.\",\"breadcrumb\":{\"@id\":\"https:\\\/\\\/tajkertesz.com\\\/termek\\\/imperata-cylindrica-red-baron-japan-verfu-alangfu\\\/#breadcrumb\"},\"inLanguage\":\"en-US\",\"potentialAction\":[{\"@type\":\"ReadAction\",\"target\":[\"https:\\\/\\\/tajkertesz.com\\\/termek\\\/imperata-cylindrica-red-baron-japan-verfu-alangfu\\\/\"]}]},{\"@type\":\"ImageObject\",\"inLanguage\":\"en-US\",\"@id\":\"https:\\\/\\\/tajkertesz.com\\\/termek\\\/imperata-cylindrica-red-baron-japan-verfu-alangfu\\\/#primaryimage\",\"url\":\"https:\\\/\\\/tajkertesz.com\\\/wp-content\\\/uploads\\\/2020\\\/08\\\/20250801_163224-scaled.jpg\",\"contentUrl\":\"https:\\\/\\\/tajkertesz.com\\\/wp-content\\\/uploads\\\/2020\\\/08\\\/20250801_163224-scaled.jpg\",\"width\":1920,\"height\":2560,\"caption\":\"Imperata cylindrica 'Red Baron' - Jap\u00e1n v\u00e9rf\u0171\"},{\"@type\":\"BreadcrumbList\",\"@id\":\"https:\\\/\\\/tajkertesz.com\\\/termek\\\/imperata-cylindrica-red-baron-japan-verfu-alangfu\\\/#breadcrumb\",\"itemListElement\":[{\"@type\":\"ListItem\",\"position\":1,\"name\":\"Home\",\"item\":\"https:\\\/\\\/tajkertesz.com\\\/\"},{\"@type\":\"ListItem\",\"position\":2,\"name\":\"Kezd\u0151lap\",\"item\":\"https:\\\/\\\/tajkertesz.com\\\/\"},{\"@type\":\"ListItem\",\"position\":3,\"name\":\"Imperata cylindrica &#8216;Red Baron&#8217; &#8211; Jap\u00e1n v\u00e9rf\u0171\"}]},{\"@type\":\"WebSite\",\"@id\":\"https:\\\/\\\/tajkertesz.com\\\/#website\",\"url\":\"https:\\\/\\\/tajkertesz.com\\\/\",\"name\":\"T\u00e1j-Kert\u00e9sz 84 Kft.\",\"description\":\"Kert\u00e9szeti kis- \u00e9s nagykeresked\u00e9s, D\u00edszn\u00f6v\u00e9ny web\u00e1ruh\u00e1z orsz\u00e1gos h\u00e1zhozsz\u00e1ll\u00edt\u00e1ssal!\",\"publisher\":{\"@id\":\"https:\\\/\\\/tajkertesz.com\\\/#organization\"},\"potentialAction\":[{\"@type\":\"SearchAction\",\"target\":{\"@type\":\"EntryPoint\",\"urlTemplate\":\"https:\\\/\\\/tajkertesz.com\\\/?s={search_term_string}\"},\"query-input\":{\"@type\":\"PropertyValueSpecification\",\"valueRequired\":true,\"valueName\":\"search_term_string\"}}],\"inLanguage\":\"en-US\"},{\"@type\":\"Organization\",\"@id\":\"https:\\\/\\\/tajkertesz.com\\\/#organization\",\"name\":\"T\u00e1j-Kert\u00e9sz 84 Kft.\",\"url\":\"https:\\\/\\\/tajkertesz.com\\\/\",\"logo\":{\"@type\":\"ImageObject\",\"inLanguage\":\"en-US\",\"@id\":\"https:\\\/\\\/tajkertesz.com\\\/#\\\/schema\\\/logo\\\/image\\\/\",\"url\":\"https:\\\/\\\/tajkertesz.com\\\/wp-content\\\/uploads\\\/2018\\\/02\\\/logo-2-e1518678052539.png\",\"contentUrl\":\"https:\\\/\\\/tajkertesz.com\\\/wp-content\\\/uploads\\\/2018\\\/02\\\/logo-2-e1518678052539.png\",\"width\":81,\"height\":140,\"caption\":\"T\u00e1j-Kert\u00e9sz 84 Kft.\"},\"image\":{\"@id\":\"https:\\\/\\\/tajkertesz.com\\\/#\\\/schema\\\/logo\\\/image\\\/\"},\"sameAs\":[\"https:\\\/\\\/www.facebook.com\\\/Tajkertesz\\\/\"]}]}<\/script>\n<!-- \/ Yoast SEO plugin. -->","yoast_head_json":{"title":"Imperata cylindrica 'Red Baron' - Jap\u00e1n v\u00e9rf\u0171 - T\u00e1jkert\u00e9sz","description":"Imperata cylindrica 'Red Baron' \u2013 Jap\u00e1n v\u00e9rf\u0171 l\u00e1tv\u00e1nyos, piros level\u0171 d\u00edszf\u0171. Napos helyre ide\u00e1lis, \u00e9vel\u0151\u00e1gy\u00e1sok vagy kont\u00e9nerek sz\u00ednfoltja lehet.","robots":{"index":"index","follow":"follow","max-snippet":"max-snippet:-1","max-image-preview":"max-image-preview:large","max-video-preview":"max-video-preview:-1"},"canonical":"https:\/\/tajkertesz.com\/en_US\/product\/imperata-cylindrica-red-baron-japan-verfu-alangfu\/","og_locale":"en_US","og_type":"article","og_title":"Imperata cylindrica 'Red Baron' - Jap\u00e1n v\u00e9rf\u0171 - T\u00e1jkert\u00e9sz","og_description":"Imperata cylindrica 'Red Baron' \u2013 Jap\u00e1n v\u00e9rf\u0171 l\u00e1tv\u00e1nyos, piros level\u0171 d\u00edszf\u0171. Napos helyre ide\u00e1lis, \u00e9vel\u0151\u00e1gy\u00e1sok vagy kont\u00e9nerek sz\u00ednfoltja lehet.","og_url":"https:\/\/tajkertesz.com\/en_US\/product\/imperata-cylindrica-red-baron-japan-verfu-alangfu\/","og_site_name":"T\u00e1jkert\u00e9sz","article_publisher":"https:\/\/www.facebook.com\/Tajkertesz\/","article_modified_time":"2026-04-07T06:24:30+00:00","og_image":[{"width":1920,"height":2560,"url":"https:\/\/tajkertesz.com\/wp-content\/uploads\/2020\/08\/20250801_163224-scaled.jpg","type":"image\/jpeg"}],"twitter_card":"summary_large_image","twitter_misc":{"Est. reading time":"3 minutes"},"schema":{"@context":"https:\/\/schema.org","@graph":[{"@type":"WebPage","@id":"https:\/\/tajkertesz.com\/termek\/imperata-cylindrica-red-baron-japan-verfu-alangfu\/","url":"https:\/\/tajkertesz.com\/termek\/imperata-cylindrica-red-baron-japan-verfu-alangfu\/","name":"Imperata cylindrica 'Red Baron' - Jap\u00e1n v\u00e9rf\u0171 - T\u00e1jkert\u00e9sz","isPartOf":{"@id":"https:\/\/tajkertesz.com\/#website"},"primaryImageOfPage":{"@id":"https:\/\/tajkertesz.com\/termek\/imperata-cylindrica-red-baron-japan-verfu-alangfu\/#primaryimage"},"image":{"@id":"https:\/\/tajkertesz.com\/termek\/imperata-cylindrica-red-baron-japan-verfu-alangfu\/#primaryimage"},"thumbnailUrl":"https:\/\/tajkertesz.com\/wp-content\/uploads\/2020\/08\/20250801_163224-scaled.jpg","datePublished":"2020-08-04T12:24:17+00:00","dateModified":"2026-04-07T06:24:30+00:00","description":"Imperata cylindrica 'Red Baron' \u2013 Jap\u00e1n v\u00e9rf\u0171 l\u00e1tv\u00e1nyos, piros level\u0171 d\u00edszf\u0171. Napos helyre ide\u00e1lis, \u00e9vel\u0151\u00e1gy\u00e1sok vagy kont\u00e9nerek sz\u00ednfoltja lehet.","breadcrumb":{"@id":"https:\/\/tajkertesz.com\/termek\/imperata-cylindrica-red-baron-japan-verfu-alangfu\/#breadcrumb"},"inLanguage":"en-US","potentialAction":[{"@type":"ReadAction","target":["https:\/\/tajkertesz.com\/termek\/imperata-cylindrica-red-baron-japan-verfu-alangfu\/"]}]},{"@type":"ImageObject","inLanguage":"en-US","@id":"https:\/\/tajkertesz.com\/termek\/imperata-cylindrica-red-baron-japan-verfu-alangfu\/#primaryimage","url":"https:\/\/tajkertesz.com\/wp-content\/uploads\/2020\/08\/20250801_163224-scaled.jpg","contentUrl":"https:\/\/tajkertesz.com\/wp-content\/uploads\/2020\/08\/20250801_163224-scaled.jpg","width":1920,"height":2560,"caption":"Imperata cylindrica 'Red Baron' - Jap\u00e1n v\u00e9rf\u0171"},{"@type":"BreadcrumbList","@id":"https:\/\/tajkertesz.com\/termek\/imperata-cylindrica-red-baron-japan-verfu-alangfu\/#breadcrumb","itemListElement":[{"@type":"ListItem","position":1,"name":"Home","item":"https:\/\/tajkertesz.com\/"},{"@type":"ListItem","position":2,"name":"Kezd\u0151lap","item":"https:\/\/tajkertesz.com\/"},{"@type":"ListItem","position":3,"name":"Imperata cylindrica &#8216;Red Baron&#8217; &#8211; Jap\u00e1n v\u00e9rf\u0171"}]},{"@type":"WebSite","@id":"https:\/\/tajkertesz.com\/#website","url":"https:\/\/tajkertesz.com\/","name":"T\u00e1j-Kert\u00e9sz 84 Kft.","description":"Kert\u00e9szeti kis- \u00e9s nagykeresked\u00e9s, D\u00edszn\u00f6v\u00e9ny web\u00e1ruh\u00e1z orsz\u00e1gos h\u00e1zhozsz\u00e1ll\u00edt\u00e1ssal!","publisher":{"@id":"https:\/\/tajkertesz.com\/#organization"},"potentialAction":[{"@type":"SearchAction","target":{"@type":"EntryPoint","urlTemplate":"https:\/\/tajkertesz.com\/?s={search_term_string}"},"query-input":{"@type":"PropertyValueSpecification","valueRequired":true,"valueName":"search_term_string"}}],"inLanguage":"en-US"},{"@type":"Organization","@id":"https:\/\/tajkertesz.com\/#organization","name":"T\u00e1j-Kert\u00e9sz 84 Kft.","url":"https:\/\/tajkertesz.com\/","logo":{"@type":"ImageObject","inLanguage":"en-US","@id":"https:\/\/tajkertesz.com\/#\/schema\/logo\/image\/","url":"https:\/\/tajkertesz.com\/wp-content\/uploads\/2018\/02\/logo-2-e1518678052539.png","contentUrl":"https:\/\/tajkertesz.com\/wp-content\/uploads\/2018\/02\/logo-2-e1518678052539.png","width":81,"height":140,"caption":"T\u00e1j-Kert\u00e9sz 84 Kft."},"image":{"@id":"https:\/\/tajkertesz.com\/#\/schema\/logo\/image\/"},"sameAs":["https:\/\/www.facebook.com\/Tajkertesz\/"]}]}},"_links":{"self":[{"href":"https:\/\/tajkertesz.com\/en_US\/wp-json\/wp\/v2\/product\/2035","targetHints":{"allow":["GET"]}}],"collection":[{"href":"https:\/\/tajkertesz.com\/en_US\/wp-json\/wp\/v2\/product"}],"about":[{"href":"https:\/\/tajkertesz.com\/en_US\/wp-json\/wp\/v2\/types\/product"}],"wp:featuredmedia":[{"embeddable":true,"href":"https:\/\/tajkertesz.com\/en_US\/wp-json\/wp\/v2\/media\/24166"}],"wp:attachment":[{"href":"https:\/\/tajkertesz.com\/en_US\/wp-json\/wp\/v2\/media?parent=2035"}],"wp:term":[{"taxonomy":"product_brand","embeddable":true,"href":"https:\/\/tajkertesz.com\/en_US\/wp-json\/wp\/v2\/product_brand?post=2035"},{"taxonomy":"product_cat","embeddable":true,"href":"https:\/\/tajkertesz.com\/en_US\/wp-json\/wp\/v2\/product_cat?post=2035"},{"taxonomy":"product_tag","embeddable":true,"href":"https:\/\/tajkertesz.com\/en_US\/wp-json\/wp\/v2\/product_tag?post=2035"}],"curies":[{"name":"wp","href":"https:\/\/api.w.org\/{rel}","templated":true}]}}