{"id":20364,"date":"2024-05-28T07:43:24","date_gmt":"2024-05-28T07:43:24","guid":{"rendered":"https:\/\/tajkertesz.com\/?post_type=product&#038;p=20364"},"modified":"2026-02-12T15:17:45","modified_gmt":"2026-02-12T15:17:45","slug":"universalis-50ml","status":"publish","type":"product","link":"https:\/\/tajkertesz.com\/en_US\/product\/universalis-50ml\/","title":{"rendered":"Universalis 50ml"},"content":{"rendered":"<h1 class=\"product-detail-name\">Universalis 50ml<\/h1>\n<div class=\"product-detail-title-after\">\n<div class=\"product-detail-manufacturer-wrap\">\n<p class=\"product-detail-name\">Universalis 50ml, Az Universalis gomba\u00f6l\u0151 permetez\u0151szer azonos a 36222\/2001.FVM sz\u00e1mon enged\u00e9lyezett Quadris gomba\u00f6l\u0151 permetez\u0151szerrel.<\/p>\n<\/div>\n<\/div>\n<p class=\"product-detail-name\">A sz\u0151l\u0151 \u00e9s a bogy\u00f3s gy\u00fcm\u00f6lcs\u00f6k szisztemikus szere, amely valamennyi gombabetegs\u00e9g ellen hat\u00e9kony.<\/p>\n<p>H\u00e1zikerti adagol\u00e1sa: 10 ml \/ 10 liter permetl\u00e9<\/p>\n<p>Hat\u00f3anyag: 250 g\/l azoxistrobin<\/p>\n<p>Forgalmaz\u00e1si kateg\u00f3ria: III. (szabadforgalm\u00fa)<br \/>\nH\u00e1zikerti felhaszn\u00e1l\u00e1s: 10 ml\/10 l v\u00edz<\/p>\n<p>A gombabetegs\u00e9gek sz\u00e9les k\u00f6re ellen hat\u00e1sos. Hozamt\u00f6bblet \u00e9s min\u0151s\u00e9gbiztos\u00edt\u00e1s a term\u00e9szet erej\u00e9vel.<\/p>\n<p>A gombasejten bel\u00fcl a gomba l\u00e9tfontoss\u00e1g\u00fa szerv\u00e9ben, a mitokondriumban fejti ki hat\u00e1s\u00e1t. A mitokondriumon bel\u00fcli k\u00e9t koenzim, a citokr\u00f3m B \u00e9s C1 k\u00f6z\u00f6tt l\u00e9v\u0151 elektronsz\u00e1ll\u00edt\u00f3 rendszer m\u0171k\u00f6d\u00e9s\u00e9t g\u00e1tolja. Ezzel megakad\u00e1lyozza a gomba szempontj\u00e1b\u00f3l l\u00e9tfontoss\u00e1g\u00fa energiak\u00e9pz\u00e9st, valamint ezzel egy\u00fctt a gomba l\u00e9gz\u00e9s\u00e9t is. A gomba\u00f6l\u0151 szerek k\u00f6z\u00f6tt \u2013 \u00faj hat\u00e1sm\u00f3dj\u00e1nak k\u00f6sz\u00f6nhet\u0151en \u2013 olyan k\u00f3rokoz\u00f3k ellen is j\u00f3 hat\u00e9konys\u00e1got mutat, amelyek egy\u00e9b gomba\u00f6l\u0151 szerekkel szemben m\u00e1r toler\u00e1nsak. Az Quadris egyedi tulajdons\u00e1ga, hogy a sz\u00e9nhidr\u00e1tok be\u00e9p\u00fcl\u00e9s\u00e9t seg\u00edti, ez\u00e1ltal a term\u00e9sbiztons\u00e1got \u00e9s term\u00e9smennyis\u00e9g\u00e9t n\u00f6veli.<\/p>\n<p>Hat\u00e1sspektrum \u00e9s d\u00f3zis<br \/>\nKult\u00fara K\u00f3rokoz\u00f3 D\u00f3zis, kijuttat\u00e1si id\u0151pont \u00c9.V.I.<br \/>\nsz\u0151l\u0151 peronoszp\u00f3ra, sz\u00fcrkepen\u00e9sz 0,75\u20131,0 l\/ha 7 nap<\/p>\n<p>k\u00f6szm\u00e9te lisztharmat, rozsda 0,5\u20130,75 l\/ha 35 nap<br \/>\nribizli lisztharmat, rozsda 0,5\u20130,75 l\/ha 35 nap<br \/>\nm\u00e1lna didimella, sz\u00fcrkepen\u00e9sz,<br \/>\nlev\u00e9lbetegs\u00e9gek 0,75\u20131,0 l\/ha 7 nap<br \/>\nszam\u00f3ca sz\u00fcrkepen\u00e9sz, lev\u00e9lfoltoss\u00e1g 0,75\u20131,0 l\/ha 3 nap<\/p>\n<p>Gy\u00e1rt\u00f3: Syngenta<br \/>\nKateg\u00f3ria: Gomba\u00f6l\u0151 szer<br \/>\nT\u00f6meg: 0,05 kg<br \/>\nForgalmaz\u00e1si kateg\u00f3ria III<br \/>\nA term\u00e9kle\u00edr\u00e1s t\u00e1j\u00e9koztat\u00f3 jelleg\u0171, a k\u00e9sz\u00edtm\u00e9ny felhaszn\u00e1l\u00e1sa el\u0151tt k\u00e9rj\u00fck olvassa el a term\u00e9k haszn\u00e1lati utas\u00edt\u00e1st!<\/p>\n<p align=\"justify\"><a href=\"https:\/\/www.facebook.com\/tajkertesz\">https:\/\/www.facebook.com\/tajkertesz<\/a><\/p>\n<p align=\"justify\"><a href=\"http:\/\/www.tajkertesz.hu\">http:\/\/www.tajkertesz.hu<\/a><\/p>\n<p align=\"justify\"><a href=\"https:\/\/tajkertesz.com\/wp-content\/uploads\/2021\/11\/Universalis_szarmaztatotteng.pdf\">Universalis_szarmaztatotteng<\/a><\/p>\n<h3 align=\"justify\">Kiz\u00e1r\u00f3lag szem\u00e9lyes \u00e1tv\u00e9tellel lehets\u00e9ges a term\u00e9k megv\u00e1s\u00e1rl\u00e1sa!<\/h3>\n<p align=\"justify\"><span style=\"color: #ffffff;\">A k\u00e9sz\u00edtm\u00e9nyt a gyep ny\u00edr\u00e1s\u00e1t k\u00f6vet\u0151en, a k\u00e9tszik\u0171 gyomn\u00f6v\u00e9nyek n\u00f6veked\u00e9s\u00e9nek \u00fajb\u00f3li megindul\u00e1sa ut\u00e1n kell kijuttatni 10 l\/ha (100 ml \/ 100 m2) d\u00f3zisban. A kijuttat\u00e1shoz sz\u00fcks\u00e9ges v\u00edzmennyis\u00e9g 10 l \/ 100 m2. A kezel\u00e9sn\u00e9l \u00fcgyelni kell arra, hogy a permetl\u00e9 kult\u00farn\u00f6v\u00e9nyekre ne ker\u00fclj\u00f6n, mert azokat maradand\u00f3an k\u00e1ros\u00edtja.<\/span><\/p>\n<p align=\"justify\"><span style=\"color: #ffffff;\">A k\u00e9sz\u00edtm\u00e9ny alkalmazhat\u00f3 foltkezel\u00e9s \u00e9s teljes fel\u00fcletkezel\u00e9s form\u00e1j\u00e1ban. Egy veget\u00e1ci\u00f3s szakaszban maximum k\u00e9t kezel\u00e9s v\u00e9gezhet\u0151.<\/span><\/p>\n<div align=\"justify\"><\/div>","protected":false},"excerpt":{"rendered":"<p class=\"product-detail-name\" style=\"text-align: left;\">Universalis 50 ml gomba\u00f6l\u0151 permetez\u0151szer<\/p>\n<p>Hat\u00f3anyag: azoxistrobin 250g\/l.(22,8 m\/m %)<\/p>\n<div class=\"product-detail-title-after\">\n<div class=\"product-detail-manufacturer-wrap\" style=\"padding-left: 40px;\"><\/div>\n<\/div>","protected":false},"featured_media":20366,"template":"","meta":{"_et_pb_use_builder":"","_et_pb_old_content":"","_et_gb_content_width":""},"product_brand":[],"product_cat":[3421],"product_tag":[4740,4752,3420],"class_list":{"0":"post-20364","1":"product","2":"type-product","3":"status-publish","4":"has-post-thumbnail","6":"product_cat-gombaolo-szer","7":"product_tag-gombaolo","8":"product_tag-permetezoszer","9":"product_tag-universalis-10-ml","11":"first","12":"outofstock","13":"shipping-taxable","14":"purchasable","15":"product-type-simple"},"yoast_head":"<!-- This site is optimized with the Yoast SEO plugin v27.4 - https:\/\/yoast.com\/product\/yoast-seo-wordpress\/ -->\n<title>Universalis 50ml - T\u00e1jkert\u00e9sz<\/title>\n<meta name=\"description\" content=\"Universalis gomba\u00f6l\u0151 50 ml. A gombabetegs\u00e9gek sz\u00e9les k\u00f6re ellen hat\u00e1sos. Hozamt\u00f6bblet \u00e9s min\u0151s\u00e9gbiztos\u00edt\u00e1s a term\u00e9szet erej\u00e9vel.\" \/>\n<meta name=\"robots\" content=\"index, follow, max-snippet:-1, max-image-preview:large, max-video-preview:-1\" \/>\n<link rel=\"canonical\" href=\"https:\/\/tajkertesz.com\/en_US\/product\/universalis-50ml\/\" \/>\n<meta property=\"og:locale\" content=\"en_US\" \/>\n<meta property=\"og:type\" content=\"article\" \/>\n<meta property=\"og:title\" content=\"Universalis 50ml - T\u00e1jkert\u00e9sz\" \/>\n<meta property=\"og:description\" content=\"Universalis gomba\u00f6l\u0151 50 ml. A gombabetegs\u00e9gek sz\u00e9les k\u00f6re ellen hat\u00e1sos. Hozamt\u00f6bblet \u00e9s min\u0151s\u00e9gbiztos\u00edt\u00e1s a term\u00e9szet erej\u00e9vel.\" \/>\n<meta property=\"og:url\" content=\"https:\/\/tajkertesz.com\/en_US\/product\/universalis-50ml\/\" \/>\n<meta property=\"og:site_name\" content=\"T\u00e1jkert\u00e9sz\" \/>\n<meta property=\"article:publisher\" content=\"https:\/\/www.facebook.com\/Tajkertesz\/\" \/>\n<meta property=\"article:modified_time\" content=\"2026-02-12T15:17:45+00:00\" \/>\n<meta property=\"og:image\" content=\"https:\/\/tajkertesz.com\/wp-content\/uploads\/2024\/05\/univ4201.jpg\" \/>\n\t<meta property=\"og:image:width\" content=\"940\" \/>\n\t<meta property=\"og:image:height\" content=\"788\" \/>\n\t<meta property=\"og:image:type\" content=\"image\/jpeg\" \/>\n<meta name=\"twitter:card\" content=\"summary_large_image\" \/>\n<meta name=\"twitter:label1\" content=\"Est. reading time\" \/>\n\t<meta name=\"twitter:data1\" content=\"2 minutes\" \/>\n<script type=\"application\/ld+json\" class=\"yoast-schema-graph\">{\"@context\":\"https:\\\/\\\/schema.org\",\"@graph\":[{\"@type\":\"WebPage\",\"@id\":\"https:\\\/\\\/tajkertesz.com\\\/termek\\\/universalis-50ml\\\/\",\"url\":\"https:\\\/\\\/tajkertesz.com\\\/termek\\\/universalis-50ml\\\/\",\"name\":\"Universalis 50ml - T\u00e1jkert\u00e9sz\",\"isPartOf\":{\"@id\":\"https:\\\/\\\/tajkertesz.com\\\/#website\"},\"primaryImageOfPage\":{\"@id\":\"https:\\\/\\\/tajkertesz.com\\\/termek\\\/universalis-50ml\\\/#primaryimage\"},\"image\":{\"@id\":\"https:\\\/\\\/tajkertesz.com\\\/termek\\\/universalis-50ml\\\/#primaryimage\"},\"thumbnailUrl\":\"https:\\\/\\\/tajkertesz.com\\\/wp-content\\\/uploads\\\/2024\\\/05\\\/univ4201.jpg\",\"datePublished\":\"2024-05-28T07:43:24+00:00\",\"dateModified\":\"2026-02-12T15:17:45+00:00\",\"description\":\"Universalis gomba\u00f6l\u0151 50 ml. A gombabetegs\u00e9gek sz\u00e9les k\u00f6re ellen hat\u00e1sos. Hozamt\u00f6bblet \u00e9s min\u0151s\u00e9gbiztos\u00edt\u00e1s a term\u00e9szet erej\u00e9vel.\",\"breadcrumb\":{\"@id\":\"https:\\\/\\\/tajkertesz.com\\\/termek\\\/universalis-50ml\\\/#breadcrumb\"},\"inLanguage\":\"en-US\",\"potentialAction\":[{\"@type\":\"ReadAction\",\"target\":[\"https:\\\/\\\/tajkertesz.com\\\/termek\\\/universalis-50ml\\\/\"]}]},{\"@type\":\"ImageObject\",\"inLanguage\":\"en-US\",\"@id\":\"https:\\\/\\\/tajkertesz.com\\\/termek\\\/universalis-50ml\\\/#primaryimage\",\"url\":\"https:\\\/\\\/tajkertesz.com\\\/wp-content\\\/uploads\\\/2024\\\/05\\\/univ4201.jpg\",\"contentUrl\":\"https:\\\/\\\/tajkertesz.com\\\/wp-content\\\/uploads\\\/2024\\\/05\\\/univ4201.jpg\",\"width\":940,\"height\":788},{\"@type\":\"BreadcrumbList\",\"@id\":\"https:\\\/\\\/tajkertesz.com\\\/termek\\\/universalis-50ml\\\/#breadcrumb\",\"itemListElement\":[{\"@type\":\"ListItem\",\"position\":1,\"name\":\"Home\",\"item\":\"https:\\\/\\\/tajkertesz.com\\\/\"},{\"@type\":\"ListItem\",\"position\":2,\"name\":\"Kezd\u0151lap\",\"item\":\"https:\\\/\\\/tajkertesz.com\\\/\"},{\"@type\":\"ListItem\",\"position\":3,\"name\":\"Universalis 50ml\"}]},{\"@type\":\"WebSite\",\"@id\":\"https:\\\/\\\/tajkertesz.com\\\/#website\",\"url\":\"https:\\\/\\\/tajkertesz.com\\\/\",\"name\":\"T\u00e1j-Kert\u00e9sz 84 Kft.\",\"description\":\"Kert\u00e9szeti kis- \u00e9s nagykeresked\u00e9s, D\u00edszn\u00f6v\u00e9ny web\u00e1ruh\u00e1z orsz\u00e1gos h\u00e1zhozsz\u00e1ll\u00edt\u00e1ssal!\",\"publisher\":{\"@id\":\"https:\\\/\\\/tajkertesz.com\\\/#organization\"},\"potentialAction\":[{\"@type\":\"SearchAction\",\"target\":{\"@type\":\"EntryPoint\",\"urlTemplate\":\"https:\\\/\\\/tajkertesz.com\\\/?s={search_term_string}\"},\"query-input\":{\"@type\":\"PropertyValueSpecification\",\"valueRequired\":true,\"valueName\":\"search_term_string\"}}],\"inLanguage\":\"en-US\"},{\"@type\":\"Organization\",\"@id\":\"https:\\\/\\\/tajkertesz.com\\\/#organization\",\"name\":\"T\u00e1j-Kert\u00e9sz 84 Kft.\",\"url\":\"https:\\\/\\\/tajkertesz.com\\\/\",\"logo\":{\"@type\":\"ImageObject\",\"inLanguage\":\"en-US\",\"@id\":\"https:\\\/\\\/tajkertesz.com\\\/#\\\/schema\\\/logo\\\/image\\\/\",\"url\":\"https:\\\/\\\/tajkertesz.com\\\/wp-content\\\/uploads\\\/2018\\\/02\\\/logo-2-e1518678052539.png\",\"contentUrl\":\"https:\\\/\\\/tajkertesz.com\\\/wp-content\\\/uploads\\\/2018\\\/02\\\/logo-2-e1518678052539.png\",\"width\":81,\"height\":140,\"caption\":\"T\u00e1j-Kert\u00e9sz 84 Kft.\"},\"image\":{\"@id\":\"https:\\\/\\\/tajkertesz.com\\\/#\\\/schema\\\/logo\\\/image\\\/\"},\"sameAs\":[\"https:\\\/\\\/www.facebook.com\\\/Tajkertesz\\\/\"]}]}<\/script>\n<!-- \/ Yoast SEO plugin. -->","yoast_head_json":{"title":"Universalis 50ml - T\u00e1jkert\u00e9sz","description":"Universalis gomba\u00f6l\u0151 50 ml. A gombabetegs\u00e9gek sz\u00e9les k\u00f6re ellen hat\u00e1sos. Hozamt\u00f6bblet \u00e9s min\u0151s\u00e9gbiztos\u00edt\u00e1s a term\u00e9szet erej\u00e9vel.","robots":{"index":"index","follow":"follow","max-snippet":"max-snippet:-1","max-image-preview":"max-image-preview:large","max-video-preview":"max-video-preview:-1"},"canonical":"https:\/\/tajkertesz.com\/en_US\/product\/universalis-50ml\/","og_locale":"en_US","og_type":"article","og_title":"Universalis 50ml - T\u00e1jkert\u00e9sz","og_description":"Universalis gomba\u00f6l\u0151 50 ml. A gombabetegs\u00e9gek sz\u00e9les k\u00f6re ellen hat\u00e1sos. Hozamt\u00f6bblet \u00e9s min\u0151s\u00e9gbiztos\u00edt\u00e1s a term\u00e9szet erej\u00e9vel.","og_url":"https:\/\/tajkertesz.com\/en_US\/product\/universalis-50ml\/","og_site_name":"T\u00e1jkert\u00e9sz","article_publisher":"https:\/\/www.facebook.com\/Tajkertesz\/","article_modified_time":"2026-02-12T15:17:45+00:00","og_image":[{"width":940,"height":788,"url":"https:\/\/tajkertesz.com\/wp-content\/uploads\/2024\/05\/univ4201.jpg","type":"image\/jpeg"}],"twitter_card":"summary_large_image","twitter_misc":{"Est. reading time":"2 minutes"},"schema":{"@context":"https:\/\/schema.org","@graph":[{"@type":"WebPage","@id":"https:\/\/tajkertesz.com\/termek\/universalis-50ml\/","url":"https:\/\/tajkertesz.com\/termek\/universalis-50ml\/","name":"Universalis 50ml - T\u00e1jkert\u00e9sz","isPartOf":{"@id":"https:\/\/tajkertesz.com\/#website"},"primaryImageOfPage":{"@id":"https:\/\/tajkertesz.com\/termek\/universalis-50ml\/#primaryimage"},"image":{"@id":"https:\/\/tajkertesz.com\/termek\/universalis-50ml\/#primaryimage"},"thumbnailUrl":"https:\/\/tajkertesz.com\/wp-content\/uploads\/2024\/05\/univ4201.jpg","datePublished":"2024-05-28T07:43:24+00:00","dateModified":"2026-02-12T15:17:45+00:00","description":"Universalis gomba\u00f6l\u0151 50 ml. A gombabetegs\u00e9gek sz\u00e9les k\u00f6re ellen hat\u00e1sos. Hozamt\u00f6bblet \u00e9s min\u0151s\u00e9gbiztos\u00edt\u00e1s a term\u00e9szet erej\u00e9vel.","breadcrumb":{"@id":"https:\/\/tajkertesz.com\/termek\/universalis-50ml\/#breadcrumb"},"inLanguage":"en-US","potentialAction":[{"@type":"ReadAction","target":["https:\/\/tajkertesz.com\/termek\/universalis-50ml\/"]}]},{"@type":"ImageObject","inLanguage":"en-US","@id":"https:\/\/tajkertesz.com\/termek\/universalis-50ml\/#primaryimage","url":"https:\/\/tajkertesz.com\/wp-content\/uploads\/2024\/05\/univ4201.jpg","contentUrl":"https:\/\/tajkertesz.com\/wp-content\/uploads\/2024\/05\/univ4201.jpg","width":940,"height":788},{"@type":"BreadcrumbList","@id":"https:\/\/tajkertesz.com\/termek\/universalis-50ml\/#breadcrumb","itemListElement":[{"@type":"ListItem","position":1,"name":"Home","item":"https:\/\/tajkertesz.com\/"},{"@type":"ListItem","position":2,"name":"Kezd\u0151lap","item":"https:\/\/tajkertesz.com\/"},{"@type":"ListItem","position":3,"name":"Universalis 50ml"}]},{"@type":"WebSite","@id":"https:\/\/tajkertesz.com\/#website","url":"https:\/\/tajkertesz.com\/","name":"T\u00e1j-Kert\u00e9sz 84 Kft.","description":"Kert\u00e9szeti kis- \u00e9s nagykeresked\u00e9s, D\u00edszn\u00f6v\u00e9ny web\u00e1ruh\u00e1z orsz\u00e1gos h\u00e1zhozsz\u00e1ll\u00edt\u00e1ssal!","publisher":{"@id":"https:\/\/tajkertesz.com\/#organization"},"potentialAction":[{"@type":"SearchAction","target":{"@type":"EntryPoint","urlTemplate":"https:\/\/tajkertesz.com\/?s={search_term_string}"},"query-input":{"@type":"PropertyValueSpecification","valueRequired":true,"valueName":"search_term_string"}}],"inLanguage":"en-US"},{"@type":"Organization","@id":"https:\/\/tajkertesz.com\/#organization","name":"T\u00e1j-Kert\u00e9sz 84 Kft.","url":"https:\/\/tajkertesz.com\/","logo":{"@type":"ImageObject","inLanguage":"en-US","@id":"https:\/\/tajkertesz.com\/#\/schema\/logo\/image\/","url":"https:\/\/tajkertesz.com\/wp-content\/uploads\/2018\/02\/logo-2-e1518678052539.png","contentUrl":"https:\/\/tajkertesz.com\/wp-content\/uploads\/2018\/02\/logo-2-e1518678052539.png","width":81,"height":140,"caption":"T\u00e1j-Kert\u00e9sz 84 Kft."},"image":{"@id":"https:\/\/tajkertesz.com\/#\/schema\/logo\/image\/"},"sameAs":["https:\/\/www.facebook.com\/Tajkertesz\/"]}]}},"_links":{"self":[{"href":"https:\/\/tajkertesz.com\/en_US\/wp-json\/wp\/v2\/product\/20364","targetHints":{"allow":["GET"]}}],"collection":[{"href":"https:\/\/tajkertesz.com\/en_US\/wp-json\/wp\/v2\/product"}],"about":[{"href":"https:\/\/tajkertesz.com\/en_US\/wp-json\/wp\/v2\/types\/product"}],"wp:featuredmedia":[{"embeddable":true,"href":"https:\/\/tajkertesz.com\/en_US\/wp-json\/wp\/v2\/media\/20366"}],"wp:attachment":[{"href":"https:\/\/tajkertesz.com\/en_US\/wp-json\/wp\/v2\/media?parent=20364"}],"wp:term":[{"taxonomy":"product_brand","embeddable":true,"href":"https:\/\/tajkertesz.com\/en_US\/wp-json\/wp\/v2\/product_brand?post=20364"},{"taxonomy":"product_cat","embeddable":true,"href":"https:\/\/tajkertesz.com\/en_US\/wp-json\/wp\/v2\/product_cat?post=20364"},{"taxonomy":"product_tag","embeddable":true,"href":"https:\/\/tajkertesz.com\/en_US\/wp-json\/wp\/v2\/product_tag?post=20364"}],"curies":[{"name":"wp","href":"https:\/\/api.w.org\/{rel}","templated":true}]}}