{"id":20397,"date":"2024-10-28T15:36:53","date_gmt":"2024-10-28T15:36:53","guid":{"rendered":"https:\/\/tajkertesz.com\/?post_type=product&#038;p=20397"},"modified":"2026-04-01T12:31:25","modified_gmt":"2026-04-01T12:31:25","slug":"lonicera-kamtschatica-duet-kamcsatkai-mezbogyo","status":"publish","type":"product","link":"https:\/\/tajkertesz.com\/en_US\/product\/lonicera-kamtschatica-duet-kamcsatkai-mezbogyo\/","title":{"rendered":"Lonicera kamtschatica &#8216;Duet&#8217; &#8211; kamcsatkai m\u00e9zbogy\u00f3"},"content":{"rendered":"<h1>Lonicera kamtschatica &#8216;Duet&#8217; &#8211; Kamcsatkai m\u00e9zbogy\u00f3<\/h1>\n<p>&nbsp;<\/p>\n<p>A\u00a0<strong>Lonicera kamtschatica \u2018Duet\u2019<\/strong>, k\u00f6zismert nev\u00e9n Kamcsatkai m\u00e9zbogy\u00f3, egy k\u00fcl\u00f6nleges bogy\u00f3s gy\u00fcm\u00f6lcs, amely az ut\u00f3bbi \u00e9vekben egyre n\u00e9pszer\u0171bb\u00e9 v\u00e1lt a kert\u00e9szek \u00e9s gy\u00fcm\u00f6lcstermeszt\u0151k k\u00f6r\u00e9ben. Ez a n\u00f6v\u00e9ny a lonc (Lonicera) nemzets\u00e9gbe tartozik, \u00e9s k\u00fcl\u00f6n\u00f6sen hidegt\u0171r\u0151, \u00edgy kiv\u00e1l\u00f3an alkalmas a hidegebb \u00e9ghajlat\u00fa ter\u00fcleteken val\u00f3 termeszt\u00e9sre.<\/p>\n<h2>Lonicera kamtschatica &#8216;Duet&#8217; <span style=\"font-size: 22px;\">jellemz\u0151k<\/span><\/h2>\n<p>A \u2018Duet\u2019 m\u00e9zbogy\u00f3 bokrai k\u00f6zepes m\u00e9ret\u0171ek, \u00e1ltal\u00e1ban 1-1,5 m\u00e9ter magasra n\u0151nek. A n\u00f6v\u00e9nyek er\u0151teljes n\u00f6veked\u00e9s\u0171ek \u00e9s j\u00f3l el\u00e1gaz\u00f3dnak, ami hozz\u00e1j\u00e1rul a b\u0151s\u00e9ges term\u00e9shez. A levelek s\u00f6t\u00e9tz\u00f6ldek, ov\u00e1lis alak\u00faak \u00e9s enyh\u00e9n sz\u0151r\u00f6sek, ami k\u00fcl\u00f6nleges megjelen\u00e9st k\u00f6lcs\u00f6n\u00f6z a n\u00f6v\u00e9nynek.<\/p>\n<h3>Kamcsatkai m\u00e9zbogy\u00f3 vir\u00e1gz\u00e1sa \u00e9s term\u00e9se<\/h3>\n<p>A \u2018Duet\u2019 fajta korai vir\u00e1gz\u00e1s\u00fa, \u00e1ltal\u00e1ban \u00e1prilisban kezd vir\u00e1gozni. A vir\u00e1gok kicsik, s\u00e1rg\u00e1sfeh\u00e9rek \u00e9s illatosak, ami vonzza a beporz\u00f3 rovarokat. A gy\u00fcm\u00f6lcs\u00f6k hossz\u00fak\u00e1s alak\u00faak, k\u00e9kesfekete sz\u00edn\u0171ek \u00e9s viaszos bevonat\u00faak. Az \u00edz\u00fck \u00e9des-savanyk\u00e1s, ami friss fogyaszt\u00e1sra \u00e9s feldolgoz\u00e1sra egyar\u00e1nt alkalmass\u00e1 teszi \u0151ket. A term\u00e9s \u00e1ltal\u00e1ban j\u00fanius elej\u00e9n \u00e9rik be, \u00e9s a bogy\u00f3k k\u00f6nnyen szedhet\u0151k.<\/p>\n<h4>Talaj- \u00e9s \u00e9ghajlati ig\u00e9nyek<\/h4>\n<p>A Kamcsatkai m\u00e9zbogy\u00f3 a savany\u00fa vagy semleges talajt kedveli, pH-\u00e9rt\u00e9ke 5-7 k\u00f6z\u00f6tt ide\u00e1lis. A j\u00f3 v\u00edzelvezet\u00e9s\u0171, humuszban gazdag talajokban fejl\u0151dik a legjobban. Az \u00e9ghajlati ig\u00e9nyei k\u00f6z\u00e9 tartozik a hideg t\u00e9l, mivel a n\u00f6v\u00e9nynek sz\u00fcks\u00e9ge van a hideg id\u0151szakra a megfelel\u0151 vir\u00e1gz\u00e1s \u00e9rdek\u00e9ben. A n\u00f6v\u00e9ny rendk\u00edv\u00fcl hidegt\u0171r\u0151, ak\u00e1r -40\u00b0C-ot is elvisel, ami k\u00fcl\u00f6n\u00f6sen el\u0151ny\u00f6s a hidegebb \u00e9ghajlat\u00fa ter\u00fcleteken.<\/p>\n<h4>Gondoz\u00e1s \u00e9s metsz\u00e9s<\/h4>\n<p>A Kamcsatkai m\u00e9zbogy\u00f3 gondoz\u00e1sa viszonylag egyszer\u0171. Fontos a rendszeres \u00f6nt\u00f6z\u00e9s, k\u00fcl\u00f6n\u00f6sen a sz\u00e1raz id\u0151szakokban, mivel a n\u00f6v\u00e9ny sek\u00e9ly gy\u00f6k\u00e9rzet\u0171 \u00e9s \u00e9rz\u00e9keny a v\u00edzhi\u00e1nyra. A metsz\u00e9s sor\u00e1n a r\u00e9gi, el\u00f6regedett \u00e1gakat kell elt\u00e1vol\u00edtani, hogy helyet biztos\u00edtsunk az \u00faj hajt\u00e1soknak \u00e9s el\u0151seg\u00edts\u00fck a b\u0151s\u00e9ges term\u00e9st. A n\u00f6v\u00e9nyek k\u00f6z\u00f6tti megfelel\u0151 t\u00e1vols\u00e1g biztos\u00edt\u00e1sa is fontos, hogy elegend\u0151 f\u00e9ny \u00e9s leveg\u0151 jusson minden r\u00e9sz\u00fckh\u00f6z.<\/p>\n<h4>Betegs\u00e9gek \u00e9s k\u00e1rtev\u0151k<\/h4>\n<p>A Kamcsatkai m\u00e9zbogy\u00f3 viszonylag ellen\u00e1ll\u00f3 a betegs\u00e9gekkel \u00e9s k\u00e1rtev\u0151kkel szemben, de id\u0151nk\u00e9nt el\u0151fordulhatnak probl\u00e9m\u00e1k, mint p\u00e9ld\u00e1ul a lisztharmat vagy a lev\u00e9ltetvek. A megfelel\u0151 n\u00f6v\u00e9nyv\u00e9delem \u00e9s a j\u00f3 kert\u00e9szeti gyakorlatok seg\u00edthetnek minimaliz\u00e1lni ezeket a probl\u00e9m\u00e1kat.<\/p>\n<p>Jelenlegi term\u00e9k\u00fcnk 30-40 cm, 2 literes kont\u00e9nerben.<\/p>\n<p><strong>K\u00e9szlet\u00fcnk napi szinten v\u00e1ltozik, ez\u00e9rt k\u00e9rj\u00fck, \u00e9rdekl\u0151dj\u00f6n szem\u00e9lyesen, telefonon vagy email-en.<br \/>\nA v\u00e1ltoztat\u00e1s jog\u00e1t fenntartjuk!\u00a0<\/strong><\/p>\n<p><a href=\"https:\/\/tajkertesz.com\/\">https:\/\/tajkertesz.com\/<\/a><\/p>\n<p><a href=\"https:\/\/www.facebook.com\/tajkertesz\/\">https:\/\/www.facebook.com\/tajkertesz\/<\/a><\/p>\n<p>Kisz\u00e1ll\u00edt\u00e1s: 200cm-ig \u00a0\u00e9s 40 kg-ig a sz\u00e1ll\u00edt\u00e1s fut\u00e1rszolg\u00e1lattal \u00a0t\u00f6rt\u00e9nik.<\/p>\n<p>Szem\u00e9lyes \u00e1tv\u00e9tel nyitvatart\u00e1si id\u0151ben a 17. ker\u00fclet Bakancsos utca 7. sz\u00e1m alatti Kert\u00e9szeti \u00e1rud\u00e1nkban.<\/p>\n<h6><\/h6>","protected":false},"excerpt":{"rendered":"<p><strong>Lonicera kamtschatica &#8216;Duet&#8217; , kamcsatkai<\/strong>\u00a0m\u00e9zbogy\u00f3<\/p>\n<p>&nbsp;<\/p>\n<p>1,5 m\u00e9ter magas g\u00f6mb alak\u00fa cserje.<\/p>\n<p>A bogy\u00f3k 2 cm hossz\u00faak henger alak\u00faak, \u00e9desek.<\/p>\n<p>J\u00fanius els\u0151 fel\u00e9ben \u00e9rik.<\/p>\n<p>Nagyon b\u0151term\u0151 fajta.<\/p>\n<p>Teljesen fagy\u00e1ll\u00f3, ig\u00e9nytelen, gyakorlatilag b\u00e1rmilyen talajon meg\u00e9l.<\/p>\n<p>Kiskertekben \u00e9s ed\u00e9nyben is tarthat\u00f3.<\/p>\n<p>Ehet\u0151 gy\u00fcm\u00f6lcse sok C- \u00e9s sok B-vitamint, valamint antioxid\u00e1nst tartalmaz.<\/p>\n<p>Lekv\u00e1rt, italt \u00e9s fagylaltot is k\u00e9sz\u00edtenek bel\u0151le.<\/p>","protected":false},"featured_media":21470,"template":"","meta":{"_et_pb_use_builder":"","_et_pb_old_content":"","_et_gb_content_width":""},"product_brand":[],"product_cat":[7102],"product_tag":[5176,5178,5180,5179],"class_list":{"0":"post-20397","1":"product","2":"type-product","3":"status-publish","4":"has-post-thumbnail","6":"product_cat-mezbogyo","7":"product_tag-duett","8":"product_tag-kamcsatkai","9":"product_tag-lonicera","10":"product_tag-mezbogyo","12":"first","13":"instock","14":"shipping-taxable","15":"purchasable","16":"product-type-simple"},"yoast_head":"<!-- This site is optimized with the Yoast SEO plugin v27.4 - https:\/\/yoast.com\/product\/yoast-seo-wordpress\/ -->\n<title>Lonicera kamtschatica &#039;Duet&#039; - kamcsatkai m\u00e9zbogy\u00f3 - T\u00e1jkert\u00e9sz<\/title>\n<meta name=\"description\" content=\"A Lonicera kamtschatica &#039;Duet&#039; - kamcsatkai\u00a0m\u00e9zbogy\u00f3 j\u00fanius els\u0151 fel\u00e9ben \u00e9rik. B\u0151term\u0151, fagy\u00e1ll\u00f3 \u00e9s ig\u00e9nytelen fajta gyakorlatilag b\u00e1rmilyen talajon meg\u00e9l.\" \/>\n<meta name=\"robots\" content=\"index, follow, max-snippet:-1, max-image-preview:large, max-video-preview:-1\" \/>\n<link rel=\"canonical\" href=\"https:\/\/tajkertesz.com\/en_US\/product\/lonicera-kamtschatica-duet-kamcsatkai-mezbogyo\/\" \/>\n<meta property=\"og:locale\" content=\"en_US\" \/>\n<meta property=\"og:type\" content=\"article\" \/>\n<meta property=\"og:title\" content=\"Lonicera kamtschatica &#039;Duet&#039; - kamcsatkai m\u00e9zbogy\u00f3 - T\u00e1jkert\u00e9sz\" \/>\n<meta property=\"og:description\" content=\"A Lonicera kamtschatica &#039;Duet&#039; - kamcsatkai\u00a0m\u00e9zbogy\u00f3 j\u00fanius els\u0151 fel\u00e9ben \u00e9rik. B\u0151term\u0151, fagy\u00e1ll\u00f3 \u00e9s ig\u00e9nytelen fajta gyakorlatilag b\u00e1rmilyen talajon meg\u00e9l.\" \/>\n<meta property=\"og:url\" content=\"https:\/\/tajkertesz.com\/en_US\/product\/lonicera-kamtschatica-duet-kamcsatkai-mezbogyo\/\" \/>\n<meta property=\"og:site_name\" content=\"T\u00e1jkert\u00e9sz\" \/>\n<meta property=\"article:publisher\" content=\"https:\/\/www.facebook.com\/Tajkertesz\/\" \/>\n<meta property=\"article:modified_time\" content=\"2026-04-01T12:31:25+00:00\" \/>\n<meta property=\"og:image\" content=\"https:\/\/tajkertesz.com\/wp-content\/uploads\/2024\/05\/kamcsatkai_mezbogyo2.jpg\" \/>\n\t<meta property=\"og:image:width\" content=\"570\" \/>\n\t<meta property=\"og:image:height\" content=\"570\" \/>\n\t<meta property=\"og:image:type\" content=\"image\/jpeg\" \/>\n<meta name=\"twitter:card\" content=\"summary_large_image\" \/>\n<meta name=\"twitter:label1\" content=\"Est. reading time\" \/>\n\t<meta name=\"twitter:data1\" content=\"3 minutes\" \/>\n<script type=\"application\/ld+json\" class=\"yoast-schema-graph\">{\"@context\":\"https:\\\/\\\/schema.org\",\"@graph\":[{\"@type\":\"WebPage\",\"@id\":\"https:\\\/\\\/tajkertesz.com\\\/termek\\\/lonicera-kamtschatica-duet-kamcsatkai-mezbogyo\\\/\",\"url\":\"https:\\\/\\\/tajkertesz.com\\\/termek\\\/lonicera-kamtschatica-duet-kamcsatkai-mezbogyo\\\/\",\"name\":\"Lonicera kamtschatica 'Duet' - kamcsatkai m\u00e9zbogy\u00f3 - T\u00e1jkert\u00e9sz\",\"isPartOf\":{\"@id\":\"https:\\\/\\\/tajkertesz.com\\\/#website\"},\"primaryImageOfPage\":{\"@id\":\"https:\\\/\\\/tajkertesz.com\\\/termek\\\/lonicera-kamtschatica-duet-kamcsatkai-mezbogyo\\\/#primaryimage\"},\"image\":{\"@id\":\"https:\\\/\\\/tajkertesz.com\\\/termek\\\/lonicera-kamtschatica-duet-kamcsatkai-mezbogyo\\\/#primaryimage\"},\"thumbnailUrl\":\"https:\\\/\\\/tajkertesz.com\\\/wp-content\\\/uploads\\\/2024\\\/05\\\/kamcsatkai_mezbogyo2.jpg\",\"datePublished\":\"2024-10-28T15:36:53+00:00\",\"dateModified\":\"2026-04-01T12:31:25+00:00\",\"description\":\"A Lonicera kamtschatica 'Duet' - kamcsatkai\u00a0m\u00e9zbogy\u00f3 j\u00fanius els\u0151 fel\u00e9ben \u00e9rik. B\u0151term\u0151, fagy\u00e1ll\u00f3 \u00e9s ig\u00e9nytelen fajta gyakorlatilag b\u00e1rmilyen talajon meg\u00e9l.\",\"breadcrumb\":{\"@id\":\"https:\\\/\\\/tajkertesz.com\\\/termek\\\/lonicera-kamtschatica-duet-kamcsatkai-mezbogyo\\\/#breadcrumb\"},\"inLanguage\":\"en-US\",\"potentialAction\":[{\"@type\":\"ReadAction\",\"target\":[\"https:\\\/\\\/tajkertesz.com\\\/termek\\\/lonicera-kamtschatica-duet-kamcsatkai-mezbogyo\\\/\"]}]},{\"@type\":\"ImageObject\",\"inLanguage\":\"en-US\",\"@id\":\"https:\\\/\\\/tajkertesz.com\\\/termek\\\/lonicera-kamtschatica-duet-kamcsatkai-mezbogyo\\\/#primaryimage\",\"url\":\"https:\\\/\\\/tajkertesz.com\\\/wp-content\\\/uploads\\\/2024\\\/05\\\/kamcsatkai_mezbogyo2.jpg\",\"contentUrl\":\"https:\\\/\\\/tajkertesz.com\\\/wp-content\\\/uploads\\\/2024\\\/05\\\/kamcsatkai_mezbogyo2.jpg\",\"width\":570,\"height\":570,\"caption\":\"Lonicera kamtschatica 'Duet' - Kamcsatkai m\u00e9zbogy\u00f3\"},{\"@type\":\"BreadcrumbList\",\"@id\":\"https:\\\/\\\/tajkertesz.com\\\/termek\\\/lonicera-kamtschatica-duet-kamcsatkai-mezbogyo\\\/#breadcrumb\",\"itemListElement\":[{\"@type\":\"ListItem\",\"position\":1,\"name\":\"Home\",\"item\":\"https:\\\/\\\/tajkertesz.com\\\/\"},{\"@type\":\"ListItem\",\"position\":2,\"name\":\"Kezd\u0151lap\",\"item\":\"https:\\\/\\\/tajkertesz.com\\\/\"},{\"@type\":\"ListItem\",\"position\":3,\"name\":\"Lonicera kamtschatica &#8216;Duet&#8217; &#8211; kamcsatkai m\u00e9zbogy\u00f3\"}]},{\"@type\":\"WebSite\",\"@id\":\"https:\\\/\\\/tajkertesz.com\\\/#website\",\"url\":\"https:\\\/\\\/tajkertesz.com\\\/\",\"name\":\"T\u00e1j-Kert\u00e9sz 84 Kft.\",\"description\":\"Kert\u00e9szeti kis- \u00e9s nagykeresked\u00e9s, D\u00edszn\u00f6v\u00e9ny web\u00e1ruh\u00e1z orsz\u00e1gos h\u00e1zhozsz\u00e1ll\u00edt\u00e1ssal!\",\"publisher\":{\"@id\":\"https:\\\/\\\/tajkertesz.com\\\/#organization\"},\"potentialAction\":[{\"@type\":\"SearchAction\",\"target\":{\"@type\":\"EntryPoint\",\"urlTemplate\":\"https:\\\/\\\/tajkertesz.com\\\/?s={search_term_string}\"},\"query-input\":{\"@type\":\"PropertyValueSpecification\",\"valueRequired\":true,\"valueName\":\"search_term_string\"}}],\"inLanguage\":\"en-US\"},{\"@type\":\"Organization\",\"@id\":\"https:\\\/\\\/tajkertesz.com\\\/#organization\",\"name\":\"T\u00e1j-Kert\u00e9sz 84 Kft.\",\"url\":\"https:\\\/\\\/tajkertesz.com\\\/\",\"logo\":{\"@type\":\"ImageObject\",\"inLanguage\":\"en-US\",\"@id\":\"https:\\\/\\\/tajkertesz.com\\\/#\\\/schema\\\/logo\\\/image\\\/\",\"url\":\"https:\\\/\\\/tajkertesz.com\\\/wp-content\\\/uploads\\\/2018\\\/02\\\/logo-2-e1518678052539.png\",\"contentUrl\":\"https:\\\/\\\/tajkertesz.com\\\/wp-content\\\/uploads\\\/2018\\\/02\\\/logo-2-e1518678052539.png\",\"width\":81,\"height\":140,\"caption\":\"T\u00e1j-Kert\u00e9sz 84 Kft.\"},\"image\":{\"@id\":\"https:\\\/\\\/tajkertesz.com\\\/#\\\/schema\\\/logo\\\/image\\\/\"},\"sameAs\":[\"https:\\\/\\\/www.facebook.com\\\/Tajkertesz\\\/\"]}]}<\/script>\n<!-- \/ Yoast SEO plugin. -->","yoast_head_json":{"title":"Lonicera kamtschatica 'Duet' - kamcsatkai m\u00e9zbogy\u00f3 - T\u00e1jkert\u00e9sz","description":"A Lonicera kamtschatica 'Duet' - kamcsatkai\u00a0m\u00e9zbogy\u00f3 j\u00fanius els\u0151 fel\u00e9ben \u00e9rik. B\u0151term\u0151, fagy\u00e1ll\u00f3 \u00e9s ig\u00e9nytelen fajta gyakorlatilag b\u00e1rmilyen talajon meg\u00e9l.","robots":{"index":"index","follow":"follow","max-snippet":"max-snippet:-1","max-image-preview":"max-image-preview:large","max-video-preview":"max-video-preview:-1"},"canonical":"https:\/\/tajkertesz.com\/en_US\/product\/lonicera-kamtschatica-duet-kamcsatkai-mezbogyo\/","og_locale":"en_US","og_type":"article","og_title":"Lonicera kamtschatica 'Duet' - kamcsatkai m\u00e9zbogy\u00f3 - T\u00e1jkert\u00e9sz","og_description":"A Lonicera kamtschatica 'Duet' - kamcsatkai\u00a0m\u00e9zbogy\u00f3 j\u00fanius els\u0151 fel\u00e9ben \u00e9rik. B\u0151term\u0151, fagy\u00e1ll\u00f3 \u00e9s ig\u00e9nytelen fajta gyakorlatilag b\u00e1rmilyen talajon meg\u00e9l.","og_url":"https:\/\/tajkertesz.com\/en_US\/product\/lonicera-kamtschatica-duet-kamcsatkai-mezbogyo\/","og_site_name":"T\u00e1jkert\u00e9sz","article_publisher":"https:\/\/www.facebook.com\/Tajkertesz\/","article_modified_time":"2026-04-01T12:31:25+00:00","og_image":[{"width":570,"height":570,"url":"https:\/\/tajkertesz.com\/wp-content\/uploads\/2024\/05\/kamcsatkai_mezbogyo2.jpg","type":"image\/jpeg"}],"twitter_card":"summary_large_image","twitter_misc":{"Est. reading time":"3 minutes"},"schema":{"@context":"https:\/\/schema.org","@graph":[{"@type":"WebPage","@id":"https:\/\/tajkertesz.com\/termek\/lonicera-kamtschatica-duet-kamcsatkai-mezbogyo\/","url":"https:\/\/tajkertesz.com\/termek\/lonicera-kamtschatica-duet-kamcsatkai-mezbogyo\/","name":"Lonicera kamtschatica 'Duet' - kamcsatkai m\u00e9zbogy\u00f3 - T\u00e1jkert\u00e9sz","isPartOf":{"@id":"https:\/\/tajkertesz.com\/#website"},"primaryImageOfPage":{"@id":"https:\/\/tajkertesz.com\/termek\/lonicera-kamtschatica-duet-kamcsatkai-mezbogyo\/#primaryimage"},"image":{"@id":"https:\/\/tajkertesz.com\/termek\/lonicera-kamtschatica-duet-kamcsatkai-mezbogyo\/#primaryimage"},"thumbnailUrl":"https:\/\/tajkertesz.com\/wp-content\/uploads\/2024\/05\/kamcsatkai_mezbogyo2.jpg","datePublished":"2024-10-28T15:36:53+00:00","dateModified":"2026-04-01T12:31:25+00:00","description":"A Lonicera kamtschatica 'Duet' - kamcsatkai\u00a0m\u00e9zbogy\u00f3 j\u00fanius els\u0151 fel\u00e9ben \u00e9rik. B\u0151term\u0151, fagy\u00e1ll\u00f3 \u00e9s ig\u00e9nytelen fajta gyakorlatilag b\u00e1rmilyen talajon meg\u00e9l.","breadcrumb":{"@id":"https:\/\/tajkertesz.com\/termek\/lonicera-kamtschatica-duet-kamcsatkai-mezbogyo\/#breadcrumb"},"inLanguage":"en-US","potentialAction":[{"@type":"ReadAction","target":["https:\/\/tajkertesz.com\/termek\/lonicera-kamtschatica-duet-kamcsatkai-mezbogyo\/"]}]},{"@type":"ImageObject","inLanguage":"en-US","@id":"https:\/\/tajkertesz.com\/termek\/lonicera-kamtschatica-duet-kamcsatkai-mezbogyo\/#primaryimage","url":"https:\/\/tajkertesz.com\/wp-content\/uploads\/2024\/05\/kamcsatkai_mezbogyo2.jpg","contentUrl":"https:\/\/tajkertesz.com\/wp-content\/uploads\/2024\/05\/kamcsatkai_mezbogyo2.jpg","width":570,"height":570,"caption":"Lonicera kamtschatica 'Duet' - Kamcsatkai m\u00e9zbogy\u00f3"},{"@type":"BreadcrumbList","@id":"https:\/\/tajkertesz.com\/termek\/lonicera-kamtschatica-duet-kamcsatkai-mezbogyo\/#breadcrumb","itemListElement":[{"@type":"ListItem","position":1,"name":"Home","item":"https:\/\/tajkertesz.com\/"},{"@type":"ListItem","position":2,"name":"Kezd\u0151lap","item":"https:\/\/tajkertesz.com\/"},{"@type":"ListItem","position":3,"name":"Lonicera kamtschatica &#8216;Duet&#8217; &#8211; kamcsatkai m\u00e9zbogy\u00f3"}]},{"@type":"WebSite","@id":"https:\/\/tajkertesz.com\/#website","url":"https:\/\/tajkertesz.com\/","name":"T\u00e1j-Kert\u00e9sz 84 Kft.","description":"Kert\u00e9szeti kis- \u00e9s nagykeresked\u00e9s, D\u00edszn\u00f6v\u00e9ny web\u00e1ruh\u00e1z orsz\u00e1gos h\u00e1zhozsz\u00e1ll\u00edt\u00e1ssal!","publisher":{"@id":"https:\/\/tajkertesz.com\/#organization"},"potentialAction":[{"@type":"SearchAction","target":{"@type":"EntryPoint","urlTemplate":"https:\/\/tajkertesz.com\/?s={search_term_string}"},"query-input":{"@type":"PropertyValueSpecification","valueRequired":true,"valueName":"search_term_string"}}],"inLanguage":"en-US"},{"@type":"Organization","@id":"https:\/\/tajkertesz.com\/#organization","name":"T\u00e1j-Kert\u00e9sz 84 Kft.","url":"https:\/\/tajkertesz.com\/","logo":{"@type":"ImageObject","inLanguage":"en-US","@id":"https:\/\/tajkertesz.com\/#\/schema\/logo\/image\/","url":"https:\/\/tajkertesz.com\/wp-content\/uploads\/2018\/02\/logo-2-e1518678052539.png","contentUrl":"https:\/\/tajkertesz.com\/wp-content\/uploads\/2018\/02\/logo-2-e1518678052539.png","width":81,"height":140,"caption":"T\u00e1j-Kert\u00e9sz 84 Kft."},"image":{"@id":"https:\/\/tajkertesz.com\/#\/schema\/logo\/image\/"},"sameAs":["https:\/\/www.facebook.com\/Tajkertesz\/"]}]}},"_links":{"self":[{"href":"https:\/\/tajkertesz.com\/en_US\/wp-json\/wp\/v2\/product\/20397","targetHints":{"allow":["GET"]}}],"collection":[{"href":"https:\/\/tajkertesz.com\/en_US\/wp-json\/wp\/v2\/product"}],"about":[{"href":"https:\/\/tajkertesz.com\/en_US\/wp-json\/wp\/v2\/types\/product"}],"wp:featuredmedia":[{"embeddable":true,"href":"https:\/\/tajkertesz.com\/en_US\/wp-json\/wp\/v2\/media\/21470"}],"wp:attachment":[{"href":"https:\/\/tajkertesz.com\/en_US\/wp-json\/wp\/v2\/media?parent=20397"}],"wp:term":[{"taxonomy":"product_brand","embeddable":true,"href":"https:\/\/tajkertesz.com\/en_US\/wp-json\/wp\/v2\/product_brand?post=20397"},{"taxonomy":"product_cat","embeddable":true,"href":"https:\/\/tajkertesz.com\/en_US\/wp-json\/wp\/v2\/product_cat?post=20397"},{"taxonomy":"product_tag","embeddable":true,"href":"https:\/\/tajkertesz.com\/en_US\/wp-json\/wp\/v2\/product_tag?post=20397"}],"curies":[{"name":"wp","href":"https:\/\/api.w.org\/{rel}","templated":true}]}}