{"id":20483,"date":"2024-06-11T08:10:05","date_gmt":"2024-06-11T08:10:05","guid":{"rendered":"https:\/\/tajkertesz.com\/?post_type=product&#038;p=20483"},"modified":"2026-02-24T12:53:46","modified_gmt":"2026-02-24T12:53:46","slug":"euonymus-japonicus-zold-japan-kecskerago","status":"publish","type":"product","link":"https:\/\/tajkertesz.com\/en_US\/product\/euonymus-japonicus-zold-japan-kecskerago\/","title":{"rendered":"Euonymus japonicus\/Z\u00f6ld jap\u00e1n kecsker\u00e1g\u00f3"},"content":{"rendered":"<h2>Euonymus japonicus\/Z\u00f6ld jap\u00e1n kecsker\u00e1g\u00f3<\/h2>\n<p>Euonymus japonicus\/Z\u00f6ld jap\u00e1n kecsker\u00e1g\u00f3<\/p>\n<p>A\u00a0<strong>Jap\u00e1n kecsker\u00e1g\u00f3<\/strong>\u00a0lassan n\u00f6vekv\u0151, lomblevel\u0171 \u00f6r\u00f6kz\u00f6ld cserje vagy fa. Magass\u00e1ga id\u0151vel a 2-3 m-t is el\u00e9ri. Eg\u00e9sz \u00e9vben \u00fcde, f\u00e9nyes z\u00f6ld, b\u0151rszer\u0171 levelek jellemzik. D\u00edsz\u00edt\u0151 \u00e9rt\u00e9k\u00e9t m\u00e1jusi feh\u00e9r vir\u00e1gai, t\u00e9li narancs-piros term\u00e9sei emelik, \u00edgy eg\u00e9sz \u00e9vben folyamatosan vir\u00edt lombozat\u00e1val, vir\u00e1g\u00e1val, majd term\u00e9s\u00e9vel.<\/p>\n<p><strong>A jap\u00e1n kecsker\u00e1g\u00f3 napos, vil\u00e1gos vagy f\u00e9l\u00e1rny\u00e9kos helyre egyar\u00e1nt \u00fcltethet\u0151.<\/strong>\u00a0Fagyt\u0171r\u0151 n\u00f6v\u00e9ny, azonban\u00a0<strong>az er\u0151s fagyok k\u00e1ros\u00edthatj\u00e1k a hajt\u00e1sait,<\/strong>\u00a0emiatt \u00e9rdemes sz\u00e9lv\u00e9dett helyre \u00fcltetni.<\/p>\n<p><strong>Jellemz\u0151i:<\/strong><br \/>\nGy\u00f6ny\u00f6r\u0171, b\u0151rszer\u0171, f\u00e9nyes z\u00f6ld leveleivel p\u00e1rj\u00e1t ritk\u00edtja az \u00f6r\u00f6kz\u00f6ld s\u00f6v\u00e9nycserj\u00e9k k\u00f6z\u00f6tt.<br \/>\n&#8211; magass\u00e1ga: 2-4 m<br \/>\n&#8211; alakja: felfel\u00e9 t\u00f6r\u0151 \u00e1g\u00fa \u00f6r\u00f6kz\u00f6ld cserje, toj\u00e1sdad alak\u00fa levelekkel<br \/>\n&#8211; sz\u00edne: levele f\u00e9nyl\u0151 s\u00f6t\u00e9tz\u00f6ld, b\u0151rnem\u0171<br \/>\n&#8211; n\u00f6veked\u00e9se: k\u00f6z\u00e9per\u0151s n\u00f6veked\u00e9s<\/p>\n<p><strong>Lev\u00e9l<\/strong>: \u00d6r\u00f6kz\u00f6ld, toj\u00e1sdad, fogazott, kb. 4-7 cm-es f\u00e9nyes m\u00e9lyz\u00f6ld.<\/p>\n<p><strong>Metsz\u00e9se:<\/strong><br \/>\ntavaszi fagyok elm\u00falt\u00e1val \u00e1prilist\u00f3l augusztus v\u00e9g\u00e9ig alak\u00edthat\u00f3 tetsz\u0151leges magass\u00e1gban, sz\u00e9less\u00e9gben<\/p>\n<p><strong>Permetez\u00e9se:<\/strong><br \/>\nn\u00f6veked\u00e9si id\u0151szakban el\u0151fordul\u00f3 betegs\u00e9geket mindenk\u00e9pp kezelj\u00fck, hogy id\u0151ben megfogjuk \u00e9s ne terjedjen tov\u00e1bb<\/p>\n<p><strong>Felhaszn\u00e1l\u00e1sa:<\/strong><br \/>\nkiv\u00e1l\u00f3 szoliter \u00e9s s\u00f6v\u00e9nyn\u00f6v\u00e9ny, tehetj\u00fck ed\u00e9nybe, d\u00e9zs\u00e1ba, mutat\u00f3sak a magast\u00f6rzs\u0171 v\u00e1ltozatok teraszon, erk\u00e9lyen, \u00fczletek bej\u00e1rat\u00e1n\u00e1l<\/p>\n<p><strong>Vir\u00e1g<\/strong>: A levelek takar\u00e1s\u00e1ban megjelen\u0151 s\u00e1rg\u00e1s-z\u00f6ld szirm\u00fa apr\u00f3, alig felt\u0171n\u0151.\u00a0 Term\u00e9se lap\u00edtott r\u00f3zsasz\u00edn, a magk\u00f6peny narancsv\u00f6r\u00f6s.<\/p>\n<p><strong>Teny\u00e9szhely<\/strong>: Napos, f\u00e9l\u00e1rny\u00e9kos, kiss\u00e9 p\u00e1r\u00e1s helyet kedveli. \u00c1tlagos v\u00edzig\u00e9ny\u0171. Fiatalon kiss\u00e9 fagy\u00e9rz\u00e9keny, a hidegebb helyeken v\u00e9dekezz\u00fcnk t\u00e9li takar\u00e1ssal.<\/p>\n<p>&nbsp;<\/p>\n<p>El\u00e9rhet\u0151 t\u00f6bbf\u00e9le m\u00e9retben \u00e9s \u00e1rban.<\/p>\n<p><strong>K\u00e9szlet\u00fcnk napi szinten v\u00e1ltozik, ez\u00e9rt k\u00e9rj\u00fck, \u00e9rdekl\u0151dj\u00f6n szem\u00e9lyesen, telefonon vagy email-en.<br \/>\nA v\u00e1ltoztat\u00e1s jog\u00e1t fenntartjuk!\u00a0<\/strong><\/p>\n<p><a href=\"https:\/\/tajkertesz.com\/\">https:\/\/tajkertesz.com\/<\/a><\/p>\n<p><a href=\"https:\/\/www.facebook.com\/tajkertesz\/\">https:\/\/www.facebook.com\/tajkertesz\/<\/a><\/p>\n<p>Kisz\u00e1ll\u00edt\u00e1s: 200cm-ig \u00a0\u00e9s 40 kg-ig a sz\u00e1ll\u00edt\u00e1s fut\u00e1rszolg\u00e1lattal \u00a0t\u00f6rt\u00e9nik.<\/p>\n<p>Szem\u00e9lyes \u00e1tv\u00e9tel nyitvatart\u00e1si id\u0151ben a 17. ker\u00fclet Bakancsos utca 7. sz\u00e1m alatti Kert\u00e9szeti \u00e1ruh\u00e1zunkban.<\/p>","protected":false},"excerpt":{"rendered":"<p>A\u00a0<strong>Jap\u00e1n kecsker\u00e1g\u00f3<\/strong>\u00a0lassan n\u00f6vekv\u0151, lomblevel\u0171 \u00f6r\u00f6kz\u00f6ld cserje vagy fa. Magass\u00e1ga id\u0151vel a 2-3 m-t is el\u00e9ri. Eg\u00e9sz \u00e9vben \u00fcde, f\u00e9nyes z\u00f6ld, b\u0151rszer\u0171 levelek jellemzik. D\u00edsz\u00edt\u0151 \u00e9rt\u00e9k\u00e9t m\u00e1jusi feh\u00e9r vir\u00e1gai, t\u00e9li narancs-piros term\u00e9sei emelik, \u00edgy eg\u00e9sz \u00e9vben folyamatosan vir\u00edt lombozat\u00e1val, vir\u00e1g\u00e1val, majd term\u00e9s\u00e9vel.<\/p>\n<p>Kont\u00e9ner m\u00e9rete:9l.<\/p>\n<p>N\u00f6v\u00e9ny magass\u00e1ga: 60\/80cm<\/p>","protected":false},"featured_media":20484,"template":"","meta":{"_et_pb_use_builder":"","_et_pb_old_content":"","_et_gb_content_width":""},"product_brand":[],"product_cat":[27],"product_tag":[73,186,5189,72,24,528],"class_list":{"0":"post-20483","1":"product","2":"type-product","3":"status-publish","4":"has-post-thumbnail","6":"product_cat-cserjek","7":"product_tag-cserje","8":"product_tag-euonymus","9":"product_tag-euonymus-japonicus","10":"product_tag-kecskerago","11":"product_tag-orokzold","12":"product_tag-soveny","14":"first","15":"instock","16":"shipping-taxable","17":"purchasable","18":"product-type-simple"},"yoast_head":"<!-- This site is optimized with the Yoast SEO plugin v27.3 - https:\/\/yoast.com\/product\/yoast-seo-wordpress\/ -->\n<title>Euonymus japonicus\/Z\u00f6ld jap\u00e1n kecsker\u00e1g\u00f3 - T\u00e1jkert\u00e9sz<\/title>\n<meta name=\"description\" content=\"Euonymus japonicus\/Z\u00f6ld jap\u00e1n kecsker\u00e1g\u00f3. lassan n\u00f6vekv\u0151, lomblevel\u0171 \u00f6r\u00f6kz\u00f6ld cserje vagy fa. Magass\u00e1ga id\u0151vel a 2-3 m-t is el\u00e9ri.\" \/>\n<meta name=\"robots\" content=\"index, follow, max-snippet:-1, max-image-preview:large, max-video-preview:-1\" \/>\n<link rel=\"canonical\" href=\"https:\/\/tajkertesz.com\/en_US\/product\/euonymus-japonicus-zold-japan-kecskerago\/\" \/>\n<meta property=\"og:locale\" content=\"en_US\" \/>\n<meta property=\"og:type\" content=\"article\" \/>\n<meta property=\"og:title\" content=\"Euonymus japonicus\/Z\u00f6ld jap\u00e1n kecsker\u00e1g\u00f3 - T\u00e1jkert\u00e9sz\" \/>\n<meta property=\"og:description\" content=\"Euonymus japonicus\/Z\u00f6ld jap\u00e1n kecsker\u00e1g\u00f3. lassan n\u00f6vekv\u0151, lomblevel\u0171 \u00f6r\u00f6kz\u00f6ld cserje vagy fa. Magass\u00e1ga id\u0151vel a 2-3 m-t is el\u00e9ri.\" \/>\n<meta property=\"og:url\" content=\"https:\/\/tajkertesz.com\/en_US\/product\/euonymus-japonicus-zold-japan-kecskerago\/\" \/>\n<meta property=\"og:site_name\" content=\"T\u00e1jkert\u00e9sz\" \/>\n<meta property=\"article:publisher\" content=\"https:\/\/www.facebook.com\/Tajkertesz\/\" \/>\n<meta property=\"article:modified_time\" content=\"2026-02-24T12:53:46+00:00\" \/>\n<meta property=\"og:image\" content=\"https:\/\/tajkertesz.com\/wp-content\/uploads\/2024\/06\/Euonymus-japonicus-6.jpg\" \/>\n\t<meta property=\"og:image:width\" content=\"1600\" \/>\n\t<meta property=\"og:image:height\" content=\"1067\" \/>\n\t<meta property=\"og:image:type\" content=\"image\/jpeg\" \/>\n<meta name=\"twitter:card\" content=\"summary_large_image\" \/>\n<meta name=\"twitter:label1\" content=\"Est. reading time\" \/>\n\t<meta name=\"twitter:data1\" content=\"2 minutes\" \/>\n<script type=\"application\/ld+json\" class=\"yoast-schema-graph\">{\"@context\":\"https:\\\/\\\/schema.org\",\"@graph\":[{\"@type\":\"WebPage\",\"@id\":\"https:\\\/\\\/tajkertesz.com\\\/termek\\\/euonymus-japonicus-zold-japan-kecskerago\\\/\",\"url\":\"https:\\\/\\\/tajkertesz.com\\\/termek\\\/euonymus-japonicus-zold-japan-kecskerago\\\/\",\"name\":\"Euonymus japonicus\\\/Z\u00f6ld jap\u00e1n kecsker\u00e1g\u00f3 - T\u00e1jkert\u00e9sz\",\"isPartOf\":{\"@id\":\"https:\\\/\\\/tajkertesz.com\\\/#website\"},\"primaryImageOfPage\":{\"@id\":\"https:\\\/\\\/tajkertesz.com\\\/termek\\\/euonymus-japonicus-zold-japan-kecskerago\\\/#primaryimage\"},\"image\":{\"@id\":\"https:\\\/\\\/tajkertesz.com\\\/termek\\\/euonymus-japonicus-zold-japan-kecskerago\\\/#primaryimage\"},\"thumbnailUrl\":\"https:\\\/\\\/tajkertesz.com\\\/wp-content\\\/uploads\\\/2024\\\/06\\\/Euonymus-japonicus-6.jpg\",\"datePublished\":\"2024-06-11T08:10:05+00:00\",\"dateModified\":\"2026-02-24T12:53:46+00:00\",\"description\":\"Euonymus japonicus\\\/Z\u00f6ld jap\u00e1n kecsker\u00e1g\u00f3. lassan n\u00f6vekv\u0151, lomblevel\u0171 \u00f6r\u00f6kz\u00f6ld cserje vagy fa. Magass\u00e1ga id\u0151vel a 2-3 m-t is el\u00e9ri.\",\"breadcrumb\":{\"@id\":\"https:\\\/\\\/tajkertesz.com\\\/termek\\\/euonymus-japonicus-zold-japan-kecskerago\\\/#breadcrumb\"},\"inLanguage\":\"en-US\",\"potentialAction\":[{\"@type\":\"ReadAction\",\"target\":[\"https:\\\/\\\/tajkertesz.com\\\/termek\\\/euonymus-japonicus-zold-japan-kecskerago\\\/\"]}]},{\"@type\":\"ImageObject\",\"inLanguage\":\"en-US\",\"@id\":\"https:\\\/\\\/tajkertesz.com\\\/termek\\\/euonymus-japonicus-zold-japan-kecskerago\\\/#primaryimage\",\"url\":\"https:\\\/\\\/tajkertesz.com\\\/wp-content\\\/uploads\\\/2024\\\/06\\\/Euonymus-japonicus-6.jpg\",\"contentUrl\":\"https:\\\/\\\/tajkertesz.com\\\/wp-content\\\/uploads\\\/2024\\\/06\\\/Euonymus-japonicus-6.jpg\",\"width\":1600,\"height\":1067,\"caption\":\"Euonymus japonicus - Jap\u00e1n kecsker\u00e1g\u00f3\"},{\"@type\":\"BreadcrumbList\",\"@id\":\"https:\\\/\\\/tajkertesz.com\\\/termek\\\/euonymus-japonicus-zold-japan-kecskerago\\\/#breadcrumb\",\"itemListElement\":[{\"@type\":\"ListItem\",\"position\":1,\"name\":\"Home\",\"item\":\"https:\\\/\\\/tajkertesz.com\\\/\"},{\"@type\":\"ListItem\",\"position\":2,\"name\":\"Kezd\u0151lap\",\"item\":\"https:\\\/\\\/tajkertesz.com\\\/\"},{\"@type\":\"ListItem\",\"position\":3,\"name\":\"Euonymus japonicus\\\/Z\u00f6ld jap\u00e1n kecsker\u00e1g\u00f3\"}]},{\"@type\":\"WebSite\",\"@id\":\"https:\\\/\\\/tajkertesz.com\\\/#website\",\"url\":\"https:\\\/\\\/tajkertesz.com\\\/\",\"name\":\"T\u00e1j-Kert\u00e9sz 84 Kft.\",\"description\":\"Kert\u00e9szeti kis- \u00e9s nagykeresked\u00e9s, D\u00edszn\u00f6v\u00e9ny web\u00e1ruh\u00e1z orsz\u00e1gos h\u00e1zhozsz\u00e1ll\u00edt\u00e1ssal!\",\"publisher\":{\"@id\":\"https:\\\/\\\/tajkertesz.com\\\/#organization\"},\"potentialAction\":[{\"@type\":\"SearchAction\",\"target\":{\"@type\":\"EntryPoint\",\"urlTemplate\":\"https:\\\/\\\/tajkertesz.com\\\/?s={search_term_string}\"},\"query-input\":{\"@type\":\"PropertyValueSpecification\",\"valueRequired\":true,\"valueName\":\"search_term_string\"}}],\"inLanguage\":\"en-US\"},{\"@type\":\"Organization\",\"@id\":\"https:\\\/\\\/tajkertesz.com\\\/#organization\",\"name\":\"T\u00e1j-Kert\u00e9sz 84 Kft.\",\"url\":\"https:\\\/\\\/tajkertesz.com\\\/\",\"logo\":{\"@type\":\"ImageObject\",\"inLanguage\":\"en-US\",\"@id\":\"https:\\\/\\\/tajkertesz.com\\\/#\\\/schema\\\/logo\\\/image\\\/\",\"url\":\"https:\\\/\\\/tajkertesz.com\\\/wp-content\\\/uploads\\\/2018\\\/02\\\/logo-2-e1518678052539.png\",\"contentUrl\":\"https:\\\/\\\/tajkertesz.com\\\/wp-content\\\/uploads\\\/2018\\\/02\\\/logo-2-e1518678052539.png\",\"width\":81,\"height\":140,\"caption\":\"T\u00e1j-Kert\u00e9sz 84 Kft.\"},\"image\":{\"@id\":\"https:\\\/\\\/tajkertesz.com\\\/#\\\/schema\\\/logo\\\/image\\\/\"},\"sameAs\":[\"https:\\\/\\\/www.facebook.com\\\/Tajkertesz\\\/\"]}]}<\/script>\n<!-- \/ Yoast SEO plugin. -->","yoast_head_json":{"title":"Euonymus japonicus\/Z\u00f6ld jap\u00e1n kecsker\u00e1g\u00f3 - T\u00e1jkert\u00e9sz","description":"Euonymus japonicus\/Z\u00f6ld jap\u00e1n kecsker\u00e1g\u00f3. lassan n\u00f6vekv\u0151, lomblevel\u0171 \u00f6r\u00f6kz\u00f6ld cserje vagy fa. Magass\u00e1ga id\u0151vel a 2-3 m-t is el\u00e9ri.","robots":{"index":"index","follow":"follow","max-snippet":"max-snippet:-1","max-image-preview":"max-image-preview:large","max-video-preview":"max-video-preview:-1"},"canonical":"https:\/\/tajkertesz.com\/en_US\/product\/euonymus-japonicus-zold-japan-kecskerago\/","og_locale":"en_US","og_type":"article","og_title":"Euonymus japonicus\/Z\u00f6ld jap\u00e1n kecsker\u00e1g\u00f3 - T\u00e1jkert\u00e9sz","og_description":"Euonymus japonicus\/Z\u00f6ld jap\u00e1n kecsker\u00e1g\u00f3. lassan n\u00f6vekv\u0151, lomblevel\u0171 \u00f6r\u00f6kz\u00f6ld cserje vagy fa. Magass\u00e1ga id\u0151vel a 2-3 m-t is el\u00e9ri.","og_url":"https:\/\/tajkertesz.com\/en_US\/product\/euonymus-japonicus-zold-japan-kecskerago\/","og_site_name":"T\u00e1jkert\u00e9sz","article_publisher":"https:\/\/www.facebook.com\/Tajkertesz\/","article_modified_time":"2026-02-24T12:53:46+00:00","og_image":[{"width":1600,"height":1067,"url":"https:\/\/tajkertesz.com\/wp-content\/uploads\/2024\/06\/Euonymus-japonicus-6.jpg","type":"image\/jpeg"}],"twitter_card":"summary_large_image","twitter_misc":{"Est. reading time":"2 minutes"},"schema":{"@context":"https:\/\/schema.org","@graph":[{"@type":"WebPage","@id":"https:\/\/tajkertesz.com\/termek\/euonymus-japonicus-zold-japan-kecskerago\/","url":"https:\/\/tajkertesz.com\/termek\/euonymus-japonicus-zold-japan-kecskerago\/","name":"Euonymus japonicus\/Z\u00f6ld jap\u00e1n kecsker\u00e1g\u00f3 - T\u00e1jkert\u00e9sz","isPartOf":{"@id":"https:\/\/tajkertesz.com\/#website"},"primaryImageOfPage":{"@id":"https:\/\/tajkertesz.com\/termek\/euonymus-japonicus-zold-japan-kecskerago\/#primaryimage"},"image":{"@id":"https:\/\/tajkertesz.com\/termek\/euonymus-japonicus-zold-japan-kecskerago\/#primaryimage"},"thumbnailUrl":"https:\/\/tajkertesz.com\/wp-content\/uploads\/2024\/06\/Euonymus-japonicus-6.jpg","datePublished":"2024-06-11T08:10:05+00:00","dateModified":"2026-02-24T12:53:46+00:00","description":"Euonymus japonicus\/Z\u00f6ld jap\u00e1n kecsker\u00e1g\u00f3. lassan n\u00f6vekv\u0151, lomblevel\u0171 \u00f6r\u00f6kz\u00f6ld cserje vagy fa. Magass\u00e1ga id\u0151vel a 2-3 m-t is el\u00e9ri.","breadcrumb":{"@id":"https:\/\/tajkertesz.com\/termek\/euonymus-japonicus-zold-japan-kecskerago\/#breadcrumb"},"inLanguage":"en-US","potentialAction":[{"@type":"ReadAction","target":["https:\/\/tajkertesz.com\/termek\/euonymus-japonicus-zold-japan-kecskerago\/"]}]},{"@type":"ImageObject","inLanguage":"en-US","@id":"https:\/\/tajkertesz.com\/termek\/euonymus-japonicus-zold-japan-kecskerago\/#primaryimage","url":"https:\/\/tajkertesz.com\/wp-content\/uploads\/2024\/06\/Euonymus-japonicus-6.jpg","contentUrl":"https:\/\/tajkertesz.com\/wp-content\/uploads\/2024\/06\/Euonymus-japonicus-6.jpg","width":1600,"height":1067,"caption":"Euonymus japonicus - Jap\u00e1n kecsker\u00e1g\u00f3"},{"@type":"BreadcrumbList","@id":"https:\/\/tajkertesz.com\/termek\/euonymus-japonicus-zold-japan-kecskerago\/#breadcrumb","itemListElement":[{"@type":"ListItem","position":1,"name":"Home","item":"https:\/\/tajkertesz.com\/"},{"@type":"ListItem","position":2,"name":"Kezd\u0151lap","item":"https:\/\/tajkertesz.com\/"},{"@type":"ListItem","position":3,"name":"Euonymus japonicus\/Z\u00f6ld jap\u00e1n kecsker\u00e1g\u00f3"}]},{"@type":"WebSite","@id":"https:\/\/tajkertesz.com\/#website","url":"https:\/\/tajkertesz.com\/","name":"T\u00e1j-Kert\u00e9sz 84 Kft.","description":"Kert\u00e9szeti kis- \u00e9s nagykeresked\u00e9s, D\u00edszn\u00f6v\u00e9ny web\u00e1ruh\u00e1z orsz\u00e1gos h\u00e1zhozsz\u00e1ll\u00edt\u00e1ssal!","publisher":{"@id":"https:\/\/tajkertesz.com\/#organization"},"potentialAction":[{"@type":"SearchAction","target":{"@type":"EntryPoint","urlTemplate":"https:\/\/tajkertesz.com\/?s={search_term_string}"},"query-input":{"@type":"PropertyValueSpecification","valueRequired":true,"valueName":"search_term_string"}}],"inLanguage":"en-US"},{"@type":"Organization","@id":"https:\/\/tajkertesz.com\/#organization","name":"T\u00e1j-Kert\u00e9sz 84 Kft.","url":"https:\/\/tajkertesz.com\/","logo":{"@type":"ImageObject","inLanguage":"en-US","@id":"https:\/\/tajkertesz.com\/#\/schema\/logo\/image\/","url":"https:\/\/tajkertesz.com\/wp-content\/uploads\/2018\/02\/logo-2-e1518678052539.png","contentUrl":"https:\/\/tajkertesz.com\/wp-content\/uploads\/2018\/02\/logo-2-e1518678052539.png","width":81,"height":140,"caption":"T\u00e1j-Kert\u00e9sz 84 Kft."},"image":{"@id":"https:\/\/tajkertesz.com\/#\/schema\/logo\/image\/"},"sameAs":["https:\/\/www.facebook.com\/Tajkertesz\/"]}]}},"_links":{"self":[{"href":"https:\/\/tajkertesz.com\/en_US\/wp-json\/wp\/v2\/product\/20483","targetHints":{"allow":["GET"]}}],"collection":[{"href":"https:\/\/tajkertesz.com\/en_US\/wp-json\/wp\/v2\/product"}],"about":[{"href":"https:\/\/tajkertesz.com\/en_US\/wp-json\/wp\/v2\/types\/product"}],"wp:featuredmedia":[{"embeddable":true,"href":"https:\/\/tajkertesz.com\/en_US\/wp-json\/wp\/v2\/media\/20484"}],"wp:attachment":[{"href":"https:\/\/tajkertesz.com\/en_US\/wp-json\/wp\/v2\/media?parent=20483"}],"wp:term":[{"taxonomy":"product_brand","embeddable":true,"href":"https:\/\/tajkertesz.com\/en_US\/wp-json\/wp\/v2\/product_brand?post=20483"},{"taxonomy":"product_cat","embeddable":true,"href":"https:\/\/tajkertesz.com\/en_US\/wp-json\/wp\/v2\/product_cat?post=20483"},{"taxonomy":"product_tag","embeddable":true,"href":"https:\/\/tajkertesz.com\/en_US\/wp-json\/wp\/v2\/product_tag?post=20483"}],"curies":[{"name":"wp","href":"https:\/\/api.w.org\/{rel}","templated":true}]}}