{"id":20486,"date":"2024-06-11T08:10:38","date_gmt":"2024-06-11T08:10:38","guid":{"rendered":"https:\/\/tajkertesz.com\/?post_type=product&#038;p=20486"},"modified":"2026-02-24T12:53:01","modified_gmt":"2026-02-24T12:53:01","slug":"euonymus-japonicus-zold-japan-kecskerago-2","status":"publish","type":"product","link":"https:\/\/tajkertesz.com\/en_US\/product\/euonymus-japonicus-zold-japan-kecskerago-2\/","title":{"rendered":"Euonymus japonicus &#8211; Jap\u00e1n kecsker\u00e1g\u00f3"},"content":{"rendered":"<h1>Euonymus japonicus &#8211; Jap\u00e1n kecsker\u00e1g\u00f3<\/h1>\n<p>A Euonymus japonicus &#8211; Jap\u00e1n kecsker\u00e1g\u00f3 egy rendk\u00edv\u00fcl sokoldal\u00fa, <strong data-start=\"603\" data-end=\"626\">\u00f6r\u00f6kz\u00f6ld d\u00edszcserje<\/strong>, amely eg\u00e9sz \u00e9vben z\u00f6ld lombj\u00e1val d\u00edsz\u00edti a kertet. S\u0171r\u0171 \u00e1grendszere \u00e9s j\u00f3 metszhet\u0151s\u00e9ge miatt kiv\u00e1l\u00f3an alkalmas <strong data-start=\"740\" data-end=\"792\">s\u00f6v\u00e9nyek, t\u00e9rhat\u00e1rol\u00f3k \u00e9s form\u00e1ra ny\u00edrt n\u00f6v\u00e9nyek<\/strong> kialak\u00edt\u00e1s\u00e1ra.<\/p>\n<p data-start=\"809\" data-end=\"1069\">J\u00f3l alkalmazkodik a k\u00fcl\u00f6nb\u00f6z\u0151 k\u00f6rnyezeti felt\u00e9telekhez, \u00edgy <strong data-start=\"869\" data-end=\"916\">v\u00e1rosi kertekben, parkokban \u00e9s el\u0151kertekben<\/strong> is gyakran alkalmazott n\u00f6v\u00e9ny. Napos \u00e9s f\u00e9l\u00e1rny\u00e9kos fekv\u00e9sben egyar\u00e1nt j\u00f3l fejl\u0151dik, talajjal szemben nem t\u00fal ig\u00e9nyes, de a j\u00f3 v\u00edzelvezet\u00e9st megh\u00e1l\u00e1lja.<\/p>\n<h2><strong>Euonymus japonicus &#8211; Jap\u00e1n kecsker\u00e1g\u00f3 jellemz\u0151i:<\/strong><\/h2>\n<p data-start=\"1071\" data-end=\"1168\">Az <strong data-start=\"1074\" data-end=\"1096\">Euonymus japonicus<\/strong> d\u00e9zs\u00e1ban is nevelhet\u0151, \u00edgy teraszokra, erk\u00e9lyekre is ide\u00e1lis v\u00e1laszt\u00e1s.<\/p>\n<h4 data-start=\"1170\" data-end=\"1182\">El\u0151nyei:<\/h4>\n<ul data-start=\"1183\" data-end=\"1357\">\n<li data-start=\"1183\" data-end=\"1212\">\n<p data-start=\"1185\" data-end=\"1212\">\u00d6r\u00f6kz\u00f6ld lomb eg\u00e9sz \u00e9vben<\/p>\n<\/li>\n<li data-start=\"1213\" data-end=\"1250\">\n<p data-start=\"1215\" data-end=\"1250\">J\u00f3l metszhet\u0151, k\u00f6nnyen form\u00e1zhat\u00f3<\/p>\n<\/li>\n<li data-start=\"1251\" data-end=\"1291\">\n<p data-start=\"1253\" data-end=\"1291\">S\u00f6v\u00e9nynek \u00e9s szoliternek is alkalmas<\/p>\n<\/li>\n<li data-start=\"1292\" data-end=\"1323\">\n<p data-start=\"1294\" data-end=\"1323\">V\u00e1rost\u0171r\u0151, ellen\u00e1ll\u00f3 n\u00f6v\u00e9ny<\/p>\n<\/li>\n<li data-start=\"1324\" data-end=\"1357\">\n<p data-start=\"1326\" data-end=\"1357\">D\u00e9zs\u00e1s nevel\u00e9sre is megfelel\u0151<\/p>\n<\/li>\n<\/ul>\n<hr data-start=\"1359\" data-end=\"1362\" \/>\n<h4 data-start=\"1364\" data-end=\"1388\">\ud83d\udd39 Gondoz\u00e1si \u00fatmutat\u00f3<\/h4>\n<p data-start=\"1390\" data-end=\"1618\"><strong data-start=\"1390\" data-end=\"1404\">F\u00e9nyig\u00e9ny:<\/strong> napos \u2013 f\u00e9l\u00e1rny\u00e9kos<br data-start=\"1424\" data-end=\"1427\" \/><strong data-start=\"1427\" data-end=\"1442\">Talajig\u00e9ny:<\/strong> j\u00f3 v\u00edz\u00e1tereszt\u0151, \u00e1tlagos kerti talaj<br data-start=\"1479\" data-end=\"1482\" \/><strong data-start=\"1482\" data-end=\"1494\">\u00d6nt\u00f6z\u00e9s:<\/strong> m\u00e9rs\u00e9kelt<br data-start=\"1504\" data-end=\"1507\" \/><strong data-start=\"1507\" data-end=\"1523\">Fagy\u00e1ll\u00f3s\u00e1g:<\/strong> j\u00f3 (kem\u00e9ny teleken fiatal n\u00f6v\u00e9nyek v\u00e9delme javasolt)<br data-start=\"1576\" data-end=\"1579\" \/><strong data-start=\"1579\" data-end=\"1591\">Metsz\u00e9s:<\/strong> tavasszal \u00e9s ny\u00e1r elej\u00e9n<\/p>\n<h4><strong>\ud83d\udd04 K\u00e9szletinform\u00e1ci\u00f3<\/strong><\/h4>\n<p><strong>K\u00e9szlet\u00fcnk napi szinten v\u00e1ltozik, \u00edgy a webshopban szerepl<\/strong><strong>\u0151<\/strong><strong>\u00a0term\u00e9kek el\u00e9rhet<\/strong><strong>\u0151<\/strong><strong>s\u00e9ge nem garant\u00e1lt.<br \/>\n\ud83d\udcde A megrendel\u00e9s el<\/strong><strong>\u0151<\/strong><strong>tt k\u00e9rj\u00fck, \u00e9rdekl<\/strong><strong>\u0151<\/strong><strong>dj\u00f6n szem\u00e9lyesen, telefonon vagy e-mailben!<\/strong><\/p>\n<h4><strong>\u27a1\ufe0f Kapcsolat:<\/strong><\/h4>\n<ul>\n<li><strong>Weboldal:\u00a0<\/strong><a href=\"https:\/\/tajkertesz.com\/\"><strong>tajkertesz.com<\/strong><\/a><\/li>\n<li><strong>Facebook:\u00a0<\/strong><a href=\"https:\/\/www.facebook.com\/tajkertesz\/\"><strong>facebook.com\/tajkertesz<\/strong><\/a><\/li>\n<li><strong>Telefonsz\u00e1m, e-mail: +36\/20-319-3770\u00a0<\/strong><a href=\"mailto:tajkerteszaruda@gmail.com\"><strong>tajkerteszaruda@gmail.com<\/strong><\/a><\/li>\n<\/ul>\n<h4><strong>\ud83d\ude9a Sz\u00e1ll\u00edt\u00e1si inform\u00e1ci\u00f3k<\/strong><\/h4>\n<p><strong>A megrendelt n\u00f6v\u00e9nyek kisz\u00e1ll\u00edt\u00e1sa az al\u00e1bbi felt\u00e9telek mellett t\u00f6rt\u00e9nik:<\/strong><\/p>\n<h4><strong>\ud83d\udce6 Fut\u00e1rszolg\u00e1latos sz\u00e1ll\u00edt\u00e1s<\/strong><\/h4>\n<ul>\n<li><strong>Maxim\u00e1lis m\u00e9ret: 200 cm (hossz\u00fas\u00e1g)<\/strong><\/li>\n<li><strong>Maxim\u00e1lis s\u00faly: 40 kg<\/strong><\/li>\n<li><strong>Az enn\u00e9l kisebb \u00e9s k\u00f6nnyebb csomagokat fut\u00e1rszolg\u00e1lattal k\u00e9zbes\u00edtj\u00fck a lehet<\/strong><strong>\u0151<\/strong><strong>\u00a0legbiztons\u00e1gosabb csomagol\u00e1sban.<\/strong><\/li>\n<\/ul>\n<h4><strong>\ud83d\udefb Szem\u00e9lyes \u00e1tv\u00e9tel<\/strong><\/h4>\n<ul>\n<li><strong>1173 Budapest, Bakancsos utca 7. sz\u00e1m alatt nyitvatart\u00e1si id<\/strong><strong>\u0151<\/strong><strong>ben szem\u00e9lyesen \u00e1tvehet<\/strong><strong>\u0151<\/strong><strong>\u00a0kert\u00e9szeti \u00e1rud\u00e1nkban.<\/strong><\/li>\n<li><strong>K\u00f6lts\u00e9ghat\u00e9kony megold\u00e1s nagyobb, t\u00f6r\u00e9kenyebb vagy t\u00falm\u00e9retes n\u00f6v\u00e9nyek eset\u00e9n.<\/strong><\/li>\n<\/ul>\n<h4><strong>\ud83d\udcde Nagy m\u00e9ret<\/strong><strong>\u0171<\/strong><strong>\u00a0vagy s\u00faly\u00fa n\u00f6v\u00e9nyek eset\u00e9n<\/strong><\/h4>\n<p><strong>Ha a term\u00e9k:<\/strong><\/p>\n<ul>\n<li><strong>meghaladja a 200 cm hossz\u00fas\u00e1got vagy<\/strong><\/li>\n<li><strong>meghaladja a 40 kg s\u00falyt,<\/strong><\/li>\n<\/ul>\n<p><strong>akkor szem\u00e9lyes \u00e1tv\u00e9tellel vagy egyedi, el<\/strong><strong>\u0151<\/strong><strong>re egyeztetett sz\u00e1ll\u00edt\u00e1si felt\u00e9telek mellett t\u00f6rt\u00e9nik.<br \/>\nK\u00e9rj\u00fck, ilyen esetben rendel\u00e9s el<\/strong><strong>\u0151<\/strong><strong>tt vegye fel vel\u00fcnk a kapcsolatot, hogy a lehet<\/strong><strong>\u0151<\/strong><strong>\u00a0legmegfelel<\/strong><strong>\u0151<\/strong><strong>bb sz\u00e1ll\u00edt\u00e1si megold\u00e1st k\u00edn\u00e1lhassuk.<\/strong><\/p>\n<p><strong>\ud83d\udd14 Fontos: A n\u00f6v\u00e9nyeket minden esetben igyeksz\u00fcnk gondosan, egyes\u00e9vel csomagolni, azonban a sz\u00e1ll\u00edt\u00e1s sor\u00e1n kisebb eszt\u00e9tikai s\u00e9r\u00fcl\u00e9sek el<\/strong><strong>\u0151<\/strong><strong>fordulhatnak (pl. lev\u00e9lhull\u00e1s). Ez nem min<\/strong><strong>\u0151<\/strong><strong>s\u00fcl hib\u00e1s teljes\u00edt\u00e9snek.<\/strong><\/p>\n<h4><strong>\ud83d\udcf7 Fontos tudni a k\u00e9pekr<\/strong><strong>\u0151<\/strong><strong>l<\/strong><\/h4>\n<p><strong>A webshopban szerepl<\/strong><strong>\u0151<\/strong><strong>\u00a0k\u00e9pek illusztr\u00e1ci\u00f3k, a n\u00f6v\u00e9nyek term\u00e9szet\u00fckn\u00e9l fogva egyediek, \u00edgy m\u00e9retben, alakban \u00e9s sz\u00ednben minim\u00e1lis elt\u00e9r\u00e9sek el<\/strong><strong>\u0151<\/strong><strong>fordulhatnak a k\u00e9pen l\u00e1that\u00f3 \u00e9s a val\u00f3s p\u00e9ld\u00e1nyok k\u00f6z\u00f6tt.<\/strong><\/p>\n<h4><strong>\ud83e\uddfe \u00c1rak \u00e9s el\u00e1ll\u00e1si jog<\/strong><\/h4>\n<ul>\n<li><strong>Az \u00e1rak egy darab\u00a0n\u00f6v\u00e9nyre vonatkoznak.<\/strong><\/li>\n<li><strong>\u00c9l<\/strong><strong>\u0151<\/strong><strong>\u00a0n\u00f6v\u00e9nyek rendel\u00e9se eset\u00e9n a 14 napos el\u00e1ll\u00e1s joga nem \u00e9rv\u00e9nyes\u00edthet<\/strong><strong>\u0151<\/strong><strong>, mivel azok romland\u00f3, biol\u00f3giailag \u00e9l<\/strong><strong>\u0151<\/strong><strong>\u00a0term\u00e9keknek min<\/strong><strong>\u0151<\/strong><strong>s\u00fclnek.<br \/>\n\ud83d\udd12 (17\/1999. (II. 5.) Korm. rendelet 5. \u00a7 c) pontja alapj\u00e1n)<\/strong><\/li>\n<\/ul>\n<h4><strong>\ud83d\udce6 K\u00e9zbes\u00edt\u00e9s ut\u00e1ni teend<\/strong><strong>\u0151<\/strong><strong>k<\/strong><\/h4>\n<p><strong>A k\u00e9zbes\u00edt\u00e9st k\u00f6vet<\/strong><strong>\u0151<\/strong><strong>en a csomagot azonnal bontsuk ki, \u00e9s a n\u00f6v\u00e9nyt helyezz\u00fck el megfelel<\/strong><strong>\u0151<\/strong><strong>\u00a0k\u00f6rnyezetben.<br \/>\nFontos: ha a n\u00f6v\u00e9ny nem r\u00e9szes\u00fcl megfelel<\/strong><strong>\u0151<\/strong><strong>\u00a0gondoz\u00e1sban \u00e9s ennek k\u00f6vetkezt\u00e9ben k\u00e1rosodik vagy elpusztul, felel<\/strong><strong>\u0151<\/strong><strong>ss\u00e9get nem tudunk v\u00e1llalni.<\/strong><\/p>\n<p>&nbsp;<\/p>","protected":false},"excerpt":{"rendered":"<p data-start=\"317\" data-end=\"480\">Az <strong data-start=\"320\" data-end=\"342\">Euonymus japonicus<\/strong>, azaz jap\u00e1n kecsker\u00e1g\u00f3, egy j\u00f3l form\u00e1zhat\u00f3, \u00f6r\u00f6kz\u00f6ld d\u00edszcserje, amely s\u00f6v\u00e9nynek, szoliternek vagy d\u00e9zs\u00e1s n\u00f6v\u00e9nyk\u00e9nt is kiv\u00e1l\u00f3 v\u00e1laszt\u00e1s.<\/p>\n<p>Kont\u00e9ner m\u00e9rete:3l.<\/p>\n<p>N\u00f6v\u00e9ny magass\u00e1ga: 60\/80cm<\/p>","protected":false},"featured_media":20484,"template":"","meta":{"_et_pb_use_builder":"","_et_pb_old_content":"","_et_gb_content_width":""},"product_brand":[],"product_cat":[27],"product_tag":[73,186,5189,72,24,528],"class_list":{"0":"post-20486","1":"product","2":"type-product","3":"status-publish","4":"has-post-thumbnail","6":"product_cat-cserjek","7":"product_tag-cserje","8":"product_tag-euonymus","9":"product_tag-euonymus-japonicus","10":"product_tag-kecskerago","11":"product_tag-orokzold","12":"product_tag-soveny","14":"first","15":"instock","16":"shipping-taxable","17":"purchasable","18":"product-type-simple"},"yoast_head":"<!-- This site is optimized with the Yoast SEO plugin v27.3 - https:\/\/yoast.com\/product\/yoast-seo-wordpress\/ -->\n<title>Euonymus japonicus - Jap\u00e1n kecsker\u00e1g\u00f3 - T\u00e1jkert\u00e9sz<\/title>\n<meta name=\"description\" content=\"Euonymus japonicus - Jap\u00e1n kecsker\u00e1g\u00f3 \u00f6r\u00f6kz\u00f6ld d\u00edszcserje s\u00f6v\u00e9nynek \u00e9s szoliternek. J\u00f3l metszhet\u0151, k\u00f6nnyen gondozhat\u00f3 n\u00f6v\u00e9ny.\" \/>\n<meta name=\"robots\" content=\"index, follow, max-snippet:-1, max-image-preview:large, max-video-preview:-1\" \/>\n<link rel=\"canonical\" href=\"https:\/\/tajkertesz.com\/en_US\/product\/euonymus-japonicus-zold-japan-kecskerago-2\/\" \/>\n<meta property=\"og:locale\" content=\"en_US\" \/>\n<meta property=\"og:type\" content=\"article\" \/>\n<meta property=\"og:title\" content=\"Euonymus japonicus - Jap\u00e1n kecsker\u00e1g\u00f3 - T\u00e1jkert\u00e9sz\" \/>\n<meta property=\"og:description\" content=\"Euonymus japonicus - Jap\u00e1n kecsker\u00e1g\u00f3 \u00f6r\u00f6kz\u00f6ld d\u00edszcserje s\u00f6v\u00e9nynek \u00e9s szoliternek. J\u00f3l metszhet\u0151, k\u00f6nnyen gondozhat\u00f3 n\u00f6v\u00e9ny.\" \/>\n<meta property=\"og:url\" content=\"https:\/\/tajkertesz.com\/en_US\/product\/euonymus-japonicus-zold-japan-kecskerago-2\/\" \/>\n<meta property=\"og:site_name\" content=\"T\u00e1jkert\u00e9sz\" \/>\n<meta property=\"article:publisher\" content=\"https:\/\/www.facebook.com\/Tajkertesz\/\" \/>\n<meta property=\"article:modified_time\" content=\"2026-02-24T12:53:01+00:00\" \/>\n<meta property=\"og:image\" content=\"https:\/\/tajkertesz.com\/wp-content\/uploads\/2024\/06\/Euonymus-japonicus-6.jpg\" \/>\n\t<meta property=\"og:image:width\" content=\"1600\" \/>\n\t<meta property=\"og:image:height\" content=\"1067\" \/>\n\t<meta property=\"og:image:type\" content=\"image\/jpeg\" \/>\n<meta name=\"twitter:card\" content=\"summary_large_image\" \/>\n<meta name=\"twitter:label1\" content=\"Est. reading time\" \/>\n\t<meta name=\"twitter:data1\" content=\"3 minutes\" \/>\n<script type=\"application\/ld+json\" class=\"yoast-schema-graph\">{\"@context\":\"https:\\\/\\\/schema.org\",\"@graph\":[{\"@type\":\"WebPage\",\"@id\":\"https:\\\/\\\/tajkertesz.com\\\/termek\\\/euonymus-japonicus-zold-japan-kecskerago-2\\\/\",\"url\":\"https:\\\/\\\/tajkertesz.com\\\/termek\\\/euonymus-japonicus-zold-japan-kecskerago-2\\\/\",\"name\":\"Euonymus japonicus - Jap\u00e1n kecsker\u00e1g\u00f3 - T\u00e1jkert\u00e9sz\",\"isPartOf\":{\"@id\":\"https:\\\/\\\/tajkertesz.com\\\/#website\"},\"primaryImageOfPage\":{\"@id\":\"https:\\\/\\\/tajkertesz.com\\\/termek\\\/euonymus-japonicus-zold-japan-kecskerago-2\\\/#primaryimage\"},\"image\":{\"@id\":\"https:\\\/\\\/tajkertesz.com\\\/termek\\\/euonymus-japonicus-zold-japan-kecskerago-2\\\/#primaryimage\"},\"thumbnailUrl\":\"https:\\\/\\\/tajkertesz.com\\\/wp-content\\\/uploads\\\/2024\\\/06\\\/Euonymus-japonicus-6.jpg\",\"datePublished\":\"2024-06-11T08:10:38+00:00\",\"dateModified\":\"2026-02-24T12:53:01+00:00\",\"description\":\"Euonymus japonicus - Jap\u00e1n kecsker\u00e1g\u00f3 \u00f6r\u00f6kz\u00f6ld d\u00edszcserje s\u00f6v\u00e9nynek \u00e9s szoliternek. J\u00f3l metszhet\u0151, k\u00f6nnyen gondozhat\u00f3 n\u00f6v\u00e9ny.\",\"breadcrumb\":{\"@id\":\"https:\\\/\\\/tajkertesz.com\\\/termek\\\/euonymus-japonicus-zold-japan-kecskerago-2\\\/#breadcrumb\"},\"inLanguage\":\"en-US\",\"potentialAction\":[{\"@type\":\"ReadAction\",\"target\":[\"https:\\\/\\\/tajkertesz.com\\\/termek\\\/euonymus-japonicus-zold-japan-kecskerago-2\\\/\"]}]},{\"@type\":\"ImageObject\",\"inLanguage\":\"en-US\",\"@id\":\"https:\\\/\\\/tajkertesz.com\\\/termek\\\/euonymus-japonicus-zold-japan-kecskerago-2\\\/#primaryimage\",\"url\":\"https:\\\/\\\/tajkertesz.com\\\/wp-content\\\/uploads\\\/2024\\\/06\\\/Euonymus-japonicus-6.jpg\",\"contentUrl\":\"https:\\\/\\\/tajkertesz.com\\\/wp-content\\\/uploads\\\/2024\\\/06\\\/Euonymus-japonicus-6.jpg\",\"width\":1600,\"height\":1067,\"caption\":\"Euonymus japonicus - Jap\u00e1n kecsker\u00e1g\u00f3\"},{\"@type\":\"BreadcrumbList\",\"@id\":\"https:\\\/\\\/tajkertesz.com\\\/termek\\\/euonymus-japonicus-zold-japan-kecskerago-2\\\/#breadcrumb\",\"itemListElement\":[{\"@type\":\"ListItem\",\"position\":1,\"name\":\"Home\",\"item\":\"https:\\\/\\\/tajkertesz.com\\\/\"},{\"@type\":\"ListItem\",\"position\":2,\"name\":\"Kezd\u0151lap\",\"item\":\"https:\\\/\\\/tajkertesz.com\\\/\"},{\"@type\":\"ListItem\",\"position\":3,\"name\":\"Euonymus japonicus &#8211; Jap\u00e1n kecsker\u00e1g\u00f3\"}]},{\"@type\":\"WebSite\",\"@id\":\"https:\\\/\\\/tajkertesz.com\\\/#website\",\"url\":\"https:\\\/\\\/tajkertesz.com\\\/\",\"name\":\"T\u00e1j-Kert\u00e9sz 84 Kft.\",\"description\":\"Kert\u00e9szeti kis- \u00e9s nagykeresked\u00e9s, D\u00edszn\u00f6v\u00e9ny web\u00e1ruh\u00e1z orsz\u00e1gos h\u00e1zhozsz\u00e1ll\u00edt\u00e1ssal!\",\"publisher\":{\"@id\":\"https:\\\/\\\/tajkertesz.com\\\/#organization\"},\"potentialAction\":[{\"@type\":\"SearchAction\",\"target\":{\"@type\":\"EntryPoint\",\"urlTemplate\":\"https:\\\/\\\/tajkertesz.com\\\/?s={search_term_string}\"},\"query-input\":{\"@type\":\"PropertyValueSpecification\",\"valueRequired\":true,\"valueName\":\"search_term_string\"}}],\"inLanguage\":\"en-US\"},{\"@type\":\"Organization\",\"@id\":\"https:\\\/\\\/tajkertesz.com\\\/#organization\",\"name\":\"T\u00e1j-Kert\u00e9sz 84 Kft.\",\"url\":\"https:\\\/\\\/tajkertesz.com\\\/\",\"logo\":{\"@type\":\"ImageObject\",\"inLanguage\":\"en-US\",\"@id\":\"https:\\\/\\\/tajkertesz.com\\\/#\\\/schema\\\/logo\\\/image\\\/\",\"url\":\"https:\\\/\\\/tajkertesz.com\\\/wp-content\\\/uploads\\\/2018\\\/02\\\/logo-2-e1518678052539.png\",\"contentUrl\":\"https:\\\/\\\/tajkertesz.com\\\/wp-content\\\/uploads\\\/2018\\\/02\\\/logo-2-e1518678052539.png\",\"width\":81,\"height\":140,\"caption\":\"T\u00e1j-Kert\u00e9sz 84 Kft.\"},\"image\":{\"@id\":\"https:\\\/\\\/tajkertesz.com\\\/#\\\/schema\\\/logo\\\/image\\\/\"},\"sameAs\":[\"https:\\\/\\\/www.facebook.com\\\/Tajkertesz\\\/\"]}]}<\/script>\n<!-- \/ Yoast SEO plugin. -->","yoast_head_json":{"title":"Euonymus japonicus - Jap\u00e1n kecsker\u00e1g\u00f3 - T\u00e1jkert\u00e9sz","description":"Euonymus japonicus - Jap\u00e1n kecsker\u00e1g\u00f3 \u00f6r\u00f6kz\u00f6ld d\u00edszcserje s\u00f6v\u00e9nynek \u00e9s szoliternek. J\u00f3l metszhet\u0151, k\u00f6nnyen gondozhat\u00f3 n\u00f6v\u00e9ny.","robots":{"index":"index","follow":"follow","max-snippet":"max-snippet:-1","max-image-preview":"max-image-preview:large","max-video-preview":"max-video-preview:-1"},"canonical":"https:\/\/tajkertesz.com\/en_US\/product\/euonymus-japonicus-zold-japan-kecskerago-2\/","og_locale":"en_US","og_type":"article","og_title":"Euonymus japonicus - Jap\u00e1n kecsker\u00e1g\u00f3 - T\u00e1jkert\u00e9sz","og_description":"Euonymus japonicus - Jap\u00e1n kecsker\u00e1g\u00f3 \u00f6r\u00f6kz\u00f6ld d\u00edszcserje s\u00f6v\u00e9nynek \u00e9s szoliternek. J\u00f3l metszhet\u0151, k\u00f6nnyen gondozhat\u00f3 n\u00f6v\u00e9ny.","og_url":"https:\/\/tajkertesz.com\/en_US\/product\/euonymus-japonicus-zold-japan-kecskerago-2\/","og_site_name":"T\u00e1jkert\u00e9sz","article_publisher":"https:\/\/www.facebook.com\/Tajkertesz\/","article_modified_time":"2026-02-24T12:53:01+00:00","og_image":[{"width":1600,"height":1067,"url":"https:\/\/tajkertesz.com\/wp-content\/uploads\/2024\/06\/Euonymus-japonicus-6.jpg","type":"image\/jpeg"}],"twitter_card":"summary_large_image","twitter_misc":{"Est. reading time":"3 minutes"},"schema":{"@context":"https:\/\/schema.org","@graph":[{"@type":"WebPage","@id":"https:\/\/tajkertesz.com\/termek\/euonymus-japonicus-zold-japan-kecskerago-2\/","url":"https:\/\/tajkertesz.com\/termek\/euonymus-japonicus-zold-japan-kecskerago-2\/","name":"Euonymus japonicus - Jap\u00e1n kecsker\u00e1g\u00f3 - T\u00e1jkert\u00e9sz","isPartOf":{"@id":"https:\/\/tajkertesz.com\/#website"},"primaryImageOfPage":{"@id":"https:\/\/tajkertesz.com\/termek\/euonymus-japonicus-zold-japan-kecskerago-2\/#primaryimage"},"image":{"@id":"https:\/\/tajkertesz.com\/termek\/euonymus-japonicus-zold-japan-kecskerago-2\/#primaryimage"},"thumbnailUrl":"https:\/\/tajkertesz.com\/wp-content\/uploads\/2024\/06\/Euonymus-japonicus-6.jpg","datePublished":"2024-06-11T08:10:38+00:00","dateModified":"2026-02-24T12:53:01+00:00","description":"Euonymus japonicus - Jap\u00e1n kecsker\u00e1g\u00f3 \u00f6r\u00f6kz\u00f6ld d\u00edszcserje s\u00f6v\u00e9nynek \u00e9s szoliternek. J\u00f3l metszhet\u0151, k\u00f6nnyen gondozhat\u00f3 n\u00f6v\u00e9ny.","breadcrumb":{"@id":"https:\/\/tajkertesz.com\/termek\/euonymus-japonicus-zold-japan-kecskerago-2\/#breadcrumb"},"inLanguage":"en-US","potentialAction":[{"@type":"ReadAction","target":["https:\/\/tajkertesz.com\/termek\/euonymus-japonicus-zold-japan-kecskerago-2\/"]}]},{"@type":"ImageObject","inLanguage":"en-US","@id":"https:\/\/tajkertesz.com\/termek\/euonymus-japonicus-zold-japan-kecskerago-2\/#primaryimage","url":"https:\/\/tajkertesz.com\/wp-content\/uploads\/2024\/06\/Euonymus-japonicus-6.jpg","contentUrl":"https:\/\/tajkertesz.com\/wp-content\/uploads\/2024\/06\/Euonymus-japonicus-6.jpg","width":1600,"height":1067,"caption":"Euonymus japonicus - Jap\u00e1n kecsker\u00e1g\u00f3"},{"@type":"BreadcrumbList","@id":"https:\/\/tajkertesz.com\/termek\/euonymus-japonicus-zold-japan-kecskerago-2\/#breadcrumb","itemListElement":[{"@type":"ListItem","position":1,"name":"Home","item":"https:\/\/tajkertesz.com\/"},{"@type":"ListItem","position":2,"name":"Kezd\u0151lap","item":"https:\/\/tajkertesz.com\/"},{"@type":"ListItem","position":3,"name":"Euonymus japonicus &#8211; Jap\u00e1n kecsker\u00e1g\u00f3"}]},{"@type":"WebSite","@id":"https:\/\/tajkertesz.com\/#website","url":"https:\/\/tajkertesz.com\/","name":"T\u00e1j-Kert\u00e9sz 84 Kft.","description":"Kert\u00e9szeti kis- \u00e9s nagykeresked\u00e9s, D\u00edszn\u00f6v\u00e9ny web\u00e1ruh\u00e1z orsz\u00e1gos h\u00e1zhozsz\u00e1ll\u00edt\u00e1ssal!","publisher":{"@id":"https:\/\/tajkertesz.com\/#organization"},"potentialAction":[{"@type":"SearchAction","target":{"@type":"EntryPoint","urlTemplate":"https:\/\/tajkertesz.com\/?s={search_term_string}"},"query-input":{"@type":"PropertyValueSpecification","valueRequired":true,"valueName":"search_term_string"}}],"inLanguage":"en-US"},{"@type":"Organization","@id":"https:\/\/tajkertesz.com\/#organization","name":"T\u00e1j-Kert\u00e9sz 84 Kft.","url":"https:\/\/tajkertesz.com\/","logo":{"@type":"ImageObject","inLanguage":"en-US","@id":"https:\/\/tajkertesz.com\/#\/schema\/logo\/image\/","url":"https:\/\/tajkertesz.com\/wp-content\/uploads\/2018\/02\/logo-2-e1518678052539.png","contentUrl":"https:\/\/tajkertesz.com\/wp-content\/uploads\/2018\/02\/logo-2-e1518678052539.png","width":81,"height":140,"caption":"T\u00e1j-Kert\u00e9sz 84 Kft."},"image":{"@id":"https:\/\/tajkertesz.com\/#\/schema\/logo\/image\/"},"sameAs":["https:\/\/www.facebook.com\/Tajkertesz\/"]}]}},"_links":{"self":[{"href":"https:\/\/tajkertesz.com\/en_US\/wp-json\/wp\/v2\/product\/20486","targetHints":{"allow":["GET"]}}],"collection":[{"href":"https:\/\/tajkertesz.com\/en_US\/wp-json\/wp\/v2\/product"}],"about":[{"href":"https:\/\/tajkertesz.com\/en_US\/wp-json\/wp\/v2\/types\/product"}],"wp:featuredmedia":[{"embeddable":true,"href":"https:\/\/tajkertesz.com\/en_US\/wp-json\/wp\/v2\/media\/20484"}],"wp:attachment":[{"href":"https:\/\/tajkertesz.com\/en_US\/wp-json\/wp\/v2\/media?parent=20486"}],"wp:term":[{"taxonomy":"product_brand","embeddable":true,"href":"https:\/\/tajkertesz.com\/en_US\/wp-json\/wp\/v2\/product_brand?post=20486"},{"taxonomy":"product_cat","embeddable":true,"href":"https:\/\/tajkertesz.com\/en_US\/wp-json\/wp\/v2\/product_cat?post=20486"},{"taxonomy":"product_tag","embeddable":true,"href":"https:\/\/tajkertesz.com\/en_US\/wp-json\/wp\/v2\/product_tag?post=20486"}],"curies":[{"name":"wp","href":"https:\/\/api.w.org\/{rel}","templated":true}]}}