{"id":20499,"date":"2024-06-11T09:28:18","date_gmt":"2024-06-11T09:28:18","guid":{"rendered":"https:\/\/tajkertesz.com\/?post_type=product&#038;p=20499"},"modified":"2026-02-21T14:55:05","modified_gmt":"2026-02-21T14:55:05","slug":"szelidgesztenye-castanea-sativa","status":"publish","type":"product","link":"https:\/\/tajkertesz.com\/en_US\/product\/szelidgesztenye-castanea-sativa\/","title":{"rendered":"Szel\u00eddgesztenye\/Castanea sativa"},"content":{"rendered":"<h3>Szel\u00eddgesztenye\/Castanea sativa<\/h3>\n<p>Szel\u00eddgesztenye\/Castanea sativa<\/p>\n<p>A\u00a0<strong>szel\u00eddgesztenye<\/strong> kedvelt t\u00e9li gy\u00fcm\u00f6lcs\u00fcnk. A fa haz\u00e1nkban \u0151shonos.<\/p>\n<p>A\u00a0<strong>szel\u00eddgesztenye\u00a0egylaki<\/strong>, vir\u00e1gai egyivar\u00faak, j\u00fanius elej\u00e9n vir\u00e1gzik.\u00a0<strong><em>A n\u0151 \u00e9s h\u00edmivar\u00fa vir\u00e1gok k\u00fcl\u00f6n vir\u00e1gzatban, de k\u00f6z\u00f6s barkatengelyen ugyanazon f\u00e1n tal\u00e1lhat\u00f3k.<\/em><\/strong><\/p>\n<p>A bark\u00e1k az az\u00e9vi hajt\u00e1sokon a levelek h\u00f3nalj\u00e1ban jelennek meg. Levelei hossz\u00fak\u00e1sak, b\u0151rszer\u0171ek, t\u00fcsk\u00e9s erezet\u0171ek. Term\u00e9se t\u00fcsk\u00e9s kupacs\u00fa makk.<\/p>\n<p>M\u00e9rs\u00e9kelt \u00e9g\u00f6vi n\u00f6v\u00e9ny, optim\u00e1lisan \u00e9ves k\u00f6z\u00e9ph\u0151m\u00e9rs\u00e9klet 10 celsius. a t\u00e9li hideget viszonylag j\u00f3l b\u00edrja, -20 C eset\u00e9n sem szenved fagyk\u00e1rt.<\/p>\n<p><strong>A szel\u00eddgesztenye \u00fcltet\u00e9se<\/strong><\/p>\n<p>A szel\u00eddgesztenye talaj el\u0151k\u00e9sz\u00edt\u0151i munk\u00e1latai megegyeznek a di\u00f3 talajig\u00e9nyeivel. Az \u00fcltet\u00e9si t\u00e1vols\u00e1ga is hasonl\u00f3 mint a di\u00f3\u00e9. \u00dcltet\u00e9si ideje a tavasz, enyhe v\u00e9dett fekv\u00e9s\u0171 ter\u00fcleteken pedig az \u0151sz. \u00dcltet\u00e9sn\u00e9l fontos arra figyeln\u00fcnk, hogy az oltv\u00e1nyokat teljes gy\u00f6k\u00e9rzettel szedj\u00fck ki a faiskol\u00e1b\u00f3l, k\u00edm\u00e9lj\u00fck a tavaszi nap \u00e9s szelek sz\u00e1r\u00edt\u00e1s\u00e1t\u00f3l, nemk\u00fcl\u00f6nben a t\u00f6r\u00e9sekt\u0151l, z\u00faz\u00f3d\u00e1sokt\u00f3l.<\/p>\n<p>Biztons\u00e1gosan csak m\u00e9szmentes, gyeng\u00e9n savany\u00fa k\u00e9mhat\u00e1s\u00fa, csek\u00e9ly Ca-tartalm\u00fa talajon termeszthet\u0151.<\/p>\n<p>A szel\u00eddgeszteny\u00e9t nem kell metszeni, a szel\u00eddgesztenye nem t\u0171ri a metszeget\u00e9st, sem pedig a gy\u00fcm\u00f6lcsf\u00e1kn\u00e1l szok\u00e1sos koronaalak\u00edt\u00f3 metsz\u00e9st.<\/p>\n<p>El\u00e9rhet\u0151 t\u00f6bbf\u00e9le m\u00e9retben \u00e9s \u00e1rban.<\/p>\n<p><strong>K\u00e9szlet\u00fcnk napi szinten v\u00e1ltozik, ez\u00e9rt k\u00e9rj\u00fck, \u00e9rdekl\u0151dj\u00f6n szem\u00e9lyesen, telefonon vagy email-en.<br \/>\nA v\u00e1ltoztat\u00e1s jog\u00e1t fenntartjuk!\u00a0<\/strong><\/p>\n<p><a href=\"https:\/\/tajkertesz.com\/\">https:\/\/tajkertesz.com\/<\/a><\/p>\n<p><a href=\"https:\/\/www.facebook.com\/tajkertesz\/\">https:\/\/www.facebook.com\/tajkertesz\/<\/a><\/p>\n<p>Kisz\u00e1ll\u00edt\u00e1s: 200cm-ig \u00a0\u00e9s 40 kg-ig a sz\u00e1ll\u00edt\u00e1s fut\u00e1rszolg\u00e1lattal \u00a0t\u00f6rt\u00e9nik.<\/p>\n<p>Szem\u00e9lyes \u00e1tv\u00e9tel nyitvatart\u00e1si id\u0151ben a 17. ker\u00fclet Bakancsos utca 7. sz\u00e1m alatti Kert\u00e9szeti \u00e1ruh\u00e1zunkban.<\/p>\n<p>&nbsp;<\/p>","protected":false},"excerpt":{"rendered":"<p>A\u00a0<strong>szel\u00eddgesztenye<\/strong> kedvelt t\u00e9li gy\u00fcm\u00f6lcs\u00fcnk. A fa haz\u00e1nkban \u0151shonos. ..<\/p>\n<p>Kont\u00e9ner m\u00e9rete:9L.<\/p>\n<p>N\u00f6v\u00e9ny m\u00e9rete: 220\/250cm<\/p>\n<h4><span style=\"color: #ff0000;\">M\u00e9rete miatt post\u00e1zni nem tudjuk!!<\/span><\/h4>","protected":false},"featured_media":20500,"template":"","meta":{"_et_pb_use_builder":"","_et_pb_old_content":"","_et_gb_content_width":""},"product_brand":[],"product_cat":[29],"product_tag":[5192,5138,5190,1427,5191],"class_list":{"0":"post-20499","1":"product","2":"type-product","3":"status-publish","4":"has-post-thumbnail","6":"product_cat-gyumolcsfak-gyumolcstermo-novenyek","7":"product_tag-castanea-sativa","8":"product_tag-csonthelyas","9":"product_tag-gesztenye","10":"product_tag-gyumolcsfa","11":"product_tag-szelidgesztenye","12":"product_shipping_class-nehez-meretes-csomagok","14":"first","15":"instock","16":"shipping-taxable","17":"purchasable","18":"product-type-simple"},"yoast_head":"<!-- This site is optimized with the Yoast SEO plugin v27.3 - https:\/\/yoast.com\/product\/yoast-seo-wordpress\/ -->\n<title>Szel\u00eddgesztenye\/Castanea sativa - T\u00e1jkert\u00e9sz<\/title>\n<meta name=\"description\" content=\"Szel\u00eddgesztenye\/Castanea sativa\" \/>\n<meta name=\"robots\" content=\"index, follow, max-snippet:-1, max-image-preview:large, max-video-preview:-1\" \/>\n<link rel=\"canonical\" href=\"https:\/\/tajkertesz.com\/en_US\/product\/szelidgesztenye-castanea-sativa\/\" \/>\n<meta property=\"og:locale\" content=\"en_US\" \/>\n<meta property=\"og:type\" content=\"article\" \/>\n<meta property=\"og:title\" content=\"Szel\u00eddgesztenye\/Castanea sativa - T\u00e1jkert\u00e9sz\" \/>\n<meta property=\"og:description\" content=\"Szel\u00eddgesztenye\/Castanea sativa\" \/>\n<meta property=\"og:url\" content=\"https:\/\/tajkertesz.com\/en_US\/product\/szelidgesztenye-castanea-sativa\/\" \/>\n<meta property=\"og:site_name\" content=\"T\u00e1jkert\u00e9sz\" \/>\n<meta property=\"article:publisher\" content=\"https:\/\/www.facebook.com\/Tajkertesz\/\" \/>\n<meta property=\"article:modified_time\" content=\"2026-02-21T14:55:05+00:00\" \/>\n<meta property=\"og:image\" content=\"https:\/\/tajkertesz.com\/wp-content\/uploads\/2024\/06\/CAS_SA_18_C_0009__.jpg\" \/>\n\t<meta property=\"og:image:width\" content=\"450\" \/>\n\t<meta property=\"og:image:height\" content=\"600\" \/>\n\t<meta property=\"og:image:type\" content=\"image\/jpeg\" \/>\n<meta name=\"twitter:card\" content=\"summary_large_image\" \/>\n<meta name=\"twitter:label1\" content=\"Est. reading time\" \/>\n\t<meta name=\"twitter:data1\" content=\"2 minutes\" \/>\n<script type=\"application\/ld+json\" class=\"yoast-schema-graph\">{\"@context\":\"https:\\\/\\\/schema.org\",\"@graph\":[{\"@type\":\"WebPage\",\"@id\":\"https:\\\/\\\/tajkertesz.com\\\/termek\\\/szelidgesztenye-castanea-sativa\\\/\",\"url\":\"https:\\\/\\\/tajkertesz.com\\\/termek\\\/szelidgesztenye-castanea-sativa\\\/\",\"name\":\"Szel\u00eddgesztenye\\\/Castanea sativa - T\u00e1jkert\u00e9sz\",\"isPartOf\":{\"@id\":\"https:\\\/\\\/tajkertesz.com\\\/#website\"},\"primaryImageOfPage\":{\"@id\":\"https:\\\/\\\/tajkertesz.com\\\/termek\\\/szelidgesztenye-castanea-sativa\\\/#primaryimage\"},\"image\":{\"@id\":\"https:\\\/\\\/tajkertesz.com\\\/termek\\\/szelidgesztenye-castanea-sativa\\\/#primaryimage\"},\"thumbnailUrl\":\"https:\\\/\\\/tajkertesz.com\\\/wp-content\\\/uploads\\\/2024\\\/06\\\/CAS_SA_18_C_0009__.jpg\",\"datePublished\":\"2024-06-11T09:28:18+00:00\",\"dateModified\":\"2026-02-21T14:55:05+00:00\",\"description\":\"Szel\u00eddgesztenye\\\/Castanea sativa\",\"breadcrumb\":{\"@id\":\"https:\\\/\\\/tajkertesz.com\\\/termek\\\/szelidgesztenye-castanea-sativa\\\/#breadcrumb\"},\"inLanguage\":\"en-US\",\"potentialAction\":[{\"@type\":\"ReadAction\",\"target\":[\"https:\\\/\\\/tajkertesz.com\\\/termek\\\/szelidgesztenye-castanea-sativa\\\/\"]}]},{\"@type\":\"ImageObject\",\"inLanguage\":\"en-US\",\"@id\":\"https:\\\/\\\/tajkertesz.com\\\/termek\\\/szelidgesztenye-castanea-sativa\\\/#primaryimage\",\"url\":\"https:\\\/\\\/tajkertesz.com\\\/wp-content\\\/uploads\\\/2024\\\/06\\\/CAS_SA_18_C_0009__.jpg\",\"contentUrl\":\"https:\\\/\\\/tajkertesz.com\\\/wp-content\\\/uploads\\\/2024\\\/06\\\/CAS_SA_18_C_0009__.jpg\",\"width\":450,\"height\":600,\"caption\":\"Szel\u00eddgesztenye - Castanea sativa\"},{\"@type\":\"BreadcrumbList\",\"@id\":\"https:\\\/\\\/tajkertesz.com\\\/termek\\\/szelidgesztenye-castanea-sativa\\\/#breadcrumb\",\"itemListElement\":[{\"@type\":\"ListItem\",\"position\":1,\"name\":\"Home\",\"item\":\"https:\\\/\\\/tajkertesz.com\\\/\"},{\"@type\":\"ListItem\",\"position\":2,\"name\":\"Kezd\u0151lap\",\"item\":\"https:\\\/\\\/tajkertesz.com\\\/\"},{\"@type\":\"ListItem\",\"position\":3,\"name\":\"Szel\u00eddgesztenye\\\/Castanea sativa\"}]},{\"@type\":\"WebSite\",\"@id\":\"https:\\\/\\\/tajkertesz.com\\\/#website\",\"url\":\"https:\\\/\\\/tajkertesz.com\\\/\",\"name\":\"T\u00e1j-Kert\u00e9sz 84 Kft.\",\"description\":\"Kert\u00e9szeti kis- \u00e9s nagykeresked\u00e9s, D\u00edszn\u00f6v\u00e9ny web\u00e1ruh\u00e1z orsz\u00e1gos h\u00e1zhozsz\u00e1ll\u00edt\u00e1ssal!\",\"publisher\":{\"@id\":\"https:\\\/\\\/tajkertesz.com\\\/#organization\"},\"potentialAction\":[{\"@type\":\"SearchAction\",\"target\":{\"@type\":\"EntryPoint\",\"urlTemplate\":\"https:\\\/\\\/tajkertesz.com\\\/?s={search_term_string}\"},\"query-input\":{\"@type\":\"PropertyValueSpecification\",\"valueRequired\":true,\"valueName\":\"search_term_string\"}}],\"inLanguage\":\"en-US\"},{\"@type\":\"Organization\",\"@id\":\"https:\\\/\\\/tajkertesz.com\\\/#organization\",\"name\":\"T\u00e1j-Kert\u00e9sz 84 Kft.\",\"url\":\"https:\\\/\\\/tajkertesz.com\\\/\",\"logo\":{\"@type\":\"ImageObject\",\"inLanguage\":\"en-US\",\"@id\":\"https:\\\/\\\/tajkertesz.com\\\/#\\\/schema\\\/logo\\\/image\\\/\",\"url\":\"https:\\\/\\\/tajkertesz.com\\\/wp-content\\\/uploads\\\/2018\\\/02\\\/logo-2-e1518678052539.png\",\"contentUrl\":\"https:\\\/\\\/tajkertesz.com\\\/wp-content\\\/uploads\\\/2018\\\/02\\\/logo-2-e1518678052539.png\",\"width\":81,\"height\":140,\"caption\":\"T\u00e1j-Kert\u00e9sz 84 Kft.\"},\"image\":{\"@id\":\"https:\\\/\\\/tajkertesz.com\\\/#\\\/schema\\\/logo\\\/image\\\/\"},\"sameAs\":[\"https:\\\/\\\/www.facebook.com\\\/Tajkertesz\\\/\"]}]}<\/script>\n<!-- \/ Yoast SEO plugin. -->","yoast_head_json":{"title":"Szel\u00eddgesztenye\/Castanea sativa - T\u00e1jkert\u00e9sz","description":"Szel\u00eddgesztenye\/Castanea sativa","robots":{"index":"index","follow":"follow","max-snippet":"max-snippet:-1","max-image-preview":"max-image-preview:large","max-video-preview":"max-video-preview:-1"},"canonical":"https:\/\/tajkertesz.com\/en_US\/product\/szelidgesztenye-castanea-sativa\/","og_locale":"en_US","og_type":"article","og_title":"Szel\u00eddgesztenye\/Castanea sativa - T\u00e1jkert\u00e9sz","og_description":"Szel\u00eddgesztenye\/Castanea sativa","og_url":"https:\/\/tajkertesz.com\/en_US\/product\/szelidgesztenye-castanea-sativa\/","og_site_name":"T\u00e1jkert\u00e9sz","article_publisher":"https:\/\/www.facebook.com\/Tajkertesz\/","article_modified_time":"2026-02-21T14:55:05+00:00","og_image":[{"width":450,"height":600,"url":"https:\/\/tajkertesz.com\/wp-content\/uploads\/2024\/06\/CAS_SA_18_C_0009__.jpg","type":"image\/jpeg"}],"twitter_card":"summary_large_image","twitter_misc":{"Est. reading time":"2 minutes"},"schema":{"@context":"https:\/\/schema.org","@graph":[{"@type":"WebPage","@id":"https:\/\/tajkertesz.com\/termek\/szelidgesztenye-castanea-sativa\/","url":"https:\/\/tajkertesz.com\/termek\/szelidgesztenye-castanea-sativa\/","name":"Szel\u00eddgesztenye\/Castanea sativa - T\u00e1jkert\u00e9sz","isPartOf":{"@id":"https:\/\/tajkertesz.com\/#website"},"primaryImageOfPage":{"@id":"https:\/\/tajkertesz.com\/termek\/szelidgesztenye-castanea-sativa\/#primaryimage"},"image":{"@id":"https:\/\/tajkertesz.com\/termek\/szelidgesztenye-castanea-sativa\/#primaryimage"},"thumbnailUrl":"https:\/\/tajkertesz.com\/wp-content\/uploads\/2024\/06\/CAS_SA_18_C_0009__.jpg","datePublished":"2024-06-11T09:28:18+00:00","dateModified":"2026-02-21T14:55:05+00:00","description":"Szel\u00eddgesztenye\/Castanea sativa","breadcrumb":{"@id":"https:\/\/tajkertesz.com\/termek\/szelidgesztenye-castanea-sativa\/#breadcrumb"},"inLanguage":"en-US","potentialAction":[{"@type":"ReadAction","target":["https:\/\/tajkertesz.com\/termek\/szelidgesztenye-castanea-sativa\/"]}]},{"@type":"ImageObject","inLanguage":"en-US","@id":"https:\/\/tajkertesz.com\/termek\/szelidgesztenye-castanea-sativa\/#primaryimage","url":"https:\/\/tajkertesz.com\/wp-content\/uploads\/2024\/06\/CAS_SA_18_C_0009__.jpg","contentUrl":"https:\/\/tajkertesz.com\/wp-content\/uploads\/2024\/06\/CAS_SA_18_C_0009__.jpg","width":450,"height":600,"caption":"Szel\u00eddgesztenye - Castanea sativa"},{"@type":"BreadcrumbList","@id":"https:\/\/tajkertesz.com\/termek\/szelidgesztenye-castanea-sativa\/#breadcrumb","itemListElement":[{"@type":"ListItem","position":1,"name":"Home","item":"https:\/\/tajkertesz.com\/"},{"@type":"ListItem","position":2,"name":"Kezd\u0151lap","item":"https:\/\/tajkertesz.com\/"},{"@type":"ListItem","position":3,"name":"Szel\u00eddgesztenye\/Castanea sativa"}]},{"@type":"WebSite","@id":"https:\/\/tajkertesz.com\/#website","url":"https:\/\/tajkertesz.com\/","name":"T\u00e1j-Kert\u00e9sz 84 Kft.","description":"Kert\u00e9szeti kis- \u00e9s nagykeresked\u00e9s, D\u00edszn\u00f6v\u00e9ny web\u00e1ruh\u00e1z orsz\u00e1gos h\u00e1zhozsz\u00e1ll\u00edt\u00e1ssal!","publisher":{"@id":"https:\/\/tajkertesz.com\/#organization"},"potentialAction":[{"@type":"SearchAction","target":{"@type":"EntryPoint","urlTemplate":"https:\/\/tajkertesz.com\/?s={search_term_string}"},"query-input":{"@type":"PropertyValueSpecification","valueRequired":true,"valueName":"search_term_string"}}],"inLanguage":"en-US"},{"@type":"Organization","@id":"https:\/\/tajkertesz.com\/#organization","name":"T\u00e1j-Kert\u00e9sz 84 Kft.","url":"https:\/\/tajkertesz.com\/","logo":{"@type":"ImageObject","inLanguage":"en-US","@id":"https:\/\/tajkertesz.com\/#\/schema\/logo\/image\/","url":"https:\/\/tajkertesz.com\/wp-content\/uploads\/2018\/02\/logo-2-e1518678052539.png","contentUrl":"https:\/\/tajkertesz.com\/wp-content\/uploads\/2018\/02\/logo-2-e1518678052539.png","width":81,"height":140,"caption":"T\u00e1j-Kert\u00e9sz 84 Kft."},"image":{"@id":"https:\/\/tajkertesz.com\/#\/schema\/logo\/image\/"},"sameAs":["https:\/\/www.facebook.com\/Tajkertesz\/"]}]}},"_links":{"self":[{"href":"https:\/\/tajkertesz.com\/en_US\/wp-json\/wp\/v2\/product\/20499","targetHints":{"allow":["GET"]}}],"collection":[{"href":"https:\/\/tajkertesz.com\/en_US\/wp-json\/wp\/v2\/product"}],"about":[{"href":"https:\/\/tajkertesz.com\/en_US\/wp-json\/wp\/v2\/types\/product"}],"wp:featuredmedia":[{"embeddable":true,"href":"https:\/\/tajkertesz.com\/en_US\/wp-json\/wp\/v2\/media\/20500"}],"wp:attachment":[{"href":"https:\/\/tajkertesz.com\/en_US\/wp-json\/wp\/v2\/media?parent=20499"}],"wp:term":[{"taxonomy":"product_brand","embeddable":true,"href":"https:\/\/tajkertesz.com\/en_US\/wp-json\/wp\/v2\/product_brand?post=20499"},{"taxonomy":"product_cat","embeddable":true,"href":"https:\/\/tajkertesz.com\/en_US\/wp-json\/wp\/v2\/product_cat?post=20499"},{"taxonomy":"product_tag","embeddable":true,"href":"https:\/\/tajkertesz.com\/en_US\/wp-json\/wp\/v2\/product_tag?post=20499"}],"curies":[{"name":"wp","href":"https:\/\/api.w.org\/{rel}","templated":true}]}}