{"id":20518,"date":"2024-06-11T12:37:12","date_gmt":"2024-06-11T12:37:12","guid":{"rendered":"https:\/\/tajkertesz.com\/?post_type=product&#038;p=20518"},"modified":"2025-06-23T12:47:54","modified_gmt":"2025-06-23T12:47:54","slug":"arbutus-unedo-nyugati-szamocafa-tobbtorzses","status":"publish","type":"product","link":"https:\/\/tajkertesz.com\/en_US\/product\/arbutus-unedo-nyugati-szamocafa-tobbtorzses\/","title":{"rendered":"Arbutus unedo\/Nyugati szam\u00f3cafa t\u00f6bbt\u00f6rzses"},"content":{"rendered":"<h2>Arbutus unedo\/Nyugati szam\u00f3cafa t\u00f6bbt\u00f6rzses<\/h2>\n<p>Arbutus unedo\/Nyugati szam\u00f3cafa t\u00f6bbt\u00f6rzses<\/p>\n<p>Az Arbutus unedo \/ Nyugati szam\u00f3cafa, bab\u00e9rhoz hasonl\u00f3, \u00f6r\u00f6kz\u00f6ld. 3-4 m magasra megn\u00f6v\u0151 d\u00edszcserje. Szam\u00f3c\u00e1\u00e9hoz hasonl\u00f3 \u00edz\u0171 b\u00e1r nem annyira zamatosak a\u00a0 piros term\u00e9sei, \u0151sszel \u00e9rnek az el\u0151z\u0151 \u00e9vi vir\u00e1gokb\u00f3l. F\u00e9nyes, s\u00f6t\u00e9tz\u00f6ld b\u0151rszer\u0171 leveleivel nagyon dekorat\u00edv mediterr\u00e1n jelleg\u0171 d\u00edszcserje. Vir\u00e1gz\u00e1si ideje t\u00e9len novembert\u0151l kezd\u0151dik. A n\u00f6v\u00e9nyen egyszerre vannak vir\u00e1gok \u00e9s fejl\u0151d\u0151 term\u00e9sek is.<\/p>\n<p>A csal\u00e1d kev\u00e9s, m\u00e9szkedvel\u0151 fajainak egyike. A n\u00f6v\u00e9ny az \u00f6r\u00f6kz\u00f6ld lombozat\u00e1val is mutat\u00f3s. T\u00e9len vil\u00e1gos \u00e9s h\u0171v\u00f6s, fagymentes helyen, pl. t\u00e9likertben, \u00fcveges verand\u00e1n, gar\u00e1zsablakban stb. legyen d\u00e9zs\u00e1s tart\u00e1s eset\u00e9n. Tavaszt\u00f3l k\u00e9s\u0151 \u0151szig a kertben\/teraszon tartsuk napos helyen. K\u00f6zepes \u00f6nt\u00f6z\u00e9st \u00e9s t\u00e1poz\u00e1st ig\u00e9nyel. J\u00f3 v\u00edzelvezet\u00e9s\u0171 talajra van sz\u00fcks\u00e9ge, mert a pang\u00f3 vizet nem b\u00edrja.<\/p>\n<p>T\u00f6m\u00f6tt habitus\u00fa cserje, melynek lev\u00e9lzet\u00e9t f\u00e9nyes fel\u00fclet\u0171, kiss\u00e9 fogazott sz\u00e9l\u0171 levelek alkotj\u00e1k.\u00a0<strong>Csengetty\u0171 alak\u00fa feh\u00e9r vagy r\u00f3zsasz\u00edn vir\u00e1gai, valamint piros, narancss\u00e1rga g\u00f6mb\u00f6ly\u0171 term\u00e9sei \u0151sszel d\u00edsz\u00edtenek. A term\u00e9sek fogyaszthat\u00f3k.<\/strong><\/p>\n<p>Az id\u0151sebb p\u00e9ld\u00e1nyok bizonyos m\u00e9rt\u00e9kig toler\u00e1lj\u00e1k a t\u00e9li fagyokat, a fiatal n\u00f6v\u00e9nyek \u00e9rz\u00e9kenyebbek.\u00a0<strong>Az\u00e9rt hogy biztosan gy\u00f6ny\u00f6rk\u00f6dhess\u00fcnk n\u00f6v\u00e9ny\u00fcnkben a k\u00f6vetkez\u0151 \u00e9vben is, \u00e9rdemes ink\u00e1bb d\u00e9zs\u00e1ban nevelni, \u00e9s t\u00e9len vil\u00e1gos, fagymentes helyen \u00e1tteleltetni.<\/strong><\/p>\n<p>Betegs\u00e9gek k\u00f6z\u00fcl a lev\u00e9lfoltosod\u00e1s, k\u00e1rtev\u0151k k\u00f6z\u00fcl a lev\u00e9ltetvek k\u00e1ros\u00edthatj\u00e1k id\u0151nk\u00e9nt.\u00a0<strong>Szapor\u00edtani dugv\u00e1nyoz\u00e1ssal lehet.<\/strong><\/p>\n<p>&nbsp;<\/p>\n<p>El\u00e9rhet\u0151 t\u00f6bbf\u00e9le m\u00e9retben \u00e9s \u00e1rban.<\/p>\n<p><strong>K\u00e9szlet\u00fcnk napi szinten v\u00e1ltozik, ez\u00e9rt k\u00e9rj\u00fck, \u00e9rdekl\u0151dj\u00f6n szem\u00e9lyesen, telefonon vagy email-en.<br \/>\nA v\u00e1ltoztat\u00e1s jog\u00e1t fenntartjuk!\u00a0<\/strong><\/p>\n<p><a href=\"https:\/\/tajkertesz.com\/\">https:\/\/tajkertesz.com\/<\/a><\/p>\n<p><a href=\"https:\/\/www.facebook.com\/tajkertesz\/\">https:\/\/www.facebook.com\/tajkertesz\/<\/a><\/p>\n<p>Kisz\u00e1ll\u00edt\u00e1s: 200cm-ig \u00a0\u00e9s 40 kg-ig a sz\u00e1ll\u00edt\u00e1s fut\u00e1rszolg\u00e1lattal \u00a0t\u00f6rt\u00e9nik.<\/p>\n<p>Szem\u00e9lyes \u00e1tv\u00e9tel nyitvatart\u00e1si id\u0151ben a 17. ker\u00fclet Bakancsos utca 7. sz\u00e1m alatti Kert\u00e9szeti \u00e1rud\u00e1nkban.<\/p>","protected":false},"excerpt":{"rendered":"<p>T\u00f6bbt\u00f6rzses gy\u00fcm\u00f6lcsterm\u0151 n\u00f6v\u00e9nyk\u00fcl\u00f6nlegess\u00e9g.<\/p>\n<p><span class=\"l_ecrd_txt_pln\">A szam\u00f3cafa lassan n\u0151, az \u00e9szak-eur\u00f3pai kl\u00edm\u00e1n\u00a0<\/span><span class=\"l_ecrd_txt_hlt l_ecrd_txt_nound\">5 m\u00e9ter magass\u00e1got<\/span><span class=\"l_ecrd_txt_pln\">\u00a0\u00e9ri el, cser\u00e9pben nevelve max.\u00a0<\/span><span class=\"l_ecrd_txt_hlt l_ecrd_txt_nound\">3 m\u00e9terre t\u00f6r<\/span><span class=\"l_ecrd_txt_pln\">. A j\u00f3l begy\u00f6keresedett n\u00f6v\u00e9ny -15\u00b0C-ig t\u00e9l\u00e1ll\u00f3.<\/span><\/p>\n<p>Kont\u00e9ner m\u00e9rete:40L<\/p>\n<p>N\u00f6v\u00e9ny magass\u00e1ga kb. 125\/150cm<\/p>","protected":false},"featured_media":20520,"template":"","meta":{"_et_pb_use_builder":"","_et_pb_old_content":"","_et_gb_content_width":""},"product_brand":[],"product_cat":[29,517],"product_tag":[5167,1427,1463,4473,5168],"class_list":{"0":"post-20518","1":"product","2":"type-product","3":"status-publish","4":"has-post-thumbnail","6":"product_cat-gyumolcsfak-gyumolcstermo-novenyek","7":"product_cat-palmak-citrusok-es-mediterran-novenyek","8":"product_tag-arbutus","9":"product_tag-gyumolcsfa","10":"product_tag-mediterran","11":"product_tag-noveny","12":"product_tag-szamoca","14":"first","15":"outofstock","16":"shipping-taxable","17":"purchasable","18":"product-type-simple"},"yoast_head":"<!-- This site is optimized with the Yoast SEO plugin v27.3 - https:\/\/yoast.com\/product\/yoast-seo-wordpress\/ -->\n<title>Arbutus unedo\/Nyugati szam\u00f3cafa t\u00f6bbt\u00f6rzses - T\u00e1jkert\u00e9sz<\/title>\n<meta name=\"description\" content=\"Arbutus unedo\/Nyugati szam\u00f3cafa t\u00f6bbt\u00f6rzses bab\u00e9rhoz hasonl\u00f3, \u00f6r\u00f6kz\u00f6ld. 3-4 m magasra megn\u00f6v\u0151 d\u00edszcserje. A term\u00e9sek fogyaszthat\u00f3k.\" \/>\n<meta name=\"robots\" content=\"index, follow, max-snippet:-1, max-image-preview:large, max-video-preview:-1\" \/>\n<link rel=\"canonical\" href=\"https:\/\/tajkertesz.com\/en_US\/product\/arbutus-unedo-nyugati-szamocafa-tobbtorzses\/\" \/>\n<meta property=\"og:locale\" content=\"en_US\" \/>\n<meta property=\"og:type\" content=\"article\" \/>\n<meta property=\"og:title\" content=\"Arbutus unedo\/Nyugati szam\u00f3cafa t\u00f6bbt\u00f6rzses - T\u00e1jkert\u00e9sz\" \/>\n<meta property=\"og:description\" content=\"Arbutus unedo\/Nyugati szam\u00f3cafa t\u00f6bbt\u00f6rzses bab\u00e9rhoz hasonl\u00f3, \u00f6r\u00f6kz\u00f6ld. 3-4 m magasra megn\u00f6v\u0151 d\u00edszcserje. A term\u00e9sek fogyaszthat\u00f3k.\" \/>\n<meta property=\"og:url\" content=\"https:\/\/tajkertesz.com\/en_US\/product\/arbutus-unedo-nyugati-szamocafa-tobbtorzses\/\" \/>\n<meta property=\"og:site_name\" content=\"T\u00e1jkert\u00e9sz\" \/>\n<meta property=\"article:publisher\" content=\"https:\/\/www.facebook.com\/Tajkertesz\/\" \/>\n<meta property=\"article:modified_time\" content=\"2025-06-23T12:47:54+00:00\" \/>\n<meta property=\"og:image\" content=\"https:\/\/tajkertesz.com\/wp-content\/uploads\/2024\/06\/arbousier-adulte-grande-taille-1024x814-1.jpg\" \/>\n\t<meta property=\"og:image:width\" content=\"489\" \/>\n\t<meta property=\"og:image:height\" content=\"722\" \/>\n\t<meta property=\"og:image:type\" content=\"image\/jpeg\" \/>\n<meta name=\"twitter:card\" content=\"summary_large_image\" \/>\n<meta name=\"twitter:label1\" content=\"Est. reading time\" \/>\n\t<meta name=\"twitter:data1\" content=\"2 minutes\" \/>\n<script type=\"application\/ld+json\" class=\"yoast-schema-graph\">{\"@context\":\"https:\\\/\\\/schema.org\",\"@graph\":[{\"@type\":\"WebPage\",\"@id\":\"https:\\\/\\\/tajkertesz.com\\\/termek\\\/arbutus-unedo-nyugati-szamocafa-tobbtorzses\\\/\",\"url\":\"https:\\\/\\\/tajkertesz.com\\\/termek\\\/arbutus-unedo-nyugati-szamocafa-tobbtorzses\\\/\",\"name\":\"Arbutus unedo\\\/Nyugati szam\u00f3cafa t\u00f6bbt\u00f6rzses - T\u00e1jkert\u00e9sz\",\"isPartOf\":{\"@id\":\"https:\\\/\\\/tajkertesz.com\\\/#website\"},\"primaryImageOfPage\":{\"@id\":\"https:\\\/\\\/tajkertesz.com\\\/termek\\\/arbutus-unedo-nyugati-szamocafa-tobbtorzses\\\/#primaryimage\"},\"image\":{\"@id\":\"https:\\\/\\\/tajkertesz.com\\\/termek\\\/arbutus-unedo-nyugati-szamocafa-tobbtorzses\\\/#primaryimage\"},\"thumbnailUrl\":\"https:\\\/\\\/tajkertesz.com\\\/wp-content\\\/uploads\\\/2024\\\/06\\\/arbousier-adulte-grande-taille-1024x814-1.jpg\",\"datePublished\":\"2024-06-11T12:37:12+00:00\",\"dateModified\":\"2025-06-23T12:47:54+00:00\",\"description\":\"Arbutus unedo\\\/Nyugati szam\u00f3cafa t\u00f6bbt\u00f6rzses bab\u00e9rhoz hasonl\u00f3, \u00f6r\u00f6kz\u00f6ld. 3-4 m magasra megn\u00f6v\u0151 d\u00edszcserje. A term\u00e9sek fogyaszthat\u00f3k.\",\"breadcrumb\":{\"@id\":\"https:\\\/\\\/tajkertesz.com\\\/termek\\\/arbutus-unedo-nyugati-szamocafa-tobbtorzses\\\/#breadcrumb\"},\"inLanguage\":\"en-US\",\"potentialAction\":[{\"@type\":\"ReadAction\",\"target\":[\"https:\\\/\\\/tajkertesz.com\\\/termek\\\/arbutus-unedo-nyugati-szamocafa-tobbtorzses\\\/\"]}]},{\"@type\":\"ImageObject\",\"inLanguage\":\"en-US\",\"@id\":\"https:\\\/\\\/tajkertesz.com\\\/termek\\\/arbutus-unedo-nyugati-szamocafa-tobbtorzses\\\/#primaryimage\",\"url\":\"https:\\\/\\\/tajkertesz.com\\\/wp-content\\\/uploads\\\/2024\\\/06\\\/arbousier-adulte-grande-taille-1024x814-1.jpg\",\"contentUrl\":\"https:\\\/\\\/tajkertesz.com\\\/wp-content\\\/uploads\\\/2024\\\/06\\\/arbousier-adulte-grande-taille-1024x814-1.jpg\",\"width\":489,\"height\":722},{\"@type\":\"BreadcrumbList\",\"@id\":\"https:\\\/\\\/tajkertesz.com\\\/termek\\\/arbutus-unedo-nyugati-szamocafa-tobbtorzses\\\/#breadcrumb\",\"itemListElement\":[{\"@type\":\"ListItem\",\"position\":1,\"name\":\"Home\",\"item\":\"https:\\\/\\\/tajkertesz.com\\\/\"},{\"@type\":\"ListItem\",\"position\":2,\"name\":\"Kezd\u0151lap\",\"item\":\"https:\\\/\\\/tajkertesz.com\\\/\"},{\"@type\":\"ListItem\",\"position\":3,\"name\":\"Arbutus unedo\\\/Nyugati szam\u00f3cafa t\u00f6bbt\u00f6rzses\"}]},{\"@type\":\"WebSite\",\"@id\":\"https:\\\/\\\/tajkertesz.com\\\/#website\",\"url\":\"https:\\\/\\\/tajkertesz.com\\\/\",\"name\":\"T\u00e1j-Kert\u00e9sz 84 Kft.\",\"description\":\"Kert\u00e9szeti kis- \u00e9s nagykeresked\u00e9s, D\u00edszn\u00f6v\u00e9ny web\u00e1ruh\u00e1z orsz\u00e1gos h\u00e1zhozsz\u00e1ll\u00edt\u00e1ssal!\",\"publisher\":{\"@id\":\"https:\\\/\\\/tajkertesz.com\\\/#organization\"},\"potentialAction\":[{\"@type\":\"SearchAction\",\"target\":{\"@type\":\"EntryPoint\",\"urlTemplate\":\"https:\\\/\\\/tajkertesz.com\\\/?s={search_term_string}\"},\"query-input\":{\"@type\":\"PropertyValueSpecification\",\"valueRequired\":true,\"valueName\":\"search_term_string\"}}],\"inLanguage\":\"en-US\"},{\"@type\":\"Organization\",\"@id\":\"https:\\\/\\\/tajkertesz.com\\\/#organization\",\"name\":\"T\u00e1j-Kert\u00e9sz 84 Kft.\",\"url\":\"https:\\\/\\\/tajkertesz.com\\\/\",\"logo\":{\"@type\":\"ImageObject\",\"inLanguage\":\"en-US\",\"@id\":\"https:\\\/\\\/tajkertesz.com\\\/#\\\/schema\\\/logo\\\/image\\\/\",\"url\":\"https:\\\/\\\/tajkertesz.com\\\/wp-content\\\/uploads\\\/2018\\\/02\\\/logo-2-e1518678052539.png\",\"contentUrl\":\"https:\\\/\\\/tajkertesz.com\\\/wp-content\\\/uploads\\\/2018\\\/02\\\/logo-2-e1518678052539.png\",\"width\":81,\"height\":140,\"caption\":\"T\u00e1j-Kert\u00e9sz 84 Kft.\"},\"image\":{\"@id\":\"https:\\\/\\\/tajkertesz.com\\\/#\\\/schema\\\/logo\\\/image\\\/\"},\"sameAs\":[\"https:\\\/\\\/www.facebook.com\\\/Tajkertesz\\\/\"]}]}<\/script>\n<!-- \/ Yoast SEO plugin. -->","yoast_head_json":{"title":"Arbutus unedo\/Nyugati szam\u00f3cafa t\u00f6bbt\u00f6rzses - T\u00e1jkert\u00e9sz","description":"Arbutus unedo\/Nyugati szam\u00f3cafa t\u00f6bbt\u00f6rzses bab\u00e9rhoz hasonl\u00f3, \u00f6r\u00f6kz\u00f6ld. 3-4 m magasra megn\u00f6v\u0151 d\u00edszcserje. A term\u00e9sek fogyaszthat\u00f3k.","robots":{"index":"index","follow":"follow","max-snippet":"max-snippet:-1","max-image-preview":"max-image-preview:large","max-video-preview":"max-video-preview:-1"},"canonical":"https:\/\/tajkertesz.com\/en_US\/product\/arbutus-unedo-nyugati-szamocafa-tobbtorzses\/","og_locale":"en_US","og_type":"article","og_title":"Arbutus unedo\/Nyugati szam\u00f3cafa t\u00f6bbt\u00f6rzses - T\u00e1jkert\u00e9sz","og_description":"Arbutus unedo\/Nyugati szam\u00f3cafa t\u00f6bbt\u00f6rzses bab\u00e9rhoz hasonl\u00f3, \u00f6r\u00f6kz\u00f6ld. 3-4 m magasra megn\u00f6v\u0151 d\u00edszcserje. A term\u00e9sek fogyaszthat\u00f3k.","og_url":"https:\/\/tajkertesz.com\/en_US\/product\/arbutus-unedo-nyugati-szamocafa-tobbtorzses\/","og_site_name":"T\u00e1jkert\u00e9sz","article_publisher":"https:\/\/www.facebook.com\/Tajkertesz\/","article_modified_time":"2025-06-23T12:47:54+00:00","og_image":[{"width":489,"height":722,"url":"https:\/\/tajkertesz.com\/wp-content\/uploads\/2024\/06\/arbousier-adulte-grande-taille-1024x814-1.jpg","type":"image\/jpeg"}],"twitter_card":"summary_large_image","twitter_misc":{"Est. reading time":"2 minutes"},"schema":{"@context":"https:\/\/schema.org","@graph":[{"@type":"WebPage","@id":"https:\/\/tajkertesz.com\/termek\/arbutus-unedo-nyugati-szamocafa-tobbtorzses\/","url":"https:\/\/tajkertesz.com\/termek\/arbutus-unedo-nyugati-szamocafa-tobbtorzses\/","name":"Arbutus unedo\/Nyugati szam\u00f3cafa t\u00f6bbt\u00f6rzses - T\u00e1jkert\u00e9sz","isPartOf":{"@id":"https:\/\/tajkertesz.com\/#website"},"primaryImageOfPage":{"@id":"https:\/\/tajkertesz.com\/termek\/arbutus-unedo-nyugati-szamocafa-tobbtorzses\/#primaryimage"},"image":{"@id":"https:\/\/tajkertesz.com\/termek\/arbutus-unedo-nyugati-szamocafa-tobbtorzses\/#primaryimage"},"thumbnailUrl":"https:\/\/tajkertesz.com\/wp-content\/uploads\/2024\/06\/arbousier-adulte-grande-taille-1024x814-1.jpg","datePublished":"2024-06-11T12:37:12+00:00","dateModified":"2025-06-23T12:47:54+00:00","description":"Arbutus unedo\/Nyugati szam\u00f3cafa t\u00f6bbt\u00f6rzses bab\u00e9rhoz hasonl\u00f3, \u00f6r\u00f6kz\u00f6ld. 3-4 m magasra megn\u00f6v\u0151 d\u00edszcserje. A term\u00e9sek fogyaszthat\u00f3k.","breadcrumb":{"@id":"https:\/\/tajkertesz.com\/termek\/arbutus-unedo-nyugati-szamocafa-tobbtorzses\/#breadcrumb"},"inLanguage":"en-US","potentialAction":[{"@type":"ReadAction","target":["https:\/\/tajkertesz.com\/termek\/arbutus-unedo-nyugati-szamocafa-tobbtorzses\/"]}]},{"@type":"ImageObject","inLanguage":"en-US","@id":"https:\/\/tajkertesz.com\/termek\/arbutus-unedo-nyugati-szamocafa-tobbtorzses\/#primaryimage","url":"https:\/\/tajkertesz.com\/wp-content\/uploads\/2024\/06\/arbousier-adulte-grande-taille-1024x814-1.jpg","contentUrl":"https:\/\/tajkertesz.com\/wp-content\/uploads\/2024\/06\/arbousier-adulte-grande-taille-1024x814-1.jpg","width":489,"height":722},{"@type":"BreadcrumbList","@id":"https:\/\/tajkertesz.com\/termek\/arbutus-unedo-nyugati-szamocafa-tobbtorzses\/#breadcrumb","itemListElement":[{"@type":"ListItem","position":1,"name":"Home","item":"https:\/\/tajkertesz.com\/"},{"@type":"ListItem","position":2,"name":"Kezd\u0151lap","item":"https:\/\/tajkertesz.com\/"},{"@type":"ListItem","position":3,"name":"Arbutus unedo\/Nyugati szam\u00f3cafa t\u00f6bbt\u00f6rzses"}]},{"@type":"WebSite","@id":"https:\/\/tajkertesz.com\/#website","url":"https:\/\/tajkertesz.com\/","name":"T\u00e1j-Kert\u00e9sz 84 Kft.","description":"Kert\u00e9szeti kis- \u00e9s nagykeresked\u00e9s, D\u00edszn\u00f6v\u00e9ny web\u00e1ruh\u00e1z orsz\u00e1gos h\u00e1zhozsz\u00e1ll\u00edt\u00e1ssal!","publisher":{"@id":"https:\/\/tajkertesz.com\/#organization"},"potentialAction":[{"@type":"SearchAction","target":{"@type":"EntryPoint","urlTemplate":"https:\/\/tajkertesz.com\/?s={search_term_string}"},"query-input":{"@type":"PropertyValueSpecification","valueRequired":true,"valueName":"search_term_string"}}],"inLanguage":"en-US"},{"@type":"Organization","@id":"https:\/\/tajkertesz.com\/#organization","name":"T\u00e1j-Kert\u00e9sz 84 Kft.","url":"https:\/\/tajkertesz.com\/","logo":{"@type":"ImageObject","inLanguage":"en-US","@id":"https:\/\/tajkertesz.com\/#\/schema\/logo\/image\/","url":"https:\/\/tajkertesz.com\/wp-content\/uploads\/2018\/02\/logo-2-e1518678052539.png","contentUrl":"https:\/\/tajkertesz.com\/wp-content\/uploads\/2018\/02\/logo-2-e1518678052539.png","width":81,"height":140,"caption":"T\u00e1j-Kert\u00e9sz 84 Kft."},"image":{"@id":"https:\/\/tajkertesz.com\/#\/schema\/logo\/image\/"},"sameAs":["https:\/\/www.facebook.com\/Tajkertesz\/"]}]}},"_links":{"self":[{"href":"https:\/\/tajkertesz.com\/en_US\/wp-json\/wp\/v2\/product\/20518","targetHints":{"allow":["GET"]}}],"collection":[{"href":"https:\/\/tajkertesz.com\/en_US\/wp-json\/wp\/v2\/product"}],"about":[{"href":"https:\/\/tajkertesz.com\/en_US\/wp-json\/wp\/v2\/types\/product"}],"wp:featuredmedia":[{"embeddable":true,"href":"https:\/\/tajkertesz.com\/en_US\/wp-json\/wp\/v2\/media\/20520"}],"wp:attachment":[{"href":"https:\/\/tajkertesz.com\/en_US\/wp-json\/wp\/v2\/media?parent=20518"}],"wp:term":[{"taxonomy":"product_brand","embeddable":true,"href":"https:\/\/tajkertesz.com\/en_US\/wp-json\/wp\/v2\/product_brand?post=20518"},{"taxonomy":"product_cat","embeddable":true,"href":"https:\/\/tajkertesz.com\/en_US\/wp-json\/wp\/v2\/product_cat?post=20518"},{"taxonomy":"product_tag","embeddable":true,"href":"https:\/\/tajkertesz.com\/en_US\/wp-json\/wp\/v2\/product_tag?post=20518"}],"curies":[{"name":"wp","href":"https:\/\/api.w.org\/{rel}","templated":true}]}}