{"id":20524,"date":"2024-10-22T09:06:26","date_gmt":"2024-10-22T09:06:26","guid":{"rendered":"https:\/\/tajkertesz.com\/?post_type=product&#038;p=20524"},"modified":"2026-02-24T11:51:07","modified_gmt":"2026-02-24T11:51:07","slug":"elaeagnus-ebbingei-vivileg-ezustfa","status":"publish","type":"product","link":"https:\/\/tajkertesz.com\/en_US\/product\/elaeagnus-ebbingei-vivileg-ezustfa\/","title":{"rendered":"Elaeagnus ebbingei \u2018Vivileg\u2019 &#8211; Ez\u00fcstfa"},"content":{"rendered":"<div class=\"product-description mb-3\"><\/div>\n<div class=\"product-description\">\n<h1>Elaeagnus ebbingei \u2018Vivileg\u2019 &#8211; Ez\u00fcstfa<\/h1>\n<p>Az Elaeagnus ebbingei \u2018Vivileg\u2019 &#8211; Ez\u00fcstfa az Elaeagnaceae csal\u00e1dba tartozik.<\/p>\n<h2>Elaeagnus ebbingei \u2018Vivileg\u2019 jellemz\u0151i<\/h2>\n<p>A sz\u00e9leslevel\u0171 ez\u00fcstfa, egy leny\u0171g\u00f6z\u0151 \u00f6r\u00f6kz\u00f6ld cserje, amely ide\u00e1lis v\u00e1laszt\u00e1s lehet kertekbe \u00e9s parkokba. Ez a n\u00f6v\u00e9ny 1,5-2 m\u00e9ter magasra n\u0151, \u00e9s s\u0171r\u0171, tereb\u00e9lyes form\u00e1j\u00e1val vonzza a tekintetet.<\/p>\n<p>A sz\u00e9leslevel\u0171 ez\u00fcstfa levelei k\u00fcl\u00f6nlegesek: ez\u00fcst\u00f6s bor\u00edt\u00e1s\u00faak, z\u00f6ldek kr\u00e9mfeh\u00e9r szeg\u00e9llyel, ami k\u00fcl\u00f6nleges kontrasztot ad a n\u00f6v\u00e9nynek. A levelek b\u0151rszer\u0171ek \u00e9s kiss\u00e9 hull\u00e1mos sz\u00e9l\u0171ek, ami m\u00e9g dekorat\u00edvabb\u00e1 teszi \u0151ket. A n\u00f6v\u00e9ny hajt\u00e1sai kezdetben felfel\u00e9 t\u00f6rnek, majd k\u00e9s\u0151bb ink\u00e1bb ter\u00fclnek, ami hozz\u00e1j\u00e1rul a cserje s\u0171r\u0171, bokros megjelen\u00e9s\u00e9hez.<\/p>\n<p>Az \u0151sz folyam\u00e1n az Elaeagnus ebbingei \u2018Vivileg\u2019 apr\u00f3, feh\u00e9r vir\u00e1gokat hoz, amelyek er\u0151s van\u00edlia illatot \u00e1rasztanak. Ezek a vir\u00e1gok nem felt\u0171n\u0151ek, gyakran elb\u00fajnak a d\u00fas lev\u00e9lzet alatt, de illatuk messzir\u0151l is \u00e9rezhet\u0151. A vir\u00e1gz\u00e1s ut\u00e1n a t\u00e9l folyam\u00e1n barn\u00e1s-narancs, f\u00e9nyes ov\u00e1lis term\u00e9sek jelennek meg, amelyek \u00e9retten ehet\u0151k.<\/p>\n<h3>A sz\u00e9leslevel\u0171 ez\u00fcstfa gondoz\u00e1sa<\/h3>\n<p>A n\u00f6v\u00e9ny gondoz\u00e1sa viszonylag egyszer\u0171. J\u00f3l t\u0171ri a sz\u00e1razs\u00e1got \u00e9s a szennyezett leveg\u0151t, \u00edgy v\u00e1rosi k\u00f6rnyezetben is j\u00f3l \u00e9rzi mag\u00e1t. Napos vagy r\u00e9szben \u00e1rny\u00e9kos helyen fejl\u0151dik a legjobban, de teljes \u00e1rny\u00e9kban is meg\u00e9l. A talajjal szemben nem t\u00fal ig\u00e9nyes, de a j\u00f3 v\u00edz\u00e1tereszt\u0151 k\u00e9pess\u00e9g\u0171, t\u00e1panyagd\u00fas talajt kedveli.<\/p>\n<p>J\u00f3l t\u0171ri a metsz\u00e9st, \u00edgy s\u00f6v\u00e9nyk\u00e9nt is nevelhet\u0151. A tavaszi metsz\u00e9s sor\u00e1n \u00e9rdemes elt\u00e1vol\u00edtani az elhalt vagy beteg hajt\u00e1sokat. Betegs\u00e9gek \u00e9s k\u00e1rtev\u0151k ritk\u00e1n t\u00e1madj\u00e1k meg, de id\u0151nk\u00e9nt lev\u00e9lfoltosod\u00e1s el\u0151fordulhat.<\/p>\n<p>\u00d6sszess\u00e9g\u00e9ben az Elaeagnus ebbingei \u2018Vivileg\u2019 egy sokoldal\u00fa, dekorat\u00edv cserje, amely kev\u00e9s gondoz\u00e1st ig\u00e9nyel, \u00e9s sz\u00e1mos kert\u00e9szeti c\u00e9lra alkalmas. Legyen sz\u00f3 s\u00f6v\u00e9nyr\u0151l, d\u00edszcserj\u00e9r\u0151l vagy ak\u00e1r egy sz\u00ednes foltr\u00f3l a kertben, ez a n\u00f6v\u00e9ny mindenhol meg\u00e1llja a hely\u00e9t<\/p>\n<p>Jelenlegi term\u00e9k\u00fcnk kb. 60\/70 cm magas 10 literes kont\u00e9nerben el\u00e9rhet\u0151.<\/p>\n<p>&nbsp;<\/p>\n<p>\u00dcltet\u00e9shez aj\u00e1nljuk az al\u00e1bbi term\u00e9ket:<\/p>\n<blockquote class=\"wp-embedded-content\" data-secret=\"1eVuM4uAQG\"><p><a href=\"https:\/\/tajkertesz.com\/termek\/marhatragya-15-literes\/\">Marhatr\u00e1gya 15 literes<\/a><\/p><\/blockquote>\n<p><iframe loading=\"lazy\" class=\"wp-embedded-content\" sandbox=\"allow-scripts\" security=\"restricted\" style=\"position: absolute; visibility: hidden;\" title=\"&#8220;Marhatr\u00e1gya 15 literes&#8221; &#8212; T\u00e1jkert\u00e9sz\" src=\"https:\/\/tajkertesz.com\/termek\/marhatragya-15-literes\/embed\/#?secret=G4RKiMaSAN#?secret=1eVuM4uAQG\" data-secret=\"1eVuM4uAQG\" width=\"600\" height=\"338\" frameborder=\"0\" marginwidth=\"0\" marginheight=\"0\" scrolling=\"no\"><\/iframe><\/p>\n<p>&nbsp;<\/p>\n<p><strong>K\u00e9szlet\u00fcnk napi szinten v\u00e1ltozik, ez\u00e9rt k\u00e9rj\u00fck, \u00e9rdekl\u0151dj\u00f6n szem\u00e9lyesen, telefonon vagy email-en.<br \/>\nA v\u00e1ltoztat\u00e1s jog\u00e1t fenntartjuk!\u00a0<\/strong><\/p>\n<p>&nbsp;<\/p>\n<p><a href=\"https:\/\/tajkertesz.com\/\">https:\/\/tajkertesz.com\/<\/a><\/p>\n<p><a href=\"https:\/\/www.facebook.com\/tajkertesz\/\">https:\/\/www.facebook.com\/tajkertesz\/<\/a><\/p>\n<p>Kisz\u00e1ll\u00edt\u00e1s: 200cm-ig \u00a0\u00e9s 40 kg-ig a sz\u00e1ll\u00edt\u00e1s fut\u00e1rszolg\u00e1lattal \u00a0t\u00f6rt\u00e9nik.<\/p>\n<p>Szem\u00e9lyes \u00e1tv\u00e9tel nyitvatart\u00e1si id\u0151ben a 17. ker\u00fclet Bakancsos utca 7. sz\u00e1m alatti Kert\u00e9szeti \u00e1ruh\u00e1zunkban.<\/p>\n<p>&nbsp;<\/p>\n<\/div>","protected":false},"excerpt":{"rendered":"<p>Az Elaeagnaceae csal\u00e1d \u00f6r\u00f6kz\u00f6ld cserj\u00e9je az Eleagnus ebbingei \u2018Limelight\u2019. Fel\u00e1ll\u00f3 \u00e9s er\u0151teljes testtart\u00e1s, k\u00f6zepes n\u00f6veked\u00e9s. Ez az Ez\u00fcstfa el\u00e9rheti a 4 m\u00e9teres magass\u00e1got. S\u00f6t\u00e9tz\u00f6ld lombozat \u00e9s szab\u00e1lytalanul aranyozott foltok megjelen\u00e9se a leveleken igaz\u00e1n egyediv\u00e9 teszi ezt a n\u00f6v\u00e9nyt. Vir\u00e1gz\u00e1s szeptember-december, kr\u00e9msz\u00edn\u0171 vir\u00e1g, nagyon illatos. El\u0151nyben r\u00e9szes\u00edti a j\u00f3l elvezetett t\u00e1panyagd\u00fas talajt.<\/p>\n<ul>\n<li>N\u00f6veked\u00e9se: \u00c1tlagos | 20-40cm \u00e9vente<\/li>\n<li>\u00c9vente 2-3 alkalommal ny\u00edrjuk<\/li>\n<li>Kont\u00e9neres n\u00f6v\u00e9ny (10L.)<\/li>\n<li>Magass\u00e1ga 60\/70cm cser\u00e9p n\u00e9lk\u00fcl<\/li>\n<li>Javasoljuk \u00fcltet\u00e9shez ide kattintva a\u00a0<span style=\"color: #ff0000;\"><a style=\"color: #ff0000;\" href=\"https:\/\/tajkertesz.com\/termek\/florimo-orokzold-viragfold-50-l\/\">Florimo \u00f6r\u00f6kz\u00f6ld n\u00f6v\u00e9ny f\u00f6ldet<\/a>!<\/span><\/li>\n<\/ul>\n<p>&nbsp;<\/p>\n<p>&nbsp;<\/p>","protected":false},"featured_media":20522,"template":"","meta":{"_et_pb_use_builder":"","_et_pb_old_content":"","_et_gb_content_width":""},"product_brand":[],"product_cat":[27],"product_tag":[73,5365,5265,5366],"class_list":{"0":"post-20524","1":"product","2":"type-product","3":"status-publish","4":"has-post-thumbnail","6":"product_cat-cserjek","7":"product_tag-cserje","8":"product_tag-elaeagnus","9":"product_tag-ezustfa","10":"product_tag-vivileg","12":"first","13":"instock","14":"shipping-taxable","15":"purchasable","16":"product-type-simple"},"yoast_head":"<!-- This site is optimized with the Yoast SEO plugin v27.4 - https:\/\/yoast.com\/product\/yoast-seo-wordpress\/ -->\n<title>Elaeagnus ebbingei \u2018Vivileg\u2019 - Ez\u00fcstfa - T\u00e1jkert\u00e9sz<\/title>\n<meta name=\"description\" content=\"Elaeagnus ebbingei \u2018Vivileg\u2019 - Ez\u00fcstfa kompakt cserje kis kertbe t\u00f6k\u00e9letes v\u00e1laszt\u00e1s lehet. Gy\u00f6ny\u00f6r\u0171 s\u00f6t\u00e9tz\u00f6ld \u00f6r\u00f6kz\u00f6ld lombozat s\u00e1rg\u00e1val szeg\u00e9lyezve.\" \/>\n<meta name=\"robots\" content=\"index, follow, max-snippet:-1, max-image-preview:large, max-video-preview:-1\" \/>\n<link rel=\"canonical\" href=\"https:\/\/tajkertesz.com\/en_US\/product\/elaeagnus-ebbingei-vivileg-ezustfa\/\" \/>\n<meta property=\"og:locale\" content=\"en_US\" \/>\n<meta property=\"og:type\" content=\"article\" \/>\n<meta property=\"og:title\" content=\"Elaeagnus ebbingei \u2018Vivileg\u2019 - Ez\u00fcstfa - T\u00e1jkert\u00e9sz\" \/>\n<meta property=\"og:description\" content=\"Elaeagnus ebbingei \u2018Vivileg\u2019 - Ez\u00fcstfa kompakt cserje kis kertbe t\u00f6k\u00e9letes v\u00e1laszt\u00e1s lehet. Gy\u00f6ny\u00f6r\u0171 s\u00f6t\u00e9tz\u00f6ld \u00f6r\u00f6kz\u00f6ld lombozat s\u00e1rg\u00e1val szeg\u00e9lyezve.\" \/>\n<meta property=\"og:url\" content=\"https:\/\/tajkertesz.com\/en_US\/product\/elaeagnus-ebbingei-vivileg-ezustfa\/\" \/>\n<meta property=\"og:site_name\" content=\"T\u00e1jkert\u00e9sz\" \/>\n<meta property=\"article:publisher\" content=\"https:\/\/www.facebook.com\/Tajkertesz\/\" \/>\n<meta property=\"article:modified_time\" content=\"2026-02-24T11:51:07+00:00\" \/>\n<meta property=\"og:image\" content=\"https:\/\/tajkertesz.com\/wp-content\/uploads\/2022\/10\/ELE_EBVI_CE_C_0009__.jpg\" \/>\n\t<meta property=\"og:image:width\" content=\"450\" \/>\n\t<meta property=\"og:image:height\" content=\"600\" \/>\n\t<meta property=\"og:image:type\" content=\"image\/jpeg\" \/>\n<meta name=\"twitter:card\" content=\"summary_large_image\" \/>\n<meta name=\"twitter:label1\" content=\"Est. reading time\" \/>\n\t<meta name=\"twitter:data1\" content=\"2 minutes\" \/>\n<script type=\"application\/ld+json\" class=\"yoast-schema-graph\">{\"@context\":\"https:\\\/\\\/schema.org\",\"@graph\":[{\"@type\":\"WebPage\",\"@id\":\"https:\\\/\\\/tajkertesz.com\\\/termek\\\/elaeagnus-ebbingei-vivileg-ezustfa\\\/\",\"url\":\"https:\\\/\\\/tajkertesz.com\\\/termek\\\/elaeagnus-ebbingei-vivileg-ezustfa\\\/\",\"name\":\"Elaeagnus ebbingei \u2018Vivileg\u2019 - Ez\u00fcstfa - T\u00e1jkert\u00e9sz\",\"isPartOf\":{\"@id\":\"https:\\\/\\\/tajkertesz.com\\\/#website\"},\"primaryImageOfPage\":{\"@id\":\"https:\\\/\\\/tajkertesz.com\\\/termek\\\/elaeagnus-ebbingei-vivileg-ezustfa\\\/#primaryimage\"},\"image\":{\"@id\":\"https:\\\/\\\/tajkertesz.com\\\/termek\\\/elaeagnus-ebbingei-vivileg-ezustfa\\\/#primaryimage\"},\"thumbnailUrl\":\"https:\\\/\\\/tajkertesz.com\\\/wp-content\\\/uploads\\\/2022\\\/10\\\/ELE_EBVI_CE_C_0009__.jpg\",\"datePublished\":\"2024-10-22T09:06:26+00:00\",\"dateModified\":\"2026-02-24T11:51:07+00:00\",\"description\":\"Elaeagnus ebbingei \u2018Vivileg\u2019 - Ez\u00fcstfa kompakt cserje kis kertbe t\u00f6k\u00e9letes v\u00e1laszt\u00e1s lehet. Gy\u00f6ny\u00f6r\u0171 s\u00f6t\u00e9tz\u00f6ld \u00f6r\u00f6kz\u00f6ld lombozat s\u00e1rg\u00e1val szeg\u00e9lyezve.\",\"breadcrumb\":{\"@id\":\"https:\\\/\\\/tajkertesz.com\\\/termek\\\/elaeagnus-ebbingei-vivileg-ezustfa\\\/#breadcrumb\"},\"inLanguage\":\"en-US\",\"potentialAction\":[{\"@type\":\"ReadAction\",\"target\":[\"https:\\\/\\\/tajkertesz.com\\\/termek\\\/elaeagnus-ebbingei-vivileg-ezustfa\\\/\"]}]},{\"@type\":\"ImageObject\",\"inLanguage\":\"en-US\",\"@id\":\"https:\\\/\\\/tajkertesz.com\\\/termek\\\/elaeagnus-ebbingei-vivileg-ezustfa\\\/#primaryimage\",\"url\":\"https:\\\/\\\/tajkertesz.com\\\/wp-content\\\/uploads\\\/2022\\\/10\\\/ELE_EBVI_CE_C_0009__.jpg\",\"contentUrl\":\"https:\\\/\\\/tajkertesz.com\\\/wp-content\\\/uploads\\\/2022\\\/10\\\/ELE_EBVI_CE_C_0009__.jpg\",\"width\":450,\"height\":600,\"caption\":\"Elaeagnus ebbingei \u2018Vivileg\u2019 - Ez\u00fcstfa\"},{\"@type\":\"BreadcrumbList\",\"@id\":\"https:\\\/\\\/tajkertesz.com\\\/termek\\\/elaeagnus-ebbingei-vivileg-ezustfa\\\/#breadcrumb\",\"itemListElement\":[{\"@type\":\"ListItem\",\"position\":1,\"name\":\"Home\",\"item\":\"https:\\\/\\\/tajkertesz.com\\\/\"},{\"@type\":\"ListItem\",\"position\":2,\"name\":\"Kezd\u0151lap\",\"item\":\"https:\\\/\\\/tajkertesz.com\\\/\"},{\"@type\":\"ListItem\",\"position\":3,\"name\":\"Elaeagnus ebbingei \u2018Vivileg\u2019 &#8211; Ez\u00fcstfa\"}]},{\"@type\":\"WebSite\",\"@id\":\"https:\\\/\\\/tajkertesz.com\\\/#website\",\"url\":\"https:\\\/\\\/tajkertesz.com\\\/\",\"name\":\"T\u00e1j-Kert\u00e9sz 84 Kft.\",\"description\":\"Kert\u00e9szeti kis- \u00e9s nagykeresked\u00e9s, D\u00edszn\u00f6v\u00e9ny web\u00e1ruh\u00e1z orsz\u00e1gos h\u00e1zhozsz\u00e1ll\u00edt\u00e1ssal!\",\"publisher\":{\"@id\":\"https:\\\/\\\/tajkertesz.com\\\/#organization\"},\"potentialAction\":[{\"@type\":\"SearchAction\",\"target\":{\"@type\":\"EntryPoint\",\"urlTemplate\":\"https:\\\/\\\/tajkertesz.com\\\/?s={search_term_string}\"},\"query-input\":{\"@type\":\"PropertyValueSpecification\",\"valueRequired\":true,\"valueName\":\"search_term_string\"}}],\"inLanguage\":\"en-US\"},{\"@type\":\"Organization\",\"@id\":\"https:\\\/\\\/tajkertesz.com\\\/#organization\",\"name\":\"T\u00e1j-Kert\u00e9sz 84 Kft.\",\"url\":\"https:\\\/\\\/tajkertesz.com\\\/\",\"logo\":{\"@type\":\"ImageObject\",\"inLanguage\":\"en-US\",\"@id\":\"https:\\\/\\\/tajkertesz.com\\\/#\\\/schema\\\/logo\\\/image\\\/\",\"url\":\"https:\\\/\\\/tajkertesz.com\\\/wp-content\\\/uploads\\\/2018\\\/02\\\/logo-2-e1518678052539.png\",\"contentUrl\":\"https:\\\/\\\/tajkertesz.com\\\/wp-content\\\/uploads\\\/2018\\\/02\\\/logo-2-e1518678052539.png\",\"width\":81,\"height\":140,\"caption\":\"T\u00e1j-Kert\u00e9sz 84 Kft.\"},\"image\":{\"@id\":\"https:\\\/\\\/tajkertesz.com\\\/#\\\/schema\\\/logo\\\/image\\\/\"},\"sameAs\":[\"https:\\\/\\\/www.facebook.com\\\/Tajkertesz\\\/\"]}]}<\/script>\n<!-- \/ Yoast SEO plugin. -->","yoast_head_json":{"title":"Elaeagnus ebbingei \u2018Vivileg\u2019 - Ez\u00fcstfa - T\u00e1jkert\u00e9sz","description":"Elaeagnus ebbingei \u2018Vivileg\u2019 - Ez\u00fcstfa kompakt cserje kis kertbe t\u00f6k\u00e9letes v\u00e1laszt\u00e1s lehet. Gy\u00f6ny\u00f6r\u0171 s\u00f6t\u00e9tz\u00f6ld \u00f6r\u00f6kz\u00f6ld lombozat s\u00e1rg\u00e1val szeg\u00e9lyezve.","robots":{"index":"index","follow":"follow","max-snippet":"max-snippet:-1","max-image-preview":"max-image-preview:large","max-video-preview":"max-video-preview:-1"},"canonical":"https:\/\/tajkertesz.com\/en_US\/product\/elaeagnus-ebbingei-vivileg-ezustfa\/","og_locale":"en_US","og_type":"article","og_title":"Elaeagnus ebbingei \u2018Vivileg\u2019 - Ez\u00fcstfa - T\u00e1jkert\u00e9sz","og_description":"Elaeagnus ebbingei \u2018Vivileg\u2019 - Ez\u00fcstfa kompakt cserje kis kertbe t\u00f6k\u00e9letes v\u00e1laszt\u00e1s lehet. Gy\u00f6ny\u00f6r\u0171 s\u00f6t\u00e9tz\u00f6ld \u00f6r\u00f6kz\u00f6ld lombozat s\u00e1rg\u00e1val szeg\u00e9lyezve.","og_url":"https:\/\/tajkertesz.com\/en_US\/product\/elaeagnus-ebbingei-vivileg-ezustfa\/","og_site_name":"T\u00e1jkert\u00e9sz","article_publisher":"https:\/\/www.facebook.com\/Tajkertesz\/","article_modified_time":"2026-02-24T11:51:07+00:00","og_image":[{"width":450,"height":600,"url":"https:\/\/tajkertesz.com\/wp-content\/uploads\/2022\/10\/ELE_EBVI_CE_C_0009__.jpg","type":"image\/jpeg"}],"twitter_card":"summary_large_image","twitter_misc":{"Est. reading time":"2 minutes"},"schema":{"@context":"https:\/\/schema.org","@graph":[{"@type":"WebPage","@id":"https:\/\/tajkertesz.com\/termek\/elaeagnus-ebbingei-vivileg-ezustfa\/","url":"https:\/\/tajkertesz.com\/termek\/elaeagnus-ebbingei-vivileg-ezustfa\/","name":"Elaeagnus ebbingei \u2018Vivileg\u2019 - Ez\u00fcstfa - T\u00e1jkert\u00e9sz","isPartOf":{"@id":"https:\/\/tajkertesz.com\/#website"},"primaryImageOfPage":{"@id":"https:\/\/tajkertesz.com\/termek\/elaeagnus-ebbingei-vivileg-ezustfa\/#primaryimage"},"image":{"@id":"https:\/\/tajkertesz.com\/termek\/elaeagnus-ebbingei-vivileg-ezustfa\/#primaryimage"},"thumbnailUrl":"https:\/\/tajkertesz.com\/wp-content\/uploads\/2022\/10\/ELE_EBVI_CE_C_0009__.jpg","datePublished":"2024-10-22T09:06:26+00:00","dateModified":"2026-02-24T11:51:07+00:00","description":"Elaeagnus ebbingei \u2018Vivileg\u2019 - Ez\u00fcstfa kompakt cserje kis kertbe t\u00f6k\u00e9letes v\u00e1laszt\u00e1s lehet. Gy\u00f6ny\u00f6r\u0171 s\u00f6t\u00e9tz\u00f6ld \u00f6r\u00f6kz\u00f6ld lombozat s\u00e1rg\u00e1val szeg\u00e9lyezve.","breadcrumb":{"@id":"https:\/\/tajkertesz.com\/termek\/elaeagnus-ebbingei-vivileg-ezustfa\/#breadcrumb"},"inLanguage":"en-US","potentialAction":[{"@type":"ReadAction","target":["https:\/\/tajkertesz.com\/termek\/elaeagnus-ebbingei-vivileg-ezustfa\/"]}]},{"@type":"ImageObject","inLanguage":"en-US","@id":"https:\/\/tajkertesz.com\/termek\/elaeagnus-ebbingei-vivileg-ezustfa\/#primaryimage","url":"https:\/\/tajkertesz.com\/wp-content\/uploads\/2022\/10\/ELE_EBVI_CE_C_0009__.jpg","contentUrl":"https:\/\/tajkertesz.com\/wp-content\/uploads\/2022\/10\/ELE_EBVI_CE_C_0009__.jpg","width":450,"height":600,"caption":"Elaeagnus ebbingei \u2018Vivileg\u2019 - Ez\u00fcstfa"},{"@type":"BreadcrumbList","@id":"https:\/\/tajkertesz.com\/termek\/elaeagnus-ebbingei-vivileg-ezustfa\/#breadcrumb","itemListElement":[{"@type":"ListItem","position":1,"name":"Home","item":"https:\/\/tajkertesz.com\/"},{"@type":"ListItem","position":2,"name":"Kezd\u0151lap","item":"https:\/\/tajkertesz.com\/"},{"@type":"ListItem","position":3,"name":"Elaeagnus ebbingei \u2018Vivileg\u2019 &#8211; Ez\u00fcstfa"}]},{"@type":"WebSite","@id":"https:\/\/tajkertesz.com\/#website","url":"https:\/\/tajkertesz.com\/","name":"T\u00e1j-Kert\u00e9sz 84 Kft.","description":"Kert\u00e9szeti kis- \u00e9s nagykeresked\u00e9s, D\u00edszn\u00f6v\u00e9ny web\u00e1ruh\u00e1z orsz\u00e1gos h\u00e1zhozsz\u00e1ll\u00edt\u00e1ssal!","publisher":{"@id":"https:\/\/tajkertesz.com\/#organization"},"potentialAction":[{"@type":"SearchAction","target":{"@type":"EntryPoint","urlTemplate":"https:\/\/tajkertesz.com\/?s={search_term_string}"},"query-input":{"@type":"PropertyValueSpecification","valueRequired":true,"valueName":"search_term_string"}}],"inLanguage":"en-US"},{"@type":"Organization","@id":"https:\/\/tajkertesz.com\/#organization","name":"T\u00e1j-Kert\u00e9sz 84 Kft.","url":"https:\/\/tajkertesz.com\/","logo":{"@type":"ImageObject","inLanguage":"en-US","@id":"https:\/\/tajkertesz.com\/#\/schema\/logo\/image\/","url":"https:\/\/tajkertesz.com\/wp-content\/uploads\/2018\/02\/logo-2-e1518678052539.png","contentUrl":"https:\/\/tajkertesz.com\/wp-content\/uploads\/2018\/02\/logo-2-e1518678052539.png","width":81,"height":140,"caption":"T\u00e1j-Kert\u00e9sz 84 Kft."},"image":{"@id":"https:\/\/tajkertesz.com\/#\/schema\/logo\/image\/"},"sameAs":["https:\/\/www.facebook.com\/Tajkertesz\/"]}]}},"_links":{"self":[{"href":"https:\/\/tajkertesz.com\/en_US\/wp-json\/wp\/v2\/product\/20524","targetHints":{"allow":["GET"]}}],"collection":[{"href":"https:\/\/tajkertesz.com\/en_US\/wp-json\/wp\/v2\/product"}],"about":[{"href":"https:\/\/tajkertesz.com\/en_US\/wp-json\/wp\/v2\/types\/product"}],"wp:featuredmedia":[{"embeddable":true,"href":"https:\/\/tajkertesz.com\/en_US\/wp-json\/wp\/v2\/media\/20522"}],"wp:attachment":[{"href":"https:\/\/tajkertesz.com\/en_US\/wp-json\/wp\/v2\/media?parent=20524"}],"wp:term":[{"taxonomy":"product_brand","embeddable":true,"href":"https:\/\/tajkertesz.com\/en_US\/wp-json\/wp\/v2\/product_brand?post=20524"},{"taxonomy":"product_cat","embeddable":true,"href":"https:\/\/tajkertesz.com\/en_US\/wp-json\/wp\/v2\/product_cat?post=20524"},{"taxonomy":"product_tag","embeddable":true,"href":"https:\/\/tajkertesz.com\/en_US\/wp-json\/wp\/v2\/product_tag?post=20524"}],"curies":[{"name":"wp","href":"https:\/\/api.w.org\/{rel}","templated":true}]}}