{"id":2066,"date":"2025-06-04T08:13:49","date_gmt":"2025-06-04T08:13:49","guid":{"rendered":"https:\/\/tajkertesz.com\/?post_type=product&#038;p=2066"},"modified":"2026-04-10T11:22:49","modified_gmt":"2026-04-10T11:22:49","slug":"crataegus-laevigata-pauls-scarlet-hamlet","status":"publish","type":"product","link":"https:\/\/tajkertesz.com\/en_US\/product\/crataegus-laevigata-pauls-scarlet-hamlet\/","title":{"rendered":"Crataegus &#8216;Paul&#8217;s Scarlet Hamlet&#8217; &#8211; Piros vir\u00e1g\u00fa galagonya"},"content":{"rendered":"<h1>Crataegus &#8216;Paul&#8217;s Scarlet Hamlet&#8217; &#8211; Piros vir\u00e1g\u00fa galagonya<\/h1>\n<p><strong data-start=\"353\" data-end=\"505\">A Crataegus &#8216;Paul&#8217;s Scarlet Hamlet&#8217; &#8211; Piros vir\u00e1g\u00fa galagonya egy kis termet\u0171, s\u0171r\u0171 \u00e1grendszer\u0171 d\u00edszfa, amely tavasszal gazdag, telt, r\u00f3zsasz\u00edn-piros vir\u00e1gaival k\u00e1pr\u00e1ztat el.<\/strong> <span class=\"relative -mx-px my-[-0.2rem] rounded px-px py-[0.2rem] transition-colors duration-100 ease-in-out\">Kiv\u00e1l\u00f3 v\u00e1laszt\u00e1s kisebb kertekbe, utcafrontokra vagy parkokba, ahol helytakar\u00e9kos megold\u00e1sra van sz\u00fcks\u00e9g.<\/span><\/p>\n<h2>Crataegus &#8216;Paul&#8217;s Scarlet Hamlet&#8217; jellemz\u0151i<\/h2>\n<p>Ez a fajta a n\u00e9pszer\u0171 <em data-start=\"751\" data-end=\"789\">Crataegus &#8216;Paul&#8217;s Scarlet&#8217;<\/em> nemes\u00edtett, alacsonyabbra n\u00f6v\u0151 v\u00e1ltozata. Ugyanazt a l\u00e1tv\u00e1nyos, <strong data-start=\"854\" data-end=\"886\">telt szirm\u00fa, piros vir\u00e1gz\u00e1st<\/strong> ny\u00fajtja, de <strong data-start=\"899\" data-end=\"932\">csak kb. 3\u20134 m\u00e9ter magasra n\u0151 meg.<\/strong><\/p>\n<ul>\n<li data-start=\"1065\" data-end=\"1131\">\n<p data-start=\"1067\" data-end=\"1131\"><strong data-start=\"1067\" data-end=\"1080\">Vir\u00e1gz\u00e1s:<\/strong> m\u00e1jusban, t\u00f6meges r\u00f3zsasz\u00edn-piros, telt vir\u00e1gokkal<\/p>\n<\/li>\n<li data-start=\"1132\" data-end=\"1184\">\n<p data-start=\"1134\" data-end=\"1184\"><strong data-start=\"1134\" data-end=\"1147\">Magass\u00e1g:<\/strong> 3\u20134 m\u00e9ter, kompakt n\u00f6veked\u00e9s\u0171 kis fa<\/p>\n<\/li>\n<li data-start=\"1185\" data-end=\"1267\">\n<p data-start=\"1187\" data-end=\"1267\"><strong data-start=\"1187\" data-end=\"1196\">Lomb:<\/strong> f\u00e9nyes, kar\u00e9jos, s\u0171r\u0171, z\u00f6ld lomb, \u0151sszel s\u00e1rg\u00e1s \u00e1rnyalatban sz\u00ednez\u0151dik<\/p>\n<\/li>\n<li data-start=\"1268\" data-end=\"1310\">\n<p data-start=\"1270\" data-end=\"1310\"><strong data-start=\"1270\" data-end=\"1281\">Korona:<\/strong> g\u00f6mb\u00f6lyded, s\u0171r\u0171 \u00e1grendszer\u0171<\/p>\n<\/li>\n<li data-start=\"1311\" data-end=\"1375\">\n<p data-start=\"1313\" data-end=\"1375\"><strong data-start=\"1313\" data-end=\"1324\">Term\u00e9s:<\/strong> kev\u00e9s vagy semennyi \u2013 nem hullik nagy mennyis\u00e9gben<\/p>\n<\/li>\n<\/ul>\n<p>&nbsp;<\/p>\n<h3>Piros vir\u00e1g\u00fa galagonya gondoz\u00e1sa<\/h3>\n<ul>\n<li data-start=\"1376\" data-end=\"1428\">\n<p data-start=\"1378\" data-end=\"1428\"><strong data-start=\"1378\" data-end=\"1392\">F\u00e9nyig\u00e9ny:<\/strong> napos, f\u00e9l\u00e1rny\u00e9kos helyet is kedvel<\/p>\n<\/li>\n<li data-start=\"1429\" data-end=\"1468\">\n<p data-start=\"1431\" data-end=\"1468\"><strong data-start=\"1431\" data-end=\"1446\">T\u00e9l\u00e1ll\u00f3s\u00e1g:<\/strong> kiv\u00e1l\u00f3 (-25 \u00b0C k\u00f6r\u00fcl)<\/p>\n<\/li>\n<li data-start=\"1469\" data-end=\"1530\">\n<p data-start=\"1471\" data-end=\"1530\"><strong data-start=\"1471\" data-end=\"1481\">Talaj:<\/strong> j\u00f3 v\u00edz\u00e1tereszt\u0151, \u00e1tlagos kerti talaj is megfelel<\/p>\n<\/li>\n<li data-start=\"1531\" data-end=\"1593\">\n<p data-start=\"1533\" data-end=\"1593\"><strong data-start=\"1533\" data-end=\"1546\">V\u00edzig\u00e9ny:<\/strong> k\u00f6zepes; fiatalon rendszeres \u00f6nt\u00f6z\u00e9s sz\u00fcks\u00e9ges<\/p>\n<\/li>\n<\/ul>\n<p><strong>A n\u00f6v\u00e9ny jelenlegi m\u00e9rete: 200\/250 cm magas kont\u00e9nerrel egy\u00fctt, 120 cm t\u00f6rzsmagass\u00e1ggal, 7.5 literes kont\u00e9nerben.<\/strong><\/p>\n<p>&nbsp;<\/p>\n<p><b>K\u00e9szlet\u00fcnk napi szinten v\u00e1ltozik, ez\u00e9rt k\u00e9rj\u00fck, \u00e9rdekl\u0151dj\u00f6n szem\u00e9lyesen, telefonon vagy email-en.<br \/>\nA v\u00e1ltoztat\u00e1s jog\u00e1t fenntartjuk!<\/b><b>\u00a0<\/b><\/p>\n<p><a href=\"https:\/\/tajkertesz.com\/\">https:\/\/tajkertesz.com\/<\/a><\/p>\n<p><a href=\"https:\/\/www.facebook.com\/tajkertesz\/\">https:\/\/www.facebook.com\/tajkertesz\/<\/a><\/p>\n<p>Kisz\u00e1ll\u00edt\u00e1s: 200cm-ig \u00e9s 40 kg-ig a sz\u00e1ll\u00edt\u00e1s fut\u00e1rszolg\u00e1lattal t\u00f6rt\u00e9nik.<\/p>\n<p>Szem\u00e9lyes \u00e1tv\u00e9tel nyitvatart\u00e1si id\u0151ben a 17. ker\u00fclet Bakancsos utca 7. sz\u00e1m alatti Kert\u00e9szeti \u00e1rud\u00e1nkban.<\/p>\n<p>Kert\u00e9p\u00edt\u0151k \u00e9s viszontelad\u00f3k regisztr\u00e1l\u00e1s ut\u00e1n egyedi kedvezm\u00e9nnyel v\u00e1s\u00e1rolhatnak kert\u00e9szeti kis-\u00e9s nagykeresked\u00e9s\u00fcnkben.<\/p>\n<p><strong>Az \u00e1rak egy darab term\u00e9kre vonatkoznak.<\/strong><\/p>\n<p><strong>J\u00f3 tudni!<\/strong><\/p>\n<p>K\u00e9pek-elt\u00e9r\u00e9sek:<\/p>\n<p>A n\u00f6v\u00e9nyekr\u0151l felt\u00f6lt\u00f6tt k\u00e9pek illusztr\u00e1ci\u00f3k. N\u00f6v\u00e9nyekn\u00e9l el\u0151fordulhatnak minim\u00e1lis elt\u00e9r\u00e9sek a k\u00e9peken szerepl\u0151 n\u00f6v\u00e9nyek \u00e9s az \u00e1tvett n\u00f6v\u00e9nyek k\u00f6z\u00f6tt, mivel minden n\u00f6v\u00e9ny egyedi.<\/p>\n<h4>N\u00f6v\u00e9nyek sz\u00e1ll\u00edt\u00e1sa:<\/h4>\n<p>A megrendelt n\u00f6v\u00e9nyeket igyeksz\u00fcnk a lehet\u0151 legbiztons\u00e1gosabban egyes\u00e9vel csomagolni, azonban a sz\u00e1ll\u00edt\u00e1s sor\u00e1n m\u00e9g ennek ellen\u00e9re is\u00a0bek\u00f6vetkezhetnek apr\u00f3bb s\u00e9r\u00fcl\u00e9sek (lev\u00e9l- vagy vir\u00e1ghull\u00e1s).<br \/>\nN\u00f6v\u00e9ny rendel\u00e9s eset\u00e9n k\u00e9rj\u00fck a k\u00e9zbes\u00edt\u00e9st k\u00f6vet\u0151en a lehet\u0151 leghamarabb bonts\u00e1k ki a csomagot.<\/p>\n<p>Abban az esetben, ha a megrendelt n\u00f6v\u00e9ny\u00a0a sz\u00e1ll\u00edt\u00e1st k\u00f6vet\u0151en\u00a0nem megfelel\u0151 gondoz\u00e1sban r\u00e9szes\u00fcl \u00e9s ebb\u0151l kifoly\u00f3lag\u00a0k\u00e1rosodik,\u00a0elpusztul, felel\u0151ss\u00e9get sajnos nem tudunk v\u00e1llalni.<\/p>\n<p>V\u00e1s\u00e1rl\u00e1st\u00f3l val\u00f3 el\u00e1ll\u00e1s \u00e9l\u0151 n\u00f6v\u00e9ny v\u00e1s\u00e1rl\u00e1sa eset\u00e9n:<\/p>\n<p>Az \u00e1ltal\u00e1nos 14 napos el\u00e1ll\u00e1s lehet\u0151s\u00e9ge \u00e9l\u0151 n\u00f6v\u00e9nyekre nem vonatkozik. V\u00e1s\u00e1rl\u00e1st\u00f3l val\u00f3 el\u00e1ll\u00e1sra, visszak\u00fcld\u00e9sre nincs lehet\u0151s\u00e9g.\u00a0(17\/1999. (II. 5.) Korm. rendelet 5c pontja)<\/p>\n<p><strong>K\u00e9rj\u00fck fentiek figyelembev\u00e9tel\u00e9t n\u00f6v\u00e9ny rendel\u00e9se sor\u00e1n!<\/strong><\/p>\n","protected":false},"excerpt":{"rendered":"<p><strong>A n\u00f6v\u00e9ny jelenlegi m\u00e9rete: 200\/250 cm magas kont\u00e9nerrel egy\u00fctt, 120 cm t\u00f6rzsmagass\u00e1ggal, 7.5 literes kont\u00e9nerben.<\/strong><\/p>\n<p><b>K\u00e9szlet\u00fcnk napi szinten v\u00e1ltozik, ez\u00e9rt k\u00e9rj\u00fck, \u00e9rdekl\u0151dj\u00f6n szem\u00e9lyesen, telefonon vagy email-en.<br \/>\nA v\u00e1ltoztat\u00e1s jog\u00e1t fenntartjuk!<\/b><b>\u00a0<\/b><\/p>\n<p><span style=\"color: #ff0000;\"><strong>Sz\u00e1ll\u00edt\u00e1s fut\u00e1rszolg\u00e1lattal 200 cm-ig, \u00e9s 40 kg-ig lehets\u00e9ges. E felett szem\u00e9lyes \u00e1tv\u00e9tellel vagy egyeztetett sz\u00e1ll\u00edt\u00e1si felt\u00e9tellel lehet.<\/strong><\/span><\/p>","protected":false},"featured_media":1504,"template":"","meta":{"_et_pb_use_builder":"","_et_pb_old_content":"","_et_gb_content_width":""},"product_brand":[],"product_cat":[28],"product_tag":[5843,4193,378,5844],"class_list":{"0":"post-2066","1":"product","2":"type-product","3":"status-publish","4":"has-post-thumbnail","6":"product_cat-diszfak","7":"product_tag-crataegus-laevigata-pauls-scarlet-hamlet","8":"product_tag-galagonya","9":"product_tag-piros-viragu-galagonya","10":"product_tag-viragzo-diszfa","12":"first","13":"outofstock","14":"shipping-taxable","15":"product-type-simple"},"yoast_head":"<!-- This site is optimized with the Yoast SEO plugin v27.4 - https:\/\/yoast.com\/product\/yoast-seo-wordpress\/ -->\n<title>Crataegus &#039;Paul&#039;s Scarlet Hamlet&#039; - Piros vir\u00e1g\u00fa galagonya - T\u00e1jkert\u00e9sz<\/title>\n<meta name=\"description\" content=\"A Crataegus laevigata &#039;Paul&#039;s Scarlet Hamlet&#039; - Piros vir\u00e1g\u00fa galagonya kis termet\u0171, r\u00f3zsasz\u00edn-piros vir\u00e1g\u00fa d\u00edszfa kisebb kertekbe.\" \/>\n<meta name=\"robots\" content=\"index, follow, max-snippet:-1, max-image-preview:large, max-video-preview:-1\" \/>\n<link rel=\"canonical\" href=\"https:\/\/tajkertesz.com\/en_US\/product\/crataegus-laevigata-pauls-scarlet-hamlet\/\" \/>\n<meta property=\"og:locale\" content=\"en_US\" \/>\n<meta property=\"og:type\" content=\"article\" \/>\n<meta property=\"og:title\" content=\"Crataegus &#039;Paul&#039;s Scarlet Hamlet&#039; - Piros vir\u00e1g\u00fa galagonya - T\u00e1jkert\u00e9sz\" \/>\n<meta property=\"og:description\" content=\"A Crataegus laevigata &#039;Paul&#039;s Scarlet Hamlet&#039; - Piros vir\u00e1g\u00fa galagonya kis termet\u0171, r\u00f3zsasz\u00edn-piros vir\u00e1g\u00fa d\u00edszfa kisebb kertekbe.\" \/>\n<meta property=\"og:url\" content=\"https:\/\/tajkertesz.com\/en_US\/product\/crataegus-laevigata-pauls-scarlet-hamlet\/\" \/>\n<meta property=\"og:site_name\" content=\"T\u00e1jkert\u00e9sz\" \/>\n<meta property=\"article:publisher\" content=\"https:\/\/www.facebook.com\/Tajkertesz\/\" \/>\n<meta property=\"article:modified_time\" content=\"2026-04-10T11:22:49+00:00\" \/>\n<meta property=\"og:image\" content=\"https:\/\/tajkertesz.com\/wp-content\/uploads\/2020\/03\/Crataegus_laevigata_Pauls_Scarlet.jpg\" \/>\n\t<meta property=\"og:image:width\" content=\"1200\" \/>\n\t<meta property=\"og:image:height\" content=\"1600\" \/>\n\t<meta property=\"og:image:type\" content=\"image\/jpeg\" \/>\n<meta name=\"twitter:card\" content=\"summary_large_image\" \/>\n<meta name=\"twitter:label1\" content=\"Est. reading time\" \/>\n\t<meta name=\"twitter:data1\" content=\"3 minutes\" \/>\n<script type=\"application\/ld+json\" class=\"yoast-schema-graph\">{\"@context\":\"https:\\\/\\\/schema.org\",\"@graph\":[{\"@type\":\"WebPage\",\"@id\":\"https:\\\/\\\/tajkertesz.com\\\/termek\\\/crataegus-laevigata-pauls-scarlet-hamlet\\\/\",\"url\":\"https:\\\/\\\/tajkertesz.com\\\/termek\\\/crataegus-laevigata-pauls-scarlet-hamlet\\\/\",\"name\":\"Crataegus 'Paul's Scarlet Hamlet' - Piros vir\u00e1g\u00fa galagonya - T\u00e1jkert\u00e9sz\",\"isPartOf\":{\"@id\":\"https:\\\/\\\/tajkertesz.com\\\/#website\"},\"primaryImageOfPage\":{\"@id\":\"https:\\\/\\\/tajkertesz.com\\\/termek\\\/crataegus-laevigata-pauls-scarlet-hamlet\\\/#primaryimage\"},\"image\":{\"@id\":\"https:\\\/\\\/tajkertesz.com\\\/termek\\\/crataegus-laevigata-pauls-scarlet-hamlet\\\/#primaryimage\"},\"thumbnailUrl\":\"https:\\\/\\\/tajkertesz.com\\\/wp-content\\\/uploads\\\/2020\\\/03\\\/Crataegus_laevigata_Pauls_Scarlet.jpg\",\"datePublished\":\"2025-06-04T08:13:49+00:00\",\"dateModified\":\"2026-04-10T11:22:49+00:00\",\"description\":\"A Crataegus laevigata 'Paul's Scarlet Hamlet' - Piros vir\u00e1g\u00fa galagonya kis termet\u0171, r\u00f3zsasz\u00edn-piros vir\u00e1g\u00fa d\u00edszfa kisebb kertekbe.\",\"breadcrumb\":{\"@id\":\"https:\\\/\\\/tajkertesz.com\\\/termek\\\/crataegus-laevigata-pauls-scarlet-hamlet\\\/#breadcrumb\"},\"inLanguage\":\"en-US\",\"potentialAction\":[{\"@type\":\"ReadAction\",\"target\":[\"https:\\\/\\\/tajkertesz.com\\\/termek\\\/crataegus-laevigata-pauls-scarlet-hamlet\\\/\"]}]},{\"@type\":\"ImageObject\",\"inLanguage\":\"en-US\",\"@id\":\"https:\\\/\\\/tajkertesz.com\\\/termek\\\/crataegus-laevigata-pauls-scarlet-hamlet\\\/#primaryimage\",\"url\":\"https:\\\/\\\/tajkertesz.com\\\/wp-content\\\/uploads\\\/2020\\\/03\\\/Crataegus_laevigata_Pauls_Scarlet.jpg\",\"contentUrl\":\"https:\\\/\\\/tajkertesz.com\\\/wp-content\\\/uploads\\\/2020\\\/03\\\/Crataegus_laevigata_Pauls_Scarlet.jpg\",\"width\":1200,\"height\":1600,\"caption\":\"Crataegus laevigata 'Paul's Scarlet Hamlet' - Piros vir\u00e1g\u00fa galagonya\"},{\"@type\":\"BreadcrumbList\",\"@id\":\"https:\\\/\\\/tajkertesz.com\\\/termek\\\/crataegus-laevigata-pauls-scarlet-hamlet\\\/#breadcrumb\",\"itemListElement\":[{\"@type\":\"ListItem\",\"position\":1,\"name\":\"Home\",\"item\":\"https:\\\/\\\/tajkertesz.com\\\/\"},{\"@type\":\"ListItem\",\"position\":2,\"name\":\"Kezd\u0151lap\",\"item\":\"https:\\\/\\\/tajkertesz.com\\\/\"},{\"@type\":\"ListItem\",\"position\":3,\"name\":\"Crataegus &#8216;Paul&#8217;s Scarlet Hamlet&#8217; &#8211; Piros vir\u00e1g\u00fa galagonya\"}]},{\"@type\":\"WebSite\",\"@id\":\"https:\\\/\\\/tajkertesz.com\\\/#website\",\"url\":\"https:\\\/\\\/tajkertesz.com\\\/\",\"name\":\"T\u00e1j-Kert\u00e9sz 84 Kft.\",\"description\":\"Kert\u00e9szeti kis- \u00e9s nagykeresked\u00e9s, D\u00edszn\u00f6v\u00e9ny web\u00e1ruh\u00e1z orsz\u00e1gos h\u00e1zhozsz\u00e1ll\u00edt\u00e1ssal!\",\"publisher\":{\"@id\":\"https:\\\/\\\/tajkertesz.com\\\/#organization\"},\"potentialAction\":[{\"@type\":\"SearchAction\",\"target\":{\"@type\":\"EntryPoint\",\"urlTemplate\":\"https:\\\/\\\/tajkertesz.com\\\/?s={search_term_string}\"},\"query-input\":{\"@type\":\"PropertyValueSpecification\",\"valueRequired\":true,\"valueName\":\"search_term_string\"}}],\"inLanguage\":\"en-US\"},{\"@type\":\"Organization\",\"@id\":\"https:\\\/\\\/tajkertesz.com\\\/#organization\",\"name\":\"T\u00e1j-Kert\u00e9sz 84 Kft.\",\"url\":\"https:\\\/\\\/tajkertesz.com\\\/\",\"logo\":{\"@type\":\"ImageObject\",\"inLanguage\":\"en-US\",\"@id\":\"https:\\\/\\\/tajkertesz.com\\\/#\\\/schema\\\/logo\\\/image\\\/\",\"url\":\"https:\\\/\\\/tajkertesz.com\\\/wp-content\\\/uploads\\\/2018\\\/02\\\/logo-2-e1518678052539.png\",\"contentUrl\":\"https:\\\/\\\/tajkertesz.com\\\/wp-content\\\/uploads\\\/2018\\\/02\\\/logo-2-e1518678052539.png\",\"width\":81,\"height\":140,\"caption\":\"T\u00e1j-Kert\u00e9sz 84 Kft.\"},\"image\":{\"@id\":\"https:\\\/\\\/tajkertesz.com\\\/#\\\/schema\\\/logo\\\/image\\\/\"},\"sameAs\":[\"https:\\\/\\\/www.facebook.com\\\/Tajkertesz\\\/\"]}]}<\/script>\n<!-- \/ Yoast SEO plugin. -->","yoast_head_json":{"title":"Crataegus 'Paul's Scarlet Hamlet' - Piros vir\u00e1g\u00fa galagonya - T\u00e1jkert\u00e9sz","description":"A Crataegus laevigata 'Paul's Scarlet Hamlet' - Piros vir\u00e1g\u00fa galagonya kis termet\u0171, r\u00f3zsasz\u00edn-piros vir\u00e1g\u00fa d\u00edszfa kisebb kertekbe.","robots":{"index":"index","follow":"follow","max-snippet":"max-snippet:-1","max-image-preview":"max-image-preview:large","max-video-preview":"max-video-preview:-1"},"canonical":"https:\/\/tajkertesz.com\/en_US\/product\/crataegus-laevigata-pauls-scarlet-hamlet\/","og_locale":"en_US","og_type":"article","og_title":"Crataegus 'Paul's Scarlet Hamlet' - Piros vir\u00e1g\u00fa galagonya - T\u00e1jkert\u00e9sz","og_description":"A Crataegus laevigata 'Paul's Scarlet Hamlet' - Piros vir\u00e1g\u00fa galagonya kis termet\u0171, r\u00f3zsasz\u00edn-piros vir\u00e1g\u00fa d\u00edszfa kisebb kertekbe.","og_url":"https:\/\/tajkertesz.com\/en_US\/product\/crataegus-laevigata-pauls-scarlet-hamlet\/","og_site_name":"T\u00e1jkert\u00e9sz","article_publisher":"https:\/\/www.facebook.com\/Tajkertesz\/","article_modified_time":"2026-04-10T11:22:49+00:00","og_image":[{"width":1200,"height":1600,"url":"https:\/\/tajkertesz.com\/wp-content\/uploads\/2020\/03\/Crataegus_laevigata_Pauls_Scarlet.jpg","type":"image\/jpeg"}],"twitter_card":"summary_large_image","twitter_misc":{"Est. reading time":"3 minutes"},"schema":{"@context":"https:\/\/schema.org","@graph":[{"@type":"WebPage","@id":"https:\/\/tajkertesz.com\/termek\/crataegus-laevigata-pauls-scarlet-hamlet\/","url":"https:\/\/tajkertesz.com\/termek\/crataegus-laevigata-pauls-scarlet-hamlet\/","name":"Crataegus 'Paul's Scarlet Hamlet' - Piros vir\u00e1g\u00fa galagonya - T\u00e1jkert\u00e9sz","isPartOf":{"@id":"https:\/\/tajkertesz.com\/#website"},"primaryImageOfPage":{"@id":"https:\/\/tajkertesz.com\/termek\/crataegus-laevigata-pauls-scarlet-hamlet\/#primaryimage"},"image":{"@id":"https:\/\/tajkertesz.com\/termek\/crataegus-laevigata-pauls-scarlet-hamlet\/#primaryimage"},"thumbnailUrl":"https:\/\/tajkertesz.com\/wp-content\/uploads\/2020\/03\/Crataegus_laevigata_Pauls_Scarlet.jpg","datePublished":"2025-06-04T08:13:49+00:00","dateModified":"2026-04-10T11:22:49+00:00","description":"A Crataegus laevigata 'Paul's Scarlet Hamlet' - Piros vir\u00e1g\u00fa galagonya kis termet\u0171, r\u00f3zsasz\u00edn-piros vir\u00e1g\u00fa d\u00edszfa kisebb kertekbe.","breadcrumb":{"@id":"https:\/\/tajkertesz.com\/termek\/crataegus-laevigata-pauls-scarlet-hamlet\/#breadcrumb"},"inLanguage":"en-US","potentialAction":[{"@type":"ReadAction","target":["https:\/\/tajkertesz.com\/termek\/crataegus-laevigata-pauls-scarlet-hamlet\/"]}]},{"@type":"ImageObject","inLanguage":"en-US","@id":"https:\/\/tajkertesz.com\/termek\/crataegus-laevigata-pauls-scarlet-hamlet\/#primaryimage","url":"https:\/\/tajkertesz.com\/wp-content\/uploads\/2020\/03\/Crataegus_laevigata_Pauls_Scarlet.jpg","contentUrl":"https:\/\/tajkertesz.com\/wp-content\/uploads\/2020\/03\/Crataegus_laevigata_Pauls_Scarlet.jpg","width":1200,"height":1600,"caption":"Crataegus laevigata 'Paul's Scarlet Hamlet' - Piros vir\u00e1g\u00fa galagonya"},{"@type":"BreadcrumbList","@id":"https:\/\/tajkertesz.com\/termek\/crataegus-laevigata-pauls-scarlet-hamlet\/#breadcrumb","itemListElement":[{"@type":"ListItem","position":1,"name":"Home","item":"https:\/\/tajkertesz.com\/"},{"@type":"ListItem","position":2,"name":"Kezd\u0151lap","item":"https:\/\/tajkertesz.com\/"},{"@type":"ListItem","position":3,"name":"Crataegus &#8216;Paul&#8217;s Scarlet Hamlet&#8217; &#8211; Piros vir\u00e1g\u00fa galagonya"}]},{"@type":"WebSite","@id":"https:\/\/tajkertesz.com\/#website","url":"https:\/\/tajkertesz.com\/","name":"T\u00e1j-Kert\u00e9sz 84 Kft.","description":"Kert\u00e9szeti kis- \u00e9s nagykeresked\u00e9s, D\u00edszn\u00f6v\u00e9ny web\u00e1ruh\u00e1z orsz\u00e1gos h\u00e1zhozsz\u00e1ll\u00edt\u00e1ssal!","publisher":{"@id":"https:\/\/tajkertesz.com\/#organization"},"potentialAction":[{"@type":"SearchAction","target":{"@type":"EntryPoint","urlTemplate":"https:\/\/tajkertesz.com\/?s={search_term_string}"},"query-input":{"@type":"PropertyValueSpecification","valueRequired":true,"valueName":"search_term_string"}}],"inLanguage":"en-US"},{"@type":"Organization","@id":"https:\/\/tajkertesz.com\/#organization","name":"T\u00e1j-Kert\u00e9sz 84 Kft.","url":"https:\/\/tajkertesz.com\/","logo":{"@type":"ImageObject","inLanguage":"en-US","@id":"https:\/\/tajkertesz.com\/#\/schema\/logo\/image\/","url":"https:\/\/tajkertesz.com\/wp-content\/uploads\/2018\/02\/logo-2-e1518678052539.png","contentUrl":"https:\/\/tajkertesz.com\/wp-content\/uploads\/2018\/02\/logo-2-e1518678052539.png","width":81,"height":140,"caption":"T\u00e1j-Kert\u00e9sz 84 Kft."},"image":{"@id":"https:\/\/tajkertesz.com\/#\/schema\/logo\/image\/"},"sameAs":["https:\/\/www.facebook.com\/Tajkertesz\/"]}]}},"_links":{"self":[{"href":"https:\/\/tajkertesz.com\/en_US\/wp-json\/wp\/v2\/product\/2066","targetHints":{"allow":["GET"]}}],"collection":[{"href":"https:\/\/tajkertesz.com\/en_US\/wp-json\/wp\/v2\/product"}],"about":[{"href":"https:\/\/tajkertesz.com\/en_US\/wp-json\/wp\/v2\/types\/product"}],"wp:featuredmedia":[{"embeddable":true,"href":"https:\/\/tajkertesz.com\/en_US\/wp-json\/wp\/v2\/media\/1504"}],"wp:attachment":[{"href":"https:\/\/tajkertesz.com\/en_US\/wp-json\/wp\/v2\/media?parent=2066"}],"wp:term":[{"taxonomy":"product_brand","embeddable":true,"href":"https:\/\/tajkertesz.com\/en_US\/wp-json\/wp\/v2\/product_brand?post=2066"},{"taxonomy":"product_cat","embeddable":true,"href":"https:\/\/tajkertesz.com\/en_US\/wp-json\/wp\/v2\/product_cat?post=2066"},{"taxonomy":"product_tag","embeddable":true,"href":"https:\/\/tajkertesz.com\/en_US\/wp-json\/wp\/v2\/product_tag?post=2066"}],"curies":[{"name":"wp","href":"https:\/\/api.w.org\/{rel}","templated":true}]}}