{"id":20669,"date":"2024-07-12T07:02:50","date_gmt":"2024-07-12T07:02:50","guid":{"rendered":"https:\/\/tajkertesz.com\/?post_type=product&#038;p=20669"},"modified":"2026-02-12T15:14:56","modified_gmt":"2026-02-12T15:14:56","slug":"polins-garden-pro-12l-permetezo","status":"publish","type":"product","link":"https:\/\/tajkertesz.com\/en_US\/product\/polins-garden-pro-12l-permetezo\/","title":{"rendered":"Polins Garden Pro 12L permetez\u0151"},"content":{"rendered":"<h1 class=\"hidden-xs\">Polins Garden Pro 12L permetez\u0151<\/h1>\n<p>&nbsp;<\/p>\n<p class=\"page-title\">Polins Garden Pro 12L permetez\u0151, Permetez\u0151 f\u00e9lh\u00e1ti 12 L &#8211; Garden Pro\u00a0\u00a0 Garden h\u00e1ti permetez\u0151, \u0171rtartalma: 12 liter.A permetez\u0151 elengedhetetlen kell\u00e9k minden gondos kert \u00e9s d\u00edszn\u00f6v\u00e9ny tulajdonos sz\u00e1m\u00e1ra.<\/p>\n<p class=\"page-title\">A k\u00e9zi permetez\u0151t kiz\u00e1r\u00f3lag v\u00edzben old\u00f3d\u00f3 anyagokkal lehet haszn\u00e1lni. Nedves\u00edt\u00e9sre, gyomirt\u00e1sra, n\u00f6v\u00e9nyv\u00e9d\u0151szerek kijuttat\u00e1s\u00e1ra, n\u00f6v\u00e9nyek t\u00e1pl\u00e1l\u00e1sa n\u00f6v\u00e9nyt\u00e1pl\u00e1l\u00f3 szerekkel.<\/p>\n<p class=\"page-title\">A fed\u00e9l sz\u00e9tszedet\u0151 a k\u00f6nnyebb tiszt\u00edt\u00e1s v\u00e9get. A permetez\u0151 \u00e1ll\u00edthat\u00f3 f\u00fav\u00f3k\u00e1ja m\u0171anyagb\u00f3l k\u00e9sz\u00fclt.<\/p>\n<p class=\"page-title\">A 2-3 bar \u00fczemi nyom\u00e1son m\u0171k\u00f6dtetett f\u00e9lh\u00e1ti permetez\u0151 seg\u00edts\u00e9g\u00e9vel, percenk\u00e9nt 0,45-0,6 liter folyad\u00e9kot tudunk kijuttatni. A permetez\u0151 f\u00fav\u00f3k\u00e1ja r\u00e9zb\u0151l k\u00e9sz\u00fclt. A teleszk\u00f3pos sz\u00e1r 50-85cm k\u00f6z\u00f6tt fokozatmentesen lehet \u00e1ll\u00edtani. Az \u00e1ll\u00edthat\u00f3 sz\u00f6vet v\u00e1llheveder seg\u00edts\u00e9g\u00e9vel k\u00f6nnyed\u00e9n hordozhatjuk.<\/p>\n<h3 class=\"page-title\">A s\u00e1rgar\u00e9z f\u00fav\u00f3ka m\u00e9rete:<\/h3>\n<p class=\"page-title\">1,25 mm. A k\u00e9zi permetez\u0151t 5-35 \u00b0C h\u0151m\u00e9rs\u00e9klet\u0171 folyad\u00e9kkal tudjuk haszn\u00e1lni.<\/p>\n<p><span style=\"color: #ffffff;\">A c\u00e9g 1939-ben, &#8222;Centraal Iroda&#8221; n\u00e9ven, burgonya termeszt\u00e9s\u00e9hez kapcsol\u00f3d\u00f3 permetez\u0151g\u00e9peket kezdett el forgalmazni, majd 1955-t\u0151l cukorr\u00e9pa betakar\u00edt\u00f3kkal is kib\u0151v\u00edtett\u00e9k a term\u00e9kpalett\u00e1t. 1962-ben megt\u00f6rt\u00e9nt az els\u0151 n\u00e9vv\u00e1ltoztat\u00e1s, a v\u00e1llalat neve &#8222;CEBECO&#8221; lett. 1984-ben megkezd\u0151d\u00f6tt a CEBECO \u00e1ltal kifejlesztett, GN nev\u0171 vontatott permetez\u0151 gy\u00e1rt\u00e1sa \u00e9s \u00e9rt\u00e9kes\u00edt\u00e9se. <\/span><\/p>\n<p><span style=\"color: #ffffff;\">1989-ben bek\u00f6vetkezett a m\u00e1sodik n\u00e9vv\u00e1ltoz\u00e1s, \u00e9s a CEBECO Agrifac-CEBECO lesz. 1993-ban felv\u00e1s\u00e1rolj\u00e1k az AMAC betakar\u00edt\u00e1si technol\u00f3giai c\u00e9get, majd egy \u00e9vvel k\u00e9s\u0151bb \u00fajranevezik, \u00e9s azt Agrifac-nak h\u00edvj\u00e1k. A k\u00f6vetkez\u0151 \u00e9vekben k\u00fcl\u00f6nb\u00f6z\u0151 term\u00e9kfejleszt\u00e9sek, valamint k\u00fcl\u00f6nb\u00f6z\u0151 c\u00e9gek felv\u00e1s\u00e1rl\u00e1sa t\u00f6rt\u00e9nik. 2008-ban Peter Millenaar \u00e9s Ton Verhoeven megv\u00e1s\u00e1rolj\u00e1k a c\u00e9get, az \u00faj c\u00e9gn\u00e9v Agrifac Machinery B.V. lesz, ahol az \u00f6sszes m\u00e1rka az Agrifac m\u00e1rkan\u00e9v alatt egyes\u00fclt. 2012-ben a francia Exel Industries Group \u00e1tvette a c\u00e9get, amely az Agrifac-t a csoport r\u00e9sz\u00e9v\u00e9 tette, de a v\u00e1llalat vezet\u00e9s\u00e9t tov\u00e1bbra is Peter Millenaar-ra b\u00edzt\u00e1k.<\/span><\/p>\n<p><span style=\"color: #ffffff;\">A\u00a0<b>ker\u00e1mia<\/b>\u00a0a g\u00f6r\u00f6g\u00a0<i>kerameia<\/i> (\u201eki\u00e9getett\u201d) sz\u00f3b\u00f3l sz\u00e1rmazik. Egykor csak az AGYAGB\u00d3L, d\u00f6nt\u0151en KAOLINB\u00d3L ridegg\u00e9, kem\u00e9nny\u00e9 ki\u00e9getett t\u00e1rgyakat nevezt\u00e9k ker\u00e1mi\u00e1knak, manaps\u00e1g a legt\u00f6bb olyan szervetlen, nemf\u00e9mes, szil\u00e1rd anyagot, amit nagy h\u0151m\u00e9rs\u00e9kleten \u00e1ll\u00edtanak el\u0151. Ebben az \u00e9rtelemben ker\u00e1mi\u00e1k az olyan oxid-, foszf\u00e1t-, fluorit-, karbid-, de ak\u00e1r szulfidtartalm\u00fa term\u00e9kek is, amelyek tulajdons\u00e1gai \u00e9s alkalmazhat\u00f3s\u00e1ga a hagyom\u00e1nyos, szilik\u00e1t alap\u00fa ker\u00e1mi\u00e1k\u00e9t\u00f3l l\u00e9nyegesen elt\u00e9rhetnek.<\/span><\/p>\n<p><span style=\"color: #ffffff;\">A hagyom\u00e1nyos fazekass\u00e1g legfontosabb alapanyaga az agyag, melyet ki\u00e9getve a cserepet kapjuk eredm\u00e9ny\u00fcl.<\/span><\/p>\n<p><span style=\"color: #ffffff;\">Ez sokkal kem\u00e9nyebb, \u00e9s id\u0151t\u00e1ll\u00f3bb valamint bizonyos v\u00edz\u00e1ll\u00f3s\u00e1ggal is rendelkezik. A v\u00edz\u00e1ll\u00f3s\u00e1got m\u00e1zr\u00e9teggel lehet fokozni, az \u00edgy ki\u00e9getett anyag az \u00fagynevezett m\u00e1zas cser\u00e9p.<\/span><\/p>\n<p><span style=\"color: #ffffff;\">R\u00e9gebben mindennapi haszn\u00e1lati t\u00e1rgyak (kancs\u00f3k, kup\u00e1k) k\u00e9sz\u00fcltek bel\u0151le, ma legink\u00e1bb vir\u00e1gcserepek, \u00e9s kisebb vir\u00e1gl\u00e1d\u00e1k, tet\u0151cserepek, valamint d\u00edszt\u00e1rgyak k\u00e9sz\u00fclnek bel\u0151le.<\/span><\/p>\n<p><a href=\"https:\/\/www.facebook.com\/tajkertesz\/\">https:\/\/www.facebook.com\/tajkertesz\/<\/a><\/p>\n<p><a href=\"https:\/\/tajkertesz.com\/\">https:\/\/tajkertesz.com\/<\/a><\/p>\n<p>&nbsp;<\/p>\n<p>&nbsp;<\/p>\n<p>Szem\u00e9lyes \u00e1tv\u00e9tellel tudjuk garant\u00e1lni a term\u00e9k \u00e9ps\u00e9g\u00e9t, sajnos a fut\u00e1rszolg\u00e1lattal t\u00f6rt\u00e9n\u0151 sz\u00e1ll\u00edt\u00e1s eset\u00e9n keletkezett k\u00e1rok\u00e9rt felel\u0151ss\u00e9get nem tudunk v\u00e1llalni.<\/p>\n<p>Sz\u00e1ll\u00edt\u00e1s fut\u00e1rszolg\u00e1lattal 200 cm-ig, illetve 40 kg-ig lehets\u00e9ges.<\/p>","protected":false},"excerpt":{"rendered":"<p>Garden h\u00e1ti permetez\u0151, \u0171rtartalma: 12 liter.A permetez\u0151 elengedhetetlen kell\u00e9k minden gondos kert \u00e9s d\u00edszn\u00f6v\u00e9ny tulajdonos sz\u00e1m\u00e1ra<\/p>","protected":false},"featured_media":7678,"template":"","meta":{"_et_pb_use_builder":"","_et_pb_old_content":"","_et_gb_content_width":""},"product_brand":[],"product_cat":[4425],"product_tag":[5003,5203,4823,5202,2234],"class_list":{"0":"post-20669","1":"product","2":"type-product","3":"status-publish","4":"has-post-thumbnail","6":"product_cat-garden-permetezok-es-tartozekai","7":"product_tag-garden","8":"product_tag-hati-permetezo","9":"product_tag-permetezes","10":"product_tag-permetezogep","11":"product_tag-permezeto","13":"first","14":"instock","15":"shipping-taxable","16":"purchasable","17":"product-type-simple"},"yoast_head":"<!-- This site is optimized with the Yoast SEO plugin v27.4 - https:\/\/yoast.com\/product\/yoast-seo-wordpress\/ -->\n<title>Polins Garden Pro 12L permetez\u0151 - T\u00e1jkert\u00e9sz<\/title>\n<meta name=\"description\" content=\"Garden h\u00e1ti permetez\u0151, \u0171rtartalma: 12 liter.A permetez\u0151 elengedhetetlen kell\u00e9k minden gondos kert \u00e9s d\u00edszn\u00f6v\u00e9ny tulajdonos sz\u00e1m\u00e1ra.\" \/>\n<meta name=\"robots\" content=\"index, follow, max-snippet:-1, max-image-preview:large, max-video-preview:-1\" \/>\n<link rel=\"canonical\" href=\"https:\/\/tajkertesz.com\/en_US\/product\/polins-garden-pro-12l-permetezo\/\" \/>\n<meta property=\"og:locale\" content=\"en_US\" \/>\n<meta property=\"og:type\" content=\"article\" \/>\n<meta property=\"og:title\" content=\"Polins Garden Pro 12L permetez\u0151 - T\u00e1jkert\u00e9sz\" \/>\n<meta property=\"og:description\" content=\"Garden h\u00e1ti permetez\u0151, \u0171rtartalma: 12 liter.A permetez\u0151 elengedhetetlen kell\u00e9k minden gondos kert \u00e9s d\u00edszn\u00f6v\u00e9ny tulajdonos sz\u00e1m\u00e1ra.\" \/>\n<meta property=\"og:url\" content=\"https:\/\/tajkertesz.com\/en_US\/product\/polins-garden-pro-12l-permetezo\/\" \/>\n<meta property=\"og:site_name\" content=\"T\u00e1jkert\u00e9sz\" \/>\n<meta property=\"article:publisher\" content=\"https:\/\/www.facebook.com\/Tajkertesz\/\" \/>\n<meta property=\"article:modified_time\" content=\"2026-02-12T15:14:56+00:00\" \/>\n<meta property=\"og:image\" content=\"https:\/\/tajkertesz.com\/wp-content\/uploads\/2021\/07\/polins-garden-pro-16l.jpg\" \/>\n\t<meta property=\"og:image:width\" content=\"763\" \/>\n\t<meta property=\"og:image:height\" content=\"600\" \/>\n\t<meta property=\"og:image:type\" content=\"image\/jpeg\" \/>\n<meta name=\"twitter:card\" content=\"summary_large_image\" \/>\n<meta name=\"twitter:label1\" content=\"Est. reading time\" \/>\n\t<meta name=\"twitter:data1\" content=\"3 minutes\" \/>\n<script type=\"application\/ld+json\" class=\"yoast-schema-graph\">{\"@context\":\"https:\\\/\\\/schema.org\",\"@graph\":[{\"@type\":\"WebPage\",\"@id\":\"https:\\\/\\\/tajkertesz.com\\\/termek\\\/polins-garden-pro-12l-permetezo\\\/\",\"url\":\"https:\\\/\\\/tajkertesz.com\\\/termek\\\/polins-garden-pro-12l-permetezo\\\/\",\"name\":\"Polins Garden Pro 12L permetez\u0151 - T\u00e1jkert\u00e9sz\",\"isPartOf\":{\"@id\":\"https:\\\/\\\/tajkertesz.com\\\/#website\"},\"primaryImageOfPage\":{\"@id\":\"https:\\\/\\\/tajkertesz.com\\\/termek\\\/polins-garden-pro-12l-permetezo\\\/#primaryimage\"},\"image\":{\"@id\":\"https:\\\/\\\/tajkertesz.com\\\/termek\\\/polins-garden-pro-12l-permetezo\\\/#primaryimage\"},\"thumbnailUrl\":\"https:\\\/\\\/tajkertesz.com\\\/wp-content\\\/uploads\\\/2021\\\/07\\\/polins-garden-pro-16l.jpg\",\"datePublished\":\"2024-07-12T07:02:50+00:00\",\"dateModified\":\"2026-02-12T15:14:56+00:00\",\"description\":\"Garden h\u00e1ti permetez\u0151, \u0171rtartalma: 12 liter.A permetez\u0151 elengedhetetlen kell\u00e9k minden gondos kert \u00e9s d\u00edszn\u00f6v\u00e9ny tulajdonos sz\u00e1m\u00e1ra.\",\"breadcrumb\":{\"@id\":\"https:\\\/\\\/tajkertesz.com\\\/termek\\\/polins-garden-pro-12l-permetezo\\\/#breadcrumb\"},\"inLanguage\":\"en-US\",\"potentialAction\":[{\"@type\":\"ReadAction\",\"target\":[\"https:\\\/\\\/tajkertesz.com\\\/termek\\\/polins-garden-pro-12l-permetezo\\\/\"]}]},{\"@type\":\"ImageObject\",\"inLanguage\":\"en-US\",\"@id\":\"https:\\\/\\\/tajkertesz.com\\\/termek\\\/polins-garden-pro-12l-permetezo\\\/#primaryimage\",\"url\":\"https:\\\/\\\/tajkertesz.com\\\/wp-content\\\/uploads\\\/2021\\\/07\\\/polins-garden-pro-16l.jpg\",\"contentUrl\":\"https:\\\/\\\/tajkertesz.com\\\/wp-content\\\/uploads\\\/2021\\\/07\\\/polins-garden-pro-16l.jpg\",\"width\":763,\"height\":600},{\"@type\":\"BreadcrumbList\",\"@id\":\"https:\\\/\\\/tajkertesz.com\\\/termek\\\/polins-garden-pro-12l-permetezo\\\/#breadcrumb\",\"itemListElement\":[{\"@type\":\"ListItem\",\"position\":1,\"name\":\"Home\",\"item\":\"https:\\\/\\\/tajkertesz.com\\\/\"},{\"@type\":\"ListItem\",\"position\":2,\"name\":\"Kezd\u0151lap\",\"item\":\"https:\\\/\\\/tajkertesz.com\\\/\"},{\"@type\":\"ListItem\",\"position\":3,\"name\":\"Polins Garden Pro 12L permetez\u0151\"}]},{\"@type\":\"WebSite\",\"@id\":\"https:\\\/\\\/tajkertesz.com\\\/#website\",\"url\":\"https:\\\/\\\/tajkertesz.com\\\/\",\"name\":\"T\u00e1j-Kert\u00e9sz 84 Kft.\",\"description\":\"Kert\u00e9szeti kis- \u00e9s nagykeresked\u00e9s, D\u00edszn\u00f6v\u00e9ny web\u00e1ruh\u00e1z orsz\u00e1gos h\u00e1zhozsz\u00e1ll\u00edt\u00e1ssal!\",\"publisher\":{\"@id\":\"https:\\\/\\\/tajkertesz.com\\\/#organization\"},\"potentialAction\":[{\"@type\":\"SearchAction\",\"target\":{\"@type\":\"EntryPoint\",\"urlTemplate\":\"https:\\\/\\\/tajkertesz.com\\\/?s={search_term_string}\"},\"query-input\":{\"@type\":\"PropertyValueSpecification\",\"valueRequired\":true,\"valueName\":\"search_term_string\"}}],\"inLanguage\":\"en-US\"},{\"@type\":\"Organization\",\"@id\":\"https:\\\/\\\/tajkertesz.com\\\/#organization\",\"name\":\"T\u00e1j-Kert\u00e9sz 84 Kft.\",\"url\":\"https:\\\/\\\/tajkertesz.com\\\/\",\"logo\":{\"@type\":\"ImageObject\",\"inLanguage\":\"en-US\",\"@id\":\"https:\\\/\\\/tajkertesz.com\\\/#\\\/schema\\\/logo\\\/image\\\/\",\"url\":\"https:\\\/\\\/tajkertesz.com\\\/wp-content\\\/uploads\\\/2018\\\/02\\\/logo-2-e1518678052539.png\",\"contentUrl\":\"https:\\\/\\\/tajkertesz.com\\\/wp-content\\\/uploads\\\/2018\\\/02\\\/logo-2-e1518678052539.png\",\"width\":81,\"height\":140,\"caption\":\"T\u00e1j-Kert\u00e9sz 84 Kft.\"},\"image\":{\"@id\":\"https:\\\/\\\/tajkertesz.com\\\/#\\\/schema\\\/logo\\\/image\\\/\"},\"sameAs\":[\"https:\\\/\\\/www.facebook.com\\\/Tajkertesz\\\/\"]}]}<\/script>\n<!-- \/ Yoast SEO plugin. -->","yoast_head_json":{"title":"Polins Garden Pro 12L permetez\u0151 - T\u00e1jkert\u00e9sz","description":"Garden h\u00e1ti permetez\u0151, \u0171rtartalma: 12 liter.A permetez\u0151 elengedhetetlen kell\u00e9k minden gondos kert \u00e9s d\u00edszn\u00f6v\u00e9ny tulajdonos sz\u00e1m\u00e1ra.","robots":{"index":"index","follow":"follow","max-snippet":"max-snippet:-1","max-image-preview":"max-image-preview:large","max-video-preview":"max-video-preview:-1"},"canonical":"https:\/\/tajkertesz.com\/en_US\/product\/polins-garden-pro-12l-permetezo\/","og_locale":"en_US","og_type":"article","og_title":"Polins Garden Pro 12L permetez\u0151 - T\u00e1jkert\u00e9sz","og_description":"Garden h\u00e1ti permetez\u0151, \u0171rtartalma: 12 liter.A permetez\u0151 elengedhetetlen kell\u00e9k minden gondos kert \u00e9s d\u00edszn\u00f6v\u00e9ny tulajdonos sz\u00e1m\u00e1ra.","og_url":"https:\/\/tajkertesz.com\/en_US\/product\/polins-garden-pro-12l-permetezo\/","og_site_name":"T\u00e1jkert\u00e9sz","article_publisher":"https:\/\/www.facebook.com\/Tajkertesz\/","article_modified_time":"2026-02-12T15:14:56+00:00","og_image":[{"width":763,"height":600,"url":"https:\/\/tajkertesz.com\/wp-content\/uploads\/2021\/07\/polins-garden-pro-16l.jpg","type":"image\/jpeg"}],"twitter_card":"summary_large_image","twitter_misc":{"Est. reading time":"3 minutes"},"schema":{"@context":"https:\/\/schema.org","@graph":[{"@type":"WebPage","@id":"https:\/\/tajkertesz.com\/termek\/polins-garden-pro-12l-permetezo\/","url":"https:\/\/tajkertesz.com\/termek\/polins-garden-pro-12l-permetezo\/","name":"Polins Garden Pro 12L permetez\u0151 - T\u00e1jkert\u00e9sz","isPartOf":{"@id":"https:\/\/tajkertesz.com\/#website"},"primaryImageOfPage":{"@id":"https:\/\/tajkertesz.com\/termek\/polins-garden-pro-12l-permetezo\/#primaryimage"},"image":{"@id":"https:\/\/tajkertesz.com\/termek\/polins-garden-pro-12l-permetezo\/#primaryimage"},"thumbnailUrl":"https:\/\/tajkertesz.com\/wp-content\/uploads\/2021\/07\/polins-garden-pro-16l.jpg","datePublished":"2024-07-12T07:02:50+00:00","dateModified":"2026-02-12T15:14:56+00:00","description":"Garden h\u00e1ti permetez\u0151, \u0171rtartalma: 12 liter.A permetez\u0151 elengedhetetlen kell\u00e9k minden gondos kert \u00e9s d\u00edszn\u00f6v\u00e9ny tulajdonos sz\u00e1m\u00e1ra.","breadcrumb":{"@id":"https:\/\/tajkertesz.com\/termek\/polins-garden-pro-12l-permetezo\/#breadcrumb"},"inLanguage":"en-US","potentialAction":[{"@type":"ReadAction","target":["https:\/\/tajkertesz.com\/termek\/polins-garden-pro-12l-permetezo\/"]}]},{"@type":"ImageObject","inLanguage":"en-US","@id":"https:\/\/tajkertesz.com\/termek\/polins-garden-pro-12l-permetezo\/#primaryimage","url":"https:\/\/tajkertesz.com\/wp-content\/uploads\/2021\/07\/polins-garden-pro-16l.jpg","contentUrl":"https:\/\/tajkertesz.com\/wp-content\/uploads\/2021\/07\/polins-garden-pro-16l.jpg","width":763,"height":600},{"@type":"BreadcrumbList","@id":"https:\/\/tajkertesz.com\/termek\/polins-garden-pro-12l-permetezo\/#breadcrumb","itemListElement":[{"@type":"ListItem","position":1,"name":"Home","item":"https:\/\/tajkertesz.com\/"},{"@type":"ListItem","position":2,"name":"Kezd\u0151lap","item":"https:\/\/tajkertesz.com\/"},{"@type":"ListItem","position":3,"name":"Polins Garden Pro 12L permetez\u0151"}]},{"@type":"WebSite","@id":"https:\/\/tajkertesz.com\/#website","url":"https:\/\/tajkertesz.com\/","name":"T\u00e1j-Kert\u00e9sz 84 Kft.","description":"Kert\u00e9szeti kis- \u00e9s nagykeresked\u00e9s, D\u00edszn\u00f6v\u00e9ny web\u00e1ruh\u00e1z orsz\u00e1gos h\u00e1zhozsz\u00e1ll\u00edt\u00e1ssal!","publisher":{"@id":"https:\/\/tajkertesz.com\/#organization"},"potentialAction":[{"@type":"SearchAction","target":{"@type":"EntryPoint","urlTemplate":"https:\/\/tajkertesz.com\/?s={search_term_string}"},"query-input":{"@type":"PropertyValueSpecification","valueRequired":true,"valueName":"search_term_string"}}],"inLanguage":"en-US"},{"@type":"Organization","@id":"https:\/\/tajkertesz.com\/#organization","name":"T\u00e1j-Kert\u00e9sz 84 Kft.","url":"https:\/\/tajkertesz.com\/","logo":{"@type":"ImageObject","inLanguage":"en-US","@id":"https:\/\/tajkertesz.com\/#\/schema\/logo\/image\/","url":"https:\/\/tajkertesz.com\/wp-content\/uploads\/2018\/02\/logo-2-e1518678052539.png","contentUrl":"https:\/\/tajkertesz.com\/wp-content\/uploads\/2018\/02\/logo-2-e1518678052539.png","width":81,"height":140,"caption":"T\u00e1j-Kert\u00e9sz 84 Kft."},"image":{"@id":"https:\/\/tajkertesz.com\/#\/schema\/logo\/image\/"},"sameAs":["https:\/\/www.facebook.com\/Tajkertesz\/"]}]}},"_links":{"self":[{"href":"https:\/\/tajkertesz.com\/en_US\/wp-json\/wp\/v2\/product\/20669","targetHints":{"allow":["GET"]}}],"collection":[{"href":"https:\/\/tajkertesz.com\/en_US\/wp-json\/wp\/v2\/product"}],"about":[{"href":"https:\/\/tajkertesz.com\/en_US\/wp-json\/wp\/v2\/types\/product"}],"wp:featuredmedia":[{"embeddable":true,"href":"https:\/\/tajkertesz.com\/en_US\/wp-json\/wp\/v2\/media\/7678"}],"wp:attachment":[{"href":"https:\/\/tajkertesz.com\/en_US\/wp-json\/wp\/v2\/media?parent=20669"}],"wp:term":[{"taxonomy":"product_brand","embeddable":true,"href":"https:\/\/tajkertesz.com\/en_US\/wp-json\/wp\/v2\/product_brand?post=20669"},{"taxonomy":"product_cat","embeddable":true,"href":"https:\/\/tajkertesz.com\/en_US\/wp-json\/wp\/v2\/product_cat?post=20669"},{"taxonomy":"product_tag","embeddable":true,"href":"https:\/\/tajkertesz.com\/en_US\/wp-json\/wp\/v2\/product_tag?post=20669"}],"curies":[{"name":"wp","href":"https:\/\/api.w.org\/{rel}","templated":true}]}}