{"id":20678,"date":"2024-07-12T11:46:16","date_gmt":"2024-07-12T11:46:16","guid":{"rendered":"https:\/\/tajkertesz.com\/?post_type=product&#038;p=20678"},"modified":"2026-02-12T15:14:47","modified_gmt":"2026-02-12T15:14:47","slug":"volldunger-fluid-tapoldat-1l","status":"publish","type":"product","link":"https:\/\/tajkertesz.com\/en_US\/product\/volldunger-fluid-tapoldat-1l\/","title":{"rendered":"Volld\u00fcnger Fluid t\u00e1poldat 1L"},"content":{"rendered":"<h2>Volld\u00fcnger Fluid t\u00e1poldat 1L<\/h2>\n<p>Volld\u00fcnger Fluid t\u00e1poldat 1L<\/p>\n<p>A Volld\u00fcnger\u00ae term\u00e9kcsal\u00e1d valamennyi tagja a n\u00f6v\u00e9ny \u00e1ltal k\u00f6nnyen felvehet\u0151 form\u00e1ban tartalmazza a legfontosabb t\u00e1panyagokat.\u2008\u00d6sszet\u00e9tel\u00fckn\u00e9l, k\u00f6nny\u0171 kezelhet\u0151s\u00e9g\u00fckn\u00e9l fogva j\u00f3l beilleszthet\u0151k a t\u00e1panyagp\u00f3tl\u00e1si programokba, ez\u00e9rt hat\u00e9kony eszk\u00f6zei a harmonikus n\u00f6v\u00e9nyt\u00e1pl\u00e1l\u00e1snak. Emellett valamennyi m\u0171tr\u00e1gya n\u00f6veli a k\u00f6rnyezeti t\u00e9nyez\u0151k \u00e1ltal okozott esetleges stresszhat\u00e1sok kiv\u00e9d\u00e9s\u00e9nek es\u00e9ly\u00e9t (pl.: sz\u00e1razs\u00e1gt\u0171r\u00e9s).<\/p>\n<h2>T\u00e1panyagokban gazdag, \u00e1lltal\u00e1nos t\u00e1poldat minden szoba- \u00e9s balkonn\u00f6v\u00e9ny sz\u00e1m\u00e1ra.<\/h2>\n<p>A Volld\u00fcnger\u00ae Fluid t\u00e1poldat optim\u00e1lis ar\u00e1nyban tartalmazza mindazon hat\u00f3anyagokat (nitrog\u00e9n, foszfor, k\u00e1lium, mikroelemek), melyek sz\u00fcks\u00e9gesek a szoba- \u00e9s balkonn\u00f6v\u00e9nyek sz\u00e1m\u00e1ra, mind az intenz\u00edv n\u00f6veked\u00e9si szakaszban (tavasz-ny\u00e1r-\u0151sz), mind a f\u00e9nyszeg\u00e9nyebb t\u00e9li id\u0151szakban.<\/p>\n<p>A Volld\u00fcnger\u00ae term\u00e9kcsal\u00e1d a n\u00f6v\u00e9nyv\u00e9d\u0151 szerekkel egy\u00fctt \u00e1ltal\u00e1ban kijuttathat\u00f3, a felhaszn\u00e1l\u00e1s el\u0151tt c\u00e9lszer\u0171 kever\u00e9si pr\u00f3b\u00e1t elv\u00e9gezni.<\/p>\n<h2>Hat\u00e1sm\u00f3d<\/h2>\n<p>A kiegyenl\u00edtett k\u00f6zeli nitrog\u00e9n-foszfor-k\u00e1lium ar\u00e1nya r\u00e9v\u00e9n ide\u00e1lisan haszn\u00e1lhat\u00f3 mind a vir\u00e1gos, mind a lev\u00e9l d\u00edszn\u00f6v\u00e9nyek sz\u00e1m\u00e1ra. magas cinktartalma r\u00e9v\u00e9n serkenti a gy\u00f6k\u00e9rk\u00e9pz\u0151d\u00e9st, a magas b\u00f3r-, mang\u00e1n- \u00e9s molibd\u00e9n-tartalom pedig a vir\u00e1gk\u00e9pz\u00e9st \u00e9s a vir\u00e1gzat sz\u00ednez\u0151d\u00e9s\u00e9t seg\u00edti el\u0151.<\/p>\n<h2>Alkalmaz\u00e1sa:<\/h2>\n<ul>\n<li>N\u00f6veked\u00e9si id\u0151szakban: heti egy alkalommal 10 ml \/ 1 l v\u00edz t\u00f6m\u00e9nys\u00e9gben<\/li>\n<li>T\u00e9li id\u0151szakban: 3 hetente 10 ml \/ 1 l v\u00edz t\u00f6m\u00e9nys\u00e9gben<\/li>\n<li>Frissen \u00fcltetett, vagy \u00e1t\u00fcltetett n\u00f6v\u00e9nyekn\u00e9l: az \u00fcltet\u00e9st k\u00f6vet\u0151 harmadik h\u00e9tt\u0151l<\/li>\n<\/ul>\n<h2>\u00d6sszet\u00e9tel:<\/h2>\n<ul>\n<li>84 g\/l N<\/li>\n<li>60 g\/l P2O5<\/li>\n<li>72 g\/l K2O<\/li>\n<li>Mikroelemek<\/li>\n<\/ul>\n<h2>Kiszerel\u00e9s:<\/h2>\n<p>1 liter<\/p>\n<p>El\u00e9rhet\u0151 t\u00f6bbf\u00e9le m\u00e9retben \u00e9s \u00e1rban.<\/p>\n<p><strong>K\u00e9szlet\u00fcnk napi szinten v\u00e1ltozik, ez\u00e9rt k\u00e9rj\u00fck, \u00e9rdekl\u0151dj\u00f6n szem\u00e9lyesen, telefonon vagy email-en.<br \/>\nA v\u00e1ltoztat\u00e1s jog\u00e1t fenntartjuk!\u00a0<\/strong><\/p>\n<p><a href=\"https:\/\/tajkertesz.com\/\">https:\/\/tajkertesz.com\/<\/a><\/p>\n<p><a href=\"https:\/\/www.facebook.com\/tajkertesz\/\">https:\/\/www.facebook.com\/tajkertesz\/<\/a><\/p>\n<p>Kisz\u00e1ll\u00edt\u00e1s: 200cm-ig \u00a0\u00e9s 40 kg-ig a sz\u00e1ll\u00edt\u00e1s fut\u00e1rszolg\u00e1lattal \u00a0t\u00f6rt\u00e9nik.<\/p>\n<p>Szem\u00e9lyes \u00e1tv\u00e9tel nyitvatart\u00e1si id\u0151ben a 17. ker\u00fclet Bakancsos utca 7. sz\u00e1m alatti Kert\u00e9szeti \u00e1rud\u00e1nkban.<\/p>\n<p>&nbsp;<\/p>","protected":false},"excerpt":{"rendered":"<p>VOLLD\u00dcNGER FLUID 1l<\/p>\n<p>Foly\u00e9kony t\u00e1poldat balkon- \u00e9s szoban\u00f6v\u00e9nyek, kont\u00e9neres d\u00edszn\u00f6v\u00e9nyek t\u00e1panyagell\u00e1t\u00e1s\u00e1ra. NP K 7-5-6+ mikroelemek.<br \/>\nD\u00f3zis: 10ml 5 liter v\u00edzhez.<\/p>","protected":false},"featured_media":20679,"template":"","meta":{"_et_pb_use_builder":"","_et_pb_old_content":"","_et_gb_content_width":""},"product_brand":[],"product_cat":[1845],"product_tag":[5210,705,1450,4710],"class_list":{"0":"post-20678","1":"product","2":"type-product","3":"status-publish","4":"has-post-thumbnail","6":"product_cat-egyeb-tapoldatok-mutragyak","7":"product_tag-kwizda","8":"product_tag-mutragya","9":"product_tag-tapoldat","10":"product_tag-volldunger","12":"first","13":"instock","14":"shipping-taxable","15":"purchasable","16":"product-type-simple"},"yoast_head":"<!-- This site is optimized with the Yoast SEO plugin v27.4 - https:\/\/yoast.com\/product\/yoast-seo-wordpress\/ -->\n<title>Volld\u00fcnger Fluid t\u00e1poldat 1L - T\u00e1jkert\u00e9sz<\/title>\n<meta name=\"description\" content=\"Volld\u00fcnger Fluid t\u00e1poldat 1L. T\u00e1panyagokban gazdag, \u00e1lltal\u00e1nos t\u00e1poldat minden szoba- \u00e9s balkonn\u00f6v\u00e9ny sz\u00e1m\u00e1ra. K\u00f6nnyen felvehet\u0151 form\u00e1ban tartalmazza...\" \/>\n<meta name=\"robots\" content=\"index, follow, max-snippet:-1, max-image-preview:large, max-video-preview:-1\" \/>\n<link rel=\"canonical\" href=\"https:\/\/tajkertesz.com\/en_US\/product\/volldunger-fluid-tapoldat-1l\/\" \/>\n<meta property=\"og:locale\" content=\"en_US\" \/>\n<meta property=\"og:type\" content=\"article\" \/>\n<meta property=\"og:title\" content=\"Volld\u00fcnger Fluid t\u00e1poldat 1L - T\u00e1jkert\u00e9sz\" \/>\n<meta property=\"og:description\" content=\"Volld\u00fcnger Fluid t\u00e1poldat 1L. T\u00e1panyagokban gazdag, \u00e1lltal\u00e1nos t\u00e1poldat minden szoba- \u00e9s balkonn\u00f6v\u00e9ny sz\u00e1m\u00e1ra. K\u00f6nnyen felvehet\u0151 form\u00e1ban tartalmazza...\" \/>\n<meta property=\"og:url\" content=\"https:\/\/tajkertesz.com\/en_US\/product\/volldunger-fluid-tapoldat-1l\/\" \/>\n<meta property=\"og:site_name\" content=\"T\u00e1jkert\u00e9sz\" \/>\n<meta property=\"article:publisher\" content=\"https:\/\/www.facebook.com\/Tajkertesz\/\" \/>\n<meta property=\"article:modified_time\" content=\"2026-02-12T15:14:47+00:00\" \/>\n<meta property=\"og:image\" content=\"https:\/\/tajkertesz.com\/wp-content\/uploads\/2024\/07\/volf2501.jpg\" \/>\n\t<meta property=\"og:image:width\" content=\"940\" \/>\n\t<meta property=\"og:image:height\" content=\"788\" \/>\n\t<meta property=\"og:image:type\" content=\"image\/jpeg\" \/>\n<meta name=\"twitter:card\" content=\"summary_large_image\" \/>\n<meta name=\"twitter:label1\" content=\"Est. reading time\" \/>\n\t<meta name=\"twitter:data1\" content=\"2 minutes\" \/>\n<script type=\"application\/ld+json\" class=\"yoast-schema-graph\">{\"@context\":\"https:\\\/\\\/schema.org\",\"@graph\":[{\"@type\":\"WebPage\",\"@id\":\"https:\\\/\\\/tajkertesz.com\\\/termek\\\/volldunger-fluid-tapoldat-1l\\\/\",\"url\":\"https:\\\/\\\/tajkertesz.com\\\/termek\\\/volldunger-fluid-tapoldat-1l\\\/\",\"name\":\"Volld\u00fcnger Fluid t\u00e1poldat 1L - T\u00e1jkert\u00e9sz\",\"isPartOf\":{\"@id\":\"https:\\\/\\\/tajkertesz.com\\\/#website\"},\"primaryImageOfPage\":{\"@id\":\"https:\\\/\\\/tajkertesz.com\\\/termek\\\/volldunger-fluid-tapoldat-1l\\\/#primaryimage\"},\"image\":{\"@id\":\"https:\\\/\\\/tajkertesz.com\\\/termek\\\/volldunger-fluid-tapoldat-1l\\\/#primaryimage\"},\"thumbnailUrl\":\"https:\\\/\\\/tajkertesz.com\\\/wp-content\\\/uploads\\\/2024\\\/07\\\/volf2501.jpg\",\"datePublished\":\"2024-07-12T11:46:16+00:00\",\"dateModified\":\"2026-02-12T15:14:47+00:00\",\"description\":\"Volld\u00fcnger Fluid t\u00e1poldat 1L. T\u00e1panyagokban gazdag, \u00e1lltal\u00e1nos t\u00e1poldat minden szoba- \u00e9s balkonn\u00f6v\u00e9ny sz\u00e1m\u00e1ra. K\u00f6nnyen felvehet\u0151 form\u00e1ban tartalmazza...\",\"breadcrumb\":{\"@id\":\"https:\\\/\\\/tajkertesz.com\\\/termek\\\/volldunger-fluid-tapoldat-1l\\\/#breadcrumb\"},\"inLanguage\":\"en-US\",\"potentialAction\":[{\"@type\":\"ReadAction\",\"target\":[\"https:\\\/\\\/tajkertesz.com\\\/termek\\\/volldunger-fluid-tapoldat-1l\\\/\"]}]},{\"@type\":\"ImageObject\",\"inLanguage\":\"en-US\",\"@id\":\"https:\\\/\\\/tajkertesz.com\\\/termek\\\/volldunger-fluid-tapoldat-1l\\\/#primaryimage\",\"url\":\"https:\\\/\\\/tajkertesz.com\\\/wp-content\\\/uploads\\\/2024\\\/07\\\/volf2501.jpg\",\"contentUrl\":\"https:\\\/\\\/tajkertesz.com\\\/wp-content\\\/uploads\\\/2024\\\/07\\\/volf2501.jpg\",\"width\":940,\"height\":788,\"caption\":\"xr:d:DAFgurp0LlM:96,j:45624326835,t:23042112\"},{\"@type\":\"BreadcrumbList\",\"@id\":\"https:\\\/\\\/tajkertesz.com\\\/termek\\\/volldunger-fluid-tapoldat-1l\\\/#breadcrumb\",\"itemListElement\":[{\"@type\":\"ListItem\",\"position\":1,\"name\":\"Home\",\"item\":\"https:\\\/\\\/tajkertesz.com\\\/\"},{\"@type\":\"ListItem\",\"position\":2,\"name\":\"Kezd\u0151lap\",\"item\":\"https:\\\/\\\/tajkertesz.com\\\/\"},{\"@type\":\"ListItem\",\"position\":3,\"name\":\"Volld\u00fcnger Fluid t\u00e1poldat 1L\"}]},{\"@type\":\"WebSite\",\"@id\":\"https:\\\/\\\/tajkertesz.com\\\/#website\",\"url\":\"https:\\\/\\\/tajkertesz.com\\\/\",\"name\":\"T\u00e1j-Kert\u00e9sz 84 Kft.\",\"description\":\"Kert\u00e9szeti kis- \u00e9s nagykeresked\u00e9s, D\u00edszn\u00f6v\u00e9ny web\u00e1ruh\u00e1z orsz\u00e1gos h\u00e1zhozsz\u00e1ll\u00edt\u00e1ssal!\",\"publisher\":{\"@id\":\"https:\\\/\\\/tajkertesz.com\\\/#organization\"},\"potentialAction\":[{\"@type\":\"SearchAction\",\"target\":{\"@type\":\"EntryPoint\",\"urlTemplate\":\"https:\\\/\\\/tajkertesz.com\\\/?s={search_term_string}\"},\"query-input\":{\"@type\":\"PropertyValueSpecification\",\"valueRequired\":true,\"valueName\":\"search_term_string\"}}],\"inLanguage\":\"en-US\"},{\"@type\":\"Organization\",\"@id\":\"https:\\\/\\\/tajkertesz.com\\\/#organization\",\"name\":\"T\u00e1j-Kert\u00e9sz 84 Kft.\",\"url\":\"https:\\\/\\\/tajkertesz.com\\\/\",\"logo\":{\"@type\":\"ImageObject\",\"inLanguage\":\"en-US\",\"@id\":\"https:\\\/\\\/tajkertesz.com\\\/#\\\/schema\\\/logo\\\/image\\\/\",\"url\":\"https:\\\/\\\/tajkertesz.com\\\/wp-content\\\/uploads\\\/2018\\\/02\\\/logo-2-e1518678052539.png\",\"contentUrl\":\"https:\\\/\\\/tajkertesz.com\\\/wp-content\\\/uploads\\\/2018\\\/02\\\/logo-2-e1518678052539.png\",\"width\":81,\"height\":140,\"caption\":\"T\u00e1j-Kert\u00e9sz 84 Kft.\"},\"image\":{\"@id\":\"https:\\\/\\\/tajkertesz.com\\\/#\\\/schema\\\/logo\\\/image\\\/\"},\"sameAs\":[\"https:\\\/\\\/www.facebook.com\\\/Tajkertesz\\\/\"]}]}<\/script>\n<!-- \/ Yoast SEO plugin. -->","yoast_head_json":{"title":"Volld\u00fcnger Fluid t\u00e1poldat 1L - T\u00e1jkert\u00e9sz","description":"Volld\u00fcnger Fluid t\u00e1poldat 1L. T\u00e1panyagokban gazdag, \u00e1lltal\u00e1nos t\u00e1poldat minden szoba- \u00e9s balkonn\u00f6v\u00e9ny sz\u00e1m\u00e1ra. K\u00f6nnyen felvehet\u0151 form\u00e1ban tartalmazza...","robots":{"index":"index","follow":"follow","max-snippet":"max-snippet:-1","max-image-preview":"max-image-preview:large","max-video-preview":"max-video-preview:-1"},"canonical":"https:\/\/tajkertesz.com\/en_US\/product\/volldunger-fluid-tapoldat-1l\/","og_locale":"en_US","og_type":"article","og_title":"Volld\u00fcnger Fluid t\u00e1poldat 1L - T\u00e1jkert\u00e9sz","og_description":"Volld\u00fcnger Fluid t\u00e1poldat 1L. T\u00e1panyagokban gazdag, \u00e1lltal\u00e1nos t\u00e1poldat minden szoba- \u00e9s balkonn\u00f6v\u00e9ny sz\u00e1m\u00e1ra. K\u00f6nnyen felvehet\u0151 form\u00e1ban tartalmazza...","og_url":"https:\/\/tajkertesz.com\/en_US\/product\/volldunger-fluid-tapoldat-1l\/","og_site_name":"T\u00e1jkert\u00e9sz","article_publisher":"https:\/\/www.facebook.com\/Tajkertesz\/","article_modified_time":"2026-02-12T15:14:47+00:00","og_image":[{"width":940,"height":788,"url":"https:\/\/tajkertesz.com\/wp-content\/uploads\/2024\/07\/volf2501.jpg","type":"image\/jpeg"}],"twitter_card":"summary_large_image","twitter_misc":{"Est. reading time":"2 minutes"},"schema":{"@context":"https:\/\/schema.org","@graph":[{"@type":"WebPage","@id":"https:\/\/tajkertesz.com\/termek\/volldunger-fluid-tapoldat-1l\/","url":"https:\/\/tajkertesz.com\/termek\/volldunger-fluid-tapoldat-1l\/","name":"Volld\u00fcnger Fluid t\u00e1poldat 1L - T\u00e1jkert\u00e9sz","isPartOf":{"@id":"https:\/\/tajkertesz.com\/#website"},"primaryImageOfPage":{"@id":"https:\/\/tajkertesz.com\/termek\/volldunger-fluid-tapoldat-1l\/#primaryimage"},"image":{"@id":"https:\/\/tajkertesz.com\/termek\/volldunger-fluid-tapoldat-1l\/#primaryimage"},"thumbnailUrl":"https:\/\/tajkertesz.com\/wp-content\/uploads\/2024\/07\/volf2501.jpg","datePublished":"2024-07-12T11:46:16+00:00","dateModified":"2026-02-12T15:14:47+00:00","description":"Volld\u00fcnger Fluid t\u00e1poldat 1L. T\u00e1panyagokban gazdag, \u00e1lltal\u00e1nos t\u00e1poldat minden szoba- \u00e9s balkonn\u00f6v\u00e9ny sz\u00e1m\u00e1ra. K\u00f6nnyen felvehet\u0151 form\u00e1ban tartalmazza...","breadcrumb":{"@id":"https:\/\/tajkertesz.com\/termek\/volldunger-fluid-tapoldat-1l\/#breadcrumb"},"inLanguage":"en-US","potentialAction":[{"@type":"ReadAction","target":["https:\/\/tajkertesz.com\/termek\/volldunger-fluid-tapoldat-1l\/"]}]},{"@type":"ImageObject","inLanguage":"en-US","@id":"https:\/\/tajkertesz.com\/termek\/volldunger-fluid-tapoldat-1l\/#primaryimage","url":"https:\/\/tajkertesz.com\/wp-content\/uploads\/2024\/07\/volf2501.jpg","contentUrl":"https:\/\/tajkertesz.com\/wp-content\/uploads\/2024\/07\/volf2501.jpg","width":940,"height":788,"caption":"xr:d:DAFgurp0LlM:96,j:45624326835,t:23042112"},{"@type":"BreadcrumbList","@id":"https:\/\/tajkertesz.com\/termek\/volldunger-fluid-tapoldat-1l\/#breadcrumb","itemListElement":[{"@type":"ListItem","position":1,"name":"Home","item":"https:\/\/tajkertesz.com\/"},{"@type":"ListItem","position":2,"name":"Kezd\u0151lap","item":"https:\/\/tajkertesz.com\/"},{"@type":"ListItem","position":3,"name":"Volld\u00fcnger Fluid t\u00e1poldat 1L"}]},{"@type":"WebSite","@id":"https:\/\/tajkertesz.com\/#website","url":"https:\/\/tajkertesz.com\/","name":"T\u00e1j-Kert\u00e9sz 84 Kft.","description":"Kert\u00e9szeti kis- \u00e9s nagykeresked\u00e9s, D\u00edszn\u00f6v\u00e9ny web\u00e1ruh\u00e1z orsz\u00e1gos h\u00e1zhozsz\u00e1ll\u00edt\u00e1ssal!","publisher":{"@id":"https:\/\/tajkertesz.com\/#organization"},"potentialAction":[{"@type":"SearchAction","target":{"@type":"EntryPoint","urlTemplate":"https:\/\/tajkertesz.com\/?s={search_term_string}"},"query-input":{"@type":"PropertyValueSpecification","valueRequired":true,"valueName":"search_term_string"}}],"inLanguage":"en-US"},{"@type":"Organization","@id":"https:\/\/tajkertesz.com\/#organization","name":"T\u00e1j-Kert\u00e9sz 84 Kft.","url":"https:\/\/tajkertesz.com\/","logo":{"@type":"ImageObject","inLanguage":"en-US","@id":"https:\/\/tajkertesz.com\/#\/schema\/logo\/image\/","url":"https:\/\/tajkertesz.com\/wp-content\/uploads\/2018\/02\/logo-2-e1518678052539.png","contentUrl":"https:\/\/tajkertesz.com\/wp-content\/uploads\/2018\/02\/logo-2-e1518678052539.png","width":81,"height":140,"caption":"T\u00e1j-Kert\u00e9sz 84 Kft."},"image":{"@id":"https:\/\/tajkertesz.com\/#\/schema\/logo\/image\/"},"sameAs":["https:\/\/www.facebook.com\/Tajkertesz\/"]}]}},"_links":{"self":[{"href":"https:\/\/tajkertesz.com\/en_US\/wp-json\/wp\/v2\/product\/20678","targetHints":{"allow":["GET"]}}],"collection":[{"href":"https:\/\/tajkertesz.com\/en_US\/wp-json\/wp\/v2\/product"}],"about":[{"href":"https:\/\/tajkertesz.com\/en_US\/wp-json\/wp\/v2\/types\/product"}],"wp:featuredmedia":[{"embeddable":true,"href":"https:\/\/tajkertesz.com\/en_US\/wp-json\/wp\/v2\/media\/20679"}],"wp:attachment":[{"href":"https:\/\/tajkertesz.com\/en_US\/wp-json\/wp\/v2\/media?parent=20678"}],"wp:term":[{"taxonomy":"product_brand","embeddable":true,"href":"https:\/\/tajkertesz.com\/en_US\/wp-json\/wp\/v2\/product_brand?post=20678"},{"taxonomy":"product_cat","embeddable":true,"href":"https:\/\/tajkertesz.com\/en_US\/wp-json\/wp\/v2\/product_cat?post=20678"},{"taxonomy":"product_tag","embeddable":true,"href":"https:\/\/tajkertesz.com\/en_US\/wp-json\/wp\/v2\/product_tag?post=20678"}],"curies":[{"name":"wp","href":"https:\/\/api.w.org\/{rel}","templated":true}]}}