{"id":20690,"date":"2024-07-15T14:15:39","date_gmt":"2024-07-15T14:15:39","guid":{"rendered":"https:\/\/tajkertesz.com\/?post_type=product&#038;p=20690"},"modified":"2025-02-21T12:02:17","modified_gmt":"2025-02-21T12:02:17","slug":"thermacell-keszulekekbe-lapka-3-db-csomag","status":"publish","type":"product","link":"https:\/\/tajkertesz.com\/en_US\/product\/thermacell-keszulekekbe-lapka-3-db-csomag\/","title":{"rendered":"Thermacell k\u00e9sz\u00fcl\u00e9kekbe lapka 3\/ db csomag"},"content":{"rendered":"<p>Thermacell k\u00e9sz\u00fcl\u00e9kekbe lapka 3\/ db csomag<\/p>\n<p>A Thermacell k\u00e9sz\u00fcl\u00e9kekbe lapka 3\/ db csomag \u00a0hat\u00f3anyaglapk\u00e1kat nem kell egyszerre felhaszn\u00e1lni. Amennyiben el\u00e9g napi egy \u00f3ra m\u0171k\u00f6d\u00e9si id\u0151 , esetben kikapcsolja a g\u00e9pet majd a k\u00f6vetkez\u0151 haszn\u00e1latkor \u00fajra bekapcsolja. Ha a k\u00e9sz\u00fcl\u00e9ket hosszabb ideig nem haszn\u00e1lja (&gt; 2 nap), vegye ki a hat\u00f3anyaglapk\u00e1t \u00e9s t\u00e1rolja sz\u00e1raz hideg helyen.<\/p>\n<p>El\u00e9rhet\u0151 t\u00f6bbf\u00e9le m\u00e9retben \u00e9s \u00e1rban.<\/p>\n<p><strong>K\u00e9szlet\u00fcnk napi szinten v\u00e1ltozik, ez\u00e9rt k\u00e9rj\u00fck, \u00e9rdekl\u0151dj\u00f6n szem\u00e9lyesen, telefonon vagy email-en.<br \/>\nA v\u00e1ltoztat\u00e1s jog\u00e1t fenntartjuk!\u00a0<\/strong><\/p>\n<p>&nbsp;<\/p>\n<p><a href=\"https:\/\/tajkertesz.com\/\">https:\/\/tajkertesz.com\/<\/a><\/p>\n<p><a href=\"https:\/\/www.facebook.com\/tajkertesz\/\">https:\/\/www.facebook.com\/tajkertesz\/<\/a><\/p>\n<p>Kisz\u00e1ll\u00edt\u00e1s: 200cm-ig \u00a0\u00e9s 40 kg-ig a sz\u00e1ll\u00edt\u00e1s fut\u00e1rszolg\u00e1lattal \u00a0t\u00f6rt\u00e9nik.<\/p>\n<p>Szem\u00e9lyes \u00e1tv\u00e9tel nyitvatart\u00e1si id\u0151ben a 17. ker\u00fclet Bakancsos utca 7. sz\u00e1m alatti Kert\u00e9szeti \u00e1rud\u00e1nkban.<\/p>","protected":false},"excerpt":{"rendered":"<p>Thermacell k\u00e9sz\u00fcl\u00e9kekbe lapka 3\/ db csomag<\/p>\n<p>A Thermacell k\u00e9sz\u00fcl\u00e9kekbe lapka 3\/ db csomag \u00a0hat\u00f3anyaglapk\u00e1kat nem kell egyszerre felhaszn\u00e1lni. Amennyiben el\u00e9g napi egy \u00f3ra m\u0171k\u00f6d\u00e9si id\u0151 , esetben kikapcsolja a g\u00e9pet majd a k\u00f6vetkez\u0151 haszn\u00e1latkor \u00fajra bekapcsolja. Ha a k\u00e9sz\u00fcl\u00e9ket hosszabb ideig nem haszn\u00e1lja (&gt; 2 nap), vegye ki a hat\u00f3anyaglapk\u00e1t \u00e9s t\u00e1rolja sz\u00e1raz hideg helyen.<\/p>","protected":false},"featured_media":20691,"template":"","meta":{"_et_pb_use_builder":"","_et_pb_old_content":"","_et_gb_content_width":""},"product_brand":[],"product_cat":[4087],"product_tag":[4992,4732,4833,1581],"class_list":{"0":"post-20690","1":"product","2":"type-product","3":"status-publish","4":"has-post-thumbnail","6":"product_cat-thermacell","7":"product_tag-lapka","8":"product_tag-szunyog","9":"product_tag-tavoltarto","10":"product_tag-thermacell","12":"first","13":"outofstock","14":"shipping-taxable","15":"purchasable","16":"product-type-simple"},"yoast_head":"<!-- This site is optimized with the Yoast SEO plugin v27.4 - https:\/\/yoast.com\/product\/yoast-seo-wordpress\/ -->\n<title>Thermacell k\u00e9sz\u00fcl\u00e9kekbe lapka 3\/ db csomag - T\u00e1jkert\u00e9sz<\/title>\n<meta name=\"description\" content=\"A Thermacell k\u00e9sz\u00fcl\u00e9kekbe lapka 3\/ db csomag \u00a0hat\u00f3anyaglapk\u00e1kat nem kell egyszerre felhaszn\u00e1lni. Kompatibilis b\u00e1rmelyik Thermacell sz\u00fanyogriaszt\u00f3 g\u00e9pbe.\" \/>\n<meta name=\"robots\" content=\"index, follow, max-snippet:-1, max-image-preview:large, max-video-preview:-1\" \/>\n<link rel=\"canonical\" href=\"https:\/\/tajkertesz.com\/en_US\/product\/thermacell-keszulekekbe-lapka-3-db-csomag\/\" \/>\n<meta property=\"og:locale\" content=\"en_US\" \/>\n<meta property=\"og:type\" content=\"article\" \/>\n<meta property=\"og:title\" content=\"Thermacell k\u00e9sz\u00fcl\u00e9kekbe lapka 3\/ db csomag - T\u00e1jkert\u00e9sz\" \/>\n<meta property=\"og:description\" content=\"A Thermacell k\u00e9sz\u00fcl\u00e9kekbe lapka 3\/ db csomag \u00a0hat\u00f3anyaglapk\u00e1kat nem kell egyszerre felhaszn\u00e1lni. Kompatibilis b\u00e1rmelyik Thermacell sz\u00fanyogriaszt\u00f3 g\u00e9pbe.\" \/>\n<meta property=\"og:url\" content=\"https:\/\/tajkertesz.com\/en_US\/product\/thermacell-keszulekekbe-lapka-3-db-csomag\/\" \/>\n<meta property=\"og:site_name\" content=\"T\u00e1jkert\u00e9sz\" \/>\n<meta property=\"article:publisher\" content=\"https:\/\/www.facebook.com\/Tajkertesz\/\" \/>\n<meta property=\"article:modified_time\" content=\"2025-02-21T12:02:17+00:00\" \/>\n<meta property=\"og:image\" content=\"https:\/\/tajkertesz.com\/wp-content\/uploads\/2024\/07\/ther.jpg\" \/>\n\t<meta property=\"og:image:width\" content=\"661\" \/>\n\t<meta property=\"og:image:height\" content=\"928\" \/>\n\t<meta property=\"og:image:type\" content=\"image\/jpeg\" \/>\n<meta name=\"twitter:card\" content=\"summary_large_image\" \/>\n<meta name=\"twitter:label1\" content=\"Est. reading time\" \/>\n\t<meta name=\"twitter:data1\" content=\"1 minute\" \/>\n<script type=\"application\/ld+json\" class=\"yoast-schema-graph\">{\"@context\":\"https:\\\/\\\/schema.org\",\"@graph\":[{\"@type\":\"WebPage\",\"@id\":\"https:\\\/\\\/tajkertesz.com\\\/termek\\\/thermacell-keszulekekbe-lapka-3-db-csomag\\\/\",\"url\":\"https:\\\/\\\/tajkertesz.com\\\/termek\\\/thermacell-keszulekekbe-lapka-3-db-csomag\\\/\",\"name\":\"Thermacell k\u00e9sz\u00fcl\u00e9kekbe lapka 3\\\/ db csomag - T\u00e1jkert\u00e9sz\",\"isPartOf\":{\"@id\":\"https:\\\/\\\/tajkertesz.com\\\/#website\"},\"primaryImageOfPage\":{\"@id\":\"https:\\\/\\\/tajkertesz.com\\\/termek\\\/thermacell-keszulekekbe-lapka-3-db-csomag\\\/#primaryimage\"},\"image\":{\"@id\":\"https:\\\/\\\/tajkertesz.com\\\/termek\\\/thermacell-keszulekekbe-lapka-3-db-csomag\\\/#primaryimage\"},\"thumbnailUrl\":\"https:\\\/\\\/tajkertesz.com\\\/wp-content\\\/uploads\\\/2024\\\/07\\\/ther.jpg\",\"datePublished\":\"2024-07-15T14:15:39+00:00\",\"dateModified\":\"2025-02-21T12:02:17+00:00\",\"description\":\"A Thermacell k\u00e9sz\u00fcl\u00e9kekbe lapka 3\\\/ db csomag \u00a0hat\u00f3anyaglapk\u00e1kat nem kell egyszerre felhaszn\u00e1lni. Kompatibilis b\u00e1rmelyik Thermacell sz\u00fanyogriaszt\u00f3 g\u00e9pbe.\",\"breadcrumb\":{\"@id\":\"https:\\\/\\\/tajkertesz.com\\\/termek\\\/thermacell-keszulekekbe-lapka-3-db-csomag\\\/#breadcrumb\"},\"inLanguage\":\"en-US\",\"potentialAction\":[{\"@type\":\"ReadAction\",\"target\":[\"https:\\\/\\\/tajkertesz.com\\\/termek\\\/thermacell-keszulekekbe-lapka-3-db-csomag\\\/\"]}]},{\"@type\":\"ImageObject\",\"inLanguage\":\"en-US\",\"@id\":\"https:\\\/\\\/tajkertesz.com\\\/termek\\\/thermacell-keszulekekbe-lapka-3-db-csomag\\\/#primaryimage\",\"url\":\"https:\\\/\\\/tajkertesz.com\\\/wp-content\\\/uploads\\\/2024\\\/07\\\/ther.jpg\",\"contentUrl\":\"https:\\\/\\\/tajkertesz.com\\\/wp-content\\\/uploads\\\/2024\\\/07\\\/ther.jpg\",\"width\":661,\"height\":928},{\"@type\":\"BreadcrumbList\",\"@id\":\"https:\\\/\\\/tajkertesz.com\\\/termek\\\/thermacell-keszulekekbe-lapka-3-db-csomag\\\/#breadcrumb\",\"itemListElement\":[{\"@type\":\"ListItem\",\"position\":1,\"name\":\"Home\",\"item\":\"https:\\\/\\\/tajkertesz.com\\\/\"},{\"@type\":\"ListItem\",\"position\":2,\"name\":\"Kezd\u0151lap\",\"item\":\"https:\\\/\\\/tajkertesz.com\\\/\"},{\"@type\":\"ListItem\",\"position\":3,\"name\":\"Thermacell k\u00e9sz\u00fcl\u00e9kekbe lapka 3\\\/ db csomag\"}]},{\"@type\":\"WebSite\",\"@id\":\"https:\\\/\\\/tajkertesz.com\\\/#website\",\"url\":\"https:\\\/\\\/tajkertesz.com\\\/\",\"name\":\"T\u00e1j-Kert\u00e9sz 84 Kft.\",\"description\":\"Kert\u00e9szeti kis- \u00e9s nagykeresked\u00e9s, D\u00edszn\u00f6v\u00e9ny web\u00e1ruh\u00e1z orsz\u00e1gos h\u00e1zhozsz\u00e1ll\u00edt\u00e1ssal!\",\"publisher\":{\"@id\":\"https:\\\/\\\/tajkertesz.com\\\/#organization\"},\"potentialAction\":[{\"@type\":\"SearchAction\",\"target\":{\"@type\":\"EntryPoint\",\"urlTemplate\":\"https:\\\/\\\/tajkertesz.com\\\/?s={search_term_string}\"},\"query-input\":{\"@type\":\"PropertyValueSpecification\",\"valueRequired\":true,\"valueName\":\"search_term_string\"}}],\"inLanguage\":\"en-US\"},{\"@type\":\"Organization\",\"@id\":\"https:\\\/\\\/tajkertesz.com\\\/#organization\",\"name\":\"T\u00e1j-Kert\u00e9sz 84 Kft.\",\"url\":\"https:\\\/\\\/tajkertesz.com\\\/\",\"logo\":{\"@type\":\"ImageObject\",\"inLanguage\":\"en-US\",\"@id\":\"https:\\\/\\\/tajkertesz.com\\\/#\\\/schema\\\/logo\\\/image\\\/\",\"url\":\"https:\\\/\\\/tajkertesz.com\\\/wp-content\\\/uploads\\\/2018\\\/02\\\/logo-2-e1518678052539.png\",\"contentUrl\":\"https:\\\/\\\/tajkertesz.com\\\/wp-content\\\/uploads\\\/2018\\\/02\\\/logo-2-e1518678052539.png\",\"width\":81,\"height\":140,\"caption\":\"T\u00e1j-Kert\u00e9sz 84 Kft.\"},\"image\":{\"@id\":\"https:\\\/\\\/tajkertesz.com\\\/#\\\/schema\\\/logo\\\/image\\\/\"},\"sameAs\":[\"https:\\\/\\\/www.facebook.com\\\/Tajkertesz\\\/\"]}]}<\/script>\n<!-- \/ Yoast SEO plugin. -->","yoast_head_json":{"title":"Thermacell k\u00e9sz\u00fcl\u00e9kekbe lapka 3\/ db csomag - T\u00e1jkert\u00e9sz","description":"A Thermacell k\u00e9sz\u00fcl\u00e9kekbe lapka 3\/ db csomag \u00a0hat\u00f3anyaglapk\u00e1kat nem kell egyszerre felhaszn\u00e1lni. Kompatibilis b\u00e1rmelyik Thermacell sz\u00fanyogriaszt\u00f3 g\u00e9pbe.","robots":{"index":"index","follow":"follow","max-snippet":"max-snippet:-1","max-image-preview":"max-image-preview:large","max-video-preview":"max-video-preview:-1"},"canonical":"https:\/\/tajkertesz.com\/en_US\/product\/thermacell-keszulekekbe-lapka-3-db-csomag\/","og_locale":"en_US","og_type":"article","og_title":"Thermacell k\u00e9sz\u00fcl\u00e9kekbe lapka 3\/ db csomag - T\u00e1jkert\u00e9sz","og_description":"A Thermacell k\u00e9sz\u00fcl\u00e9kekbe lapka 3\/ db csomag \u00a0hat\u00f3anyaglapk\u00e1kat nem kell egyszerre felhaszn\u00e1lni. Kompatibilis b\u00e1rmelyik Thermacell sz\u00fanyogriaszt\u00f3 g\u00e9pbe.","og_url":"https:\/\/tajkertesz.com\/en_US\/product\/thermacell-keszulekekbe-lapka-3-db-csomag\/","og_site_name":"T\u00e1jkert\u00e9sz","article_publisher":"https:\/\/www.facebook.com\/Tajkertesz\/","article_modified_time":"2025-02-21T12:02:17+00:00","og_image":[{"width":661,"height":928,"url":"https:\/\/tajkertesz.com\/wp-content\/uploads\/2024\/07\/ther.jpg","type":"image\/jpeg"}],"twitter_card":"summary_large_image","twitter_misc":{"Est. reading time":"1 minute"},"schema":{"@context":"https:\/\/schema.org","@graph":[{"@type":"WebPage","@id":"https:\/\/tajkertesz.com\/termek\/thermacell-keszulekekbe-lapka-3-db-csomag\/","url":"https:\/\/tajkertesz.com\/termek\/thermacell-keszulekekbe-lapka-3-db-csomag\/","name":"Thermacell k\u00e9sz\u00fcl\u00e9kekbe lapka 3\/ db csomag - T\u00e1jkert\u00e9sz","isPartOf":{"@id":"https:\/\/tajkertesz.com\/#website"},"primaryImageOfPage":{"@id":"https:\/\/tajkertesz.com\/termek\/thermacell-keszulekekbe-lapka-3-db-csomag\/#primaryimage"},"image":{"@id":"https:\/\/tajkertesz.com\/termek\/thermacell-keszulekekbe-lapka-3-db-csomag\/#primaryimage"},"thumbnailUrl":"https:\/\/tajkertesz.com\/wp-content\/uploads\/2024\/07\/ther.jpg","datePublished":"2024-07-15T14:15:39+00:00","dateModified":"2025-02-21T12:02:17+00:00","description":"A Thermacell k\u00e9sz\u00fcl\u00e9kekbe lapka 3\/ db csomag \u00a0hat\u00f3anyaglapk\u00e1kat nem kell egyszerre felhaszn\u00e1lni. Kompatibilis b\u00e1rmelyik Thermacell sz\u00fanyogriaszt\u00f3 g\u00e9pbe.","breadcrumb":{"@id":"https:\/\/tajkertesz.com\/termek\/thermacell-keszulekekbe-lapka-3-db-csomag\/#breadcrumb"},"inLanguage":"en-US","potentialAction":[{"@type":"ReadAction","target":["https:\/\/tajkertesz.com\/termek\/thermacell-keszulekekbe-lapka-3-db-csomag\/"]}]},{"@type":"ImageObject","inLanguage":"en-US","@id":"https:\/\/tajkertesz.com\/termek\/thermacell-keszulekekbe-lapka-3-db-csomag\/#primaryimage","url":"https:\/\/tajkertesz.com\/wp-content\/uploads\/2024\/07\/ther.jpg","contentUrl":"https:\/\/tajkertesz.com\/wp-content\/uploads\/2024\/07\/ther.jpg","width":661,"height":928},{"@type":"BreadcrumbList","@id":"https:\/\/tajkertesz.com\/termek\/thermacell-keszulekekbe-lapka-3-db-csomag\/#breadcrumb","itemListElement":[{"@type":"ListItem","position":1,"name":"Home","item":"https:\/\/tajkertesz.com\/"},{"@type":"ListItem","position":2,"name":"Kezd\u0151lap","item":"https:\/\/tajkertesz.com\/"},{"@type":"ListItem","position":3,"name":"Thermacell k\u00e9sz\u00fcl\u00e9kekbe lapka 3\/ db csomag"}]},{"@type":"WebSite","@id":"https:\/\/tajkertesz.com\/#website","url":"https:\/\/tajkertesz.com\/","name":"T\u00e1j-Kert\u00e9sz 84 Kft.","description":"Kert\u00e9szeti kis- \u00e9s nagykeresked\u00e9s, D\u00edszn\u00f6v\u00e9ny web\u00e1ruh\u00e1z orsz\u00e1gos h\u00e1zhozsz\u00e1ll\u00edt\u00e1ssal!","publisher":{"@id":"https:\/\/tajkertesz.com\/#organization"},"potentialAction":[{"@type":"SearchAction","target":{"@type":"EntryPoint","urlTemplate":"https:\/\/tajkertesz.com\/?s={search_term_string}"},"query-input":{"@type":"PropertyValueSpecification","valueRequired":true,"valueName":"search_term_string"}}],"inLanguage":"en-US"},{"@type":"Organization","@id":"https:\/\/tajkertesz.com\/#organization","name":"T\u00e1j-Kert\u00e9sz 84 Kft.","url":"https:\/\/tajkertesz.com\/","logo":{"@type":"ImageObject","inLanguage":"en-US","@id":"https:\/\/tajkertesz.com\/#\/schema\/logo\/image\/","url":"https:\/\/tajkertesz.com\/wp-content\/uploads\/2018\/02\/logo-2-e1518678052539.png","contentUrl":"https:\/\/tajkertesz.com\/wp-content\/uploads\/2018\/02\/logo-2-e1518678052539.png","width":81,"height":140,"caption":"T\u00e1j-Kert\u00e9sz 84 Kft."},"image":{"@id":"https:\/\/tajkertesz.com\/#\/schema\/logo\/image\/"},"sameAs":["https:\/\/www.facebook.com\/Tajkertesz\/"]}]}},"_links":{"self":[{"href":"https:\/\/tajkertesz.com\/en_US\/wp-json\/wp\/v2\/product\/20690","targetHints":{"allow":["GET"]}}],"collection":[{"href":"https:\/\/tajkertesz.com\/en_US\/wp-json\/wp\/v2\/product"}],"about":[{"href":"https:\/\/tajkertesz.com\/en_US\/wp-json\/wp\/v2\/types\/product"}],"wp:featuredmedia":[{"embeddable":true,"href":"https:\/\/tajkertesz.com\/en_US\/wp-json\/wp\/v2\/media\/20691"}],"wp:attachment":[{"href":"https:\/\/tajkertesz.com\/en_US\/wp-json\/wp\/v2\/media?parent=20690"}],"wp:term":[{"taxonomy":"product_brand","embeddable":true,"href":"https:\/\/tajkertesz.com\/en_US\/wp-json\/wp\/v2\/product_brand?post=20690"},{"taxonomy":"product_cat","embeddable":true,"href":"https:\/\/tajkertesz.com\/en_US\/wp-json\/wp\/v2\/product_cat?post=20690"},{"taxonomy":"product_tag","embeddable":true,"href":"https:\/\/tajkertesz.com\/en_US\/wp-json\/wp\/v2\/product_tag?post=20690"}],"curies":[{"name":"wp","href":"https:\/\/api.w.org\/{rel}","templated":true}]}}