{"id":20698,"date":"2024-07-17T09:07:26","date_gmt":"2024-07-17T09:07:26","guid":{"rendered":"https:\/\/tajkertesz.com\/?post_type=product&#038;p=20698"},"modified":"2026-02-13T15:47:47","modified_gmt":"2026-02-13T15:47:47","slug":"hunter-kulteri-14-zonas-ontozo-vezerlo-automata-wifi-elokeszitessel-x2-1401e","status":"publish","type":"product","link":"https:\/\/tajkertesz.com\/en_US\/product\/hunter-kulteri-14-zonas-ontozo-vezerlo-automata-wifi-elokeszitessel-x2-1401e\/","title":{"rendered":"Hunter k\u00fclt\u00e9ri 14 z\u00f3n\u00e1s \u00f6nt\u00f6z\u0151 vez\u00e9rl\u0151 automata wifi el\u0151k\u00e9sz\u00edt\u00e9ssel X2 1401E"},"content":{"rendered":"<h3>Hunter k\u00fclt\u00e9ri 14 z\u00f3n\u00e1s \u00f6nt\u00f6z\u0151 vez\u00e9rl\u0151 automata wifi el\u0151k\u00e9sz\u00edt\u00e9ssel X2 1401E<\/h3>\n<p>Hunter k\u00fclt\u00e9ri 14 z\u00f3n\u00e1s \u00f6nt\u00f6z\u0151 vez\u00e9rl\u0151 automata wifi el\u0151k\u00e9sz\u00edt\u00e9ssel X2 1401E<\/p>\n<p><strong>LEGF\u0150BB EL\u0150NY\u00d6K<\/strong><br \/>\n\u2022 A k\u00f6r\u00f6k sz\u00e1ma:<\/p>\n<p>&#8211; 4, 6, 8, 14 k\u00f6r\u00f6s vez\u00e9rl\u0151 (a k\u00f6r\u00f6k sz\u00e1ma nem n\u00f6velhet\u0151)<br \/>\n\u2022 Wi-Fi k\u00e9pes vez\u00e9rl\u0151 amelyet a Hydrawise\u2122 szoftver automatikusan kezel<br \/>\n\u2022 A h\u00e1tt\u00e9rvil\u00e1g\u00edt\u00e1s\u00fa kijelz\u0151 megfelel\u0151 l\u00e1that\u00f3s\u00e1got biztos\u00edt minden<br \/>\nf\u00e9nyviszonyban.<br \/>\n\u2022 3 rugalmas program, 4 k\u00fcl\u00f6nb\u00f6z\u0151 ind\u00edt\u00e1si id\u0151vel, legfeljebb 6 \u00f3ra<br \/>\n\u00f6nt\u00f6z\u00e9si id\u0151vel<\/p>\n<p>\u2022 QuickCheck\u2122 technol\u00f3gia seg\u00edts\u00e9g\u00e9vel gyorsan diagnosztiz\u00e1lhat\u00f3ak<br \/>\na bek\u00f6t\u00e9si hib\u00e1k<br \/>\n\u2022 A Programok elrejt\u00e9se be\u00e1ll\u00edt\u00e1si funkci\u00f3, csak egy programot \u00e9s egy ind\u00edt\u00e1si<br \/>\nid\u0151t jelen\u00edt meg, az egyszer\u0171s\u00e9g \u00e9rdek\u00e9ben<br \/>\n\u2022 Az \u00f6nt\u00f6z\u00e9s ak\u00e1r 99 napra is felf\u00fcggeszthet\u0151 az id\u00e9nyen k\u00edv\u00fcl<br \/>\n\u2022 A r\u00f6vidz\u00e1rlat elleni v\u00e9delem \u00e9rz\u00e9keli a rosszul bek\u00f6t\u00f6tt z\u00f3n\u00e1kat, \u00edgy \u00e1tugorja<br \/>\nazokat a rendszer k\u00e1rosod\u00e1s\u00e1t megel\u0151zve.<br \/>\n\u2022 Easy Retrieve\u2122 mem\u00f3ria meg\u0151rzi az \u00f6sszes be\u00e1ll\u00edt\u00e1st<br \/>\n\u2022 A k\u00f6r\u00f6k ind\u00edt\u00e1sa k\u00f6z\u00f6tti sz\u00fcnet programozhat\u00f3 a lassan z\u00e1r\u00f3d\u00f3<br \/>\nm\u00e1gnesszelepek \u00e9s a szivatty\u00fak \u00fajrat\u00f6lt\u00e9s\u00e9nek \u00e9rdek\u00e9ben.<br \/>\n\u2022 A besziv\u00e1rogtat\u00f3 ciklus be\u00e1ll\u00edt\u00e1ssal megakad\u00e1lyozhatja a v\u00edz pazarl\u00e1s\u00e1t \u00e9s<br \/>\nt\u00falfoly\u00e1s\u00e1t olyan helyeken, ahol nagyobb magass\u00e1gk\u00fcl\u00f6nbs\u00e9gek vagy t\u00f6m\u00f6r<br \/>\ntalaj tal\u00e1lhat\u00f3<br \/>\n\u2022 \u00c9vszakokhoz igaz\u00edt\u00e1si funkci\u00f3, gyors m\u00f3dos\u00edt\u00e1st tesz lehet\u0151v\u00e9, az \u00f6nt\u00f6z\u00e9si id\u0151k<br \/>\nz\u00f3n\u00e1nk\u00e9nti \u00e1ll\u00edt\u00e1sa n\u00e9lk\u00fcl<\/p>\n<p><strong>M\u0170K\u00d6D\u00c9SI ADATAI<\/strong><br \/>\n\u2022 Transzform\u00e1tor bemenet: 120\/230 V ~<br \/>\n\u2022 Transzform\u00e1tor kimenete: (24 V ~): 1 A<br \/>\n\u2022 Z\u00f3na kimenete: (24 V ~): 0,56 A<br \/>\n\u2022 Szivatty\u00fa\/mesterszelep kimenete: (24 V ~): 0,28 A<br \/>\n\u2022 Id\u0151j\u00e1r\u00e1s \u00e9rz\u00e9kel\u0151 bemenet: 1 db<br \/>\n\u2022 Min\u0151s\u00edt\u00e9sek (vez\u00e9rl\u0151): M\u0171anyag IP55 (k\u00fclt\u00e9ri), UL, cUL, FCC, CE, UKCA, RCM, ISED<\/p>\n<p>&nbsp;<\/p>\n<p>El\u00e9rhet\u0151 t\u00f6bbf\u00e9le m\u00e9retben \u00e9s \u00e1rban.<\/p>\n<h4><strong>\ud83d\udd04 K\u00e9szletinform\u00e1ci\u00f3<\/strong><\/h4>\n<p><strong>K\u00e9szlet\u00fcnk napi szinten v\u00e1ltozik, \u00edgy a webshopban szerepl<\/strong><strong>\u0151<\/strong><strong>\u00a0term\u00e9kek el\u00e9rhet<\/strong><strong>\u0151<\/strong><strong>s\u00e9ge nem garant\u00e1lt.<br \/>\n\ud83d\udcde A megrendel\u00e9s el<\/strong><strong>\u0151<\/strong><strong>tt k\u00e9rj\u00fck, \u00e9rdekl<\/strong><strong>\u0151<\/strong><strong>dj\u00f6n szem\u00e9lyesen, telefonon vagy e-mailben!<\/strong><\/p>\n<h4><strong>\u27a1\ufe0f Kapcsolat:<\/strong><\/h4>\n<ul>\n<li><strong>Weboldal:\u00a0<\/strong><a href=\"https:\/\/tajkertesz.com\/\"><strong>tajkertesz.com<\/strong><\/a><\/li>\n<li><strong>Facebook:\u00a0<\/strong><a href=\"https:\/\/www.facebook.com\/tajkertesz\/\"><strong>facebook.com\/tajkertesz<\/strong><\/a><\/li>\n<li><strong>Telefonsz\u00e1m, e-mail: +36\/20-319-3770\u00a0<\/strong><a href=\"mailto:tajkerteszaruda@gmail.com\"><strong>tajkerteszaruda@gmail.com<\/strong><\/a><\/li>\n<\/ul>\n<h4><strong>\ud83d\ude9a Sz\u00e1ll\u00edt\u00e1si inform\u00e1ci\u00f3k<\/strong><\/h4>\n<p><strong>A megrendelt n\u00f6v\u00e9nyek kisz\u00e1ll\u00edt\u00e1sa az al\u00e1bbi felt\u00e9telek mellett t\u00f6rt\u00e9nik:<\/strong><\/p>\n<h4><strong>\ud83d\udce6 Fut\u00e1rszolg\u00e1latos sz\u00e1ll\u00edt\u00e1s<\/strong><\/h4>\n<ul>\n<li><strong>Maxim\u00e1lis m\u00e9ret: 200 cm (hossz\u00fas\u00e1g)<\/strong><\/li>\n<li><strong>Maxim\u00e1lis s\u00faly: 40 kg<\/strong><\/li>\n<li><strong>Az enn\u00e9l kisebb \u00e9s k\u00f6nnyebb csomagokat fut\u00e1rszolg\u00e1lattal k\u00e9zbes\u00edtj\u00fck a lehet<\/strong><strong>\u0151<\/strong><strong>\u00a0legbiztons\u00e1gosabb csomagol\u00e1sban.<\/strong><\/li>\n<\/ul>\n<h4><strong>\ud83d\udefb Szem\u00e9lyes \u00e1tv\u00e9tel<\/strong><\/h4>\n<ul>\n<li><strong>1173 Budapest, Bakancsos utca 7. sz\u00e1m alatt nyitvatart\u00e1si id<\/strong><strong>\u0151<\/strong><strong>ben szem\u00e9lyesen \u00e1tvehet<\/strong><strong>\u0151<\/strong><strong>\u00a0kert\u00e9szeti \u00e1rud\u00e1nkban.<\/strong><\/li>\n<li><strong>K\u00f6lts\u00e9ghat\u00e9kony megold\u00e1s nagyobb, t\u00f6r\u00e9kenyebb vagy t\u00falm\u00e9retes n\u00f6v\u00e9nyek eset\u00e9n.<\/strong><\/li>\n<\/ul>\n<h4><strong>\ud83d\udcde Nagy m\u00e9ret<\/strong><strong>\u0171<\/strong><strong>\u00a0vagy s\u00faly\u00fa n\u00f6v\u00e9nyek eset\u00e9n<\/strong><\/h4>\n<p><strong>Ha a term\u00e9k:<\/strong><\/p>\n<ul>\n<li><strong>meghaladja a 200 cm hossz\u00fas\u00e1got vagy<\/strong><\/li>\n<li><strong>meghaladja a 40 kg s\u00falyt,<\/strong><\/li>\n<\/ul>\n<p><strong>akkor szem\u00e9lyes \u00e1tv\u00e9tellel vagy egyedi, el<\/strong><strong>\u0151<\/strong><strong>re egyeztetett sz\u00e1ll\u00edt\u00e1si felt\u00e9telek mellett t\u00f6rt\u00e9nik.<br \/>\nK\u00e9rj\u00fck, ilyen esetben rendel\u00e9s el<\/strong><strong>\u0151<\/strong><strong>tt vegye fel vel\u00fcnk a kapcsolatot, hogy a lehet<\/strong><strong>\u0151<\/strong><strong>\u00a0legmegfelel<\/strong><strong>\u0151<\/strong><strong>bb sz\u00e1ll\u00edt\u00e1si megold\u00e1st k\u00edn\u00e1lhassuk.<\/strong><\/p>\n<p><strong>\ud83d\udd14 Fontos: A n\u00f6v\u00e9nyeket minden esetben igyeksz\u00fcnk gondosan, egyes\u00e9vel csomagolni, azonban a sz\u00e1ll\u00edt\u00e1s sor\u00e1n kisebb eszt\u00e9tikai s\u00e9r\u00fcl\u00e9sek el<\/strong><strong>\u0151<\/strong><strong>fordulhatnak (pl. lev\u00e9lhull\u00e1s). Ez nem min<\/strong><strong>\u0151<\/strong><strong>s\u00fcl hib\u00e1s teljes\u00edt\u00e9snek.<\/strong><\/p>\n<h4><strong>\ud83d\udcf7 Fontos tudni a k\u00e9pekr<\/strong><strong>\u0151<\/strong><strong>l<\/strong><\/h4>\n<p><strong>A webshopban szerepl<\/strong><strong>\u0151<\/strong><strong>\u00a0k\u00e9pek illusztr\u00e1ci\u00f3k, a n\u00f6v\u00e9nyek term\u00e9szet\u00fckn\u00e9l fogva egyediek, \u00edgy m\u00e9retben, alakban \u00e9s sz\u00ednben minim\u00e1lis elt\u00e9r\u00e9sek el<\/strong><strong>\u0151<\/strong><strong>fordulhatnak a k\u00e9pen l\u00e1that\u00f3 \u00e9s a val\u00f3s p\u00e9ld\u00e1nyok k\u00f6z\u00f6tt.<\/strong><\/p>\n<h4><strong>\ud83e\uddfe \u00c1rak \u00e9s el\u00e1ll\u00e1si jog<\/strong><\/h4>\n<ul>\n<li><strong>Az \u00e1rak egy darab\u00a0n\u00f6v\u00e9nyre vonatkoznak.<\/strong><\/li>\n<li><strong>\u00c9l<\/strong><strong>\u0151<\/strong><strong>\u00a0n\u00f6v\u00e9nyek rendel\u00e9se eset\u00e9n a 14 napos el\u00e1ll\u00e1s joga nem \u00e9rv\u00e9nyes\u00edthet<\/strong><strong>\u0151<\/strong><strong>, mivel azok romland\u00f3, biol\u00f3giailag \u00e9l<\/strong><strong>\u0151<\/strong><strong>\u00a0term\u00e9keknek min<\/strong><strong>\u0151<\/strong><strong>s\u00fclnek.<br \/>\n\ud83d\udd12 (17\/1999. (II. 5.) Korm. rendelet 5. \u00a7 c) pontja alapj\u00e1n)<\/strong><\/li>\n<\/ul>\n<h4><strong>\ud83d\udce6 K\u00e9zbes\u00edt\u00e9s ut\u00e1ni teend<\/strong><strong>\u0151<\/strong><strong>k<\/strong><\/h4>\n<p><strong>A k\u00e9zbes\u00edt\u00e9st k\u00f6vet<\/strong><strong>\u0151<\/strong><strong>en a csomagot azonnal bontsuk ki, \u00e9s a n\u00f6v\u00e9nyt helyezz\u00fck el megfelel<\/strong><strong>\u0151<\/strong><strong>\u00a0k\u00f6rnyezetben.<br \/>\nFontos: ha a n\u00f6v\u00e9ny nem r\u00e9szes\u00fcl megfelel<\/strong><strong>\u0151<\/strong><strong>\u00a0gondoz\u00e1sban \u00e9s ennek k\u00f6vetkezt\u00e9ben k\u00e1rosodik vagy elpusztul, felel<\/strong><strong>\u0151<\/strong><strong>ss\u00e9get nem tudunk v\u00e1llalni.<\/strong><\/p>","protected":false},"excerpt":{"rendered":"<p><strong>X2-1401-E<\/strong><\/p>\n<p>14 k\u00f6r\u00f6s, 230 V AC be\u00e9p\u00edtett transzform\u00e1torral, dug\u00f3 n\u00e9lk\u00fcl<\/p>\n<p>&nbsp;<\/p>","protected":false},"featured_media":13548,"template":"","meta":{"_et_pb_use_builder":"","_et_pb_old_content":"","_et_gb_content_width":""},"product_brand":[],"product_cat":[2613],"product_tag":[3935,3987,5211],"class_list":{"0":"post-20698","1":"product","2":"type-product","3":"status-publish","4":"has-post-thumbnail","6":"product_cat-vezerloegysegek","7":"product_tag-hunter","8":"product_tag-hunter-kulteri-8-zonas-ontozo-vezerlo-automata-wifi-elokeszitessel-x2-801e","9":"product_tag-vezerlo","11":"first","12":"instock","13":"shipping-taxable","14":"purchasable","15":"product-type-simple"},"yoast_head":"<!-- This site is optimized with the Yoast SEO plugin v27.5 - https:\/\/yoast.com\/product\/yoast-seo-wordpress\/ -->\n<title>Hunter k\u00fclt\u00e9ri 14 z\u00f3n\u00e1s \u00f6nt\u00f6z\u0151 vez\u00e9rl\u0151 automata wifi el\u0151k\u00e9sz\u00edt\u00e9ssel X2 1401E - T\u00e1jkert\u00e9sz<\/title>\n<meta name=\"description\" content=\"Hunter k\u00fclt\u00e9ri 14 z\u00f3n\u00e1s \u00f6nt\u00f6z\u0151 vez\u00e9rl\u0151 automata wifi el\u0151k\u00e9sz\u00edt\u00e9ssel X2 1401E. 3 rugalmas program, 4 k\u00fcl\u00f6nb\u00f6z\u0151 ind\u00edt\u00e1si id\u0151vel, legfeljebb 6 \u00f3ra \u00f6nt\u00f6z\u00e9si id\u0151\" \/>\n<meta name=\"robots\" content=\"index, follow, max-snippet:-1, max-image-preview:large, max-video-preview:-1\" \/>\n<link rel=\"canonical\" href=\"https:\/\/tajkertesz.com\/en_US\/product\/hunter-kulteri-14-zonas-ontozo-vezerlo-automata-wifi-elokeszitessel-x2-1401e\/\" \/>\n<meta property=\"og:locale\" content=\"en_US\" \/>\n<meta property=\"og:type\" content=\"article\" \/>\n<meta property=\"og:title\" content=\"Hunter k\u00fclt\u00e9ri 14 z\u00f3n\u00e1s \u00f6nt\u00f6z\u0151 vez\u00e9rl\u0151 automata wifi el\u0151k\u00e9sz\u00edt\u00e9ssel X2 1401E - T\u00e1jkert\u00e9sz\" \/>\n<meta property=\"og:description\" content=\"Hunter k\u00fclt\u00e9ri 14 z\u00f3n\u00e1s \u00f6nt\u00f6z\u0151 vez\u00e9rl\u0151 automata wifi el\u0151k\u00e9sz\u00edt\u00e9ssel X2 1401E. 3 rugalmas program, 4 k\u00fcl\u00f6nb\u00f6z\u0151 ind\u00edt\u00e1si id\u0151vel, legfeljebb 6 \u00f3ra \u00f6nt\u00f6z\u00e9si id\u0151\" \/>\n<meta property=\"og:url\" content=\"https:\/\/tajkertesz.com\/en_US\/product\/hunter-kulteri-14-zonas-ontozo-vezerlo-automata-wifi-elokeszitessel-x2-1401e\/\" \/>\n<meta property=\"og:site_name\" content=\"T\u00e1jkert\u00e9sz\" \/>\n<meta property=\"article:publisher\" content=\"https:\/\/www.facebook.com\/Tajkertesz\/\" \/>\n<meta property=\"article:modified_time\" content=\"2026-02-13T15:47:47+00:00\" \/>\n<meta property=\"og:image\" content=\"https:\/\/tajkertesz.com\/wp-content\/uploads\/2021\/08\/hunter-x2-401-e-4-zonas-wi-fi-kepes-kulteri-ontozes-vezerlo.jpg\" \/>\n\t<meta property=\"og:image:width\" content=\"800\" \/>\n\t<meta property=\"og:image:height\" content=\"800\" \/>\n\t<meta property=\"og:image:type\" content=\"image\/jpeg\" \/>\n<meta name=\"twitter:card\" content=\"summary_large_image\" \/>\n<meta name=\"twitter:label1\" content=\"Est. reading time\" \/>\n\t<meta name=\"twitter:data1\" content=\"4 minutes\" \/>\n<script type=\"application\/ld+json\" class=\"yoast-schema-graph\">{\"@context\":\"https:\\\/\\\/schema.org\",\"@graph\":[{\"@type\":\"WebPage\",\"@id\":\"https:\\\/\\\/tajkertesz.com\\\/termek\\\/hunter-kulteri-14-zonas-ontozo-vezerlo-automata-wifi-elokeszitessel-x2-1401e\\\/\",\"url\":\"https:\\\/\\\/tajkertesz.com\\\/termek\\\/hunter-kulteri-14-zonas-ontozo-vezerlo-automata-wifi-elokeszitessel-x2-1401e\\\/\",\"name\":\"Hunter k\u00fclt\u00e9ri 14 z\u00f3n\u00e1s \u00f6nt\u00f6z\u0151 vez\u00e9rl\u0151 automata wifi el\u0151k\u00e9sz\u00edt\u00e9ssel X2 1401E - T\u00e1jkert\u00e9sz\",\"isPartOf\":{\"@id\":\"https:\\\/\\\/tajkertesz.com\\\/#website\"},\"primaryImageOfPage\":{\"@id\":\"https:\\\/\\\/tajkertesz.com\\\/termek\\\/hunter-kulteri-14-zonas-ontozo-vezerlo-automata-wifi-elokeszitessel-x2-1401e\\\/#primaryimage\"},\"image\":{\"@id\":\"https:\\\/\\\/tajkertesz.com\\\/termek\\\/hunter-kulteri-14-zonas-ontozo-vezerlo-automata-wifi-elokeszitessel-x2-1401e\\\/#primaryimage\"},\"thumbnailUrl\":\"https:\\\/\\\/tajkertesz.com\\\/wp-content\\\/uploads\\\/2021\\\/08\\\/hunter-x2-401-e-4-zonas-wi-fi-kepes-kulteri-ontozes-vezerlo.jpg\",\"datePublished\":\"2024-07-17T09:07:26+00:00\",\"dateModified\":\"2026-02-13T15:47:47+00:00\",\"description\":\"Hunter k\u00fclt\u00e9ri 14 z\u00f3n\u00e1s \u00f6nt\u00f6z\u0151 vez\u00e9rl\u0151 automata wifi el\u0151k\u00e9sz\u00edt\u00e9ssel X2 1401E. 3 rugalmas program, 4 k\u00fcl\u00f6nb\u00f6z\u0151 ind\u00edt\u00e1si id\u0151vel, legfeljebb 6 \u00f3ra \u00f6nt\u00f6z\u00e9si id\u0151\",\"breadcrumb\":{\"@id\":\"https:\\\/\\\/tajkertesz.com\\\/termek\\\/hunter-kulteri-14-zonas-ontozo-vezerlo-automata-wifi-elokeszitessel-x2-1401e\\\/#breadcrumb\"},\"inLanguage\":\"en-US\",\"potentialAction\":[{\"@type\":\"ReadAction\",\"target\":[\"https:\\\/\\\/tajkertesz.com\\\/termek\\\/hunter-kulteri-14-zonas-ontozo-vezerlo-automata-wifi-elokeszitessel-x2-1401e\\\/\"]}]},{\"@type\":\"ImageObject\",\"inLanguage\":\"en-US\",\"@id\":\"https:\\\/\\\/tajkertesz.com\\\/termek\\\/hunter-kulteri-14-zonas-ontozo-vezerlo-automata-wifi-elokeszitessel-x2-1401e\\\/#primaryimage\",\"url\":\"https:\\\/\\\/tajkertesz.com\\\/wp-content\\\/uploads\\\/2021\\\/08\\\/hunter-x2-401-e-4-zonas-wi-fi-kepes-kulteri-ontozes-vezerlo.jpg\",\"contentUrl\":\"https:\\\/\\\/tajkertesz.com\\\/wp-content\\\/uploads\\\/2021\\\/08\\\/hunter-x2-401-e-4-zonas-wi-fi-kepes-kulteri-ontozes-vezerlo.jpg\",\"width\":800,\"height\":800},{\"@type\":\"BreadcrumbList\",\"@id\":\"https:\\\/\\\/tajkertesz.com\\\/termek\\\/hunter-kulteri-14-zonas-ontozo-vezerlo-automata-wifi-elokeszitessel-x2-1401e\\\/#breadcrumb\",\"itemListElement\":[{\"@type\":\"ListItem\",\"position\":1,\"name\":\"Home\",\"item\":\"https:\\\/\\\/tajkertesz.com\\\/\"},{\"@type\":\"ListItem\",\"position\":2,\"name\":\"Kezd\u0151lap\",\"item\":\"https:\\\/\\\/tajkertesz.com\\\/\"},{\"@type\":\"ListItem\",\"position\":3,\"name\":\"Hunter k\u00fclt\u00e9ri 14 z\u00f3n\u00e1s \u00f6nt\u00f6z\u0151 vez\u00e9rl\u0151 automata wifi el\u0151k\u00e9sz\u00edt\u00e9ssel X2 1401E\"}]},{\"@type\":\"WebSite\",\"@id\":\"https:\\\/\\\/tajkertesz.com\\\/#website\",\"url\":\"https:\\\/\\\/tajkertesz.com\\\/\",\"name\":\"T\u00e1j-Kert\u00e9sz 84 Kft.\",\"description\":\"Kert\u00e9szeti kis- \u00e9s nagykeresked\u00e9s, D\u00edszn\u00f6v\u00e9ny web\u00e1ruh\u00e1z orsz\u00e1gos h\u00e1zhozsz\u00e1ll\u00edt\u00e1ssal!\",\"publisher\":{\"@id\":\"https:\\\/\\\/tajkertesz.com\\\/#organization\"},\"potentialAction\":[{\"@type\":\"SearchAction\",\"target\":{\"@type\":\"EntryPoint\",\"urlTemplate\":\"https:\\\/\\\/tajkertesz.com\\\/?s={search_term_string}\"},\"query-input\":{\"@type\":\"PropertyValueSpecification\",\"valueRequired\":true,\"valueName\":\"search_term_string\"}}],\"inLanguage\":\"en-US\"},{\"@type\":\"Organization\",\"@id\":\"https:\\\/\\\/tajkertesz.com\\\/#organization\",\"name\":\"T\u00e1j-Kert\u00e9sz 84 Kft.\",\"url\":\"https:\\\/\\\/tajkertesz.com\\\/\",\"logo\":{\"@type\":\"ImageObject\",\"inLanguage\":\"en-US\",\"@id\":\"https:\\\/\\\/tajkertesz.com\\\/#\\\/schema\\\/logo\\\/image\\\/\",\"url\":\"https:\\\/\\\/tajkertesz.com\\\/wp-content\\\/uploads\\\/2018\\\/02\\\/logo-2-e1518678052539.png\",\"contentUrl\":\"https:\\\/\\\/tajkertesz.com\\\/wp-content\\\/uploads\\\/2018\\\/02\\\/logo-2-e1518678052539.png\",\"width\":81,\"height\":140,\"caption\":\"T\u00e1j-Kert\u00e9sz 84 Kft.\"},\"image\":{\"@id\":\"https:\\\/\\\/tajkertesz.com\\\/#\\\/schema\\\/logo\\\/image\\\/\"},\"sameAs\":[\"https:\\\/\\\/www.facebook.com\\\/Tajkertesz\\\/\"]}]}<\/script>\n<!-- \/ Yoast SEO plugin. -->","yoast_head_json":{"title":"Hunter k\u00fclt\u00e9ri 14 z\u00f3n\u00e1s \u00f6nt\u00f6z\u0151 vez\u00e9rl\u0151 automata wifi el\u0151k\u00e9sz\u00edt\u00e9ssel X2 1401E - T\u00e1jkert\u00e9sz","description":"Hunter k\u00fclt\u00e9ri 14 z\u00f3n\u00e1s \u00f6nt\u00f6z\u0151 vez\u00e9rl\u0151 automata wifi el\u0151k\u00e9sz\u00edt\u00e9ssel X2 1401E. 3 rugalmas program, 4 k\u00fcl\u00f6nb\u00f6z\u0151 ind\u00edt\u00e1si id\u0151vel, legfeljebb 6 \u00f3ra \u00f6nt\u00f6z\u00e9si id\u0151","robots":{"index":"index","follow":"follow","max-snippet":"max-snippet:-1","max-image-preview":"max-image-preview:large","max-video-preview":"max-video-preview:-1"},"canonical":"https:\/\/tajkertesz.com\/en_US\/product\/hunter-kulteri-14-zonas-ontozo-vezerlo-automata-wifi-elokeszitessel-x2-1401e\/","og_locale":"en_US","og_type":"article","og_title":"Hunter k\u00fclt\u00e9ri 14 z\u00f3n\u00e1s \u00f6nt\u00f6z\u0151 vez\u00e9rl\u0151 automata wifi el\u0151k\u00e9sz\u00edt\u00e9ssel X2 1401E - T\u00e1jkert\u00e9sz","og_description":"Hunter k\u00fclt\u00e9ri 14 z\u00f3n\u00e1s \u00f6nt\u00f6z\u0151 vez\u00e9rl\u0151 automata wifi el\u0151k\u00e9sz\u00edt\u00e9ssel X2 1401E. 3 rugalmas program, 4 k\u00fcl\u00f6nb\u00f6z\u0151 ind\u00edt\u00e1si id\u0151vel, legfeljebb 6 \u00f3ra \u00f6nt\u00f6z\u00e9si id\u0151","og_url":"https:\/\/tajkertesz.com\/en_US\/product\/hunter-kulteri-14-zonas-ontozo-vezerlo-automata-wifi-elokeszitessel-x2-1401e\/","og_site_name":"T\u00e1jkert\u00e9sz","article_publisher":"https:\/\/www.facebook.com\/Tajkertesz\/","article_modified_time":"2026-02-13T15:47:47+00:00","og_image":[{"width":800,"height":800,"url":"https:\/\/tajkertesz.com\/wp-content\/uploads\/2021\/08\/hunter-x2-401-e-4-zonas-wi-fi-kepes-kulteri-ontozes-vezerlo.jpg","type":"image\/jpeg"}],"twitter_card":"summary_large_image","twitter_misc":{"Est. reading time":"4 minutes"},"schema":{"@context":"https:\/\/schema.org","@graph":[{"@type":"WebPage","@id":"https:\/\/tajkertesz.com\/termek\/hunter-kulteri-14-zonas-ontozo-vezerlo-automata-wifi-elokeszitessel-x2-1401e\/","url":"https:\/\/tajkertesz.com\/termek\/hunter-kulteri-14-zonas-ontozo-vezerlo-automata-wifi-elokeszitessel-x2-1401e\/","name":"Hunter k\u00fclt\u00e9ri 14 z\u00f3n\u00e1s \u00f6nt\u00f6z\u0151 vez\u00e9rl\u0151 automata wifi el\u0151k\u00e9sz\u00edt\u00e9ssel X2 1401E - T\u00e1jkert\u00e9sz","isPartOf":{"@id":"https:\/\/tajkertesz.com\/#website"},"primaryImageOfPage":{"@id":"https:\/\/tajkertesz.com\/termek\/hunter-kulteri-14-zonas-ontozo-vezerlo-automata-wifi-elokeszitessel-x2-1401e\/#primaryimage"},"image":{"@id":"https:\/\/tajkertesz.com\/termek\/hunter-kulteri-14-zonas-ontozo-vezerlo-automata-wifi-elokeszitessel-x2-1401e\/#primaryimage"},"thumbnailUrl":"https:\/\/tajkertesz.com\/wp-content\/uploads\/2021\/08\/hunter-x2-401-e-4-zonas-wi-fi-kepes-kulteri-ontozes-vezerlo.jpg","datePublished":"2024-07-17T09:07:26+00:00","dateModified":"2026-02-13T15:47:47+00:00","description":"Hunter k\u00fclt\u00e9ri 14 z\u00f3n\u00e1s \u00f6nt\u00f6z\u0151 vez\u00e9rl\u0151 automata wifi el\u0151k\u00e9sz\u00edt\u00e9ssel X2 1401E. 3 rugalmas program, 4 k\u00fcl\u00f6nb\u00f6z\u0151 ind\u00edt\u00e1si id\u0151vel, legfeljebb 6 \u00f3ra \u00f6nt\u00f6z\u00e9si id\u0151","breadcrumb":{"@id":"https:\/\/tajkertesz.com\/termek\/hunter-kulteri-14-zonas-ontozo-vezerlo-automata-wifi-elokeszitessel-x2-1401e\/#breadcrumb"},"inLanguage":"en-US","potentialAction":[{"@type":"ReadAction","target":["https:\/\/tajkertesz.com\/termek\/hunter-kulteri-14-zonas-ontozo-vezerlo-automata-wifi-elokeszitessel-x2-1401e\/"]}]},{"@type":"ImageObject","inLanguage":"en-US","@id":"https:\/\/tajkertesz.com\/termek\/hunter-kulteri-14-zonas-ontozo-vezerlo-automata-wifi-elokeszitessel-x2-1401e\/#primaryimage","url":"https:\/\/tajkertesz.com\/wp-content\/uploads\/2021\/08\/hunter-x2-401-e-4-zonas-wi-fi-kepes-kulteri-ontozes-vezerlo.jpg","contentUrl":"https:\/\/tajkertesz.com\/wp-content\/uploads\/2021\/08\/hunter-x2-401-e-4-zonas-wi-fi-kepes-kulteri-ontozes-vezerlo.jpg","width":800,"height":800},{"@type":"BreadcrumbList","@id":"https:\/\/tajkertesz.com\/termek\/hunter-kulteri-14-zonas-ontozo-vezerlo-automata-wifi-elokeszitessel-x2-1401e\/#breadcrumb","itemListElement":[{"@type":"ListItem","position":1,"name":"Home","item":"https:\/\/tajkertesz.com\/"},{"@type":"ListItem","position":2,"name":"Kezd\u0151lap","item":"https:\/\/tajkertesz.com\/"},{"@type":"ListItem","position":3,"name":"Hunter k\u00fclt\u00e9ri 14 z\u00f3n\u00e1s \u00f6nt\u00f6z\u0151 vez\u00e9rl\u0151 automata wifi el\u0151k\u00e9sz\u00edt\u00e9ssel X2 1401E"}]},{"@type":"WebSite","@id":"https:\/\/tajkertesz.com\/#website","url":"https:\/\/tajkertesz.com\/","name":"T\u00e1j-Kert\u00e9sz 84 Kft.","description":"Kert\u00e9szeti kis- \u00e9s nagykeresked\u00e9s, D\u00edszn\u00f6v\u00e9ny web\u00e1ruh\u00e1z orsz\u00e1gos h\u00e1zhozsz\u00e1ll\u00edt\u00e1ssal!","publisher":{"@id":"https:\/\/tajkertesz.com\/#organization"},"potentialAction":[{"@type":"SearchAction","target":{"@type":"EntryPoint","urlTemplate":"https:\/\/tajkertesz.com\/?s={search_term_string}"},"query-input":{"@type":"PropertyValueSpecification","valueRequired":true,"valueName":"search_term_string"}}],"inLanguage":"en-US"},{"@type":"Organization","@id":"https:\/\/tajkertesz.com\/#organization","name":"T\u00e1j-Kert\u00e9sz 84 Kft.","url":"https:\/\/tajkertesz.com\/","logo":{"@type":"ImageObject","inLanguage":"en-US","@id":"https:\/\/tajkertesz.com\/#\/schema\/logo\/image\/","url":"https:\/\/tajkertesz.com\/wp-content\/uploads\/2018\/02\/logo-2-e1518678052539.png","contentUrl":"https:\/\/tajkertesz.com\/wp-content\/uploads\/2018\/02\/logo-2-e1518678052539.png","width":81,"height":140,"caption":"T\u00e1j-Kert\u00e9sz 84 Kft."},"image":{"@id":"https:\/\/tajkertesz.com\/#\/schema\/logo\/image\/"},"sameAs":["https:\/\/www.facebook.com\/Tajkertesz\/"]}]}},"_links":{"self":[{"href":"https:\/\/tajkertesz.com\/en_US\/wp-json\/wp\/v2\/product\/20698","targetHints":{"allow":["GET"]}}],"collection":[{"href":"https:\/\/tajkertesz.com\/en_US\/wp-json\/wp\/v2\/product"}],"about":[{"href":"https:\/\/tajkertesz.com\/en_US\/wp-json\/wp\/v2\/types\/product"}],"wp:featuredmedia":[{"embeddable":true,"href":"https:\/\/tajkertesz.com\/en_US\/wp-json\/wp\/v2\/media\/13548"}],"wp:attachment":[{"href":"https:\/\/tajkertesz.com\/en_US\/wp-json\/wp\/v2\/media?parent=20698"}],"wp:term":[{"taxonomy":"product_brand","embeddable":true,"href":"https:\/\/tajkertesz.com\/en_US\/wp-json\/wp\/v2\/product_brand?post=20698"},{"taxonomy":"product_cat","embeddable":true,"href":"https:\/\/tajkertesz.com\/en_US\/wp-json\/wp\/v2\/product_cat?post=20698"},{"taxonomy":"product_tag","embeddable":true,"href":"https:\/\/tajkertesz.com\/en_US\/wp-json\/wp\/v2\/product_tag?post=20698"}],"curies":[{"name":"wp","href":"https:\/\/api.w.org\/{rel}","templated":true}]}}