{"id":20702,"date":"2024-07-17T12:44:34","date_gmt":"2024-07-17T12:44:34","guid":{"rendered":"https:\/\/tajkertesz.com\/?post_type=product&#038;p=20702"},"modified":"2025-07-16T13:04:00","modified_gmt":"2025-07-16T13:04:00","slug":"nortene-totaltex-arnyekolo-halo-95-os-takarassal-210m-antracit-szinu-28","status":"publish","type":"product","link":"https:\/\/tajkertesz.com\/en_US\/product\/nortene-totaltex-arnyekolo-halo-95-os-takarassal-210m-antracit-szinu-28\/","title":{"rendered":"Nortene Totaltex \u00e1rny\u00e9kol\u00f3 h\u00e1l\u00f3 95%-os Takar\u00e1ssal 2*10m antracit sz\u00edn\u0171 (28)"},"content":{"rendered":"<h3>Nortene Totaltex \u00e1rny\u00e9kol\u00f3 h\u00e1l\u00f3 95%-os Takar\u00e1ssal\u00a0 2*10m antracit\u00a0 sz\u00edn\u0171<\/h3>\n<p>A Nortene Totaltex \u00e1rny\u00e9kol\u00f3 h\u00e1l\u00f3 95%-os Takar\u00e1ssal\u00a0 2*10m sz\u00e9les \u00e9s antracit sz\u00edn\u0171. Felfogja a szelet, de egyben l\u00e9g\u00e1tereszt\u0151 is. Az \u00e1rny\u00e9kol\u00f3 h\u00e1l\u00f3 felszerel\u00e9se, v\u00e1g\u00e1sa \u00e9s m\u00e9retre szab\u00e1sa egyszer\u0171, v\u00e1g\u00e1s ut\u00e1n sem bomlik.<\/p>\n<div class=\"name\"><\/div>\n<div class=\"details\">Szeretn\u00e9 elrejteni kertj\u00e9t, terasz\u00e1t, hogy nyugalmasan \u00e9lvezhesse meg\u00e9rdemelt mag\u00e1n\u00e9let\u00e9t? Ez a sz\u0151tt h\u00e1l\u00f3 t\u00f6k\u00e9letes megold\u00e1st k\u00edn\u00e1l \u00d6nnek.<\/div>\n<div class=\"details\">Megakad\u00e1lyozza a bel\u00e1t\u00e1st az idegen k\u00edv\u00e1ncsiskod\u00f3k ellen.<\/div>\n<div>\n<h3 class=\"title\"><strong>Nortene Totaltex \u00e1rny\u00e9kol\u00f3 h\u00e1l\u00f3 El\u0151nyei:<\/strong><\/h3>\n<p>Felfogja a szelet, de egyben l\u00e9g\u00e1tereszt\u0151 is. Az \u00e1rny\u00e9kol\u00f3 h\u00e1l\u00f3 felszerel\u00e9se, v\u00e1g\u00e1sa \u00e9s m\u00e9retre szab\u00e1sa egyszer\u0171, v\u00e1g\u00e1s ut\u00e1n sem bomlik.<\/p>\n<\/div>\n<h3>Jellemz\u0151i:<\/h3>\n<p>95%-os takar\u00e1st biztos\u00edt\u00f3 sz\u0151tt \u00e1rny\u00e9kol\u00f3 h\u00e1l\u00f3, melyet a ker\u00edt\u00e9sre vagy erk\u00e9lykorl\u00e1tra r\u00f6gz\u00edtve korl\u00e1tozhatjuk a bel\u00e1t\u00e1st, meg\u0151rizve a mag\u00e1nszf\u00e9r\u00e1nk nyugalm\u00e1t.<\/p>\n<p>A term\u00e9ket Nortene FIXATEX kapoccsal, vagy BRIDFIX gyorsk\u00f6t\u00f6z\u0151vel 50 cm-en k\u00e9nt r\u00f6gz\u00edts\u00fck a stabil ker\u00edt\u00e9sen, korl\u00e1ton.<\/p>\n<p>Anyaga: UV \u00e1ll\u00f3 HDPE, mely a napsug\u00e1rz\u00e1snak \u00e9s az id\u0151j\u00e1r\u00e1s viszontags\u00e1gainak is ellen\u00e1ll, j\u00f3 szak\u00edt\u00f3szil\u00e1rds\u00e1g\u00fa.<\/p>\n<p>Csomagol\u00e1s: f\u00f3li\u00e1zott tekercsekben, s\u00faly 130g\/m\u00b2<\/p>\n<p>2011855<\/p>\n<p>El\u00e9rhet\u0151 t\u00f6bbf\u00e9le m\u00e9retben \u00e9s \u00e1rban.<\/p>\n<p><strong>K\u00e9szlet\u00fcnk napi szinten v\u00e1ltozik, ez\u00e9rt k\u00e9rj\u00fck, \u00e9rdekl\u0151dj\u00f6n szem\u00e9lyesen, telefonon vagy email-en.<br \/>\nA v\u00e1ltoztat\u00e1s jog\u00e1t fenntartjuk!\u00a0<\/strong><\/p>\n<p><em>\u00a0<\/em><\/p>\n<p><em>\u00a0<\/em><\/p>\n<p>&nbsp;<\/p>\n<p><a href=\"https:\/\/tajkertesz.com\/\">https:\/\/tajkertesz.com\/<\/a><\/p>\n<p><a href=\"https:\/\/www.nortene.hu\/\">https:\/\/www.nortene.hu\/<\/a><\/p>\n<div class=\"details\">Szeretn\u00e9 elrejteni kertj\u00e9t, terasz\u00e1t, hogy nyugalmasan \u00e9lvezhesse meg\u00e9rdemelt mag\u00e1n\u00e9let\u00e9t? Ez a sz\u0151tt h\u00e1l\u00f3 t\u00f6k\u00e9letes megold\u00e1st k\u00edn\u00e1l \u00d6nnek.<\/div>\n<div class=\"details\">Megakad\u00e1lyozza a bel\u00e1t\u00e1st az idegen k\u00edv\u00e1ncsiskod\u00f3k ellen.<\/div>\n<div>\n<h3 class=\"title\"><strong>El\u0151nyei:<\/strong><\/h3>\n<p>Felfogja a szelet, de egyben l\u00e9g\u00e1tereszt\u0151 is. Az \u00e1rny\u00e9kol\u00f3 h\u00e1l\u00f3 felszerel\u00e9se, v\u00e1g\u00e1sa \u00e9s m\u00e9retre szab\u00e1sa egyszer\u0171, v\u00e1g\u00e1s ut\u00e1n sem bomlik.<\/p>\n<\/div>\n<h3>Jellemz\u0151i:<\/h3>\n<p>95%-os takar\u00e1st biztos\u00edt\u00f3 sz\u0151tt \u00e1rny\u00e9kol\u00f3 h\u00e1l\u00f3, melyet a ker\u00edt\u00e9sre vagy erk\u00e9lykorl\u00e1tra r\u00f6gz\u00edtve korl\u00e1tozhatjuk a bel\u00e1t\u00e1st, meg\u0151rizve a mag\u00e1nszf\u00e9r\u00e1nk nyugalm\u00e1t.<\/p>\n<p>A term\u00e9ket Nortene FIXATEX kapoccsal, vagy BRIDFIX gyorsk\u00f6t\u00f6z\u0151vel 50 cm-en k\u00e9nt r\u00f6gz\u00edts\u00fck a stabil ker\u00edt\u00e9sen, korl\u00e1ton.<\/p>\n<p>Anyaga: UV \u00e1ll\u00f3 HDPE, mely a napsug\u00e1rz\u00e1snak \u00e9s az id\u0151j\u00e1r\u00e1s viszontags\u00e1gainak is ellen\u00e1ll, j\u00f3 szak\u00edt\u00f3szil\u00e1rds\u00e1g\u00fa.<\/p>\n<p>Csomagol\u00e1s: f\u00f3li\u00e1zott tekercs<\/p>\n<p>&nbsp;<\/p>","protected":false},"excerpt":{"rendered":"<p>A Nortene Totaltex \u00e1rny\u00e9kol\u00f3 h\u00e1l\u00f3 95%-os Takar\u00e1ssal\u00a0 2*10m sz\u00e9les \u00e9s antracit sz\u00edn\u0171. Felfogja a szelet, de egyben l\u00e9g\u00e1tereszt\u0151 is. Az \u00e1rny\u00e9kol\u00f3 h\u00e1l\u00f3 felszerel\u00e9se, v\u00e1g\u00e1sa \u00e9s m\u00e9retre szab\u00e1sa egyszer\u0171, v\u00e1g\u00e1s ut\u00e1n sem bomlik.<\/p>\n<div class=\"name\"><\/div>\n<div class=\"details\">Szeretn\u00e9 elrejteni kertj\u00e9t, terasz\u00e1t, hogy nyugalmasan \u00e9lvezhesse meg\u00e9rdemelt mag\u00e1n\u00e9let\u00e9t? Ez a sz\u0151tt h\u00e1l\u00f3 t\u00f6k\u00e9letes megold\u00e1st k\u00edn\u00e1l \u00d6nnek.<\/div>\n<div class=\"details\">Megakad\u00e1lyozza a bel\u00e1t\u00e1st az idegen k\u00edv\u00e1ncsiskod\u00f3k ellen.<\/div>\n<div>\n<h3 class=\"title\"><strong>El\u0151nyei:<\/strong><\/h3>\n<p>Felfogja a szelet, de egyben l\u00e9g\u00e1tereszt\u0151 is. Az \u00e1rny\u00e9kol\u00f3 h\u00e1l\u00f3 felszerel\u00e9se, v\u00e1g\u00e1sa \u00e9s m\u00e9retre szab\u00e1sa egyszer\u0171, v\u00e1g\u00e1s ut\u00e1n sem bomlik.<\/p>\n<\/div>\n<h3>Jellemz\u0151i:<\/h3>\n<p>95%-os takar\u00e1st biztos\u00edt\u00f3 sz\u0151tt \u00e1rny\u00e9kol\u00f3 h\u00e1l\u00f3, melyet a ker\u00edt\u00e9sre vagy erk\u00e9lykorl\u00e1tra r\u00f6gz\u00edtve korl\u00e1tozhatjuk a bel\u00e1t\u00e1st, meg\u0151rizve a mag\u00e1nszf\u00e9r\u00e1nk nyugalm\u00e1t.<\/p>\n<p>A term\u00e9ket Nortene FIXATEX kapoccsal, vagy BRIDFIX gyorsk\u00f6t\u00f6z\u0151vel 50 cm-en k\u00e9nt r\u00f6gz\u00edts\u00fck a stabil ker\u00edt\u00e9sen, korl\u00e1ton.<\/p>\n<p>Anyaga: UV \u00e1ll\u00f3 HDPE, mely a napsug\u00e1rz\u00e1snak \u00e9s az id\u0151j\u00e1r\u00e1s viszontags\u00e1gainak is ellen\u00e1ll, j\u00f3 szak\u00edt\u00f3szil\u00e1rds\u00e1g\u00fa.<\/p>\n<p>Csomagol\u00e1s: f\u00f3li\u00e1zott tekercs<\/p>\n<p><em>\u00a0<\/em><\/p>\n<p><em>\u00a0<\/em><\/p>","protected":false},"featured_media":2822,"template":"","meta":{"_et_pb_use_builder":"","_et_pb_old_content":"","_et_gb_content_width":""},"product_brand":[],"product_cat":[1663],"product_tag":[1076,1072,1077,943,1073,1075],"class_list":{"0":"post-20702","1":"product","2":"type-product","3":"status-publish","4":"has-post-thumbnail","6":"product_cat-arnyekolo-halok","7":"product_tag-1076","8":"product_tag-antracit","9":"product_tag-arnyekolo","10":"product_tag-nortene","11":"product_tag-szott-arnyekolo","12":"product_tag-totaltex","14":"first","15":"outofstock","16":"shipping-taxable","17":"product-type-simple"},"yoast_head":"<!-- This site is optimized with the Yoast SEO plugin v27.3 - https:\/\/yoast.com\/product\/yoast-seo-wordpress\/ -->\n<title>Nortene Totaltex \u00e1rny\u00e9kol\u00f3 h\u00e1l\u00f3 95%-os Takar\u00e1ssal 2*10m antracit sz\u00edn\u0171 (28) - T\u00e1jkert\u00e9sz<\/title>\n<meta name=\"description\" content=\"A Nortene Totaltex \u00e1rny\u00e9kol\u00f3 h\u00e1l\u00f3 95%-os takar\u00e1ssal 2*10m sz\u00e9les antracit sz\u00edn\u0171. Ker\u00edt\u00e9sre vagy erk\u00e9lykorl\u00e1tra r\u00f6gz\u00edtve korl\u00e1tozva a nemk\u00edv\u00e1nt bel\u00e1t\u00e1st.\" \/>\n<meta name=\"robots\" content=\"index, follow, max-snippet:-1, max-image-preview:large, max-video-preview:-1\" \/>\n<link rel=\"canonical\" href=\"https:\/\/tajkertesz.com\/en_US\/product\/nortene-totaltex-arnyekolo-halo-95-os-takarassal-210m-antracit-szinu-28\/\" \/>\n<meta property=\"og:locale\" content=\"en_US\" \/>\n<meta property=\"og:type\" content=\"article\" \/>\n<meta property=\"og:title\" content=\"Nortene Totaltex \u00e1rny\u00e9kol\u00f3 h\u00e1l\u00f3 95%-os Takar\u00e1ssal 2*10m antracit sz\u00edn\u0171 (28) - T\u00e1jkert\u00e9sz\" \/>\n<meta property=\"og:description\" content=\"A Nortene Totaltex \u00e1rny\u00e9kol\u00f3 h\u00e1l\u00f3 95%-os takar\u00e1ssal 2*10m sz\u00e9les antracit sz\u00edn\u0171. Ker\u00edt\u00e9sre vagy erk\u00e9lykorl\u00e1tra r\u00f6gz\u00edtve korl\u00e1tozva a nemk\u00edv\u00e1nt bel\u00e1t\u00e1st.\" \/>\n<meta property=\"og:url\" content=\"https:\/\/tajkertesz.com\/en_US\/product\/nortene-totaltex-arnyekolo-halo-95-os-takarassal-210m-antracit-szinu-28\/\" \/>\n<meta property=\"og:site_name\" content=\"T\u00e1jkert\u00e9sz\" \/>\n<meta property=\"article:publisher\" content=\"https:\/\/www.facebook.com\/Tajkertesz\/\" \/>\n<meta property=\"article:modified_time\" content=\"2025-07-16T13:04:00+00:00\" \/>\n<meta property=\"og:image\" content=\"https:\/\/tajkertesz.com\/wp-content\/uploads\/2020\/12\/antracit.jpg4_.png\" \/>\n\t<meta property=\"og:image:width\" content=\"600\" \/>\n\t<meta property=\"og:image:height\" content=\"600\" \/>\n\t<meta property=\"og:image:type\" content=\"image\/png\" \/>\n<meta name=\"twitter:card\" content=\"summary_large_image\" \/>\n<meta name=\"twitter:label1\" content=\"Est. reading time\" \/>\n\t<meta name=\"twitter:data1\" content=\"2 minutes\" \/>\n<script type=\"application\/ld+json\" class=\"yoast-schema-graph\">{\"@context\":\"https:\\\/\\\/schema.org\",\"@graph\":[{\"@type\":\"WebPage\",\"@id\":\"https:\\\/\\\/tajkertesz.com\\\/termek\\\/nortene-totaltex-arnyekolo-halo-95-os-takarassal-210m-antracit-szinu-28\\\/\",\"url\":\"https:\\\/\\\/tajkertesz.com\\\/termek\\\/nortene-totaltex-arnyekolo-halo-95-os-takarassal-210m-antracit-szinu-28\\\/\",\"name\":\"Nortene Totaltex \u00e1rny\u00e9kol\u00f3 h\u00e1l\u00f3 95%-os Takar\u00e1ssal 2*10m antracit sz\u00edn\u0171 (28) - T\u00e1jkert\u00e9sz\",\"isPartOf\":{\"@id\":\"https:\\\/\\\/tajkertesz.com\\\/#website\"},\"primaryImageOfPage\":{\"@id\":\"https:\\\/\\\/tajkertesz.com\\\/termek\\\/nortene-totaltex-arnyekolo-halo-95-os-takarassal-210m-antracit-szinu-28\\\/#primaryimage\"},\"image\":{\"@id\":\"https:\\\/\\\/tajkertesz.com\\\/termek\\\/nortene-totaltex-arnyekolo-halo-95-os-takarassal-210m-antracit-szinu-28\\\/#primaryimage\"},\"thumbnailUrl\":\"https:\\\/\\\/tajkertesz.com\\\/wp-content\\\/uploads\\\/2020\\\/12\\\/antracit.jpg4_.png\",\"datePublished\":\"2024-07-17T12:44:34+00:00\",\"dateModified\":\"2025-07-16T13:04:00+00:00\",\"description\":\"A Nortene Totaltex \u00e1rny\u00e9kol\u00f3 h\u00e1l\u00f3 95%-os takar\u00e1ssal 2*10m sz\u00e9les antracit sz\u00edn\u0171. Ker\u00edt\u00e9sre vagy erk\u00e9lykorl\u00e1tra r\u00f6gz\u00edtve korl\u00e1tozva a nemk\u00edv\u00e1nt bel\u00e1t\u00e1st.\",\"breadcrumb\":{\"@id\":\"https:\\\/\\\/tajkertesz.com\\\/termek\\\/nortene-totaltex-arnyekolo-halo-95-os-takarassal-210m-antracit-szinu-28\\\/#breadcrumb\"},\"inLanguage\":\"en-US\",\"potentialAction\":[{\"@type\":\"ReadAction\",\"target\":[\"https:\\\/\\\/tajkertesz.com\\\/termek\\\/nortene-totaltex-arnyekolo-halo-95-os-takarassal-210m-antracit-szinu-28\\\/\"]}]},{\"@type\":\"ImageObject\",\"inLanguage\":\"en-US\",\"@id\":\"https:\\\/\\\/tajkertesz.com\\\/termek\\\/nortene-totaltex-arnyekolo-halo-95-os-takarassal-210m-antracit-szinu-28\\\/#primaryimage\",\"url\":\"https:\\\/\\\/tajkertesz.com\\\/wp-content\\\/uploads\\\/2020\\\/12\\\/antracit.jpg4_.png\",\"contentUrl\":\"https:\\\/\\\/tajkertesz.com\\\/wp-content\\\/uploads\\\/2020\\\/12\\\/antracit.jpg4_.png\",\"width\":600,\"height\":600},{\"@type\":\"BreadcrumbList\",\"@id\":\"https:\\\/\\\/tajkertesz.com\\\/termek\\\/nortene-totaltex-arnyekolo-halo-95-os-takarassal-210m-antracit-szinu-28\\\/#breadcrumb\",\"itemListElement\":[{\"@type\":\"ListItem\",\"position\":1,\"name\":\"Home\",\"item\":\"https:\\\/\\\/tajkertesz.com\\\/\"},{\"@type\":\"ListItem\",\"position\":2,\"name\":\"Kezd\u0151lap\",\"item\":\"https:\\\/\\\/tajkertesz.com\\\/\"},{\"@type\":\"ListItem\",\"position\":3,\"name\":\"Nortene Totaltex \u00e1rny\u00e9kol\u00f3 h\u00e1l\u00f3 95%-os Takar\u00e1ssal 2*10m antracit sz\u00edn\u0171 (28)\"}]},{\"@type\":\"WebSite\",\"@id\":\"https:\\\/\\\/tajkertesz.com\\\/#website\",\"url\":\"https:\\\/\\\/tajkertesz.com\\\/\",\"name\":\"T\u00e1j-Kert\u00e9sz 84 Kft.\",\"description\":\"Kert\u00e9szeti kis- \u00e9s nagykeresked\u00e9s, D\u00edszn\u00f6v\u00e9ny web\u00e1ruh\u00e1z orsz\u00e1gos h\u00e1zhozsz\u00e1ll\u00edt\u00e1ssal!\",\"publisher\":{\"@id\":\"https:\\\/\\\/tajkertesz.com\\\/#organization\"},\"potentialAction\":[{\"@type\":\"SearchAction\",\"target\":{\"@type\":\"EntryPoint\",\"urlTemplate\":\"https:\\\/\\\/tajkertesz.com\\\/?s={search_term_string}\"},\"query-input\":{\"@type\":\"PropertyValueSpecification\",\"valueRequired\":true,\"valueName\":\"search_term_string\"}}],\"inLanguage\":\"en-US\"},{\"@type\":\"Organization\",\"@id\":\"https:\\\/\\\/tajkertesz.com\\\/#organization\",\"name\":\"T\u00e1j-Kert\u00e9sz 84 Kft.\",\"url\":\"https:\\\/\\\/tajkertesz.com\\\/\",\"logo\":{\"@type\":\"ImageObject\",\"inLanguage\":\"en-US\",\"@id\":\"https:\\\/\\\/tajkertesz.com\\\/#\\\/schema\\\/logo\\\/image\\\/\",\"url\":\"https:\\\/\\\/tajkertesz.com\\\/wp-content\\\/uploads\\\/2018\\\/02\\\/logo-2-e1518678052539.png\",\"contentUrl\":\"https:\\\/\\\/tajkertesz.com\\\/wp-content\\\/uploads\\\/2018\\\/02\\\/logo-2-e1518678052539.png\",\"width\":81,\"height\":140,\"caption\":\"T\u00e1j-Kert\u00e9sz 84 Kft.\"},\"image\":{\"@id\":\"https:\\\/\\\/tajkertesz.com\\\/#\\\/schema\\\/logo\\\/image\\\/\"},\"sameAs\":[\"https:\\\/\\\/www.facebook.com\\\/Tajkertesz\\\/\"]}]}<\/script>\n<!-- \/ Yoast SEO plugin. -->","yoast_head_json":{"title":"Nortene Totaltex \u00e1rny\u00e9kol\u00f3 h\u00e1l\u00f3 95%-os Takar\u00e1ssal 2*10m antracit sz\u00edn\u0171 (28) - T\u00e1jkert\u00e9sz","description":"A Nortene Totaltex \u00e1rny\u00e9kol\u00f3 h\u00e1l\u00f3 95%-os takar\u00e1ssal 2*10m sz\u00e9les antracit sz\u00edn\u0171. Ker\u00edt\u00e9sre vagy erk\u00e9lykorl\u00e1tra r\u00f6gz\u00edtve korl\u00e1tozva a nemk\u00edv\u00e1nt bel\u00e1t\u00e1st.","robots":{"index":"index","follow":"follow","max-snippet":"max-snippet:-1","max-image-preview":"max-image-preview:large","max-video-preview":"max-video-preview:-1"},"canonical":"https:\/\/tajkertesz.com\/en_US\/product\/nortene-totaltex-arnyekolo-halo-95-os-takarassal-210m-antracit-szinu-28\/","og_locale":"en_US","og_type":"article","og_title":"Nortene Totaltex \u00e1rny\u00e9kol\u00f3 h\u00e1l\u00f3 95%-os Takar\u00e1ssal 2*10m antracit sz\u00edn\u0171 (28) - T\u00e1jkert\u00e9sz","og_description":"A Nortene Totaltex \u00e1rny\u00e9kol\u00f3 h\u00e1l\u00f3 95%-os takar\u00e1ssal 2*10m sz\u00e9les antracit sz\u00edn\u0171. Ker\u00edt\u00e9sre vagy erk\u00e9lykorl\u00e1tra r\u00f6gz\u00edtve korl\u00e1tozva a nemk\u00edv\u00e1nt bel\u00e1t\u00e1st.","og_url":"https:\/\/tajkertesz.com\/en_US\/product\/nortene-totaltex-arnyekolo-halo-95-os-takarassal-210m-antracit-szinu-28\/","og_site_name":"T\u00e1jkert\u00e9sz","article_publisher":"https:\/\/www.facebook.com\/Tajkertesz\/","article_modified_time":"2025-07-16T13:04:00+00:00","og_image":[{"width":600,"height":600,"url":"https:\/\/tajkertesz.com\/wp-content\/uploads\/2020\/12\/antracit.jpg4_.png","type":"image\/png"}],"twitter_card":"summary_large_image","twitter_misc":{"Est. reading time":"2 minutes"},"schema":{"@context":"https:\/\/schema.org","@graph":[{"@type":"WebPage","@id":"https:\/\/tajkertesz.com\/termek\/nortene-totaltex-arnyekolo-halo-95-os-takarassal-210m-antracit-szinu-28\/","url":"https:\/\/tajkertesz.com\/termek\/nortene-totaltex-arnyekolo-halo-95-os-takarassal-210m-antracit-szinu-28\/","name":"Nortene Totaltex \u00e1rny\u00e9kol\u00f3 h\u00e1l\u00f3 95%-os Takar\u00e1ssal 2*10m antracit sz\u00edn\u0171 (28) - T\u00e1jkert\u00e9sz","isPartOf":{"@id":"https:\/\/tajkertesz.com\/#website"},"primaryImageOfPage":{"@id":"https:\/\/tajkertesz.com\/termek\/nortene-totaltex-arnyekolo-halo-95-os-takarassal-210m-antracit-szinu-28\/#primaryimage"},"image":{"@id":"https:\/\/tajkertesz.com\/termek\/nortene-totaltex-arnyekolo-halo-95-os-takarassal-210m-antracit-szinu-28\/#primaryimage"},"thumbnailUrl":"https:\/\/tajkertesz.com\/wp-content\/uploads\/2020\/12\/antracit.jpg4_.png","datePublished":"2024-07-17T12:44:34+00:00","dateModified":"2025-07-16T13:04:00+00:00","description":"A Nortene Totaltex \u00e1rny\u00e9kol\u00f3 h\u00e1l\u00f3 95%-os takar\u00e1ssal 2*10m sz\u00e9les antracit sz\u00edn\u0171. Ker\u00edt\u00e9sre vagy erk\u00e9lykorl\u00e1tra r\u00f6gz\u00edtve korl\u00e1tozva a nemk\u00edv\u00e1nt bel\u00e1t\u00e1st.","breadcrumb":{"@id":"https:\/\/tajkertesz.com\/termek\/nortene-totaltex-arnyekolo-halo-95-os-takarassal-210m-antracit-szinu-28\/#breadcrumb"},"inLanguage":"en-US","potentialAction":[{"@type":"ReadAction","target":["https:\/\/tajkertesz.com\/termek\/nortene-totaltex-arnyekolo-halo-95-os-takarassal-210m-antracit-szinu-28\/"]}]},{"@type":"ImageObject","inLanguage":"en-US","@id":"https:\/\/tajkertesz.com\/termek\/nortene-totaltex-arnyekolo-halo-95-os-takarassal-210m-antracit-szinu-28\/#primaryimage","url":"https:\/\/tajkertesz.com\/wp-content\/uploads\/2020\/12\/antracit.jpg4_.png","contentUrl":"https:\/\/tajkertesz.com\/wp-content\/uploads\/2020\/12\/antracit.jpg4_.png","width":600,"height":600},{"@type":"BreadcrumbList","@id":"https:\/\/tajkertesz.com\/termek\/nortene-totaltex-arnyekolo-halo-95-os-takarassal-210m-antracit-szinu-28\/#breadcrumb","itemListElement":[{"@type":"ListItem","position":1,"name":"Home","item":"https:\/\/tajkertesz.com\/"},{"@type":"ListItem","position":2,"name":"Kezd\u0151lap","item":"https:\/\/tajkertesz.com\/"},{"@type":"ListItem","position":3,"name":"Nortene Totaltex \u00e1rny\u00e9kol\u00f3 h\u00e1l\u00f3 95%-os Takar\u00e1ssal 2*10m antracit sz\u00edn\u0171 (28)"}]},{"@type":"WebSite","@id":"https:\/\/tajkertesz.com\/#website","url":"https:\/\/tajkertesz.com\/","name":"T\u00e1j-Kert\u00e9sz 84 Kft.","description":"Kert\u00e9szeti kis- \u00e9s nagykeresked\u00e9s, D\u00edszn\u00f6v\u00e9ny web\u00e1ruh\u00e1z orsz\u00e1gos h\u00e1zhozsz\u00e1ll\u00edt\u00e1ssal!","publisher":{"@id":"https:\/\/tajkertesz.com\/#organization"},"potentialAction":[{"@type":"SearchAction","target":{"@type":"EntryPoint","urlTemplate":"https:\/\/tajkertesz.com\/?s={search_term_string}"},"query-input":{"@type":"PropertyValueSpecification","valueRequired":true,"valueName":"search_term_string"}}],"inLanguage":"en-US"},{"@type":"Organization","@id":"https:\/\/tajkertesz.com\/#organization","name":"T\u00e1j-Kert\u00e9sz 84 Kft.","url":"https:\/\/tajkertesz.com\/","logo":{"@type":"ImageObject","inLanguage":"en-US","@id":"https:\/\/tajkertesz.com\/#\/schema\/logo\/image\/","url":"https:\/\/tajkertesz.com\/wp-content\/uploads\/2018\/02\/logo-2-e1518678052539.png","contentUrl":"https:\/\/tajkertesz.com\/wp-content\/uploads\/2018\/02\/logo-2-e1518678052539.png","width":81,"height":140,"caption":"T\u00e1j-Kert\u00e9sz 84 Kft."},"image":{"@id":"https:\/\/tajkertesz.com\/#\/schema\/logo\/image\/"},"sameAs":["https:\/\/www.facebook.com\/Tajkertesz\/"]}]}},"_links":{"self":[{"href":"https:\/\/tajkertesz.com\/en_US\/wp-json\/wp\/v2\/product\/20702","targetHints":{"allow":["GET"]}}],"collection":[{"href":"https:\/\/tajkertesz.com\/en_US\/wp-json\/wp\/v2\/product"}],"about":[{"href":"https:\/\/tajkertesz.com\/en_US\/wp-json\/wp\/v2\/types\/product"}],"wp:featuredmedia":[{"embeddable":true,"href":"https:\/\/tajkertesz.com\/en_US\/wp-json\/wp\/v2\/media\/2822"}],"wp:attachment":[{"href":"https:\/\/tajkertesz.com\/en_US\/wp-json\/wp\/v2\/media?parent=20702"}],"wp:term":[{"taxonomy":"product_brand","embeddable":true,"href":"https:\/\/tajkertesz.com\/en_US\/wp-json\/wp\/v2\/product_brand?post=20702"},{"taxonomy":"product_cat","embeddable":true,"href":"https:\/\/tajkertesz.com\/en_US\/wp-json\/wp\/v2\/product_cat?post=20702"},{"taxonomy":"product_tag","embeddable":true,"href":"https:\/\/tajkertesz.com\/en_US\/wp-json\/wp\/v2\/product_tag?post=20702"}],"curies":[{"name":"wp","href":"https:\/\/api.w.org\/{rel}","templated":true}]}}