{"id":20710,"date":"2025-06-03T08:29:29","date_gmt":"2025-06-03T08:29:29","guid":{"rendered":"https:\/\/tajkertesz.com\/?post_type=product&#038;p=20710"},"modified":"2026-03-23T10:33:39","modified_gmt":"2026-03-23T10:33:39","slug":"hydrangea-arborescens-annabelle-cserjes-hortenzia-2","status":"publish","type":"product","link":"https:\/\/tajkertesz.com\/en_US\/product\/hydrangea-arborescens-annabelle-cserjes-hortenzia-2\/","title":{"rendered":"Hydrangea arborescens \u2018Annabelle\u2019 &#8211; Cserj\u00e9s hortenzia"},"content":{"rendered":"<h1>Hydrangea arborescens \u2018Annabelle\u2019 &#8211; Cserj\u00e9s hortenzia<\/h1>\n<p>A <em data-start=\"222\" data-end=\"257\">Hydrangea arborescens &#8216;Annabelle&#8217; &#8211; Cserj\u00e9s hortenzia <\/em>egy igaz\u00e1n l\u00e1tv\u00e1nyos, k\u00f6nnyen gondozhat\u00f3 cserj\u00e9s hortenzia, amely ny\u00e1ron hatalmas, ak\u00e1r 30 cm \u00e1tm\u00e9r\u0151j\u0171, g\u00f6mb alak\u00fa, h\u00f3feh\u00e9r vir\u00e1gfejeket hoz.<\/p>\n<h2>Hydrangea arborescens \u2018Annabelle\u2019 jellemz\u0151i:<\/h2>\n<p>Vir\u00e1gz\u00e1sa j\u00faniust\u00f3l eg\u00e9szen szeptemberig tart, \u00edgy hosszan d\u00edsz\u00edti a kertet. Kompakt, 1\u20131,5 m\u00e9teres bokorr\u00e1 fejl\u0151dik, \u00edgy szoliterk\u00e9nt, cserjecsoportban vagy ak\u00e1r s\u00f6v\u00e9nyk\u00e9nt is kiv\u00e1l\u00f3an mutat.<\/p>\n<h3>A cserj\u00e9s hortenzia gondoz\u00e1sa<\/h3>\n<p><strong data-start=\"594\" data-end=\"629\">F\u00e9l\u00e1rny\u00e9kos vagy vil\u00e1gos helyet<\/strong>, valamint j\u00f3 v\u00edzgazd\u00e1lkod\u00e1s\u00fa, enyh\u00e9n savany\u00fa talajt ig\u00e9nyel. Tavasszal er\u0151sen visszametszhet\u0151, ami seg\u00edti a bokrosod\u00e1st \u00e9s m\u00e9g l\u00e1tv\u00e1nyosabb vir\u00e1gz\u00e1st eredm\u00e9nyez. Ellen\u00e1ll\u00f3, nem ig\u00e9nyel k\u00fcl\u00f6n\u00f6sebb figyelmet \u2013 kezd\u0151knek is ide\u00e1lis.<\/p>\n<p data-start=\"1547\" data-end=\"1638\"><strong data-start=\"1547\" data-end=\"1581\">Szoliterk\u00e9nt, cserjecsoportban<\/strong>, \u00e1gy\u00e1sszeg\u00e9lyekben vagy ak\u00e1r <strong data-start=\"1611\" data-end=\"1625\">s\u00f6v\u00e9nyk\u00e9nt<\/strong> is \u00fcltethet\u0151.<\/p>\n<p data-start=\"1641\" data-end=\"1730\">K\u00fcl\u00f6n\u00f6sen eleg\u00e1ns megjelen\u00e9st ad <strong data-start=\"1674\" data-end=\"1730\">vid\u00e9ki, romantikus vagy klasszikus st\u00edlus\u00fa kertekben.<\/strong><\/p>\n<p data-start=\"1641\" data-end=\"1730\">A n\u00f6v\u00e9ny jelenlegi m\u00e9rete: 30-40 cm magas, 2 literes kont\u00e9nerben.<\/p>\n<p><b>K\u00e9szlet\u00fcnk napi szinten v\u00e1ltozik, ez\u00e9rt k\u00e9rj\u00fck, \u00e9rdekl\u0151dj\u00f6n szem\u00e9lyesen, telefonon vagy email-en.<br \/>\nA v\u00e1ltoztat\u00e1s jog\u00e1t fenntartjuk!<\/b><b>\u00a0<\/b><\/p>\n<p><a href=\"https:\/\/tajkertesz.com\/\">https:\/\/tajkertesz.com\/<\/a><\/p>\n<p><a href=\"https:\/\/www.facebook.com\/tajkertesz\/\">https:\/\/www.facebook.com\/tajkertesz\/<\/a><\/p>\n<p><strong><span style=\"color: #ff0000;\">Kisz\u00e1ll\u00edt\u00e1s: 200cm-ig \u00e9s 40 kg-ig a sz\u00e1ll\u00edt\u00e1s fut\u00e1rszolg\u00e1lattal t\u00f6rt\u00e9nik.<\/span><\/strong><\/p>\n<p>Szem\u00e9lyes \u00e1tv\u00e9tel nyitvatart\u00e1si id\u0151ben a 17. ker\u00fclet Bakancsos utca 7. sz\u00e1m alatti Kert\u00e9szeti \u00e1rud\u00e1nkban.<\/p>\n<p>Kert\u00e9p\u00edt\u0151k \u00e9s viszontelad\u00f3k regisztr\u00e1l\u00e1s ut\u00e1n egyedi kedvezm\u00e9nnyel v\u00e1s\u00e1rolhatnak kert\u00e9szeti kis-\u00e9s nagykeresked\u00e9s\u00fcnkben.<\/p>\n<p><strong>Az \u00e1rak egy darab term\u00e9kre vonatkoznak.<\/strong><\/p>\n<p><strong>J\u00f3 tudni!<\/strong><\/p>\n<p>K\u00e9pek-elt\u00e9r\u00e9sek:<\/p>\n<p>A n\u00f6v\u00e9nyekr\u0151l felt\u00f6lt\u00f6tt k\u00e9pek illusztr\u00e1ci\u00f3k. N\u00f6v\u00e9nyekn\u00e9l el\u0151fordulhatnak minim\u00e1lis elt\u00e9r\u00e9sek a k\u00e9peken szerepl\u0151 n\u00f6v\u00e9nyek \u00e9s az \u00e1tvett n\u00f6v\u00e9nyek k\u00f6z\u00f6tt, mivel minden n\u00f6v\u00e9ny egyedi.<\/p>\n<h4>N\u00f6v\u00e9nyek sz\u00e1ll\u00edt\u00e1sa:<\/h4>\n<p>A megrendelt n\u00f6v\u00e9nyeket igyeksz\u00fcnk a lehet\u0151 legbiztons\u00e1gosabban egyes\u00e9vel csomagolni, azonban a sz\u00e1ll\u00edt\u00e1s sor\u00e1n m\u00e9g ennek ellen\u00e9re is\u00a0bek\u00f6vetkezhetnek apr\u00f3bb s\u00e9r\u00fcl\u00e9sek (lev\u00e9l- vagy vir\u00e1ghull\u00e1s).<br \/>\nN\u00f6v\u00e9ny rendel\u00e9s eset\u00e9n k\u00e9rj\u00fck a k\u00e9zbes\u00edt\u00e9st k\u00f6vet\u0151en a lehet\u0151 leghamarabb bonts\u00e1k ki a csomagot.<\/p>\n<p>Abban az esetben, ha a megrendelt n\u00f6v\u00e9ny\u00a0a sz\u00e1ll\u00edt\u00e1st k\u00f6vet\u0151en\u00a0nem megfelel\u0151 gondoz\u00e1sban r\u00e9szes\u00fcl \u00e9s ebb\u0151l kifoly\u00f3lag\u00a0k\u00e1rosodik,\u00a0elpusztul, felel\u0151ss\u00e9get sajnos nem tudunk v\u00e1llalni.<\/p>\n<p>V\u00e1s\u00e1rl\u00e1st\u00f3l val\u00f3 el\u00e1ll\u00e1s \u00e9l\u0151 n\u00f6v\u00e9ny v\u00e1s\u00e1rl\u00e1sa eset\u00e9n:<\/p>\n<p>Az \u00e1ltal\u00e1nos 14 napos el\u00e1ll\u00e1s lehet\u0151s\u00e9ge \u00e9l\u0151 n\u00f6v\u00e9nyekre nem vonatkozik. V\u00e1s\u00e1rl\u00e1st\u00f3l val\u00f3 el\u00e1ll\u00e1sra, visszak\u00fcld\u00e9sre nincs lehet\u0151s\u00e9g.\u00a0(17\/1999. (II. 5.) Korm. rendelet 5c pontja)<\/p>\n<p><strong>K\u00e9rj\u00fck fentiek figyelembev\u00e9tel\u00e9t n\u00f6v\u00e9ny rendel\u00e9se sor\u00e1n!<\/strong><\/p>","protected":false},"excerpt":{"rendered":"<p data-start=\"1641\" data-end=\"1730\">A n\u00f6v\u00e9ny jelenlegi m\u00e9rete: 30-40 cm magas, 2 literes kont\u00e9nerben.<\/p>\n<p><b>K\u00e9szlet\u00fcnk napi szinten v\u00e1ltozik, ez\u00e9rt k\u00e9rj\u00fck, \u00e9rdekl\u0151dj\u00f6n szem\u00e9lyesen, telefonon vagy email-en.<br \/>\nA v\u00e1ltoztat\u00e1s jog\u00e1t fenntartjuk!<\/b><b>\u00a0<\/b><\/p>\n<p><strong><span style=\"color: #ff0000;\">Kisz\u00e1ll\u00edt\u00e1s: 200cm-ig \u00e9s 40 kg-ig a sz\u00e1ll\u00edt\u00e1s fut\u00e1rszolg\u00e1lattal t\u00f6rt\u00e9nik.<\/span><\/strong><\/p>\n<p>Cser\u00e9p m\u00e9rete: 2L, \u00e9s a n\u00f6v\u00e9ny kb: 20\/30 cm magas<\/p>\n<p style=\"line-height: 18.0pt; background: white; margin: 0cm 0cm 15.0pt 0cm;\">","protected":false},"featured_media":2078,"template":"","meta":{"_et_pb_use_builder":"","_et_pb_old_content":"","_et_gb_content_width":""},"product_brand":[],"product_cat":[27,3785],"product_tag":[655,656,654,315,653],"class_list":{"0":"post-20710","1":"product","2":"type-product","3":"status-publish","4":"has-post-thumbnail","6":"product_cat-cserjek","7":"product_cat-uj-termekek","8":"product_tag-annabell","9":"product_tag-annabelle","10":"product_tag-cserjes-hortenzia","11":"product_tag-hortenzia","12":"product_tag-hydrangea-arborescens-annabelle","14":"first","15":"instock","16":"shipping-taxable","17":"purchasable","18":"product-type-simple"},"yoast_head":"<!-- This site is optimized with the Yoast SEO plugin v27.3 - https:\/\/yoast.com\/product\/yoast-seo-wordpress\/ -->\n<title>Hydrangea arborescens \u2018Annabelle\u2019 - Cserj\u00e9s hortenzia - T\u00e1jkert\u00e9sz<\/title>\n<meta name=\"description\" content=\"A Hydrangea arborescens \u2018Annabelle\u2019 - Cserj\u00e9s hortenzia\u00a01-1,5 m magas, sz\u00e9les bokros cserje. Vir\u00e1gai kr\u00e9mfeh\u00e9rek 20-25 cm \u00e1tm\u00e9r\u0151j\u0171ek \u00e9s ny\u00e1ron vir\u00e1gzanak.\" \/>\n<meta name=\"robots\" content=\"index, follow, max-snippet:-1, max-image-preview:large, max-video-preview:-1\" \/>\n<link rel=\"canonical\" href=\"https:\/\/tajkertesz.com\/en_US\/product\/hydrangea-arborescens-annabelle-cserjes-hortenzia-2\/\" \/>\n<meta property=\"og:locale\" content=\"en_US\" \/>\n<meta property=\"og:type\" content=\"article\" \/>\n<meta property=\"og:title\" content=\"Hydrangea arborescens \u2018Annabelle\u2019 - Cserj\u00e9s hortenzia - T\u00e1jkert\u00e9sz\" \/>\n<meta property=\"og:description\" content=\"A Hydrangea arborescens \u2018Annabelle\u2019 - Cserj\u00e9s hortenzia\u00a01-1,5 m magas, sz\u00e9les bokros cserje. Vir\u00e1gai kr\u00e9mfeh\u00e9rek 20-25 cm \u00e1tm\u00e9r\u0151j\u0171ek \u00e9s ny\u00e1ron vir\u00e1gzanak.\" \/>\n<meta property=\"og:url\" content=\"https:\/\/tajkertesz.com\/en_US\/product\/hydrangea-arborescens-annabelle-cserjes-hortenzia-2\/\" \/>\n<meta property=\"og:site_name\" content=\"T\u00e1jkert\u00e9sz\" \/>\n<meta property=\"article:publisher\" content=\"https:\/\/www.facebook.com\/Tajkertesz\/\" \/>\n<meta property=\"article:modified_time\" content=\"2026-03-23T10:33:39+00:00\" \/>\n<meta property=\"og:image\" content=\"https:\/\/tajkertesz.com\/wp-content\/uploads\/2020\/08\/Annabell2.jpg\" \/>\n\t<meta property=\"og:image:width\" content=\"638\" \/>\n\t<meta property=\"og:image:height\" content=\"1024\" \/>\n\t<meta property=\"og:image:type\" content=\"image\/jpeg\" \/>\n<meta name=\"twitter:card\" content=\"summary_large_image\" \/>\n<meta name=\"twitter:label1\" content=\"Est. reading time\" \/>\n\t<meta name=\"twitter:data1\" content=\"2 minutes\" \/>\n<script type=\"application\/ld+json\" class=\"yoast-schema-graph\">{\"@context\":\"https:\\\/\\\/schema.org\",\"@graph\":[{\"@type\":\"WebPage\",\"@id\":\"https:\\\/\\\/tajkertesz.com\\\/termek\\\/hydrangea-arborescens-annabelle-cserjes-hortenzia-2\\\/\",\"url\":\"https:\\\/\\\/tajkertesz.com\\\/termek\\\/hydrangea-arborescens-annabelle-cserjes-hortenzia-2\\\/\",\"name\":\"Hydrangea arborescens \u2018Annabelle\u2019 - Cserj\u00e9s hortenzia - T\u00e1jkert\u00e9sz\",\"isPartOf\":{\"@id\":\"https:\\\/\\\/tajkertesz.com\\\/#website\"},\"primaryImageOfPage\":{\"@id\":\"https:\\\/\\\/tajkertesz.com\\\/termek\\\/hydrangea-arborescens-annabelle-cserjes-hortenzia-2\\\/#primaryimage\"},\"image\":{\"@id\":\"https:\\\/\\\/tajkertesz.com\\\/termek\\\/hydrangea-arborescens-annabelle-cserjes-hortenzia-2\\\/#primaryimage\"},\"thumbnailUrl\":\"https:\\\/\\\/tajkertesz.com\\\/wp-content\\\/uploads\\\/2020\\\/08\\\/Annabell2.jpg\",\"datePublished\":\"2025-06-03T08:29:29+00:00\",\"dateModified\":\"2026-03-23T10:33:39+00:00\",\"description\":\"A Hydrangea arborescens \u2018Annabelle\u2019 - Cserj\u00e9s hortenzia\u00a01-1,5 m magas, sz\u00e9les bokros cserje. Vir\u00e1gai kr\u00e9mfeh\u00e9rek 20-25 cm \u00e1tm\u00e9r\u0151j\u0171ek \u00e9s ny\u00e1ron vir\u00e1gzanak.\",\"breadcrumb\":{\"@id\":\"https:\\\/\\\/tajkertesz.com\\\/termek\\\/hydrangea-arborescens-annabelle-cserjes-hortenzia-2\\\/#breadcrumb\"},\"inLanguage\":\"en-US\",\"potentialAction\":[{\"@type\":\"ReadAction\",\"target\":[\"https:\\\/\\\/tajkertesz.com\\\/termek\\\/hydrangea-arborescens-annabelle-cserjes-hortenzia-2\\\/\"]}]},{\"@type\":\"ImageObject\",\"inLanguage\":\"en-US\",\"@id\":\"https:\\\/\\\/tajkertesz.com\\\/termek\\\/hydrangea-arborescens-annabelle-cserjes-hortenzia-2\\\/#primaryimage\",\"url\":\"https:\\\/\\\/tajkertesz.com\\\/wp-content\\\/uploads\\\/2020\\\/08\\\/Annabell2.jpg\",\"contentUrl\":\"https:\\\/\\\/tajkertesz.com\\\/wp-content\\\/uploads\\\/2020\\\/08\\\/Annabell2.jpg\",\"width\":638,\"height\":1024,\"caption\":\"Hydrangea arborescens \u2018Annabelle\u2019 - Cserj\u00e9s hortenzia\"},{\"@type\":\"BreadcrumbList\",\"@id\":\"https:\\\/\\\/tajkertesz.com\\\/termek\\\/hydrangea-arborescens-annabelle-cserjes-hortenzia-2\\\/#breadcrumb\",\"itemListElement\":[{\"@type\":\"ListItem\",\"position\":1,\"name\":\"Home\",\"item\":\"https:\\\/\\\/tajkertesz.com\\\/\"},{\"@type\":\"ListItem\",\"position\":2,\"name\":\"Kezd\u0151lap\",\"item\":\"https:\\\/\\\/tajkertesz.com\\\/\"},{\"@type\":\"ListItem\",\"position\":3,\"name\":\"Hydrangea arborescens \u2018Annabelle\u2019 &#8211; Cserj\u00e9s hortenzia\"}]},{\"@type\":\"WebSite\",\"@id\":\"https:\\\/\\\/tajkertesz.com\\\/#website\",\"url\":\"https:\\\/\\\/tajkertesz.com\\\/\",\"name\":\"T\u00e1j-Kert\u00e9sz 84 Kft.\",\"description\":\"Kert\u00e9szeti kis- \u00e9s nagykeresked\u00e9s, D\u00edszn\u00f6v\u00e9ny web\u00e1ruh\u00e1z orsz\u00e1gos h\u00e1zhozsz\u00e1ll\u00edt\u00e1ssal!\",\"publisher\":{\"@id\":\"https:\\\/\\\/tajkertesz.com\\\/#organization\"},\"potentialAction\":[{\"@type\":\"SearchAction\",\"target\":{\"@type\":\"EntryPoint\",\"urlTemplate\":\"https:\\\/\\\/tajkertesz.com\\\/?s={search_term_string}\"},\"query-input\":{\"@type\":\"PropertyValueSpecification\",\"valueRequired\":true,\"valueName\":\"search_term_string\"}}],\"inLanguage\":\"en-US\"},{\"@type\":\"Organization\",\"@id\":\"https:\\\/\\\/tajkertesz.com\\\/#organization\",\"name\":\"T\u00e1j-Kert\u00e9sz 84 Kft.\",\"url\":\"https:\\\/\\\/tajkertesz.com\\\/\",\"logo\":{\"@type\":\"ImageObject\",\"inLanguage\":\"en-US\",\"@id\":\"https:\\\/\\\/tajkertesz.com\\\/#\\\/schema\\\/logo\\\/image\\\/\",\"url\":\"https:\\\/\\\/tajkertesz.com\\\/wp-content\\\/uploads\\\/2018\\\/02\\\/logo-2-e1518678052539.png\",\"contentUrl\":\"https:\\\/\\\/tajkertesz.com\\\/wp-content\\\/uploads\\\/2018\\\/02\\\/logo-2-e1518678052539.png\",\"width\":81,\"height\":140,\"caption\":\"T\u00e1j-Kert\u00e9sz 84 Kft.\"},\"image\":{\"@id\":\"https:\\\/\\\/tajkertesz.com\\\/#\\\/schema\\\/logo\\\/image\\\/\"},\"sameAs\":[\"https:\\\/\\\/www.facebook.com\\\/Tajkertesz\\\/\"]}]}<\/script>\n<!-- \/ Yoast SEO plugin. -->","yoast_head_json":{"title":"Hydrangea arborescens \u2018Annabelle\u2019 - Cserj\u00e9s hortenzia - T\u00e1jkert\u00e9sz","description":"A Hydrangea arborescens \u2018Annabelle\u2019 - Cserj\u00e9s hortenzia\u00a01-1,5 m magas, sz\u00e9les bokros cserje. Vir\u00e1gai kr\u00e9mfeh\u00e9rek 20-25 cm \u00e1tm\u00e9r\u0151j\u0171ek \u00e9s ny\u00e1ron vir\u00e1gzanak.","robots":{"index":"index","follow":"follow","max-snippet":"max-snippet:-1","max-image-preview":"max-image-preview:large","max-video-preview":"max-video-preview:-1"},"canonical":"https:\/\/tajkertesz.com\/en_US\/product\/hydrangea-arborescens-annabelle-cserjes-hortenzia-2\/","og_locale":"en_US","og_type":"article","og_title":"Hydrangea arborescens \u2018Annabelle\u2019 - Cserj\u00e9s hortenzia - T\u00e1jkert\u00e9sz","og_description":"A Hydrangea arborescens \u2018Annabelle\u2019 - Cserj\u00e9s hortenzia\u00a01-1,5 m magas, sz\u00e9les bokros cserje. Vir\u00e1gai kr\u00e9mfeh\u00e9rek 20-25 cm \u00e1tm\u00e9r\u0151j\u0171ek \u00e9s ny\u00e1ron vir\u00e1gzanak.","og_url":"https:\/\/tajkertesz.com\/en_US\/product\/hydrangea-arborescens-annabelle-cserjes-hortenzia-2\/","og_site_name":"T\u00e1jkert\u00e9sz","article_publisher":"https:\/\/www.facebook.com\/Tajkertesz\/","article_modified_time":"2026-03-23T10:33:39+00:00","og_image":[{"width":638,"height":1024,"url":"https:\/\/tajkertesz.com\/wp-content\/uploads\/2020\/08\/Annabell2.jpg","type":"image\/jpeg"}],"twitter_card":"summary_large_image","twitter_misc":{"Est. reading time":"2 minutes"},"schema":{"@context":"https:\/\/schema.org","@graph":[{"@type":"WebPage","@id":"https:\/\/tajkertesz.com\/termek\/hydrangea-arborescens-annabelle-cserjes-hortenzia-2\/","url":"https:\/\/tajkertesz.com\/termek\/hydrangea-arborescens-annabelle-cserjes-hortenzia-2\/","name":"Hydrangea arborescens \u2018Annabelle\u2019 - Cserj\u00e9s hortenzia - T\u00e1jkert\u00e9sz","isPartOf":{"@id":"https:\/\/tajkertesz.com\/#website"},"primaryImageOfPage":{"@id":"https:\/\/tajkertesz.com\/termek\/hydrangea-arborescens-annabelle-cserjes-hortenzia-2\/#primaryimage"},"image":{"@id":"https:\/\/tajkertesz.com\/termek\/hydrangea-arborescens-annabelle-cserjes-hortenzia-2\/#primaryimage"},"thumbnailUrl":"https:\/\/tajkertesz.com\/wp-content\/uploads\/2020\/08\/Annabell2.jpg","datePublished":"2025-06-03T08:29:29+00:00","dateModified":"2026-03-23T10:33:39+00:00","description":"A Hydrangea arborescens \u2018Annabelle\u2019 - Cserj\u00e9s hortenzia\u00a01-1,5 m magas, sz\u00e9les bokros cserje. Vir\u00e1gai kr\u00e9mfeh\u00e9rek 20-25 cm \u00e1tm\u00e9r\u0151j\u0171ek \u00e9s ny\u00e1ron vir\u00e1gzanak.","breadcrumb":{"@id":"https:\/\/tajkertesz.com\/termek\/hydrangea-arborescens-annabelle-cserjes-hortenzia-2\/#breadcrumb"},"inLanguage":"en-US","potentialAction":[{"@type":"ReadAction","target":["https:\/\/tajkertesz.com\/termek\/hydrangea-arborescens-annabelle-cserjes-hortenzia-2\/"]}]},{"@type":"ImageObject","inLanguage":"en-US","@id":"https:\/\/tajkertesz.com\/termek\/hydrangea-arborescens-annabelle-cserjes-hortenzia-2\/#primaryimage","url":"https:\/\/tajkertesz.com\/wp-content\/uploads\/2020\/08\/Annabell2.jpg","contentUrl":"https:\/\/tajkertesz.com\/wp-content\/uploads\/2020\/08\/Annabell2.jpg","width":638,"height":1024,"caption":"Hydrangea arborescens \u2018Annabelle\u2019 - Cserj\u00e9s hortenzia"},{"@type":"BreadcrumbList","@id":"https:\/\/tajkertesz.com\/termek\/hydrangea-arborescens-annabelle-cserjes-hortenzia-2\/#breadcrumb","itemListElement":[{"@type":"ListItem","position":1,"name":"Home","item":"https:\/\/tajkertesz.com\/"},{"@type":"ListItem","position":2,"name":"Kezd\u0151lap","item":"https:\/\/tajkertesz.com\/"},{"@type":"ListItem","position":3,"name":"Hydrangea arborescens \u2018Annabelle\u2019 &#8211; Cserj\u00e9s hortenzia"}]},{"@type":"WebSite","@id":"https:\/\/tajkertesz.com\/#website","url":"https:\/\/tajkertesz.com\/","name":"T\u00e1j-Kert\u00e9sz 84 Kft.","description":"Kert\u00e9szeti kis- \u00e9s nagykeresked\u00e9s, D\u00edszn\u00f6v\u00e9ny web\u00e1ruh\u00e1z orsz\u00e1gos h\u00e1zhozsz\u00e1ll\u00edt\u00e1ssal!","publisher":{"@id":"https:\/\/tajkertesz.com\/#organization"},"potentialAction":[{"@type":"SearchAction","target":{"@type":"EntryPoint","urlTemplate":"https:\/\/tajkertesz.com\/?s={search_term_string}"},"query-input":{"@type":"PropertyValueSpecification","valueRequired":true,"valueName":"search_term_string"}}],"inLanguage":"en-US"},{"@type":"Organization","@id":"https:\/\/tajkertesz.com\/#organization","name":"T\u00e1j-Kert\u00e9sz 84 Kft.","url":"https:\/\/tajkertesz.com\/","logo":{"@type":"ImageObject","inLanguage":"en-US","@id":"https:\/\/tajkertesz.com\/#\/schema\/logo\/image\/","url":"https:\/\/tajkertesz.com\/wp-content\/uploads\/2018\/02\/logo-2-e1518678052539.png","contentUrl":"https:\/\/tajkertesz.com\/wp-content\/uploads\/2018\/02\/logo-2-e1518678052539.png","width":81,"height":140,"caption":"T\u00e1j-Kert\u00e9sz 84 Kft."},"image":{"@id":"https:\/\/tajkertesz.com\/#\/schema\/logo\/image\/"},"sameAs":["https:\/\/www.facebook.com\/Tajkertesz\/"]}]}},"_links":{"self":[{"href":"https:\/\/tajkertesz.com\/en_US\/wp-json\/wp\/v2\/product\/20710","targetHints":{"allow":["GET"]}}],"collection":[{"href":"https:\/\/tajkertesz.com\/en_US\/wp-json\/wp\/v2\/product"}],"about":[{"href":"https:\/\/tajkertesz.com\/en_US\/wp-json\/wp\/v2\/types\/product"}],"wp:featuredmedia":[{"embeddable":true,"href":"https:\/\/tajkertesz.com\/en_US\/wp-json\/wp\/v2\/media\/2078"}],"wp:attachment":[{"href":"https:\/\/tajkertesz.com\/en_US\/wp-json\/wp\/v2\/media?parent=20710"}],"wp:term":[{"taxonomy":"product_brand","embeddable":true,"href":"https:\/\/tajkertesz.com\/en_US\/wp-json\/wp\/v2\/product_brand?post=20710"},{"taxonomy":"product_cat","embeddable":true,"href":"https:\/\/tajkertesz.com\/en_US\/wp-json\/wp\/v2\/product_cat?post=20710"},{"taxonomy":"product_tag","embeddable":true,"href":"https:\/\/tajkertesz.com\/en_US\/wp-json\/wp\/v2\/product_tag?post=20710"}],"curies":[{"name":"wp","href":"https:\/\/api.w.org\/{rel}","templated":true}]}}