{"id":20735,"date":"2024-07-24T13:50:52","date_gmt":"2024-07-24T13:50:52","guid":{"rendered":"https:\/\/tajkertesz.com\/?post_type=product&#038;p=20735"},"modified":"2026-02-13T15:46:57","modified_gmt":"2026-02-13T15:46:57","slug":"zamatos-turbolya-05-g","status":"publish","type":"product","link":"https:\/\/tajkertesz.com\/en_US\/product\/zamatos-turbolya-05-g\/","title":{"rendered":"Zamatos turbolya 0,5 g"},"content":{"rendered":"<p>Zamatos turbolya 0,5 g<\/p>\n<p>A\u00a0 Zamatos turbolya 0,5 g \u00a0francia konyha f\u0171szere. Er\u0151sen \u00e1nizs illat\u00fa, hidegt\u0171r\u0151 n\u00f6v\u00e9ny.<\/p>\n<p>&nbsp;<\/p>\n<p><strong>K\u00e9szlet\u00fcnk napi szinten v\u00e1ltozik, ez\u00e9rt k\u00e9rj\u00fck, \u00e9rdekl\u0151dj\u00f6n szem\u00e9lyesen, telefonon vagy email-en.<br \/>\nA v\u00e1ltoztat\u00e1s jog\u00e1t fenntartjuk!\u00a0<\/strong><\/p>\n<p>&nbsp;<\/p>\n<p><a href=\"https:\/\/tajkertesz.com\/\">https:\/\/tajkertesz.com\/<\/a><\/p>\n<p><a href=\"https:\/\/www.facebook.com\/tajkertesz\/\">https:\/\/www.facebook.com\/tajkertesz\/<\/a><\/p>\n<p>Kisz\u00e1ll\u00edt\u00e1s: 200cm-ig \u00a0\u00e9s 40 kg-ig a sz\u00e1ll\u00edt\u00e1s fut\u00e1rszolg\u00e1lattal \u00a0t\u00f6rt\u00e9nik.<\/p>\n<p>Szem\u00e9lyes \u00e1tv\u00e9tel nyitvatart\u00e1si id\u0151ben a 17. ker\u00fclet Bakancsos utca 7. sz\u00e1m alatti Kert\u00e9szeti \u00e1rud\u00e1nkban.<\/p>\n<p><a href=\"https:\/\/hu.wikipedia.org\/wiki\/Zamatos_turbolya\">https:\/\/hu.wikipedia.org\/wiki\/Zamatos_turbolya<\/a><\/p>\n<p>A zamatos turbolya (Anthriscus cerefolium) a turbolya (Anthriscus) nemzets\u00e9g Magyarorsz\u00e1gon leggyakoribb faja. K\u00e9t v\u00e1ltozata a termesztett var. cerefolium \u00e9s a sertesz\u0151r\u00f6s term\u00e9s\u0171 vadon \u00e9l\u0151 var. trichosperma, ennek magyar neve \u00fatsz\u00e9li turbolya.[1]. A turbolya magyar n\u00e9pies neve: illatos turbolya, olasz sal\u00e1ta, zamatos turbolya, \u00e9despetrezselyem.<\/p>\n<p>Sz\u00e1rmaz\u00e1sa, \u00e9l\u0151helye<br \/>\nAz \u00fatsz\u00e9li turbolya DK-Eur\u00f3p\u00e1t\u00f3l K\u00f6z\u00e9p-\u00c1zsi\u00e1ig \u0151shonos, egyesek szerint Magyarorsz\u00e1gon is; a termesztett v\u00e1ltozat elvadulva az eg\u00e9sz K\u00e1rp\u00e1t-medenc\u00e9ben megtal\u00e1lhat\u00f3, f\u0151leg \u00fcde ak\u00e1cosok aljn\u00f6v\u00e9nyzetek\u00e9nt.<\/p>\n<p>Jellemz\u00e9se<br \/>\nAz \u00e1nizsra eml\u00e9keztet\u0151 szag\u00fa, \u00e9desk\u00e9s \u00edz\u0171, egyny\u00e1ri n\u00f6v\u00e9nyt m\u00e1r a r\u00f3maiak is haszn\u00e1lt\u00e1k. Sz\u00e1ra 20\u201370 cm hossz\u00fa. Levele a petrezselyem z\u00f6ldj\u00e9hez hasonl\u00edt, erny\u0151s vir\u00e1gzata kis feh\u00e9r vir\u00e1gokb\u00f3l \u00e1ll. A levelek t\u00f6bbsz\u00f6r\u00f6sen sz\u00e1rnyasan \u00f6sszetettek. A lev\u00e9lh\u00fcvely \u00e9le sz\u0151r\u00f6s. A vir\u00e1gzat \u00f6sszetett erny\u0151. Gall\u00e9rlev\u00e9l nincs, csak gall\u00e9rkalevelek. A term\u00e9s \u00e9retten nem bord\u00e1s 2 r\u00e9szre hasad\u00f3 ikerkaszat. Gyors n\u00f6veked\u00e9s\u0171 n\u00f6v\u00e9ny, leveleit m\u00e1r vet\u00e9s ut\u00e1n 4\u20135 h\u00e9ttel v\u00e1ghatjuk.<\/p>\n<p>Felhaszn\u00e1l\u00e1sa<br \/>\nA zamatos turbolya francia konyha kedvelt f\u0171szere, z\u00f6lds\u00e9g- \u00e9s csontleves, baromfi\u00e9telek, m\u00e1rt\u00e1sok \u00edzes\u00edt\u0151je. Kiv\u00e1l\u00f3 m\u00e9g s\u00fclt h\u00fasok, f\u0151leg b\u00e1r\u00e1nys\u00fcltek, toj\u00e1s\u00e9telek f\u0171szerez\u00e9s\u00e9re is. Mindenf\u00e9le gomba, gomb\u00e1s \u00e9telek \u00e9s gomb\u00e1s m\u00e1rt\u00e1sok elengedhetetlen f\u0171szere. Kora tavasszal megjelen\u0151 zsenge hajt\u00e1saib\u00f3l sal\u00e1t\u00e1t is k\u00e9sz\u00edtenek, k\u00e9s\u0151bb a levelek m\u00e1r keser\u0171v\u00e9 \u00e9s r\u00e1g\u00f3ss\u00e1 v\u00e1lnak. \u00cdze er\u0151sen elt\u00e9r a petrezselyem\u00e9t\u0151l, mivel gyenge, zamatos levelei \u00e9desk\u00e9sek \u00e9s \u00e1nizsillat\u00faak \u2013 ez\u00e9rt \u00e9despetrezselyemnek is nevezik. A francia konyha \u00e1ltal haszn\u00e1lt \u201efines herbes\u201d, azaz finom f\u0171szern\u00f6v\u00e9nyek egyike.<\/p>\n","protected":false},"excerpt":{"rendered":"<p>Zamatos turbolya 0,5 g<\/p>\n<p>A\u00a0 Zamatos turbolya 0,5 g \u00a0francia konyha f\u0171szere. Er\u0151sen \u00e1nizs illat\u00fa, hidegt\u0171r\u0151 n\u00f6v\u00e9ny.<\/p>","protected":false},"featured_media":20736,"template":"","meta":{"_et_pb_use_builder":"","_et_pb_old_content":"","_et_gb_content_width":""},"product_brand":[],"product_cat":[4140],"product_tag":[1464,5219,4998],"class_list":{"0":"post-20735","1":"product","2":"type-product","3":"status-publish","4":"has-post-thumbnail","6":"product_cat-fuszernoveny-vetomagok","7":"product_tag-fuszer","8":"product_tag-turbolya","9":"product_tag-zamatos","11":"first","12":"instock","13":"shipping-taxable","14":"purchasable","15":"product-type-simple"},"yoast_head":"<!-- This site is optimized with the Yoast SEO plugin v27.5 - https:\/\/yoast.com\/product\/yoast-seo-wordpress\/ -->\n<title>Zamatos turbolya 0,5 g - T\u00e1jkert\u00e9sz<\/title>\n<meta name=\"description\" content=\"A\u00a0 Zamatos turbolya 0,5 g \u00a0francia konyha f\u0171szere. Er\u0151sen \u00e1nizs illat\u00fa, hidegt\u0171r\u0151 n\u00f6v\u00e9ny. Gyors n\u00f6veked\u00e9s\u0171 leveleit m\u00e1r vet\u00e9s ut\u00e1n 4\u20135 h\u00e9ttel v\u00e1ghatjuk.\" \/>\n<meta name=\"robots\" content=\"index, follow, max-snippet:-1, max-image-preview:large, max-video-preview:-1\" \/>\n<link rel=\"canonical\" href=\"https:\/\/tajkertesz.com\/en_US\/product\/zamatos-turbolya-05-g\/\" \/>\n<meta property=\"og:locale\" content=\"en_US\" \/>\n<meta property=\"og:type\" content=\"article\" \/>\n<meta property=\"og:title\" content=\"Zamatos turbolya 0,5 g - T\u00e1jkert\u00e9sz\" \/>\n<meta property=\"og:description\" content=\"A\u00a0 Zamatos turbolya 0,5 g \u00a0francia konyha f\u0171szere. Er\u0151sen \u00e1nizs illat\u00fa, hidegt\u0171r\u0151 n\u00f6v\u00e9ny. Gyors n\u00f6veked\u00e9s\u0171 leveleit m\u00e1r vet\u00e9s ut\u00e1n 4\u20135 h\u00e9ttel v\u00e1ghatjuk.\" \/>\n<meta property=\"og:url\" content=\"https:\/\/tajkertesz.com\/en_US\/product\/zamatos-turbolya-05-g\/\" \/>\n<meta property=\"og:site_name\" content=\"T\u00e1jkert\u00e9sz\" \/>\n<meta property=\"article:publisher\" content=\"https:\/\/www.facebook.com\/Tajkertesz\/\" \/>\n<meta property=\"article:modified_time\" content=\"2026-02-13T15:46:57+00:00\" \/>\n<meta property=\"og:image\" content=\"https:\/\/tajkertesz.com\/wp-content\/uploads\/2024\/07\/zamatos-turbolya.jpg\" \/>\n\t<meta property=\"og:image:width\" content=\"331\" \/>\n\t<meta property=\"og:image:height\" content=\"600\" \/>\n\t<meta property=\"og:image:type\" content=\"image\/jpeg\" \/>\n<meta name=\"twitter:card\" content=\"summary_large_image\" \/>\n<meta name=\"twitter:label1\" content=\"Est. reading time\" \/>\n\t<meta name=\"twitter:data1\" content=\"2 minutes\" \/>\n<script type=\"application\/ld+json\" class=\"yoast-schema-graph\">{\"@context\":\"https:\\\/\\\/schema.org\",\"@graph\":[{\"@type\":\"WebPage\",\"@id\":\"https:\\\/\\\/tajkertesz.com\\\/termek\\\/zamatos-turbolya-05-g\\\/\",\"url\":\"https:\\\/\\\/tajkertesz.com\\\/termek\\\/zamatos-turbolya-05-g\\\/\",\"name\":\"Zamatos turbolya 0,5 g - T\u00e1jkert\u00e9sz\",\"isPartOf\":{\"@id\":\"https:\\\/\\\/tajkertesz.com\\\/#website\"},\"primaryImageOfPage\":{\"@id\":\"https:\\\/\\\/tajkertesz.com\\\/termek\\\/zamatos-turbolya-05-g\\\/#primaryimage\"},\"image\":{\"@id\":\"https:\\\/\\\/tajkertesz.com\\\/termek\\\/zamatos-turbolya-05-g\\\/#primaryimage\"},\"thumbnailUrl\":\"https:\\\/\\\/tajkertesz.com\\\/wp-content\\\/uploads\\\/2024\\\/07\\\/zamatos-turbolya.jpg\",\"datePublished\":\"2024-07-24T13:50:52+00:00\",\"dateModified\":\"2026-02-13T15:46:57+00:00\",\"description\":\"A\u00a0 Zamatos turbolya 0,5 g \u00a0francia konyha f\u0171szere. Er\u0151sen \u00e1nizs illat\u00fa, hidegt\u0171r\u0151 n\u00f6v\u00e9ny. Gyors n\u00f6veked\u00e9s\u0171 leveleit m\u00e1r vet\u00e9s ut\u00e1n 4\u20135 h\u00e9ttel v\u00e1ghatjuk.\",\"breadcrumb\":{\"@id\":\"https:\\\/\\\/tajkertesz.com\\\/termek\\\/zamatos-turbolya-05-g\\\/#breadcrumb\"},\"inLanguage\":\"en-US\",\"potentialAction\":[{\"@type\":\"ReadAction\",\"target\":[\"https:\\\/\\\/tajkertesz.com\\\/termek\\\/zamatos-turbolya-05-g\\\/\"]}]},{\"@type\":\"ImageObject\",\"inLanguage\":\"en-US\",\"@id\":\"https:\\\/\\\/tajkertesz.com\\\/termek\\\/zamatos-turbolya-05-g\\\/#primaryimage\",\"url\":\"https:\\\/\\\/tajkertesz.com\\\/wp-content\\\/uploads\\\/2024\\\/07\\\/zamatos-turbolya.jpg\",\"contentUrl\":\"https:\\\/\\\/tajkertesz.com\\\/wp-content\\\/uploads\\\/2024\\\/07\\\/zamatos-turbolya.jpg\",\"width\":331,\"height\":600,\"caption\":\"Zamatos turbolya 0,5 g\"},{\"@type\":\"BreadcrumbList\",\"@id\":\"https:\\\/\\\/tajkertesz.com\\\/termek\\\/zamatos-turbolya-05-g\\\/#breadcrumb\",\"itemListElement\":[{\"@type\":\"ListItem\",\"position\":1,\"name\":\"Home\",\"item\":\"https:\\\/\\\/tajkertesz.com\\\/\"},{\"@type\":\"ListItem\",\"position\":2,\"name\":\"Kezd\u0151lap\",\"item\":\"https:\\\/\\\/tajkertesz.com\\\/\"},{\"@type\":\"ListItem\",\"position\":3,\"name\":\"Zamatos turbolya 0,5 g\"}]},{\"@type\":\"WebSite\",\"@id\":\"https:\\\/\\\/tajkertesz.com\\\/#website\",\"url\":\"https:\\\/\\\/tajkertesz.com\\\/\",\"name\":\"T\u00e1j-Kert\u00e9sz 84 Kft.\",\"description\":\"Kert\u00e9szeti kis- \u00e9s nagykeresked\u00e9s, D\u00edszn\u00f6v\u00e9ny web\u00e1ruh\u00e1z orsz\u00e1gos h\u00e1zhozsz\u00e1ll\u00edt\u00e1ssal!\",\"publisher\":{\"@id\":\"https:\\\/\\\/tajkertesz.com\\\/#organization\"},\"potentialAction\":[{\"@type\":\"SearchAction\",\"target\":{\"@type\":\"EntryPoint\",\"urlTemplate\":\"https:\\\/\\\/tajkertesz.com\\\/?s={search_term_string}\"},\"query-input\":{\"@type\":\"PropertyValueSpecification\",\"valueRequired\":true,\"valueName\":\"search_term_string\"}}],\"inLanguage\":\"en-US\"},{\"@type\":\"Organization\",\"@id\":\"https:\\\/\\\/tajkertesz.com\\\/#organization\",\"name\":\"T\u00e1j-Kert\u00e9sz 84 Kft.\",\"url\":\"https:\\\/\\\/tajkertesz.com\\\/\",\"logo\":{\"@type\":\"ImageObject\",\"inLanguage\":\"en-US\",\"@id\":\"https:\\\/\\\/tajkertesz.com\\\/#\\\/schema\\\/logo\\\/image\\\/\",\"url\":\"https:\\\/\\\/tajkertesz.com\\\/wp-content\\\/uploads\\\/2018\\\/02\\\/logo-2-e1518678052539.png\",\"contentUrl\":\"https:\\\/\\\/tajkertesz.com\\\/wp-content\\\/uploads\\\/2018\\\/02\\\/logo-2-e1518678052539.png\",\"width\":81,\"height\":140,\"caption\":\"T\u00e1j-Kert\u00e9sz 84 Kft.\"},\"image\":{\"@id\":\"https:\\\/\\\/tajkertesz.com\\\/#\\\/schema\\\/logo\\\/image\\\/\"},\"sameAs\":[\"https:\\\/\\\/www.facebook.com\\\/Tajkertesz\\\/\"]}]}<\/script>\n<!-- \/ Yoast SEO plugin. -->","yoast_head_json":{"title":"Zamatos turbolya 0,5 g - T\u00e1jkert\u00e9sz","description":"A\u00a0 Zamatos turbolya 0,5 g \u00a0francia konyha f\u0171szere. Er\u0151sen \u00e1nizs illat\u00fa, hidegt\u0171r\u0151 n\u00f6v\u00e9ny. Gyors n\u00f6veked\u00e9s\u0171 leveleit m\u00e1r vet\u00e9s ut\u00e1n 4\u20135 h\u00e9ttel v\u00e1ghatjuk.","robots":{"index":"index","follow":"follow","max-snippet":"max-snippet:-1","max-image-preview":"max-image-preview:large","max-video-preview":"max-video-preview:-1"},"canonical":"https:\/\/tajkertesz.com\/en_US\/product\/zamatos-turbolya-05-g\/","og_locale":"en_US","og_type":"article","og_title":"Zamatos turbolya 0,5 g - T\u00e1jkert\u00e9sz","og_description":"A\u00a0 Zamatos turbolya 0,5 g \u00a0francia konyha f\u0171szere. Er\u0151sen \u00e1nizs illat\u00fa, hidegt\u0171r\u0151 n\u00f6v\u00e9ny. Gyors n\u00f6veked\u00e9s\u0171 leveleit m\u00e1r vet\u00e9s ut\u00e1n 4\u20135 h\u00e9ttel v\u00e1ghatjuk.","og_url":"https:\/\/tajkertesz.com\/en_US\/product\/zamatos-turbolya-05-g\/","og_site_name":"T\u00e1jkert\u00e9sz","article_publisher":"https:\/\/www.facebook.com\/Tajkertesz\/","article_modified_time":"2026-02-13T15:46:57+00:00","og_image":[{"width":331,"height":600,"url":"https:\/\/tajkertesz.com\/wp-content\/uploads\/2024\/07\/zamatos-turbolya.jpg","type":"image\/jpeg"}],"twitter_card":"summary_large_image","twitter_misc":{"Est. reading time":"2 minutes"},"schema":{"@context":"https:\/\/schema.org","@graph":[{"@type":"WebPage","@id":"https:\/\/tajkertesz.com\/termek\/zamatos-turbolya-05-g\/","url":"https:\/\/tajkertesz.com\/termek\/zamatos-turbolya-05-g\/","name":"Zamatos turbolya 0,5 g - T\u00e1jkert\u00e9sz","isPartOf":{"@id":"https:\/\/tajkertesz.com\/#website"},"primaryImageOfPage":{"@id":"https:\/\/tajkertesz.com\/termek\/zamatos-turbolya-05-g\/#primaryimage"},"image":{"@id":"https:\/\/tajkertesz.com\/termek\/zamatos-turbolya-05-g\/#primaryimage"},"thumbnailUrl":"https:\/\/tajkertesz.com\/wp-content\/uploads\/2024\/07\/zamatos-turbolya.jpg","datePublished":"2024-07-24T13:50:52+00:00","dateModified":"2026-02-13T15:46:57+00:00","description":"A\u00a0 Zamatos turbolya 0,5 g \u00a0francia konyha f\u0171szere. Er\u0151sen \u00e1nizs illat\u00fa, hidegt\u0171r\u0151 n\u00f6v\u00e9ny. Gyors n\u00f6veked\u00e9s\u0171 leveleit m\u00e1r vet\u00e9s ut\u00e1n 4\u20135 h\u00e9ttel v\u00e1ghatjuk.","breadcrumb":{"@id":"https:\/\/tajkertesz.com\/termek\/zamatos-turbolya-05-g\/#breadcrumb"},"inLanguage":"en-US","potentialAction":[{"@type":"ReadAction","target":["https:\/\/tajkertesz.com\/termek\/zamatos-turbolya-05-g\/"]}]},{"@type":"ImageObject","inLanguage":"en-US","@id":"https:\/\/tajkertesz.com\/termek\/zamatos-turbolya-05-g\/#primaryimage","url":"https:\/\/tajkertesz.com\/wp-content\/uploads\/2024\/07\/zamatos-turbolya.jpg","contentUrl":"https:\/\/tajkertesz.com\/wp-content\/uploads\/2024\/07\/zamatos-turbolya.jpg","width":331,"height":600,"caption":"Zamatos turbolya 0,5 g"},{"@type":"BreadcrumbList","@id":"https:\/\/tajkertesz.com\/termek\/zamatos-turbolya-05-g\/#breadcrumb","itemListElement":[{"@type":"ListItem","position":1,"name":"Home","item":"https:\/\/tajkertesz.com\/"},{"@type":"ListItem","position":2,"name":"Kezd\u0151lap","item":"https:\/\/tajkertesz.com\/"},{"@type":"ListItem","position":3,"name":"Zamatos turbolya 0,5 g"}]},{"@type":"WebSite","@id":"https:\/\/tajkertesz.com\/#website","url":"https:\/\/tajkertesz.com\/","name":"T\u00e1j-Kert\u00e9sz 84 Kft.","description":"Kert\u00e9szeti kis- \u00e9s nagykeresked\u00e9s, D\u00edszn\u00f6v\u00e9ny web\u00e1ruh\u00e1z orsz\u00e1gos h\u00e1zhozsz\u00e1ll\u00edt\u00e1ssal!","publisher":{"@id":"https:\/\/tajkertesz.com\/#organization"},"potentialAction":[{"@type":"SearchAction","target":{"@type":"EntryPoint","urlTemplate":"https:\/\/tajkertesz.com\/?s={search_term_string}"},"query-input":{"@type":"PropertyValueSpecification","valueRequired":true,"valueName":"search_term_string"}}],"inLanguage":"en-US"},{"@type":"Organization","@id":"https:\/\/tajkertesz.com\/#organization","name":"T\u00e1j-Kert\u00e9sz 84 Kft.","url":"https:\/\/tajkertesz.com\/","logo":{"@type":"ImageObject","inLanguage":"en-US","@id":"https:\/\/tajkertesz.com\/#\/schema\/logo\/image\/","url":"https:\/\/tajkertesz.com\/wp-content\/uploads\/2018\/02\/logo-2-e1518678052539.png","contentUrl":"https:\/\/tajkertesz.com\/wp-content\/uploads\/2018\/02\/logo-2-e1518678052539.png","width":81,"height":140,"caption":"T\u00e1j-Kert\u00e9sz 84 Kft."},"image":{"@id":"https:\/\/tajkertesz.com\/#\/schema\/logo\/image\/"},"sameAs":["https:\/\/www.facebook.com\/Tajkertesz\/"]}]}},"_links":{"self":[{"href":"https:\/\/tajkertesz.com\/en_US\/wp-json\/wp\/v2\/product\/20735","targetHints":{"allow":["GET"]}}],"collection":[{"href":"https:\/\/tajkertesz.com\/en_US\/wp-json\/wp\/v2\/product"}],"about":[{"href":"https:\/\/tajkertesz.com\/en_US\/wp-json\/wp\/v2\/types\/product"}],"wp:featuredmedia":[{"embeddable":true,"href":"https:\/\/tajkertesz.com\/en_US\/wp-json\/wp\/v2\/media\/20736"}],"wp:attachment":[{"href":"https:\/\/tajkertesz.com\/en_US\/wp-json\/wp\/v2\/media?parent=20735"}],"wp:term":[{"taxonomy":"product_brand","embeddable":true,"href":"https:\/\/tajkertesz.com\/en_US\/wp-json\/wp\/v2\/product_brand?post=20735"},{"taxonomy":"product_cat","embeddable":true,"href":"https:\/\/tajkertesz.com\/en_US\/wp-json\/wp\/v2\/product_cat?post=20735"},{"taxonomy":"product_tag","embeddable":true,"href":"https:\/\/tajkertesz.com\/en_US\/wp-json\/wp\/v2\/product_tag?post=20735"}],"curies":[{"name":"wp","href":"https:\/\/api.w.org\/{rel}","templated":true}]}}