{"id":20744,"date":"2024-07-24T14:58:16","date_gmt":"2024-07-24T14:58:16","guid":{"rendered":"https:\/\/tajkertesz.com\/?post_type=product&#038;p=20744"},"modified":"2025-09-01T08:32:28","modified_gmt":"2025-09-01T08:32:28","slug":"hydrocyklon-homoklevalaszto-szuro-1-5bar-max-alfa-turbo","status":"publish","type":"product","link":"https:\/\/tajkertesz.com\/en_US\/product\/hydrocyklon-homoklevalaszto-szuro-1-5bar-max-alfa-turbo\/","title":{"rendered":"Hydrocyklon homoklev\u00e1laszt\u00f3 sz\u0171r\u0151 1&#8243; 5BAR max alfa turbo"},"content":{"rendered":"<h1 class=\"page-head-title product-page-head-title position-relative\"><span class=\"product-page-product-name\">Hydrocyklon homoklev\u00e1laszt\u00f3 sz\u0171r\u0151 1&#8243; 5BAR max alfa turbo<\/span><\/h1>\n<p class=\"page-head-title product-page-head-title position-relative\"><span class=\"product-page-product-name\">Hydrocyklon homoklev\u00e1laszt\u00f3 sz\u0171r\u0151 1&#8243; 5BAR max alfa turbo<\/span><\/p>\n<p><strong>Sz\u0171r\u0151Hidrociklon homoklev\u00e1laszt\u00f3 1&#8243; 5bar max.<\/strong><\/p>\n<p>A homoklev\u00e1laszt\u00f3 ciklon a nagyobb homoktartalm\u00fa vizek durva tiszt\u00edt\u00e1s\u00e1ra haszn\u00e1lhat\u00f3. Minden esetben a szivatty\u00fa ut\u00e1n kell bek\u00f6tni. Mivel a hidrociklon nem sz\u0171ri ki teljes m\u00e9rt\u00e9kben a homokot, finomsz\u0171r\u0151 haszn\u00e1lata javasolt.<\/p>\n<p>A homoklev\u00e1laszt\u00f3 ciklon fels\u0151 r\u00e9sz\u00e9n tal\u00e1lhat\u00f3 v\u00edzszintes bevezet\u0151 ny\u00edl\u00e1son \u00e1ramlik be a homokkal terhelt v\u00edz, a ciklon bels\u0151 fal\u00e1ra \u00e9rint\u0151legesen. Ezut\u00e1n egy \u00f6rv\u00e9nyl\u0151 mozg\u00e1ssal elindul a sz\u0171r\u0151 alja fel\u00e9. Az a homokszemcs\u00e9k a r\u00e1juk hat\u00f3 er\u0151k miatt kicsap\u00f3dnak a ciklon fal\u00e1ra \u00e9s \u00f6sszegy\u0171lnek az als\u00f3 r\u00e9szben. A tiszt\u00edtott v\u00edz a sz\u0171r\u0151 tetej\u00e9n elhelyezett kivezet\u0151 ny\u00edl\u00e1son \u00e1t t\u00e1vozik, a homokot pedig az als\u00f3 \u00fcr\u00edt\u0151ny\u00edl\u00e1son kereszt\u00fcl moshatjuk ki bel\u0151le.<\/p>\n<p>A hat\u00e9kony m\u0171k\u00f6d\u00e9s \u00e9rdek\u00e9ben aj\u00e1nlott legal\u00e1bb 40-50 l\/perces v\u00edzhozam.<\/p>\n<p><strong>M\u0171szaki jellemz\u0151k:<\/strong><\/p>\n<ul>\n<li>Teljes magass\u00e1g 39 cm<\/li>\n<li>Teljes hossz (csap n\u00e9lk\u00fcl) 22cm<\/li>\n<li>Max. nyom\u00e1s 5bar<\/li>\n<li>Max. \u00e1tereszt\u0151k\u00e9pess\u00e9g 120 l\/min<\/li>\n<li>Min. javasolt v\u00edzmennyis\u00e9g 40 l\/min<\/li>\n<\/ul>\n<p>&nbsp;<\/p>\n<p>El\u00e9rhet\u0151 t\u00f6bbf\u00e9le m\u00e9retben \u00e9s \u00e1rban.<\/p>\n<p><strong>K\u00e9szlet\u00fcnk napi szinten v\u00e1ltozik, ez\u00e9rt k\u00e9rj\u00fck, \u00e9rdekl\u0151dj\u00f6n szem\u00e9lyesen, telefonon vagy email-en.<br \/>\nA v\u00e1ltoztat\u00e1s jog\u00e1t fenntartjuk!\u00a0<\/strong><\/p>\n<p><a href=\"https:\/\/tajkertesz.com\/\">https:\/\/tajkertesz.com\/<\/a><\/p>\n<p><a href=\"https:\/\/www.facebook.com\/tajkertesz\/\">https:\/\/www.facebook.com\/tajkertesz\/<\/a><\/p>\n<p>Kisz\u00e1ll\u00edt\u00e1s: 200cm-ig \u00a0\u00e9s 40 kg-ig a sz\u00e1ll\u00edt\u00e1s fut\u00e1rszolg\u00e1lattal \u00a0t\u00f6rt\u00e9nik.<\/p>\n<p>Szem\u00e9lyes \u00e1tv\u00e9tel nyitvatart\u00e1si id\u0151ben a 17. ker\u00fclet Bakancsos utca 7. sz\u00e1m alatti Kert\u00e9szeti \u00e1rud\u00e1nkban.<\/p>\n<p>&nbsp;<\/p>","protected":false},"excerpt":{"rendered":"<p>A homoklev\u00e1laszt\u00f3 ciklon a nagyobb homoktartalm\u00fa vizek durva tiszt\u00edt\u00e1s\u00e1ra haszn\u00e1lhat\u00f3.<\/p>","protected":false},"featured_media":20747,"template":"","meta":{"_et_pb_use_builder":"","_et_pb_old_content":"","_et_gb_content_width":""},"product_brand":[],"product_cat":[4234],"product_tag":[5229,5231,4023,5230],"class_list":{"0":"post-20744","1":"product","2":"type-product","3":"status-publish","4":"has-post-thumbnail","6":"product_cat-egyeb-szerelvenyek","7":"product_tag-hdrociklon","8":"product_tag-homoklevalaszto","9":"product_tag-szuro","10":"product_tag-vizszuro","12":"first","13":"outofstock","14":"shipping-taxable","15":"purchasable","16":"product-type-simple"},"yoast_head":"<!-- This site is optimized with the Yoast SEO plugin v27.5 - https:\/\/yoast.com\/product\/yoast-seo-wordpress\/ -->\n<title>Hydrocyklon homoklev\u00e1laszt\u00f3 sz\u0171r\u0151 1&quot; 5BAR max alfa turbo - T\u00e1jkert\u00e9sz<\/title>\n<meta name=\"description\" content=\"Hydrocyklon homoklev\u00e1laszt\u00f3 sz\u0171r\u0151 1&quot; 5BAR max alfa turbo. A homoklev\u00e1laszt\u00f3 ciklon a nagyobb homoktartalm\u00fa vizek durva tiszt\u00edt\u00e1s\u00e1ra haszn\u00e1lhat\u00f3.\" \/>\n<meta name=\"robots\" content=\"index, follow, max-snippet:-1, max-image-preview:large, max-video-preview:-1\" \/>\n<link rel=\"canonical\" href=\"https:\/\/tajkertesz.com\/en_US\/product\/hydrocyklon-homoklevalaszto-szuro-1-5bar-max-alfa-turbo\/\" \/>\n<meta property=\"og:locale\" content=\"en_US\" \/>\n<meta property=\"og:type\" content=\"article\" \/>\n<meta property=\"og:title\" content=\"Hydrocyklon homoklev\u00e1laszt\u00f3 sz\u0171r\u0151 1&quot; 5BAR max alfa turbo - T\u00e1jkert\u00e9sz\" \/>\n<meta property=\"og:description\" content=\"Hydrocyklon homoklev\u00e1laszt\u00f3 sz\u0171r\u0151 1&quot; 5BAR max alfa turbo. A homoklev\u00e1laszt\u00f3 ciklon a nagyobb homoktartalm\u00fa vizek durva tiszt\u00edt\u00e1s\u00e1ra haszn\u00e1lhat\u00f3.\" \/>\n<meta property=\"og:url\" content=\"https:\/\/tajkertesz.com\/en_US\/product\/hydrocyklon-homoklevalaszto-szuro-1-5bar-max-alfa-turbo\/\" \/>\n<meta property=\"og:site_name\" content=\"T\u00e1jkert\u00e9sz\" \/>\n<meta property=\"article:publisher\" content=\"https:\/\/www.facebook.com\/Tajkertesz\/\" \/>\n<meta property=\"article:modified_time\" content=\"2025-09-01T08:32:28+00:00\" \/>\n<meta property=\"og:image\" content=\"https:\/\/tajkertesz.com\/wp-content\/uploads\/2024\/07\/muanyag-hidrociklon-1000-1000.jpg.webp\" \/>\n\t<meta property=\"og:image:width\" content=\"900\" \/>\n\t<meta property=\"og:image:height\" content=\"900\" \/>\n\t<meta property=\"og:image:type\" content=\"image\/webp\" \/>\n<meta name=\"twitter:card\" content=\"summary_large_image\" \/>\n<meta name=\"twitter:label1\" content=\"Est. reading time\" \/>\n\t<meta name=\"twitter:data1\" content=\"2 minutes\" \/>\n<script type=\"application\/ld+json\" class=\"yoast-schema-graph\">{\"@context\":\"https:\\\/\\\/schema.org\",\"@graph\":[{\"@type\":\"WebPage\",\"@id\":\"https:\\\/\\\/tajkertesz.com\\\/termek\\\/hydrocyklon-homoklevalaszto-szuro-1-5bar-max-alfa-turbo\\\/\",\"url\":\"https:\\\/\\\/tajkertesz.com\\\/termek\\\/hydrocyklon-homoklevalaszto-szuro-1-5bar-max-alfa-turbo\\\/\",\"name\":\"Hydrocyklon homoklev\u00e1laszt\u00f3 sz\u0171r\u0151 1\\\" 5BAR max alfa turbo - T\u00e1jkert\u00e9sz\",\"isPartOf\":{\"@id\":\"https:\\\/\\\/tajkertesz.com\\\/#website\"},\"primaryImageOfPage\":{\"@id\":\"https:\\\/\\\/tajkertesz.com\\\/termek\\\/hydrocyklon-homoklevalaszto-szuro-1-5bar-max-alfa-turbo\\\/#primaryimage\"},\"image\":{\"@id\":\"https:\\\/\\\/tajkertesz.com\\\/termek\\\/hydrocyklon-homoklevalaszto-szuro-1-5bar-max-alfa-turbo\\\/#primaryimage\"},\"thumbnailUrl\":\"https:\\\/\\\/tajkertesz.com\\\/wp-content\\\/uploads\\\/2024\\\/07\\\/muanyag-hidrociklon-1000-1000.jpg.webp\",\"datePublished\":\"2024-07-24T14:58:16+00:00\",\"dateModified\":\"2025-09-01T08:32:28+00:00\",\"description\":\"Hydrocyklon homoklev\u00e1laszt\u00f3 sz\u0171r\u0151 1\\\" 5BAR max alfa turbo. A homoklev\u00e1laszt\u00f3 ciklon a nagyobb homoktartalm\u00fa vizek durva tiszt\u00edt\u00e1s\u00e1ra haszn\u00e1lhat\u00f3.\",\"breadcrumb\":{\"@id\":\"https:\\\/\\\/tajkertesz.com\\\/termek\\\/hydrocyklon-homoklevalaszto-szuro-1-5bar-max-alfa-turbo\\\/#breadcrumb\"},\"inLanguage\":\"en-US\",\"potentialAction\":[{\"@type\":\"ReadAction\",\"target\":[\"https:\\\/\\\/tajkertesz.com\\\/termek\\\/hydrocyklon-homoklevalaszto-szuro-1-5bar-max-alfa-turbo\\\/\"]}]},{\"@type\":\"ImageObject\",\"inLanguage\":\"en-US\",\"@id\":\"https:\\\/\\\/tajkertesz.com\\\/termek\\\/hydrocyklon-homoklevalaszto-szuro-1-5bar-max-alfa-turbo\\\/#primaryimage\",\"url\":\"https:\\\/\\\/tajkertesz.com\\\/wp-content\\\/uploads\\\/2024\\\/07\\\/muanyag-hidrociklon-1000-1000.jpg.webp\",\"contentUrl\":\"https:\\\/\\\/tajkertesz.com\\\/wp-content\\\/uploads\\\/2024\\\/07\\\/muanyag-hidrociklon-1000-1000.jpg.webp\",\"width\":900,\"height\":900},{\"@type\":\"BreadcrumbList\",\"@id\":\"https:\\\/\\\/tajkertesz.com\\\/termek\\\/hydrocyklon-homoklevalaszto-szuro-1-5bar-max-alfa-turbo\\\/#breadcrumb\",\"itemListElement\":[{\"@type\":\"ListItem\",\"position\":1,\"name\":\"Home\",\"item\":\"https:\\\/\\\/tajkertesz.com\\\/\"},{\"@type\":\"ListItem\",\"position\":2,\"name\":\"Kezd\u0151lap\",\"item\":\"https:\\\/\\\/tajkertesz.com\\\/\"},{\"@type\":\"ListItem\",\"position\":3,\"name\":\"Hydrocyklon homoklev\u00e1laszt\u00f3 sz\u0171r\u0151 1&#8243; 5BAR max alfa turbo\"}]},{\"@type\":\"WebSite\",\"@id\":\"https:\\\/\\\/tajkertesz.com\\\/#website\",\"url\":\"https:\\\/\\\/tajkertesz.com\\\/\",\"name\":\"T\u00e1j-Kert\u00e9sz 84 Kft.\",\"description\":\"Kert\u00e9szeti kis- \u00e9s nagykeresked\u00e9s, D\u00edszn\u00f6v\u00e9ny web\u00e1ruh\u00e1z orsz\u00e1gos h\u00e1zhozsz\u00e1ll\u00edt\u00e1ssal!\",\"publisher\":{\"@id\":\"https:\\\/\\\/tajkertesz.com\\\/#organization\"},\"potentialAction\":[{\"@type\":\"SearchAction\",\"target\":{\"@type\":\"EntryPoint\",\"urlTemplate\":\"https:\\\/\\\/tajkertesz.com\\\/?s={search_term_string}\"},\"query-input\":{\"@type\":\"PropertyValueSpecification\",\"valueRequired\":true,\"valueName\":\"search_term_string\"}}],\"inLanguage\":\"en-US\"},{\"@type\":\"Organization\",\"@id\":\"https:\\\/\\\/tajkertesz.com\\\/#organization\",\"name\":\"T\u00e1j-Kert\u00e9sz 84 Kft.\",\"url\":\"https:\\\/\\\/tajkertesz.com\\\/\",\"logo\":{\"@type\":\"ImageObject\",\"inLanguage\":\"en-US\",\"@id\":\"https:\\\/\\\/tajkertesz.com\\\/#\\\/schema\\\/logo\\\/image\\\/\",\"url\":\"https:\\\/\\\/tajkertesz.com\\\/wp-content\\\/uploads\\\/2018\\\/02\\\/logo-2-e1518678052539.png\",\"contentUrl\":\"https:\\\/\\\/tajkertesz.com\\\/wp-content\\\/uploads\\\/2018\\\/02\\\/logo-2-e1518678052539.png\",\"width\":81,\"height\":140,\"caption\":\"T\u00e1j-Kert\u00e9sz 84 Kft.\"},\"image\":{\"@id\":\"https:\\\/\\\/tajkertesz.com\\\/#\\\/schema\\\/logo\\\/image\\\/\"},\"sameAs\":[\"https:\\\/\\\/www.facebook.com\\\/Tajkertesz\\\/\"]}]}<\/script>\n<!-- \/ Yoast SEO plugin. -->","yoast_head_json":{"title":"Hydrocyklon homoklev\u00e1laszt\u00f3 sz\u0171r\u0151 1\" 5BAR max alfa turbo - T\u00e1jkert\u00e9sz","description":"Hydrocyklon homoklev\u00e1laszt\u00f3 sz\u0171r\u0151 1\" 5BAR max alfa turbo. A homoklev\u00e1laszt\u00f3 ciklon a nagyobb homoktartalm\u00fa vizek durva tiszt\u00edt\u00e1s\u00e1ra haszn\u00e1lhat\u00f3.","robots":{"index":"index","follow":"follow","max-snippet":"max-snippet:-1","max-image-preview":"max-image-preview:large","max-video-preview":"max-video-preview:-1"},"canonical":"https:\/\/tajkertesz.com\/en_US\/product\/hydrocyklon-homoklevalaszto-szuro-1-5bar-max-alfa-turbo\/","og_locale":"en_US","og_type":"article","og_title":"Hydrocyklon homoklev\u00e1laszt\u00f3 sz\u0171r\u0151 1\" 5BAR max alfa turbo - T\u00e1jkert\u00e9sz","og_description":"Hydrocyklon homoklev\u00e1laszt\u00f3 sz\u0171r\u0151 1\" 5BAR max alfa turbo. A homoklev\u00e1laszt\u00f3 ciklon a nagyobb homoktartalm\u00fa vizek durva tiszt\u00edt\u00e1s\u00e1ra haszn\u00e1lhat\u00f3.","og_url":"https:\/\/tajkertesz.com\/en_US\/product\/hydrocyklon-homoklevalaszto-szuro-1-5bar-max-alfa-turbo\/","og_site_name":"T\u00e1jkert\u00e9sz","article_publisher":"https:\/\/www.facebook.com\/Tajkertesz\/","article_modified_time":"2025-09-01T08:32:28+00:00","og_image":[{"width":900,"height":900,"url":"https:\/\/tajkertesz.com\/wp-content\/uploads\/2024\/07\/muanyag-hidrociklon-1000-1000.jpg.webp","type":"image\/webp"}],"twitter_card":"summary_large_image","twitter_misc":{"Est. reading time":"2 minutes"},"schema":{"@context":"https:\/\/schema.org","@graph":[{"@type":"WebPage","@id":"https:\/\/tajkertesz.com\/termek\/hydrocyklon-homoklevalaszto-szuro-1-5bar-max-alfa-turbo\/","url":"https:\/\/tajkertesz.com\/termek\/hydrocyklon-homoklevalaszto-szuro-1-5bar-max-alfa-turbo\/","name":"Hydrocyklon homoklev\u00e1laszt\u00f3 sz\u0171r\u0151 1\" 5BAR max alfa turbo - T\u00e1jkert\u00e9sz","isPartOf":{"@id":"https:\/\/tajkertesz.com\/#website"},"primaryImageOfPage":{"@id":"https:\/\/tajkertesz.com\/termek\/hydrocyklon-homoklevalaszto-szuro-1-5bar-max-alfa-turbo\/#primaryimage"},"image":{"@id":"https:\/\/tajkertesz.com\/termek\/hydrocyklon-homoklevalaszto-szuro-1-5bar-max-alfa-turbo\/#primaryimage"},"thumbnailUrl":"https:\/\/tajkertesz.com\/wp-content\/uploads\/2024\/07\/muanyag-hidrociklon-1000-1000.jpg.webp","datePublished":"2024-07-24T14:58:16+00:00","dateModified":"2025-09-01T08:32:28+00:00","description":"Hydrocyklon homoklev\u00e1laszt\u00f3 sz\u0171r\u0151 1\" 5BAR max alfa turbo. A homoklev\u00e1laszt\u00f3 ciklon a nagyobb homoktartalm\u00fa vizek durva tiszt\u00edt\u00e1s\u00e1ra haszn\u00e1lhat\u00f3.","breadcrumb":{"@id":"https:\/\/tajkertesz.com\/termek\/hydrocyklon-homoklevalaszto-szuro-1-5bar-max-alfa-turbo\/#breadcrumb"},"inLanguage":"en-US","potentialAction":[{"@type":"ReadAction","target":["https:\/\/tajkertesz.com\/termek\/hydrocyklon-homoklevalaszto-szuro-1-5bar-max-alfa-turbo\/"]}]},{"@type":"ImageObject","inLanguage":"en-US","@id":"https:\/\/tajkertesz.com\/termek\/hydrocyklon-homoklevalaszto-szuro-1-5bar-max-alfa-turbo\/#primaryimage","url":"https:\/\/tajkertesz.com\/wp-content\/uploads\/2024\/07\/muanyag-hidrociklon-1000-1000.jpg.webp","contentUrl":"https:\/\/tajkertesz.com\/wp-content\/uploads\/2024\/07\/muanyag-hidrociklon-1000-1000.jpg.webp","width":900,"height":900},{"@type":"BreadcrumbList","@id":"https:\/\/tajkertesz.com\/termek\/hydrocyklon-homoklevalaszto-szuro-1-5bar-max-alfa-turbo\/#breadcrumb","itemListElement":[{"@type":"ListItem","position":1,"name":"Home","item":"https:\/\/tajkertesz.com\/"},{"@type":"ListItem","position":2,"name":"Kezd\u0151lap","item":"https:\/\/tajkertesz.com\/"},{"@type":"ListItem","position":3,"name":"Hydrocyklon homoklev\u00e1laszt\u00f3 sz\u0171r\u0151 1&#8243; 5BAR max alfa turbo"}]},{"@type":"WebSite","@id":"https:\/\/tajkertesz.com\/#website","url":"https:\/\/tajkertesz.com\/","name":"T\u00e1j-Kert\u00e9sz 84 Kft.","description":"Kert\u00e9szeti kis- \u00e9s nagykeresked\u00e9s, D\u00edszn\u00f6v\u00e9ny web\u00e1ruh\u00e1z orsz\u00e1gos h\u00e1zhozsz\u00e1ll\u00edt\u00e1ssal!","publisher":{"@id":"https:\/\/tajkertesz.com\/#organization"},"potentialAction":[{"@type":"SearchAction","target":{"@type":"EntryPoint","urlTemplate":"https:\/\/tajkertesz.com\/?s={search_term_string}"},"query-input":{"@type":"PropertyValueSpecification","valueRequired":true,"valueName":"search_term_string"}}],"inLanguage":"en-US"},{"@type":"Organization","@id":"https:\/\/tajkertesz.com\/#organization","name":"T\u00e1j-Kert\u00e9sz 84 Kft.","url":"https:\/\/tajkertesz.com\/","logo":{"@type":"ImageObject","inLanguage":"en-US","@id":"https:\/\/tajkertesz.com\/#\/schema\/logo\/image\/","url":"https:\/\/tajkertesz.com\/wp-content\/uploads\/2018\/02\/logo-2-e1518678052539.png","contentUrl":"https:\/\/tajkertesz.com\/wp-content\/uploads\/2018\/02\/logo-2-e1518678052539.png","width":81,"height":140,"caption":"T\u00e1j-Kert\u00e9sz 84 Kft."},"image":{"@id":"https:\/\/tajkertesz.com\/#\/schema\/logo\/image\/"},"sameAs":["https:\/\/www.facebook.com\/Tajkertesz\/"]}]}},"_links":{"self":[{"href":"https:\/\/tajkertesz.com\/en_US\/wp-json\/wp\/v2\/product\/20744","targetHints":{"allow":["GET"]}}],"collection":[{"href":"https:\/\/tajkertesz.com\/en_US\/wp-json\/wp\/v2\/product"}],"about":[{"href":"https:\/\/tajkertesz.com\/en_US\/wp-json\/wp\/v2\/types\/product"}],"wp:featuredmedia":[{"embeddable":true,"href":"https:\/\/tajkertesz.com\/en_US\/wp-json\/wp\/v2\/media\/20747"}],"wp:attachment":[{"href":"https:\/\/tajkertesz.com\/en_US\/wp-json\/wp\/v2\/media?parent=20744"}],"wp:term":[{"taxonomy":"product_brand","embeddable":true,"href":"https:\/\/tajkertesz.com\/en_US\/wp-json\/wp\/v2\/product_brand?post=20744"},{"taxonomy":"product_cat","embeddable":true,"href":"https:\/\/tajkertesz.com\/en_US\/wp-json\/wp\/v2\/product_cat?post=20744"},{"taxonomy":"product_tag","embeddable":true,"href":"https:\/\/tajkertesz.com\/en_US\/wp-json\/wp\/v2\/product_tag?post=20744"}],"curies":[{"name":"wp","href":"https:\/\/api.w.org\/{rel}","templated":true}]}}