{"id":20755,"date":"2024-07-26T11:47:21","date_gmt":"2024-07-26T11:47:21","guid":{"rendered":"https:\/\/tajkertesz.com\/?post_type=product&#038;p=20755"},"modified":"2026-02-13T15:44:32","modified_gmt":"2026-02-13T15:44:32","slug":"mehdoktor-egynyari-viragkeverek","status":"publish","type":"product","link":"https:\/\/tajkertesz.com\/en_US\/product\/mehdoktor-egynyari-viragkeverek\/","title":{"rendered":"M\u00e9hDoktor &#8211; Egyny\u00e1ri vir\u00e1gkever\u00e9k"},"content":{"rendered":"<h1>M\u00e9hdoktor &#8211; Egyny\u00e1ri vir\u00e1gkever\u00e9k<\/h1>\n<p>R\u00e9dei Kertimag<\/p>\n<p>M\u00e9hdoktor &#8211; Egyny\u00e1ri vir\u00e1gkever\u00e9k &#8211; A vir\u00e1gos n\u00f6v\u00e9nyek legfontosabb\u00a0 beporz\u00f3i a m\u00e9hek (h\u00e1zi m\u00e9h, poszm\u00e9hek) dong\u00f3k, lepk\u00e9k. A tasakban l\u00e9v\u0151 magvak elvet\u00e9s\u00e9vel \u00d6n is seg\u00edtheti ezeknek a hasznos rovaroknak a t\u00fal\u00e9l\u00e9s\u00e9t.<\/p>\n<p>Az emberis\u00e9g t\u00e1pl\u00e1l\u00e9k\u00e1nak egyharmada a m\u00e9hek seg\u00edts\u00e9g\u00e9vel j\u00f6n l\u00e9tre. A vil\u00e1gm\u00e9ret\u0171v\u00e9 v\u00e1l\u00f3 m\u00e9hpusztul\u00e1s vesz\u00e9lybe sodorja a n\u00f6v\u00e9nyek beporz\u00e1s\u00e1t, ez\u00e1ltal a term\u00e9st is. A m\u00e9hek napjainkban az ember seg\u00edts\u00e9g\u00e9re szorulnak, hiszen a mez\u0151gazdas\u00e1gi monokult\u00far\u00e1k terjed\u00e9s\u00e9vel egyre kevesebb vir\u00e1gporhoz jutnak. A 60-120 cm-re n\u00f6v\u0151 M\u00e9hdoktor vir\u00e1gkever\u00e9k eg\u00e9sz \u00e9vben t\u00e1pl\u00e1l\u00e9kot ny\u00fajt v\u00e9denceinknek. Vessen ebb\u0151l a vir\u00e1gmagkever\u00e9kb\u0151l kertj\u00e9nek egy napf\u00e9nyes sark\u00e1ba, hogy a m\u00e9hek \u00e9s m\u00e1s hasznos rovarok, lepk\u00e9k, poszm\u00e9hek pollent \u00e9s nekt\u00e1rt tal\u00e1lhassanak. Haszn\u00e1lat\u00e1val a k\u00e1rtev\u0151k term\u00e9szetes ellens\u00e9geinek a megteleped\u00e9s\u00e9t szint\u00e9n seg\u00edti. A telep\u00edt\u00e9st \u00f6nt\u00f6zze rendszeresen a b\u0151s\u00e9ges nekt\u00e1rhozam \u00e9rdek\u00e9ben. \u0150sszel dolgozza al\u00e1 a talajba, ezzel is seg\u00edtve a talaj humuszk\u00e9szlet\u00e9t. Az elvetett vir\u00e1gok magot hozhatnak, amelyek a k\u00f6vetkez\u0151 \u00e9vben magukt\u00f3l is cs\u00edr\u00e1zhatnak.<\/p>\n<p>Tipp: K\u00e9sz\u00edtsen egy kora \u0151szi napon &#8222;rovarhotelt&#8221; n\u00e1db\u00f3l, lyukacsos t\u00e9gl\u00e1b\u00f3l, agyagcser\u00e9pb\u0151l \u00e9s \u00e1gakb\u00f3l a\u00a0 kert egy nyugodt sark\u00e1ba. A rovarhotel \u00e9p\u00edt\u00e9s\u00e9be vonja be gyermekeit, unok\u00e1it is, akik sz\u00e1m\u00e1ra ez egy kreat\u00edv \u00e9s tanuls\u00e1gos tev\u00e9kenys\u00e9g.<\/p>\n<p>Vet\u00e9s: napf\u00e9nyes, j\u00f3l \u00e1tmunk\u00e1lt talajba.\u00a0 A tasak tartalma 3-4m2-re elegend\u0151.<\/p>\n<p>Vet\u00e9s ideje: \u00e1prilist\u00f3l-j\u00faniusig. Sz\u00f3rjuk ki egyenletesen a vet\u0151magokat. A vet\u00e9st kel\u00e9sig tartsuk nedvesen.<\/p>\n<p>\u00d6sszet\u00e9tel: fac\u00e9lia, k\u00f6r\u00f6mvir\u00e1g, b\u00fazavir\u00e1g, menyecskeszem, kaliforniai kakukkm\u00e1k, kapor, d\u00edszm\u00e1k.<\/p>\n<div class=\"woocommerce-tabs wc-tabs-wrapper\">\n<div id=\"tab-description\" class=\"woocommerce-Tabs-panel woocommerce-Tabs-panel--description panel entry-content wc-tab\" role=\"tabpanel\" aria-labelledby=\"tab-title-description\">\n<p><strong>K\u00e9szlet\u00fcnk napi szinten v\u00e1ltozik, ez\u00e9rt k\u00e9rj\u00fck, \u00e9rdekl\u0151dj\u00f6n szem\u00e9lyesen, telefonon vagy email-en.<br \/>\nA v\u00e1ltoztat\u00e1s jog\u00e1t fenntartjuk!\u00a0<\/strong><\/p>\n<p><a href=\"https:\/\/tajkertesz.com\/\">https:\/\/tajkertesz.com\/<\/a><\/p>\n<p><a href=\"https:\/\/www.facebook.com\/tajkertesz\/\">https:\/\/www.facebook.com\/tajkertesz\/<\/a><\/p>\n<p>Kisz\u00e1ll\u00edt\u00e1s: 200cm-ig \u00a0\u00e9s 40 kg-ig a sz\u00e1ll\u00edt\u00e1s fut\u00e1rszolg\u00e1lattal \u00a0t\u00f6rt\u00e9nik!<\/p>\n<p>Szem\u00e9lyes \u00e1tv\u00e9tel nyitvatart\u00e1si id\u0151ben a 17. ker\u00fclet Bakancsos utca 7. sz\u00e1m alatti Kert\u00e9szeti \u00e1rud\u00e1ban<\/p>\n<p>&nbsp;<\/p>\n<p>Szem\u00e9lyes \u00e1tv\u00e9tel ak\u00e1r a mai napon, vagy h\u00e1zhozsz\u00e1ll\u00edt\u00e1s 1-2 napon bel\u00fcl!<\/p>\n<p>&nbsp;<\/p>\n<p>1173.Bp.Bakancsos u.7.<\/p>\n<p><a href=\"https:\/\/www.tajkertesz.com\/\">www.tajkertesz.com<\/a><\/p>\n<p>Kert\u00e9szeti kis-\u00e9s nagykeresked\u00e9s<\/p>\n<\/div>\n<\/div>\n<p>&nbsp;<\/p>","protected":false},"excerpt":{"rendered":"<p>Vet\u00e9s: napf\u00e9nyes, j\u00f3l \u00e1tmunk\u00e1lt talajba.\u00a0 A tasak tartalma 3-4m2-re elegend\u0151.<\/p>\n<p>Vet\u00e9s ideje: \u00e1prilist\u00f3l-j\u00faniusig. Sz\u00f3rjuk ki egyenletesen a vet\u0151magokat. A vet\u00e9st kel\u00e9sig tartsuk nedvesen.<\/p>\n<p>\u00d6sszet\u00e9tel: fac\u00e9lia, k\u00f6r\u00f6mvir\u00e1g, b\u00fazavir\u00e1g, menyecskeszem, kaliforniai kakukkm\u00e1k, kapor, d\u00edszm\u00e1k.<\/p>\n<div class=\"woocommerce-tabs wc-tabs-wrapper\">\n<div id=\"tab-description\" class=\"woocommerce-Tabs-panel woocommerce-Tabs-panel--description panel entry-content wc-tab\" role=\"tabpanel\" aria-labelledby=\"tab-title-description\">\n<p><strong>K\u00e9szlet\u00fcnk napi szinten v\u00e1ltozik, ez\u00e9rt k\u00e9rj\u00fck, \u00e9rdekl\u0151dj\u00f6n szem\u00e9lyesen, telefonon vagy email-en.<br \/>\nA v\u00e1ltoztat\u00e1s jog\u00e1t fenntartjuk!\u00a0<\/strong><\/p>\n<p><a href=\"https:\/\/tajkertesz.com\/\">https:\/\/tajkertesz.com\/<\/a><\/p>\n<p><a href=\"https:\/\/www.facebook.com\/tajkertesz\/\">https:\/\/www.facebook.com\/tajkertesz\/<\/a><\/p>\n<p>Kisz\u00e1ll\u00edt\u00e1s: 200cm-ig \u00a0\u00e9s 40 kg-ig a sz\u00e1ll\u00edt\u00e1s fut\u00e1rszolg\u00e1lattal \u00a0t\u00f6rt\u00e9nik!<\/p>\n<p>Szem\u00e9lyes \u00e1tv\u00e9tel nyitvatart\u00e1si id\u0151ben a 17. ker\u00fclet Bakancsos utca 7. sz\u00e1m alatti Kert\u00e9szeti \u00e1rud\u00e1ban<\/p>\n<p>&nbsp;<\/p>\n<p>Szem\u00e9lyes \u00e1tv\u00e9tel ak\u00e1r a mai napon, vagy h\u00e1zhozsz\u00e1ll\u00edt\u00e1s 1-2 napon bel\u00fcl!<\/p>\n<p>&nbsp;<\/p>\n<p>1173.Bp.Bakancsos u.7.<\/p>\n<p><a href=\"https:\/\/www.tajkertesz.com\/\">www.tajkertesz.com<\/a><\/p>\n<p>Kert\u00e9szeti kis-\u00e9s nagykeresked\u00e9s<\/p>\n<\/div>\n<\/div>\n<p>&nbsp;<\/p>","protected":false},"featured_media":20759,"template":"","meta":{"_et_pb_use_builder":"","_et_pb_old_content":"","_et_gb_content_width":""},"product_brand":[],"product_cat":[2882],"product_tag":[],"class_list":{"0":"post-20755","1":"product","2":"type-product","3":"status-publish","4":"has-post-thumbnail","6":"product_cat-virag-vetomagok","8":"first","9":"instock","10":"shipping-taxable","11":"purchasable","12":"product-type-simple"},"yoast_head":"<!-- This site is optimized with the Yoast SEO plugin v27.4 - https:\/\/yoast.com\/product\/yoast-seo-wordpress\/ -->\n<title>M\u00e9hDoktor - Egyny\u00e1ri vir\u00e1gkever\u00e9k - T\u00e1jkert\u00e9sz<\/title>\n<meta name=\"description\" content=\"VM\u00e9hdoktor - Egyny\u00e1ri vir\u00e1gkever\u00e9k: napf\u00e9nyes, j\u00f3l \u00e1tmunk\u00e1lt talajba.\u00a0 A tasak tartalma 3-4m2-re elegend\u0151.Vet\u00e9s ideje: \u00e1prilist\u00f3l-j\u00faniusig.\" \/>\n<meta name=\"robots\" content=\"index, follow, max-snippet:-1, max-image-preview:large, max-video-preview:-1\" \/>\n<link rel=\"canonical\" href=\"https:\/\/tajkertesz.com\/en_US\/product\/mehdoktor-egynyari-viragkeverek\/\" \/>\n<meta property=\"og:locale\" content=\"en_US\" \/>\n<meta property=\"og:type\" content=\"article\" \/>\n<meta property=\"og:title\" content=\"M\u00e9hDoktor - Egyny\u00e1ri vir\u00e1gkever\u00e9k - T\u00e1jkert\u00e9sz\" \/>\n<meta property=\"og:description\" content=\"VM\u00e9hdoktor - Egyny\u00e1ri vir\u00e1gkever\u00e9k: napf\u00e9nyes, j\u00f3l \u00e1tmunk\u00e1lt talajba.\u00a0 A tasak tartalma 3-4m2-re elegend\u0151.Vet\u00e9s ideje: \u00e1prilist\u00f3l-j\u00faniusig.\" \/>\n<meta property=\"og:url\" content=\"https:\/\/tajkertesz.com\/en_US\/product\/mehdoktor-egynyari-viragkeverek\/\" \/>\n<meta property=\"og:site_name\" content=\"T\u00e1jkert\u00e9sz\" \/>\n<meta property=\"article:publisher\" content=\"https:\/\/www.facebook.com\/Tajkertesz\/\" \/>\n<meta property=\"article:modified_time\" content=\"2026-02-13T15:44:32+00:00\" \/>\n<meta name=\"twitter:card\" content=\"summary_large_image\" \/>\n<meta name=\"twitter:label1\" content=\"Est. reading time\" \/>\n\t<meta name=\"twitter:data1\" content=\"2 minutes\" \/>\n<script type=\"application\/ld+json\" class=\"yoast-schema-graph\">{\"@context\":\"https:\\\/\\\/schema.org\",\"@graph\":[{\"@type\":\"WebPage\",\"@id\":\"https:\\\/\\\/tajkertesz.com\\\/termek\\\/mehdoktor-egynyari-viragkeverek\\\/\",\"url\":\"https:\\\/\\\/tajkertesz.com\\\/termek\\\/mehdoktor-egynyari-viragkeverek\\\/\",\"name\":\"M\u00e9hDoktor - Egyny\u00e1ri vir\u00e1gkever\u00e9k - T\u00e1jkert\u00e9sz\",\"isPartOf\":{\"@id\":\"https:\\\/\\\/tajkertesz.com\\\/#website\"},\"primaryImageOfPage\":{\"@id\":\"https:\\\/\\\/tajkertesz.com\\\/termek\\\/mehdoktor-egynyari-viragkeverek\\\/#primaryimage\"},\"image\":{\"@id\":\"https:\\\/\\\/tajkertesz.com\\\/termek\\\/mehdoktor-egynyari-viragkeverek\\\/#primaryimage\"},\"thumbnailUrl\":\"https:\\\/\\\/tajkertesz.com\\\/wp-content\\\/uploads\\\/2024\\\/07\\\/mehdoktor_1024x1024.avif\",\"datePublished\":\"2024-07-26T11:47:21+00:00\",\"dateModified\":\"2026-02-13T15:44:32+00:00\",\"description\":\"VM\u00e9hdoktor - Egyny\u00e1ri vir\u00e1gkever\u00e9k: napf\u00e9nyes, j\u00f3l \u00e1tmunk\u00e1lt talajba.\u00a0 A tasak tartalma 3-4m2-re elegend\u0151.Vet\u00e9s ideje: \u00e1prilist\u00f3l-j\u00faniusig.\",\"breadcrumb\":{\"@id\":\"https:\\\/\\\/tajkertesz.com\\\/termek\\\/mehdoktor-egynyari-viragkeverek\\\/#breadcrumb\"},\"inLanguage\":\"en-US\",\"potentialAction\":[{\"@type\":\"ReadAction\",\"target\":[\"https:\\\/\\\/tajkertesz.com\\\/termek\\\/mehdoktor-egynyari-viragkeverek\\\/\"]}]},{\"@type\":\"ImageObject\",\"inLanguage\":\"en-US\",\"@id\":\"https:\\\/\\\/tajkertesz.com\\\/termek\\\/mehdoktor-egynyari-viragkeverek\\\/#primaryimage\",\"url\":\"https:\\\/\\\/tajkertesz.com\\\/wp-content\\\/uploads\\\/2024\\\/07\\\/mehdoktor_1024x1024.avif\",\"contentUrl\":\"https:\\\/\\\/tajkertesz.com\\\/wp-content\\\/uploads\\\/2024\\\/07\\\/mehdoktor_1024x1024.avif\",\"width\":239,\"height\":410},{\"@type\":\"BreadcrumbList\",\"@id\":\"https:\\\/\\\/tajkertesz.com\\\/termek\\\/mehdoktor-egynyari-viragkeverek\\\/#breadcrumb\",\"itemListElement\":[{\"@type\":\"ListItem\",\"position\":1,\"name\":\"Home\",\"item\":\"https:\\\/\\\/tajkertesz.com\\\/\"},{\"@type\":\"ListItem\",\"position\":2,\"name\":\"Kezd\u0151lap\",\"item\":\"https:\\\/\\\/tajkertesz.com\\\/\"},{\"@type\":\"ListItem\",\"position\":3,\"name\":\"M\u00e9hDoktor &#8211; Egyny\u00e1ri vir\u00e1gkever\u00e9k\"}]},{\"@type\":\"WebSite\",\"@id\":\"https:\\\/\\\/tajkertesz.com\\\/#website\",\"url\":\"https:\\\/\\\/tajkertesz.com\\\/\",\"name\":\"T\u00e1j-Kert\u00e9sz 84 Kft.\",\"description\":\"Kert\u00e9szeti kis- \u00e9s nagykeresked\u00e9s, D\u00edszn\u00f6v\u00e9ny web\u00e1ruh\u00e1z orsz\u00e1gos h\u00e1zhozsz\u00e1ll\u00edt\u00e1ssal!\",\"publisher\":{\"@id\":\"https:\\\/\\\/tajkertesz.com\\\/#organization\"},\"potentialAction\":[{\"@type\":\"SearchAction\",\"target\":{\"@type\":\"EntryPoint\",\"urlTemplate\":\"https:\\\/\\\/tajkertesz.com\\\/?s={search_term_string}\"},\"query-input\":{\"@type\":\"PropertyValueSpecification\",\"valueRequired\":true,\"valueName\":\"search_term_string\"}}],\"inLanguage\":\"en-US\"},{\"@type\":\"Organization\",\"@id\":\"https:\\\/\\\/tajkertesz.com\\\/#organization\",\"name\":\"T\u00e1j-Kert\u00e9sz 84 Kft.\",\"url\":\"https:\\\/\\\/tajkertesz.com\\\/\",\"logo\":{\"@type\":\"ImageObject\",\"inLanguage\":\"en-US\",\"@id\":\"https:\\\/\\\/tajkertesz.com\\\/#\\\/schema\\\/logo\\\/image\\\/\",\"url\":\"https:\\\/\\\/tajkertesz.com\\\/wp-content\\\/uploads\\\/2018\\\/02\\\/logo-2-e1518678052539.png\",\"contentUrl\":\"https:\\\/\\\/tajkertesz.com\\\/wp-content\\\/uploads\\\/2018\\\/02\\\/logo-2-e1518678052539.png\",\"width\":81,\"height\":140,\"caption\":\"T\u00e1j-Kert\u00e9sz 84 Kft.\"},\"image\":{\"@id\":\"https:\\\/\\\/tajkertesz.com\\\/#\\\/schema\\\/logo\\\/image\\\/\"},\"sameAs\":[\"https:\\\/\\\/www.facebook.com\\\/Tajkertesz\\\/\"]}]}<\/script>\n<!-- \/ Yoast SEO plugin. -->","yoast_head_json":{"title":"M\u00e9hDoktor - Egyny\u00e1ri vir\u00e1gkever\u00e9k - T\u00e1jkert\u00e9sz","description":"VM\u00e9hdoktor - Egyny\u00e1ri vir\u00e1gkever\u00e9k: napf\u00e9nyes, j\u00f3l \u00e1tmunk\u00e1lt talajba.\u00a0 A tasak tartalma 3-4m2-re elegend\u0151.Vet\u00e9s ideje: \u00e1prilist\u00f3l-j\u00faniusig.","robots":{"index":"index","follow":"follow","max-snippet":"max-snippet:-1","max-image-preview":"max-image-preview:large","max-video-preview":"max-video-preview:-1"},"canonical":"https:\/\/tajkertesz.com\/en_US\/product\/mehdoktor-egynyari-viragkeverek\/","og_locale":"en_US","og_type":"article","og_title":"M\u00e9hDoktor - Egyny\u00e1ri vir\u00e1gkever\u00e9k - T\u00e1jkert\u00e9sz","og_description":"VM\u00e9hdoktor - Egyny\u00e1ri vir\u00e1gkever\u00e9k: napf\u00e9nyes, j\u00f3l \u00e1tmunk\u00e1lt talajba.\u00a0 A tasak tartalma 3-4m2-re elegend\u0151.Vet\u00e9s ideje: \u00e1prilist\u00f3l-j\u00faniusig.","og_url":"https:\/\/tajkertesz.com\/en_US\/product\/mehdoktor-egynyari-viragkeverek\/","og_site_name":"T\u00e1jkert\u00e9sz","article_publisher":"https:\/\/www.facebook.com\/Tajkertesz\/","article_modified_time":"2026-02-13T15:44:32+00:00","twitter_card":"summary_large_image","twitter_misc":{"Est. reading time":"2 minutes"},"schema":{"@context":"https:\/\/schema.org","@graph":[{"@type":"WebPage","@id":"https:\/\/tajkertesz.com\/termek\/mehdoktor-egynyari-viragkeverek\/","url":"https:\/\/tajkertesz.com\/termek\/mehdoktor-egynyari-viragkeverek\/","name":"M\u00e9hDoktor - Egyny\u00e1ri vir\u00e1gkever\u00e9k - T\u00e1jkert\u00e9sz","isPartOf":{"@id":"https:\/\/tajkertesz.com\/#website"},"primaryImageOfPage":{"@id":"https:\/\/tajkertesz.com\/termek\/mehdoktor-egynyari-viragkeverek\/#primaryimage"},"image":{"@id":"https:\/\/tajkertesz.com\/termek\/mehdoktor-egynyari-viragkeverek\/#primaryimage"},"thumbnailUrl":"https:\/\/tajkertesz.com\/wp-content\/uploads\/2024\/07\/mehdoktor_1024x1024.avif","datePublished":"2024-07-26T11:47:21+00:00","dateModified":"2026-02-13T15:44:32+00:00","description":"VM\u00e9hdoktor - Egyny\u00e1ri vir\u00e1gkever\u00e9k: napf\u00e9nyes, j\u00f3l \u00e1tmunk\u00e1lt talajba.\u00a0 A tasak tartalma 3-4m2-re elegend\u0151.Vet\u00e9s ideje: \u00e1prilist\u00f3l-j\u00faniusig.","breadcrumb":{"@id":"https:\/\/tajkertesz.com\/termek\/mehdoktor-egynyari-viragkeverek\/#breadcrumb"},"inLanguage":"en-US","potentialAction":[{"@type":"ReadAction","target":["https:\/\/tajkertesz.com\/termek\/mehdoktor-egynyari-viragkeverek\/"]}]},{"@type":"ImageObject","inLanguage":"en-US","@id":"https:\/\/tajkertesz.com\/termek\/mehdoktor-egynyari-viragkeverek\/#primaryimage","url":"https:\/\/tajkertesz.com\/wp-content\/uploads\/2024\/07\/mehdoktor_1024x1024.avif","contentUrl":"https:\/\/tajkertesz.com\/wp-content\/uploads\/2024\/07\/mehdoktor_1024x1024.avif","width":239,"height":410},{"@type":"BreadcrumbList","@id":"https:\/\/tajkertesz.com\/termek\/mehdoktor-egynyari-viragkeverek\/#breadcrumb","itemListElement":[{"@type":"ListItem","position":1,"name":"Home","item":"https:\/\/tajkertesz.com\/"},{"@type":"ListItem","position":2,"name":"Kezd\u0151lap","item":"https:\/\/tajkertesz.com\/"},{"@type":"ListItem","position":3,"name":"M\u00e9hDoktor &#8211; Egyny\u00e1ri vir\u00e1gkever\u00e9k"}]},{"@type":"WebSite","@id":"https:\/\/tajkertesz.com\/#website","url":"https:\/\/tajkertesz.com\/","name":"T\u00e1j-Kert\u00e9sz 84 Kft.","description":"Kert\u00e9szeti kis- \u00e9s nagykeresked\u00e9s, D\u00edszn\u00f6v\u00e9ny web\u00e1ruh\u00e1z orsz\u00e1gos h\u00e1zhozsz\u00e1ll\u00edt\u00e1ssal!","publisher":{"@id":"https:\/\/tajkertesz.com\/#organization"},"potentialAction":[{"@type":"SearchAction","target":{"@type":"EntryPoint","urlTemplate":"https:\/\/tajkertesz.com\/?s={search_term_string}"},"query-input":{"@type":"PropertyValueSpecification","valueRequired":true,"valueName":"search_term_string"}}],"inLanguage":"en-US"},{"@type":"Organization","@id":"https:\/\/tajkertesz.com\/#organization","name":"T\u00e1j-Kert\u00e9sz 84 Kft.","url":"https:\/\/tajkertesz.com\/","logo":{"@type":"ImageObject","inLanguage":"en-US","@id":"https:\/\/tajkertesz.com\/#\/schema\/logo\/image\/","url":"https:\/\/tajkertesz.com\/wp-content\/uploads\/2018\/02\/logo-2-e1518678052539.png","contentUrl":"https:\/\/tajkertesz.com\/wp-content\/uploads\/2018\/02\/logo-2-e1518678052539.png","width":81,"height":140,"caption":"T\u00e1j-Kert\u00e9sz 84 Kft."},"image":{"@id":"https:\/\/tajkertesz.com\/#\/schema\/logo\/image\/"},"sameAs":["https:\/\/www.facebook.com\/Tajkertesz\/"]}]}},"_links":{"self":[{"href":"https:\/\/tajkertesz.com\/en_US\/wp-json\/wp\/v2\/product\/20755","targetHints":{"allow":["GET"]}}],"collection":[{"href":"https:\/\/tajkertesz.com\/en_US\/wp-json\/wp\/v2\/product"}],"about":[{"href":"https:\/\/tajkertesz.com\/en_US\/wp-json\/wp\/v2\/types\/product"}],"wp:featuredmedia":[{"embeddable":true,"href":"https:\/\/tajkertesz.com\/en_US\/wp-json\/wp\/v2\/media\/20759"}],"wp:attachment":[{"href":"https:\/\/tajkertesz.com\/en_US\/wp-json\/wp\/v2\/media?parent=20755"}],"wp:term":[{"taxonomy":"product_brand","embeddable":true,"href":"https:\/\/tajkertesz.com\/en_US\/wp-json\/wp\/v2\/product_brand?post=20755"},{"taxonomy":"product_cat","embeddable":true,"href":"https:\/\/tajkertesz.com\/en_US\/wp-json\/wp\/v2\/product_cat?post=20755"},{"taxonomy":"product_tag","embeddable":true,"href":"https:\/\/tajkertesz.com\/en_US\/wp-json\/wp\/v2\/product_tag?post=20755"}],"curies":[{"name":"wp","href":"https:\/\/api.w.org\/{rel}","templated":true}]}}