{"id":20763,"date":"2024-07-31T09:43:17","date_gmt":"2024-07-31T09:43:17","guid":{"rendered":"https:\/\/tajkertesz.com\/?post_type=product&#038;p=20763"},"modified":"2026-02-13T15:42:36","modified_gmt":"2026-02-13T15:42:36","slug":"szunyogriaszto-viragmag-keverek","status":"publish","type":"product","link":"https:\/\/tajkertesz.com\/en_US\/product\/szunyogriaszto-viragmag-keverek\/","title":{"rendered":"Sz\u00fanyogriaszt\u00f3 vir\u00e1gmag kever\u00e9k"},"content":{"rendered":"<h1>Sz\u00fanyogriaszt\u00f3 vir\u00e1gmag kever\u00e9k<\/h1>\n<p>&nbsp;<\/p>\n<p>A sz\u00fanyogriaszt\u00f3 vir\u00e1gmag kever\u00e9ket teraszok el\u00e9, ablak al\u00e1 vethet\u0151, fajokban gazdag, egyny\u00e1ri,\u00a0 \u00e9vel\u0151 vir\u00e1g- \u00e9s gy\u00f3gyn\u00f6v\u00e9nymagok kever\u00e9ke. A legt\u00f6bb arom\u00e1s gy\u00f3gyn\u00f6v\u00e9ny \u00e9s illatos vir\u00e1g elriasztja a sz\u00fanyogokat. Pihen\u0151k, ki\u00fcl\u0151helyek k\u00f6zel\u00e9be vess\u00fck.<\/p>\n<p>Talaj el\u0151k\u00e9sz\u00edt\u00e9se: vet\u00e9shez teljesen gyommentes, apr\u00f3morzs\u00e1s term\u0151talaj \u00e9s sima felsz\u00edn sz\u00fcks\u00e9ges. A vet\u00e9s ut\u00e1ni gyomosod\u00e1s cs\u00f6kkent\u00e9s\u00e9nek \u00e9rdek\u00e9ben aj\u00e1nljuk\u00a0 a &#8222;hamis vet\u00e9s gyakorlat\u00e1t&#8221;: a talaj el\u0151k\u00e9sz\u00edt\u00e9se ut\u00e1n v\u00e1rjunk a vet\u00e9ssel 8-10 napig, hogy a gyomn\u00f6v\u00e9nyek magjai cs\u00edr\u00e1z\u00e1snak induljanak. Majd k\u00f6zvetlen\u00fcl a vet\u00e9s el\u0151tt sek\u00e9lyen kap\u00e1ljuk \u00e1t a talajt \u00e9s v\u00e9g\u00fcl \u00fajra gerebly\u00e9zz\u00fck el a felsz\u00ednt.<\/p>\n<p>Vet\u00e9si id\u0151: \u00e1prilis &#8211; m\u00e1jus<br \/>\nN\u00f6v\u00e9nymagass\u00e1g: 50-80 cm<br \/>\n\u00d6sszet\u00e9tele: Lavendula, Ocimum, Melissa, Calendula, Solanum, Borago, stb.<\/p>\n<p><strong>K\u00e9szlet\u00fcnk napi szinten v\u00e1ltozik, ez\u00e9rt k\u00e9rj\u00fck, \u00e9rdekl\u0151dj\u00f6n szem\u00e9lyesen, telefonon vagy email-en.<br \/>\nA v\u00e1ltoztat\u00e1s jog\u00e1t fenntartjuk!\u00a0<\/strong><\/p>\n<p>&nbsp;<\/p>\n<p><a href=\"https:\/\/tajkertesz.com\/\">https:\/\/tajkertesz.com\/<\/a><\/p>\n<p><a href=\"https:\/\/www.facebook.com\/tajkertesz\/\">https:\/\/www.facebook.com\/tajkertesz\/<\/a><\/p>\n<p>Kisz\u00e1ll\u00edt\u00e1s: 200cm-ig \u00a0\u00e9s 40 kg-ig a sz\u00e1ll\u00edt\u00e1s fut\u00e1rszolg\u00e1lattal \u00a0t\u00f6rt\u00e9nik.<\/p>\n<p>Szem\u00e9lyes \u00e1tv\u00e9tel nyitvatart\u00e1si id\u0151ben a 17. ker\u00fclet Bakancsos utca 7. sz\u00e1m alatti Kert\u00e9szeti \u00e1rud\u00e1nkban.<\/p>\n<p>A sz\u00fanyogriaszt\u00f3 vir\u00e1gmag kever\u00e9ket teraszok el\u00e9, ablak al\u00e1 vethet\u0151, fajokban gazdag, egyny\u00e1ri,\u00a0 \u00e9vel\u0151 vir\u00e1g- \u00e9s gy\u00f3gyn\u00f6v\u00e9nymagok kever\u00e9ke. A legt\u00f6bb arom\u00e1s gy\u00f3gyn\u00f6v\u00e9ny \u00e9s illatos vir\u00e1g elriasztja a sz\u00fanyogokat. Pihen\u0151k, ki\u00fcl\u0151helyek k\u00f6zel\u00e9be vess\u00fck.\u00a0Talaj el\u0151k\u00e9sz\u00edt\u00e9se: vet\u00e9shez teljesen gyommentes, apr\u00f3morzs\u00e1s term\u0151talaj \u00e9s sima felsz\u00edn sz\u00fcks\u00e9ges. A vet\u00e9s ut\u00e1ni gyomosod\u00e1s cs\u00f6kkent\u00e9s\u00e9nek \u00e9rdek\u00e9ben aj\u00e1nljuk\u00a0 a &#8222;hamis vet\u00e9s gyakorlat\u00e1t&#8221;: a talaj el\u0151k\u00e9sz\u00edt\u00e9se ut\u00e1n v\u00e1rjunk a vet\u00e9ssel 8-10 napig, hogy a gyomn\u00f6v\u00e9nyek magjai cs\u00edr\u00e1z\u00e1snak induljanak. Majd k\u00f6zvetlen\u00fcl a vet\u00e9s el\u0151tt sek\u00e9lyen kap\u00e1ljuk \u00e1t a talajt \u00e9s v\u00e9g\u00fcl \u00fajra gerebly\u00e9zz\u00fck el a felsz\u00ednt.\u00a0Vet\u00e9si id\u0151: \u00e1prilis &#8211; m\u00e1jus<br \/>\nN\u00f6v\u00e9nymagass\u00e1g: 50-80 cm \u00d6sszet\u00e9tele: Lavendula, Ocimum, Melissa, Calendula, Solanum, Borago, stb.<\/p>","protected":false},"excerpt":{"rendered":"<p>A sz\u00fanyogriaszt\u00f3 vir\u00e1gmag kever\u00e9ket teraszok el\u00e9, ablak al\u00e1 vethet\u0151, fajokban gazdag, egyny\u00e1ri,\u00a0 \u00e9vel\u0151 vir\u00e1g- \u00e9s gy\u00f3gyn\u00f6v\u00e9nymagok kever\u00e9ke. A legt\u00f6bb arom\u00e1s gy\u00f3gyn\u00f6v\u00e9ny \u00e9s illatos vir\u00e1g elriasztja a sz\u00fanyogokat. Pihen\u0151k, ki\u00fcl\u0151helyek k\u00f6zel\u00e9be vess\u00fck.<\/p>\n<p>Talaj el\u0151k\u00e9sz\u00edt\u00e9se: vet\u00e9shez teljesen gyommentes, apr\u00f3morzs\u00e1s term\u0151talaj \u00e9s sima felsz\u00edn sz\u00fcks\u00e9ges. A vet\u00e9s ut\u00e1ni gyomosod\u00e1s cs\u00f6kkent\u00e9s\u00e9nek \u00e9rdek\u00e9ben aj\u00e1nljuk\u00a0 a &#8222;hamis vet\u00e9s gyakorlat\u00e1t&#8221;: a talaj el\u0151k\u00e9sz\u00edt\u00e9se ut\u00e1n v\u00e1rjunk a vet\u00e9ssel 8-10 napig, hogy a gyomn\u00f6v\u00e9nyek magjai cs\u00edr\u00e1z\u00e1snak induljanak. Majd k\u00f6zvetlen\u00fcl a vet\u00e9s el\u0151tt sek\u00e9lyen kap\u00e1ljuk \u00e1t a talajt \u00e9s v\u00e9g\u00fcl \u00fajra gerebly\u00e9zz\u00fck el a felsz\u00ednt.<\/p>\n<p>Vet\u00e9si id\u0151: \u00e1prilis &#8211; m\u00e1jus<br \/>\nN\u00f6v\u00e9nymagass\u00e1g: 50-80 cm<br \/>\n\u00d6sszet\u00e9tele: Lavendula, Ocimum, Melissa, Calendula, Solanum, Borago, stb.<\/p>","protected":false},"featured_media":20778,"template":"","meta":{"_et_pb_use_builder":"","_et_pb_old_content":"","_et_gb_content_width":""},"product_brand":[],"product_cat":[2882],"product_tag":[5238,5237,4732],"class_list":{"0":"post-20763","1":"product","2":"type-product","3":"status-publish","4":"has-post-thumbnail","6":"product_cat-virag-vetomagok","7":"product_tag-keverek","8":"product_tag-riszto","9":"product_tag-szunyog","11":"first","12":"instock","13":"shipping-taxable","14":"purchasable","15":"product-type-simple"},"yoast_head":"<!-- This site is optimized with the Yoast SEO plugin v27.4 - https:\/\/yoast.com\/product\/yoast-seo-wordpress\/ -->\n<title>Sz\u00fanyogriaszt\u00f3 vir\u00e1gmag kever\u00e9k - T\u00e1jkert\u00e9sz<\/title>\n<meta name=\"description\" content=\"A sz\u00fanyogriaszt\u00f3 vir\u00e1gmag kever\u00e9ket teraszok el\u00e9, ablak al\u00e1 vethet\u0151, fajokban gazdag, egyny\u00e1ri,\u00a0 \u00e9vel\u0151 vir\u00e1g- \u00e9s gy\u00f3gyn\u00f6v\u00e9nymagok kever\u00e9ke.\" \/>\n<meta name=\"robots\" content=\"index, follow, max-snippet:-1, max-image-preview:large, max-video-preview:-1\" \/>\n<link rel=\"canonical\" href=\"https:\/\/tajkertesz.com\/en_US\/product\/szunyogriaszto-viragmag-keverek\/\" \/>\n<meta property=\"og:locale\" content=\"en_US\" \/>\n<meta property=\"og:type\" content=\"article\" \/>\n<meta property=\"og:title\" content=\"Sz\u00fanyogriaszt\u00f3 vir\u00e1gmag kever\u00e9k - T\u00e1jkert\u00e9sz\" \/>\n<meta property=\"og:description\" content=\"A sz\u00fanyogriaszt\u00f3 vir\u00e1gmag kever\u00e9ket teraszok el\u00e9, ablak al\u00e1 vethet\u0151, fajokban gazdag, egyny\u00e1ri,\u00a0 \u00e9vel\u0151 vir\u00e1g- \u00e9s gy\u00f3gyn\u00f6v\u00e9nymagok kever\u00e9ke.\" \/>\n<meta property=\"og:url\" content=\"https:\/\/tajkertesz.com\/en_US\/product\/szunyogriaszto-viragmag-keverek\/\" \/>\n<meta property=\"og:site_name\" content=\"T\u00e1jkert\u00e9sz\" \/>\n<meta property=\"article:publisher\" content=\"https:\/\/www.facebook.com\/Tajkertesz\/\" \/>\n<meta property=\"article:modified_time\" content=\"2026-02-13T15:42:36+00:00\" \/>\n<meta property=\"og:image\" content=\"https:\/\/tajkertesz.com\/wp-content\/uploads\/2024\/07\/szunyogriaszto.png\" \/>\n\t<meta property=\"og:image:width\" content=\"399\" \/>\n\t<meta property=\"og:image:height\" content=\"592\" \/>\n\t<meta property=\"og:image:type\" content=\"image\/png\" \/>\n<meta name=\"twitter:card\" content=\"summary_large_image\" \/>\n<meta name=\"twitter:label1\" content=\"Est. reading time\" \/>\n\t<meta name=\"twitter:data1\" content=\"2 minutes\" \/>\n<script type=\"application\/ld+json\" class=\"yoast-schema-graph\">{\"@context\":\"https:\\\/\\\/schema.org\",\"@graph\":[{\"@type\":\"WebPage\",\"@id\":\"https:\\\/\\\/tajkertesz.com\\\/termek\\\/szunyogriaszto-viragmag-keverek\\\/\",\"url\":\"https:\\\/\\\/tajkertesz.com\\\/termek\\\/szunyogriaszto-viragmag-keverek\\\/\",\"name\":\"Sz\u00fanyogriaszt\u00f3 vir\u00e1gmag kever\u00e9k - T\u00e1jkert\u00e9sz\",\"isPartOf\":{\"@id\":\"https:\\\/\\\/tajkertesz.com\\\/#website\"},\"primaryImageOfPage\":{\"@id\":\"https:\\\/\\\/tajkertesz.com\\\/termek\\\/szunyogriaszto-viragmag-keverek\\\/#primaryimage\"},\"image\":{\"@id\":\"https:\\\/\\\/tajkertesz.com\\\/termek\\\/szunyogriaszto-viragmag-keverek\\\/#primaryimage\"},\"thumbnailUrl\":\"https:\\\/\\\/tajkertesz.com\\\/wp-content\\\/uploads\\\/2024\\\/07\\\/szunyogriaszto.png\",\"datePublished\":\"2024-07-31T09:43:17+00:00\",\"dateModified\":\"2026-02-13T15:42:36+00:00\",\"description\":\"A sz\u00fanyogriaszt\u00f3 vir\u00e1gmag kever\u00e9ket teraszok el\u00e9, ablak al\u00e1 vethet\u0151, fajokban gazdag, egyny\u00e1ri,\u00a0 \u00e9vel\u0151 vir\u00e1g- \u00e9s gy\u00f3gyn\u00f6v\u00e9nymagok kever\u00e9ke.\",\"breadcrumb\":{\"@id\":\"https:\\\/\\\/tajkertesz.com\\\/termek\\\/szunyogriaszto-viragmag-keverek\\\/#breadcrumb\"},\"inLanguage\":\"en-US\",\"potentialAction\":[{\"@type\":\"ReadAction\",\"target\":[\"https:\\\/\\\/tajkertesz.com\\\/termek\\\/szunyogriaszto-viragmag-keverek\\\/\"]}]},{\"@type\":\"ImageObject\",\"inLanguage\":\"en-US\",\"@id\":\"https:\\\/\\\/tajkertesz.com\\\/termek\\\/szunyogriaszto-viragmag-keverek\\\/#primaryimage\",\"url\":\"https:\\\/\\\/tajkertesz.com\\\/wp-content\\\/uploads\\\/2024\\\/07\\\/szunyogriaszto.png\",\"contentUrl\":\"https:\\\/\\\/tajkertesz.com\\\/wp-content\\\/uploads\\\/2024\\\/07\\\/szunyogriaszto.png\",\"width\":399,\"height\":592},{\"@type\":\"BreadcrumbList\",\"@id\":\"https:\\\/\\\/tajkertesz.com\\\/termek\\\/szunyogriaszto-viragmag-keverek\\\/#breadcrumb\",\"itemListElement\":[{\"@type\":\"ListItem\",\"position\":1,\"name\":\"Home\",\"item\":\"https:\\\/\\\/tajkertesz.com\\\/\"},{\"@type\":\"ListItem\",\"position\":2,\"name\":\"Kezd\u0151lap\",\"item\":\"https:\\\/\\\/tajkertesz.com\\\/\"},{\"@type\":\"ListItem\",\"position\":3,\"name\":\"Sz\u00fanyogriaszt\u00f3 vir\u00e1gmag kever\u00e9k\"}]},{\"@type\":\"WebSite\",\"@id\":\"https:\\\/\\\/tajkertesz.com\\\/#website\",\"url\":\"https:\\\/\\\/tajkertesz.com\\\/\",\"name\":\"T\u00e1j-Kert\u00e9sz 84 Kft.\",\"description\":\"Kert\u00e9szeti kis- \u00e9s nagykeresked\u00e9s, D\u00edszn\u00f6v\u00e9ny web\u00e1ruh\u00e1z orsz\u00e1gos h\u00e1zhozsz\u00e1ll\u00edt\u00e1ssal!\",\"publisher\":{\"@id\":\"https:\\\/\\\/tajkertesz.com\\\/#organization\"},\"potentialAction\":[{\"@type\":\"SearchAction\",\"target\":{\"@type\":\"EntryPoint\",\"urlTemplate\":\"https:\\\/\\\/tajkertesz.com\\\/?s={search_term_string}\"},\"query-input\":{\"@type\":\"PropertyValueSpecification\",\"valueRequired\":true,\"valueName\":\"search_term_string\"}}],\"inLanguage\":\"en-US\"},{\"@type\":\"Organization\",\"@id\":\"https:\\\/\\\/tajkertesz.com\\\/#organization\",\"name\":\"T\u00e1j-Kert\u00e9sz 84 Kft.\",\"url\":\"https:\\\/\\\/tajkertesz.com\\\/\",\"logo\":{\"@type\":\"ImageObject\",\"inLanguage\":\"en-US\",\"@id\":\"https:\\\/\\\/tajkertesz.com\\\/#\\\/schema\\\/logo\\\/image\\\/\",\"url\":\"https:\\\/\\\/tajkertesz.com\\\/wp-content\\\/uploads\\\/2018\\\/02\\\/logo-2-e1518678052539.png\",\"contentUrl\":\"https:\\\/\\\/tajkertesz.com\\\/wp-content\\\/uploads\\\/2018\\\/02\\\/logo-2-e1518678052539.png\",\"width\":81,\"height\":140,\"caption\":\"T\u00e1j-Kert\u00e9sz 84 Kft.\"},\"image\":{\"@id\":\"https:\\\/\\\/tajkertesz.com\\\/#\\\/schema\\\/logo\\\/image\\\/\"},\"sameAs\":[\"https:\\\/\\\/www.facebook.com\\\/Tajkertesz\\\/\"]}]}<\/script>\n<!-- \/ Yoast SEO plugin. -->","yoast_head_json":{"title":"Sz\u00fanyogriaszt\u00f3 vir\u00e1gmag kever\u00e9k - T\u00e1jkert\u00e9sz","description":"A sz\u00fanyogriaszt\u00f3 vir\u00e1gmag kever\u00e9ket teraszok el\u00e9, ablak al\u00e1 vethet\u0151, fajokban gazdag, egyny\u00e1ri,\u00a0 \u00e9vel\u0151 vir\u00e1g- \u00e9s gy\u00f3gyn\u00f6v\u00e9nymagok kever\u00e9ke.","robots":{"index":"index","follow":"follow","max-snippet":"max-snippet:-1","max-image-preview":"max-image-preview:large","max-video-preview":"max-video-preview:-1"},"canonical":"https:\/\/tajkertesz.com\/en_US\/product\/szunyogriaszto-viragmag-keverek\/","og_locale":"en_US","og_type":"article","og_title":"Sz\u00fanyogriaszt\u00f3 vir\u00e1gmag kever\u00e9k - T\u00e1jkert\u00e9sz","og_description":"A sz\u00fanyogriaszt\u00f3 vir\u00e1gmag kever\u00e9ket teraszok el\u00e9, ablak al\u00e1 vethet\u0151, fajokban gazdag, egyny\u00e1ri,\u00a0 \u00e9vel\u0151 vir\u00e1g- \u00e9s gy\u00f3gyn\u00f6v\u00e9nymagok kever\u00e9ke.","og_url":"https:\/\/tajkertesz.com\/en_US\/product\/szunyogriaszto-viragmag-keverek\/","og_site_name":"T\u00e1jkert\u00e9sz","article_publisher":"https:\/\/www.facebook.com\/Tajkertesz\/","article_modified_time":"2026-02-13T15:42:36+00:00","og_image":[{"width":399,"height":592,"url":"https:\/\/tajkertesz.com\/wp-content\/uploads\/2024\/07\/szunyogriaszto.png","type":"image\/png"}],"twitter_card":"summary_large_image","twitter_misc":{"Est. reading time":"2 minutes"},"schema":{"@context":"https:\/\/schema.org","@graph":[{"@type":"WebPage","@id":"https:\/\/tajkertesz.com\/termek\/szunyogriaszto-viragmag-keverek\/","url":"https:\/\/tajkertesz.com\/termek\/szunyogriaszto-viragmag-keverek\/","name":"Sz\u00fanyogriaszt\u00f3 vir\u00e1gmag kever\u00e9k - T\u00e1jkert\u00e9sz","isPartOf":{"@id":"https:\/\/tajkertesz.com\/#website"},"primaryImageOfPage":{"@id":"https:\/\/tajkertesz.com\/termek\/szunyogriaszto-viragmag-keverek\/#primaryimage"},"image":{"@id":"https:\/\/tajkertesz.com\/termek\/szunyogriaszto-viragmag-keverek\/#primaryimage"},"thumbnailUrl":"https:\/\/tajkertesz.com\/wp-content\/uploads\/2024\/07\/szunyogriaszto.png","datePublished":"2024-07-31T09:43:17+00:00","dateModified":"2026-02-13T15:42:36+00:00","description":"A sz\u00fanyogriaszt\u00f3 vir\u00e1gmag kever\u00e9ket teraszok el\u00e9, ablak al\u00e1 vethet\u0151, fajokban gazdag, egyny\u00e1ri,\u00a0 \u00e9vel\u0151 vir\u00e1g- \u00e9s gy\u00f3gyn\u00f6v\u00e9nymagok kever\u00e9ke.","breadcrumb":{"@id":"https:\/\/tajkertesz.com\/termek\/szunyogriaszto-viragmag-keverek\/#breadcrumb"},"inLanguage":"en-US","potentialAction":[{"@type":"ReadAction","target":["https:\/\/tajkertesz.com\/termek\/szunyogriaszto-viragmag-keverek\/"]}]},{"@type":"ImageObject","inLanguage":"en-US","@id":"https:\/\/tajkertesz.com\/termek\/szunyogriaszto-viragmag-keverek\/#primaryimage","url":"https:\/\/tajkertesz.com\/wp-content\/uploads\/2024\/07\/szunyogriaszto.png","contentUrl":"https:\/\/tajkertesz.com\/wp-content\/uploads\/2024\/07\/szunyogriaszto.png","width":399,"height":592},{"@type":"BreadcrumbList","@id":"https:\/\/tajkertesz.com\/termek\/szunyogriaszto-viragmag-keverek\/#breadcrumb","itemListElement":[{"@type":"ListItem","position":1,"name":"Home","item":"https:\/\/tajkertesz.com\/"},{"@type":"ListItem","position":2,"name":"Kezd\u0151lap","item":"https:\/\/tajkertesz.com\/"},{"@type":"ListItem","position":3,"name":"Sz\u00fanyogriaszt\u00f3 vir\u00e1gmag kever\u00e9k"}]},{"@type":"WebSite","@id":"https:\/\/tajkertesz.com\/#website","url":"https:\/\/tajkertesz.com\/","name":"T\u00e1j-Kert\u00e9sz 84 Kft.","description":"Kert\u00e9szeti kis- \u00e9s nagykeresked\u00e9s, D\u00edszn\u00f6v\u00e9ny web\u00e1ruh\u00e1z orsz\u00e1gos h\u00e1zhozsz\u00e1ll\u00edt\u00e1ssal!","publisher":{"@id":"https:\/\/tajkertesz.com\/#organization"},"potentialAction":[{"@type":"SearchAction","target":{"@type":"EntryPoint","urlTemplate":"https:\/\/tajkertesz.com\/?s={search_term_string}"},"query-input":{"@type":"PropertyValueSpecification","valueRequired":true,"valueName":"search_term_string"}}],"inLanguage":"en-US"},{"@type":"Organization","@id":"https:\/\/tajkertesz.com\/#organization","name":"T\u00e1j-Kert\u00e9sz 84 Kft.","url":"https:\/\/tajkertesz.com\/","logo":{"@type":"ImageObject","inLanguage":"en-US","@id":"https:\/\/tajkertesz.com\/#\/schema\/logo\/image\/","url":"https:\/\/tajkertesz.com\/wp-content\/uploads\/2018\/02\/logo-2-e1518678052539.png","contentUrl":"https:\/\/tajkertesz.com\/wp-content\/uploads\/2018\/02\/logo-2-e1518678052539.png","width":81,"height":140,"caption":"T\u00e1j-Kert\u00e9sz 84 Kft."},"image":{"@id":"https:\/\/tajkertesz.com\/#\/schema\/logo\/image\/"},"sameAs":["https:\/\/www.facebook.com\/Tajkertesz\/"]}]}},"_links":{"self":[{"href":"https:\/\/tajkertesz.com\/en_US\/wp-json\/wp\/v2\/product\/20763","targetHints":{"allow":["GET"]}}],"collection":[{"href":"https:\/\/tajkertesz.com\/en_US\/wp-json\/wp\/v2\/product"}],"about":[{"href":"https:\/\/tajkertesz.com\/en_US\/wp-json\/wp\/v2\/types\/product"}],"wp:featuredmedia":[{"embeddable":true,"href":"https:\/\/tajkertesz.com\/en_US\/wp-json\/wp\/v2\/media\/20778"}],"wp:attachment":[{"href":"https:\/\/tajkertesz.com\/en_US\/wp-json\/wp\/v2\/media?parent=20763"}],"wp:term":[{"taxonomy":"product_brand","embeddable":true,"href":"https:\/\/tajkertesz.com\/en_US\/wp-json\/wp\/v2\/product_brand?post=20763"},{"taxonomy":"product_cat","embeddable":true,"href":"https:\/\/tajkertesz.com\/en_US\/wp-json\/wp\/v2\/product_cat?post=20763"},{"taxonomy":"product_tag","embeddable":true,"href":"https:\/\/tajkertesz.com\/en_US\/wp-json\/wp\/v2\/product_tag?post=20763"}],"curies":[{"name":"wp","href":"https:\/\/api.w.org\/{rel}","templated":true}]}}