{"id":20780,"date":"2024-07-31T13:25:51","date_gmt":"2024-07-31T13:25:51","guid":{"rendered":"https:\/\/tajkertesz.com\/?post_type=product&#038;p=20780"},"modified":"2026-02-12T15:13:53","modified_gmt":"2026-02-12T15:13:53","slug":"barsonyvirag-kisviragu-szinkeverek-1-g","status":"publish","type":"product","link":"https:\/\/tajkertesz.com\/en_US\/product\/barsonyvirag-kisviragu-szinkeverek-1-g\/","title":{"rendered":"B\u00e1rsonyvir\u00e1g Kisvir\u00e1g\u00fa sz\u00ednkever\u00e9k 1 g"},"content":{"rendered":"<p>B\u00e1rsonyvir\u00e1g Kisvir\u00e1g\u00fa sz\u00ednkever\u00e9k 1 g<\/p>\n<p>A B\u00e1rsonyvir\u00e1g Kisvir\u00e1g\u00fa sz\u00ednkever\u00e9k 1 g sokoldal\u00faan felhaszn\u00e1lhat\u00f3 d\u00edszn\u00f6v\u00e9ny. Nemcsak d\u00edsze a vir\u00e1g\u00e1gy\u00e1soknak, de kit\u0171n\u0151 k\u00e1rtev\u0151-elh\u00e1r\u00edt\u00f3 a z\u00f6lds\u00e9geskert\u00fcnkben. Lev\u00e9ltetvek, fon\u00e1lf\u00e9rgek ellen sikeresen alkalmazz\u00e1k a biokert\u00e9szek.<\/p>\n<p>A b\u00e1rsonyvir\u00e1g , m\u00e1s n\u00e9ven b\u00fcd\u00f6ske egy egyny\u00e1ri d\u00edszn\u00f6v\u00e9ny.<\/p>\n<p>A n\u00f6v\u00e9ny bokros n\u00f6veked\u00e9s\u0171, \u00e9s \u00e9l\u00e9nk s\u00e1rga, narancss\u00e1rga vagy v\u00f6r\u00f6s vir\u00e1gai vannak.<\/p>\n<p>A b\u00fcd\u00f6ske levelei finoman szeldeltek \u00e9s fogazottak.<\/p>\n<p>A n\u00f6v\u00e9ny k\u00fcl\u00f6nlegess\u00e9ge az er\u0151s, f\u0171szeres illata, amely hat\u00e9konyan t\u00e1vol tartja a k\u00e1rtev\u0151ket.<\/p>\n<p>T\u00f6k\u00e9letes biogazd\u00e1lkod\u00e1sban is.<\/p>\n<p>A b\u00fcd\u00f6ske gondoz\u00e1sa egyszer\u0171.<\/p>\n<p>Kezd\u0151 kert\u00e9szek is siker\u00e9lm\u00e9nyt \u00e9rhetnek el vele.<\/p>\n<p>Napf\u00e9nykedvel\u0151 n\u00f6v\u00e9ny, amely j\u00f3l t\u0171ri a sz\u00e1razs\u00e1got \u00e9s a t\u0171z\u0151 napot.<\/p>\n<p>Vir\u00e1gz\u00e1sa tavasz v\u00e9g\u00e9t\u0151l \u0151szig tart, \u00e9s a vir\u00e1gz\u00e1si id\u0151 meghosszabb\u00edthat\u00f3 az elny\u00edlt vir\u00e1gok elt\u00e1vol\u00edt\u00e1s\u00e1val, \u00e9s szakaszos vet\u00e9ssel.<\/p>\n<p><strong>K\u00e9szlet\u00fcnk napi szinten v\u00e1ltozik, ez\u00e9rt k\u00e9rj\u00fck, \u00e9rdekl\u0151dj\u00f6n szem\u00e9lyesen, telefonon vagy email-en.<br \/>\nA v\u00e1ltoztat\u00e1s jog\u00e1t fenntartjuk!\u00a0<\/strong><\/p>\n<p>&nbsp;<\/p>\n<p><a href=\"https:\/\/tajkertesz.com\/\">https:\/\/tajkertesz.com\/<\/a><\/p>\n<p><a href=\"https:\/\/www.facebook.com\/tajkertesz\/\">https:\/\/www.facebook.com\/tajkertesz\/<\/a><\/p>\n<p>Kisz\u00e1ll\u00edt\u00e1s: 200cm-ig \u00a0\u00e9s 40 kg-ig a sz\u00e1ll\u00edt\u00e1s fut\u00e1rszolg\u00e1lattal \u00a0t\u00f6rt\u00e9nik.<\/p>\n<p>Szem\u00e9lyes \u00e1tv\u00e9tel nyitvatart\u00e1si id\u0151ben a 17. ker\u00fclet Bakancsos utca 7. sz\u00e1m alatti Kert\u00e9szeti \u00e1rud\u00e1nkban.<\/p>\n<p>A B\u00e1rsonyvir\u00e1g Kisvir\u00e1g\u00fa sz\u00ednkever\u00e9k 1 g sokoldal\u00faan felhaszn\u00e1lhat\u00f3 d\u00edszn\u00f6v\u00e9ny. Nemcsak d\u00edsze a vir\u00e1g\u00e1gy\u00e1soknak, de kit\u0171n\u0151 k\u00e1rtev\u0151-elh\u00e1r\u00edt\u00f3 a z\u00f6lds\u00e9geskert\u00fcnkben. Lev\u00e9ltetvek, fon\u00e1lf\u00e9rgek ellen sikeresen alkalmazz\u00e1k a biokert\u00e9szek.\u00a0A b\u00e1rsonyvir\u00e1g , m\u00e1s n\u00e9ven b\u00fcd\u00f6ske egy egyny\u00e1ri d\u00edszn\u00f6v\u00e9ny.\u00a0A n\u00f6v\u00e9ny bokros n\u00f6veked\u00e9s\u0171, \u00e9s \u00e9l\u00e9nk s\u00e1rga, narancss\u00e1rga vagy v\u00f6r\u00f6s vir\u00e1gai vannak.\u00a0A b\u00fcd\u00f6ske levelei finoman szeldeltek \u00e9s fogazottak.\u00a0A n\u00f6v\u00e9ny k\u00fcl\u00f6nlegess\u00e9ge az er\u0151s, f\u0171szeres illata, amely hat\u00e9konyan t\u00e1vol tartja a k\u00e1rtev\u0151ket.\u00a0T\u00f6k\u00e9letes biogazd\u00e1lkod\u00e1sban is.\u00a0A b\u00fcd\u00f6ske gondoz\u00e1sa egyszer\u0171.\u00a0Kezd\u0151 kert\u00e9szek is siker\u00e9lm\u00e9nyt \u00e9rhetnek el vele.\u00a0Napf\u00e9nykedvel\u0151 n\u00f6v\u00e9ny, amely j\u00f3l t\u0171ri a sz\u00e1razs\u00e1got \u00e9s a t\u0171z\u0151 napot.\u00a0Vir\u00e1gz\u00e1sa tavasz v\u00e9g\u00e9t\u0151l \u0151szig tart, \u00e9s a vir\u00e1gz\u00e1si id\u0151 meghosszabb\u00edthat\u00f3 az elny\u00edlt vir\u00e1gok elt\u00e1vol\u00edt\u00e1s\u00e1val, \u00e9s szakaszos vet\u00e9ssel.<\/p>","protected":false},"excerpt":{"rendered":"<p>A B\u00e1rsonyvir\u00e1g Kisvir\u00e1g\u00fa sz\u00ednkever\u00e9k 1 g sokoldal\u00faan felhaszn\u00e1lhat\u00f3 d\u00edszn\u00f6v\u00e9ny. Nemcsak d\u00edsze a vir\u00e1g\u00e1gy\u00e1soknak, de kit\u0171n\u0151 k\u00e1rtev\u0151-elh\u00e1r\u00edt\u00f3 a z\u00f6lds\u00e9geskert\u00fcnkben. Lev\u00e9ltetvek, fon\u00e1lf\u00e9rgek ellen sikeresen alkalmazz\u00e1k a biokert\u00e9szek.<\/p>","protected":false},"featured_media":20781,"template":"","meta":{"_et_pb_use_builder":"","_et_pb_old_content":"","_et_gb_content_width":""},"product_brand":[],"product_cat":[2882],"product_tag":[711,5243,5239,5242,5241,2825,5240],"class_list":{"0":"post-20780","1":"product","2":"type-product","3":"status-publish","4":"has-post-thumbnail","6":"product_cat-virag-vetomagok","7":"product_tag-nana","8":"product_tag-barsonyvirag","9":"product_tag-budoske","10":"product_tag-kisviragu","11":"product_tag-patula","12":"product_tag-szinkeverek","13":"product_tag-tagetes","15":"first","16":"instock","17":"shipping-taxable","18":"purchasable","19":"product-type-simple"},"yoast_head":"<!-- This site is optimized with the Yoast SEO plugin v27.5 - https:\/\/yoast.com\/product\/yoast-seo-wordpress\/ -->\n<title>B\u00e1rsonyvir\u00e1g Kisvir\u00e1g\u00fa sz\u00ednkever\u00e9k 1 g - T\u00e1jkert\u00e9sz<\/title>\n<meta name=\"description\" content=\"A B\u00e1rsonyvir\u00e1g Kisvir\u00e1g\u00fa sz\u00ednkever\u00e9k 1 g sokoldal\u00faan felhaszn\u00e1lhat\u00f3 d\u00edszn\u00f6v\u00e9ny. Nemcsak d\u00edsze a vir\u00e1g\u00e1gy\u00e1soknak, de kit\u0171n\u0151 k\u00e1rtev\u0151-elh\u00e1r\u00edt\u00f3.\" \/>\n<meta name=\"robots\" content=\"index, follow, max-snippet:-1, max-image-preview:large, max-video-preview:-1\" \/>\n<link rel=\"canonical\" href=\"https:\/\/tajkertesz.com\/en_US\/product\/barsonyvirag-kisviragu-szinkeverek-1-g\/\" \/>\n<meta property=\"og:locale\" content=\"en_US\" \/>\n<meta property=\"og:type\" content=\"article\" \/>\n<meta property=\"og:title\" content=\"B\u00e1rsonyvir\u00e1g Kisvir\u00e1g\u00fa sz\u00ednkever\u00e9k 1 g - T\u00e1jkert\u00e9sz\" \/>\n<meta property=\"og:description\" content=\"A B\u00e1rsonyvir\u00e1g Kisvir\u00e1g\u00fa sz\u00ednkever\u00e9k 1 g sokoldal\u00faan felhaszn\u00e1lhat\u00f3 d\u00edszn\u00f6v\u00e9ny. Nemcsak d\u00edsze a vir\u00e1g\u00e1gy\u00e1soknak, de kit\u0171n\u0151 k\u00e1rtev\u0151-elh\u00e1r\u00edt\u00f3.\" \/>\n<meta property=\"og:url\" content=\"https:\/\/tajkertesz.com\/en_US\/product\/barsonyvirag-kisviragu-szinkeverek-1-g\/\" \/>\n<meta property=\"og:site_name\" content=\"T\u00e1jkert\u00e9sz\" \/>\n<meta property=\"article:publisher\" content=\"https:\/\/www.facebook.com\/Tajkertesz\/\" \/>\n<meta property=\"article:modified_time\" content=\"2026-02-12T15:13:53+00:00\" \/>\n<meta property=\"og:image\" content=\"https:\/\/tajkertesz.com\/wp-content\/uploads\/2024\/07\/tagetes.jpg\" \/>\n\t<meta property=\"og:image:width\" content=\"630\" \/>\n\t<meta property=\"og:image:height\" content=\"1142\" \/>\n\t<meta property=\"og:image:type\" content=\"image\/jpeg\" \/>\n<meta name=\"twitter:card\" content=\"summary_large_image\" \/>\n<meta name=\"twitter:label1\" content=\"Est. reading time\" \/>\n\t<meta name=\"twitter:data1\" content=\"2 minutes\" \/>\n<script type=\"application\/ld+json\" class=\"yoast-schema-graph\">{\"@context\":\"https:\\\/\\\/schema.org\",\"@graph\":[{\"@type\":\"WebPage\",\"@id\":\"https:\\\/\\\/tajkertesz.com\\\/termek\\\/barsonyvirag-kisviragu-szinkeverek-1-g\\\/\",\"url\":\"https:\\\/\\\/tajkertesz.com\\\/termek\\\/barsonyvirag-kisviragu-szinkeverek-1-g\\\/\",\"name\":\"B\u00e1rsonyvir\u00e1g Kisvir\u00e1g\u00fa sz\u00ednkever\u00e9k 1 g - T\u00e1jkert\u00e9sz\",\"isPartOf\":{\"@id\":\"https:\\\/\\\/tajkertesz.com\\\/#website\"},\"primaryImageOfPage\":{\"@id\":\"https:\\\/\\\/tajkertesz.com\\\/termek\\\/barsonyvirag-kisviragu-szinkeverek-1-g\\\/#primaryimage\"},\"image\":{\"@id\":\"https:\\\/\\\/tajkertesz.com\\\/termek\\\/barsonyvirag-kisviragu-szinkeverek-1-g\\\/#primaryimage\"},\"thumbnailUrl\":\"https:\\\/\\\/tajkertesz.com\\\/wp-content\\\/uploads\\\/2024\\\/07\\\/tagetes.jpg\",\"datePublished\":\"2024-07-31T13:25:51+00:00\",\"dateModified\":\"2026-02-12T15:13:53+00:00\",\"description\":\"A B\u00e1rsonyvir\u00e1g Kisvir\u00e1g\u00fa sz\u00ednkever\u00e9k 1 g sokoldal\u00faan felhaszn\u00e1lhat\u00f3 d\u00edszn\u00f6v\u00e9ny. Nemcsak d\u00edsze a vir\u00e1g\u00e1gy\u00e1soknak, de kit\u0171n\u0151 k\u00e1rtev\u0151-elh\u00e1r\u00edt\u00f3.\",\"breadcrumb\":{\"@id\":\"https:\\\/\\\/tajkertesz.com\\\/termek\\\/barsonyvirag-kisviragu-szinkeverek-1-g\\\/#breadcrumb\"},\"inLanguage\":\"en-US\",\"potentialAction\":[{\"@type\":\"ReadAction\",\"target\":[\"https:\\\/\\\/tajkertesz.com\\\/termek\\\/barsonyvirag-kisviragu-szinkeverek-1-g\\\/\"]}]},{\"@type\":\"ImageObject\",\"inLanguage\":\"en-US\",\"@id\":\"https:\\\/\\\/tajkertesz.com\\\/termek\\\/barsonyvirag-kisviragu-szinkeverek-1-g\\\/#primaryimage\",\"url\":\"https:\\\/\\\/tajkertesz.com\\\/wp-content\\\/uploads\\\/2024\\\/07\\\/tagetes.jpg\",\"contentUrl\":\"https:\\\/\\\/tajkertesz.com\\\/wp-content\\\/uploads\\\/2024\\\/07\\\/tagetes.jpg\",\"width\":630,\"height\":1142},{\"@type\":\"BreadcrumbList\",\"@id\":\"https:\\\/\\\/tajkertesz.com\\\/termek\\\/barsonyvirag-kisviragu-szinkeverek-1-g\\\/#breadcrumb\",\"itemListElement\":[{\"@type\":\"ListItem\",\"position\":1,\"name\":\"Home\",\"item\":\"https:\\\/\\\/tajkertesz.com\\\/\"},{\"@type\":\"ListItem\",\"position\":2,\"name\":\"Kezd\u0151lap\",\"item\":\"https:\\\/\\\/tajkertesz.com\\\/\"},{\"@type\":\"ListItem\",\"position\":3,\"name\":\"B\u00e1rsonyvir\u00e1g Kisvir\u00e1g\u00fa sz\u00ednkever\u00e9k 1 g\"}]},{\"@type\":\"WebSite\",\"@id\":\"https:\\\/\\\/tajkertesz.com\\\/#website\",\"url\":\"https:\\\/\\\/tajkertesz.com\\\/\",\"name\":\"T\u00e1j-Kert\u00e9sz 84 Kft.\",\"description\":\"Kert\u00e9szeti kis- \u00e9s nagykeresked\u00e9s, D\u00edszn\u00f6v\u00e9ny web\u00e1ruh\u00e1z orsz\u00e1gos h\u00e1zhozsz\u00e1ll\u00edt\u00e1ssal!\",\"publisher\":{\"@id\":\"https:\\\/\\\/tajkertesz.com\\\/#organization\"},\"potentialAction\":[{\"@type\":\"SearchAction\",\"target\":{\"@type\":\"EntryPoint\",\"urlTemplate\":\"https:\\\/\\\/tajkertesz.com\\\/?s={search_term_string}\"},\"query-input\":{\"@type\":\"PropertyValueSpecification\",\"valueRequired\":true,\"valueName\":\"search_term_string\"}}],\"inLanguage\":\"en-US\"},{\"@type\":\"Organization\",\"@id\":\"https:\\\/\\\/tajkertesz.com\\\/#organization\",\"name\":\"T\u00e1j-Kert\u00e9sz 84 Kft.\",\"url\":\"https:\\\/\\\/tajkertesz.com\\\/\",\"logo\":{\"@type\":\"ImageObject\",\"inLanguage\":\"en-US\",\"@id\":\"https:\\\/\\\/tajkertesz.com\\\/#\\\/schema\\\/logo\\\/image\\\/\",\"url\":\"https:\\\/\\\/tajkertesz.com\\\/wp-content\\\/uploads\\\/2018\\\/02\\\/logo-2-e1518678052539.png\",\"contentUrl\":\"https:\\\/\\\/tajkertesz.com\\\/wp-content\\\/uploads\\\/2018\\\/02\\\/logo-2-e1518678052539.png\",\"width\":81,\"height\":140,\"caption\":\"T\u00e1j-Kert\u00e9sz 84 Kft.\"},\"image\":{\"@id\":\"https:\\\/\\\/tajkertesz.com\\\/#\\\/schema\\\/logo\\\/image\\\/\"},\"sameAs\":[\"https:\\\/\\\/www.facebook.com\\\/Tajkertesz\\\/\"]}]}<\/script>\n<!-- \/ Yoast SEO plugin. -->","yoast_head_json":{"title":"B\u00e1rsonyvir\u00e1g Kisvir\u00e1g\u00fa sz\u00ednkever\u00e9k 1 g - T\u00e1jkert\u00e9sz","description":"A B\u00e1rsonyvir\u00e1g Kisvir\u00e1g\u00fa sz\u00ednkever\u00e9k 1 g sokoldal\u00faan felhaszn\u00e1lhat\u00f3 d\u00edszn\u00f6v\u00e9ny. Nemcsak d\u00edsze a vir\u00e1g\u00e1gy\u00e1soknak, de kit\u0171n\u0151 k\u00e1rtev\u0151-elh\u00e1r\u00edt\u00f3.","robots":{"index":"index","follow":"follow","max-snippet":"max-snippet:-1","max-image-preview":"max-image-preview:large","max-video-preview":"max-video-preview:-1"},"canonical":"https:\/\/tajkertesz.com\/en_US\/product\/barsonyvirag-kisviragu-szinkeverek-1-g\/","og_locale":"en_US","og_type":"article","og_title":"B\u00e1rsonyvir\u00e1g Kisvir\u00e1g\u00fa sz\u00ednkever\u00e9k 1 g - T\u00e1jkert\u00e9sz","og_description":"A B\u00e1rsonyvir\u00e1g Kisvir\u00e1g\u00fa sz\u00ednkever\u00e9k 1 g sokoldal\u00faan felhaszn\u00e1lhat\u00f3 d\u00edszn\u00f6v\u00e9ny. Nemcsak d\u00edsze a vir\u00e1g\u00e1gy\u00e1soknak, de kit\u0171n\u0151 k\u00e1rtev\u0151-elh\u00e1r\u00edt\u00f3.","og_url":"https:\/\/tajkertesz.com\/en_US\/product\/barsonyvirag-kisviragu-szinkeverek-1-g\/","og_site_name":"T\u00e1jkert\u00e9sz","article_publisher":"https:\/\/www.facebook.com\/Tajkertesz\/","article_modified_time":"2026-02-12T15:13:53+00:00","og_image":[{"width":630,"height":1142,"url":"https:\/\/tajkertesz.com\/wp-content\/uploads\/2024\/07\/tagetes.jpg","type":"image\/jpeg"}],"twitter_card":"summary_large_image","twitter_misc":{"Est. reading time":"2 minutes"},"schema":{"@context":"https:\/\/schema.org","@graph":[{"@type":"WebPage","@id":"https:\/\/tajkertesz.com\/termek\/barsonyvirag-kisviragu-szinkeverek-1-g\/","url":"https:\/\/tajkertesz.com\/termek\/barsonyvirag-kisviragu-szinkeverek-1-g\/","name":"B\u00e1rsonyvir\u00e1g Kisvir\u00e1g\u00fa sz\u00ednkever\u00e9k 1 g - T\u00e1jkert\u00e9sz","isPartOf":{"@id":"https:\/\/tajkertesz.com\/#website"},"primaryImageOfPage":{"@id":"https:\/\/tajkertesz.com\/termek\/barsonyvirag-kisviragu-szinkeverek-1-g\/#primaryimage"},"image":{"@id":"https:\/\/tajkertesz.com\/termek\/barsonyvirag-kisviragu-szinkeverek-1-g\/#primaryimage"},"thumbnailUrl":"https:\/\/tajkertesz.com\/wp-content\/uploads\/2024\/07\/tagetes.jpg","datePublished":"2024-07-31T13:25:51+00:00","dateModified":"2026-02-12T15:13:53+00:00","description":"A B\u00e1rsonyvir\u00e1g Kisvir\u00e1g\u00fa sz\u00ednkever\u00e9k 1 g sokoldal\u00faan felhaszn\u00e1lhat\u00f3 d\u00edszn\u00f6v\u00e9ny. Nemcsak d\u00edsze a vir\u00e1g\u00e1gy\u00e1soknak, de kit\u0171n\u0151 k\u00e1rtev\u0151-elh\u00e1r\u00edt\u00f3.","breadcrumb":{"@id":"https:\/\/tajkertesz.com\/termek\/barsonyvirag-kisviragu-szinkeverek-1-g\/#breadcrumb"},"inLanguage":"en-US","potentialAction":[{"@type":"ReadAction","target":["https:\/\/tajkertesz.com\/termek\/barsonyvirag-kisviragu-szinkeverek-1-g\/"]}]},{"@type":"ImageObject","inLanguage":"en-US","@id":"https:\/\/tajkertesz.com\/termek\/barsonyvirag-kisviragu-szinkeverek-1-g\/#primaryimage","url":"https:\/\/tajkertesz.com\/wp-content\/uploads\/2024\/07\/tagetes.jpg","contentUrl":"https:\/\/tajkertesz.com\/wp-content\/uploads\/2024\/07\/tagetes.jpg","width":630,"height":1142},{"@type":"BreadcrumbList","@id":"https:\/\/tajkertesz.com\/termek\/barsonyvirag-kisviragu-szinkeverek-1-g\/#breadcrumb","itemListElement":[{"@type":"ListItem","position":1,"name":"Home","item":"https:\/\/tajkertesz.com\/"},{"@type":"ListItem","position":2,"name":"Kezd\u0151lap","item":"https:\/\/tajkertesz.com\/"},{"@type":"ListItem","position":3,"name":"B\u00e1rsonyvir\u00e1g Kisvir\u00e1g\u00fa sz\u00ednkever\u00e9k 1 g"}]},{"@type":"WebSite","@id":"https:\/\/tajkertesz.com\/#website","url":"https:\/\/tajkertesz.com\/","name":"T\u00e1j-Kert\u00e9sz 84 Kft.","description":"Kert\u00e9szeti kis- \u00e9s nagykeresked\u00e9s, D\u00edszn\u00f6v\u00e9ny web\u00e1ruh\u00e1z orsz\u00e1gos h\u00e1zhozsz\u00e1ll\u00edt\u00e1ssal!","publisher":{"@id":"https:\/\/tajkertesz.com\/#organization"},"potentialAction":[{"@type":"SearchAction","target":{"@type":"EntryPoint","urlTemplate":"https:\/\/tajkertesz.com\/?s={search_term_string}"},"query-input":{"@type":"PropertyValueSpecification","valueRequired":true,"valueName":"search_term_string"}}],"inLanguage":"en-US"},{"@type":"Organization","@id":"https:\/\/tajkertesz.com\/#organization","name":"T\u00e1j-Kert\u00e9sz 84 Kft.","url":"https:\/\/tajkertesz.com\/","logo":{"@type":"ImageObject","inLanguage":"en-US","@id":"https:\/\/tajkertesz.com\/#\/schema\/logo\/image\/","url":"https:\/\/tajkertesz.com\/wp-content\/uploads\/2018\/02\/logo-2-e1518678052539.png","contentUrl":"https:\/\/tajkertesz.com\/wp-content\/uploads\/2018\/02\/logo-2-e1518678052539.png","width":81,"height":140,"caption":"T\u00e1j-Kert\u00e9sz 84 Kft."},"image":{"@id":"https:\/\/tajkertesz.com\/#\/schema\/logo\/image\/"},"sameAs":["https:\/\/www.facebook.com\/Tajkertesz\/"]}]}},"_links":{"self":[{"href":"https:\/\/tajkertesz.com\/en_US\/wp-json\/wp\/v2\/product\/20780","targetHints":{"allow":["GET"]}}],"collection":[{"href":"https:\/\/tajkertesz.com\/en_US\/wp-json\/wp\/v2\/product"}],"about":[{"href":"https:\/\/tajkertesz.com\/en_US\/wp-json\/wp\/v2\/types\/product"}],"wp:featuredmedia":[{"embeddable":true,"href":"https:\/\/tajkertesz.com\/en_US\/wp-json\/wp\/v2\/media\/20781"}],"wp:attachment":[{"href":"https:\/\/tajkertesz.com\/en_US\/wp-json\/wp\/v2\/media?parent=20780"}],"wp:term":[{"taxonomy":"product_brand","embeddable":true,"href":"https:\/\/tajkertesz.com\/en_US\/wp-json\/wp\/v2\/product_brand?post=20780"},{"taxonomy":"product_cat","embeddable":true,"href":"https:\/\/tajkertesz.com\/en_US\/wp-json\/wp\/v2\/product_cat?post=20780"},{"taxonomy":"product_tag","embeddable":true,"href":"https:\/\/tajkertesz.com\/en_US\/wp-json\/wp\/v2\/product_tag?post=20780"}],"curies":[{"name":"wp","href":"https:\/\/api.w.org\/{rel}","templated":true}]}}