{"id":20783,"date":"2024-07-31T13:32:20","date_gmt":"2024-07-31T13:32:20","guid":{"rendered":"https:\/\/tajkertesz.com\/?post_type=product&#038;p=20783"},"modified":"2026-02-12T15:13:22","modified_gmt":"2026-02-12T15:13:22","slug":"ausztral-szazszorszep-025-g","status":"publish","type":"product","link":"https:\/\/tajkertesz.com\/en_US\/product\/ausztral-szazszorszep-025-g\/","title":{"rendered":"Ausztr\u00e1l sz\u00e1zszorsz\u00e9p 0,25 g"},"content":{"rendered":"<div><\/div>\n<div>\n<p class=\"pix30 fw500\">Ausztr\u00e1l sz\u00e1zszorsz\u00e9p 0,25 g<\/p>\n<p>Az Ausztr\u00e1l sz\u00e1zszorsz\u00e9p 0,25 g Brachycome iberidifolia gyors n\u00f6veked\u00e9s\u0171, hosszan vir\u00e1gz\u00f3, egyny\u00e1ri d\u00edszn\u00f6v\u00e9ny mely napos helyet ig\u00e9nyel. Tipp: A fiatal n\u00f6v\u00e9nyeket \u00e9rdemes visszacs\u00edpni a d\u00fas el\u00e1gaz\u00f3d\u00e1s \u00e9rdek\u00e9ben.<\/p>\n<\/div>\n<p>A Brachyscome iberidifolia, k\u00f6zismert nev\u00e9n ausztr\u00e1lsz\u00e1zszorsz\u00e9p\u00a0 egy egyny\u00e1ri d\u00edszn\u00f6v\u00e9ny, amely Nyugat-Ausztr\u00e1li\u00e1b\u00f3l sz\u00e1rmazik.<\/p>\n<p>Ez a n\u00f6v\u00e9ny k\u00fcl\u00f6n\u00f6sen n\u00e9pszer\u0171 a kertekben, mivel k\u00f6nnyen alkalmazkodik k\u00fcl\u00f6nb\u00f6z\u0151 talajviszonyokhoz, bele\u00e9rtve a szeg\u00e9nyes vagy homokos talajokat is.<\/p>\n<p>Az ausztr\u00e1lsz\u00e1zszorsz\u00e9p jellemz\u0151en 20-35 cm magasra n\u0151, \u00e9s eg\u00e9sz ny\u00e1ron \u00e1t vir\u00e1gzik, gyakran eg\u00e9szen a fagyokig.<\/p>\n<p>A n\u00f6v\u00e9ny gondoz\u00e1sa nem ig\u00e9nyel k\u00fcl\u00f6n\u00f6sebb szak\u00e9rtelmet, de a d\u00fas vir\u00e1gz\u00e1shoz sok f\u00e9nyt \u00e9s t\u00e1panyagot ig\u00e9nyel.<\/p>\n<p>Vet\u00e9s: IV:. h\u00f3.<\/p>\n<div>\n<p>Sort\u00e1vols\u00e1g: 25x 15 cm.<\/p>\n<p>Magass\u00e1ga 25-30 cm<\/p>\n<\/div>\n<div><\/div>\n<p>&nbsp;<\/p>\n<p style=\"line-height: 18.0pt; background: white; margin: 0cm 0cm 15.0pt 0cm;\"><span style=\"font-family: 'Ubuntu',serif; color: black;\">El\u00e9rhet\u0151 t\u00f6bbf\u00e9le m\u00e9retben \u00e9s \u00e1rban.<\/span><\/p>\n<p style=\"line-height: 18.0pt; background: white; margin: 0cm 0cm 15.0pt 0cm;\"><b><span style=\"font-family: 'Ubuntu',serif; color: black;\">K\u00e9szlet\u00fcnk napi szinten v\u00e1ltozik, ez\u00e9rt k\u00e9rj\u00fck, \u00e9rdekl\u0151dj\u00f6n szem\u00e9lyesen, telefonon vagy email-en.<br \/>\nA v\u00e1ltoztat\u00e1s jog\u00e1t fenntartjuk!\u00a0<\/span><\/b><\/p>\n<p><a href=\"https:\/\/tajkertesz.com\/\">https:\/\/tajkertesz.com\/<\/a><\/p>\n<p><a href=\"https:\/\/www.facebook.com\/tajkertesz\">https:\/\/www.facebook.com\/tajkertesz<\/a><\/p>\n<div>\n<p class=\"pix30 fw500\">Ausztr\u00e1l sz\u00e1zszorsz\u00e9p 0,25 g<\/p>\n<p>Az Ausztr\u00e1l sz\u00e1zszorsz\u00e9p 0,25 g Brachycome iberidifolia gyors n\u00f6veked\u00e9s\u0171, hosszan vir\u00e1gz\u00f3, egyny\u00e1ri d\u00edszn\u00f6v\u00e9ny mely napos helyet ig\u00e9nyel. Tipp: A fiatal n\u00f6v\u00e9nyeket \u00e9rdemes visszacs\u00edpni a d\u00fas el\u00e1gaz\u00f3d\u00e1s \u00e9rdek\u00e9ben. A Brachyscome iberidifolia, k\u00f6zismert nev\u00e9n ausztr\u00e1lsz\u00e1zszorsz\u00e9p\u00a0 egy egyny\u00e1ri d\u00edszn\u00f6v\u00e9ny, amely Nyugat-Ausztr\u00e1li\u00e1b\u00f3l sz\u00e1rmazik. Ez a n\u00f6v\u00e9ny k\u00fcl\u00f6n\u00f6sen n\u00e9pszer\u0171 a kertekben, mivel k\u00f6nnyen alkalmazkodik k\u00fcl\u00f6nb\u00f6z\u0151 talajviszonyokhoz, bele\u00e9rtve a szeg\u00e9nyes vagy homokos talajokat is. Az ausztr\u00e1lsz\u00e1zszorsz\u00e9p jellemz\u0151en 20-35 cm magasra n\u0151, \u00e9s eg\u00e9sz ny\u00e1ron \u00e1t vir\u00e1gzik, gyakran eg\u00e9szen a fagyokig. A n\u00f6v\u00e9ny gondoz\u00e1sa nem ig\u00e9nyel k\u00fcl\u00f6n\u00f6sebb szak\u00e9rtelmet, de a d\u00fas vir\u00e1gz\u00e1shoz sok f\u00e9nyt \u00e9s t\u00e1panyagot ig\u00e9nyel. Vet\u00e9s: IV:. h\u00f3. Sort\u00e1vols\u00e1g: 25x 15 cm. Magass\u00e1ga 25-30 cm<\/p>\n<\/div>\n<div><\/div>\n<p>&nbsp;<\/p>\n<p>&nbsp;<\/p>\n<h4><span style=\"color: #ffffff;\"><strong>A\u00a0<\/strong><\/span><\/h4>","protected":false},"excerpt":{"rendered":"<p>Ausztr\u00e1l sz\u00e1zszorsz\u00e9p 0,25 g<\/p>\n<p>Gyors n\u00f6veked\u00e9s\u0171, hosszan vir\u00e1gz\u00f3, egyny\u00e1ri d\u00edszn\u00f6v\u00e9ny. Napos helyet ig\u00e9nyel. Tipp: A fiatal n\u00f6v\u00e9nyeket \u00e9rdemes visszacs\u00edpni a d\u00fas el\u00e1gaz\u00f3d\u00e1s \u00e9rdek\u00e9ben.<\/p>","protected":false},"featured_media":20784,"template":"","meta":{"_et_pb_use_builder":"","_et_pb_old_content":"","_et_gb_content_width":""},"product_brand":[],"product_cat":[2882],"product_tag":[5245,5244,5246,5247,4124],"class_list":{"0":"post-20783","1":"product","2":"type-product","3":"status-publish","4":"has-post-thumbnail","6":"product_cat-virag-vetomagok","7":"product_tag-25-g","8":"product_tag-ausztral","9":"product_tag-brachycome","10":"product_tag-iberidifolia","11":"product_tag-szazszorszep","13":"first","14":"instock","15":"shipping-taxable","16":"purchasable","17":"product-type-simple"},"yoast_head":"<!-- This site is optimized with the Yoast SEO plugin v27.3 - https:\/\/yoast.com\/product\/yoast-seo-wordpress\/ -->\n<title>Ausztr\u00e1l sz\u00e1zszorsz\u00e9p 0,25 g - T\u00e1jkert\u00e9sz<\/title>\n<meta name=\"description\" content=\"Az Ausztr\u00e1l sz\u00e1zszorsz\u00e9p 0,25 g Brachycome iberidifolia gyors n\u00f6veked\u00e9s\u0171, hosszan vir\u00e1gz\u00f3, egyny\u00e1ri d\u00edszn\u00f6v\u00e9ny mely napos helyet ig\u00e9nyel.\" \/>\n<meta name=\"robots\" content=\"index, follow, max-snippet:-1, max-image-preview:large, max-video-preview:-1\" \/>\n<link rel=\"canonical\" href=\"https:\/\/tajkertesz.com\/en_US\/product\/ausztral-szazszorszep-025-g\/\" \/>\n<meta property=\"og:locale\" content=\"en_US\" \/>\n<meta property=\"og:type\" content=\"article\" \/>\n<meta property=\"og:title\" content=\"Ausztr\u00e1l sz\u00e1zszorsz\u00e9p 0,25 g - T\u00e1jkert\u00e9sz\" \/>\n<meta property=\"og:description\" content=\"Az Ausztr\u00e1l sz\u00e1zszorsz\u00e9p 0,25 g Brachycome iberidifolia gyors n\u00f6veked\u00e9s\u0171, hosszan vir\u00e1gz\u00f3, egyny\u00e1ri d\u00edszn\u00f6v\u00e9ny mely napos helyet ig\u00e9nyel.\" \/>\n<meta property=\"og:url\" content=\"https:\/\/tajkertesz.com\/en_US\/product\/ausztral-szazszorszep-025-g\/\" \/>\n<meta property=\"og:site_name\" content=\"T\u00e1jkert\u00e9sz\" \/>\n<meta property=\"article:publisher\" content=\"https:\/\/www.facebook.com\/Tajkertesz\/\" \/>\n<meta property=\"article:modified_time\" content=\"2026-02-12T15:13:22+00:00\" \/>\n<meta property=\"og:image\" content=\"https:\/\/tajkertesz.com\/wp-content\/uploads\/2024\/07\/ausztral.jpg\" \/>\n\t<meta property=\"og:image:width\" content=\"630\" \/>\n\t<meta property=\"og:image:height\" content=\"1142\" \/>\n\t<meta property=\"og:image:type\" content=\"image\/jpeg\" \/>\n<meta name=\"twitter:card\" content=\"summary_large_image\" \/>\n<meta name=\"twitter:label1\" content=\"Est. reading time\" \/>\n\t<meta name=\"twitter:data1\" content=\"2 minutes\" \/>\n<script type=\"application\/ld+json\" class=\"yoast-schema-graph\">{\"@context\":\"https:\\\/\\\/schema.org\",\"@graph\":[{\"@type\":\"WebPage\",\"@id\":\"https:\\\/\\\/tajkertesz.com\\\/termek\\\/ausztral-szazszorszep-025-g\\\/\",\"url\":\"https:\\\/\\\/tajkertesz.com\\\/termek\\\/ausztral-szazszorszep-025-g\\\/\",\"name\":\"Ausztr\u00e1l sz\u00e1zszorsz\u00e9p 0,25 g - T\u00e1jkert\u00e9sz\",\"isPartOf\":{\"@id\":\"https:\\\/\\\/tajkertesz.com\\\/#website\"},\"primaryImageOfPage\":{\"@id\":\"https:\\\/\\\/tajkertesz.com\\\/termek\\\/ausztral-szazszorszep-025-g\\\/#primaryimage\"},\"image\":{\"@id\":\"https:\\\/\\\/tajkertesz.com\\\/termek\\\/ausztral-szazszorszep-025-g\\\/#primaryimage\"},\"thumbnailUrl\":\"https:\\\/\\\/tajkertesz.com\\\/wp-content\\\/uploads\\\/2024\\\/07\\\/ausztral.jpg\",\"datePublished\":\"2024-07-31T13:32:20+00:00\",\"dateModified\":\"2026-02-12T15:13:22+00:00\",\"description\":\"Az Ausztr\u00e1l sz\u00e1zszorsz\u00e9p 0,25 g Brachycome iberidifolia gyors n\u00f6veked\u00e9s\u0171, hosszan vir\u00e1gz\u00f3, egyny\u00e1ri d\u00edszn\u00f6v\u00e9ny mely napos helyet ig\u00e9nyel.\",\"breadcrumb\":{\"@id\":\"https:\\\/\\\/tajkertesz.com\\\/termek\\\/ausztral-szazszorszep-025-g\\\/#breadcrumb\"},\"inLanguage\":\"en-US\",\"potentialAction\":[{\"@type\":\"ReadAction\",\"target\":[\"https:\\\/\\\/tajkertesz.com\\\/termek\\\/ausztral-szazszorszep-025-g\\\/\"]}]},{\"@type\":\"ImageObject\",\"inLanguage\":\"en-US\",\"@id\":\"https:\\\/\\\/tajkertesz.com\\\/termek\\\/ausztral-szazszorszep-025-g\\\/#primaryimage\",\"url\":\"https:\\\/\\\/tajkertesz.com\\\/wp-content\\\/uploads\\\/2024\\\/07\\\/ausztral.jpg\",\"contentUrl\":\"https:\\\/\\\/tajkertesz.com\\\/wp-content\\\/uploads\\\/2024\\\/07\\\/ausztral.jpg\",\"width\":630,\"height\":1142},{\"@type\":\"BreadcrumbList\",\"@id\":\"https:\\\/\\\/tajkertesz.com\\\/termek\\\/ausztral-szazszorszep-025-g\\\/#breadcrumb\",\"itemListElement\":[{\"@type\":\"ListItem\",\"position\":1,\"name\":\"Home\",\"item\":\"https:\\\/\\\/tajkertesz.com\\\/\"},{\"@type\":\"ListItem\",\"position\":2,\"name\":\"Kezd\u0151lap\",\"item\":\"https:\\\/\\\/tajkertesz.com\\\/\"},{\"@type\":\"ListItem\",\"position\":3,\"name\":\"Ausztr\u00e1l sz\u00e1zszorsz\u00e9p 0,25 g\"}]},{\"@type\":\"WebSite\",\"@id\":\"https:\\\/\\\/tajkertesz.com\\\/#website\",\"url\":\"https:\\\/\\\/tajkertesz.com\\\/\",\"name\":\"T\u00e1j-Kert\u00e9sz 84 Kft.\",\"description\":\"Kert\u00e9szeti kis- \u00e9s nagykeresked\u00e9s, D\u00edszn\u00f6v\u00e9ny web\u00e1ruh\u00e1z orsz\u00e1gos h\u00e1zhozsz\u00e1ll\u00edt\u00e1ssal!\",\"publisher\":{\"@id\":\"https:\\\/\\\/tajkertesz.com\\\/#organization\"},\"potentialAction\":[{\"@type\":\"SearchAction\",\"target\":{\"@type\":\"EntryPoint\",\"urlTemplate\":\"https:\\\/\\\/tajkertesz.com\\\/?s={search_term_string}\"},\"query-input\":{\"@type\":\"PropertyValueSpecification\",\"valueRequired\":true,\"valueName\":\"search_term_string\"}}],\"inLanguage\":\"en-US\"},{\"@type\":\"Organization\",\"@id\":\"https:\\\/\\\/tajkertesz.com\\\/#organization\",\"name\":\"T\u00e1j-Kert\u00e9sz 84 Kft.\",\"url\":\"https:\\\/\\\/tajkertesz.com\\\/\",\"logo\":{\"@type\":\"ImageObject\",\"inLanguage\":\"en-US\",\"@id\":\"https:\\\/\\\/tajkertesz.com\\\/#\\\/schema\\\/logo\\\/image\\\/\",\"url\":\"https:\\\/\\\/tajkertesz.com\\\/wp-content\\\/uploads\\\/2018\\\/02\\\/logo-2-e1518678052539.png\",\"contentUrl\":\"https:\\\/\\\/tajkertesz.com\\\/wp-content\\\/uploads\\\/2018\\\/02\\\/logo-2-e1518678052539.png\",\"width\":81,\"height\":140,\"caption\":\"T\u00e1j-Kert\u00e9sz 84 Kft.\"},\"image\":{\"@id\":\"https:\\\/\\\/tajkertesz.com\\\/#\\\/schema\\\/logo\\\/image\\\/\"},\"sameAs\":[\"https:\\\/\\\/www.facebook.com\\\/Tajkertesz\\\/\"]}]}<\/script>\n<!-- \/ Yoast SEO plugin. -->","yoast_head_json":{"title":"Ausztr\u00e1l sz\u00e1zszorsz\u00e9p 0,25 g - T\u00e1jkert\u00e9sz","description":"Az Ausztr\u00e1l sz\u00e1zszorsz\u00e9p 0,25 g Brachycome iberidifolia gyors n\u00f6veked\u00e9s\u0171, hosszan vir\u00e1gz\u00f3, egyny\u00e1ri d\u00edszn\u00f6v\u00e9ny mely napos helyet ig\u00e9nyel.","robots":{"index":"index","follow":"follow","max-snippet":"max-snippet:-1","max-image-preview":"max-image-preview:large","max-video-preview":"max-video-preview:-1"},"canonical":"https:\/\/tajkertesz.com\/en_US\/product\/ausztral-szazszorszep-025-g\/","og_locale":"en_US","og_type":"article","og_title":"Ausztr\u00e1l sz\u00e1zszorsz\u00e9p 0,25 g - T\u00e1jkert\u00e9sz","og_description":"Az Ausztr\u00e1l sz\u00e1zszorsz\u00e9p 0,25 g Brachycome iberidifolia gyors n\u00f6veked\u00e9s\u0171, hosszan vir\u00e1gz\u00f3, egyny\u00e1ri d\u00edszn\u00f6v\u00e9ny mely napos helyet ig\u00e9nyel.","og_url":"https:\/\/tajkertesz.com\/en_US\/product\/ausztral-szazszorszep-025-g\/","og_site_name":"T\u00e1jkert\u00e9sz","article_publisher":"https:\/\/www.facebook.com\/Tajkertesz\/","article_modified_time":"2026-02-12T15:13:22+00:00","og_image":[{"width":630,"height":1142,"url":"https:\/\/tajkertesz.com\/wp-content\/uploads\/2024\/07\/ausztral.jpg","type":"image\/jpeg"}],"twitter_card":"summary_large_image","twitter_misc":{"Est. reading time":"2 minutes"},"schema":{"@context":"https:\/\/schema.org","@graph":[{"@type":"WebPage","@id":"https:\/\/tajkertesz.com\/termek\/ausztral-szazszorszep-025-g\/","url":"https:\/\/tajkertesz.com\/termek\/ausztral-szazszorszep-025-g\/","name":"Ausztr\u00e1l sz\u00e1zszorsz\u00e9p 0,25 g - T\u00e1jkert\u00e9sz","isPartOf":{"@id":"https:\/\/tajkertesz.com\/#website"},"primaryImageOfPage":{"@id":"https:\/\/tajkertesz.com\/termek\/ausztral-szazszorszep-025-g\/#primaryimage"},"image":{"@id":"https:\/\/tajkertesz.com\/termek\/ausztral-szazszorszep-025-g\/#primaryimage"},"thumbnailUrl":"https:\/\/tajkertesz.com\/wp-content\/uploads\/2024\/07\/ausztral.jpg","datePublished":"2024-07-31T13:32:20+00:00","dateModified":"2026-02-12T15:13:22+00:00","description":"Az Ausztr\u00e1l sz\u00e1zszorsz\u00e9p 0,25 g Brachycome iberidifolia gyors n\u00f6veked\u00e9s\u0171, hosszan vir\u00e1gz\u00f3, egyny\u00e1ri d\u00edszn\u00f6v\u00e9ny mely napos helyet ig\u00e9nyel.","breadcrumb":{"@id":"https:\/\/tajkertesz.com\/termek\/ausztral-szazszorszep-025-g\/#breadcrumb"},"inLanguage":"en-US","potentialAction":[{"@type":"ReadAction","target":["https:\/\/tajkertesz.com\/termek\/ausztral-szazszorszep-025-g\/"]}]},{"@type":"ImageObject","inLanguage":"en-US","@id":"https:\/\/tajkertesz.com\/termek\/ausztral-szazszorszep-025-g\/#primaryimage","url":"https:\/\/tajkertesz.com\/wp-content\/uploads\/2024\/07\/ausztral.jpg","contentUrl":"https:\/\/tajkertesz.com\/wp-content\/uploads\/2024\/07\/ausztral.jpg","width":630,"height":1142},{"@type":"BreadcrumbList","@id":"https:\/\/tajkertesz.com\/termek\/ausztral-szazszorszep-025-g\/#breadcrumb","itemListElement":[{"@type":"ListItem","position":1,"name":"Home","item":"https:\/\/tajkertesz.com\/"},{"@type":"ListItem","position":2,"name":"Kezd\u0151lap","item":"https:\/\/tajkertesz.com\/"},{"@type":"ListItem","position":3,"name":"Ausztr\u00e1l sz\u00e1zszorsz\u00e9p 0,25 g"}]},{"@type":"WebSite","@id":"https:\/\/tajkertesz.com\/#website","url":"https:\/\/tajkertesz.com\/","name":"T\u00e1j-Kert\u00e9sz 84 Kft.","description":"Kert\u00e9szeti kis- \u00e9s nagykeresked\u00e9s, D\u00edszn\u00f6v\u00e9ny web\u00e1ruh\u00e1z orsz\u00e1gos h\u00e1zhozsz\u00e1ll\u00edt\u00e1ssal!","publisher":{"@id":"https:\/\/tajkertesz.com\/#organization"},"potentialAction":[{"@type":"SearchAction","target":{"@type":"EntryPoint","urlTemplate":"https:\/\/tajkertesz.com\/?s={search_term_string}"},"query-input":{"@type":"PropertyValueSpecification","valueRequired":true,"valueName":"search_term_string"}}],"inLanguage":"en-US"},{"@type":"Organization","@id":"https:\/\/tajkertesz.com\/#organization","name":"T\u00e1j-Kert\u00e9sz 84 Kft.","url":"https:\/\/tajkertesz.com\/","logo":{"@type":"ImageObject","inLanguage":"en-US","@id":"https:\/\/tajkertesz.com\/#\/schema\/logo\/image\/","url":"https:\/\/tajkertesz.com\/wp-content\/uploads\/2018\/02\/logo-2-e1518678052539.png","contentUrl":"https:\/\/tajkertesz.com\/wp-content\/uploads\/2018\/02\/logo-2-e1518678052539.png","width":81,"height":140,"caption":"T\u00e1j-Kert\u00e9sz 84 Kft."},"image":{"@id":"https:\/\/tajkertesz.com\/#\/schema\/logo\/image\/"},"sameAs":["https:\/\/www.facebook.com\/Tajkertesz\/"]}]}},"_links":{"self":[{"href":"https:\/\/tajkertesz.com\/en_US\/wp-json\/wp\/v2\/product\/20783","targetHints":{"allow":["GET"]}}],"collection":[{"href":"https:\/\/tajkertesz.com\/en_US\/wp-json\/wp\/v2\/product"}],"about":[{"href":"https:\/\/tajkertesz.com\/en_US\/wp-json\/wp\/v2\/types\/product"}],"wp:featuredmedia":[{"embeddable":true,"href":"https:\/\/tajkertesz.com\/en_US\/wp-json\/wp\/v2\/media\/20784"}],"wp:attachment":[{"href":"https:\/\/tajkertesz.com\/en_US\/wp-json\/wp\/v2\/media?parent=20783"}],"wp:term":[{"taxonomy":"product_brand","embeddable":true,"href":"https:\/\/tajkertesz.com\/en_US\/wp-json\/wp\/v2\/product_brand?post=20783"},{"taxonomy":"product_cat","embeddable":true,"href":"https:\/\/tajkertesz.com\/en_US\/wp-json\/wp\/v2\/product_cat?post=20783"},{"taxonomy":"product_tag","embeddable":true,"href":"https:\/\/tajkertesz.com\/en_US\/wp-json\/wp\/v2\/product_tag?post=20783"}],"curies":[{"name":"wp","href":"https:\/\/api.w.org\/{rel}","templated":true}]}}