{"id":20786,"date":"2024-08-14T13:18:08","date_gmt":"2024-08-14T13:18:08","guid":{"rendered":"https:\/\/tajkertesz.com\/?post_type=product&#038;p=20786"},"modified":"2026-02-12T15:12:23","modified_gmt":"2026-02-12T15:12:23","slug":"evelo-csillagfurt-szinkeverek-1-g","status":"publish","type":"product","link":"https:\/\/tajkertesz.com\/en_US\/product\/evelo-csillagfurt-szinkeverek-1-g\/","title":{"rendered":"\u00c9vel\u0151 csillagf\u00fcrt sz\u00ednkever\u00e9k 1 g"},"content":{"rendered":"<p>\u00c9vel\u0151 csillagf\u00fcrt sz\u00ednkever\u00e9k 1 g<\/p>\n<p>Az \u00c9vel\u0151 csillagf\u00fcrt sz\u00ednkever\u00e9k 1 g , sz\u00edn\u00e1rnyalatokban gazdag vir\u00e1gzatai er\u0151teljes hossz\u00fa sz\u00e1rakon ny\u00edlnak. Sz\u00e9p kerti d\u00edsz \u00e9s j\u00f3 v\u00e1gott vir\u00e1g. Az elny\u00edlt sz\u00e1rakat visszav\u00e1gva m\u00e9g egy vir\u00e1gz\u00e1sra sz\u00e1m\u00edthatunk. M\u00e9lyr\u00e9teg\u0171, v\u00edz\u00e1tereszt\u0151, m\u00e9szben szeg\u00e9ny talajt \u00e9s napf\u00e9nyes helyet k\u00edv\u00e1n.<\/p>\n<p>&nbsp;<\/p>\n<p>&nbsp;<\/p>\n<p><strong>K\u00e9szlet\u00fcnk napi szinten v\u00e1ltozik, ez\u00e9rt k\u00e9rj\u00fck, \u00e9rdekl\u0151dj\u00f6n szem\u00e9lyesen, telefonon vagy email-en.<br \/>\nA v\u00e1ltoztat\u00e1s jog\u00e1t fenntartjuk!\u00a0<\/strong><\/p>\n<p>&nbsp;<\/p>\n<p><a href=\"https:\/\/tajkertesz.com\/\">https:\/\/tajkertesz.com\/<\/a><\/p>\n<p><a href=\"https:\/\/www.facebook.com\/tajkertesz\/\">https:\/\/www.facebook.com\/tajkertesz\/<\/a><\/p>\n<p>Kisz\u00e1ll\u00edt\u00e1s: 200cm-ig \u00a0\u00e9s 40 kg-ig a sz\u00e1ll\u00edt\u00e1s fut\u00e1rszolg\u00e1lattal \u00a0t\u00f6rt\u00e9nik.<\/p>\n<p>Szem\u00e9lyes \u00e1tv\u00e9tel nyitvatart\u00e1si id\u0151ben a 17. ker\u00fclet Bakancsos utca 7. sz\u00e1m alatti Kert\u00e9szeti \u00e1rud\u00e1nkban.<\/p>","protected":false},"excerpt":{"rendered":"<p>\u00c9vel\u0151 csillagf\u00fcrt sz\u00ednkever\u00e9k 1 g Az \u00c9vel\u0151 csillagf\u00fcrt sz\u00ednkever\u00e9k 1 g , sz\u00edn\u00e1rnyalatokban gazdag vir\u00e1gzatai er\u0151teljes hossz\u00fa sz\u00e1rakon ny\u00edlnak. Sz\u00e9p kerti d\u00edsz \u00e9s j\u00f3 v\u00e1gott vir\u00e1g. Az elny\u00edlt sz\u00e1rakat visszav\u00e1gva m\u00e9g egy vir\u00e1gz\u00e1sra sz\u00e1m\u00edthatunk. M\u00e9lyr\u00e9teg\u0171, v\u00edz\u00e1tereszt\u0151, m\u00e9szben szeg\u00e9ny talajt \u00e9s napf\u00e9nyes helyet k\u00edv\u00e1n. &nbsp; &nbsp; K\u00e9szlet\u00fcnk napi szinten v\u00e1ltozik, ez\u00e9rt k\u00e9rj\u00fck, \u00e9rdekl\u0151dj\u00f6n szem\u00e9lyesen, telefonon vagy [&hellip;]<\/p>\n","protected":false},"featured_media":20787,"template":"","meta":{"_et_pb_use_builder":"","_et_pb_old_content":"","_et_gb_content_width":""},"product_brand":[],"product_cat":[2882],"product_tag":[5253,4338],"class_list":{"0":"post-20786","1":"product","2":"type-product","3":"status-publish","4":"has-post-thumbnail","6":"product_cat-virag-vetomagok","7":"product_tag-csillagfurt","8":"product_tag-evelo","10":"first","11":"outofstock","12":"shipping-taxable","13":"product-type-simple"},"yoast_head":"<!-- This site is optimized with the Yoast SEO plugin v27.4 - https:\/\/yoast.com\/product\/yoast-seo-wordpress\/ -->\n<title>\u00c9vel\u0151 csillagf\u00fcrt sz\u00ednkever\u00e9k 1 g - T\u00e1jkert\u00e9sz<\/title>\n<meta name=\"description\" content=\"Az \u00c9vel\u0151 csillagf\u00fcrt sz\u00ednkever\u00e9k 1 g sz\u00edn\u00e1rnyalatokban gazdag vir\u00e1gzatai er\u0151teljes hossz\u00fa sz\u00e1rakon ny\u00edlnak. Sz\u00e9p kerti d\u00edsz \u00e9s j\u00f3 v\u00e1gott vir\u00e1g.\" \/>\n<meta name=\"robots\" content=\"index, follow, max-snippet:-1, max-image-preview:large, max-video-preview:-1\" \/>\n<link rel=\"canonical\" href=\"https:\/\/tajkertesz.com\/en_US\/product\/evelo-csillagfurt-szinkeverek-1-g\/\" \/>\n<meta property=\"og:locale\" content=\"en_US\" \/>\n<meta property=\"og:type\" content=\"article\" \/>\n<meta property=\"og:title\" content=\"\u00c9vel\u0151 csillagf\u00fcrt sz\u00ednkever\u00e9k 1 g - T\u00e1jkert\u00e9sz\" \/>\n<meta property=\"og:description\" content=\"Az \u00c9vel\u0151 csillagf\u00fcrt sz\u00ednkever\u00e9k 1 g sz\u00edn\u00e1rnyalatokban gazdag vir\u00e1gzatai er\u0151teljes hossz\u00fa sz\u00e1rakon ny\u00edlnak. Sz\u00e9p kerti d\u00edsz \u00e9s j\u00f3 v\u00e1gott vir\u00e1g.\" \/>\n<meta property=\"og:url\" content=\"https:\/\/tajkertesz.com\/en_US\/product\/evelo-csillagfurt-szinkeverek-1-g\/\" \/>\n<meta property=\"og:site_name\" content=\"T\u00e1jkert\u00e9sz\" \/>\n<meta property=\"article:publisher\" content=\"https:\/\/www.facebook.com\/Tajkertesz\/\" \/>\n<meta property=\"article:modified_time\" content=\"2026-02-12T15:12:23+00:00\" \/>\n<meta property=\"og:image\" content=\"https:\/\/tajkertesz.com\/wp-content\/uploads\/2024\/07\/csillagfurt.jpg\" \/>\n\t<meta property=\"og:image:width\" content=\"630\" \/>\n\t<meta property=\"og:image:height\" content=\"1142\" \/>\n\t<meta property=\"og:image:type\" content=\"image\/jpeg\" \/>\n<meta name=\"twitter:card\" content=\"summary_large_image\" \/>\n<meta name=\"twitter:label1\" content=\"Est. reading time\" \/>\n\t<meta name=\"twitter:data1\" content=\"1 minute\" \/>\n<script type=\"application\/ld+json\" class=\"yoast-schema-graph\">{\"@context\":\"https:\\\/\\\/schema.org\",\"@graph\":[{\"@type\":\"WebPage\",\"@id\":\"https:\\\/\\\/tajkertesz.com\\\/termek\\\/evelo-csillagfurt-szinkeverek-1-g\\\/\",\"url\":\"https:\\\/\\\/tajkertesz.com\\\/termek\\\/evelo-csillagfurt-szinkeverek-1-g\\\/\",\"name\":\"\u00c9vel\u0151 csillagf\u00fcrt sz\u00ednkever\u00e9k 1 g - T\u00e1jkert\u00e9sz\",\"isPartOf\":{\"@id\":\"https:\\\/\\\/tajkertesz.com\\\/#website\"},\"primaryImageOfPage\":{\"@id\":\"https:\\\/\\\/tajkertesz.com\\\/termek\\\/evelo-csillagfurt-szinkeverek-1-g\\\/#primaryimage\"},\"image\":{\"@id\":\"https:\\\/\\\/tajkertesz.com\\\/termek\\\/evelo-csillagfurt-szinkeverek-1-g\\\/#primaryimage\"},\"thumbnailUrl\":\"https:\\\/\\\/tajkertesz.com\\\/wp-content\\\/uploads\\\/2024\\\/07\\\/csillagfurt.jpg\",\"datePublished\":\"2024-08-14T13:18:08+00:00\",\"dateModified\":\"2026-02-12T15:12:23+00:00\",\"description\":\"Az \u00c9vel\u0151 csillagf\u00fcrt sz\u00ednkever\u00e9k 1 g sz\u00edn\u00e1rnyalatokban gazdag vir\u00e1gzatai er\u0151teljes hossz\u00fa sz\u00e1rakon ny\u00edlnak. Sz\u00e9p kerti d\u00edsz \u00e9s j\u00f3 v\u00e1gott vir\u00e1g.\",\"breadcrumb\":{\"@id\":\"https:\\\/\\\/tajkertesz.com\\\/termek\\\/evelo-csillagfurt-szinkeverek-1-g\\\/#breadcrumb\"},\"inLanguage\":\"en-US\",\"potentialAction\":[{\"@type\":\"ReadAction\",\"target\":[\"https:\\\/\\\/tajkertesz.com\\\/termek\\\/evelo-csillagfurt-szinkeverek-1-g\\\/\"]}]},{\"@type\":\"ImageObject\",\"inLanguage\":\"en-US\",\"@id\":\"https:\\\/\\\/tajkertesz.com\\\/termek\\\/evelo-csillagfurt-szinkeverek-1-g\\\/#primaryimage\",\"url\":\"https:\\\/\\\/tajkertesz.com\\\/wp-content\\\/uploads\\\/2024\\\/07\\\/csillagfurt.jpg\",\"contentUrl\":\"https:\\\/\\\/tajkertesz.com\\\/wp-content\\\/uploads\\\/2024\\\/07\\\/csillagfurt.jpg\",\"width\":630,\"height\":1142},{\"@type\":\"BreadcrumbList\",\"@id\":\"https:\\\/\\\/tajkertesz.com\\\/termek\\\/evelo-csillagfurt-szinkeverek-1-g\\\/#breadcrumb\",\"itemListElement\":[{\"@type\":\"ListItem\",\"position\":1,\"name\":\"Home\",\"item\":\"https:\\\/\\\/tajkertesz.com\\\/\"},{\"@type\":\"ListItem\",\"position\":2,\"name\":\"Kezd\u0151lap\",\"item\":\"https:\\\/\\\/tajkertesz.com\\\/\"},{\"@type\":\"ListItem\",\"position\":3,\"name\":\"\u00c9vel\u0151 csillagf\u00fcrt sz\u00ednkever\u00e9k 1 g\"}]},{\"@type\":\"WebSite\",\"@id\":\"https:\\\/\\\/tajkertesz.com\\\/#website\",\"url\":\"https:\\\/\\\/tajkertesz.com\\\/\",\"name\":\"T\u00e1j-Kert\u00e9sz 84 Kft.\",\"description\":\"Kert\u00e9szeti kis- \u00e9s nagykeresked\u00e9s, D\u00edszn\u00f6v\u00e9ny web\u00e1ruh\u00e1z orsz\u00e1gos h\u00e1zhozsz\u00e1ll\u00edt\u00e1ssal!\",\"publisher\":{\"@id\":\"https:\\\/\\\/tajkertesz.com\\\/#organization\"},\"potentialAction\":[{\"@type\":\"SearchAction\",\"target\":{\"@type\":\"EntryPoint\",\"urlTemplate\":\"https:\\\/\\\/tajkertesz.com\\\/?s={search_term_string}\"},\"query-input\":{\"@type\":\"PropertyValueSpecification\",\"valueRequired\":true,\"valueName\":\"search_term_string\"}}],\"inLanguage\":\"en-US\"},{\"@type\":\"Organization\",\"@id\":\"https:\\\/\\\/tajkertesz.com\\\/#organization\",\"name\":\"T\u00e1j-Kert\u00e9sz 84 Kft.\",\"url\":\"https:\\\/\\\/tajkertesz.com\\\/\",\"logo\":{\"@type\":\"ImageObject\",\"inLanguage\":\"en-US\",\"@id\":\"https:\\\/\\\/tajkertesz.com\\\/#\\\/schema\\\/logo\\\/image\\\/\",\"url\":\"https:\\\/\\\/tajkertesz.com\\\/wp-content\\\/uploads\\\/2018\\\/02\\\/logo-2-e1518678052539.png\",\"contentUrl\":\"https:\\\/\\\/tajkertesz.com\\\/wp-content\\\/uploads\\\/2018\\\/02\\\/logo-2-e1518678052539.png\",\"width\":81,\"height\":140,\"caption\":\"T\u00e1j-Kert\u00e9sz 84 Kft.\"},\"image\":{\"@id\":\"https:\\\/\\\/tajkertesz.com\\\/#\\\/schema\\\/logo\\\/image\\\/\"},\"sameAs\":[\"https:\\\/\\\/www.facebook.com\\\/Tajkertesz\\\/\"]}]}<\/script>\n<!-- \/ Yoast SEO plugin. -->","yoast_head_json":{"title":"\u00c9vel\u0151 csillagf\u00fcrt sz\u00ednkever\u00e9k 1 g - T\u00e1jkert\u00e9sz","description":"Az \u00c9vel\u0151 csillagf\u00fcrt sz\u00ednkever\u00e9k 1 g sz\u00edn\u00e1rnyalatokban gazdag vir\u00e1gzatai er\u0151teljes hossz\u00fa sz\u00e1rakon ny\u00edlnak. Sz\u00e9p kerti d\u00edsz \u00e9s j\u00f3 v\u00e1gott vir\u00e1g.","robots":{"index":"index","follow":"follow","max-snippet":"max-snippet:-1","max-image-preview":"max-image-preview:large","max-video-preview":"max-video-preview:-1"},"canonical":"https:\/\/tajkertesz.com\/en_US\/product\/evelo-csillagfurt-szinkeverek-1-g\/","og_locale":"en_US","og_type":"article","og_title":"\u00c9vel\u0151 csillagf\u00fcrt sz\u00ednkever\u00e9k 1 g - T\u00e1jkert\u00e9sz","og_description":"Az \u00c9vel\u0151 csillagf\u00fcrt sz\u00ednkever\u00e9k 1 g sz\u00edn\u00e1rnyalatokban gazdag vir\u00e1gzatai er\u0151teljes hossz\u00fa sz\u00e1rakon ny\u00edlnak. Sz\u00e9p kerti d\u00edsz \u00e9s j\u00f3 v\u00e1gott vir\u00e1g.","og_url":"https:\/\/tajkertesz.com\/en_US\/product\/evelo-csillagfurt-szinkeverek-1-g\/","og_site_name":"T\u00e1jkert\u00e9sz","article_publisher":"https:\/\/www.facebook.com\/Tajkertesz\/","article_modified_time":"2026-02-12T15:12:23+00:00","og_image":[{"width":630,"height":1142,"url":"https:\/\/tajkertesz.com\/wp-content\/uploads\/2024\/07\/csillagfurt.jpg","type":"image\/jpeg"}],"twitter_card":"summary_large_image","twitter_misc":{"Est. reading time":"1 minute"},"schema":{"@context":"https:\/\/schema.org","@graph":[{"@type":"WebPage","@id":"https:\/\/tajkertesz.com\/termek\/evelo-csillagfurt-szinkeverek-1-g\/","url":"https:\/\/tajkertesz.com\/termek\/evelo-csillagfurt-szinkeverek-1-g\/","name":"\u00c9vel\u0151 csillagf\u00fcrt sz\u00ednkever\u00e9k 1 g - T\u00e1jkert\u00e9sz","isPartOf":{"@id":"https:\/\/tajkertesz.com\/#website"},"primaryImageOfPage":{"@id":"https:\/\/tajkertesz.com\/termek\/evelo-csillagfurt-szinkeverek-1-g\/#primaryimage"},"image":{"@id":"https:\/\/tajkertesz.com\/termek\/evelo-csillagfurt-szinkeverek-1-g\/#primaryimage"},"thumbnailUrl":"https:\/\/tajkertesz.com\/wp-content\/uploads\/2024\/07\/csillagfurt.jpg","datePublished":"2024-08-14T13:18:08+00:00","dateModified":"2026-02-12T15:12:23+00:00","description":"Az \u00c9vel\u0151 csillagf\u00fcrt sz\u00ednkever\u00e9k 1 g sz\u00edn\u00e1rnyalatokban gazdag vir\u00e1gzatai er\u0151teljes hossz\u00fa sz\u00e1rakon ny\u00edlnak. Sz\u00e9p kerti d\u00edsz \u00e9s j\u00f3 v\u00e1gott vir\u00e1g.","breadcrumb":{"@id":"https:\/\/tajkertesz.com\/termek\/evelo-csillagfurt-szinkeverek-1-g\/#breadcrumb"},"inLanguage":"en-US","potentialAction":[{"@type":"ReadAction","target":["https:\/\/tajkertesz.com\/termek\/evelo-csillagfurt-szinkeverek-1-g\/"]}]},{"@type":"ImageObject","inLanguage":"en-US","@id":"https:\/\/tajkertesz.com\/termek\/evelo-csillagfurt-szinkeverek-1-g\/#primaryimage","url":"https:\/\/tajkertesz.com\/wp-content\/uploads\/2024\/07\/csillagfurt.jpg","contentUrl":"https:\/\/tajkertesz.com\/wp-content\/uploads\/2024\/07\/csillagfurt.jpg","width":630,"height":1142},{"@type":"BreadcrumbList","@id":"https:\/\/tajkertesz.com\/termek\/evelo-csillagfurt-szinkeverek-1-g\/#breadcrumb","itemListElement":[{"@type":"ListItem","position":1,"name":"Home","item":"https:\/\/tajkertesz.com\/"},{"@type":"ListItem","position":2,"name":"Kezd\u0151lap","item":"https:\/\/tajkertesz.com\/"},{"@type":"ListItem","position":3,"name":"\u00c9vel\u0151 csillagf\u00fcrt sz\u00ednkever\u00e9k 1 g"}]},{"@type":"WebSite","@id":"https:\/\/tajkertesz.com\/#website","url":"https:\/\/tajkertesz.com\/","name":"T\u00e1j-Kert\u00e9sz 84 Kft.","description":"Kert\u00e9szeti kis- \u00e9s nagykeresked\u00e9s, D\u00edszn\u00f6v\u00e9ny web\u00e1ruh\u00e1z orsz\u00e1gos h\u00e1zhozsz\u00e1ll\u00edt\u00e1ssal!","publisher":{"@id":"https:\/\/tajkertesz.com\/#organization"},"potentialAction":[{"@type":"SearchAction","target":{"@type":"EntryPoint","urlTemplate":"https:\/\/tajkertesz.com\/?s={search_term_string}"},"query-input":{"@type":"PropertyValueSpecification","valueRequired":true,"valueName":"search_term_string"}}],"inLanguage":"en-US"},{"@type":"Organization","@id":"https:\/\/tajkertesz.com\/#organization","name":"T\u00e1j-Kert\u00e9sz 84 Kft.","url":"https:\/\/tajkertesz.com\/","logo":{"@type":"ImageObject","inLanguage":"en-US","@id":"https:\/\/tajkertesz.com\/#\/schema\/logo\/image\/","url":"https:\/\/tajkertesz.com\/wp-content\/uploads\/2018\/02\/logo-2-e1518678052539.png","contentUrl":"https:\/\/tajkertesz.com\/wp-content\/uploads\/2018\/02\/logo-2-e1518678052539.png","width":81,"height":140,"caption":"T\u00e1j-Kert\u00e9sz 84 Kft."},"image":{"@id":"https:\/\/tajkertesz.com\/#\/schema\/logo\/image\/"},"sameAs":["https:\/\/www.facebook.com\/Tajkertesz\/"]}]}},"_links":{"self":[{"href":"https:\/\/tajkertesz.com\/en_US\/wp-json\/wp\/v2\/product\/20786","targetHints":{"allow":["GET"]}}],"collection":[{"href":"https:\/\/tajkertesz.com\/en_US\/wp-json\/wp\/v2\/product"}],"about":[{"href":"https:\/\/tajkertesz.com\/en_US\/wp-json\/wp\/v2\/types\/product"}],"wp:featuredmedia":[{"embeddable":true,"href":"https:\/\/tajkertesz.com\/en_US\/wp-json\/wp\/v2\/media\/20787"}],"wp:attachment":[{"href":"https:\/\/tajkertesz.com\/en_US\/wp-json\/wp\/v2\/media?parent=20786"}],"wp:term":[{"taxonomy":"product_brand","embeddable":true,"href":"https:\/\/tajkertesz.com\/en_US\/wp-json\/wp\/v2\/product_brand?post=20786"},{"taxonomy":"product_cat","embeddable":true,"href":"https:\/\/tajkertesz.com\/en_US\/wp-json\/wp\/v2\/product_cat?post=20786"},{"taxonomy":"product_tag","embeddable":true,"href":"https:\/\/tajkertesz.com\/en_US\/wp-json\/wp\/v2\/product_tag?post=20786"}],"curies":[{"name":"wp","href":"https:\/\/api.w.org\/{rel}","templated":true}]}}