{"id":2081,"date":"2020-08-26T11:44:53","date_gmt":"2020-08-26T11:44:53","guid":{"rendered":"https:\/\/tajkertesz.com\/?post_type=product&#038;p=2081"},"modified":"2025-04-08T14:06:01","modified_gmt":"2025-04-08T14:06:01","slug":"kolkwitzia-amabilis-pink-cloud-viraglonc","status":"publish","type":"product","link":"https:\/\/tajkertesz.com\/en_US\/product\/kolkwitzia-amabilis-pink-cloud-viraglonc\/","title":{"rendered":"Kolkwitzia amabilis \u2018Pink Cloud\u2019 , Vir\u00e1glonc"},"content":{"rendered":"<p>Kolkwitzia amabilis \u2018Pink Cloud\u2019 , Vir\u00e1glonc<\/p>\n<p>A Kolkwitzia amabilis \u2018Pink Cloud\u2019 , Vir\u00e1glonc 2-3 m magasra n\u0151v\u0151 d\u00fasan vir\u00e1gz\u00f3 lombhullat\u00f3 cserje. <span class=\"plantitemtext\">M\u00e1just\u00f3l j\u00fanius k\u00f6zep\u00e9ig vir\u00e1gait gazdagon hozza, melyek\u00a0 r\u00f3zsasz\u00edn trombita form\u00e1j\u00faak.\u00a0<\/span><\/p>\n<p><span class=\"plantitemtext\"> Levele mattz\u00f6ld, \u0151sszel s\u00e1rg\u00e1ra sz\u00ednez\u0151d\u0151. Felhaszn\u00e1l\u00e1sa lehets\u00e9ges egyes\u00e9vel vagy kis csoportokba \u00fcltetve. Az egyik legszebb vir\u00e1gz\u00f3 cserj\u00e9nk. \u00c9rdemes \u00fcltet\u00e9sekor figyelembe venni , hogy tereb\u00e9lyes n\u00f6v\u00e9ny lesz.\u00a0 Metszeni sz\u00fcks\u00e9ges a j\u00f6v\u0151 \u00e9vi d\u00fasabb vir\u00e1gz\u00e1s \u00e9rdek\u00e9ben. Talajban\u00a0 nem v\u00e1logat\u00f3s \u00e9s a sz\u00e1razs\u00e1got is j\u00f3l t\u0171ri.\u00a0<\/span><\/p>\n<p>Jelen term\u00e9k\u00fcnk\u00a0 kb. 40\/60 cm<\/p>\n<p style=\"line-height: 18.0pt; background: white; margin: 0cm 0cm 15.0pt 0cm;\"><span style=\"font-family: 'Ubuntu',serif; color: black;\">El\u00e9rhet\u0151 t\u00f6bbf\u00e9le m\u00e9retben \u00e9s \u00e1rban.<\/span><\/p>\n<p style=\"line-height: 18.0pt; background: white; margin: 0cm 0cm 15.0pt 0cm;\"><b><span style=\"font-family: 'Ubuntu',serif; color: black;\">K\u00e9szlet\u00fcnk napi szinten v\u00e1ltozik, ez\u00e9rt k\u00e9rj\u00fck, \u00e9rdekl\u0151dj\u00f6n szem\u00e9lyesen, telefonon vagy email-en.<br \/>\nA v\u00e1ltoztat\u00e1s jog\u00e1t fenntartjuk!\u00a0<\/span><\/b><\/p>\n<p><a href=\"https:\/\/tajkertesz.com\/\">https:\/\/tajkertesz.com\/<\/a><\/p>\n<p><a href=\"https:\/\/hu.wikipedia.org\/wiki\/K%C3%ADnai_vir%C3%A1glonc\">https:\/\/hu.wikipedia.org\/wiki\/K%C3%ADnai_vir%C3%A1glonc<\/a><\/p>\n<h2><span id=\"Megjelen\u00e9se\" class=\"mw-headline\" style=\"color: #ffffff;\">Megjelen\u00e9se<\/span><\/h2>\n<p><span style=\"color: #ffffff;\">A k\u00ednai vir\u00e1glonc \u00edvesen hajl\u00f3 \u00e1gakkal rendelkez\u0151\u00a0<a style=\"color: #ffffff;\" title=\"Cserje\" href=\"https:\/\/hu.wikipedia.org\/wiki\/Cserje\">cserje<\/a>, vil\u00e1gosbarna, l\u00e1tv\u00e1nyosan h\u00e1ml\u00f3\u00a0<a style=\"color: #ffffff;\" title=\"K\u00e9reg\" href=\"https:\/\/hu.wikipedia.org\/wiki\/K%C3%A9reg\">k\u00e9reggel<\/a>. El\u00e9rheti a 3 m\u00e9teres magass\u00e1got \u00e9s sz\u00e9less\u00e9get.\u00a0<a style=\"color: #ffffff;\" title=\"Lev\u00e9l (botanika)\" href=\"https:\/\/hu.wikipedia.org\/wiki\/Lev%C3%A9l_(botanika)\">Levelei<\/a>\u00a0\u00e1tellenesen \u00e1llnak, toj\u00e1sdadok, kihegyesed\u0151 cs\u00faccsal.\u00a0<a style=\"color: #ffffff;\" title=\"Vir\u00e1g (botanika)\" href=\"https:\/\/hu.wikipedia.org\/wiki\/Vir%C3%A1g_(botanika)\">Vir\u00e1gai<\/a>\u00a0belseje s\u00e1rga, k\u00edv\u00fcl feh\u00e9r \u00e9s r\u00f3zsasz\u00ednnel futtatott; a vir\u00e1gok \u00e1tm\u00e9r\u0151je 1\u00a0cm, p\u00e1ros\u00e1val \u00e1llnak. K\u00e9s\u0151 tavasszal vir\u00e1gzik.\u00a0<a style=\"color: #ffffff;\" title=\"Term\u00e9s\" href=\"https:\/\/hu.wikipedia.org\/wiki\/Term%C3%A9s\">Term\u00e9se<\/a>\u00a0s\u0171r\u0171n sz\u0151r\u00f6s tok.<sup id=\"cite_ref-Ver_1-1\" class=\"reference\"><a style=\"color: #ffffff;\" href=\"https:\/\/hu.wikipedia.org\/wiki\/K%C3%ADnai_vir%C3%A1glonc#cite_note-Ver-1\">[1]<\/a><\/sup><sup id=\"cite_ref-3\" class=\"reference\"><a style=\"color: #ffffff;\" href=\"https:\/\/hu.wikipedia.org\/wiki\/K%C3%ADnai_vir%C3%A1glonc#cite_note-3\">[3]<\/a><\/sup><\/span><\/p>\n<h2><span style=\"color: #ffffff;\"><span id=\"T.C3.B6rt.C3.A9nete\"><\/span><span id=\"T\u00f6rt\u00e9nete\" class=\"mw-headline\">T\u00f6rt\u00e9nete<\/span><\/span><\/h2>\n<p><span style=\"color: #ffffff;\">A n\u00f6v\u00e9ny K\u00f6z\u00e9p-<a style=\"color: #ffffff;\" title=\"K\u00edna\" href=\"https:\/\/hu.wikipedia.org\/wiki\/K%C3%ADna\">K\u00edn\u00e1b\u00f3l<\/a>\u00a0sz\u00e1rmazik, ahol k\u00e9tszer is felfedezt\u00e9k. El\u0151sz\u00f6r\u00a0<a style=\"color: #ffffff;\" title=\"Senhszi\" href=\"https:\/\/hu.wikipedia.org\/wiki\/Senhszi\">Senhszi<\/a>-ben Giuseppe Giraldi jezsuita misszion\u00e1rius, majd k\u00e9s\u0151bb\u00a0<a style=\"color: #ffffff;\" title=\"Hupej\" href=\"https:\/\/hu.wikipedia.org\/wiki\/Hupej\">Hupej<\/a>\u00a0nyugati r\u00e9sz\u00e9n\u00a0<a class=\"new\" style=\"color: #ffffff;\" title=\"Ernest Henry Wilson (a lap nem l\u00e9tezik)\" href=\"https:\/\/hu.wikipedia.org\/w\/index.php?title=Ernest_Henry_Wilson&amp;action=edit&amp;redlink=1\">Ernest Henry Wilson<\/a>\u00a0(1876-1930), aki jelent\u0151s sz\u00e1m\u00fa keleti n\u00f6v\u00e9nyt ismertetett meg Eur\u00f3p\u00e1val. A n\u00f6v\u00e9nyt\u00a0<a class=\"new\" style=\"color: #ffffff;\" title=\"Richard Kolkwitz (a lap nem l\u00e9tezik)\" href=\"https:\/\/hu.wikipedia.org\/w\/index.php?title=Richard_Kolkwitz&amp;action=edit&amp;redlink=1\">Richard Kolkwitz<\/a>-r\u0151l (1873-1956), egy\u00a0<a style=\"color: #ffffff;\" title=\"Berlin\" href=\"https:\/\/hu.wikipedia.org\/wiki\/Berlin\">berlini<\/a>\u00a0botanika professzorr\u00f3l nevezt\u00e9k el.<sup id=\"cite_ref-4\" class=\"reference\"><a style=\"color: #ffffff;\" href=\"https:\/\/hu.wikipedia.org\/wiki\/K%C3%ADnai_vir%C3%A1glonc#cite_note-4\">[4]<\/a><\/sup>\u00a0Wilson t\u00e1mogat\u00f3j\u00e1nak, a Veitch Nurseries-nek k\u00fcldte el a n\u00f6v\u00e9nyt (vagy annak magj\u00e1t) 1901-ben\u00a0<a style=\"color: #ffffff;\" title=\"Exeter\" href=\"https:\/\/hu.wikipedia.org\/wiki\/Exeter\">Exeter<\/a>-be (DNY-Anglia), ahol 1910-ben vir\u00e1gzott el\u0151sz\u00f6r.<\/span><\/p>\n<h2><span style=\"color: #ffffff;\"><span id=\"Felhaszn.C3.A1l.C3.A1sa\"><\/span><span id=\"Felhaszn\u00e1l\u00e1sa\" class=\"mw-headline\">Felhaszn\u00e1l\u00e1sa<\/span><\/span><\/h2>\n<p><span style=\"color: #ffffff;\">Az\u00a0<a style=\"color: #ffffff;\" title=\"Amerikai Egyes\u00fclt \u00c1llamok\" href=\"https:\/\/hu.wikipedia.org\/wiki\/Amerikai_Egyes%C3%BClt_%C3%81llamok\">Egyes\u00fclt \u00c1llamok<\/a>\u00a0keleti fel\u00e9n az els\u0151 vil\u00e1gh\u00e1bor\u00fa ut\u00e1n nagyon n\u00e9pszer\u0171v\u00e9 v\u00e1lt, szinte meghat\u00e1roz\u00f3 volt a k\u00e9t vil\u00e1gh\u00e1bor\u00fa k\u00f6z\u00f6tti kert\u00e9p\u00edt\u00e9szetben.<\/span><\/p>\n<p><span style=\"color: #ffffff;\">A cserje teljesen t\u00e9lt\u0171r\u0151, talajban nem v\u00e1logat, de a meszes talajokat jobban kedveli. Sz\u00e1raz id\u0151ben megh\u00e1l\u00e1lja az \u00f6nt\u00f6z\u00e9st. Nyitott, naps\u00fct\u00f6tte fekv\u00e9sbe val\u00f3, szoliterk\u00e9nt sz\u00e9pen \u00e9rv\u00e9nyes\u00fcl \u00edvesen hajl\u00f3 \u00e1grendszere. Az id\u0151sebb \u00e1gakat ifj\u00edt\u00f3 metsz\u00e9s keret\u00e9ben t\u0151b\u0151l el kell t\u00e1vol\u00edtani. K\u00e1rtev\u0151kre \u00e9s k\u00f3rokoz\u00f3kra nem \u00e9rz\u00e9keny. Vessz\u0151dugv\u00e1nnyal szapor\u00edthat\u00f3.<\/span><\/p>\n<h2><span style=\"color: #ffffff;\"><span id=\"Fajt.C3.A1i\"><\/span><span id=\"Fajt\u00e1i\" class=\"mw-headline\">Fajt\u00e1i<\/span><\/span><\/h2>\n<p><span style=\"color: #ffffff;\"><i>K. amabilis<\/i>\u00a0&#8216;Pink Cloud&#8217; &#8211; az alapfajn\u00e1l nagyobb m\u00e9ret\u0171 s\u00f6t\u00e9t r\u00f3zsasz\u00edn vir\u00e1gbimb\u00f3s, \u00e1ltal\u00e1ban ezt \u00fcltetik.<\/span><\/p>\n<p><span style=\"color: #ffffff;\"><i>K. amabilis<\/i>\u00a0&#8216;Maradco&#8217; &#8211; aranys\u00e1rga, majd v\u00f6r\u00f6s \u0151szi lombsz\u00ednnel<sup id=\"cite_ref-5\" class=\"reference\"><a style=\"color: #ffffff;\" href=\"https:\/\/hu.wikipedia.org\/wiki\/K%C3%ADnai_vir%C3%A1glonc#cite_note-5\">[5]<\/a><\/sup><\/span><\/p>\n","protected":false},"excerpt":{"rendered":"<p>A Kolkwitzia amabilis \u2018Pink Cloud\u2019 , Vir\u00e1glonc 2-3 m magasra n\u0151v\u0151 d\u00fasan vir\u00e1gz\u00f3 lombhullat\u00f3 cserje. <span class=\"plantitemtext\">M\u00e1just\u00f3l j\u00fanius k\u00f6zep\u00e9ig vir\u00e1gait gazdagon hozza, melyek\u00a0 r\u00f3zsasz\u00edn trombita form\u00e1j\u00faak.\u00a0<\/span><\/p>\n<p><span class=\"plantitemtext\"> Levele mattz\u00f6ld, \u0151sszel s\u00e1rg\u00e1ra sz\u00ednez\u0151d\u0151. Felhaszn\u00e1l\u00e1sa lehets\u00e9ges egyes\u00e9vel vagy kis csoportokba \u00fcltetve. Az egyik legszebb vir\u00e1gz\u00f3 cserj\u00e9nk. \u00c9rdemes \u00fcltet\u00e9sekor figyelembe venni , hogy tereb\u00e9lyes n\u00f6v\u00e9ny lesz.\u00a0 Metszeni sz\u00fcks\u00e9ges a j\u00f6v\u0151 \u00e9vi d\u00fasabb vir\u00e1gz\u00e1s \u00e9rdek\u00e9ben. Talajban\u00a0 nem v\u00e1logat\u00f3s \u00e9s a sz\u00e1razs\u00e1got is j\u00f3l t\u0171ri.\u00a0<\/span><\/p>\n<p>Jelen term\u00e9k\u00fcnk 2 literes cser\u00e9pben kb: 40 cm<\/p>\n<p>&nbsp;<\/p>","protected":false},"featured_media":2083,"template":"","meta":{"_et_pb_use_builder":"","_et_pb_old_content":"","_et_gb_content_width":""},"product_brand":[],"product_cat":[27],"product_tag":[657,659,658],"class_list":{"0":"post-2081","1":"product","2":"type-product","3":"status-publish","4":"has-post-thumbnail","6":"product_cat-cserjek","7":"product_tag-kolkwitzia-amabilis-pink-cloud","8":"product_tag-pink-cloud","9":"product_tag-viraglonc","11":"first","12":"instock","13":"shipping-taxable","14":"purchasable","15":"product-type-simple"},"yoast_head":"<!-- This site is optimized with the Yoast SEO plugin v27.5 - https:\/\/yoast.com\/product\/yoast-seo-wordpress\/ -->\n<title>Kolkwitzia amabilis \u2018Pink Cloud\u2019 , Vir\u00e1glonc - T\u00e1jkert\u00e9sz<\/title>\n<meta name=\"description\" content=\"A Kolkwitzia amabilis \u2018Pink Cloud\u2019 , Vir\u00e1glonc 2-3 m magasra n\u0151v\u0151 d\u00fasan vir\u00e1gz\u00f3 cserje. Vir\u00e1gai r\u00f3zsasz\u00edn trombita form\u00e1j\u00faak.\u00a0M\u00e1jus- j\u00faniusban ny\u00edlnak.\" \/>\n<meta name=\"robots\" content=\"index, follow, max-snippet:-1, max-image-preview:large, max-video-preview:-1\" \/>\n<link rel=\"canonical\" href=\"https:\/\/tajkertesz.com\/en_US\/product\/kolkwitzia-amabilis-pink-cloud-viraglonc\/\" \/>\n<meta property=\"og:locale\" content=\"en_US\" \/>\n<meta property=\"og:type\" content=\"article\" \/>\n<meta property=\"og:title\" content=\"Kolkwitzia amabilis \u2018Pink Cloud\u2019 , Vir\u00e1glonc - T\u00e1jkert\u00e9sz\" \/>\n<meta property=\"og:description\" content=\"A Kolkwitzia amabilis \u2018Pink Cloud\u2019 , Vir\u00e1glonc 2-3 m magasra n\u0151v\u0151 d\u00fasan vir\u00e1gz\u00f3 cserje. Vir\u00e1gai r\u00f3zsasz\u00edn trombita form\u00e1j\u00faak.\u00a0M\u00e1jus- j\u00faniusban ny\u00edlnak.\" \/>\n<meta property=\"og:url\" content=\"https:\/\/tajkertesz.com\/en_US\/product\/kolkwitzia-amabilis-pink-cloud-viraglonc\/\" \/>\n<meta property=\"og:site_name\" content=\"T\u00e1jkert\u00e9sz\" \/>\n<meta property=\"article:publisher\" content=\"https:\/\/www.facebook.com\/Tajkertesz\/\" \/>\n<meta property=\"article:modified_time\" content=\"2025-04-08T14:06:01+00:00\" \/>\n<meta property=\"og:image\" content=\"https:\/\/tajkertesz.com\/wp-content\/uploads\/2020\/08\/Kolkwitzia.jpg2_-rotated.jpeg\" \/>\n\t<meta property=\"og:image:width\" content=\"800\" \/>\n\t<meta property=\"og:image:height\" content=\"600\" \/>\n\t<meta property=\"og:image:type\" content=\"image\/jpeg\" \/>\n<meta name=\"twitter:card\" content=\"summary_large_image\" \/>\n<meta name=\"twitter:label1\" content=\"Est. reading time\" \/>\n\t<meta name=\"twitter:data1\" content=\"2 minutes\" \/>\n<script type=\"application\/ld+json\" class=\"yoast-schema-graph\">{\"@context\":\"https:\\\/\\\/schema.org\",\"@graph\":[{\"@type\":\"WebPage\",\"@id\":\"https:\\\/\\\/tajkertesz.com\\\/termek\\\/kolkwitzia-amabilis-pink-cloud-viraglonc\\\/\",\"url\":\"https:\\\/\\\/tajkertesz.com\\\/termek\\\/kolkwitzia-amabilis-pink-cloud-viraglonc\\\/\",\"name\":\"Kolkwitzia amabilis \u2018Pink Cloud\u2019 , Vir\u00e1glonc - T\u00e1jkert\u00e9sz\",\"isPartOf\":{\"@id\":\"https:\\\/\\\/tajkertesz.com\\\/#website\"},\"primaryImageOfPage\":{\"@id\":\"https:\\\/\\\/tajkertesz.com\\\/termek\\\/kolkwitzia-amabilis-pink-cloud-viraglonc\\\/#primaryimage\"},\"image\":{\"@id\":\"https:\\\/\\\/tajkertesz.com\\\/termek\\\/kolkwitzia-amabilis-pink-cloud-viraglonc\\\/#primaryimage\"},\"thumbnailUrl\":\"https:\\\/\\\/tajkertesz.com\\\/wp-content\\\/uploads\\\/2020\\\/08\\\/Kolkwitzia.jpg2_-rotated.jpeg\",\"datePublished\":\"2020-08-26T11:44:53+00:00\",\"dateModified\":\"2025-04-08T14:06:01+00:00\",\"description\":\"A Kolkwitzia amabilis \u2018Pink Cloud\u2019 , Vir\u00e1glonc 2-3 m magasra n\u0151v\u0151 d\u00fasan vir\u00e1gz\u00f3 cserje. Vir\u00e1gai r\u00f3zsasz\u00edn trombita form\u00e1j\u00faak.\u00a0M\u00e1jus- j\u00faniusban ny\u00edlnak.\",\"breadcrumb\":{\"@id\":\"https:\\\/\\\/tajkertesz.com\\\/termek\\\/kolkwitzia-amabilis-pink-cloud-viraglonc\\\/#breadcrumb\"},\"inLanguage\":\"en-US\",\"potentialAction\":[{\"@type\":\"ReadAction\",\"target\":[\"https:\\\/\\\/tajkertesz.com\\\/termek\\\/kolkwitzia-amabilis-pink-cloud-viraglonc\\\/\"]}]},{\"@type\":\"ImageObject\",\"inLanguage\":\"en-US\",\"@id\":\"https:\\\/\\\/tajkertesz.com\\\/termek\\\/kolkwitzia-amabilis-pink-cloud-viraglonc\\\/#primaryimage\",\"url\":\"https:\\\/\\\/tajkertesz.com\\\/wp-content\\\/uploads\\\/2020\\\/08\\\/Kolkwitzia.jpg2_-rotated.jpeg\",\"contentUrl\":\"https:\\\/\\\/tajkertesz.com\\\/wp-content\\\/uploads\\\/2020\\\/08\\\/Kolkwitzia.jpg2_-rotated.jpeg\",\"width\":800,\"height\":600},{\"@type\":\"BreadcrumbList\",\"@id\":\"https:\\\/\\\/tajkertesz.com\\\/termek\\\/kolkwitzia-amabilis-pink-cloud-viraglonc\\\/#breadcrumb\",\"itemListElement\":[{\"@type\":\"ListItem\",\"position\":1,\"name\":\"Home\",\"item\":\"https:\\\/\\\/tajkertesz.com\\\/\"},{\"@type\":\"ListItem\",\"position\":2,\"name\":\"Kezd\u0151lap\",\"item\":\"https:\\\/\\\/tajkertesz.com\\\/\"},{\"@type\":\"ListItem\",\"position\":3,\"name\":\"Kolkwitzia amabilis \u2018Pink Cloud\u2019 , Vir\u00e1glonc\"}]},{\"@type\":\"WebSite\",\"@id\":\"https:\\\/\\\/tajkertesz.com\\\/#website\",\"url\":\"https:\\\/\\\/tajkertesz.com\\\/\",\"name\":\"T\u00e1j-Kert\u00e9sz 84 Kft.\",\"description\":\"Kert\u00e9szeti kis- \u00e9s nagykeresked\u00e9s, D\u00edszn\u00f6v\u00e9ny web\u00e1ruh\u00e1z orsz\u00e1gos h\u00e1zhozsz\u00e1ll\u00edt\u00e1ssal!\",\"publisher\":{\"@id\":\"https:\\\/\\\/tajkertesz.com\\\/#organization\"},\"potentialAction\":[{\"@type\":\"SearchAction\",\"target\":{\"@type\":\"EntryPoint\",\"urlTemplate\":\"https:\\\/\\\/tajkertesz.com\\\/?s={search_term_string}\"},\"query-input\":{\"@type\":\"PropertyValueSpecification\",\"valueRequired\":true,\"valueName\":\"search_term_string\"}}],\"inLanguage\":\"en-US\"},{\"@type\":\"Organization\",\"@id\":\"https:\\\/\\\/tajkertesz.com\\\/#organization\",\"name\":\"T\u00e1j-Kert\u00e9sz 84 Kft.\",\"url\":\"https:\\\/\\\/tajkertesz.com\\\/\",\"logo\":{\"@type\":\"ImageObject\",\"inLanguage\":\"en-US\",\"@id\":\"https:\\\/\\\/tajkertesz.com\\\/#\\\/schema\\\/logo\\\/image\\\/\",\"url\":\"https:\\\/\\\/tajkertesz.com\\\/wp-content\\\/uploads\\\/2018\\\/02\\\/logo-2-e1518678052539.png\",\"contentUrl\":\"https:\\\/\\\/tajkertesz.com\\\/wp-content\\\/uploads\\\/2018\\\/02\\\/logo-2-e1518678052539.png\",\"width\":81,\"height\":140,\"caption\":\"T\u00e1j-Kert\u00e9sz 84 Kft.\"},\"image\":{\"@id\":\"https:\\\/\\\/tajkertesz.com\\\/#\\\/schema\\\/logo\\\/image\\\/\"},\"sameAs\":[\"https:\\\/\\\/www.facebook.com\\\/Tajkertesz\\\/\"]}]}<\/script>\n<!-- \/ Yoast SEO plugin. -->","yoast_head_json":{"title":"Kolkwitzia amabilis \u2018Pink Cloud\u2019 , Vir\u00e1glonc - T\u00e1jkert\u00e9sz","description":"A Kolkwitzia amabilis \u2018Pink Cloud\u2019 , Vir\u00e1glonc 2-3 m magasra n\u0151v\u0151 d\u00fasan vir\u00e1gz\u00f3 cserje. Vir\u00e1gai r\u00f3zsasz\u00edn trombita form\u00e1j\u00faak.\u00a0M\u00e1jus- j\u00faniusban ny\u00edlnak.","robots":{"index":"index","follow":"follow","max-snippet":"max-snippet:-1","max-image-preview":"max-image-preview:large","max-video-preview":"max-video-preview:-1"},"canonical":"https:\/\/tajkertesz.com\/en_US\/product\/kolkwitzia-amabilis-pink-cloud-viraglonc\/","og_locale":"en_US","og_type":"article","og_title":"Kolkwitzia amabilis \u2018Pink Cloud\u2019 , Vir\u00e1glonc - T\u00e1jkert\u00e9sz","og_description":"A Kolkwitzia amabilis \u2018Pink Cloud\u2019 , Vir\u00e1glonc 2-3 m magasra n\u0151v\u0151 d\u00fasan vir\u00e1gz\u00f3 cserje. Vir\u00e1gai r\u00f3zsasz\u00edn trombita form\u00e1j\u00faak.\u00a0M\u00e1jus- j\u00faniusban ny\u00edlnak.","og_url":"https:\/\/tajkertesz.com\/en_US\/product\/kolkwitzia-amabilis-pink-cloud-viraglonc\/","og_site_name":"T\u00e1jkert\u00e9sz","article_publisher":"https:\/\/www.facebook.com\/Tajkertesz\/","article_modified_time":"2025-04-08T14:06:01+00:00","og_image":[{"width":800,"height":600,"url":"https:\/\/tajkertesz.com\/wp-content\/uploads\/2020\/08\/Kolkwitzia.jpg2_-rotated.jpeg","type":"image\/jpeg"}],"twitter_card":"summary_large_image","twitter_misc":{"Est. reading time":"2 minutes"},"schema":{"@context":"https:\/\/schema.org","@graph":[{"@type":"WebPage","@id":"https:\/\/tajkertesz.com\/termek\/kolkwitzia-amabilis-pink-cloud-viraglonc\/","url":"https:\/\/tajkertesz.com\/termek\/kolkwitzia-amabilis-pink-cloud-viraglonc\/","name":"Kolkwitzia amabilis \u2018Pink Cloud\u2019 , Vir\u00e1glonc - T\u00e1jkert\u00e9sz","isPartOf":{"@id":"https:\/\/tajkertesz.com\/#website"},"primaryImageOfPage":{"@id":"https:\/\/tajkertesz.com\/termek\/kolkwitzia-amabilis-pink-cloud-viraglonc\/#primaryimage"},"image":{"@id":"https:\/\/tajkertesz.com\/termek\/kolkwitzia-amabilis-pink-cloud-viraglonc\/#primaryimage"},"thumbnailUrl":"https:\/\/tajkertesz.com\/wp-content\/uploads\/2020\/08\/Kolkwitzia.jpg2_-rotated.jpeg","datePublished":"2020-08-26T11:44:53+00:00","dateModified":"2025-04-08T14:06:01+00:00","description":"A Kolkwitzia amabilis \u2018Pink Cloud\u2019 , Vir\u00e1glonc 2-3 m magasra n\u0151v\u0151 d\u00fasan vir\u00e1gz\u00f3 cserje. Vir\u00e1gai r\u00f3zsasz\u00edn trombita form\u00e1j\u00faak.\u00a0M\u00e1jus- j\u00faniusban ny\u00edlnak.","breadcrumb":{"@id":"https:\/\/tajkertesz.com\/termek\/kolkwitzia-amabilis-pink-cloud-viraglonc\/#breadcrumb"},"inLanguage":"en-US","potentialAction":[{"@type":"ReadAction","target":["https:\/\/tajkertesz.com\/termek\/kolkwitzia-amabilis-pink-cloud-viraglonc\/"]}]},{"@type":"ImageObject","inLanguage":"en-US","@id":"https:\/\/tajkertesz.com\/termek\/kolkwitzia-amabilis-pink-cloud-viraglonc\/#primaryimage","url":"https:\/\/tajkertesz.com\/wp-content\/uploads\/2020\/08\/Kolkwitzia.jpg2_-rotated.jpeg","contentUrl":"https:\/\/tajkertesz.com\/wp-content\/uploads\/2020\/08\/Kolkwitzia.jpg2_-rotated.jpeg","width":800,"height":600},{"@type":"BreadcrumbList","@id":"https:\/\/tajkertesz.com\/termek\/kolkwitzia-amabilis-pink-cloud-viraglonc\/#breadcrumb","itemListElement":[{"@type":"ListItem","position":1,"name":"Home","item":"https:\/\/tajkertesz.com\/"},{"@type":"ListItem","position":2,"name":"Kezd\u0151lap","item":"https:\/\/tajkertesz.com\/"},{"@type":"ListItem","position":3,"name":"Kolkwitzia amabilis \u2018Pink Cloud\u2019 , Vir\u00e1glonc"}]},{"@type":"WebSite","@id":"https:\/\/tajkertesz.com\/#website","url":"https:\/\/tajkertesz.com\/","name":"T\u00e1j-Kert\u00e9sz 84 Kft.","description":"Kert\u00e9szeti kis- \u00e9s nagykeresked\u00e9s, D\u00edszn\u00f6v\u00e9ny web\u00e1ruh\u00e1z orsz\u00e1gos h\u00e1zhozsz\u00e1ll\u00edt\u00e1ssal!","publisher":{"@id":"https:\/\/tajkertesz.com\/#organization"},"potentialAction":[{"@type":"SearchAction","target":{"@type":"EntryPoint","urlTemplate":"https:\/\/tajkertesz.com\/?s={search_term_string}"},"query-input":{"@type":"PropertyValueSpecification","valueRequired":true,"valueName":"search_term_string"}}],"inLanguage":"en-US"},{"@type":"Organization","@id":"https:\/\/tajkertesz.com\/#organization","name":"T\u00e1j-Kert\u00e9sz 84 Kft.","url":"https:\/\/tajkertesz.com\/","logo":{"@type":"ImageObject","inLanguage":"en-US","@id":"https:\/\/tajkertesz.com\/#\/schema\/logo\/image\/","url":"https:\/\/tajkertesz.com\/wp-content\/uploads\/2018\/02\/logo-2-e1518678052539.png","contentUrl":"https:\/\/tajkertesz.com\/wp-content\/uploads\/2018\/02\/logo-2-e1518678052539.png","width":81,"height":140,"caption":"T\u00e1j-Kert\u00e9sz 84 Kft."},"image":{"@id":"https:\/\/tajkertesz.com\/#\/schema\/logo\/image\/"},"sameAs":["https:\/\/www.facebook.com\/Tajkertesz\/"]}]}},"_links":{"self":[{"href":"https:\/\/tajkertesz.com\/en_US\/wp-json\/wp\/v2\/product\/2081","targetHints":{"allow":["GET"]}}],"collection":[{"href":"https:\/\/tajkertesz.com\/en_US\/wp-json\/wp\/v2\/product"}],"about":[{"href":"https:\/\/tajkertesz.com\/en_US\/wp-json\/wp\/v2\/types\/product"}],"wp:featuredmedia":[{"embeddable":true,"href":"https:\/\/tajkertesz.com\/en_US\/wp-json\/wp\/v2\/media\/2083"}],"wp:attachment":[{"href":"https:\/\/tajkertesz.com\/en_US\/wp-json\/wp\/v2\/media?parent=2081"}],"wp:term":[{"taxonomy":"product_brand","embeddable":true,"href":"https:\/\/tajkertesz.com\/en_US\/wp-json\/wp\/v2\/product_brand?post=2081"},{"taxonomy":"product_cat","embeddable":true,"href":"https:\/\/tajkertesz.com\/en_US\/wp-json\/wp\/v2\/product_cat?post=2081"},{"taxonomy":"product_tag","embeddable":true,"href":"https:\/\/tajkertesz.com\/en_US\/wp-json\/wp\/v2\/product_tag?post=2081"}],"curies":[{"name":"wp","href":"https:\/\/api.w.org\/{rel}","templated":true}]}}