{"id":20828,"date":"2024-08-14T12:53:22","date_gmt":"2024-08-14T12:53:22","guid":{"rendered":"https:\/\/tajkertesz.com\/?post_type=product&#038;p=20828"},"modified":"2024-09-23T09:34:53","modified_gmt":"2024-09-23T09:34:53","slug":"amaryllis-narancssarga-hippeastrum-24-26","status":"publish","type":"product","link":"https:\/\/tajkertesz.com\/en_US\/product\/amaryllis-narancssarga-hippeastrum-24-26\/","title":{"rendered":"Amaryllis narancss\u00e1rga \/ Hippeastrum 24\/26"},"content":{"rendered":"<h1 class=\"product_title entry-title\">Amaryllis narancss\u00e1rga \/ Hippeastrum 24\/26<\/h1>\n<p class=\"product_title entry-title\">Amaryllis narancss\u00e1rga \/ Hippeastrum 24\/26<\/p>\n<p>&nbsp;<\/p>\n<p>A hagyma m\u00e9ret\u00e9t\u0151l f\u00fcgg\u0151en 1-3 vir\u00e1gsz\u00e1rat fejleszt, cs\u00facs\u00e1n 2-5 trombita alak\u00fa vir\u00e1ggal. Sz\u00e1mtalan sz\u00ednv\u00e1ltozata \u00e9s teltvir\u00e1g\u00fa fajt\u00e1ja ismert.<\/p>\n<p>Az amariliszek termeszt\u00e9se: \u00dcltess\u00fck a hagym\u00e1t nagym\u00e9ret\u0171 cser\u00e9pbe, j\u00f3 min\u0151s\u00e9g\u0171 vir\u00e1gf\u00f6ldbe, \u00fagy hogy a hagyma egyharmada ki\u00e1lljon a f\u00f6ldb\u0151l. Szobah\u0151m\u00e9rs\u00e9kleten, vil\u00e1gos helyen tartva \u00e9s kezdetben alig, a vir\u00e1gsz\u00e1r megjelen\u00e9s\u00e9t\u0151l kezdve b\u0151s\u00e9gesen \u00f6nt\u00f6zve nyolc h\u00e9t alatt vir\u00e1goztathat\u00f3. A t\u00fal korai, er\u0151s \u00f6nt\u00f6z\u00e9s a levelek megjelen\u00e9s\u00e9t seg\u00edti, ami a vir\u00e1gz\u00e1s elmarad\u00e1s\u00e1t okozhatja. Fontos az elvir\u00e1gz\u00e1s ut\u00e1ni tov\u00e1bbi j\u00f3 v\u00edzell\u00e1t\u00e1s \u00e9s esetenk\u00e9nti t\u00e1poldatoz\u00e1s, amely a k\u00f6vetkez\u0151 \u00e9vi vir\u00e1gz\u00e1s felt\u00e9tele. Ekkor a kertbe is ki\u00fcltethet\u0151, j\u00f3 min\u0151s\u00e9g\u0171, term\u00e9keny talajba, f\u00e9l\u00e1rny\u00e9kos, v\u00e9dett helyre. Szeptembert\u0151l sz \u00f6nt\u00f6z\u00e9st megvonva a levelek lesz\u00e1radnak, a n\u00f6v\u00e9ny nyugalmi \u00e1llapotba ker\u00fcl.<\/p>\n<p>Tartsuk h\u0171v\u00f6s, szell\u0151s helyen. K\u00e9th\u00f3napnyi nyugalom ut\u00e1n, decembert\u0151l \u00fajra hajtathat\u00f3.<\/p>\n<h3>Nem t\u00e9l\u00e1ll\u00f3.<\/h3>\n<p>&nbsp;<\/p>\n<ul>\n<li>M\u00e9ret: 40-80 cm<\/li>\n<li>Vir\u00e1gz\u00e1s: november-m\u00e1jus<\/li>\n<li>\u00dcltet\u00e9s: janu\u00e1r\/\u00e1prilis, szeptember\/december<\/li>\n<li>F\u00e9nyig\u00e9ny:<span class=\"fekete2\">\u00a0f\u00e9l\u00e1rny\u00e9k<\/span><\/li>\n<li><span class=\"fekete2\">Kiszerel\u00e9s: 1db\/csomag<\/span><\/li>\n<\/ul>\n<p><strong>Amennyiben nagyobb mennyis\u00e9gre lenne sz\u00fcks\u00e9g, vegye fel vel\u00fcnk a kapcsolatot \u00e9s beszerezz\u00fck!<\/strong><\/p>\n<p><strong>K\u00e9szlet\u00fcnk napi szinten v\u00e1ltozik, ez\u00e9rt a v\u00e1ltoz\u00e1s jog\u00e1t fenntartjuk!<\/strong><\/p>\n<p>&nbsp;<\/p>\n<p><a href=\"https:\/\/tajkertesz.com\/\">https:\/\/tajkertesz.com\/<\/a><\/p>\n<p><a href=\"https:\/\/www.facebook.com\/tajkertesz\/\">https:\/\/www.facebook.com\/tajkertesz\/<\/a><\/p>\n<p><span style=\"color: #ffffff;\">A n\u00f6v\u00e9ny \u00e1ttelel\u0151 r\u00e9sze t\u00e9len a szabadban, hely\u00e9n hagyhat\u00f3, a hagym\u00e1t, gum\u00f3t stb. nem sz\u00fcks\u00e9ges \u0151sszel felszedni. Amennyiben az \u00e1ttelelt n\u00f6v\u00e9ny\u00e1llom\u00e1ny t\u00fals\u00e1gosan els\u0171r\u0171s\u00f6d\u00f6tt, sz\u00e9toszt\u00e1suk, fel\u00faj\u00edt\u00e1suk, \u00e1t\u00fcltet\u00e9s\u00fck a ny\u00e1ri h\u00f3napokban v\u00e9gezhet\u0151. \u00c1ssuk ki a n\u00f6v\u00e9nyeket lombjuk lesz\u00e1rad\u00e1sakor vagy k\u00f6zvetlen\u00fcl ut\u00e1na. A sz\u00e9tv\u00e1laszt\u00e1s, oszt\u00e1lyoz\u00e1s ut\u00e1n a vissza\u00fcltet\u00e9se sz\u00e1nt hagym\u00e1k, gum\u00f3k esetleges sebeit hagyjuk szell\u0151s, h\u0171v\u00f6s helyen besz\u00e1radni. Ezut\u00e1n, m\u00e9g a ny\u00e1r v\u00e9g\u00e9n vagy kora \u0151sszel, \u00fcltess\u00fck el \u0151ket, hogy a telet m\u00e1r a j\u00f3l begy\u00f6keresedve v\u00e1rhass\u00e1k.<\/span><\/p>\n<p><span style=\"color: #ffffff;\">T\u00f6m\u00f6tt 10 cm \u00e1tm\u00e9r\u0151j\u0171 g\u00f6mb alak\u00fa erny\u0151vir\u00e1gzata, hossz\u00fa er\u0151s sz\u00e1ron \u00fcl. S\u00f6t\u00e9tlila vir\u00e1gai kicsik, csillag alak\u00faak. B\u00e1rmely j\u00f3 v\u00edzelvezet\u00e9s\u0171 talaj, napos vagy f\u00e9l\u00e1rny\u00e9kos hely megfelel\u0151 sz\u00e1m\u00e1ra. \u00c9vel\u0151\u00e1gyakba, vir\u00e1gszeg\u00e9lyekbe \u00fcltetve vegy\u00fck figyelembe, hogy lombja igen kor\u00e1n elt\u0171nik. Elny\u00edlott vir\u00e1gzat\u00e1t t\u00e1vol\u00edtsuk el, mert magjait elsz\u00f3rva intenz\u00edven terjed \u00e9s gyomos\u00edt.<\/span><\/p>\n<p><span style=\"color: #ffffff;\"> kora \u0151sszel, \u00fcltess\u00fck el \u0151ket, hogy a telet m\u00e1r a j\u00f3l begy\u00f6keresedve v\u00e1rhass\u00e1k.<\/span><\/p>","protected":false},"excerpt":{"rendered":"<h1 class=\"product_title entry-title\">Amaryllis narancss\u00e1rga \/ Hippeastrum 24\/26<\/h1>","protected":false},"featured_media":20829,"template":"","meta":{"_et_pb_use_builder":"","_et_pb_old_content":"","_et_gb_content_width":""},"product_brand":[],"product_cat":[3857],"product_tag":[5252,350],"class_list":{"0":"post-20828","1":"product","2":"type-product","3":"status-publish","4":"has-post-thumbnail","6":"product_cat-viraghagyma-dughagyma","7":"product_tag-amarilis","8":"product_tag-narancssarga","10":"first","11":"outofstock","12":"shipping-taxable","13":"product-type-simple"},"yoast_head":"<!-- This site is optimized with the Yoast SEO plugin v27.3 - https:\/\/yoast.com\/product\/yoast-seo-wordpress\/ -->\n<title>Amaryllis narancss\u00e1rga \/ Hippeastrum 24\/26 - T\u00e1jkert\u00e9sz<\/title>\n<meta name=\"description\" content=\"Amaryllis narancss\u00e1rga \/ Hippeastrum 24\/26\" \/>\n<meta name=\"robots\" content=\"index, follow, max-snippet:-1, max-image-preview:large, max-video-preview:-1\" \/>\n<link rel=\"canonical\" href=\"https:\/\/tajkertesz.com\/en_US\/product\/amaryllis-narancssarga-hippeastrum-24-26\/\" \/>\n<meta property=\"og:locale\" content=\"en_US\" \/>\n<meta property=\"og:type\" content=\"article\" \/>\n<meta property=\"og:title\" content=\"Amaryllis narancss\u00e1rga \/ Hippeastrum 24\/26 - T\u00e1jkert\u00e9sz\" \/>\n<meta property=\"og:description\" content=\"Amaryllis narancss\u00e1rga \/ Hippeastrum 24\/26\" \/>\n<meta property=\"og:url\" content=\"https:\/\/tajkertesz.com\/en_US\/product\/amaryllis-narancssarga-hippeastrum-24-26\/\" \/>\n<meta property=\"og:site_name\" content=\"T\u00e1jkert\u00e9sz\" \/>\n<meta property=\"article:publisher\" content=\"https:\/\/www.facebook.com\/Tajkertesz\/\" \/>\n<meta property=\"article:modified_time\" content=\"2024-09-23T09:34:53+00:00\" \/>\n<meta property=\"og:image\" content=\"https:\/\/tajkertesz.com\/wp-content\/uploads\/2024\/08\/amarilis-narancs.png\" \/>\n\t<meta property=\"og:image:width\" content=\"317\" \/>\n\t<meta property=\"og:image:height\" content=\"335\" \/>\n\t<meta property=\"og:image:type\" content=\"image\/png\" \/>\n<meta name=\"twitter:card\" content=\"summary_large_image\" \/>\n<meta name=\"twitter:label1\" content=\"Est. reading time\" \/>\n\t<meta name=\"twitter:data1\" content=\"2 minutes\" \/>\n<script type=\"application\/ld+json\" class=\"yoast-schema-graph\">{\"@context\":\"https:\\\/\\\/schema.org\",\"@graph\":[{\"@type\":\"WebPage\",\"@id\":\"https:\\\/\\\/tajkertesz.com\\\/termek\\\/amaryllis-narancssarga-hippeastrum-24-26\\\/\",\"url\":\"https:\\\/\\\/tajkertesz.com\\\/termek\\\/amaryllis-narancssarga-hippeastrum-24-26\\\/\",\"name\":\"Amaryllis narancss\u00e1rga \\\/ Hippeastrum 24\\\/26 - T\u00e1jkert\u00e9sz\",\"isPartOf\":{\"@id\":\"https:\\\/\\\/tajkertesz.com\\\/#website\"},\"primaryImageOfPage\":{\"@id\":\"https:\\\/\\\/tajkertesz.com\\\/termek\\\/amaryllis-narancssarga-hippeastrum-24-26\\\/#primaryimage\"},\"image\":{\"@id\":\"https:\\\/\\\/tajkertesz.com\\\/termek\\\/amaryllis-narancssarga-hippeastrum-24-26\\\/#primaryimage\"},\"thumbnailUrl\":\"https:\\\/\\\/tajkertesz.com\\\/wp-content\\\/uploads\\\/2024\\\/08\\\/amarilis-narancs.png\",\"datePublished\":\"2024-08-14T12:53:22+00:00\",\"dateModified\":\"2024-09-23T09:34:53+00:00\",\"description\":\"Amaryllis narancss\u00e1rga \\\/ Hippeastrum 24\\\/26\",\"breadcrumb\":{\"@id\":\"https:\\\/\\\/tajkertesz.com\\\/termek\\\/amaryllis-narancssarga-hippeastrum-24-26\\\/#breadcrumb\"},\"inLanguage\":\"en-US\",\"potentialAction\":[{\"@type\":\"ReadAction\",\"target\":[\"https:\\\/\\\/tajkertesz.com\\\/termek\\\/amaryllis-narancssarga-hippeastrum-24-26\\\/\"]}]},{\"@type\":\"ImageObject\",\"inLanguage\":\"en-US\",\"@id\":\"https:\\\/\\\/tajkertesz.com\\\/termek\\\/amaryllis-narancssarga-hippeastrum-24-26\\\/#primaryimage\",\"url\":\"https:\\\/\\\/tajkertesz.com\\\/wp-content\\\/uploads\\\/2024\\\/08\\\/amarilis-narancs.png\",\"contentUrl\":\"https:\\\/\\\/tajkertesz.com\\\/wp-content\\\/uploads\\\/2024\\\/08\\\/amarilis-narancs.png\",\"width\":317,\"height\":335},{\"@type\":\"BreadcrumbList\",\"@id\":\"https:\\\/\\\/tajkertesz.com\\\/termek\\\/amaryllis-narancssarga-hippeastrum-24-26\\\/#breadcrumb\",\"itemListElement\":[{\"@type\":\"ListItem\",\"position\":1,\"name\":\"Home\",\"item\":\"https:\\\/\\\/tajkertesz.com\\\/\"},{\"@type\":\"ListItem\",\"position\":2,\"name\":\"Kezd\u0151lap\",\"item\":\"https:\\\/\\\/tajkertesz.com\\\/\"},{\"@type\":\"ListItem\",\"position\":3,\"name\":\"Amaryllis narancss\u00e1rga \\\/ Hippeastrum 24\\\/26\"}]},{\"@type\":\"WebSite\",\"@id\":\"https:\\\/\\\/tajkertesz.com\\\/#website\",\"url\":\"https:\\\/\\\/tajkertesz.com\\\/\",\"name\":\"T\u00e1j-Kert\u00e9sz 84 Kft.\",\"description\":\"Kert\u00e9szeti kis- \u00e9s nagykeresked\u00e9s, D\u00edszn\u00f6v\u00e9ny web\u00e1ruh\u00e1z orsz\u00e1gos h\u00e1zhozsz\u00e1ll\u00edt\u00e1ssal!\",\"publisher\":{\"@id\":\"https:\\\/\\\/tajkertesz.com\\\/#organization\"},\"potentialAction\":[{\"@type\":\"SearchAction\",\"target\":{\"@type\":\"EntryPoint\",\"urlTemplate\":\"https:\\\/\\\/tajkertesz.com\\\/?s={search_term_string}\"},\"query-input\":{\"@type\":\"PropertyValueSpecification\",\"valueRequired\":true,\"valueName\":\"search_term_string\"}}],\"inLanguage\":\"en-US\"},{\"@type\":\"Organization\",\"@id\":\"https:\\\/\\\/tajkertesz.com\\\/#organization\",\"name\":\"T\u00e1j-Kert\u00e9sz 84 Kft.\",\"url\":\"https:\\\/\\\/tajkertesz.com\\\/\",\"logo\":{\"@type\":\"ImageObject\",\"inLanguage\":\"en-US\",\"@id\":\"https:\\\/\\\/tajkertesz.com\\\/#\\\/schema\\\/logo\\\/image\\\/\",\"url\":\"https:\\\/\\\/tajkertesz.com\\\/wp-content\\\/uploads\\\/2018\\\/02\\\/logo-2-e1518678052539.png\",\"contentUrl\":\"https:\\\/\\\/tajkertesz.com\\\/wp-content\\\/uploads\\\/2018\\\/02\\\/logo-2-e1518678052539.png\",\"width\":81,\"height\":140,\"caption\":\"T\u00e1j-Kert\u00e9sz 84 Kft.\"},\"image\":{\"@id\":\"https:\\\/\\\/tajkertesz.com\\\/#\\\/schema\\\/logo\\\/image\\\/\"},\"sameAs\":[\"https:\\\/\\\/www.facebook.com\\\/Tajkertesz\\\/\"]}]}<\/script>\n<!-- \/ Yoast SEO plugin. -->","yoast_head_json":{"title":"Amaryllis narancss\u00e1rga \/ Hippeastrum 24\/26 - T\u00e1jkert\u00e9sz","description":"Amaryllis narancss\u00e1rga \/ Hippeastrum 24\/26","robots":{"index":"index","follow":"follow","max-snippet":"max-snippet:-1","max-image-preview":"max-image-preview:large","max-video-preview":"max-video-preview:-1"},"canonical":"https:\/\/tajkertesz.com\/en_US\/product\/amaryllis-narancssarga-hippeastrum-24-26\/","og_locale":"en_US","og_type":"article","og_title":"Amaryllis narancss\u00e1rga \/ Hippeastrum 24\/26 - T\u00e1jkert\u00e9sz","og_description":"Amaryllis narancss\u00e1rga \/ Hippeastrum 24\/26","og_url":"https:\/\/tajkertesz.com\/en_US\/product\/amaryllis-narancssarga-hippeastrum-24-26\/","og_site_name":"T\u00e1jkert\u00e9sz","article_publisher":"https:\/\/www.facebook.com\/Tajkertesz\/","article_modified_time":"2024-09-23T09:34:53+00:00","og_image":[{"width":317,"height":335,"url":"https:\/\/tajkertesz.com\/wp-content\/uploads\/2024\/08\/amarilis-narancs.png","type":"image\/png"}],"twitter_card":"summary_large_image","twitter_misc":{"Est. reading time":"2 minutes"},"schema":{"@context":"https:\/\/schema.org","@graph":[{"@type":"WebPage","@id":"https:\/\/tajkertesz.com\/termek\/amaryllis-narancssarga-hippeastrum-24-26\/","url":"https:\/\/tajkertesz.com\/termek\/amaryllis-narancssarga-hippeastrum-24-26\/","name":"Amaryllis narancss\u00e1rga \/ Hippeastrum 24\/26 - T\u00e1jkert\u00e9sz","isPartOf":{"@id":"https:\/\/tajkertesz.com\/#website"},"primaryImageOfPage":{"@id":"https:\/\/tajkertesz.com\/termek\/amaryllis-narancssarga-hippeastrum-24-26\/#primaryimage"},"image":{"@id":"https:\/\/tajkertesz.com\/termek\/amaryllis-narancssarga-hippeastrum-24-26\/#primaryimage"},"thumbnailUrl":"https:\/\/tajkertesz.com\/wp-content\/uploads\/2024\/08\/amarilis-narancs.png","datePublished":"2024-08-14T12:53:22+00:00","dateModified":"2024-09-23T09:34:53+00:00","description":"Amaryllis narancss\u00e1rga \/ Hippeastrum 24\/26","breadcrumb":{"@id":"https:\/\/tajkertesz.com\/termek\/amaryllis-narancssarga-hippeastrum-24-26\/#breadcrumb"},"inLanguage":"en-US","potentialAction":[{"@type":"ReadAction","target":["https:\/\/tajkertesz.com\/termek\/amaryllis-narancssarga-hippeastrum-24-26\/"]}]},{"@type":"ImageObject","inLanguage":"en-US","@id":"https:\/\/tajkertesz.com\/termek\/amaryllis-narancssarga-hippeastrum-24-26\/#primaryimage","url":"https:\/\/tajkertesz.com\/wp-content\/uploads\/2024\/08\/amarilis-narancs.png","contentUrl":"https:\/\/tajkertesz.com\/wp-content\/uploads\/2024\/08\/amarilis-narancs.png","width":317,"height":335},{"@type":"BreadcrumbList","@id":"https:\/\/tajkertesz.com\/termek\/amaryllis-narancssarga-hippeastrum-24-26\/#breadcrumb","itemListElement":[{"@type":"ListItem","position":1,"name":"Home","item":"https:\/\/tajkertesz.com\/"},{"@type":"ListItem","position":2,"name":"Kezd\u0151lap","item":"https:\/\/tajkertesz.com\/"},{"@type":"ListItem","position":3,"name":"Amaryllis narancss\u00e1rga \/ Hippeastrum 24\/26"}]},{"@type":"WebSite","@id":"https:\/\/tajkertesz.com\/#website","url":"https:\/\/tajkertesz.com\/","name":"T\u00e1j-Kert\u00e9sz 84 Kft.","description":"Kert\u00e9szeti kis- \u00e9s nagykeresked\u00e9s, D\u00edszn\u00f6v\u00e9ny web\u00e1ruh\u00e1z orsz\u00e1gos h\u00e1zhozsz\u00e1ll\u00edt\u00e1ssal!","publisher":{"@id":"https:\/\/tajkertesz.com\/#organization"},"potentialAction":[{"@type":"SearchAction","target":{"@type":"EntryPoint","urlTemplate":"https:\/\/tajkertesz.com\/?s={search_term_string}"},"query-input":{"@type":"PropertyValueSpecification","valueRequired":true,"valueName":"search_term_string"}}],"inLanguage":"en-US"},{"@type":"Organization","@id":"https:\/\/tajkertesz.com\/#organization","name":"T\u00e1j-Kert\u00e9sz 84 Kft.","url":"https:\/\/tajkertesz.com\/","logo":{"@type":"ImageObject","inLanguage":"en-US","@id":"https:\/\/tajkertesz.com\/#\/schema\/logo\/image\/","url":"https:\/\/tajkertesz.com\/wp-content\/uploads\/2018\/02\/logo-2-e1518678052539.png","contentUrl":"https:\/\/tajkertesz.com\/wp-content\/uploads\/2018\/02\/logo-2-e1518678052539.png","width":81,"height":140,"caption":"T\u00e1j-Kert\u00e9sz 84 Kft."},"image":{"@id":"https:\/\/tajkertesz.com\/#\/schema\/logo\/image\/"},"sameAs":["https:\/\/www.facebook.com\/Tajkertesz\/"]}]}},"_links":{"self":[{"href":"https:\/\/tajkertesz.com\/en_US\/wp-json\/wp\/v2\/product\/20828","targetHints":{"allow":["GET"]}}],"collection":[{"href":"https:\/\/tajkertesz.com\/en_US\/wp-json\/wp\/v2\/product"}],"about":[{"href":"https:\/\/tajkertesz.com\/en_US\/wp-json\/wp\/v2\/types\/product"}],"wp:featuredmedia":[{"embeddable":true,"href":"https:\/\/tajkertesz.com\/en_US\/wp-json\/wp\/v2\/media\/20829"}],"wp:attachment":[{"href":"https:\/\/tajkertesz.com\/en_US\/wp-json\/wp\/v2\/media?parent=20828"}],"wp:term":[{"taxonomy":"product_brand","embeddable":true,"href":"https:\/\/tajkertesz.com\/en_US\/wp-json\/wp\/v2\/product_brand?post=20828"},{"taxonomy":"product_cat","embeddable":true,"href":"https:\/\/tajkertesz.com\/en_US\/wp-json\/wp\/v2\/product_cat?post=20828"},{"taxonomy":"product_tag","embeddable":true,"href":"https:\/\/tajkertesz.com\/en_US\/wp-json\/wp\/v2\/product_tag?post=20828"}],"curies":[{"name":"wp","href":"https:\/\/api.w.org\/{rel}","templated":true}]}}