{"id":20837,"date":"2024-08-15T13:08:45","date_gmt":"2024-08-15T13:08:45","guid":{"rendered":"https:\/\/tajkertesz.com\/?post_type=product&#038;p=20837"},"modified":"2026-02-12T15:11:51","modified_gmt":"2026-02-12T15:11:51","slug":"agrecol-csigacsapda","status":"publish","type":"product","link":"https:\/\/tajkertesz.com\/en_US\/product\/agrecol-csigacsapda\/","title":{"rendered":"Agrecol csigacsapda"},"content":{"rendered":"<p>Agrecol csigacsapda<\/p>\n<p>Az Agrecol csigacsapda\u00a0 h\u00e1zikertekben, vetem\u00e9nyeskertekben \u00e9s mez\u0151gazdas\u00e1gi ter\u00fcleteken tal\u00e1lhat\u00f3 csig\u00e1k\u00a0 befog\u00e1s\u00e1ra szolg\u00e1l (kb: 20m2-re).\u00a0 K\u00fcl\u00f6n\u00f6sen a meztelencsiga (Deroceras reticulatum) \u00e9s a Portug\u00e1l meztelencsiga (Arion lusitanicus) fog\u00e1s\u00e1ra. Az eml\u00edtett fajok a legk\u00e1rosabbak k\u00f6z\u00e9 tartoznak. A csapda egy speci\u00e1lis tet\u0151vel ell\u00e1tott tart\u00e1ly, amely v\u00e9d az id\u0151j\u00e1r\u00e1s viszontags\u00e1gait\u00f3l \u00e9s \u00e1rny\u00e9kolja a csali hely\u00e9t. A csig\u00e1k \u00e1ltal\u00e1ban nedves \u00e9s \u00e1rny\u00e9kos helyeken t\u00e1pl\u00e1lkoznak. Csak eg\u00e9sz\u00edtse ki a csapd\u00e1t olyan n\u00e9pszer\u0171 \u00e9lelmiszerekkel, amelyek vonzz\u00e1k a csig\u00e1kat jelen esetben s\u00f6r. Emiatt a csapda teljesen biztons\u00e1gos emberek, \u00e1llatok \u00e9s hasznos rovarok sz\u00e1m\u00e1ra. A csapda haszn\u00e1lat\u00e1val biztons\u00e1gosan cs\u00f6kkentheti a csig\u00e1k sz\u00e1m\u00e1t vegyi anyagok haszn\u00e1lata n\u00e9lk\u00fcl. A csigacsapda m\u0171anyagb\u00f3l k\u00e9sz\u00fclt, \u00edgy ki\u00fcr\u00edt\u00e9s ut\u00e1n \u00fajra felhaszn\u00e1lhat\u00f3. A\u00a0 csapda diszkr\u00e9t megjelen\u00e9se nem rontja el a kertje \u00edzl\u00e9ses megjelen\u00e9s\u00e9t, \u00e9s hat\u00e9kony v\u00e9delmet ny\u00fajt a k\u00e1rtev\u0151k ellen.<\/p>\n<p>Felhaszn\u00e1l\u00e1si javaslat:<\/p>\n<p>1, Ahol a csig\u00e1k mozg\u00e1s\u00e1t \u00e9szlelj\u00fck k\u00e9sz\u00edts\u00fcnk a talajba lyukat a tart\u00e1ly als\u00f3 r\u00e9sz\u00e9nek.<\/p>\n<p>2,Vegye le a csapda tetej\u00e9t, \u00e9s az als\u00f3 r\u00e9szt helyezze a m\u00e1r kialak\u00edtott m\u00e9lyed\u00e9sbe.<\/p>\n<p>3,Az als\u00f3 tart\u00e1ly fels\u0151 sz\u00e9le a talaj szintj\u00e9vel legyen egy vonalban.<\/p>\n<p>4, T\u00f6ltse fel f\u00e9lig csalival(S\u00f6r vagy v\u00edzzel kevert tejjel, m\u00e9zzel stb&#8230; )<\/p>\n<p>5, helyezze fel a fedelet hogy a csapda v\u00e9dve legyen az es\u0151t\u0151l.<\/p>\n<p>6,Rendszeresen ellen\u0151rizze a csapd\u00e1t. Amikor megtelt csig\u00e1val, \u00f6bl\u00edtse le v\u00edzzel, \u00e9s tegye vissza a m\u00e1r megl\u00e9v\u0151 hely\u00e9re , \u00e9s t\u00f6ltse fel \u00fajra csalival.<\/p>\n<p>&nbsp;<\/p>\n<p>S\u00falya: 99,55 g<br \/>\nM\u00e9rete: 130 \u00d7 140 \u00d7 110 mm<\/p>\n<p>&nbsp;<\/p>\n<p>Az etet\u0151anyag nem r\u00e9sze a csomagnak!<\/p>\n<p>&nbsp;<\/p>\n<p><strong>K\u00e9szlet\u00fcnk napi szinten v\u00e1ltozik, ez\u00e9rt k\u00e9rj\u00fck, \u00e9rdekl\u0151dj\u00f6n szem\u00e9lyesen, telefonon vagy email-en.<br \/>\nA v\u00e1ltoztat\u00e1s jog\u00e1t fenntartjuk!\u00a0<\/strong><\/p>\n<p>&nbsp;<\/p>\n<p><a href=\"https:\/\/tajkertesz.com\/\">https:\/\/tajkertesz.com\/<\/a><\/p>\n<p><a href=\"https:\/\/www.facebook.com\/tajkertesz\/\">https:\/\/www.facebook.com\/tajkertesz\/<\/a><\/p>\n<p>Kisz\u00e1ll\u00edt\u00e1s: 200cm-ig \u00a0\u00e9s 40 kg-ig a sz\u00e1ll\u00edt\u00e1s fut\u00e1rszolg\u00e1lattal \u00a0t\u00f6rt\u00e9nik.<\/p>\n<p>Szem\u00e9lyes \u00e1tv\u00e9tel nyitvatart\u00e1si id\u0151ben a 17. ker\u00fclet Bakancsos utca 7. sz\u00e1m alatti Kert\u00e9szeti \u00e1rud\u00e1nkban.<\/p>\n<p>&nbsp;<\/p>","protected":false},"excerpt":{"rendered":"<p>Az Agrecol csigacsapda\u00a0 h\u00e1zikertekben, vetem\u00e9nyeskertekben \u00e9s mez\u0151gazdas\u00e1gi ter\u00fcleteken tal\u00e1lhat\u00f3 csig\u00e1k\u00a0 befog\u00e1s\u00e1ra szolg\u00e1l. K\u00fcl\u00f6n\u00f6sen a meztelencsiga (Deroceras reticulatum) \u00e9s a Portug\u00e1l meztelencsiga (Arion lusitanicus) fog\u00e1s\u00e1ra.<\/p>","protected":false},"featured_media":20836,"template":"","meta":{"_et_pb_use_builder":"","_et_pb_old_content":"","_et_gb_content_width":""},"product_brand":[],"product_cat":[1445],"product_tag":[537,4808,4809],"class_list":{"0":"post-20837","1":"product","2":"type-product","3":"status-publish","4":"has-post-thumbnail","6":"product_cat-egyeb-agrecol-termekek","7":"product_tag-agrecol","8":"product_tag-csiga","9":"product_tag-csigacsapda","11":"first","12":"onbackorder","13":"shipping-taxable","14":"purchasable","15":"product-type-simple"},"yoast_head":"<!-- This site is optimized with the Yoast SEO plugin v27.3 - https:\/\/yoast.com\/product\/yoast-seo-wordpress\/ -->\n<title>Agrecol csigacsapda - T\u00e1jkert\u00e9sz<\/title>\n<meta name=\"description\" content=\"Az Agrecol csigacsapda\u00a0 h\u00e1zikertekben, vetem\u00e9nyeskertekben \u00e9s mez\u0151gazdas\u00e1gi ter\u00fcleteken tal\u00e1lhat\u00f3 csig\u00e1k befog\u00e1s\u00e1ra szolg\u00e1l.\" \/>\n<meta name=\"robots\" content=\"index, follow, max-snippet:-1, max-image-preview:large, max-video-preview:-1\" \/>\n<link rel=\"canonical\" href=\"https:\/\/tajkertesz.com\/en_US\/product\/agrecol-csigacsapda\/\" \/>\n<meta property=\"og:locale\" content=\"en_US\" \/>\n<meta property=\"og:type\" content=\"article\" \/>\n<meta property=\"og:title\" content=\"Agrecol csigacsapda - T\u00e1jkert\u00e9sz\" \/>\n<meta property=\"og:description\" content=\"Az Agrecol csigacsapda\u00a0 h\u00e1zikertekben, vetem\u00e9nyeskertekben \u00e9s mez\u0151gazdas\u00e1gi ter\u00fcleteken tal\u00e1lhat\u00f3 csig\u00e1k befog\u00e1s\u00e1ra szolg\u00e1l.\" \/>\n<meta property=\"og:url\" content=\"https:\/\/tajkertesz.com\/en_US\/product\/agrecol-csigacsapda\/\" \/>\n<meta property=\"og:site_name\" content=\"T\u00e1jkert\u00e9sz\" \/>\n<meta property=\"article:publisher\" content=\"https:\/\/www.facebook.com\/Tajkertesz\/\" \/>\n<meta property=\"article:modified_time\" content=\"2026-02-12T15:11:51+00:00\" \/>\n<meta property=\"og:image\" content=\"https:\/\/tajkertesz.com\/wp-content\/uploads\/2024\/08\/agrecol-csigacsapda.png\" \/>\n\t<meta property=\"og:image:width\" content=\"808\" \/>\n\t<meta property=\"og:image:height\" content=\"650\" \/>\n\t<meta property=\"og:image:type\" content=\"image\/png\" \/>\n<meta name=\"twitter:card\" content=\"summary_large_image\" \/>\n<meta name=\"twitter:label1\" content=\"Est. reading time\" \/>\n\t<meta name=\"twitter:data1\" content=\"2 minutes\" \/>\n<script type=\"application\/ld+json\" class=\"yoast-schema-graph\">{\"@context\":\"https:\\\/\\\/schema.org\",\"@graph\":[{\"@type\":\"WebPage\",\"@id\":\"https:\\\/\\\/tajkertesz.com\\\/termek\\\/agrecol-csigacsapda\\\/\",\"url\":\"https:\\\/\\\/tajkertesz.com\\\/termek\\\/agrecol-csigacsapda\\\/\",\"name\":\"Agrecol csigacsapda - T\u00e1jkert\u00e9sz\",\"isPartOf\":{\"@id\":\"https:\\\/\\\/tajkertesz.com\\\/#website\"},\"primaryImageOfPage\":{\"@id\":\"https:\\\/\\\/tajkertesz.com\\\/termek\\\/agrecol-csigacsapda\\\/#primaryimage\"},\"image\":{\"@id\":\"https:\\\/\\\/tajkertesz.com\\\/termek\\\/agrecol-csigacsapda\\\/#primaryimage\"},\"thumbnailUrl\":\"https:\\\/\\\/tajkertesz.com\\\/wp-content\\\/uploads\\\/2024\\\/08\\\/agrecol-csigacsapda.png\",\"datePublished\":\"2024-08-15T13:08:45+00:00\",\"dateModified\":\"2026-02-12T15:11:51+00:00\",\"description\":\"Az Agrecol csigacsapda\u00a0 h\u00e1zikertekben, vetem\u00e9nyeskertekben \u00e9s mez\u0151gazdas\u00e1gi ter\u00fcleteken tal\u00e1lhat\u00f3 csig\u00e1k befog\u00e1s\u00e1ra szolg\u00e1l.\",\"breadcrumb\":{\"@id\":\"https:\\\/\\\/tajkertesz.com\\\/termek\\\/agrecol-csigacsapda\\\/#breadcrumb\"},\"inLanguage\":\"en-US\",\"potentialAction\":[{\"@type\":\"ReadAction\",\"target\":[\"https:\\\/\\\/tajkertesz.com\\\/termek\\\/agrecol-csigacsapda\\\/\"]}]},{\"@type\":\"ImageObject\",\"inLanguage\":\"en-US\",\"@id\":\"https:\\\/\\\/tajkertesz.com\\\/termek\\\/agrecol-csigacsapda\\\/#primaryimage\",\"url\":\"https:\\\/\\\/tajkertesz.com\\\/wp-content\\\/uploads\\\/2024\\\/08\\\/agrecol-csigacsapda.png\",\"contentUrl\":\"https:\\\/\\\/tajkertesz.com\\\/wp-content\\\/uploads\\\/2024\\\/08\\\/agrecol-csigacsapda.png\",\"width\":808,\"height\":650},{\"@type\":\"BreadcrumbList\",\"@id\":\"https:\\\/\\\/tajkertesz.com\\\/termek\\\/agrecol-csigacsapda\\\/#breadcrumb\",\"itemListElement\":[{\"@type\":\"ListItem\",\"position\":1,\"name\":\"Home\",\"item\":\"https:\\\/\\\/tajkertesz.com\\\/\"},{\"@type\":\"ListItem\",\"position\":2,\"name\":\"Kezd\u0151lap\",\"item\":\"https:\\\/\\\/tajkertesz.com\\\/\"},{\"@type\":\"ListItem\",\"position\":3,\"name\":\"Agrecol csigacsapda\"}]},{\"@type\":\"WebSite\",\"@id\":\"https:\\\/\\\/tajkertesz.com\\\/#website\",\"url\":\"https:\\\/\\\/tajkertesz.com\\\/\",\"name\":\"T\u00e1j-Kert\u00e9sz 84 Kft.\",\"description\":\"Kert\u00e9szeti kis- \u00e9s nagykeresked\u00e9s, D\u00edszn\u00f6v\u00e9ny web\u00e1ruh\u00e1z orsz\u00e1gos h\u00e1zhozsz\u00e1ll\u00edt\u00e1ssal!\",\"publisher\":{\"@id\":\"https:\\\/\\\/tajkertesz.com\\\/#organization\"},\"potentialAction\":[{\"@type\":\"SearchAction\",\"target\":{\"@type\":\"EntryPoint\",\"urlTemplate\":\"https:\\\/\\\/tajkertesz.com\\\/?s={search_term_string}\"},\"query-input\":{\"@type\":\"PropertyValueSpecification\",\"valueRequired\":true,\"valueName\":\"search_term_string\"}}],\"inLanguage\":\"en-US\"},{\"@type\":\"Organization\",\"@id\":\"https:\\\/\\\/tajkertesz.com\\\/#organization\",\"name\":\"T\u00e1j-Kert\u00e9sz 84 Kft.\",\"url\":\"https:\\\/\\\/tajkertesz.com\\\/\",\"logo\":{\"@type\":\"ImageObject\",\"inLanguage\":\"en-US\",\"@id\":\"https:\\\/\\\/tajkertesz.com\\\/#\\\/schema\\\/logo\\\/image\\\/\",\"url\":\"https:\\\/\\\/tajkertesz.com\\\/wp-content\\\/uploads\\\/2018\\\/02\\\/logo-2-e1518678052539.png\",\"contentUrl\":\"https:\\\/\\\/tajkertesz.com\\\/wp-content\\\/uploads\\\/2018\\\/02\\\/logo-2-e1518678052539.png\",\"width\":81,\"height\":140,\"caption\":\"T\u00e1j-Kert\u00e9sz 84 Kft.\"},\"image\":{\"@id\":\"https:\\\/\\\/tajkertesz.com\\\/#\\\/schema\\\/logo\\\/image\\\/\"},\"sameAs\":[\"https:\\\/\\\/www.facebook.com\\\/Tajkertesz\\\/\"]}]}<\/script>\n<!-- \/ Yoast SEO plugin. -->","yoast_head_json":{"title":"Agrecol csigacsapda - T\u00e1jkert\u00e9sz","description":"Az Agrecol csigacsapda\u00a0 h\u00e1zikertekben, vetem\u00e9nyeskertekben \u00e9s mez\u0151gazdas\u00e1gi ter\u00fcleteken tal\u00e1lhat\u00f3 csig\u00e1k befog\u00e1s\u00e1ra szolg\u00e1l.","robots":{"index":"index","follow":"follow","max-snippet":"max-snippet:-1","max-image-preview":"max-image-preview:large","max-video-preview":"max-video-preview:-1"},"canonical":"https:\/\/tajkertesz.com\/en_US\/product\/agrecol-csigacsapda\/","og_locale":"en_US","og_type":"article","og_title":"Agrecol csigacsapda - T\u00e1jkert\u00e9sz","og_description":"Az Agrecol csigacsapda\u00a0 h\u00e1zikertekben, vetem\u00e9nyeskertekben \u00e9s mez\u0151gazdas\u00e1gi ter\u00fcleteken tal\u00e1lhat\u00f3 csig\u00e1k befog\u00e1s\u00e1ra szolg\u00e1l.","og_url":"https:\/\/tajkertesz.com\/en_US\/product\/agrecol-csigacsapda\/","og_site_name":"T\u00e1jkert\u00e9sz","article_publisher":"https:\/\/www.facebook.com\/Tajkertesz\/","article_modified_time":"2026-02-12T15:11:51+00:00","og_image":[{"width":808,"height":650,"url":"https:\/\/tajkertesz.com\/wp-content\/uploads\/2024\/08\/agrecol-csigacsapda.png","type":"image\/png"}],"twitter_card":"summary_large_image","twitter_misc":{"Est. reading time":"2 minutes"},"schema":{"@context":"https:\/\/schema.org","@graph":[{"@type":"WebPage","@id":"https:\/\/tajkertesz.com\/termek\/agrecol-csigacsapda\/","url":"https:\/\/tajkertesz.com\/termek\/agrecol-csigacsapda\/","name":"Agrecol csigacsapda - T\u00e1jkert\u00e9sz","isPartOf":{"@id":"https:\/\/tajkertesz.com\/#website"},"primaryImageOfPage":{"@id":"https:\/\/tajkertesz.com\/termek\/agrecol-csigacsapda\/#primaryimage"},"image":{"@id":"https:\/\/tajkertesz.com\/termek\/agrecol-csigacsapda\/#primaryimage"},"thumbnailUrl":"https:\/\/tajkertesz.com\/wp-content\/uploads\/2024\/08\/agrecol-csigacsapda.png","datePublished":"2024-08-15T13:08:45+00:00","dateModified":"2026-02-12T15:11:51+00:00","description":"Az Agrecol csigacsapda\u00a0 h\u00e1zikertekben, vetem\u00e9nyeskertekben \u00e9s mez\u0151gazdas\u00e1gi ter\u00fcleteken tal\u00e1lhat\u00f3 csig\u00e1k befog\u00e1s\u00e1ra szolg\u00e1l.","breadcrumb":{"@id":"https:\/\/tajkertesz.com\/termek\/agrecol-csigacsapda\/#breadcrumb"},"inLanguage":"en-US","potentialAction":[{"@type":"ReadAction","target":["https:\/\/tajkertesz.com\/termek\/agrecol-csigacsapda\/"]}]},{"@type":"ImageObject","inLanguage":"en-US","@id":"https:\/\/tajkertesz.com\/termek\/agrecol-csigacsapda\/#primaryimage","url":"https:\/\/tajkertesz.com\/wp-content\/uploads\/2024\/08\/agrecol-csigacsapda.png","contentUrl":"https:\/\/tajkertesz.com\/wp-content\/uploads\/2024\/08\/agrecol-csigacsapda.png","width":808,"height":650},{"@type":"BreadcrumbList","@id":"https:\/\/tajkertesz.com\/termek\/agrecol-csigacsapda\/#breadcrumb","itemListElement":[{"@type":"ListItem","position":1,"name":"Home","item":"https:\/\/tajkertesz.com\/"},{"@type":"ListItem","position":2,"name":"Kezd\u0151lap","item":"https:\/\/tajkertesz.com\/"},{"@type":"ListItem","position":3,"name":"Agrecol csigacsapda"}]},{"@type":"WebSite","@id":"https:\/\/tajkertesz.com\/#website","url":"https:\/\/tajkertesz.com\/","name":"T\u00e1j-Kert\u00e9sz 84 Kft.","description":"Kert\u00e9szeti kis- \u00e9s nagykeresked\u00e9s, D\u00edszn\u00f6v\u00e9ny web\u00e1ruh\u00e1z orsz\u00e1gos h\u00e1zhozsz\u00e1ll\u00edt\u00e1ssal!","publisher":{"@id":"https:\/\/tajkertesz.com\/#organization"},"potentialAction":[{"@type":"SearchAction","target":{"@type":"EntryPoint","urlTemplate":"https:\/\/tajkertesz.com\/?s={search_term_string}"},"query-input":{"@type":"PropertyValueSpecification","valueRequired":true,"valueName":"search_term_string"}}],"inLanguage":"en-US"},{"@type":"Organization","@id":"https:\/\/tajkertesz.com\/#organization","name":"T\u00e1j-Kert\u00e9sz 84 Kft.","url":"https:\/\/tajkertesz.com\/","logo":{"@type":"ImageObject","inLanguage":"en-US","@id":"https:\/\/tajkertesz.com\/#\/schema\/logo\/image\/","url":"https:\/\/tajkertesz.com\/wp-content\/uploads\/2018\/02\/logo-2-e1518678052539.png","contentUrl":"https:\/\/tajkertesz.com\/wp-content\/uploads\/2018\/02\/logo-2-e1518678052539.png","width":81,"height":140,"caption":"T\u00e1j-Kert\u00e9sz 84 Kft."},"image":{"@id":"https:\/\/tajkertesz.com\/#\/schema\/logo\/image\/"},"sameAs":["https:\/\/www.facebook.com\/Tajkertesz\/"]}]}},"_links":{"self":[{"href":"https:\/\/tajkertesz.com\/en_US\/wp-json\/wp\/v2\/product\/20837","targetHints":{"allow":["GET"]}}],"collection":[{"href":"https:\/\/tajkertesz.com\/en_US\/wp-json\/wp\/v2\/product"}],"about":[{"href":"https:\/\/tajkertesz.com\/en_US\/wp-json\/wp\/v2\/types\/product"}],"wp:featuredmedia":[{"embeddable":true,"href":"https:\/\/tajkertesz.com\/en_US\/wp-json\/wp\/v2\/media\/20836"}],"wp:attachment":[{"href":"https:\/\/tajkertesz.com\/en_US\/wp-json\/wp\/v2\/media?parent=20837"}],"wp:term":[{"taxonomy":"product_brand","embeddable":true,"href":"https:\/\/tajkertesz.com\/en_US\/wp-json\/wp\/v2\/product_brand?post=20837"},{"taxonomy":"product_cat","embeddable":true,"href":"https:\/\/tajkertesz.com\/en_US\/wp-json\/wp\/v2\/product_cat?post=20837"},{"taxonomy":"product_tag","embeddable":true,"href":"https:\/\/tajkertesz.com\/en_US\/wp-json\/wp\/v2\/product_tag?post=20837"}],"curies":[{"name":"wp","href":"https:\/\/api.w.org\/{rel}","templated":true}]}}