{"id":20853,"date":"2024-08-23T12:32:24","date_gmt":"2024-08-23T12:32:24","guid":{"rendered":"https:\/\/tajkertesz.com\/?post_type=product&#038;p=20853"},"modified":"2024-08-23T12:34:36","modified_gmt":"2024-08-23T12:34:36","slug":"agrecol-rez-szalag-csigak-ellen","status":"publish","type":"product","link":"https:\/\/tajkertesz.com\/en_US\/product\/agrecol-rez-szalag-csigak-ellen\/","title":{"rendered":"Az Agrecol r\u00e9z szalag csig\u00e1k ellen 4 m\u00e9ter"},"content":{"rendered":"<p>Agrecol r\u00e9z szalag csig\u00e1k ellen 4 m\u00e9ter<\/p>\n<p>Az Agrecol r\u00e9z szalag csig\u00e1k ellen\u00a0 t\u00f6k\u00e9letes megold\u00e1s a kerti csig\u00e1k hat\u00e9kony \u00e9s \u00f6kol\u00f3giai elt\u00e1vol\u00edt\u00e1s\u00e1ra. A n\u00f6v\u00e9nyek el\u00e9rhetetlenn\u00e9 v\u00e1lnak, mert a r\u00e9z elriasztja a csig\u00e1kat, \u00e9s \u00e1thatolhatatlan g\u00e1tt\u00e1 v\u00e1lik sz\u00e1mukra. K\u00f6nnyen kezelhet\u0151, kisebb darabokra bonthat\u00f3 a n\u00f6v\u00e9nyv\u00e9delemhez megfelel\u0151 m\u00e9ret el\u00e9r\u00e9se \u00e9rdek\u00e9ben. Ha tiszt\u00e1n tartjuk, a szalagot t\u00f6bb szezonon kereszt\u00fcl nem kell cser\u00e9lni, k\u00f6sz\u00f6nhet\u0151en a v\u00e9d\u0151r\u00e9tegnek, amely n\u00e9h\u00e1ny h\u00e9t id\u0151j\u00e1r\u00e1si hat\u00e1s ut\u00e1n megjelenik a r\u00e9z fel\u00fclet\u00e9n.<\/p>\n<pre class=\"tw-data-text tw-text-large tw-ta\" dir=\"ltr\" data-placeholder=\"Ford\u00edt\u00e1s\" aria-label=\"Leford\u00edtott sz\u00f6veg\" data-ved=\"2ahUKEwjmh8vh2oqIAxWrg_0HHQwCBFYQ3ewLegQIBxAU\"><span class=\"Y2IQFc\" lang=\"hu\">S\u00falya 52,4 g\r\nHossza: 4 m\u00e9ter\r\n\r\n\r\n\r\nHogyan kell haszn\u00e1lni: \r\nTiszt\u00edtsa meg a fel\u00fcletet ahol szeretn\u00e9 alkalmazni. \r\nT\u00e1vol\u00edtsa el a szalagr\u00f3l a feh\u00e9r v\u00e9d\u0151r\u00e9teget.<\/span> \r\n<span lang=\"hu\">Tekerje<\/span><span class=\"Y2IQFc\" lang=\"hu\"> k\u00f6rbe a v\u00e9deni k\u00edv\u00e1nt cserepet, fat\u00f6rzset, \u00e1gy\u00e1sokat, annak \u00e9rdek\u00e9ben hogy a \r\ncsig\u00e1k ne juthassanak be a v\u00e9deni k\u00edv\u00e1nt ter\u00fcletre. \r\n- Felhaszn\u00e1lhat\u00f3: d\u00edszn\u00f6v\u00e9nyek \u00e9s z\u00f6lds\u00e9gek v\u00e9delm\u00e9re. \r\n\r\nGyermekek el\u0151l elz\u00e1rva tartand\u00f3!\r\nA r\u00e9z szalag nem tartalmaz vegyszereket \u00edgy biogazd\u00e1lkod\u00e1sban is alkalmazhat\u00f3.\r\nEg\u00e9szs\u00e9gre \u00e1rtalmas anyagot nem tartalmaz. \r\n\r\n<\/span><\/pre>\n<p><strong>K\u00e9szlet\u00fcnk napi szinten v\u00e1ltozik, ez\u00e9rt k\u00e9rj\u00fck, \u00e9rdekl\u0151dj\u00f6n szem\u00e9lyesen, telefonon vagy email-en.<br \/>\nA v\u00e1ltoztat\u00e1s jog\u00e1t fenntartjuk!\u00a0<\/strong><\/p>\n<p><a href=\"https:\/\/tajkertesz.com\/\">https:\/\/tajkertesz.com\/<\/a><\/p>\n<p><a href=\"https:\/\/www.facebook.com\/tajkertesz\/\">https:\/\/www.facebook.com\/tajkertesz\/<\/a><\/p>\n<p>Kisz\u00e1ll\u00edt\u00e1s: 200cm-ig \u00a0\u00e9s 40 kg-ig a sz\u00e1ll\u00edt\u00e1s fut\u00e1rszolg\u00e1lattal \u00a0t\u00f6rt\u00e9nik.<\/p>\n<p>Szem\u00e9lyes \u00e1tv\u00e9tel nyitvatart\u00e1si id\u0151ben a 17. ker\u00fclet Bakancsos utca 7. sz\u00e1m alatti Kert\u00e9szeti \u00e1rud\u00e1nkban.<\/p>\n<pre class=\"tw-data-text tw-text-large tw-ta\" dir=\"ltr\" data-placeholder=\"Ford\u00edt\u00e1s\" aria-label=\"Leford\u00edtott sz\u00f6veg\" data-ved=\"2ahUKEwjmh8vh2oqIAxWrg_0HHQwCBFYQ3ewLegQIBxAU\"><\/pre>\n<pre id=\"tw-target-text\" class=\"tw-data-text tw-text-large tw-ta\" dir=\"ltr\" data-placeholder=\"Ford\u00edt\u00e1s\" aria-label=\"Leford\u00edtott sz\u00f6veg\" data-ved=\"2ahUKEwjmh8vh2oqIAxWrg_0HHQwCBFYQ3ewLegQIBxAU\">\r\n\r\n\r\n<\/pre>\n<p>&nbsp;<\/p>\n<p>&nbsp;<\/p>","protected":false},"excerpt":{"rendered":"<h3><strong>Agrecol r\u00e9z szalag csig\u00e1k ellen 4 m\u00e9ter<\/strong><\/h3>\n<p>Az Agrecol r\u00e9z szalag csig\u00e1k ellen\u00a0 t\u00f6k\u00e9letes megold\u00e1s a kerti csig\u00e1k hat\u00e9kony \u00e9s \u00f6kol\u00f3giai elt\u00e1vol\u00edt\u00e1s\u00e1ra. A n\u00f6v\u00e9nyek el\u00e9rhetetlenn\u00e9 v\u00e1lnak, mert a r\u00e9z elriasztja a csig\u00e1kat, \u00e9s \u00e1thatolhatatlan g\u00e1tt\u00e1 v\u00e1lik sz\u00e1mukra. K\u00f6nnyen kezelhet\u0151, kisebb darabokra bonthat\u00f3 a n\u00f6v\u00e9nyv\u00e9delemhez megfelel\u0151 m\u00e9ret el\u00e9r\u00e9se \u00e9rdek\u00e9ben. Ha tiszt\u00e1n tartjuk, a szalagot t\u00f6bb szezonon kereszt\u00fcl nem kell cser\u00e9lni, k\u00f6sz\u00f6nhet\u0151en a v\u00e9d\u0151r\u00e9tegnek, amely n\u00e9h\u00e1ny h\u00e9t id\u0151j\u00e1r\u00e1si hat\u00e1s ut\u00e1n megjelenik a r\u00e9z fel\u00fclet\u00e9n.<\/p>\n<pre class=\"tw-data-text tw-text-large tw-ta\" dir=\"ltr\" data-placeholder=\"Ford\u00edt\u00e1s\" aria-label=\"Leford\u00edtott sz\u00f6veg\" data-ved=\"2ahUKEwjmh8vh2oqIAxWrg_0HHQwCBFYQ3ewLegQIBxAU\"><span class=\"Y2IQFc\" lang=\"hu\">Hossza: 4 m\u00e9ter<\/span><\/pre>","protected":false},"featured_media":20854,"template":"","meta":{"_et_pb_use_builder":"","_et_pb_old_content":"","_et_gb_content_width":""},"product_brand":[],"product_cat":[3425],"product_tag":[5259,537,5257,5258,4771,1228],"class_list":{"0":"post-20853","1":"product","2":"type-product","3":"status-publish","4":"has-post-thumbnail","6":"product_cat-irtoszer-csigairto","7":"product_tag-4-meter","8":"product_tag-agrecol","9":"product_tag-csigak","10":"product_tag-ellen","11":"product_tag-rez","12":"product_tag-szalag","14":"first","15":"instock","16":"shipping-taxable","17":"purchasable","18":"product-type-simple"},"yoast_head":"<!-- This site is optimized with the Yoast SEO plugin v27.3 - https:\/\/yoast.com\/product\/yoast-seo-wordpress\/ -->\n<title>Az Agrecol r\u00e9z szalag csig\u00e1k ellen 4 m\u00e9ter - T\u00e1jkert\u00e9sz<\/title>\n<meta name=\"description\" content=\"Az Agrecol r\u00e9z szalag csig\u00e1k ellen 4 m\u00e9ter \u00a0t\u00f6k\u00e9letes megold\u00e1s a kerti csig\u00e1k hat\u00e9kony \u00e9s \u00f6kol\u00f3giai elt\u00e1vol\u00edt\u00e1s\u00e1ra. Hossza: 4 m\u00e9ter\" \/>\n<meta name=\"robots\" content=\"index, follow, max-snippet:-1, max-image-preview:large, max-video-preview:-1\" \/>\n<link rel=\"canonical\" href=\"https:\/\/tajkertesz.com\/en_US\/product\/agrecol-rez-szalag-csigak-ellen\/\" \/>\n<meta property=\"og:locale\" content=\"en_US\" \/>\n<meta property=\"og:type\" content=\"article\" \/>\n<meta property=\"og:title\" content=\"Az Agrecol r\u00e9z szalag csig\u00e1k ellen 4 m\u00e9ter - T\u00e1jkert\u00e9sz\" \/>\n<meta property=\"og:description\" content=\"Az Agrecol r\u00e9z szalag csig\u00e1k ellen 4 m\u00e9ter \u00a0t\u00f6k\u00e9letes megold\u00e1s a kerti csig\u00e1k hat\u00e9kony \u00e9s \u00f6kol\u00f3giai elt\u00e1vol\u00edt\u00e1s\u00e1ra. Hossza: 4 m\u00e9ter\" \/>\n<meta property=\"og:url\" content=\"https:\/\/tajkertesz.com\/en_US\/product\/agrecol-rez-szalag-csigak-ellen\/\" \/>\n<meta property=\"og:site_name\" content=\"T\u00e1jkert\u00e9sz\" \/>\n<meta property=\"article:publisher\" content=\"https:\/\/www.facebook.com\/Tajkertesz\/\" \/>\n<meta property=\"article:modified_time\" content=\"2024-08-23T12:34:36+00:00\" \/>\n<meta property=\"og:image\" content=\"https:\/\/tajkertesz.com\/wp-content\/uploads\/2024\/08\/rezszalag.jpg\" \/>\n\t<meta property=\"og:image:width\" content=\"1200\" \/>\n\t<meta property=\"og:image:height\" content=\"1200\" \/>\n\t<meta property=\"og:image:type\" content=\"image\/jpeg\" \/>\n<meta name=\"twitter:card\" content=\"summary_large_image\" \/>\n<meta name=\"twitter:label1\" content=\"Est. reading time\" \/>\n\t<meta name=\"twitter:data1\" content=\"1 minute\" \/>\n<script type=\"application\/ld+json\" class=\"yoast-schema-graph\">{\"@context\":\"https:\\\/\\\/schema.org\",\"@graph\":[{\"@type\":\"WebPage\",\"@id\":\"https:\\\/\\\/tajkertesz.com\\\/termek\\\/agrecol-rez-szalag-csigak-ellen\\\/\",\"url\":\"https:\\\/\\\/tajkertesz.com\\\/termek\\\/agrecol-rez-szalag-csigak-ellen\\\/\",\"name\":\"Az Agrecol r\u00e9z szalag csig\u00e1k ellen 4 m\u00e9ter - T\u00e1jkert\u00e9sz\",\"isPartOf\":{\"@id\":\"https:\\\/\\\/tajkertesz.com\\\/#website\"},\"primaryImageOfPage\":{\"@id\":\"https:\\\/\\\/tajkertesz.com\\\/termek\\\/agrecol-rez-szalag-csigak-ellen\\\/#primaryimage\"},\"image\":{\"@id\":\"https:\\\/\\\/tajkertesz.com\\\/termek\\\/agrecol-rez-szalag-csigak-ellen\\\/#primaryimage\"},\"thumbnailUrl\":\"https:\\\/\\\/tajkertesz.com\\\/wp-content\\\/uploads\\\/2024\\\/08\\\/rezszalag.jpg\",\"datePublished\":\"2024-08-23T12:32:24+00:00\",\"dateModified\":\"2024-08-23T12:34:36+00:00\",\"description\":\"Az Agrecol r\u00e9z szalag csig\u00e1k ellen 4 m\u00e9ter \u00a0t\u00f6k\u00e9letes megold\u00e1s a kerti csig\u00e1k hat\u00e9kony \u00e9s \u00f6kol\u00f3giai elt\u00e1vol\u00edt\u00e1s\u00e1ra. Hossza: 4 m\u00e9ter\",\"breadcrumb\":{\"@id\":\"https:\\\/\\\/tajkertesz.com\\\/termek\\\/agrecol-rez-szalag-csigak-ellen\\\/#breadcrumb\"},\"inLanguage\":\"en-US\",\"potentialAction\":[{\"@type\":\"ReadAction\",\"target\":[\"https:\\\/\\\/tajkertesz.com\\\/termek\\\/agrecol-rez-szalag-csigak-ellen\\\/\"]}]},{\"@type\":\"ImageObject\",\"inLanguage\":\"en-US\",\"@id\":\"https:\\\/\\\/tajkertesz.com\\\/termek\\\/agrecol-rez-szalag-csigak-ellen\\\/#primaryimage\",\"url\":\"https:\\\/\\\/tajkertesz.com\\\/wp-content\\\/uploads\\\/2024\\\/08\\\/rezszalag.jpg\",\"contentUrl\":\"https:\\\/\\\/tajkertesz.com\\\/wp-content\\\/uploads\\\/2024\\\/08\\\/rezszalag.jpg\",\"width\":1200,\"height\":1200},{\"@type\":\"BreadcrumbList\",\"@id\":\"https:\\\/\\\/tajkertesz.com\\\/termek\\\/agrecol-rez-szalag-csigak-ellen\\\/#breadcrumb\",\"itemListElement\":[{\"@type\":\"ListItem\",\"position\":1,\"name\":\"Home\",\"item\":\"https:\\\/\\\/tajkertesz.com\\\/\"},{\"@type\":\"ListItem\",\"position\":2,\"name\":\"Kezd\u0151lap\",\"item\":\"https:\\\/\\\/tajkertesz.com\\\/\"},{\"@type\":\"ListItem\",\"position\":3,\"name\":\"Az Agrecol r\u00e9z szalag csig\u00e1k ellen 4 m\u00e9ter\"}]},{\"@type\":\"WebSite\",\"@id\":\"https:\\\/\\\/tajkertesz.com\\\/#website\",\"url\":\"https:\\\/\\\/tajkertesz.com\\\/\",\"name\":\"T\u00e1j-Kert\u00e9sz 84 Kft.\",\"description\":\"Kert\u00e9szeti kis- \u00e9s nagykeresked\u00e9s, D\u00edszn\u00f6v\u00e9ny web\u00e1ruh\u00e1z orsz\u00e1gos h\u00e1zhozsz\u00e1ll\u00edt\u00e1ssal!\",\"publisher\":{\"@id\":\"https:\\\/\\\/tajkertesz.com\\\/#organization\"},\"potentialAction\":[{\"@type\":\"SearchAction\",\"target\":{\"@type\":\"EntryPoint\",\"urlTemplate\":\"https:\\\/\\\/tajkertesz.com\\\/?s={search_term_string}\"},\"query-input\":{\"@type\":\"PropertyValueSpecification\",\"valueRequired\":true,\"valueName\":\"search_term_string\"}}],\"inLanguage\":\"en-US\"},{\"@type\":\"Organization\",\"@id\":\"https:\\\/\\\/tajkertesz.com\\\/#organization\",\"name\":\"T\u00e1j-Kert\u00e9sz 84 Kft.\",\"url\":\"https:\\\/\\\/tajkertesz.com\\\/\",\"logo\":{\"@type\":\"ImageObject\",\"inLanguage\":\"en-US\",\"@id\":\"https:\\\/\\\/tajkertesz.com\\\/#\\\/schema\\\/logo\\\/image\\\/\",\"url\":\"https:\\\/\\\/tajkertesz.com\\\/wp-content\\\/uploads\\\/2018\\\/02\\\/logo-2-e1518678052539.png\",\"contentUrl\":\"https:\\\/\\\/tajkertesz.com\\\/wp-content\\\/uploads\\\/2018\\\/02\\\/logo-2-e1518678052539.png\",\"width\":81,\"height\":140,\"caption\":\"T\u00e1j-Kert\u00e9sz 84 Kft.\"},\"image\":{\"@id\":\"https:\\\/\\\/tajkertesz.com\\\/#\\\/schema\\\/logo\\\/image\\\/\"},\"sameAs\":[\"https:\\\/\\\/www.facebook.com\\\/Tajkertesz\\\/\"]}]}<\/script>\n<!-- \/ Yoast SEO plugin. -->","yoast_head_json":{"title":"Az Agrecol r\u00e9z szalag csig\u00e1k ellen 4 m\u00e9ter - T\u00e1jkert\u00e9sz","description":"Az Agrecol r\u00e9z szalag csig\u00e1k ellen 4 m\u00e9ter \u00a0t\u00f6k\u00e9letes megold\u00e1s a kerti csig\u00e1k hat\u00e9kony \u00e9s \u00f6kol\u00f3giai elt\u00e1vol\u00edt\u00e1s\u00e1ra. Hossza: 4 m\u00e9ter","robots":{"index":"index","follow":"follow","max-snippet":"max-snippet:-1","max-image-preview":"max-image-preview:large","max-video-preview":"max-video-preview:-1"},"canonical":"https:\/\/tajkertesz.com\/en_US\/product\/agrecol-rez-szalag-csigak-ellen\/","og_locale":"en_US","og_type":"article","og_title":"Az Agrecol r\u00e9z szalag csig\u00e1k ellen 4 m\u00e9ter - T\u00e1jkert\u00e9sz","og_description":"Az Agrecol r\u00e9z szalag csig\u00e1k ellen 4 m\u00e9ter \u00a0t\u00f6k\u00e9letes megold\u00e1s a kerti csig\u00e1k hat\u00e9kony \u00e9s \u00f6kol\u00f3giai elt\u00e1vol\u00edt\u00e1s\u00e1ra. Hossza: 4 m\u00e9ter","og_url":"https:\/\/tajkertesz.com\/en_US\/product\/agrecol-rez-szalag-csigak-ellen\/","og_site_name":"T\u00e1jkert\u00e9sz","article_publisher":"https:\/\/www.facebook.com\/Tajkertesz\/","article_modified_time":"2024-08-23T12:34:36+00:00","og_image":[{"width":1200,"height":1200,"url":"https:\/\/tajkertesz.com\/wp-content\/uploads\/2024\/08\/rezszalag.jpg","type":"image\/jpeg"}],"twitter_card":"summary_large_image","twitter_misc":{"Est. reading time":"1 minute"},"schema":{"@context":"https:\/\/schema.org","@graph":[{"@type":"WebPage","@id":"https:\/\/tajkertesz.com\/termek\/agrecol-rez-szalag-csigak-ellen\/","url":"https:\/\/tajkertesz.com\/termek\/agrecol-rez-szalag-csigak-ellen\/","name":"Az Agrecol r\u00e9z szalag csig\u00e1k ellen 4 m\u00e9ter - T\u00e1jkert\u00e9sz","isPartOf":{"@id":"https:\/\/tajkertesz.com\/#website"},"primaryImageOfPage":{"@id":"https:\/\/tajkertesz.com\/termek\/agrecol-rez-szalag-csigak-ellen\/#primaryimage"},"image":{"@id":"https:\/\/tajkertesz.com\/termek\/agrecol-rez-szalag-csigak-ellen\/#primaryimage"},"thumbnailUrl":"https:\/\/tajkertesz.com\/wp-content\/uploads\/2024\/08\/rezszalag.jpg","datePublished":"2024-08-23T12:32:24+00:00","dateModified":"2024-08-23T12:34:36+00:00","description":"Az Agrecol r\u00e9z szalag csig\u00e1k ellen 4 m\u00e9ter \u00a0t\u00f6k\u00e9letes megold\u00e1s a kerti csig\u00e1k hat\u00e9kony \u00e9s \u00f6kol\u00f3giai elt\u00e1vol\u00edt\u00e1s\u00e1ra. Hossza: 4 m\u00e9ter","breadcrumb":{"@id":"https:\/\/tajkertesz.com\/termek\/agrecol-rez-szalag-csigak-ellen\/#breadcrumb"},"inLanguage":"en-US","potentialAction":[{"@type":"ReadAction","target":["https:\/\/tajkertesz.com\/termek\/agrecol-rez-szalag-csigak-ellen\/"]}]},{"@type":"ImageObject","inLanguage":"en-US","@id":"https:\/\/tajkertesz.com\/termek\/agrecol-rez-szalag-csigak-ellen\/#primaryimage","url":"https:\/\/tajkertesz.com\/wp-content\/uploads\/2024\/08\/rezszalag.jpg","contentUrl":"https:\/\/tajkertesz.com\/wp-content\/uploads\/2024\/08\/rezszalag.jpg","width":1200,"height":1200},{"@type":"BreadcrumbList","@id":"https:\/\/tajkertesz.com\/termek\/agrecol-rez-szalag-csigak-ellen\/#breadcrumb","itemListElement":[{"@type":"ListItem","position":1,"name":"Home","item":"https:\/\/tajkertesz.com\/"},{"@type":"ListItem","position":2,"name":"Kezd\u0151lap","item":"https:\/\/tajkertesz.com\/"},{"@type":"ListItem","position":3,"name":"Az Agrecol r\u00e9z szalag csig\u00e1k ellen 4 m\u00e9ter"}]},{"@type":"WebSite","@id":"https:\/\/tajkertesz.com\/#website","url":"https:\/\/tajkertesz.com\/","name":"T\u00e1j-Kert\u00e9sz 84 Kft.","description":"Kert\u00e9szeti kis- \u00e9s nagykeresked\u00e9s, D\u00edszn\u00f6v\u00e9ny web\u00e1ruh\u00e1z orsz\u00e1gos h\u00e1zhozsz\u00e1ll\u00edt\u00e1ssal!","publisher":{"@id":"https:\/\/tajkertesz.com\/#organization"},"potentialAction":[{"@type":"SearchAction","target":{"@type":"EntryPoint","urlTemplate":"https:\/\/tajkertesz.com\/?s={search_term_string}"},"query-input":{"@type":"PropertyValueSpecification","valueRequired":true,"valueName":"search_term_string"}}],"inLanguage":"en-US"},{"@type":"Organization","@id":"https:\/\/tajkertesz.com\/#organization","name":"T\u00e1j-Kert\u00e9sz 84 Kft.","url":"https:\/\/tajkertesz.com\/","logo":{"@type":"ImageObject","inLanguage":"en-US","@id":"https:\/\/tajkertesz.com\/#\/schema\/logo\/image\/","url":"https:\/\/tajkertesz.com\/wp-content\/uploads\/2018\/02\/logo-2-e1518678052539.png","contentUrl":"https:\/\/tajkertesz.com\/wp-content\/uploads\/2018\/02\/logo-2-e1518678052539.png","width":81,"height":140,"caption":"T\u00e1j-Kert\u00e9sz 84 Kft."},"image":{"@id":"https:\/\/tajkertesz.com\/#\/schema\/logo\/image\/"},"sameAs":["https:\/\/www.facebook.com\/Tajkertesz\/"]}]}},"_links":{"self":[{"href":"https:\/\/tajkertesz.com\/en_US\/wp-json\/wp\/v2\/product\/20853","targetHints":{"allow":["GET"]}}],"collection":[{"href":"https:\/\/tajkertesz.com\/en_US\/wp-json\/wp\/v2\/product"}],"about":[{"href":"https:\/\/tajkertesz.com\/en_US\/wp-json\/wp\/v2\/types\/product"}],"wp:featuredmedia":[{"embeddable":true,"href":"https:\/\/tajkertesz.com\/en_US\/wp-json\/wp\/v2\/media\/20854"}],"wp:attachment":[{"href":"https:\/\/tajkertesz.com\/en_US\/wp-json\/wp\/v2\/media?parent=20853"}],"wp:term":[{"taxonomy":"product_brand","embeddable":true,"href":"https:\/\/tajkertesz.com\/en_US\/wp-json\/wp\/v2\/product_brand?post=20853"},{"taxonomy":"product_cat","embeddable":true,"href":"https:\/\/tajkertesz.com\/en_US\/wp-json\/wp\/v2\/product_cat?post=20853"},{"taxonomy":"product_tag","embeddable":true,"href":"https:\/\/tajkertesz.com\/en_US\/wp-json\/wp\/v2\/product_tag?post=20853"}],"curies":[{"name":"wp","href":"https:\/\/api.w.org\/{rel}","templated":true}]}}