{"id":20953,"date":"2024-09-13T10:11:49","date_gmt":"2024-09-13T10:11:49","guid":{"rendered":"https:\/\/tajkertesz.com\/?post_type=product&#038;p=20953"},"modified":"2025-01-27T11:52:30","modified_gmt":"2025-01-27T11:52:30","slug":"kinai-selyemmirtusz-lagerstroemia-indica-satenau-2","status":"publish","type":"product","link":"https:\/\/tajkertesz.com\/en_US\/product\/kinai-selyemmirtusz-lagerstroemia-indica-satenau-2\/","title":{"rendered":"K\u00ednai selyemmirtusz (Lagerstroemia indica &#8216;Apalchee&#8217; )"},"content":{"rendered":"<h3>K\u00ednai selyemmirtusz (Lagerstroemia indica &#8216;Apalchee&#8217; )<\/h3>\n<p>K\u00ednai selyemmirtusz (Lagerstroemia indica &#8216;Apalchee&#8217; )<\/p>\n<h2 class=\"product__details--info__title mb-15\">Apalachee selyemmirtusz<\/h2>\n<p><strong>\u00a0Kisebb, 3-4 m\u00e9teres f\u00e1v\u00e1 is nevelked\u0151, levendular\u00f3zsasz\u00edn\/lila vir\u00e1g\u00fa selyemmirtusz!<\/strong><\/p>\n<p class=\"product__details--info__meta--list mb-30\"><strong>F\u00e9nyig\u00e9ny:<\/strong>\u00a0<i class=\"fas fa-solid fa-sun fa-2x\"><\/i>\u00a0Napos helyre<\/p>\n<p class=\"product__details--info__meta--list mb-30\"><strong>Nedvess\u00e9g:<\/strong>\u00a0<i class=\"fas fa-regular fa-droplet fa-2x\"><\/i>\u00a0<i class=\"fas fa-regular fa-droplet fa-2x\"><\/i>\u00a0\u00c1tlagos v\u00edzig\u00e9ny\u0171<\/p>\n<p class=\"product__details--info__meta--list mb-30\"><strong>pH:<\/strong>\u00a0talajban nem v\u00e1logat<\/p>\n<p><strong>Vir\u00e1ga:<\/strong> vil\u00e1gos lila nagy vir\u00e1g\u00fa<\/p>\n<p><strong>Fagyt\u0171r\u00e9se:<\/strong> -23C.<\/p>\n<p>Lombhullat\u00f3 cserje. Vir\u00e1gai j\u00fanius k\u00f6zep\u00e9t\u0151l ny\u00edlnak. A r\u00f3zsasz\u00edn\/lila vir\u00e1gzat mindig az aktu\u00e1lis \u00e9vi hajt\u00e1sok v\u00e9g\u00e9n fejl\u0151dik ki.<\/p>\n<p>\u0150sszel a levelei v\u00f6r\u00f6ses sz\u00edn\u00e1rnyalat\u00fara sz\u00ednez\u0151dnek. A metsz\u00e9st j\u00f3l t\u0171ri, s\u00f6v\u00e9nynek is kiv\u00e1l\u00f3.<\/p>\n<p>Napf\u00e9ny \u00e9s melegkedvel\u0151 n\u00f6v\u00e9ny ez\u00e9rt v\u00e9dett helyre \u00fcltess\u00fck. A fiatal n\u00f6v\u00e9nyek t\u00f6v\u00e9t t\u00e9lire takarjuk, v\u00e9dj\u00fck az er\u0151sebb fagyokt\u00f3l.<\/p>\n<p>&nbsp;<\/p>\n<p>3 literes cser\u00e9pben 30\/40 cm<\/p>\n<p><a href=\"https:\/\/tajkertesz.com\/\">https:\/\/tajkertesz.com\/<\/a><\/p>\n<p><a href=\"https:\/\/www.facebook.com\/tajkertesz\">https:\/\/www.facebook.com\/tajkertesz<\/a><\/p>\n<p>K\u00e9szlet\u00fcnk napi szinten v\u00e1ltozik , \u00edgy a v\u00e1ltoz\u00e1s jog\u00e1t fenntartjuk.<\/p>\n<p>200 cm \u00e9s 40 kg-ig a sz\u00e1ll\u00edt\u00e1s lehets\u00e9ges fut\u00e1rszolg\u00e1lattal, ezen m\u00e9retek felett egyedi sz\u00e1ll\u00edt\u00e1s egyeztet\u00e9se sz\u00fcks\u00e9ges.<\/p>","protected":false},"excerpt":{"rendered":"<p><strong>\u00a0Kisebb, 3-4 m\u00e9teres f\u00e1v\u00e1 is nevelked\u0151, levendular\u00f3zsasz\u00edn\/lila vir\u00e1g\u00fa selyemmirtusz!<\/strong><\/p>\n<p><strong>Vir\u00e1ga:<\/strong> vil\u00e1gos lila nagy vir\u00e1g\u00fa<\/p>\n<p><strong>Fagyt\u0171r\u00e9se:<\/strong> -23C.<\/p>","protected":false},"featured_media":20959,"template":"","meta":{"_et_pb_use_builder":"","_et_pb_old_content":"","_et_gb_content_width":""},"product_brand":[],"product_cat":[27],"product_tag":[73,5269],"class_list":{"0":"post-20953","1":"product","2":"type-product","3":"status-publish","4":"has-post-thumbnail","6":"product_cat-cserjek","7":"product_tag-cserje","8":"product_tag-kinai-selyemmirtusz-lagerstroemia-indica-apalchee","10":"first","11":"outofstock","12":"shipping-taxable","13":"product-type-simple"},"yoast_head":"<!-- This site is optimized with the Yoast SEO plugin v27.3 - https:\/\/yoast.com\/product\/yoast-seo-wordpress\/ -->\n<title>K\u00ednai selyemmirtusz (Lagerstroemia indica &#039;Apalchee&#039; ) - T\u00e1jkert\u00e9sz<\/title>\n<meta name=\"description\" content=\"K\u00ednai selyemmirtusz (Lagerstroemia indica &#039;Apalchee&#039; ) \u00a0Kisebb, 3-4 m\u00e9teres f\u00e1v\u00e1 is nevelked\u0151, levendular\u00f3zsasz\u00edn\/lila vir\u00e1g\u00fa selyemmirtusz!\" \/>\n<meta name=\"robots\" content=\"index, follow, max-snippet:-1, max-image-preview:large, max-video-preview:-1\" \/>\n<link rel=\"canonical\" href=\"https:\/\/tajkertesz.com\/en_US\/product\/kinai-selyemmirtusz-lagerstroemia-indica-satenau-2\/\" \/>\n<meta property=\"og:locale\" content=\"en_US\" \/>\n<meta property=\"og:type\" content=\"article\" \/>\n<meta property=\"og:title\" content=\"K\u00ednai selyemmirtusz (Lagerstroemia indica &#039;Apalchee&#039; ) - T\u00e1jkert\u00e9sz\" \/>\n<meta property=\"og:description\" content=\"K\u00ednai selyemmirtusz (Lagerstroemia indica &#039;Apalchee&#039; ) \u00a0Kisebb, 3-4 m\u00e9teres f\u00e1v\u00e1 is nevelked\u0151, levendular\u00f3zsasz\u00edn\/lila vir\u00e1g\u00fa selyemmirtusz!\" \/>\n<meta property=\"og:url\" content=\"https:\/\/tajkertesz.com\/en_US\/product\/kinai-selyemmirtusz-lagerstroemia-indica-satenau-2\/\" \/>\n<meta property=\"og:site_name\" content=\"T\u00e1jkert\u00e9sz\" \/>\n<meta property=\"article:publisher\" content=\"https:\/\/www.facebook.com\/Tajkertesz\/\" \/>\n<meta property=\"article:modified_time\" content=\"2025-01-27T11:52:30+00:00\" \/>\n<meta property=\"og:image\" content=\"https:\/\/tajkertesz.com\/wp-content\/uploads\/2024\/09\/lagerstroemia_indica_apalachee_03.webp\" \/>\n\t<meta property=\"og:image:width\" content=\"600\" \/>\n\t<meta property=\"og:image:height\" content=\"714\" \/>\n\t<meta property=\"og:image:type\" content=\"image\/webp\" \/>\n<meta name=\"twitter:card\" content=\"summary_large_image\" \/>\n<meta name=\"twitter:label1\" content=\"Est. reading time\" \/>\n\t<meta name=\"twitter:data1\" content=\"1 minute\" \/>\n<script type=\"application\/ld+json\" class=\"yoast-schema-graph\">{\"@context\":\"https:\\\/\\\/schema.org\",\"@graph\":[{\"@type\":\"WebPage\",\"@id\":\"https:\\\/\\\/tajkertesz.com\\\/termek\\\/kinai-selyemmirtusz-lagerstroemia-indica-satenau-2\\\/\",\"url\":\"https:\\\/\\\/tajkertesz.com\\\/termek\\\/kinai-selyemmirtusz-lagerstroemia-indica-satenau-2\\\/\",\"name\":\"K\u00ednai selyemmirtusz (Lagerstroemia indica 'Apalchee' ) - T\u00e1jkert\u00e9sz\",\"isPartOf\":{\"@id\":\"https:\\\/\\\/tajkertesz.com\\\/#website\"},\"primaryImageOfPage\":{\"@id\":\"https:\\\/\\\/tajkertesz.com\\\/termek\\\/kinai-selyemmirtusz-lagerstroemia-indica-satenau-2\\\/#primaryimage\"},\"image\":{\"@id\":\"https:\\\/\\\/tajkertesz.com\\\/termek\\\/kinai-selyemmirtusz-lagerstroemia-indica-satenau-2\\\/#primaryimage\"},\"thumbnailUrl\":\"https:\\\/\\\/tajkertesz.com\\\/wp-content\\\/uploads\\\/2024\\\/09\\\/lagerstroemia_indica_apalachee_03.webp\",\"datePublished\":\"2024-09-13T10:11:49+00:00\",\"dateModified\":\"2025-01-27T11:52:30+00:00\",\"description\":\"K\u00ednai selyemmirtusz (Lagerstroemia indica 'Apalchee' ) \u00a0Kisebb, 3-4 m\u00e9teres f\u00e1v\u00e1 is nevelked\u0151, levendular\u00f3zsasz\u00edn\\\/lila vir\u00e1g\u00fa selyemmirtusz!\",\"breadcrumb\":{\"@id\":\"https:\\\/\\\/tajkertesz.com\\\/termek\\\/kinai-selyemmirtusz-lagerstroemia-indica-satenau-2\\\/#breadcrumb\"},\"inLanguage\":\"en-US\",\"potentialAction\":[{\"@type\":\"ReadAction\",\"target\":[\"https:\\\/\\\/tajkertesz.com\\\/termek\\\/kinai-selyemmirtusz-lagerstroemia-indica-satenau-2\\\/\"]}]},{\"@type\":\"ImageObject\",\"inLanguage\":\"en-US\",\"@id\":\"https:\\\/\\\/tajkertesz.com\\\/termek\\\/kinai-selyemmirtusz-lagerstroemia-indica-satenau-2\\\/#primaryimage\",\"url\":\"https:\\\/\\\/tajkertesz.com\\\/wp-content\\\/uploads\\\/2024\\\/09\\\/lagerstroemia_indica_apalachee_03.webp\",\"contentUrl\":\"https:\\\/\\\/tajkertesz.com\\\/wp-content\\\/uploads\\\/2024\\\/09\\\/lagerstroemia_indica_apalachee_03.webp\",\"width\":600,\"height\":714},{\"@type\":\"BreadcrumbList\",\"@id\":\"https:\\\/\\\/tajkertesz.com\\\/termek\\\/kinai-selyemmirtusz-lagerstroemia-indica-satenau-2\\\/#breadcrumb\",\"itemListElement\":[{\"@type\":\"ListItem\",\"position\":1,\"name\":\"Home\",\"item\":\"https:\\\/\\\/tajkertesz.com\\\/\"},{\"@type\":\"ListItem\",\"position\":2,\"name\":\"Kezd\u0151lap\",\"item\":\"https:\\\/\\\/tajkertesz.com\\\/\"},{\"@type\":\"ListItem\",\"position\":3,\"name\":\"K\u00ednai selyemmirtusz (Lagerstroemia indica &#8216;Apalchee&#8217; )\"}]},{\"@type\":\"WebSite\",\"@id\":\"https:\\\/\\\/tajkertesz.com\\\/#website\",\"url\":\"https:\\\/\\\/tajkertesz.com\\\/\",\"name\":\"T\u00e1j-Kert\u00e9sz 84 Kft.\",\"description\":\"Kert\u00e9szeti kis- \u00e9s nagykeresked\u00e9s, D\u00edszn\u00f6v\u00e9ny web\u00e1ruh\u00e1z orsz\u00e1gos h\u00e1zhozsz\u00e1ll\u00edt\u00e1ssal!\",\"publisher\":{\"@id\":\"https:\\\/\\\/tajkertesz.com\\\/#organization\"},\"potentialAction\":[{\"@type\":\"SearchAction\",\"target\":{\"@type\":\"EntryPoint\",\"urlTemplate\":\"https:\\\/\\\/tajkertesz.com\\\/?s={search_term_string}\"},\"query-input\":{\"@type\":\"PropertyValueSpecification\",\"valueRequired\":true,\"valueName\":\"search_term_string\"}}],\"inLanguage\":\"en-US\"},{\"@type\":\"Organization\",\"@id\":\"https:\\\/\\\/tajkertesz.com\\\/#organization\",\"name\":\"T\u00e1j-Kert\u00e9sz 84 Kft.\",\"url\":\"https:\\\/\\\/tajkertesz.com\\\/\",\"logo\":{\"@type\":\"ImageObject\",\"inLanguage\":\"en-US\",\"@id\":\"https:\\\/\\\/tajkertesz.com\\\/#\\\/schema\\\/logo\\\/image\\\/\",\"url\":\"https:\\\/\\\/tajkertesz.com\\\/wp-content\\\/uploads\\\/2018\\\/02\\\/logo-2-e1518678052539.png\",\"contentUrl\":\"https:\\\/\\\/tajkertesz.com\\\/wp-content\\\/uploads\\\/2018\\\/02\\\/logo-2-e1518678052539.png\",\"width\":81,\"height\":140,\"caption\":\"T\u00e1j-Kert\u00e9sz 84 Kft.\"},\"image\":{\"@id\":\"https:\\\/\\\/tajkertesz.com\\\/#\\\/schema\\\/logo\\\/image\\\/\"},\"sameAs\":[\"https:\\\/\\\/www.facebook.com\\\/Tajkertesz\\\/\"]}]}<\/script>\n<!-- \/ Yoast SEO plugin. -->","yoast_head_json":{"title":"K\u00ednai selyemmirtusz (Lagerstroemia indica 'Apalchee' ) - T\u00e1jkert\u00e9sz","description":"K\u00ednai selyemmirtusz (Lagerstroemia indica 'Apalchee' ) \u00a0Kisebb, 3-4 m\u00e9teres f\u00e1v\u00e1 is nevelked\u0151, levendular\u00f3zsasz\u00edn\/lila vir\u00e1g\u00fa selyemmirtusz!","robots":{"index":"index","follow":"follow","max-snippet":"max-snippet:-1","max-image-preview":"max-image-preview:large","max-video-preview":"max-video-preview:-1"},"canonical":"https:\/\/tajkertesz.com\/en_US\/product\/kinai-selyemmirtusz-lagerstroemia-indica-satenau-2\/","og_locale":"en_US","og_type":"article","og_title":"K\u00ednai selyemmirtusz (Lagerstroemia indica 'Apalchee' ) - T\u00e1jkert\u00e9sz","og_description":"K\u00ednai selyemmirtusz (Lagerstroemia indica 'Apalchee' ) \u00a0Kisebb, 3-4 m\u00e9teres f\u00e1v\u00e1 is nevelked\u0151, levendular\u00f3zsasz\u00edn\/lila vir\u00e1g\u00fa selyemmirtusz!","og_url":"https:\/\/tajkertesz.com\/en_US\/product\/kinai-selyemmirtusz-lagerstroemia-indica-satenau-2\/","og_site_name":"T\u00e1jkert\u00e9sz","article_publisher":"https:\/\/www.facebook.com\/Tajkertesz\/","article_modified_time":"2025-01-27T11:52:30+00:00","og_image":[{"width":600,"height":714,"url":"https:\/\/tajkertesz.com\/wp-content\/uploads\/2024\/09\/lagerstroemia_indica_apalachee_03.webp","type":"image\/webp"}],"twitter_card":"summary_large_image","twitter_misc":{"Est. reading time":"1 minute"},"schema":{"@context":"https:\/\/schema.org","@graph":[{"@type":"WebPage","@id":"https:\/\/tajkertesz.com\/termek\/kinai-selyemmirtusz-lagerstroemia-indica-satenau-2\/","url":"https:\/\/tajkertesz.com\/termek\/kinai-selyemmirtusz-lagerstroemia-indica-satenau-2\/","name":"K\u00ednai selyemmirtusz (Lagerstroemia indica 'Apalchee' ) - T\u00e1jkert\u00e9sz","isPartOf":{"@id":"https:\/\/tajkertesz.com\/#website"},"primaryImageOfPage":{"@id":"https:\/\/tajkertesz.com\/termek\/kinai-selyemmirtusz-lagerstroemia-indica-satenau-2\/#primaryimage"},"image":{"@id":"https:\/\/tajkertesz.com\/termek\/kinai-selyemmirtusz-lagerstroemia-indica-satenau-2\/#primaryimage"},"thumbnailUrl":"https:\/\/tajkertesz.com\/wp-content\/uploads\/2024\/09\/lagerstroemia_indica_apalachee_03.webp","datePublished":"2024-09-13T10:11:49+00:00","dateModified":"2025-01-27T11:52:30+00:00","description":"K\u00ednai selyemmirtusz (Lagerstroemia indica 'Apalchee' ) \u00a0Kisebb, 3-4 m\u00e9teres f\u00e1v\u00e1 is nevelked\u0151, levendular\u00f3zsasz\u00edn\/lila vir\u00e1g\u00fa selyemmirtusz!","breadcrumb":{"@id":"https:\/\/tajkertesz.com\/termek\/kinai-selyemmirtusz-lagerstroemia-indica-satenau-2\/#breadcrumb"},"inLanguage":"en-US","potentialAction":[{"@type":"ReadAction","target":["https:\/\/tajkertesz.com\/termek\/kinai-selyemmirtusz-lagerstroemia-indica-satenau-2\/"]}]},{"@type":"ImageObject","inLanguage":"en-US","@id":"https:\/\/tajkertesz.com\/termek\/kinai-selyemmirtusz-lagerstroemia-indica-satenau-2\/#primaryimage","url":"https:\/\/tajkertesz.com\/wp-content\/uploads\/2024\/09\/lagerstroemia_indica_apalachee_03.webp","contentUrl":"https:\/\/tajkertesz.com\/wp-content\/uploads\/2024\/09\/lagerstroemia_indica_apalachee_03.webp","width":600,"height":714},{"@type":"BreadcrumbList","@id":"https:\/\/tajkertesz.com\/termek\/kinai-selyemmirtusz-lagerstroemia-indica-satenau-2\/#breadcrumb","itemListElement":[{"@type":"ListItem","position":1,"name":"Home","item":"https:\/\/tajkertesz.com\/"},{"@type":"ListItem","position":2,"name":"Kezd\u0151lap","item":"https:\/\/tajkertesz.com\/"},{"@type":"ListItem","position":3,"name":"K\u00ednai selyemmirtusz (Lagerstroemia indica &#8216;Apalchee&#8217; )"}]},{"@type":"WebSite","@id":"https:\/\/tajkertesz.com\/#website","url":"https:\/\/tajkertesz.com\/","name":"T\u00e1j-Kert\u00e9sz 84 Kft.","description":"Kert\u00e9szeti kis- \u00e9s nagykeresked\u00e9s, D\u00edszn\u00f6v\u00e9ny web\u00e1ruh\u00e1z orsz\u00e1gos h\u00e1zhozsz\u00e1ll\u00edt\u00e1ssal!","publisher":{"@id":"https:\/\/tajkertesz.com\/#organization"},"potentialAction":[{"@type":"SearchAction","target":{"@type":"EntryPoint","urlTemplate":"https:\/\/tajkertesz.com\/?s={search_term_string}"},"query-input":{"@type":"PropertyValueSpecification","valueRequired":true,"valueName":"search_term_string"}}],"inLanguage":"en-US"},{"@type":"Organization","@id":"https:\/\/tajkertesz.com\/#organization","name":"T\u00e1j-Kert\u00e9sz 84 Kft.","url":"https:\/\/tajkertesz.com\/","logo":{"@type":"ImageObject","inLanguage":"en-US","@id":"https:\/\/tajkertesz.com\/#\/schema\/logo\/image\/","url":"https:\/\/tajkertesz.com\/wp-content\/uploads\/2018\/02\/logo-2-e1518678052539.png","contentUrl":"https:\/\/tajkertesz.com\/wp-content\/uploads\/2018\/02\/logo-2-e1518678052539.png","width":81,"height":140,"caption":"T\u00e1j-Kert\u00e9sz 84 Kft."},"image":{"@id":"https:\/\/tajkertesz.com\/#\/schema\/logo\/image\/"},"sameAs":["https:\/\/www.facebook.com\/Tajkertesz\/"]}]}},"_links":{"self":[{"href":"https:\/\/tajkertesz.com\/en_US\/wp-json\/wp\/v2\/product\/20953","targetHints":{"allow":["GET"]}}],"collection":[{"href":"https:\/\/tajkertesz.com\/en_US\/wp-json\/wp\/v2\/product"}],"about":[{"href":"https:\/\/tajkertesz.com\/en_US\/wp-json\/wp\/v2\/types\/product"}],"wp:featuredmedia":[{"embeddable":true,"href":"https:\/\/tajkertesz.com\/en_US\/wp-json\/wp\/v2\/media\/20959"}],"wp:attachment":[{"href":"https:\/\/tajkertesz.com\/en_US\/wp-json\/wp\/v2\/media?parent=20953"}],"wp:term":[{"taxonomy":"product_brand","embeddable":true,"href":"https:\/\/tajkertesz.com\/en_US\/wp-json\/wp\/v2\/product_brand?post=20953"},{"taxonomy":"product_cat","embeddable":true,"href":"https:\/\/tajkertesz.com\/en_US\/wp-json\/wp\/v2\/product_cat?post=20953"},{"taxonomy":"product_tag","embeddable":true,"href":"https:\/\/tajkertesz.com\/en_US\/wp-json\/wp\/v2\/product_tag?post=20953"}],"curies":[{"name":"wp","href":"https:\/\/api.w.org\/{rel}","templated":true}]}}