{"id":20974,"date":"2024-09-13T11:37:33","date_gmt":"2024-09-13T11:37:33","guid":{"rendered":"https:\/\/tajkertesz.com\/?post_type=product&#038;p=20974"},"modified":"2026-02-12T15:11:32","modified_gmt":"2026-02-12T15:11:32","slug":"kinai-selyemmirtusz-lagerstroemia-petite-orchid","status":"publish","type":"product","link":"https:\/\/tajkertesz.com\/en_US\/product\/kinai-selyemmirtusz-lagerstroemia-petite-orchid\/","title":{"rendered":"K\u00ednai selyemmirtusz (Lagerstroemia Petite Orchid\u2019)"},"content":{"rendered":"<h2>K\u00ednai selyemmirtusz (Lagerstroemia Petite Orchid\u2019)<\/h2>\n<p>K\u00ednai selyemmirtusz (Lagerstroemia Petite Orchid\u2019)<\/p>\n<p>A selyemmirtuszok mostan\u00e1ban kezdenek elterjedni n\u00e1lunk. Nem v\u00e9letlen az \u00faj n\u00e9pszer\u0171s\u00e9g\u00fck: nagyon gazdagon \u00e9s hossz\u00fa ideig vir\u00e1goznak.<\/p>\n<p><span class=\"hgKElc\">K\u00f6zepes m\u00e9ret\u0171 lombhullat\u00f3 cserje, el\u00e9rheti a 1,5-2 m\u00e9ter magass\u00e1got. <\/span><\/p>\n<p><span class=\"hgKElc\">Ny\u00e1r k\u00f6zep\u00e9t\u0151l eg\u00e9szen k\u00e9s\u0151 \u0151szig vir\u00e1goznak. <\/span><\/p>\n<p><span class=\"hgKElc\">Napos helyet kedveli \u00e9s j\u00f3 v\u00edzelvezet\u00e9s\u0171 enyh\u00e9n savas talajba javasolt \u00fcltetni.<\/span><\/p>\n<p>Kis helyen is remek\u00fcl mutat, hiszen alacsony termet\u0171. T\u00e9l\u00e1ll\u00f3, de a biztons\u00e1g kedv\u00e9\u00e9rt t\u00e9len takarjuk a t\u00f6v\u00e9t a fagyok ellen.<\/p>\n<p>\u00dcltet\u00e9sn\u00e9l nem \u00e9rdemes nagy g\u00f6dr\u00f6t \u00e1sni neki. El\u00e9g akkora, amiben a gy\u00f6kerek visszahajl\u00e1s n\u00e9lk\u00fcl elf\u00e9rnek. Az els\u0151 1-2 \u00e9vben \u00f6nt\u00f6z\u00e9st ig\u00e9nyel, de amint meger\u0151s\u00f6d\u00f6tt ez elhagyhat\u00f3.<\/p>\n<p class=\"product__details--info__meta--list mb-30\"><strong>F\u00e9nyig\u00e9ny:<\/strong>\u00a0<i class=\"fas fa-solid fa-sun fa-2x\"><\/i>\u00a0Napos helyre<\/p>\n<p class=\"product__details--info__meta--list mb-30\"><strong>Nedvess\u00e9g:<\/strong>\u00a0<i class=\"fas fa-regular fa-droplet fa-2x\"><\/i>\u00a0<i class=\"fas fa-regular fa-droplet fa-2x\"><\/i>\u00a0\u00c1tlagos v\u00edzig\u00e9ny\u0171<\/p>\n<p class=\"product__details--info__meta--list mb-30\"><strong>pH:<\/strong>\u00a0talajban nem v\u00e1logat<\/p>\n<p><strong>Vir\u00e1ga:<\/strong>\u00a0vil\u00e1gos lila nagy vir\u00e1g\u00fa<\/p>\n<p><strong>Fagyt\u0171r\u00e9se:<\/strong> -15C.<\/p>\n<p>3 literes cser\u00e9pben 60\/80 cm<\/p>","protected":false},"excerpt":{"rendered":"<p class=\"product__details--info__meta--list mb-30\"><strong>F\u00e9nyig\u00e9ny:<\/strong>\u00a0<i class=\"fas fa-solid fa-sun fa-2x\"><\/i>\u00a0Napos helyre<\/p>\n<p class=\"product__details--info__meta--list mb-30\"><strong>Nedvess\u00e9g:<\/strong>\u00a0<i class=\"fas fa-regular fa-droplet fa-2x\"><\/i>\u00a0<i class=\"fas fa-regular fa-droplet fa-2x\"><\/i>\u00a0\u00c1tlagos v\u00edzig\u00e9ny\u0171<\/p>\n<p class=\"product__details--info__meta--list mb-30\"><strong>pH:<\/strong>\u00a0talajban nem v\u00e1logat<\/p>\n<p><strong>Vir\u00e1ga:<\/strong>\u00a0vil\u00e1gos lila nagy vir\u00e1g\u00fa<\/p>\n<p><strong>Fagyt\u0171r\u00e9se:<\/strong> -15C.<\/p>\n<p>3 literes cser\u00e9pben 60\/80 cm<\/p>","protected":false},"featured_media":20977,"template":"","meta":{"_et_pb_use_builder":"","_et_pb_old_content":"","_et_gb_content_width":""},"product_brand":[],"product_cat":[27],"product_tag":[73,5271,5275],"class_list":{"0":"post-20974","1":"product","2":"type-product","3":"status-publish","4":"has-post-thumbnail","6":"product_cat-cserjek","7":"product_tag-cserje","8":"product_tag-kinai-selyemmirtusz","9":"product_tag-kinai-selyemmirtusz-lagerstroemia-petite-orchid","11":"first","12":"outofstock","13":"shipping-taxable","14":"product-type-simple"},"yoast_head":"<!-- This site is optimized with the Yoast SEO plugin v27.4 - https:\/\/yoast.com\/product\/yoast-seo-wordpress\/ -->\n<title>K\u00ednai selyemmirtusz (Lagerstroemia Petite Orchid\u2019) - T\u00e1jkert\u00e9sz<\/title>\n<meta name=\"description\" content=\"K\u00ednai selyemmirtusz (Lagerstroemia Petite Orchid\u2019). K\u00f6zepes m\u00e9ret\u0171 lombhullat\u00f3 cserje, el\u00e9rheti a 1,5-2 m\u00e9tert. Ny\u00e1r k\u00f6zep\u00e9t\u0151l eg\u00e9szen k\u00e9s\u0151 \u0151szig vir\u00e1goznak\" \/>\n<meta name=\"robots\" content=\"index, follow, max-snippet:-1, max-image-preview:large, max-video-preview:-1\" \/>\n<link rel=\"canonical\" href=\"https:\/\/tajkertesz.com\/en_US\/product\/kinai-selyemmirtusz-lagerstroemia-petite-orchid\/\" \/>\n<meta property=\"og:locale\" content=\"en_US\" \/>\n<meta property=\"og:type\" content=\"article\" \/>\n<meta property=\"og:title\" content=\"K\u00ednai selyemmirtusz (Lagerstroemia Petite Orchid\u2019) - T\u00e1jkert\u00e9sz\" \/>\n<meta property=\"og:description\" content=\"K\u00ednai selyemmirtusz (Lagerstroemia Petite Orchid\u2019). K\u00f6zepes m\u00e9ret\u0171 lombhullat\u00f3 cserje, el\u00e9rheti a 1,5-2 m\u00e9tert. Ny\u00e1r k\u00f6zep\u00e9t\u0151l eg\u00e9szen k\u00e9s\u0151 \u0151szig vir\u00e1goznak\" \/>\n<meta property=\"og:url\" content=\"https:\/\/tajkertesz.com\/en_US\/product\/kinai-selyemmirtusz-lagerstroemia-petite-orchid\/\" \/>\n<meta property=\"og:site_name\" content=\"T\u00e1jkert\u00e9sz\" \/>\n<meta property=\"article:publisher\" content=\"https:\/\/www.facebook.com\/Tajkertesz\/\" \/>\n<meta property=\"article:modified_time\" content=\"2026-02-12T15:11:32+00:00\" \/>\n<meta property=\"og:image\" content=\"https:\/\/tajkertesz.com\/wp-content\/uploads\/2024\/09\/main_LAGERSTR-e1726227371331.png\" \/>\n\t<meta property=\"og:image:width\" content=\"800\" \/>\n\t<meta property=\"og:image:height\" content=\"800\" \/>\n\t<meta property=\"og:image:type\" content=\"image\/png\" \/>\n<meta name=\"twitter:card\" content=\"summary_large_image\" \/>\n<meta name=\"twitter:label1\" content=\"Est. reading time\" \/>\n\t<meta name=\"twitter:data1\" content=\"1 minute\" \/>\n<script type=\"application\/ld+json\" class=\"yoast-schema-graph\">{\"@context\":\"https:\\\/\\\/schema.org\",\"@graph\":[{\"@type\":\"WebPage\",\"@id\":\"https:\\\/\\\/tajkertesz.com\\\/termek\\\/kinai-selyemmirtusz-lagerstroemia-petite-orchid\\\/\",\"url\":\"https:\\\/\\\/tajkertesz.com\\\/termek\\\/kinai-selyemmirtusz-lagerstroemia-petite-orchid\\\/\",\"name\":\"K\u00ednai selyemmirtusz (Lagerstroemia Petite Orchid\u2019) - T\u00e1jkert\u00e9sz\",\"isPartOf\":{\"@id\":\"https:\\\/\\\/tajkertesz.com\\\/#website\"},\"primaryImageOfPage\":{\"@id\":\"https:\\\/\\\/tajkertesz.com\\\/termek\\\/kinai-selyemmirtusz-lagerstroemia-petite-orchid\\\/#primaryimage\"},\"image\":{\"@id\":\"https:\\\/\\\/tajkertesz.com\\\/termek\\\/kinai-selyemmirtusz-lagerstroemia-petite-orchid\\\/#primaryimage\"},\"thumbnailUrl\":\"https:\\\/\\\/tajkertesz.com\\\/wp-content\\\/uploads\\\/2024\\\/09\\\/main_LAGERSTR-e1726227371331.png\",\"datePublished\":\"2024-09-13T11:37:33+00:00\",\"dateModified\":\"2026-02-12T15:11:32+00:00\",\"description\":\"K\u00ednai selyemmirtusz (Lagerstroemia Petite Orchid\u2019). K\u00f6zepes m\u00e9ret\u0171 lombhullat\u00f3 cserje, el\u00e9rheti a 1,5-2 m\u00e9tert. Ny\u00e1r k\u00f6zep\u00e9t\u0151l eg\u00e9szen k\u00e9s\u0151 \u0151szig vir\u00e1goznak\",\"breadcrumb\":{\"@id\":\"https:\\\/\\\/tajkertesz.com\\\/termek\\\/kinai-selyemmirtusz-lagerstroemia-petite-orchid\\\/#breadcrumb\"},\"inLanguage\":\"en-US\",\"potentialAction\":[{\"@type\":\"ReadAction\",\"target\":[\"https:\\\/\\\/tajkertesz.com\\\/termek\\\/kinai-selyemmirtusz-lagerstroemia-petite-orchid\\\/\"]}]},{\"@type\":\"ImageObject\",\"inLanguage\":\"en-US\",\"@id\":\"https:\\\/\\\/tajkertesz.com\\\/termek\\\/kinai-selyemmirtusz-lagerstroemia-petite-orchid\\\/#primaryimage\",\"url\":\"https:\\\/\\\/tajkertesz.com\\\/wp-content\\\/uploads\\\/2024\\\/09\\\/main_LAGERSTR-e1726227371331.png\",\"contentUrl\":\"https:\\\/\\\/tajkertesz.com\\\/wp-content\\\/uploads\\\/2024\\\/09\\\/main_LAGERSTR-e1726227371331.png\",\"width\":800,\"height\":800},{\"@type\":\"BreadcrumbList\",\"@id\":\"https:\\\/\\\/tajkertesz.com\\\/termek\\\/kinai-selyemmirtusz-lagerstroemia-petite-orchid\\\/#breadcrumb\",\"itemListElement\":[{\"@type\":\"ListItem\",\"position\":1,\"name\":\"Home\",\"item\":\"https:\\\/\\\/tajkertesz.com\\\/\"},{\"@type\":\"ListItem\",\"position\":2,\"name\":\"Kezd\u0151lap\",\"item\":\"https:\\\/\\\/tajkertesz.com\\\/\"},{\"@type\":\"ListItem\",\"position\":3,\"name\":\"K\u00ednai selyemmirtusz (Lagerstroemia Petite Orchid\u2019)\"}]},{\"@type\":\"WebSite\",\"@id\":\"https:\\\/\\\/tajkertesz.com\\\/#website\",\"url\":\"https:\\\/\\\/tajkertesz.com\\\/\",\"name\":\"T\u00e1j-Kert\u00e9sz 84 Kft.\",\"description\":\"Kert\u00e9szeti kis- \u00e9s nagykeresked\u00e9s, D\u00edszn\u00f6v\u00e9ny web\u00e1ruh\u00e1z orsz\u00e1gos h\u00e1zhozsz\u00e1ll\u00edt\u00e1ssal!\",\"publisher\":{\"@id\":\"https:\\\/\\\/tajkertesz.com\\\/#organization\"},\"potentialAction\":[{\"@type\":\"SearchAction\",\"target\":{\"@type\":\"EntryPoint\",\"urlTemplate\":\"https:\\\/\\\/tajkertesz.com\\\/?s={search_term_string}\"},\"query-input\":{\"@type\":\"PropertyValueSpecification\",\"valueRequired\":true,\"valueName\":\"search_term_string\"}}],\"inLanguage\":\"en-US\"},{\"@type\":\"Organization\",\"@id\":\"https:\\\/\\\/tajkertesz.com\\\/#organization\",\"name\":\"T\u00e1j-Kert\u00e9sz 84 Kft.\",\"url\":\"https:\\\/\\\/tajkertesz.com\\\/\",\"logo\":{\"@type\":\"ImageObject\",\"inLanguage\":\"en-US\",\"@id\":\"https:\\\/\\\/tajkertesz.com\\\/#\\\/schema\\\/logo\\\/image\\\/\",\"url\":\"https:\\\/\\\/tajkertesz.com\\\/wp-content\\\/uploads\\\/2018\\\/02\\\/logo-2-e1518678052539.png\",\"contentUrl\":\"https:\\\/\\\/tajkertesz.com\\\/wp-content\\\/uploads\\\/2018\\\/02\\\/logo-2-e1518678052539.png\",\"width\":81,\"height\":140,\"caption\":\"T\u00e1j-Kert\u00e9sz 84 Kft.\"},\"image\":{\"@id\":\"https:\\\/\\\/tajkertesz.com\\\/#\\\/schema\\\/logo\\\/image\\\/\"},\"sameAs\":[\"https:\\\/\\\/www.facebook.com\\\/Tajkertesz\\\/\"]}]}<\/script>\n<!-- \/ Yoast SEO plugin. -->","yoast_head_json":{"title":"K\u00ednai selyemmirtusz (Lagerstroemia Petite Orchid\u2019) - T\u00e1jkert\u00e9sz","description":"K\u00ednai selyemmirtusz (Lagerstroemia Petite Orchid\u2019). K\u00f6zepes m\u00e9ret\u0171 lombhullat\u00f3 cserje, el\u00e9rheti a 1,5-2 m\u00e9tert. Ny\u00e1r k\u00f6zep\u00e9t\u0151l eg\u00e9szen k\u00e9s\u0151 \u0151szig vir\u00e1goznak","robots":{"index":"index","follow":"follow","max-snippet":"max-snippet:-1","max-image-preview":"max-image-preview:large","max-video-preview":"max-video-preview:-1"},"canonical":"https:\/\/tajkertesz.com\/en_US\/product\/kinai-selyemmirtusz-lagerstroemia-petite-orchid\/","og_locale":"en_US","og_type":"article","og_title":"K\u00ednai selyemmirtusz (Lagerstroemia Petite Orchid\u2019) - T\u00e1jkert\u00e9sz","og_description":"K\u00ednai selyemmirtusz (Lagerstroemia Petite Orchid\u2019). K\u00f6zepes m\u00e9ret\u0171 lombhullat\u00f3 cserje, el\u00e9rheti a 1,5-2 m\u00e9tert. Ny\u00e1r k\u00f6zep\u00e9t\u0151l eg\u00e9szen k\u00e9s\u0151 \u0151szig vir\u00e1goznak","og_url":"https:\/\/tajkertesz.com\/en_US\/product\/kinai-selyemmirtusz-lagerstroemia-petite-orchid\/","og_site_name":"T\u00e1jkert\u00e9sz","article_publisher":"https:\/\/www.facebook.com\/Tajkertesz\/","article_modified_time":"2026-02-12T15:11:32+00:00","og_image":[{"width":800,"height":800,"url":"https:\/\/tajkertesz.com\/wp-content\/uploads\/2024\/09\/main_LAGERSTR-e1726227371331.png","type":"image\/png"}],"twitter_card":"summary_large_image","twitter_misc":{"Est. reading time":"1 minute"},"schema":{"@context":"https:\/\/schema.org","@graph":[{"@type":"WebPage","@id":"https:\/\/tajkertesz.com\/termek\/kinai-selyemmirtusz-lagerstroemia-petite-orchid\/","url":"https:\/\/tajkertesz.com\/termek\/kinai-selyemmirtusz-lagerstroemia-petite-orchid\/","name":"K\u00ednai selyemmirtusz (Lagerstroemia Petite Orchid\u2019) - T\u00e1jkert\u00e9sz","isPartOf":{"@id":"https:\/\/tajkertesz.com\/#website"},"primaryImageOfPage":{"@id":"https:\/\/tajkertesz.com\/termek\/kinai-selyemmirtusz-lagerstroemia-petite-orchid\/#primaryimage"},"image":{"@id":"https:\/\/tajkertesz.com\/termek\/kinai-selyemmirtusz-lagerstroemia-petite-orchid\/#primaryimage"},"thumbnailUrl":"https:\/\/tajkertesz.com\/wp-content\/uploads\/2024\/09\/main_LAGERSTR-e1726227371331.png","datePublished":"2024-09-13T11:37:33+00:00","dateModified":"2026-02-12T15:11:32+00:00","description":"K\u00ednai selyemmirtusz (Lagerstroemia Petite Orchid\u2019). K\u00f6zepes m\u00e9ret\u0171 lombhullat\u00f3 cserje, el\u00e9rheti a 1,5-2 m\u00e9tert. Ny\u00e1r k\u00f6zep\u00e9t\u0151l eg\u00e9szen k\u00e9s\u0151 \u0151szig vir\u00e1goznak","breadcrumb":{"@id":"https:\/\/tajkertesz.com\/termek\/kinai-selyemmirtusz-lagerstroemia-petite-orchid\/#breadcrumb"},"inLanguage":"en-US","potentialAction":[{"@type":"ReadAction","target":["https:\/\/tajkertesz.com\/termek\/kinai-selyemmirtusz-lagerstroemia-petite-orchid\/"]}]},{"@type":"ImageObject","inLanguage":"en-US","@id":"https:\/\/tajkertesz.com\/termek\/kinai-selyemmirtusz-lagerstroemia-petite-orchid\/#primaryimage","url":"https:\/\/tajkertesz.com\/wp-content\/uploads\/2024\/09\/main_LAGERSTR-e1726227371331.png","contentUrl":"https:\/\/tajkertesz.com\/wp-content\/uploads\/2024\/09\/main_LAGERSTR-e1726227371331.png","width":800,"height":800},{"@type":"BreadcrumbList","@id":"https:\/\/tajkertesz.com\/termek\/kinai-selyemmirtusz-lagerstroemia-petite-orchid\/#breadcrumb","itemListElement":[{"@type":"ListItem","position":1,"name":"Home","item":"https:\/\/tajkertesz.com\/"},{"@type":"ListItem","position":2,"name":"Kezd\u0151lap","item":"https:\/\/tajkertesz.com\/"},{"@type":"ListItem","position":3,"name":"K\u00ednai selyemmirtusz (Lagerstroemia Petite Orchid\u2019)"}]},{"@type":"WebSite","@id":"https:\/\/tajkertesz.com\/#website","url":"https:\/\/tajkertesz.com\/","name":"T\u00e1j-Kert\u00e9sz 84 Kft.","description":"Kert\u00e9szeti kis- \u00e9s nagykeresked\u00e9s, D\u00edszn\u00f6v\u00e9ny web\u00e1ruh\u00e1z orsz\u00e1gos h\u00e1zhozsz\u00e1ll\u00edt\u00e1ssal!","publisher":{"@id":"https:\/\/tajkertesz.com\/#organization"},"potentialAction":[{"@type":"SearchAction","target":{"@type":"EntryPoint","urlTemplate":"https:\/\/tajkertesz.com\/?s={search_term_string}"},"query-input":{"@type":"PropertyValueSpecification","valueRequired":true,"valueName":"search_term_string"}}],"inLanguage":"en-US"},{"@type":"Organization","@id":"https:\/\/tajkertesz.com\/#organization","name":"T\u00e1j-Kert\u00e9sz 84 Kft.","url":"https:\/\/tajkertesz.com\/","logo":{"@type":"ImageObject","inLanguage":"en-US","@id":"https:\/\/tajkertesz.com\/#\/schema\/logo\/image\/","url":"https:\/\/tajkertesz.com\/wp-content\/uploads\/2018\/02\/logo-2-e1518678052539.png","contentUrl":"https:\/\/tajkertesz.com\/wp-content\/uploads\/2018\/02\/logo-2-e1518678052539.png","width":81,"height":140,"caption":"T\u00e1j-Kert\u00e9sz 84 Kft."},"image":{"@id":"https:\/\/tajkertesz.com\/#\/schema\/logo\/image\/"},"sameAs":["https:\/\/www.facebook.com\/Tajkertesz\/"]}]}},"_links":{"self":[{"href":"https:\/\/tajkertesz.com\/en_US\/wp-json\/wp\/v2\/product\/20974","targetHints":{"allow":["GET"]}}],"collection":[{"href":"https:\/\/tajkertesz.com\/en_US\/wp-json\/wp\/v2\/product"}],"about":[{"href":"https:\/\/tajkertesz.com\/en_US\/wp-json\/wp\/v2\/types\/product"}],"wp:featuredmedia":[{"embeddable":true,"href":"https:\/\/tajkertesz.com\/en_US\/wp-json\/wp\/v2\/media\/20977"}],"wp:attachment":[{"href":"https:\/\/tajkertesz.com\/en_US\/wp-json\/wp\/v2\/media?parent=20974"}],"wp:term":[{"taxonomy":"product_brand","embeddable":true,"href":"https:\/\/tajkertesz.com\/en_US\/wp-json\/wp\/v2\/product_brand?post=20974"},{"taxonomy":"product_cat","embeddable":true,"href":"https:\/\/tajkertesz.com\/en_US\/wp-json\/wp\/v2\/product_cat?post=20974"},{"taxonomy":"product_tag","embeddable":true,"href":"https:\/\/tajkertesz.com\/en_US\/wp-json\/wp\/v2\/product_tag?post=20974"}],"curies":[{"name":"wp","href":"https:\/\/api.w.org\/{rel}","templated":true}]}}