{"id":20984,"date":"2024-09-13T12:01:17","date_gmt":"2024-09-13T12:01:17","guid":{"rendered":"https:\/\/tajkertesz.com\/?post_type=product&#038;p=20984"},"modified":"2026-02-12T15:11:23","modified_gmt":"2026-02-12T15:11:23","slug":"kinai-selyemmirtusz-lagerstroemia-tonto","status":"publish","type":"product","link":"https:\/\/tajkertesz.com\/en_US\/product\/kinai-selyemmirtusz-lagerstroemia-tonto\/","title":{"rendered":"K\u00ednai selyemmirtusz (Lagerstroemia &#8216;Tonto&#8217;)"},"content":{"rendered":"<h1>K\u00ednai selyemmirtusz (Lagerstroemia &#8216;Tonto&#8217;)<\/h1>\n<p class=\"page-head-title product-page-head-title position-relative\">K\u00ednai selyemmirtusz (Lagerstroemia &#8216;Tonto&#8217;)<\/p>\n<p>A selyemmirtuszok mostan\u00e1ban kezdenek elterjedni n\u00e1lunk. Nem v\u00e9letlen az \u00faj n\u00e9pszer\u0171s\u00e9g\u00fck: nagyon gazdagon \u00e9s hossz\u00fa ideig vir\u00e1goznak.<\/p>\n<p>S\u00f6t\u00e9t cikl\u00e1men sz\u00edn\u0171 vir\u00e1gjai nagym\u00e9ret\u0171 bug\u00e1kba t\u00f6m\u00f6r\u00fclnek. A vir\u00e1gok rojtosak, k\u00fcl\u00f6nlegesek. Kiv\u00e1l\u00f3 m\u00e9hlegel\u0151. Vir\u00e1gait az \u00e9vi, friss hajt\u00e1sokon hozza.<\/p>\n<p><span class=\"hgKElc\">Napos helyet kedveli \u00e9s j\u00f3 v\u00edzelvezet\u00e9s\u0171 enyh\u00e9n savas talajba javasolt \u00fcltetni.<\/span><\/p>\n<p>Kora tavasszal \u00e9rdemes megmetszeni. K\u00e9s\u0151n kihajt\u00f3 n\u00f6v\u00e9ny, a levelek megjelen\u00e9s\u00e9re m\u00e1jus el\u0151tt ne sz\u00e1m\u00edtsunk.<\/p>\n<p>T\u00e9l\u00e1ll\u00f3, de a biztons\u00e1g kedv\u00e9\u00e9rt t\u00e9len takarjuk a t\u00f6v\u00e9t a fagyok ellen.<\/p>\n<p>\u00dcltet\u00e9sn\u00e9l nem \u00e9rdemes nagy g\u00f6dr\u00f6t \u00e1sni neki. El\u00e9g akkora, amiben a gy\u00f6kerek visszahajl\u00e1s n\u00e9lk\u00fcl elf\u00e9rnek. Az els\u0151 1-2 \u00e9vben \u00f6nt\u00f6z\u00e9st ig\u00e9nyel, de amint meger\u0151s\u00f6d\u00f6tt ez elhagyhat\u00f3.<\/p>\n<p class=\"product__details--info__meta--list mb-30\"><strong>F\u00e9nyig\u00e9ny:<\/strong>\u00a0<i class=\"fas fa-solid fa-sun fa-2x\"><\/i> nagy, t\u0171z\u0151 napon mutat a legszebben. V\u00e9dett, meleg fekv\u00e9st kedvel.<\/p>\n<p class=\"product__details--info__meta--list mb-30\"><strong>Nedvess\u00e9g:<\/strong>\u00a0<i class=\"fas fa-regular fa-droplet fa-2x\"><\/i>\u00a0<i class=\"fas fa-regular fa-droplet fa-2x\"><\/i>\u00a0\u00c1tlagos v\u00edzig\u00e9ny\u0171<\/p>\n<p class=\"product__details--info__meta--list mb-30\"><strong>pH:<\/strong>\u00a0talajban nem v\u00e1logat<\/p>\n<p><strong>Vir\u00e1ga:<\/strong> S\u00f6t\u00e9t cikl\u00e1men<\/p>\n<p><strong>Fagyt\u0171r\u00e9se:<\/strong> -23C.<\/p>\n<p>A K\u00ednai selyemmirtusz ig\u00e9nyei:<\/p>\n<p><strong>Napos hely<\/strong>: A k\u00ednai selyemmirtusz szereti a napos helyeket. Min\u00e9l t\u00f6bb napf\u00e9nyt kap, ann\u00e1l b\u0151s\u00e9gesebben vir\u00e1gzik.<\/p>\n<p><strong>J\u00f3 v\u00edzelvezet\u00e9s:<\/strong> Ez a n\u00f6v\u00e9ny a j\u00f3 v\u00edelvezet\u00e9s\u0171, t\u00e1panyagban gazdag talajt kedveli.<\/p>\n<p>Talaj: A savany\u00fa vagy a semleges talaj a legmegfelel\u0151bb sz\u00e1m\u00e1ra, de a kiss\u00e9 l\u00fagos talajt is elviseli.<\/p>\n<p>\u00d6nt\u00f6z\u00e9s: Fontos a rendszeres \u00f6nt\u00f6z\u00e9s. A fiatal n\u00f6v\u00e9nyeket rendszeresen, hetente legal\u00e1bb egyszer \u00f6nt\u00f6zz\u00fck, k\u00fcl\u00f6n\u00f6sen sz\u00e1razabb id\u0151szakokban.<\/p>\n<p>T\u00e1panyag ut\u00e1np\u00f3tl\u00e1s: Tavasszal \u00e9s ny\u00e1ron havonta egyszer alkalmazz lassan old\u00f3d\u00f3, magas foszfortartalm\u00fa m\u0171tr\u00e1gy\u00e1t.<\/p>\n<p>Metsz\u00e9s: A legjobb id\u0151pont a metsz\u00e9sre kora tavasszal van, miel\u0151tt a n\u00f6v\u00e9ny \u00faj hajt\u00e1sokat hoz. T\u00e1vol\u00edtsuk el az elhalt, beteg vagy gyenge \u00e1gakat. A lombkoron\u00e1t metssz\u00fck \u00fagy, hogy az szell\u0151s \u00e9s rendezett maradjon.<\/p>\n<p>Fagyv\u00e9delem: Haz\u00e1nkban nem teljesen fagyt\u0171r\u0151 fiatal kor\u00e1ban ez\u00e9rt \u00e9rdemes a n\u00f6v\u00e9ny t\u00f6v\u00e9t takarni, hogy megv\u00e9dj\u00fck a hidegt\u0151l.<\/p>\n<p>&nbsp;<\/p>\n<p>A n\u00f6v\u00e9ny jelenlegi m\u00e9rete:3 literes cser\u00e9pben 60\/80 cm<\/p>\n<p>&nbsp;<\/p>\n<p><strong>K\u00e9szlet\u00fcnk napi szinten v\u00e1ltozik, ez\u00e9rt k\u00e9rj\u00fck, \u00e9rdekl\u0151dj\u00f6n szem\u00e9lyesen, telefonon vagy email-en.<br \/>\nA v\u00e1ltoztat\u00e1s jog\u00e1t fenntartjuk!\u00a0<\/strong><\/p>\n<p><a href=\"https:\/\/tajkertesz.com\/\">https:\/\/tajkertesz.com\/<\/a><\/p>\n<p><a href=\"https:\/\/www.facebook.com\/tajkertesz\/\">https:\/\/www.facebook.com\/tajkertesz\/<\/a><\/p>\n<p>Kisz\u00e1ll\u00edt\u00e1s: 200cm-ig \u00a0\u00e9s 40 kg-ig a sz\u00e1ll\u00edt\u00e1s fut\u00e1rszolg\u00e1lattal \u00a0t\u00f6rt\u00e9nik.<\/p>\n<p>Szem\u00e9lyes \u00e1tv\u00e9tel nyitvatart\u00e1si id\u0151ben a 17. ker\u00fclet Bakancsos utca 7. sz\u00e1m alatti Kert\u00e9szeti \u00e1rud\u00e1nkban.<\/p>","protected":false},"excerpt":{"rendered":"<p>1-2\u00a0m\u00e9ter magas, mediterr\u00e1n hangulatot teremt\u0151 cserje vagy kis fa, gyakran t\u00f6bb t\u00f6rzzsel. A t\u00f6rzs id\u0151sebb korban h\u00e1mlik. Rendk\u00edv\u00fcl dekorat\u00edv.<\/p>\n<p class=\"product__details--info__meta--list mb-30\"><strong>F\u00e9nyig\u00e9ny:<\/strong>\u00a0<i class=\"fas fa-solid fa-sun fa-2x\"><\/i> nagy, t\u0171z\u0151 napon mutat a legszebben. V\u00e9dett, meleg fekv\u00e9st kedvel.<\/p>\n<p class=\"product__details--info__meta--list mb-30\"><strong>Nedvess\u00e9g:<\/strong>\u00a0<i class=\"fas fa-regular fa-droplet fa-2x\"><\/i>\u00a0<i class=\"fas fa-regular fa-droplet fa-2x\"><\/i>\u00a0\u00c1tlagos v\u00edzig\u00e9ny\u0171<\/p>\n<p class=\"product__details--info__meta--list mb-30\"><strong>pH:<\/strong>\u00a0talajban nem v\u00e1logat<\/p>\n<p><strong>Vir\u00e1ga:<\/strong> S\u00f6t\u00e9t cikl\u00e1men<\/p>\n<p><strong>Fagyt\u0171r\u00e9se:<\/strong> -23C.<\/p>","protected":false},"featured_media":20988,"template":"","meta":{"_et_pb_use_builder":"","_et_pb_old_content":"","_et_gb_content_width":""},"product_brand":[],"product_cat":[27],"product_tag":[73,5271,5276],"class_list":{"0":"post-20984","1":"product","2":"type-product","3":"status-publish","4":"has-post-thumbnail","6":"product_cat-cserjek","7":"product_tag-cserje","8":"product_tag-kinai-selyemmirtusz","9":"product_tag-kinai-selyemmirtusz-lagerstroemia-tonto","11":"first","12":"outofstock","13":"shipping-taxable","14":"product-type-simple"},"yoast_head":"<!-- This site is optimized with the Yoast SEO plugin v27.4 - https:\/\/yoast.com\/product\/yoast-seo-wordpress\/ -->\n<title>K\u00ednai selyemmirtusz (Lagerstroemia &#039;Tonto&#039;) - T\u00e1jkert\u00e9sz<\/title>\n<meta name=\"description\" content=\"K\u00ednai selyemmirtusz (Lagerstroemia &#039;Tonto&#039;) S\u00f6t\u00e9t cikl\u00e1men sz\u00edn\u0171 vir\u00e1gjai nagym\u00e9ret\u0171 bug\u00e1kba t\u00f6m\u00f6r\u00fclnek. A vir\u00e1gok rojtosak, k\u00fcl\u00f6nlegesek. Kiv\u00e1l\u00f3 m\u00e9hlegel\u0151.\" \/>\n<meta name=\"robots\" content=\"index, follow, max-snippet:-1, max-image-preview:large, max-video-preview:-1\" \/>\n<link rel=\"canonical\" href=\"https:\/\/tajkertesz.com\/en_US\/product\/kinai-selyemmirtusz-lagerstroemia-tonto\/\" \/>\n<meta property=\"og:locale\" content=\"en_US\" \/>\n<meta property=\"og:type\" content=\"article\" \/>\n<meta property=\"og:title\" content=\"K\u00ednai selyemmirtusz (Lagerstroemia &#039;Tonto&#039;) - T\u00e1jkert\u00e9sz\" \/>\n<meta property=\"og:description\" content=\"K\u00ednai selyemmirtusz (Lagerstroemia &#039;Tonto&#039;) S\u00f6t\u00e9t cikl\u00e1men sz\u00edn\u0171 vir\u00e1gjai nagym\u00e9ret\u0171 bug\u00e1kba t\u00f6m\u00f6r\u00fclnek. A vir\u00e1gok rojtosak, k\u00fcl\u00f6nlegesek. Kiv\u00e1l\u00f3 m\u00e9hlegel\u0151.\" \/>\n<meta property=\"og:url\" content=\"https:\/\/tajkertesz.com\/en_US\/product\/kinai-selyemmirtusz-lagerstroemia-tonto\/\" \/>\n<meta property=\"og:site_name\" content=\"T\u00e1jkert\u00e9sz\" \/>\n<meta property=\"article:publisher\" content=\"https:\/\/www.facebook.com\/Tajkertesz\/\" \/>\n<meta property=\"article:modified_time\" content=\"2026-02-12T15:11:23+00:00\" \/>\n<meta property=\"og:image\" content=\"https:\/\/tajkertesz.com\/wp-content\/uploads\/2024\/09\/20240913_141305-scaled.jpg\" \/>\n\t<meta property=\"og:image:width\" content=\"1153\" \/>\n\t<meta property=\"og:image:height\" content=\"2560\" \/>\n\t<meta property=\"og:image:type\" content=\"image\/jpeg\" \/>\n<meta name=\"twitter:card\" content=\"summary_large_image\" \/>\n<meta name=\"twitter:label1\" content=\"Est. reading time\" \/>\n\t<meta name=\"twitter:data1\" content=\"2 minutes\" \/>\n<script type=\"application\/ld+json\" class=\"yoast-schema-graph\">{\"@context\":\"https:\\\/\\\/schema.org\",\"@graph\":[{\"@type\":\"WebPage\",\"@id\":\"https:\\\/\\\/tajkertesz.com\\\/termek\\\/kinai-selyemmirtusz-lagerstroemia-tonto\\\/\",\"url\":\"https:\\\/\\\/tajkertesz.com\\\/termek\\\/kinai-selyemmirtusz-lagerstroemia-tonto\\\/\",\"name\":\"K\u00ednai selyemmirtusz (Lagerstroemia 'Tonto') - T\u00e1jkert\u00e9sz\",\"isPartOf\":{\"@id\":\"https:\\\/\\\/tajkertesz.com\\\/#website\"},\"primaryImageOfPage\":{\"@id\":\"https:\\\/\\\/tajkertesz.com\\\/termek\\\/kinai-selyemmirtusz-lagerstroemia-tonto\\\/#primaryimage\"},\"image\":{\"@id\":\"https:\\\/\\\/tajkertesz.com\\\/termek\\\/kinai-selyemmirtusz-lagerstroemia-tonto\\\/#primaryimage\"},\"thumbnailUrl\":\"https:\\\/\\\/tajkertesz.com\\\/wp-content\\\/uploads\\\/2024\\\/09\\\/20240913_141305-scaled.jpg\",\"datePublished\":\"2024-09-13T12:01:17+00:00\",\"dateModified\":\"2026-02-12T15:11:23+00:00\",\"description\":\"K\u00ednai selyemmirtusz (Lagerstroemia 'Tonto') S\u00f6t\u00e9t cikl\u00e1men sz\u00edn\u0171 vir\u00e1gjai nagym\u00e9ret\u0171 bug\u00e1kba t\u00f6m\u00f6r\u00fclnek. A vir\u00e1gok rojtosak, k\u00fcl\u00f6nlegesek. Kiv\u00e1l\u00f3 m\u00e9hlegel\u0151.\",\"breadcrumb\":{\"@id\":\"https:\\\/\\\/tajkertesz.com\\\/termek\\\/kinai-selyemmirtusz-lagerstroemia-tonto\\\/#breadcrumb\"},\"inLanguage\":\"en-US\",\"potentialAction\":[{\"@type\":\"ReadAction\",\"target\":[\"https:\\\/\\\/tajkertesz.com\\\/termek\\\/kinai-selyemmirtusz-lagerstroemia-tonto\\\/\"]}]},{\"@type\":\"ImageObject\",\"inLanguage\":\"en-US\",\"@id\":\"https:\\\/\\\/tajkertesz.com\\\/termek\\\/kinai-selyemmirtusz-lagerstroemia-tonto\\\/#primaryimage\",\"url\":\"https:\\\/\\\/tajkertesz.com\\\/wp-content\\\/uploads\\\/2024\\\/09\\\/20240913_141305-scaled.jpg\",\"contentUrl\":\"https:\\\/\\\/tajkertesz.com\\\/wp-content\\\/uploads\\\/2024\\\/09\\\/20240913_141305-scaled.jpg\",\"width\":1153,\"height\":2560,\"caption\":\"K\u00ednai selyemmirtusz (Lagerstroemia 'Tonto')\"},{\"@type\":\"BreadcrumbList\",\"@id\":\"https:\\\/\\\/tajkertesz.com\\\/termek\\\/kinai-selyemmirtusz-lagerstroemia-tonto\\\/#breadcrumb\",\"itemListElement\":[{\"@type\":\"ListItem\",\"position\":1,\"name\":\"Home\",\"item\":\"https:\\\/\\\/tajkertesz.com\\\/\"},{\"@type\":\"ListItem\",\"position\":2,\"name\":\"Kezd\u0151lap\",\"item\":\"https:\\\/\\\/tajkertesz.com\\\/\"},{\"@type\":\"ListItem\",\"position\":3,\"name\":\"K\u00ednai selyemmirtusz (Lagerstroemia &#8216;Tonto&#8217;)\"}]},{\"@type\":\"WebSite\",\"@id\":\"https:\\\/\\\/tajkertesz.com\\\/#website\",\"url\":\"https:\\\/\\\/tajkertesz.com\\\/\",\"name\":\"T\u00e1j-Kert\u00e9sz 84 Kft.\",\"description\":\"Kert\u00e9szeti kis- \u00e9s nagykeresked\u00e9s, D\u00edszn\u00f6v\u00e9ny web\u00e1ruh\u00e1z orsz\u00e1gos h\u00e1zhozsz\u00e1ll\u00edt\u00e1ssal!\",\"publisher\":{\"@id\":\"https:\\\/\\\/tajkertesz.com\\\/#organization\"},\"potentialAction\":[{\"@type\":\"SearchAction\",\"target\":{\"@type\":\"EntryPoint\",\"urlTemplate\":\"https:\\\/\\\/tajkertesz.com\\\/?s={search_term_string}\"},\"query-input\":{\"@type\":\"PropertyValueSpecification\",\"valueRequired\":true,\"valueName\":\"search_term_string\"}}],\"inLanguage\":\"en-US\"},{\"@type\":\"Organization\",\"@id\":\"https:\\\/\\\/tajkertesz.com\\\/#organization\",\"name\":\"T\u00e1j-Kert\u00e9sz 84 Kft.\",\"url\":\"https:\\\/\\\/tajkertesz.com\\\/\",\"logo\":{\"@type\":\"ImageObject\",\"inLanguage\":\"en-US\",\"@id\":\"https:\\\/\\\/tajkertesz.com\\\/#\\\/schema\\\/logo\\\/image\\\/\",\"url\":\"https:\\\/\\\/tajkertesz.com\\\/wp-content\\\/uploads\\\/2018\\\/02\\\/logo-2-e1518678052539.png\",\"contentUrl\":\"https:\\\/\\\/tajkertesz.com\\\/wp-content\\\/uploads\\\/2018\\\/02\\\/logo-2-e1518678052539.png\",\"width\":81,\"height\":140,\"caption\":\"T\u00e1j-Kert\u00e9sz 84 Kft.\"},\"image\":{\"@id\":\"https:\\\/\\\/tajkertesz.com\\\/#\\\/schema\\\/logo\\\/image\\\/\"},\"sameAs\":[\"https:\\\/\\\/www.facebook.com\\\/Tajkertesz\\\/\"]}]}<\/script>\n<!-- \/ Yoast SEO plugin. -->","yoast_head_json":{"title":"K\u00ednai selyemmirtusz (Lagerstroemia 'Tonto') - T\u00e1jkert\u00e9sz","description":"K\u00ednai selyemmirtusz (Lagerstroemia 'Tonto') S\u00f6t\u00e9t cikl\u00e1men sz\u00edn\u0171 vir\u00e1gjai nagym\u00e9ret\u0171 bug\u00e1kba t\u00f6m\u00f6r\u00fclnek. A vir\u00e1gok rojtosak, k\u00fcl\u00f6nlegesek. Kiv\u00e1l\u00f3 m\u00e9hlegel\u0151.","robots":{"index":"index","follow":"follow","max-snippet":"max-snippet:-1","max-image-preview":"max-image-preview:large","max-video-preview":"max-video-preview:-1"},"canonical":"https:\/\/tajkertesz.com\/en_US\/product\/kinai-selyemmirtusz-lagerstroemia-tonto\/","og_locale":"en_US","og_type":"article","og_title":"K\u00ednai selyemmirtusz (Lagerstroemia 'Tonto') - T\u00e1jkert\u00e9sz","og_description":"K\u00ednai selyemmirtusz (Lagerstroemia 'Tonto') S\u00f6t\u00e9t cikl\u00e1men sz\u00edn\u0171 vir\u00e1gjai nagym\u00e9ret\u0171 bug\u00e1kba t\u00f6m\u00f6r\u00fclnek. A vir\u00e1gok rojtosak, k\u00fcl\u00f6nlegesek. Kiv\u00e1l\u00f3 m\u00e9hlegel\u0151.","og_url":"https:\/\/tajkertesz.com\/en_US\/product\/kinai-selyemmirtusz-lagerstroemia-tonto\/","og_site_name":"T\u00e1jkert\u00e9sz","article_publisher":"https:\/\/www.facebook.com\/Tajkertesz\/","article_modified_time":"2026-02-12T15:11:23+00:00","og_image":[{"width":1153,"height":2560,"url":"https:\/\/tajkertesz.com\/wp-content\/uploads\/2024\/09\/20240913_141305-scaled.jpg","type":"image\/jpeg"}],"twitter_card":"summary_large_image","twitter_misc":{"Est. reading time":"2 minutes"},"schema":{"@context":"https:\/\/schema.org","@graph":[{"@type":"WebPage","@id":"https:\/\/tajkertesz.com\/termek\/kinai-selyemmirtusz-lagerstroemia-tonto\/","url":"https:\/\/tajkertesz.com\/termek\/kinai-selyemmirtusz-lagerstroemia-tonto\/","name":"K\u00ednai selyemmirtusz (Lagerstroemia 'Tonto') - T\u00e1jkert\u00e9sz","isPartOf":{"@id":"https:\/\/tajkertesz.com\/#website"},"primaryImageOfPage":{"@id":"https:\/\/tajkertesz.com\/termek\/kinai-selyemmirtusz-lagerstroemia-tonto\/#primaryimage"},"image":{"@id":"https:\/\/tajkertesz.com\/termek\/kinai-selyemmirtusz-lagerstroemia-tonto\/#primaryimage"},"thumbnailUrl":"https:\/\/tajkertesz.com\/wp-content\/uploads\/2024\/09\/20240913_141305-scaled.jpg","datePublished":"2024-09-13T12:01:17+00:00","dateModified":"2026-02-12T15:11:23+00:00","description":"K\u00ednai selyemmirtusz (Lagerstroemia 'Tonto') S\u00f6t\u00e9t cikl\u00e1men sz\u00edn\u0171 vir\u00e1gjai nagym\u00e9ret\u0171 bug\u00e1kba t\u00f6m\u00f6r\u00fclnek. A vir\u00e1gok rojtosak, k\u00fcl\u00f6nlegesek. Kiv\u00e1l\u00f3 m\u00e9hlegel\u0151.","breadcrumb":{"@id":"https:\/\/tajkertesz.com\/termek\/kinai-selyemmirtusz-lagerstroemia-tonto\/#breadcrumb"},"inLanguage":"en-US","potentialAction":[{"@type":"ReadAction","target":["https:\/\/tajkertesz.com\/termek\/kinai-selyemmirtusz-lagerstroemia-tonto\/"]}]},{"@type":"ImageObject","inLanguage":"en-US","@id":"https:\/\/tajkertesz.com\/termek\/kinai-selyemmirtusz-lagerstroemia-tonto\/#primaryimage","url":"https:\/\/tajkertesz.com\/wp-content\/uploads\/2024\/09\/20240913_141305-scaled.jpg","contentUrl":"https:\/\/tajkertesz.com\/wp-content\/uploads\/2024\/09\/20240913_141305-scaled.jpg","width":1153,"height":2560,"caption":"K\u00ednai selyemmirtusz (Lagerstroemia 'Tonto')"},{"@type":"BreadcrumbList","@id":"https:\/\/tajkertesz.com\/termek\/kinai-selyemmirtusz-lagerstroemia-tonto\/#breadcrumb","itemListElement":[{"@type":"ListItem","position":1,"name":"Home","item":"https:\/\/tajkertesz.com\/"},{"@type":"ListItem","position":2,"name":"Kezd\u0151lap","item":"https:\/\/tajkertesz.com\/"},{"@type":"ListItem","position":3,"name":"K\u00ednai selyemmirtusz (Lagerstroemia &#8216;Tonto&#8217;)"}]},{"@type":"WebSite","@id":"https:\/\/tajkertesz.com\/#website","url":"https:\/\/tajkertesz.com\/","name":"T\u00e1j-Kert\u00e9sz 84 Kft.","description":"Kert\u00e9szeti kis- \u00e9s nagykeresked\u00e9s, D\u00edszn\u00f6v\u00e9ny web\u00e1ruh\u00e1z orsz\u00e1gos h\u00e1zhozsz\u00e1ll\u00edt\u00e1ssal!","publisher":{"@id":"https:\/\/tajkertesz.com\/#organization"},"potentialAction":[{"@type":"SearchAction","target":{"@type":"EntryPoint","urlTemplate":"https:\/\/tajkertesz.com\/?s={search_term_string}"},"query-input":{"@type":"PropertyValueSpecification","valueRequired":true,"valueName":"search_term_string"}}],"inLanguage":"en-US"},{"@type":"Organization","@id":"https:\/\/tajkertesz.com\/#organization","name":"T\u00e1j-Kert\u00e9sz 84 Kft.","url":"https:\/\/tajkertesz.com\/","logo":{"@type":"ImageObject","inLanguage":"en-US","@id":"https:\/\/tajkertesz.com\/#\/schema\/logo\/image\/","url":"https:\/\/tajkertesz.com\/wp-content\/uploads\/2018\/02\/logo-2-e1518678052539.png","contentUrl":"https:\/\/tajkertesz.com\/wp-content\/uploads\/2018\/02\/logo-2-e1518678052539.png","width":81,"height":140,"caption":"T\u00e1j-Kert\u00e9sz 84 Kft."},"image":{"@id":"https:\/\/tajkertesz.com\/#\/schema\/logo\/image\/"},"sameAs":["https:\/\/www.facebook.com\/Tajkertesz\/"]}]}},"_links":{"self":[{"href":"https:\/\/tajkertesz.com\/en_US\/wp-json\/wp\/v2\/product\/20984","targetHints":{"allow":["GET"]}}],"collection":[{"href":"https:\/\/tajkertesz.com\/en_US\/wp-json\/wp\/v2\/product"}],"about":[{"href":"https:\/\/tajkertesz.com\/en_US\/wp-json\/wp\/v2\/types\/product"}],"wp:featuredmedia":[{"embeddable":true,"href":"https:\/\/tajkertesz.com\/en_US\/wp-json\/wp\/v2\/media\/20988"}],"wp:attachment":[{"href":"https:\/\/tajkertesz.com\/en_US\/wp-json\/wp\/v2\/media?parent=20984"}],"wp:term":[{"taxonomy":"product_brand","embeddable":true,"href":"https:\/\/tajkertesz.com\/en_US\/wp-json\/wp\/v2\/product_brand?post=20984"},{"taxonomy":"product_cat","embeddable":true,"href":"https:\/\/tajkertesz.com\/en_US\/wp-json\/wp\/v2\/product_cat?post=20984"},{"taxonomy":"product_tag","embeddable":true,"href":"https:\/\/tajkertesz.com\/en_US\/wp-json\/wp\/v2\/product_tag?post=20984"}],"curies":[{"name":"wp","href":"https:\/\/api.w.org\/{rel}","templated":true}]}}