{"id":21005,"date":"2024-09-13T14:07:19","date_gmt":"2024-09-13T14:07:19","guid":{"rendered":"https:\/\/tajkertesz.com\/?post_type=product&#038;p=21005"},"modified":"2025-06-05T10:28:22","modified_gmt":"2025-06-05T10:28:22","slug":"viburnum-davidii-orokzold-torpe-bangita","status":"publish","type":"product","link":"https:\/\/tajkertesz.com\/en_US\/product\/viburnum-davidii-orokzold-torpe-bangita\/","title":{"rendered":"Viburnum davidii &#8211; \u00d6r\u00f6kz\u00f6ld t\u00f6rpe bangita"},"content":{"rendered":"<h3>Viburnum davidii &#8211; \u00d6r\u00f6kz\u00f6ld t\u00f6rpe bangita<\/h3>\n<p>Viburnum davidii &#8211; \u00d6r\u00f6kz\u00f6ld t\u00f6rpe bangita 1-1,5m magas \u00f6r\u00f6kz\u00f6ld cserje, ov\u00e1lis b\u0151rnem\u0171 levelekkel. H\u00f3feh\u00e9r vir\u00e1gait \u00e1prilis-m\u00e1jusban nyitja, k\u00e9kes term\u00e9seivel ny\u00e1r v\u00e9g\u00e9t\u0151l d\u00edsz\u00edt. Napon, vagy f\u00e9l\u00e1rny\u00e9kban a legszebb.<\/p>\n<p>A Viburnum davidii egy \u00f6r\u00f6kz\u00f6ld cserje, melyet gyakran haszn\u00e1lnak kertek d\u00edsz\u00edt\u00e9s\u00e9re. A n\u00f6v\u00e9ny jellemz\u0151i:<\/p>\n<ul class=\"bbrc-man-ul\">\n<li class=\"bbrc-man-li\"><strong>F\u0151bb tulajdons\u00e1gok:<\/strong>\u00a0\u00d6r\u00f6kz\u00f6ld lomb\u00fa cserje, melynek levelei s\u00f6t\u00e9tz\u00f6ldek \u00e9s f\u00e9nyesek. Tavasszal apr\u00f3, feh\u00e9r vir\u00e1gokat hoz, melyeket k\u00e9s\u0151bb k\u00e9k bogy\u00f3k k\u00f6vetnek.<\/li>\n<li class=\"bbrc-man-li\"><strong>Sz\u00fcks\u00e9gletek:<\/strong>\u00a0A Viburnum davidii kedveli a f\u00e9nyes vagy f\u00e9l\u00e1rny\u00e9kos elhelyez\u00e9st, valamint j\u00f3 v\u00edzelvezet\u00e9s\u0171 talajt. T\u00e9l\u00e1ll\u00f3 n\u00f6v\u00e9ny, de er\u0151s fagyok eset\u00e9n takar\u00edtani kell.<\/li>\n<li class=\"bbrc-man-li\"><strong>Eszt\u00e9tikai adotts\u00e1gok:<\/strong>\u00a0A n\u00f6v\u00e9ny sz\u00e9p lombozata \u00e9s vir\u00e1gai miatt kiv\u00e1l\u00f3 v\u00e1laszt\u00e1s kertekbe. A k\u00e9k bogy\u00f3k \u0151szt\u0151l t\u00e9lig d\u00edsz\u00edtik a cserj\u00e9t.<\/li>\n<li>A\u00a0<strong>Viburnum davidii<\/strong>\u00a0a k\u00f6vetkez\u0151 k\u00f6r\u00fclm\u00e9nyek k\u00f6z\u00f6tt \u00e9rzi mag\u00e1t a legjobban:\n<ul>\n<li><strong>F\u00e9nyig\u00e9ny<\/strong>: Kedveli a napos vagy f\u00e9l\u00e1rny\u00e9kos helyeket. Teljes \u00e1rny\u00e9kban is meg\u00e9l, de ott kevesebb vir\u00e1got hoz.<\/li>\n<li><strong>Talaj<\/strong>: J\u00f3 v\u00edzelvezet\u00e9s\u0171, humuszban gazdag talajt ig\u00e9nyel. A semleges vagy enyh\u00e9n savas talaj a legide\u00e1lisabb sz\u00e1m\u00e1ra.<\/li>\n<li><strong>\u00d6nt\u00f6z\u00e9s<\/strong>: Rendszeres \u00f6nt\u00f6z\u00e9st ig\u00e9nyel, k\u00fcl\u00f6n\u00f6sen a melegebb h\u00f3napokban. \u00dcgyelj\u00fcnk arra, hogy a talaj ne sz\u00e1radjon ki teljesen.<\/li>\n<li><strong>H\u0151m\u00e9rs\u00e9klet<\/strong>: M\u00e9rs\u00e9kelt \u00e9ghajlaton \u00e9rzi j\u00f3l mag\u00e1t. T\u00e9l\u00e1ll\u00f3, de a nagyon hideg teleket nem kedveli.<\/li>\n<li><strong>Sz\u00e9lv\u00e9delem<\/strong>: Sz\u00e9lv\u00e9dett helyre \u00fcltetve jobban fejl\u0151dik, mivel a sz\u00e9l k\u00e1ros\u00edthatja a leveleit<\/li>\n<\/ul>\n<\/li>\n<\/ul>\n<p>&nbsp;<\/p>\n<p><strong>Mulcsoz\u00e1s<\/strong>: A talaj felsz\u00edn\u00e9re ter\u00edtett mulcs seg\u00edt meg\u0151rizni a nedvess\u00e9get \u00e9s cs\u00f6kkenti a gyomok n\u00f6veked\u00e9s\u00e9t.<\/p>\n<p><strong>Metsz\u00e9s<\/strong>: B\u00e1r nem ig\u00e9nyel rendszeres metsz\u00e9st, a form\u00e1z\u00f3 metsz\u00e9s seg\u00edthet fenntartani a n\u00f6v\u00e9ny kompakt alakj\u00e1t. A legjobb id\u0151 a metsz\u00e9sre a vir\u00e1gz\u00e1s ut\u00e1n van.<\/p>\n<p><strong>T\u00e1panyag-ut\u00e1np\u00f3tl\u00e1s<\/strong>: Tavasszal \u00e9s ny\u00e1ron adjunk a n\u00f6v\u00e9nynek lassan old\u00f3d\u00f3 m\u0171tr\u00e1gy\u00e1t, hogy el\u0151seg\u00edts\u00fck az eg\u00e9szs\u00e9ges n\u00f6veked\u00e9st.<\/p>\n<p><strong>K\u00e1rtev\u0151k \u00e9s betegs\u00e9gek<\/strong>: Rendszeresen ellen\u0151rizz\u00fck a n\u00f6v\u00e9nyt k\u00e1rtev\u0151k \u00e9s betegs\u00e9gek jelei ut\u00e1n. Ha sz\u00fcks\u00e9ges, haszn\u00e1ljunk megfelel\u0151 n\u00f6v\u00e9nyv\u00e9d\u0151 szereket.<\/p>\n<p><strong>T\u00e9li v\u00e9delem<\/strong>: Ha nagyon hideg telek vannak a k\u00f6rny\u00e9ken, \u00e9rdemes a n\u00f6v\u00e9nyt takarni vagy sz\u00e9lv\u00e9dett helyre \u00fcltetni, hogy megv\u00e9dj\u00fck a hidegt\u0151l.<\/p>\n<p>&nbsp;<\/p>\n<p><strong>K\u00e9szlet\u00fcnk napi szinten v\u00e1ltozik, ez\u00e9rt k\u00e9rj\u00fck, \u00e9rdekl\u0151dj\u00f6n szem\u00e9lyesen, telefonon vagy email-en.<br \/>\nA v\u00e1ltoztat\u00e1s jog\u00e1t fenntartjuk!\u00a0<\/strong><\/p>\n<p><a href=\"https:\/\/tajkertesz.com\/\">https:\/\/tajkertesz.com\/<\/a><\/p>\n<p><a href=\"https:\/\/www.facebook.com\/tajkertesz\/\">https:\/\/www.facebook.com\/tajkertesz\/<\/a><\/p>\n<p>Kisz\u00e1ll\u00edt\u00e1s: 200cm-ig \u00a0\u00e9s 40 kg-ig a sz\u00e1ll\u00edt\u00e1s fut\u00e1rszolg\u00e1lattal \u00a0t\u00f6rt\u00e9nik.<\/p>\n<p>Szem\u00e9lyes \u00e1tv\u00e9tel nyitvatart\u00e1si id\u0151ben a 17. ker\u00fclet Bakancsos utca 7. sz\u00e1m alatti Kert\u00e9szeti \u00e1rud\u00e1nkban.<\/p>","protected":false},"excerpt":{"rendered":"<p>1-1,5m magas \u00f6r\u00f6kz\u00f6ld cserje, ov\u00e1lis b\u0151rnem\u0171 levelekkel. H\u00f3feh\u00e9r vir\u00e1gait \u00e1prilis-m\u00e1jusban nyitja, k\u00e9kes term\u00e9seivel ny\u00e1r v\u00e9g\u00e9t\u0151l d\u00edsz\u00edt. Napon, vagy f\u00e9l\u00e1rny\u00e9kban a legszebb.<\/p>\n<p>Kont\u00e9ner m\u00e9rete: 3L<\/p>\n<p>N\u00f6v\u00e9ny magass\u00e1ga: 20\/25cm<\/p>","protected":false},"featured_media":21006,"template":"","meta":{"_et_pb_use_builder":"","_et_pb_old_content":"","_et_gb_content_width":""},"product_brand":[],"product_cat":[27],"product_tag":[809,73,24,5282],"class_list":{"0":"post-21005","1":"product","2":"type-product","3":"status-publish","4":"has-post-thumbnail","6":"product_cat-cserjek","7":"product_tag-bangita","8":"product_tag-cserje","9":"product_tag-orokzold","10":"product_tag-viburnum-davidii-orokzold-torpe-bangita","12":"first","13":"instock","14":"shipping-taxable","15":"purchasable","16":"product-type-simple"},"yoast_head":"<!-- This site is optimized with the Yoast SEO plugin v27.4 - https:\/\/yoast.com\/product\/yoast-seo-wordpress\/ -->\n<title>Viburnum davidii - \u00d6r\u00f6kz\u00f6ld t\u00f6rpe bangita - T\u00e1jkert\u00e9sz<\/title>\n<meta name=\"description\" content=\"Viburnum davidii - \u00d6r\u00f6kz\u00f6ld t\u00f6rpe bangita A Viburnum davidii egy \u00f6r\u00f6kz\u00f6ld cserje, melyet gyakran haszn\u00e1lnak kertek d\u00edsz\u00edt\u00e9s\u00e9re.\" \/>\n<meta name=\"robots\" content=\"index, follow, max-snippet:-1, max-image-preview:large, max-video-preview:-1\" \/>\n<link rel=\"canonical\" href=\"https:\/\/tajkertesz.com\/en_US\/product\/viburnum-davidii-orokzold-torpe-bangita\/\" \/>\n<meta property=\"og:locale\" content=\"en_US\" \/>\n<meta property=\"og:type\" content=\"article\" \/>\n<meta property=\"og:title\" content=\"Viburnum davidii - \u00d6r\u00f6kz\u00f6ld t\u00f6rpe bangita - T\u00e1jkert\u00e9sz\" \/>\n<meta property=\"og:description\" content=\"Viburnum davidii - \u00d6r\u00f6kz\u00f6ld t\u00f6rpe bangita A Viburnum davidii egy \u00f6r\u00f6kz\u00f6ld cserje, melyet gyakran haszn\u00e1lnak kertek d\u00edsz\u00edt\u00e9s\u00e9re.\" \/>\n<meta property=\"og:url\" content=\"https:\/\/tajkertesz.com\/en_US\/product\/viburnum-davidii-orokzold-torpe-bangita\/\" \/>\n<meta property=\"og:site_name\" content=\"T\u00e1jkert\u00e9sz\" \/>\n<meta property=\"article:publisher\" content=\"https:\/\/www.facebook.com\/Tajkertesz\/\" \/>\n<meta property=\"article:modified_time\" content=\"2025-06-05T10:28:22+00:00\" \/>\n<meta property=\"og:image\" content=\"https:\/\/tajkertesz.com\/wp-content\/uploads\/2024\/09\/20240913_115042-scaled.jpg\" \/>\n\t<meta property=\"og:image:width\" content=\"2398\" \/>\n\t<meta property=\"og:image:height\" content=\"1080\" \/>\n\t<meta property=\"og:image:type\" content=\"image\/jpeg\" \/>\n<meta name=\"twitter:card\" content=\"summary_large_image\" \/>\n<meta name=\"twitter:label1\" content=\"Est. reading time\" \/>\n\t<meta name=\"twitter:data1\" content=\"2 minutes\" \/>\n<script type=\"application\/ld+json\" class=\"yoast-schema-graph\">{\"@context\":\"https:\\\/\\\/schema.org\",\"@graph\":[{\"@type\":\"WebPage\",\"@id\":\"https:\\\/\\\/tajkertesz.com\\\/termek\\\/viburnum-davidii-orokzold-torpe-bangita\\\/\",\"url\":\"https:\\\/\\\/tajkertesz.com\\\/termek\\\/viburnum-davidii-orokzold-torpe-bangita\\\/\",\"name\":\"Viburnum davidii - \u00d6r\u00f6kz\u00f6ld t\u00f6rpe bangita - T\u00e1jkert\u00e9sz\",\"isPartOf\":{\"@id\":\"https:\\\/\\\/tajkertesz.com\\\/#website\"},\"primaryImageOfPage\":{\"@id\":\"https:\\\/\\\/tajkertesz.com\\\/termek\\\/viburnum-davidii-orokzold-torpe-bangita\\\/#primaryimage\"},\"image\":{\"@id\":\"https:\\\/\\\/tajkertesz.com\\\/termek\\\/viburnum-davidii-orokzold-torpe-bangita\\\/#primaryimage\"},\"thumbnailUrl\":\"https:\\\/\\\/tajkertesz.com\\\/wp-content\\\/uploads\\\/2024\\\/09\\\/20240913_115042-scaled.jpg\",\"datePublished\":\"2024-09-13T14:07:19+00:00\",\"dateModified\":\"2025-06-05T10:28:22+00:00\",\"description\":\"Viburnum davidii - \u00d6r\u00f6kz\u00f6ld t\u00f6rpe bangita A Viburnum davidii egy \u00f6r\u00f6kz\u00f6ld cserje, melyet gyakran haszn\u00e1lnak kertek d\u00edsz\u00edt\u00e9s\u00e9re.\",\"breadcrumb\":{\"@id\":\"https:\\\/\\\/tajkertesz.com\\\/termek\\\/viburnum-davidii-orokzold-torpe-bangita\\\/#breadcrumb\"},\"inLanguage\":\"en-US\",\"potentialAction\":[{\"@type\":\"ReadAction\",\"target\":[\"https:\\\/\\\/tajkertesz.com\\\/termek\\\/viburnum-davidii-orokzold-torpe-bangita\\\/\"]}]},{\"@type\":\"ImageObject\",\"inLanguage\":\"en-US\",\"@id\":\"https:\\\/\\\/tajkertesz.com\\\/termek\\\/viburnum-davidii-orokzold-torpe-bangita\\\/#primaryimage\",\"url\":\"https:\\\/\\\/tajkertesz.com\\\/wp-content\\\/uploads\\\/2024\\\/09\\\/20240913_115042-scaled.jpg\",\"contentUrl\":\"https:\\\/\\\/tajkertesz.com\\\/wp-content\\\/uploads\\\/2024\\\/09\\\/20240913_115042-scaled.jpg\",\"width\":2398,\"height\":1080,\"caption\":\"Viburnum davidii - \u00d6r\u00f6kz\u00f6ld t\u00f6rpe bangita\"},{\"@type\":\"BreadcrumbList\",\"@id\":\"https:\\\/\\\/tajkertesz.com\\\/termek\\\/viburnum-davidii-orokzold-torpe-bangita\\\/#breadcrumb\",\"itemListElement\":[{\"@type\":\"ListItem\",\"position\":1,\"name\":\"Home\",\"item\":\"https:\\\/\\\/tajkertesz.com\\\/\"},{\"@type\":\"ListItem\",\"position\":2,\"name\":\"Kezd\u0151lap\",\"item\":\"https:\\\/\\\/tajkertesz.com\\\/\"},{\"@type\":\"ListItem\",\"position\":3,\"name\":\"Viburnum davidii &#8211; \u00d6r\u00f6kz\u00f6ld t\u00f6rpe bangita\"}]},{\"@type\":\"WebSite\",\"@id\":\"https:\\\/\\\/tajkertesz.com\\\/#website\",\"url\":\"https:\\\/\\\/tajkertesz.com\\\/\",\"name\":\"T\u00e1j-Kert\u00e9sz 84 Kft.\",\"description\":\"Kert\u00e9szeti kis- \u00e9s nagykeresked\u00e9s, D\u00edszn\u00f6v\u00e9ny web\u00e1ruh\u00e1z orsz\u00e1gos h\u00e1zhozsz\u00e1ll\u00edt\u00e1ssal!\",\"publisher\":{\"@id\":\"https:\\\/\\\/tajkertesz.com\\\/#organization\"},\"potentialAction\":[{\"@type\":\"SearchAction\",\"target\":{\"@type\":\"EntryPoint\",\"urlTemplate\":\"https:\\\/\\\/tajkertesz.com\\\/?s={search_term_string}\"},\"query-input\":{\"@type\":\"PropertyValueSpecification\",\"valueRequired\":true,\"valueName\":\"search_term_string\"}}],\"inLanguage\":\"en-US\"},{\"@type\":\"Organization\",\"@id\":\"https:\\\/\\\/tajkertesz.com\\\/#organization\",\"name\":\"T\u00e1j-Kert\u00e9sz 84 Kft.\",\"url\":\"https:\\\/\\\/tajkertesz.com\\\/\",\"logo\":{\"@type\":\"ImageObject\",\"inLanguage\":\"en-US\",\"@id\":\"https:\\\/\\\/tajkertesz.com\\\/#\\\/schema\\\/logo\\\/image\\\/\",\"url\":\"https:\\\/\\\/tajkertesz.com\\\/wp-content\\\/uploads\\\/2018\\\/02\\\/logo-2-e1518678052539.png\",\"contentUrl\":\"https:\\\/\\\/tajkertesz.com\\\/wp-content\\\/uploads\\\/2018\\\/02\\\/logo-2-e1518678052539.png\",\"width\":81,\"height\":140,\"caption\":\"T\u00e1j-Kert\u00e9sz 84 Kft.\"},\"image\":{\"@id\":\"https:\\\/\\\/tajkertesz.com\\\/#\\\/schema\\\/logo\\\/image\\\/\"},\"sameAs\":[\"https:\\\/\\\/www.facebook.com\\\/Tajkertesz\\\/\"]}]}<\/script>\n<!-- \/ Yoast SEO plugin. -->","yoast_head_json":{"title":"Viburnum davidii - \u00d6r\u00f6kz\u00f6ld t\u00f6rpe bangita - T\u00e1jkert\u00e9sz","description":"Viburnum davidii - \u00d6r\u00f6kz\u00f6ld t\u00f6rpe bangita A Viburnum davidii egy \u00f6r\u00f6kz\u00f6ld cserje, melyet gyakran haszn\u00e1lnak kertek d\u00edsz\u00edt\u00e9s\u00e9re.","robots":{"index":"index","follow":"follow","max-snippet":"max-snippet:-1","max-image-preview":"max-image-preview:large","max-video-preview":"max-video-preview:-1"},"canonical":"https:\/\/tajkertesz.com\/en_US\/product\/viburnum-davidii-orokzold-torpe-bangita\/","og_locale":"en_US","og_type":"article","og_title":"Viburnum davidii - \u00d6r\u00f6kz\u00f6ld t\u00f6rpe bangita - T\u00e1jkert\u00e9sz","og_description":"Viburnum davidii - \u00d6r\u00f6kz\u00f6ld t\u00f6rpe bangita A Viburnum davidii egy \u00f6r\u00f6kz\u00f6ld cserje, melyet gyakran haszn\u00e1lnak kertek d\u00edsz\u00edt\u00e9s\u00e9re.","og_url":"https:\/\/tajkertesz.com\/en_US\/product\/viburnum-davidii-orokzold-torpe-bangita\/","og_site_name":"T\u00e1jkert\u00e9sz","article_publisher":"https:\/\/www.facebook.com\/Tajkertesz\/","article_modified_time":"2025-06-05T10:28:22+00:00","og_image":[{"width":2398,"height":1080,"url":"https:\/\/tajkertesz.com\/wp-content\/uploads\/2024\/09\/20240913_115042-scaled.jpg","type":"image\/jpeg"}],"twitter_card":"summary_large_image","twitter_misc":{"Est. reading time":"2 minutes"},"schema":{"@context":"https:\/\/schema.org","@graph":[{"@type":"WebPage","@id":"https:\/\/tajkertesz.com\/termek\/viburnum-davidii-orokzold-torpe-bangita\/","url":"https:\/\/tajkertesz.com\/termek\/viburnum-davidii-orokzold-torpe-bangita\/","name":"Viburnum davidii - \u00d6r\u00f6kz\u00f6ld t\u00f6rpe bangita - T\u00e1jkert\u00e9sz","isPartOf":{"@id":"https:\/\/tajkertesz.com\/#website"},"primaryImageOfPage":{"@id":"https:\/\/tajkertesz.com\/termek\/viburnum-davidii-orokzold-torpe-bangita\/#primaryimage"},"image":{"@id":"https:\/\/tajkertesz.com\/termek\/viburnum-davidii-orokzold-torpe-bangita\/#primaryimage"},"thumbnailUrl":"https:\/\/tajkertesz.com\/wp-content\/uploads\/2024\/09\/20240913_115042-scaled.jpg","datePublished":"2024-09-13T14:07:19+00:00","dateModified":"2025-06-05T10:28:22+00:00","description":"Viburnum davidii - \u00d6r\u00f6kz\u00f6ld t\u00f6rpe bangita A Viburnum davidii egy \u00f6r\u00f6kz\u00f6ld cserje, melyet gyakran haszn\u00e1lnak kertek d\u00edsz\u00edt\u00e9s\u00e9re.","breadcrumb":{"@id":"https:\/\/tajkertesz.com\/termek\/viburnum-davidii-orokzold-torpe-bangita\/#breadcrumb"},"inLanguage":"en-US","potentialAction":[{"@type":"ReadAction","target":["https:\/\/tajkertesz.com\/termek\/viburnum-davidii-orokzold-torpe-bangita\/"]}]},{"@type":"ImageObject","inLanguage":"en-US","@id":"https:\/\/tajkertesz.com\/termek\/viburnum-davidii-orokzold-torpe-bangita\/#primaryimage","url":"https:\/\/tajkertesz.com\/wp-content\/uploads\/2024\/09\/20240913_115042-scaled.jpg","contentUrl":"https:\/\/tajkertesz.com\/wp-content\/uploads\/2024\/09\/20240913_115042-scaled.jpg","width":2398,"height":1080,"caption":"Viburnum davidii - \u00d6r\u00f6kz\u00f6ld t\u00f6rpe bangita"},{"@type":"BreadcrumbList","@id":"https:\/\/tajkertesz.com\/termek\/viburnum-davidii-orokzold-torpe-bangita\/#breadcrumb","itemListElement":[{"@type":"ListItem","position":1,"name":"Home","item":"https:\/\/tajkertesz.com\/"},{"@type":"ListItem","position":2,"name":"Kezd\u0151lap","item":"https:\/\/tajkertesz.com\/"},{"@type":"ListItem","position":3,"name":"Viburnum davidii &#8211; \u00d6r\u00f6kz\u00f6ld t\u00f6rpe bangita"}]},{"@type":"WebSite","@id":"https:\/\/tajkertesz.com\/#website","url":"https:\/\/tajkertesz.com\/","name":"T\u00e1j-Kert\u00e9sz 84 Kft.","description":"Kert\u00e9szeti kis- \u00e9s nagykeresked\u00e9s, D\u00edszn\u00f6v\u00e9ny web\u00e1ruh\u00e1z orsz\u00e1gos h\u00e1zhozsz\u00e1ll\u00edt\u00e1ssal!","publisher":{"@id":"https:\/\/tajkertesz.com\/#organization"},"potentialAction":[{"@type":"SearchAction","target":{"@type":"EntryPoint","urlTemplate":"https:\/\/tajkertesz.com\/?s={search_term_string}"},"query-input":{"@type":"PropertyValueSpecification","valueRequired":true,"valueName":"search_term_string"}}],"inLanguage":"en-US"},{"@type":"Organization","@id":"https:\/\/tajkertesz.com\/#organization","name":"T\u00e1j-Kert\u00e9sz 84 Kft.","url":"https:\/\/tajkertesz.com\/","logo":{"@type":"ImageObject","inLanguage":"en-US","@id":"https:\/\/tajkertesz.com\/#\/schema\/logo\/image\/","url":"https:\/\/tajkertesz.com\/wp-content\/uploads\/2018\/02\/logo-2-e1518678052539.png","contentUrl":"https:\/\/tajkertesz.com\/wp-content\/uploads\/2018\/02\/logo-2-e1518678052539.png","width":81,"height":140,"caption":"T\u00e1j-Kert\u00e9sz 84 Kft."},"image":{"@id":"https:\/\/tajkertesz.com\/#\/schema\/logo\/image\/"},"sameAs":["https:\/\/www.facebook.com\/Tajkertesz\/"]}]}},"_links":{"self":[{"href":"https:\/\/tajkertesz.com\/en_US\/wp-json\/wp\/v2\/product\/21005","targetHints":{"allow":["GET"]}}],"collection":[{"href":"https:\/\/tajkertesz.com\/en_US\/wp-json\/wp\/v2\/product"}],"about":[{"href":"https:\/\/tajkertesz.com\/en_US\/wp-json\/wp\/v2\/types\/product"}],"wp:featuredmedia":[{"embeddable":true,"href":"https:\/\/tajkertesz.com\/en_US\/wp-json\/wp\/v2\/media\/21006"}],"wp:attachment":[{"href":"https:\/\/tajkertesz.com\/en_US\/wp-json\/wp\/v2\/media?parent=21005"}],"wp:term":[{"taxonomy":"product_brand","embeddable":true,"href":"https:\/\/tajkertesz.com\/en_US\/wp-json\/wp\/v2\/product_brand?post=21005"},{"taxonomy":"product_cat","embeddable":true,"href":"https:\/\/tajkertesz.com\/en_US\/wp-json\/wp\/v2\/product_cat?post=21005"},{"taxonomy":"product_tag","embeddable":true,"href":"https:\/\/tajkertesz.com\/en_US\/wp-json\/wp\/v2\/product_tag?post=21005"}],"curies":[{"name":"wp","href":"https:\/\/api.w.org\/{rel}","templated":true}]}}