{"id":21040,"date":"2024-09-16T10:49:57","date_gmt":"2024-09-16T10:49:57","guid":{"rendered":"https:\/\/tajkertesz.com\/?post_type=product&#038;p=21040"},"modified":"2026-02-27T15:22:59","modified_gmt":"2026-02-27T15:22:59","slug":"actinidia-deliciosa-solo-ontermekeny-kivi","status":"publish","type":"product","link":"https:\/\/tajkertesz.com\/en_US\/product\/actinidia-deliciosa-solo-ontermekeny-kivi\/","title":{"rendered":"Actinidia deliciosa &#8216;Solo&#8217; &#8211; \u00d6nterm\u00e9keny kivi"},"content":{"rendered":"<h1>Actinidia deliciosa &#8216;Solo&#8217; &#8211; \u00d6nterm\u00e9keny kivi<\/h1>\n<p data-start=\"831\" data-end=\"1110\">Az <strong data-start=\"834\" data-end=\"864\">Actinidia deliciosa &#8216;Solo&#8217;<\/strong> egy k\u00fcl\u00f6nleges, <strong data-start=\"881\" data-end=\"907\">\u00f6nterm\u00e9keny kivi fajta<\/strong>, amely lehet\u0151v\u00e9 teszi, hogy egyetlen n\u00f6v\u00e9ny is gy\u00fcm\u00f6lcs\u00f6t hozzon \u2013 k\u00fcl\u00f6n porz\u00f3 n\u00e9lk\u00fcl. Ennek k\u00f6sz\u00f6nhet\u0151en ide\u00e1lis v\u00e1laszt\u00e1s kis kertekbe vagy olyan helyekre, ahol nincs lehet\u0151s\u00e9g t\u00f6bb n\u00f6v\u00e9ny \u00fcltet\u00e9s\u00e9re.<\/p>\n<p data-start=\"1112\" data-end=\"1134\">\ud83d\udd39 <strong data-start=\"1115\" data-end=\"1134\">F\u0151bb jellemz\u0151k:<\/strong><\/p>\n<ul data-start=\"1135\" data-end=\"1675\">\n<li data-start=\"1135\" data-end=\"1204\">\n<p data-start=\"1137\" data-end=\"1204\"><strong data-start=\"1137\" data-end=\"1155\">N\u00f6v\u00e9ny t\u00edpusa:<\/strong> Lombhullat\u00f3, k\u00fasz\u00f3 habitus\u00fa gy\u00fcm\u00f6lcsterm\u0151 n\u00f6v\u00e9ny<\/p>\n<\/li>\n<li data-start=\"1205\" data-end=\"1244\">\n<p data-start=\"1207\" data-end=\"1244\"><strong data-start=\"1207\" data-end=\"1217\">Fajta:<\/strong> Actinidia deliciosa &#8216;Solo&#8217;<\/p>\n<\/li>\n<li data-start=\"1245\" data-end=\"1301\">\n<p data-start=\"1247\" data-end=\"1301\"><strong data-start=\"1247\" data-end=\"1263\">\u00d6nterm\u00e9keny:<\/strong> \u2705 Igen (nem sz\u00fcks\u00e9ges h\u00edmivar\u00fa porz\u00f3)<\/p>\n<\/li>\n<li data-start=\"1302\" data-end=\"1377\">\n<p data-start=\"1304\" data-end=\"1377\"><strong data-start=\"1304\" data-end=\"1315\">Term\u00e9s:<\/strong> K\u00f6zepes m\u00e9ret\u0171, barna, enyh\u00e9n sz\u0151r\u00f6s h\u00e9j\u00fa, z\u00f6ld h\u00fas\u00fa gy\u00fcm\u00f6lcs<\/p>\n<\/li>\n<li data-start=\"1378\" data-end=\"1471\">\n<p data-start=\"1380\" data-end=\"1471\"><strong data-start=\"1380\" data-end=\"1387\">\u00cdz:<\/strong> \u00c9desk\u00e9s, enyh\u00e9n savanyk\u00e1s \u2013 frissen fogyasztva, sal\u00e1t\u00e1kban \u00e9s feldolgozva is kiv\u00e1l\u00f3<\/p>\n<\/li>\n<li data-start=\"1472\" data-end=\"1500\">\n<p data-start=\"1474\" data-end=\"1500\"><strong data-start=\"1474\" data-end=\"1487\">Vir\u00e1gz\u00e1s:<\/strong> M\u00e1jus\u2013j\u00fanius<\/p>\n<\/li>\n<li data-start=\"1501\" data-end=\"1551\">\n<p data-start=\"1503\" data-end=\"1551\"><strong data-start=\"1503\" data-end=\"1517\">\u00c9r\u00e9si id\u0151:<\/strong> Okt\u00f3ber v\u00e9g\u00e9t\u0151l november k\u00f6zep\u00e9ig<\/p>\n<\/li>\n<li data-start=\"1552\" data-end=\"1602\">\n<p data-start=\"1554\" data-end=\"1602\"><strong data-start=\"1554\" data-end=\"1568\">F\u00e9nyig\u00e9ny:<\/strong> Napos, meleg fekv\u00e9s\u0171, v\u00e9dett hely<\/p>\n<\/li>\n<li data-start=\"1603\" data-end=\"1675\">\n<p data-start=\"1605\" data-end=\"1675\"><strong data-start=\"1605\" data-end=\"1615\">Talaj:<\/strong> Laza szerkezet\u0171, t\u00e1panyagban gazdag, j\u00f3 v\u00edzelvezet\u00e9s\u0171 talaj<\/p>\n<\/li>\n<\/ul>\n<p data-start=\"1677\" data-end=\"1692\">\ud83d\udd38 <strong data-start=\"1680\" data-end=\"1692\">El\u0151nyei:<\/strong><\/p>\n<ul data-start=\"1693\" data-end=\"1811\">\n<li data-start=\"1693\" data-end=\"1736\">\n<p data-start=\"1695\" data-end=\"1736\">Nem sz\u00fcks\u00e9ges m\u00e1sik n\u00f6v\u00e9nyt \u00fcltetni mell\u00e9<\/p>\n<\/li>\n<li data-start=\"1737\" data-end=\"1764\">\n<p data-start=\"1739\" data-end=\"1764\">J\u00f3 term\u00e9shozam egyed\u00fcl \u00fcltetve\u00a0 is<\/p>\n<\/li>\n<\/ul>\n<p>&nbsp;<\/p>\n<h4><strong>\ud83d\udd04 K\u00e9szletinform\u00e1ci\u00f3<\/strong><\/h4>\n<p><strong>K\u00e9szlet\u00fcnk napi szinten v\u00e1ltozik, \u00edgy a webshopban szerepl<\/strong><strong>\u0151<\/strong><strong>\u00a0term\u00e9kek el\u00e9rhet<\/strong><strong>\u0151<\/strong><strong>s\u00e9ge nem garant\u00e1lt.<br \/>\n\ud83d\udcde A megrendel\u00e9s el<\/strong><strong>\u0151<\/strong><strong>tt k\u00e9rj\u00fck, \u00e9rdekl<\/strong><strong>\u0151<\/strong><strong>dj\u00f6n szem\u00e9lyesen, telefonon vagy e-mailben!<\/strong><\/p>\n<h4><strong>\u27a1\ufe0f Kapcsolat:<\/strong><\/h4>\n<ul>\n<li><strong>Weboldal:\u00a0<\/strong><a href=\"https:\/\/tajkertesz.com\/\"><strong>tajkertesz.com<\/strong><\/a><\/li>\n<li><strong>Facebook:\u00a0<\/strong><a href=\"https:\/\/www.facebook.com\/tajkertesz\/\"><strong>facebook.com\/tajkertesz<\/strong><\/a><\/li>\n<li><strong>Telefonsz\u00e1m, e-mail: +36\/20-319-3770\u00a0<\/strong><a href=\"mailto:tajkerteszaruda@gmail.com\"><strong>tajkerteszaruda@gmail.com<\/strong><\/a><\/li>\n<\/ul>\n<h4><strong>\ud83d\ude9a Sz\u00e1ll\u00edt\u00e1si inform\u00e1ci\u00f3k<\/strong><\/h4>\n<p><strong>A megrendelt n\u00f6v\u00e9nyek kisz\u00e1ll\u00edt\u00e1sa az al\u00e1bbi felt\u00e9telek mellett t\u00f6rt\u00e9nik:<\/strong><\/p>\n<h4><strong>\ud83d\udce6 Fut\u00e1rszolg\u00e1latos sz\u00e1ll\u00edt\u00e1s<\/strong><\/h4>\n<ul>\n<li><strong>Maxim\u00e1lis m\u00e9ret: 200 cm (hossz\u00fas\u00e1g)<\/strong><\/li>\n<li><strong>Maxim\u00e1lis s\u00faly: 40 kg<\/strong><\/li>\n<li><strong>Az enn\u00e9l kisebb \u00e9s k\u00f6nnyebb csomagokat fut\u00e1rszolg\u00e1lattal k\u00e9zbes\u00edtj\u00fck a lehet<\/strong><strong>\u0151<\/strong><strong>\u00a0legbiztons\u00e1gosabb csomagol\u00e1sban.<\/strong><\/li>\n<\/ul>\n<h4><strong>\ud83d\udefb Szem\u00e9lyes \u00e1tv\u00e9tel<\/strong><\/h4>\n<ul>\n<li><strong>1173 Budapest, Bakancsos utca 7. sz\u00e1m alatt nyitvatart\u00e1si id<\/strong><strong>\u0151<\/strong><strong>ben szem\u00e9lyesen \u00e1tvehet<\/strong><strong>\u0151<\/strong><strong>\u00a0kert\u00e9szeti \u00e1rud\u00e1nkban.<\/strong><\/li>\n<li><strong>K\u00f6lts\u00e9ghat\u00e9kony megold\u00e1s nagyobb, t\u00f6r\u00e9kenyebb vagy t\u00falm\u00e9retes n\u00f6v\u00e9nyek eset\u00e9n.<\/strong><\/li>\n<\/ul>\n<h4><strong>\ud83d\udcde Nagy m\u00e9ret<\/strong><strong>\u0171<\/strong><strong>\u00a0vagy s\u00faly\u00fa n\u00f6v\u00e9nyek eset\u00e9n<\/strong><\/h4>\n<p><strong>Ha a term\u00e9k:<\/strong><\/p>\n<ul>\n<li><strong>meghaladja a 200 cm hossz\u00fas\u00e1got vagy<\/strong><\/li>\n<li><strong>meghaladja a 40 kg s\u00falyt,<\/strong><\/li>\n<\/ul>\n<p><strong>akkor szem\u00e9lyes \u00e1tv\u00e9tellel vagy egyedi, el<\/strong><strong>\u0151<\/strong><strong>re egyeztetett sz\u00e1ll\u00edt\u00e1si felt\u00e9telek mellett t\u00f6rt\u00e9nik.<br \/>\nK\u00e9rj\u00fck, ilyen esetben rendel\u00e9s el<\/strong><strong>\u0151<\/strong><strong>tt vegye fel vel\u00fcnk a kapcsolatot, hogy a lehet<\/strong><strong>\u0151<\/strong><strong>\u00a0legmegfelel<\/strong><strong>\u0151<\/strong><strong>bb sz\u00e1ll\u00edt\u00e1si megold\u00e1st k\u00edn\u00e1lhassuk.<\/strong><\/p>\n<p><strong>\ud83d\udd14 Fontos: A n\u00f6v\u00e9nyeket minden esetben igyeksz\u00fcnk gondosan, egyes\u00e9vel csomagolni, azonban a sz\u00e1ll\u00edt\u00e1s sor\u00e1n kisebb eszt\u00e9tikai s\u00e9r\u00fcl\u00e9sek el<\/strong><strong>\u0151<\/strong><strong>fordulhatnak (pl. lev\u00e9lhull\u00e1s). Ez nem min<\/strong><strong>\u0151<\/strong><strong>s\u00fcl hib\u00e1s teljes\u00edt\u00e9snek.<\/strong><\/p>\n<h4><strong>\ud83d\udcf7 Fontos tudni a k\u00e9pekr<\/strong><strong>\u0151<\/strong><strong>l<\/strong><\/h4>\n<p><strong>A webshopban szerepl<\/strong><strong>\u0151<\/strong><strong>\u00a0k\u00e9pek illusztr\u00e1ci\u00f3k, a n\u00f6v\u00e9nyek term\u00e9szet\u00fckn\u00e9l fogva egyediek, \u00edgy m\u00e9retben, alakban \u00e9s sz\u00ednben minim\u00e1lis elt\u00e9r\u00e9sek el<\/strong><strong>\u0151<\/strong><strong>fordulhatnak a k\u00e9pen l\u00e1that\u00f3 \u00e9s a val\u00f3s p\u00e9ld\u00e1nyok k\u00f6z\u00f6tt.<\/strong><\/p>\n<h4><strong>\ud83e\uddfe \u00c1rak \u00e9s el\u00e1ll\u00e1si jog<\/strong><\/h4>\n<ul>\n<li><strong>Az \u00e1rak egy darab\u00a0n\u00f6v\u00e9nyre vonatkoznak.<\/strong><\/li>\n<li><strong>\u00c9l<\/strong><strong>\u0151<\/strong><strong>\u00a0n\u00f6v\u00e9nyek rendel\u00e9se eset\u00e9n a 14 napos el\u00e1ll\u00e1s joga nem \u00e9rv\u00e9nyes\u00edthet<\/strong><strong>\u0151<\/strong><strong>, mivel azok romland\u00f3, biol\u00f3giailag \u00e9l<\/strong><strong>\u0151<\/strong><strong>\u00a0term\u00e9keknek min<\/strong><strong>\u0151<\/strong><strong>s\u00fclnek.<br \/>\n\ud83d\udd12 (17\/1999. (II. 5.) Korm. rendelet 5. \u00a7 c) pontja alapj\u00e1n)<\/strong><\/li>\n<\/ul>\n<h4><strong>\ud83d\udce6 K\u00e9zbes\u00edt\u00e9s ut\u00e1ni teend<\/strong><strong>\u0151<\/strong><strong>k<\/strong><\/h4>\n<p><strong>A k\u00e9zbes\u00edt\u00e9st k\u00f6vet<\/strong><strong>\u0151<\/strong><strong>en a csomagot azonnal bontsuk ki, \u00e9s a n\u00f6v\u00e9nyt helyezz\u00fck el megfelel<\/strong><strong>\u0151<\/strong><strong>\u00a0k\u00f6rnyezetben.<br \/>\nFontos: ha a n\u00f6v\u00e9ny nem r\u00e9szes\u00fcl megfelel<\/strong><strong>\u0151<\/strong><strong>\u00a0gondoz\u00e1sban \u00e9s ennek k\u00f6vetkezt\u00e9ben k\u00e1rosodik vagy elpusztul, felel<\/strong><strong>\u0151<\/strong><strong>ss\u00e9get nem tudunk v\u00e1llalni.<\/strong><\/p>","protected":false},"excerpt":{"rendered":"<h1>Actinidia deliciosa &#8216;Solo&#8217; &#8211; \u00d6nterm\u00e9keny kivi<\/h1>\n<p>Az\u00a0<strong>Actinidia autofertile \u2018Solo\u2019<\/strong> egy \u00f6nterm\u00e9keny kivi fajta, amely k\u00fcl\u00f6n\u00f6sen n\u00e9pszer\u0171 az otthoni gy\u00fcm\u00f6lcstermeszt\u0151k k\u00f6r\u00e9ben.<\/p>\n<p>3 literes kont\u00e9nerben.<\/p>\n<p>\u00d6nterm\u00e9keny<a class=\"tooltip-target\" href=\"https:\/\/novenyfutar.hu\/termek\/actinidia-autofertile-solo-ontermekeny-kivi\/\" target=\"_blank\" rel=\"noopener\" data-citationid=\"c7bb5f3d-fb23-fab5-11df-647349eacd41-6-group\">:\u00a0<\/a>Egyed\u00fcl is k\u00e9pes term\u00e9st hozni, nem sz\u00fcks\u00e9ges hozz\u00e1 porz\u00f3p\u00e1r. M\u00e1jusban kezd vir\u00e1gozni, kr\u00e9mfeh\u00e9r, illatos vir\u00e1gai vannak. A term\u00e9se k\u00f6r\u00fclbel\u00fcl szilva nagys\u00e1g\u00fa, \u00e9s szeptember k\u00f6rny\u00e9k\u00e9n \u00e9rik.<\/p>\n<p>Gyorsan n\u00f6v\u0151 fajta, ak\u00e1r 10 m\u00e9ter magasra is megn\u0151het, ha megfelel\u0151 t\u00e1maszt\u00e9kot kap, p\u00e9ld\u00e1ul pergol\u00e1ra, vagy falra futtatva. A napos, f\u00e9l\u00e1rny\u00e9kos helyet kedveli legink\u00e1bb. T\u00e1panyagban gazdag, savany\u00fa talajba \u00fcltess\u00fck.<\/p>\n<p>A telet j\u00f3l viseli, nem fagy\u00e9rz\u00e9keny. Ez a kivi fajta nemcsak \u00edzletes gy\u00fcm\u00f6lcseir\u0151l, hanem dekorat\u00edv megjelen\u00e9s\u00e9r\u0151l is h\u00edres, \u00edgy d\u00edszn\u00f6v\u00e9nyk\u00e9nt is kiv\u00e1l\u00f3 v\u00e1laszt\u00e1s lehet a kertbe.<\/p>\n<p>&nbsp;<\/p>","protected":false},"featured_media":21043,"template":"","meta":{"_et_pb_use_builder":"","_et_pb_old_content":"","_et_gb_content_width":""},"product_brand":[],"product_cat":[7074],"product_tag":[5284,4354,770,5285],"class_list":{"0":"post-21040","1":"product","2":"type-product","3":"status-publish","4":"has-post-thumbnail","6":"product_cat-kivi","7":"product_tag-kivi","8":"product_tag-ontermekeny","9":"product_tag-ontermekeny-kivi","10":"product_tag-solo","12":"first","13":"instock","14":"shipping-taxable","15":"purchasable","16":"product-type-simple"},"yoast_head":"<!-- This site is optimized with the Yoast SEO plugin v27.4 - https:\/\/yoast.com\/product\/yoast-seo-wordpress\/ -->\n<title>Actinidia deliciosa &#039;Solo&#039; - \u00d6nterm\u00e9keny kivi - T\u00e1jkert\u00e9sz<\/title>\n<meta name=\"description\" content=\"Az\u00a0Actinidia deliciosa \u2018Solo\u2019 egy \u00f6nterm\u00e9keny kivi fajta, amely k\u00fcl\u00f6n\u00f6sen n\u00e9pszer\u0171 az otthoni gy\u00fcm\u00f6lcstermeszt\u0151k k\u00f6r\u00e9ben.\u00a0\" \/>\n<meta name=\"robots\" content=\"index, follow, max-snippet:-1, max-image-preview:large, max-video-preview:-1\" \/>\n<link rel=\"canonical\" href=\"https:\/\/tajkertesz.com\/en_US\/product\/actinidia-deliciosa-solo-ontermekeny-kivi\/\" \/>\n<meta property=\"og:locale\" content=\"en_US\" \/>\n<meta property=\"og:type\" content=\"article\" \/>\n<meta property=\"og:title\" content=\"Actinidia deliciosa &#039;Solo&#039; - \u00d6nterm\u00e9keny kivi - T\u00e1jkert\u00e9sz\" \/>\n<meta property=\"og:description\" content=\"Az\u00a0Actinidia deliciosa \u2018Solo\u2019 egy \u00f6nterm\u00e9keny kivi fajta, amely k\u00fcl\u00f6n\u00f6sen n\u00e9pszer\u0171 az otthoni gy\u00fcm\u00f6lcstermeszt\u0151k k\u00f6r\u00e9ben.\u00a0\" \/>\n<meta property=\"og:url\" content=\"https:\/\/tajkertesz.com\/en_US\/product\/actinidia-deliciosa-solo-ontermekeny-kivi\/\" \/>\n<meta property=\"og:site_name\" content=\"T\u00e1jkert\u00e9sz\" \/>\n<meta property=\"article:publisher\" content=\"https:\/\/www.facebook.com\/Tajkertesz\/\" \/>\n<meta property=\"article:modified_time\" content=\"2026-02-27T15:22:59+00:00\" \/>\n<meta property=\"og:image\" content=\"https:\/\/tajkertesz.com\/wp-content\/uploads\/2024\/09\/20240916_133631-scaled.jpg\" \/>\n\t<meta property=\"og:image:width\" content=\"1920\" \/>\n\t<meta property=\"og:image:height\" content=\"2560\" \/>\n\t<meta property=\"og:image:type\" content=\"image\/jpeg\" \/>\n<meta name=\"twitter:card\" content=\"summary_large_image\" \/>\n<meta name=\"twitter:label1\" content=\"Est. reading time\" \/>\n\t<meta name=\"twitter:data1\" content=\"3 minutes\" \/>\n<script type=\"application\/ld+json\" class=\"yoast-schema-graph\">{\"@context\":\"https:\\\/\\\/schema.org\",\"@graph\":[{\"@type\":\"WebPage\",\"@id\":\"https:\\\/\\\/tajkertesz.com\\\/termek\\\/actinidia-deliciosa-solo-ontermekeny-kivi\\\/\",\"url\":\"https:\\\/\\\/tajkertesz.com\\\/termek\\\/actinidia-deliciosa-solo-ontermekeny-kivi\\\/\",\"name\":\"Actinidia deliciosa 'Solo' - \u00d6nterm\u00e9keny kivi - T\u00e1jkert\u00e9sz\",\"isPartOf\":{\"@id\":\"https:\\\/\\\/tajkertesz.com\\\/#website\"},\"primaryImageOfPage\":{\"@id\":\"https:\\\/\\\/tajkertesz.com\\\/termek\\\/actinidia-deliciosa-solo-ontermekeny-kivi\\\/#primaryimage\"},\"image\":{\"@id\":\"https:\\\/\\\/tajkertesz.com\\\/termek\\\/actinidia-deliciosa-solo-ontermekeny-kivi\\\/#primaryimage\"},\"thumbnailUrl\":\"https:\\\/\\\/tajkertesz.com\\\/wp-content\\\/uploads\\\/2024\\\/09\\\/20240916_133631-scaled.jpg\",\"datePublished\":\"2024-09-16T10:49:57+00:00\",\"dateModified\":\"2026-02-27T15:22:59+00:00\",\"description\":\"Az\u00a0Actinidia deliciosa \u2018Solo\u2019 egy \u00f6nterm\u00e9keny kivi fajta, amely k\u00fcl\u00f6n\u00f6sen n\u00e9pszer\u0171 az otthoni gy\u00fcm\u00f6lcstermeszt\u0151k k\u00f6r\u00e9ben.\u00a0\",\"breadcrumb\":{\"@id\":\"https:\\\/\\\/tajkertesz.com\\\/termek\\\/actinidia-deliciosa-solo-ontermekeny-kivi\\\/#breadcrumb\"},\"inLanguage\":\"en-US\",\"potentialAction\":[{\"@type\":\"ReadAction\",\"target\":[\"https:\\\/\\\/tajkertesz.com\\\/termek\\\/actinidia-deliciosa-solo-ontermekeny-kivi\\\/\"]}]},{\"@type\":\"ImageObject\",\"inLanguage\":\"en-US\",\"@id\":\"https:\\\/\\\/tajkertesz.com\\\/termek\\\/actinidia-deliciosa-solo-ontermekeny-kivi\\\/#primaryimage\",\"url\":\"https:\\\/\\\/tajkertesz.com\\\/wp-content\\\/uploads\\\/2024\\\/09\\\/20240916_133631-scaled.jpg\",\"contentUrl\":\"https:\\\/\\\/tajkertesz.com\\\/wp-content\\\/uploads\\\/2024\\\/09\\\/20240916_133631-scaled.jpg\",\"width\":1920,\"height\":2560,\"caption\":\"Actinidia deliciosa 'Solo' - \u00d6nterm\u0151 kivi\"},{\"@type\":\"BreadcrumbList\",\"@id\":\"https:\\\/\\\/tajkertesz.com\\\/termek\\\/actinidia-deliciosa-solo-ontermekeny-kivi\\\/#breadcrumb\",\"itemListElement\":[{\"@type\":\"ListItem\",\"position\":1,\"name\":\"Home\",\"item\":\"https:\\\/\\\/tajkertesz.com\\\/\"},{\"@type\":\"ListItem\",\"position\":2,\"name\":\"Kezd\u0151lap\",\"item\":\"https:\\\/\\\/tajkertesz.com\\\/\"},{\"@type\":\"ListItem\",\"position\":3,\"name\":\"Actinidia deliciosa &#8216;Solo&#8217; &#8211; \u00d6nterm\u00e9keny kivi\"}]},{\"@type\":\"WebSite\",\"@id\":\"https:\\\/\\\/tajkertesz.com\\\/#website\",\"url\":\"https:\\\/\\\/tajkertesz.com\\\/\",\"name\":\"T\u00e1j-Kert\u00e9sz 84 Kft.\",\"description\":\"Kert\u00e9szeti kis- \u00e9s nagykeresked\u00e9s, D\u00edszn\u00f6v\u00e9ny web\u00e1ruh\u00e1z orsz\u00e1gos h\u00e1zhozsz\u00e1ll\u00edt\u00e1ssal!\",\"publisher\":{\"@id\":\"https:\\\/\\\/tajkertesz.com\\\/#organization\"},\"potentialAction\":[{\"@type\":\"SearchAction\",\"target\":{\"@type\":\"EntryPoint\",\"urlTemplate\":\"https:\\\/\\\/tajkertesz.com\\\/?s={search_term_string}\"},\"query-input\":{\"@type\":\"PropertyValueSpecification\",\"valueRequired\":true,\"valueName\":\"search_term_string\"}}],\"inLanguage\":\"en-US\"},{\"@type\":\"Organization\",\"@id\":\"https:\\\/\\\/tajkertesz.com\\\/#organization\",\"name\":\"T\u00e1j-Kert\u00e9sz 84 Kft.\",\"url\":\"https:\\\/\\\/tajkertesz.com\\\/\",\"logo\":{\"@type\":\"ImageObject\",\"inLanguage\":\"en-US\",\"@id\":\"https:\\\/\\\/tajkertesz.com\\\/#\\\/schema\\\/logo\\\/image\\\/\",\"url\":\"https:\\\/\\\/tajkertesz.com\\\/wp-content\\\/uploads\\\/2018\\\/02\\\/logo-2-e1518678052539.png\",\"contentUrl\":\"https:\\\/\\\/tajkertesz.com\\\/wp-content\\\/uploads\\\/2018\\\/02\\\/logo-2-e1518678052539.png\",\"width\":81,\"height\":140,\"caption\":\"T\u00e1j-Kert\u00e9sz 84 Kft.\"},\"image\":{\"@id\":\"https:\\\/\\\/tajkertesz.com\\\/#\\\/schema\\\/logo\\\/image\\\/\"},\"sameAs\":[\"https:\\\/\\\/www.facebook.com\\\/Tajkertesz\\\/\"]}]}<\/script>\n<!-- \/ Yoast SEO plugin. -->","yoast_head_json":{"title":"Actinidia deliciosa 'Solo' - \u00d6nterm\u00e9keny kivi - T\u00e1jkert\u00e9sz","description":"Az\u00a0Actinidia deliciosa \u2018Solo\u2019 egy \u00f6nterm\u00e9keny kivi fajta, amely k\u00fcl\u00f6n\u00f6sen n\u00e9pszer\u0171 az otthoni gy\u00fcm\u00f6lcstermeszt\u0151k k\u00f6r\u00e9ben.\u00a0","robots":{"index":"index","follow":"follow","max-snippet":"max-snippet:-1","max-image-preview":"max-image-preview:large","max-video-preview":"max-video-preview:-1"},"canonical":"https:\/\/tajkertesz.com\/en_US\/product\/actinidia-deliciosa-solo-ontermekeny-kivi\/","og_locale":"en_US","og_type":"article","og_title":"Actinidia deliciosa 'Solo' - \u00d6nterm\u00e9keny kivi - T\u00e1jkert\u00e9sz","og_description":"Az\u00a0Actinidia deliciosa \u2018Solo\u2019 egy \u00f6nterm\u00e9keny kivi fajta, amely k\u00fcl\u00f6n\u00f6sen n\u00e9pszer\u0171 az otthoni gy\u00fcm\u00f6lcstermeszt\u0151k k\u00f6r\u00e9ben.\u00a0","og_url":"https:\/\/tajkertesz.com\/en_US\/product\/actinidia-deliciosa-solo-ontermekeny-kivi\/","og_site_name":"T\u00e1jkert\u00e9sz","article_publisher":"https:\/\/www.facebook.com\/Tajkertesz\/","article_modified_time":"2026-02-27T15:22:59+00:00","og_image":[{"width":1920,"height":2560,"url":"https:\/\/tajkertesz.com\/wp-content\/uploads\/2024\/09\/20240916_133631-scaled.jpg","type":"image\/jpeg"}],"twitter_card":"summary_large_image","twitter_misc":{"Est. reading time":"3 minutes"},"schema":{"@context":"https:\/\/schema.org","@graph":[{"@type":"WebPage","@id":"https:\/\/tajkertesz.com\/termek\/actinidia-deliciosa-solo-ontermekeny-kivi\/","url":"https:\/\/tajkertesz.com\/termek\/actinidia-deliciosa-solo-ontermekeny-kivi\/","name":"Actinidia deliciosa 'Solo' - \u00d6nterm\u00e9keny kivi - T\u00e1jkert\u00e9sz","isPartOf":{"@id":"https:\/\/tajkertesz.com\/#website"},"primaryImageOfPage":{"@id":"https:\/\/tajkertesz.com\/termek\/actinidia-deliciosa-solo-ontermekeny-kivi\/#primaryimage"},"image":{"@id":"https:\/\/tajkertesz.com\/termek\/actinidia-deliciosa-solo-ontermekeny-kivi\/#primaryimage"},"thumbnailUrl":"https:\/\/tajkertesz.com\/wp-content\/uploads\/2024\/09\/20240916_133631-scaled.jpg","datePublished":"2024-09-16T10:49:57+00:00","dateModified":"2026-02-27T15:22:59+00:00","description":"Az\u00a0Actinidia deliciosa \u2018Solo\u2019 egy \u00f6nterm\u00e9keny kivi fajta, amely k\u00fcl\u00f6n\u00f6sen n\u00e9pszer\u0171 az otthoni gy\u00fcm\u00f6lcstermeszt\u0151k k\u00f6r\u00e9ben.\u00a0","breadcrumb":{"@id":"https:\/\/tajkertesz.com\/termek\/actinidia-deliciosa-solo-ontermekeny-kivi\/#breadcrumb"},"inLanguage":"en-US","potentialAction":[{"@type":"ReadAction","target":["https:\/\/tajkertesz.com\/termek\/actinidia-deliciosa-solo-ontermekeny-kivi\/"]}]},{"@type":"ImageObject","inLanguage":"en-US","@id":"https:\/\/tajkertesz.com\/termek\/actinidia-deliciosa-solo-ontermekeny-kivi\/#primaryimage","url":"https:\/\/tajkertesz.com\/wp-content\/uploads\/2024\/09\/20240916_133631-scaled.jpg","contentUrl":"https:\/\/tajkertesz.com\/wp-content\/uploads\/2024\/09\/20240916_133631-scaled.jpg","width":1920,"height":2560,"caption":"Actinidia deliciosa 'Solo' - \u00d6nterm\u0151 kivi"},{"@type":"BreadcrumbList","@id":"https:\/\/tajkertesz.com\/termek\/actinidia-deliciosa-solo-ontermekeny-kivi\/#breadcrumb","itemListElement":[{"@type":"ListItem","position":1,"name":"Home","item":"https:\/\/tajkertesz.com\/"},{"@type":"ListItem","position":2,"name":"Kezd\u0151lap","item":"https:\/\/tajkertesz.com\/"},{"@type":"ListItem","position":3,"name":"Actinidia deliciosa &#8216;Solo&#8217; &#8211; \u00d6nterm\u00e9keny kivi"}]},{"@type":"WebSite","@id":"https:\/\/tajkertesz.com\/#website","url":"https:\/\/tajkertesz.com\/","name":"T\u00e1j-Kert\u00e9sz 84 Kft.","description":"Kert\u00e9szeti kis- \u00e9s nagykeresked\u00e9s, D\u00edszn\u00f6v\u00e9ny web\u00e1ruh\u00e1z orsz\u00e1gos h\u00e1zhozsz\u00e1ll\u00edt\u00e1ssal!","publisher":{"@id":"https:\/\/tajkertesz.com\/#organization"},"potentialAction":[{"@type":"SearchAction","target":{"@type":"EntryPoint","urlTemplate":"https:\/\/tajkertesz.com\/?s={search_term_string}"},"query-input":{"@type":"PropertyValueSpecification","valueRequired":true,"valueName":"search_term_string"}}],"inLanguage":"en-US"},{"@type":"Organization","@id":"https:\/\/tajkertesz.com\/#organization","name":"T\u00e1j-Kert\u00e9sz 84 Kft.","url":"https:\/\/tajkertesz.com\/","logo":{"@type":"ImageObject","inLanguage":"en-US","@id":"https:\/\/tajkertesz.com\/#\/schema\/logo\/image\/","url":"https:\/\/tajkertesz.com\/wp-content\/uploads\/2018\/02\/logo-2-e1518678052539.png","contentUrl":"https:\/\/tajkertesz.com\/wp-content\/uploads\/2018\/02\/logo-2-e1518678052539.png","width":81,"height":140,"caption":"T\u00e1j-Kert\u00e9sz 84 Kft."},"image":{"@id":"https:\/\/tajkertesz.com\/#\/schema\/logo\/image\/"},"sameAs":["https:\/\/www.facebook.com\/Tajkertesz\/"]}]}},"_links":{"self":[{"href":"https:\/\/tajkertesz.com\/en_US\/wp-json\/wp\/v2\/product\/21040","targetHints":{"allow":["GET"]}}],"collection":[{"href":"https:\/\/tajkertesz.com\/en_US\/wp-json\/wp\/v2\/product"}],"about":[{"href":"https:\/\/tajkertesz.com\/en_US\/wp-json\/wp\/v2\/types\/product"}],"wp:featuredmedia":[{"embeddable":true,"href":"https:\/\/tajkertesz.com\/en_US\/wp-json\/wp\/v2\/media\/21043"}],"wp:attachment":[{"href":"https:\/\/tajkertesz.com\/en_US\/wp-json\/wp\/v2\/media?parent=21040"}],"wp:term":[{"taxonomy":"product_brand","embeddable":true,"href":"https:\/\/tajkertesz.com\/en_US\/wp-json\/wp\/v2\/product_brand?post=21040"},{"taxonomy":"product_cat","embeddable":true,"href":"https:\/\/tajkertesz.com\/en_US\/wp-json\/wp\/v2\/product_cat?post=21040"},{"taxonomy":"product_tag","embeddable":true,"href":"https:\/\/tajkertesz.com\/en_US\/wp-json\/wp\/v2\/product_tag?post=21040"}],"curies":[{"name":"wp","href":"https:\/\/api.w.org\/{rel}","templated":true}]}}