{"id":21077,"date":"2024-09-18T14:46:03","date_gmt":"2024-09-18T14:46:03","guid":{"rendered":"https:\/\/tajkertesz.com\/?post_type=product&#038;p=21077"},"modified":"2025-06-05T10:26:52","modified_gmt":"2025-06-05T10:26:52","slug":"rhodotypos-scandens-hoszirom-cserje","status":"publish","type":"product","link":"https:\/\/tajkertesz.com\/en_US\/product\/rhodotypos-scandens-hoszirom-cserje\/","title":{"rendered":"Rhodotypos scandens &#8211; H\u00f3szirom cserje"},"content":{"rendered":"<h1>Rhodotypos scandens &#8211; H\u00f3szirom cserje<\/h1>\n<p>A\u00a0<strong>Rhodotypos scandens<\/strong>, magyarul h\u00f3szirom cserje, egy k\u00fcl\u00f6nleges lombhullat\u00f3 cserje, amely a r\u00f3zsaf\u00e9l\u00e9k csal\u00e1dj\u00e1ba tartozik. \u00c1ltal\u00e1ban 1.5-2 m\u00e9ter magasra n\u0151, feh\u00e9r, n\u00e9gy sziromb\u00f3l \u00e1ll\u00f3 vir\u00e1gai k\u00e9s\u0151 tavasszal, kora ny\u00e1ron ny\u00edlnak. Fekete bogy\u00f3s term\u00e9se \u0151sszel \u00e9rik be, gyakran a t\u00e9li h\u00f3napokban is a bokron maradnak. Ezek a bogy\u00f3k az ember sz\u00e1m\u00e1ra m\u00e9rgez\u0151ek, de a madarak sz\u00edvesen fogyasztj\u00e1k.<\/p>\n<h2>A Rhodotypos scandens &#8211; H\u00f3szirom cserje ig\u00e9nyei<\/h2>\n<p>J\u00f3 vizgazd\u00e1lkod\u00e1s\u00fa, k\u00f6zepes t\u00e1panyag ell\u00e1totts\u00e1g\u00fa talajt ig\u00e9nyel. Napos f\u00e9l\u00e1rny\u00e9kos helyen fejl\u0151dik a legszebben. Kis gondoz\u00e1si ig\u00e9ny\u0171 n\u00f6v\u00e9ny, amely j\u00f3l t\u0171ri a v\u00e1rosi k\u00f6r\u00fclm\u00e9nyeket is. Ez a cserje nemcsak a kert d\u00edsze lehet, hanem a madarak sz\u00e1m\u00e1ra is vonz\u00f3, mivel term\u00e9seik t\u00e1pl\u00e1l\u00e9kul szolg\u00e1lnak sz\u00e1mukra.<\/p>\n<p><strong>h\u00f3szirom cserje<\/strong> (Rhodotypos scandens) el\u0151nyben r\u00e9szes\u00edti a napos vagy f\u00e9l\u00e1rny\u00e9kos helyeket. Teljes \u00e1rny\u00e9kban is meg\u00e9l, de kevesebb vir\u00e1got hoz. Talaja legyen j\u00f3 v\u00edzelvezet\u00e9s\u0171, k\u00f6zepes t\u00e1panyag ell\u00e1totts\u00e1g\u00fa. A t\u00fal nedves vagy pang\u00f3 vizes talajokat ker\u00fclni kell. Rendszeres \u00f6nt\u00f6z\u00e9st ig\u00e9nyel, k\u00fcl\u00f6n\u00f6sen a sz\u00e1raz id\u0151szakokban. \u00dcgyelj arra, hogy a talaj mindig enyh\u00e9n nedves legyen, de ne \u00e1lljon v\u00edzben.<\/p>\n<p>J\u00f3l t\u0171ri a hideget, \u00e9s a m\u00e9rs\u00e9kelt \u00e9ghajlaton \u00e9rzi mag\u00e1t a legjobban. A t\u00e9li h\u00f3napokban is meg\u0151rzi d\u00edsz\u00edt\u0151 \u00e9rt\u00e9k\u00e9t a fekete bogy\u00f3s term\u00e9seivel. Kis gondoz\u00e1si ig\u00e9ny\u0171 n\u00f6v\u00e9ny. Az id\u0151sebb \u00e1gak kimetsz\u00e9s\u00e9vel fiatal\u00edthat\u00f3, ami el\u0151seg\u00edti az \u00faj hajt\u00e1sok n\u00f6veked\u00e9s\u00e9t \u00e9s a vir\u00e1gz\u00e1st. \u00c1ltal\u00e1ban ellen\u00e1ll\u00f3 a k\u00e1rtev\u0151kkel \u00e9s betegs\u00e9gekkel szemben, de \u00e9rdemes rendszeresen ellen\u0151rizni a n\u00f6v\u00e9nyt.<\/p>\n<p>Az els\u0151 n\u00e9h\u00e1ny \u00e9vben csak minim\u00e1lisan metszd a n\u00f6v\u00e9nyeket, hogy el\u0151seg\u00edtsd a term\u00e9szetes form\u00e1juk kialakul\u00e1s\u00e1t. T\u00e1vol\u00edtsd el a s\u00e9r\u00fclt vagy elhalt \u00e1gakat.<\/p>\n<p>&nbsp;<\/p>\n<p style=\"line-height: 18.0pt; background: white; margin: 0cm 0cm 15.0pt 0cm;\"><b><span style=\"font-family: 'Ubuntu',serif; color: black;\">K\u00e9szlet\u00fcnk napi szinten v\u00e1ltozik, ez\u00e9rt k\u00e9rj\u00fck, \u00e9rdekl\u0151dj\u00f6n szem\u00e9lyesen, telefonon vagy email-en.<br \/>\nA v\u00e1ltoztat\u00e1s jog\u00e1t fenntartjuk!\u00a0<\/span><\/b><\/p>\n<p><strong>Sz\u00e1ll\u00edt\u00e1s 200 cm \u00e9s 40 kg-ig lehets\u00e9ges, ezen m\u00e9retek felett egyedi egyeztet\u00e9s sz\u00fcks\u00e9ges.<\/strong><\/p>\n<p><a href=\"https:\/\/tajkertesz.com\/\">https:\/\/tajkertesz.com\/<\/a><\/p>\n<p><a href=\"https:\/\/www.facebook.com\/tajkertesz\">https:\/\/www.facebook.com\/tajkertesz<\/a><\/p>","protected":false},"excerpt":{"rendered":"<h1>Rhodotypos scandens &#8211; H\u00f3szirom cserje<\/h1>\n<p>A\u00a0<strong>Rhodotypos scandens<\/strong>, magyarul h\u00f3szirom cserje, egy k\u00fcl\u00f6nleges lombhullat\u00f3 cserje, amely a r\u00f3zsaf\u00e9l\u00e9k csal\u00e1dj\u00e1ba tartozik. \u00c1ltal\u00e1ban 1.5-2 m\u00e9ter magasra n\u0151, feh\u00e9r, n\u00e9gy sziromb\u00f3l \u00e1ll\u00f3 vir\u00e1gai k\u00e9s\u0151 tavasszal, kora ny\u00e1ron ny\u00edlnak. Fekete bogy\u00f3s term\u00e9se \u0151sszel \u00e9rik be, gyakran a t\u00e9li h\u00f3napokban is a bokron maradnak. Ezek a bogy\u00f3k az ember sz\u00e1m\u00e1ra m\u00e9rgez\u0151ek, de a madarak sz\u00edvesen fogyasztj\u00e1k.<\/p>","protected":false},"featured_media":21079,"template":"","meta":{"_et_pb_use_builder":"","_et_pb_old_content":"","_et_gb_content_width":""},"product_brand":[],"product_cat":[27],"product_tag":[],"class_list":{"0":"post-21077","1":"product","2":"type-product","3":"status-publish","4":"has-post-thumbnail","6":"product_cat-cserjek","8":"first","9":"outofstock","10":"shipping-taxable","11":"product-type-simple"},"yoast_head":"<!-- This site is optimized with the Yoast SEO plugin v27.3 - https:\/\/yoast.com\/product\/yoast-seo-wordpress\/ -->\n<title>Rhodotypos scandens - H\u00f3szirom cserje - T\u00e1jkert\u00e9sz<\/title>\n<meta name=\"description\" content=\"Rhodotypos scandens - H\u00f3szirom cserje lombhullat\u00f3, amely a r\u00f3zsaf\u00e9l\u00e9k csal\u00e1dj\u00e1ba tartozik, feh\u00e9r, vir\u00e1gai k\u00e9s\u0151 tavasszal, kora ny\u00e1ron ny\u00edlnak.\" \/>\n<meta name=\"robots\" content=\"index, follow, max-snippet:-1, max-image-preview:large, max-video-preview:-1\" \/>\n<link rel=\"canonical\" href=\"https:\/\/tajkertesz.com\/en_US\/product\/rhodotypos-scandens-hoszirom-cserje\/\" \/>\n<meta property=\"og:locale\" content=\"en_US\" \/>\n<meta property=\"og:type\" content=\"article\" \/>\n<meta property=\"og:title\" content=\"Rhodotypos scandens - H\u00f3szirom cserje - T\u00e1jkert\u00e9sz\" \/>\n<meta property=\"og:description\" content=\"Rhodotypos scandens - H\u00f3szirom cserje lombhullat\u00f3, amely a r\u00f3zsaf\u00e9l\u00e9k csal\u00e1dj\u00e1ba tartozik, feh\u00e9r, vir\u00e1gai k\u00e9s\u0151 tavasszal, kora ny\u00e1ron ny\u00edlnak.\" \/>\n<meta property=\"og:url\" content=\"https:\/\/tajkertesz.com\/en_US\/product\/rhodotypos-scandens-hoszirom-cserje\/\" \/>\n<meta property=\"og:site_name\" content=\"T\u00e1jkert\u00e9sz\" \/>\n<meta property=\"article:publisher\" content=\"https:\/\/www.facebook.com\/Tajkertesz\/\" \/>\n<meta property=\"article:modified_time\" content=\"2025-06-05T10:26:52+00:00\" \/>\n<meta property=\"og:image\" content=\"https:\/\/tajkertesz.com\/wp-content\/uploads\/2024\/09\/rhodotypos-scandens-corchorus-scandens.jpg\" \/>\n\t<meta property=\"og:image:width\" content=\"800\" \/>\n\t<meta property=\"og:image:height\" content=\"1040\" \/>\n\t<meta property=\"og:image:type\" content=\"image\/jpeg\" \/>\n<meta name=\"twitter:card\" content=\"summary_large_image\" \/>\n<meta name=\"twitter:label1\" content=\"Est. reading time\" \/>\n\t<meta name=\"twitter:data1\" content=\"2 minutes\" \/>\n<script type=\"application\/ld+json\" class=\"yoast-schema-graph\">{\"@context\":\"https:\\\/\\\/schema.org\",\"@graph\":[{\"@type\":\"WebPage\",\"@id\":\"https:\\\/\\\/tajkertesz.com\\\/termek\\\/rhodotypos-scandens-hoszirom-cserje\\\/\",\"url\":\"https:\\\/\\\/tajkertesz.com\\\/termek\\\/rhodotypos-scandens-hoszirom-cserje\\\/\",\"name\":\"Rhodotypos scandens - H\u00f3szirom cserje - T\u00e1jkert\u00e9sz\",\"isPartOf\":{\"@id\":\"https:\\\/\\\/tajkertesz.com\\\/#website\"},\"primaryImageOfPage\":{\"@id\":\"https:\\\/\\\/tajkertesz.com\\\/termek\\\/rhodotypos-scandens-hoszirom-cserje\\\/#primaryimage\"},\"image\":{\"@id\":\"https:\\\/\\\/tajkertesz.com\\\/termek\\\/rhodotypos-scandens-hoszirom-cserje\\\/#primaryimage\"},\"thumbnailUrl\":\"https:\\\/\\\/tajkertesz.com\\\/wp-content\\\/uploads\\\/2024\\\/09\\\/rhodotypos-scandens-corchorus-scandens.jpg\",\"datePublished\":\"2024-09-18T14:46:03+00:00\",\"dateModified\":\"2025-06-05T10:26:52+00:00\",\"description\":\"Rhodotypos scandens - H\u00f3szirom cserje lombhullat\u00f3, amely a r\u00f3zsaf\u00e9l\u00e9k csal\u00e1dj\u00e1ba tartozik, feh\u00e9r, vir\u00e1gai k\u00e9s\u0151 tavasszal, kora ny\u00e1ron ny\u00edlnak.\",\"breadcrumb\":{\"@id\":\"https:\\\/\\\/tajkertesz.com\\\/termek\\\/rhodotypos-scandens-hoszirom-cserje\\\/#breadcrumb\"},\"inLanguage\":\"en-US\",\"potentialAction\":[{\"@type\":\"ReadAction\",\"target\":[\"https:\\\/\\\/tajkertesz.com\\\/termek\\\/rhodotypos-scandens-hoszirom-cserje\\\/\"]}]},{\"@type\":\"ImageObject\",\"inLanguage\":\"en-US\",\"@id\":\"https:\\\/\\\/tajkertesz.com\\\/termek\\\/rhodotypos-scandens-hoszirom-cserje\\\/#primaryimage\",\"url\":\"https:\\\/\\\/tajkertesz.com\\\/wp-content\\\/uploads\\\/2024\\\/09\\\/rhodotypos-scandens-corchorus-scandens.jpg\",\"contentUrl\":\"https:\\\/\\\/tajkertesz.com\\\/wp-content\\\/uploads\\\/2024\\\/09\\\/rhodotypos-scandens-corchorus-scandens.jpg\",\"width\":800,\"height\":1040},{\"@type\":\"BreadcrumbList\",\"@id\":\"https:\\\/\\\/tajkertesz.com\\\/termek\\\/rhodotypos-scandens-hoszirom-cserje\\\/#breadcrumb\",\"itemListElement\":[{\"@type\":\"ListItem\",\"position\":1,\"name\":\"Home\",\"item\":\"https:\\\/\\\/tajkertesz.com\\\/\"},{\"@type\":\"ListItem\",\"position\":2,\"name\":\"Kezd\u0151lap\",\"item\":\"https:\\\/\\\/tajkertesz.com\\\/\"},{\"@type\":\"ListItem\",\"position\":3,\"name\":\"Rhodotypos scandens &#8211; H\u00f3szirom cserje\"}]},{\"@type\":\"WebSite\",\"@id\":\"https:\\\/\\\/tajkertesz.com\\\/#website\",\"url\":\"https:\\\/\\\/tajkertesz.com\\\/\",\"name\":\"T\u00e1j-Kert\u00e9sz 84 Kft.\",\"description\":\"Kert\u00e9szeti kis- \u00e9s nagykeresked\u00e9s, D\u00edszn\u00f6v\u00e9ny web\u00e1ruh\u00e1z orsz\u00e1gos h\u00e1zhozsz\u00e1ll\u00edt\u00e1ssal!\",\"publisher\":{\"@id\":\"https:\\\/\\\/tajkertesz.com\\\/#organization\"},\"potentialAction\":[{\"@type\":\"SearchAction\",\"target\":{\"@type\":\"EntryPoint\",\"urlTemplate\":\"https:\\\/\\\/tajkertesz.com\\\/?s={search_term_string}\"},\"query-input\":{\"@type\":\"PropertyValueSpecification\",\"valueRequired\":true,\"valueName\":\"search_term_string\"}}],\"inLanguage\":\"en-US\"},{\"@type\":\"Organization\",\"@id\":\"https:\\\/\\\/tajkertesz.com\\\/#organization\",\"name\":\"T\u00e1j-Kert\u00e9sz 84 Kft.\",\"url\":\"https:\\\/\\\/tajkertesz.com\\\/\",\"logo\":{\"@type\":\"ImageObject\",\"inLanguage\":\"en-US\",\"@id\":\"https:\\\/\\\/tajkertesz.com\\\/#\\\/schema\\\/logo\\\/image\\\/\",\"url\":\"https:\\\/\\\/tajkertesz.com\\\/wp-content\\\/uploads\\\/2018\\\/02\\\/logo-2-e1518678052539.png\",\"contentUrl\":\"https:\\\/\\\/tajkertesz.com\\\/wp-content\\\/uploads\\\/2018\\\/02\\\/logo-2-e1518678052539.png\",\"width\":81,\"height\":140,\"caption\":\"T\u00e1j-Kert\u00e9sz 84 Kft.\"},\"image\":{\"@id\":\"https:\\\/\\\/tajkertesz.com\\\/#\\\/schema\\\/logo\\\/image\\\/\"},\"sameAs\":[\"https:\\\/\\\/www.facebook.com\\\/Tajkertesz\\\/\"]}]}<\/script>\n<!-- \/ Yoast SEO plugin. -->","yoast_head_json":{"title":"Rhodotypos scandens - H\u00f3szirom cserje - T\u00e1jkert\u00e9sz","description":"Rhodotypos scandens - H\u00f3szirom cserje lombhullat\u00f3, amely a r\u00f3zsaf\u00e9l\u00e9k csal\u00e1dj\u00e1ba tartozik, feh\u00e9r, vir\u00e1gai k\u00e9s\u0151 tavasszal, kora ny\u00e1ron ny\u00edlnak.","robots":{"index":"index","follow":"follow","max-snippet":"max-snippet:-1","max-image-preview":"max-image-preview:large","max-video-preview":"max-video-preview:-1"},"canonical":"https:\/\/tajkertesz.com\/en_US\/product\/rhodotypos-scandens-hoszirom-cserje\/","og_locale":"en_US","og_type":"article","og_title":"Rhodotypos scandens - H\u00f3szirom cserje - T\u00e1jkert\u00e9sz","og_description":"Rhodotypos scandens - H\u00f3szirom cserje lombhullat\u00f3, amely a r\u00f3zsaf\u00e9l\u00e9k csal\u00e1dj\u00e1ba tartozik, feh\u00e9r, vir\u00e1gai k\u00e9s\u0151 tavasszal, kora ny\u00e1ron ny\u00edlnak.","og_url":"https:\/\/tajkertesz.com\/en_US\/product\/rhodotypos-scandens-hoszirom-cserje\/","og_site_name":"T\u00e1jkert\u00e9sz","article_publisher":"https:\/\/www.facebook.com\/Tajkertesz\/","article_modified_time":"2025-06-05T10:26:52+00:00","og_image":[{"width":800,"height":1040,"url":"https:\/\/tajkertesz.com\/wp-content\/uploads\/2024\/09\/rhodotypos-scandens-corchorus-scandens.jpg","type":"image\/jpeg"}],"twitter_card":"summary_large_image","twitter_misc":{"Est. reading time":"2 minutes"},"schema":{"@context":"https:\/\/schema.org","@graph":[{"@type":"WebPage","@id":"https:\/\/tajkertesz.com\/termek\/rhodotypos-scandens-hoszirom-cserje\/","url":"https:\/\/tajkertesz.com\/termek\/rhodotypos-scandens-hoszirom-cserje\/","name":"Rhodotypos scandens - H\u00f3szirom cserje - T\u00e1jkert\u00e9sz","isPartOf":{"@id":"https:\/\/tajkertesz.com\/#website"},"primaryImageOfPage":{"@id":"https:\/\/tajkertesz.com\/termek\/rhodotypos-scandens-hoszirom-cserje\/#primaryimage"},"image":{"@id":"https:\/\/tajkertesz.com\/termek\/rhodotypos-scandens-hoszirom-cserje\/#primaryimage"},"thumbnailUrl":"https:\/\/tajkertesz.com\/wp-content\/uploads\/2024\/09\/rhodotypos-scandens-corchorus-scandens.jpg","datePublished":"2024-09-18T14:46:03+00:00","dateModified":"2025-06-05T10:26:52+00:00","description":"Rhodotypos scandens - H\u00f3szirom cserje lombhullat\u00f3, amely a r\u00f3zsaf\u00e9l\u00e9k csal\u00e1dj\u00e1ba tartozik, feh\u00e9r, vir\u00e1gai k\u00e9s\u0151 tavasszal, kora ny\u00e1ron ny\u00edlnak.","breadcrumb":{"@id":"https:\/\/tajkertesz.com\/termek\/rhodotypos-scandens-hoszirom-cserje\/#breadcrumb"},"inLanguage":"en-US","potentialAction":[{"@type":"ReadAction","target":["https:\/\/tajkertesz.com\/termek\/rhodotypos-scandens-hoszirom-cserje\/"]}]},{"@type":"ImageObject","inLanguage":"en-US","@id":"https:\/\/tajkertesz.com\/termek\/rhodotypos-scandens-hoszirom-cserje\/#primaryimage","url":"https:\/\/tajkertesz.com\/wp-content\/uploads\/2024\/09\/rhodotypos-scandens-corchorus-scandens.jpg","contentUrl":"https:\/\/tajkertesz.com\/wp-content\/uploads\/2024\/09\/rhodotypos-scandens-corchorus-scandens.jpg","width":800,"height":1040},{"@type":"BreadcrumbList","@id":"https:\/\/tajkertesz.com\/termek\/rhodotypos-scandens-hoszirom-cserje\/#breadcrumb","itemListElement":[{"@type":"ListItem","position":1,"name":"Home","item":"https:\/\/tajkertesz.com\/"},{"@type":"ListItem","position":2,"name":"Kezd\u0151lap","item":"https:\/\/tajkertesz.com\/"},{"@type":"ListItem","position":3,"name":"Rhodotypos scandens &#8211; H\u00f3szirom cserje"}]},{"@type":"WebSite","@id":"https:\/\/tajkertesz.com\/#website","url":"https:\/\/tajkertesz.com\/","name":"T\u00e1j-Kert\u00e9sz 84 Kft.","description":"Kert\u00e9szeti kis- \u00e9s nagykeresked\u00e9s, D\u00edszn\u00f6v\u00e9ny web\u00e1ruh\u00e1z orsz\u00e1gos h\u00e1zhozsz\u00e1ll\u00edt\u00e1ssal!","publisher":{"@id":"https:\/\/tajkertesz.com\/#organization"},"potentialAction":[{"@type":"SearchAction","target":{"@type":"EntryPoint","urlTemplate":"https:\/\/tajkertesz.com\/?s={search_term_string}"},"query-input":{"@type":"PropertyValueSpecification","valueRequired":true,"valueName":"search_term_string"}}],"inLanguage":"en-US"},{"@type":"Organization","@id":"https:\/\/tajkertesz.com\/#organization","name":"T\u00e1j-Kert\u00e9sz 84 Kft.","url":"https:\/\/tajkertesz.com\/","logo":{"@type":"ImageObject","inLanguage":"en-US","@id":"https:\/\/tajkertesz.com\/#\/schema\/logo\/image\/","url":"https:\/\/tajkertesz.com\/wp-content\/uploads\/2018\/02\/logo-2-e1518678052539.png","contentUrl":"https:\/\/tajkertesz.com\/wp-content\/uploads\/2018\/02\/logo-2-e1518678052539.png","width":81,"height":140,"caption":"T\u00e1j-Kert\u00e9sz 84 Kft."},"image":{"@id":"https:\/\/tajkertesz.com\/#\/schema\/logo\/image\/"},"sameAs":["https:\/\/www.facebook.com\/Tajkertesz\/"]}]}},"_links":{"self":[{"href":"https:\/\/tajkertesz.com\/en_US\/wp-json\/wp\/v2\/product\/21077","targetHints":{"allow":["GET"]}}],"collection":[{"href":"https:\/\/tajkertesz.com\/en_US\/wp-json\/wp\/v2\/product"}],"about":[{"href":"https:\/\/tajkertesz.com\/en_US\/wp-json\/wp\/v2\/types\/product"}],"wp:featuredmedia":[{"embeddable":true,"href":"https:\/\/tajkertesz.com\/en_US\/wp-json\/wp\/v2\/media\/21079"}],"wp:attachment":[{"href":"https:\/\/tajkertesz.com\/en_US\/wp-json\/wp\/v2\/media?parent=21077"}],"wp:term":[{"taxonomy":"product_brand","embeddable":true,"href":"https:\/\/tajkertesz.com\/en_US\/wp-json\/wp\/v2\/product_brand?post=21077"},{"taxonomy":"product_cat","embeddable":true,"href":"https:\/\/tajkertesz.com\/en_US\/wp-json\/wp\/v2\/product_cat?post=21077"},{"taxonomy":"product_tag","embeddable":true,"href":"https:\/\/tajkertesz.com\/en_US\/wp-json\/wp\/v2\/product_tag?post=21077"}],"curies":[{"name":"wp","href":"https:\/\/api.w.org\/{rel}","templated":true}]}}