{"id":21083,"date":"2024-09-19T10:58:53","date_gmt":"2024-09-19T10:58:53","guid":{"rendered":"https:\/\/tajkertesz.com\/?post_type=product&#038;p=21083"},"modified":"2025-10-29T08:20:01","modified_gmt":"2025-10-29T08:20:01","slug":"tilia-cordata-greenspire-kislevelu-hars-3","status":"publish","type":"product","link":"https:\/\/tajkertesz.com\/en_US\/product\/tilia-cordata-greenspire-kislevelu-hars-3\/","title":{"rendered":"Tilia cordata &#8216;Greenspire&#8217; -kislevel\u0171 h\u00e1rs"},"content":{"rendered":"<h1>Tilia cordata &#8216;Greenspire&#8217; -kislevel\u0171 h\u00e1rs<\/h1>\n<p>A Tilia cordata &#8216;Greenspire&#8217; -kislevel\u0171 h\u00e1rs egy k\u00fcl\u00f6nleges kislevel\u0171 h\u00e1rs fajta, amelyet gyakran \u00fcltetnek d\u00edszfak\u00e9nt. K\u00f6zepes termet\u0171, szab\u00e1lyos, sz\u00e9les k\u00fap alak\u00fa 10-15 m -es d\u00edszfa. Levele vil\u00e1gosz\u00f6ld sz\u00edn\u0171. Vir\u00e1ga s\u00e1rg\u00e1sfeh\u00e9r, illatos, augusztus h\u00f3napban vir\u00e1gzik. Term\u00e9se g\u00f6mb\u00f6lyded. K\u00f6z\u00e9per\u0151s n\u00f6veked\u00e9s\u0171. Napos helyet \u00e9s semleges j\u00f3 v\u00edzlevezet\u00e9s\u0171 talajt ig\u00e9nyel. Haz\u00e1nk kl\u00edm\u00e1j\u00e1t j\u00f3l b\u00edrja, teljesen t\u00e9l\u00e1ll\u00f3. Hossz\u00fa \u00e9let\u0171, eleg\u00e1ns d\u00edszfa, amely gyorsan \u00e1rny\u00e9kot ad, \u00e9s illatos vir\u00e1gaival vonzza a m\u00e9heket.<\/p>\n<p>Felhaszn\u00e1l\u00e1s: <b>Kiv\u00e1l\u00f3an alkalmas szoliterk\u00e9nt kisebb kertekbe, t\u00e1rsash\u00e1zak udvar\u00e1ra, de csoportosan \u00fcltetve is l\u00e1tv\u00e1nyos.<\/b><\/p>\n<h2>A kislevel\u0171 h\u00e1rs (Tilia cordata) \u00fcltet\u00e9se<\/h2>\n<p>A kislevel\u0171 h\u00e1rs napos vagy f\u00e9l\u00e1rny\u00e9kos helyet kedvel. Fontos, hogy a talaj m\u00e9lyr\u00e9teg\u0171, t\u00e1panyagban gazdag \u00e9s j\u00f3 v\u00edzelvezet\u00e9s\u0171 legyen. Az ide\u00e1lis \u00fcltet\u00e9si id\u0151szak a tavasz vagy az \u0151sz, amikor a talaj m\u00e9g meleg, de a h\u0151m\u00e9rs\u00e9klet nem t\u00fal magas. Ha t\u00f6bb f\u00e1t \u00fcltet\u00fcnk, fontos, hogy betartsuk a megfelel\u0151 t\u00e1vols\u00e1got, legal\u00e1bb 6-8 m\u00e9ter t\u00e1vols\u00e1gra \u00fcltess\u00fck \u0151ket egym\u00e1st\u00f3l.<\/p>\n<p><strong>\u00dcltet\u00e9si m\u00e9lys\u00e9g<\/strong>: \u00c1ssunk egy g\u00f6dr\u00f6t, amely k\u00e9tszer olyan sz\u00e9les \u00e9s m\u00e9ly, mint a fa gy\u00f6k\u00e9rlabd\u00e1ja. Helyezz\u00fcnk a f\u00e1t a g\u00f6d\u00f6rbe \u00fagy, hogy a gy\u00f6k\u00e9rnyak a talajszinttel egy vonalban legyen.<\/p>\n<p><strong>\u00d6nt\u00f6z\u00e9s<\/strong>: Az \u00fcltet\u00e9s ut\u00e1n alaposan \u00f6nt\u00f6zz\u00fck meg a f\u00e1t. Az els\u0151 \u00e9vekben rendszeres \u00f6nt\u00f6z\u00e9st ig\u00e9nyel, k\u00fcl\u00f6n\u00f6sen sz\u00e1razabb id\u0151szakban. Hetente 2-3 alkalommal, meleg ny\u00e1ri napokon ak\u00e1r naponta is sz\u00fcks\u00e9ges lehet b\u0151s\u00e9gesen meg\u00f6nt\u00f6zni.<\/p>\n<p><strong>Talajtakar\u00e1s:\u00a0<\/strong>A fa t\u00f6v\u00e9nek talajtakar\u00e1sa seg\u00edt meg\u0151rizni a talaj nedvess\u00e9gtartalm\u00e1t, \u00e9s cs\u00f6kkenti a gyomok n\u00f6veked\u00e9s\u00e9t. Haszn\u00e1lhatunk faforg\u00e1csot, vagy h\u00e1ncsot.<\/p>\n<p>A kislevel\u0171 h\u00e1rs nemcsak sz\u00e9p, hanem hasznos is, hiszen vir\u00e1gai illatosak \u00e9s m\u00e9zel\u0151 n\u00f6v\u00e9nyk\u00e9nt is kiv\u00e1l\u00f3ak.<\/p>\n<p>&nbsp;<\/p>\n<p><a href=\"https:\/\/www.facebook.com\/tajkertesz\">https:\/\/www.facebook.com\/tajkertesz<\/a><\/p>\n<p><a href=\"https:\/\/tajkertesz.com\/\">https:\/\/tajkertesz.com\/<\/a><\/p>\n<p style=\"line-height: 18.0pt; background: white; margin: 0cm 0cm 15.0pt 0cm;\">\n<p><strong>JELEN TERM\u00c9K\u00dcNK M\u00c9RET\u00c9N\u00c9L FOGVA POSTAI \u00daTON NEM SZ\u00c1LLITHAT\u00d3!<\/strong><\/p>\n<p>Jelen term\u00e9k\u00fcnk\u00a0 10,5 literes kont\u00e9nerben kaphat\u00f3 \u00e9s kb 200\/250m magas.<\/p>\n<p>&nbsp;<\/p>\n<p><strong>K\u00e9szlet\u00fcnk napi szinten v\u00e1ltozik, ez\u00e9rt k\u00e9rj\u00fck, \u00e9rdekl\u0151dj\u00f6n szem\u00e9lyesen, telefonon vagy email-en.<br \/>\nA v\u00e1ltoztat\u00e1s jog\u00e1t fenntartjuk!\u00a0<\/strong><\/p>\n<p>&nbsp;<\/p>\n<p><a href=\"https:\/\/tajkertesz.com\/\">https:\/\/tajkertesz.com\/<\/a><\/p>\n<p><a href=\"https:\/\/www.facebook.com\/tajkertesz\/\">https:\/\/www.facebook.com\/tajkertesz\/<\/a><\/p>\n<p>Kisz\u00e1ll\u00edt\u00e1s: 200cm-ig \u00a0\u00e9s 40 kg-ig a sz\u00e1ll\u00edt\u00e1s fut\u00e1rszolg\u00e1lattal \u00a0t\u00f6rt\u00e9nik.<\/p>\n<p>Szem\u00e9lyes \u00e1tv\u00e9tel nyitvatart\u00e1si id\u0151ben a 17. ker\u00fclet Bakancsos utca 7. sz\u00e1m alatti Kert\u00e9szeti \u00e1rud\u00e1nkban.<\/p>\n<p>&nbsp;<\/p>\n<p>&nbsp;<\/p>\n<p style=\"line-height: 18.0pt; background: white; margin: 0cm 0cm 15.0pt 0cm;\"><b><span style=\"font-family: 'Ubuntu',serif; color: black;\">K\u00e9szlet\u00fcnk napi szinten v\u00e1ltozik, ez\u00e9rt k\u00e9rj\u00fck, \u00e9rdekl\u0151dj\u00f6n szem\u00e9lyesen, telefonon vagy email-en.<br \/>\nA v\u00e1ltoztat\u00e1s jog\u00e1t fenntartjuk!\u00a0<\/span><\/b><\/p>\n<h2><\/h2>","protected":false},"excerpt":{"rendered":"<p>A Tilia cordata &#8216;Greenspire&#8217; -kislevel\u0171 h\u00e1rs k\u00f6zepes termet\u0171, szab\u00e1lyos, sz\u00e9les k\u00fap alak\u00fa 10-15 m -es d\u00edszfa&#8230;<\/p>\n<p><strong>JELEN TERM\u00c9K\u00dcNK M\u00c9RET\u00c9N\u00c9L FOGVA POSTAI \u00daTON NEM SZ\u00c1LLITHAT\u00d3!<\/strong><\/p>\n<p>Jelen term\u00e9k\u00fcnk\u00a0 10,5 literes kont\u00e9nerben kaphat\u00f3 \u00e9s kb 200\/250m magas.<\/p>\n<div id=\"bodyContent\" class=\"mw-body-content\">\n<div id=\"mw-content-text\" class=\"mw-content-ltr\" dir=\"ltr\" lang=\"hu\">\n<div id=\"bodyContent\" class=\"mw-body-content\">\n<div id=\"mw-content-text\" class=\"mw-content-ltr\" dir=\"ltr\" lang=\"hu\">\n<p><b>K\u00e9szlet\u00fcnk napi szinten v\u00e1ltozik, ez\u00e9rt k\u00e9rj\u00fck, \u00e9rdekl\u0151dj\u00f6n szem\u00e9lyesen, telefonon vagy email-en.<\/b><\/p>\n<p>Term\u00e9keinket szem\u00e9lyesen is \u00e1tveheti a h\u00e9t minden napj\u00e1n nyitvatart\u00e1si id\u0151ben!<\/p>\n<p>Kisz\u00e1ll\u00edt\u00e1s: 200 cm \u00e9s 40 kg-ig a sz\u00e1ll\u00edt\u00e1s fut\u00e1rszolg\u00e1lattal t\u00f6rt\u00e9nik.<\/p>\n<\/div>\n<\/div>\n<\/div>\n<\/div>\n<p><b>A v\u00e1ltoztat\u00e1s jog\u00e1t fenntartjuk!\u00a0<\/b><\/p>\n<p>&nbsp;<\/p>\n<p>&nbsp;<\/p>\n<p>&nbsp;<\/p>\n<p>&nbsp;<\/p>","protected":false},"featured_media":9093,"template":"","meta":{"_et_pb_use_builder":"","_et_pb_old_content":"","_et_gb_content_width":""},"product_brand":[],"product_cat":[28],"product_tag":[2628,176,177,2629,2627,2626],"class_list":{"0":"post-21083","1":"product","2":"type-product","3":"status-publish","4":"has-post-thumbnail","6":"product_cat-diszfak","7":"product_tag-greenspire","8":"product_tag-hars","9":"product_tag-kislevelu-hars","10":"product_tag-tilia","11":"product_tag-tilia-cordata-greenspire","12":"product_tag-tilia-cordata-greenspire-kislevelu-hars","14":"first","15":"instock","16":"shipping-taxable","17":"purchasable","18":"product-type-simple"},"yoast_head":"<!-- This site is optimized with the Yoast SEO plugin v27.4 - https:\/\/yoast.com\/product\/yoast-seo-wordpress\/ -->\n<title>Tilia cordata &#039;Greenspire&#039; -kislevel\u0171 h\u00e1rs - T\u00e1jkert\u00e9sz<\/title>\n<meta name=\"description\" content=\"A Tilia cordata &#039;Greenspire&#039; -kislevel\u0171 h\u00e1rs k\u00f6zepes termet\u0171, szab\u00e1lyos, sz\u00e9les k\u00fap alak\u00fa 10-15 m -es d\u00edszfa. Vir\u00e1ga s\u00e1rg\u00e1sfeh\u00e9r, illatos.\" \/>\n<meta name=\"robots\" content=\"index, follow, max-snippet:-1, max-image-preview:large, max-video-preview:-1\" \/>\n<link rel=\"canonical\" href=\"https:\/\/tajkertesz.com\/en_US\/product\/tilia-cordata-greenspire-kislevelu-hars-3\/\" \/>\n<meta property=\"og:locale\" content=\"en_US\" \/>\n<meta property=\"og:type\" content=\"article\" \/>\n<meta property=\"og:title\" content=\"Tilia cordata &#039;Greenspire&#039; -kislevel\u0171 h\u00e1rs - T\u00e1jkert\u00e9sz\" \/>\n<meta property=\"og:description\" content=\"A Tilia cordata &#039;Greenspire&#039; -kislevel\u0171 h\u00e1rs k\u00f6zepes termet\u0171, szab\u00e1lyos, sz\u00e9les k\u00fap alak\u00fa 10-15 m -es d\u00edszfa. Vir\u00e1ga s\u00e1rg\u00e1sfeh\u00e9r, illatos.\" \/>\n<meta property=\"og:url\" content=\"https:\/\/tajkertesz.com\/en_US\/product\/tilia-cordata-greenspire-kislevelu-hars-3\/\" \/>\n<meta property=\"og:site_name\" content=\"T\u00e1jkert\u00e9sz\" \/>\n<meta property=\"article:publisher\" content=\"https:\/\/www.facebook.com\/Tajkertesz\/\" \/>\n<meta property=\"article:modified_time\" content=\"2025-10-29T08:20:01+00:00\" \/>\n<meta property=\"og:image\" content=\"https:\/\/tajkertesz.com\/wp-content\/uploads\/2021\/09\/tilia-greenspire.jpg\" \/>\n\t<meta property=\"og:image:width\" content=\"500\" \/>\n\t<meta property=\"og:image:height\" content=\"500\" \/>\n\t<meta property=\"og:image:type\" content=\"image\/jpeg\" \/>\n<meta name=\"twitter:card\" content=\"summary_large_image\" \/>\n<meta name=\"twitter:label1\" content=\"Est. reading time\" \/>\n\t<meta name=\"twitter:data1\" content=\"2 minutes\" \/>\n<script type=\"application\/ld+json\" class=\"yoast-schema-graph\">{\"@context\":\"https:\\\/\\\/schema.org\",\"@graph\":[{\"@type\":\"WebPage\",\"@id\":\"https:\\\/\\\/tajkertesz.com\\\/termek\\\/tilia-cordata-greenspire-kislevelu-hars-3\\\/\",\"url\":\"https:\\\/\\\/tajkertesz.com\\\/termek\\\/tilia-cordata-greenspire-kislevelu-hars-3\\\/\",\"name\":\"Tilia cordata 'Greenspire' -kislevel\u0171 h\u00e1rs - T\u00e1jkert\u00e9sz\",\"isPartOf\":{\"@id\":\"https:\\\/\\\/tajkertesz.com\\\/#website\"},\"primaryImageOfPage\":{\"@id\":\"https:\\\/\\\/tajkertesz.com\\\/termek\\\/tilia-cordata-greenspire-kislevelu-hars-3\\\/#primaryimage\"},\"image\":{\"@id\":\"https:\\\/\\\/tajkertesz.com\\\/termek\\\/tilia-cordata-greenspire-kislevelu-hars-3\\\/#primaryimage\"},\"thumbnailUrl\":\"https:\\\/\\\/tajkertesz.com\\\/wp-content\\\/uploads\\\/2021\\\/09\\\/tilia-greenspire.jpg\",\"datePublished\":\"2024-09-19T10:58:53+00:00\",\"dateModified\":\"2025-10-29T08:20:01+00:00\",\"description\":\"A Tilia cordata 'Greenspire' -kislevel\u0171 h\u00e1rs k\u00f6zepes termet\u0171, szab\u00e1lyos, sz\u00e9les k\u00fap alak\u00fa 10-15 m -es d\u00edszfa. Vir\u00e1ga s\u00e1rg\u00e1sfeh\u00e9r, illatos.\",\"breadcrumb\":{\"@id\":\"https:\\\/\\\/tajkertesz.com\\\/termek\\\/tilia-cordata-greenspire-kislevelu-hars-3\\\/#breadcrumb\"},\"inLanguage\":\"en-US\",\"potentialAction\":[{\"@type\":\"ReadAction\",\"target\":[\"https:\\\/\\\/tajkertesz.com\\\/termek\\\/tilia-cordata-greenspire-kislevelu-hars-3\\\/\"]}]},{\"@type\":\"ImageObject\",\"inLanguage\":\"en-US\",\"@id\":\"https:\\\/\\\/tajkertesz.com\\\/termek\\\/tilia-cordata-greenspire-kislevelu-hars-3\\\/#primaryimage\",\"url\":\"https:\\\/\\\/tajkertesz.com\\\/wp-content\\\/uploads\\\/2021\\\/09\\\/tilia-greenspire.jpg\",\"contentUrl\":\"https:\\\/\\\/tajkertesz.com\\\/wp-content\\\/uploads\\\/2021\\\/09\\\/tilia-greenspire.jpg\",\"width\":500,\"height\":500,\"caption\":\"Tilia cordata Greenspire\"},{\"@type\":\"BreadcrumbList\",\"@id\":\"https:\\\/\\\/tajkertesz.com\\\/termek\\\/tilia-cordata-greenspire-kislevelu-hars-3\\\/#breadcrumb\",\"itemListElement\":[{\"@type\":\"ListItem\",\"position\":1,\"name\":\"Home\",\"item\":\"https:\\\/\\\/tajkertesz.com\\\/\"},{\"@type\":\"ListItem\",\"position\":2,\"name\":\"Kezd\u0151lap\",\"item\":\"https:\\\/\\\/tajkertesz.com\\\/\"},{\"@type\":\"ListItem\",\"position\":3,\"name\":\"Tilia cordata &#8216;Greenspire&#8217; -kislevel\u0171 h\u00e1rs\"}]},{\"@type\":\"WebSite\",\"@id\":\"https:\\\/\\\/tajkertesz.com\\\/#website\",\"url\":\"https:\\\/\\\/tajkertesz.com\\\/\",\"name\":\"T\u00e1j-Kert\u00e9sz 84 Kft.\",\"description\":\"Kert\u00e9szeti kis- \u00e9s nagykeresked\u00e9s, D\u00edszn\u00f6v\u00e9ny web\u00e1ruh\u00e1z orsz\u00e1gos h\u00e1zhozsz\u00e1ll\u00edt\u00e1ssal!\",\"publisher\":{\"@id\":\"https:\\\/\\\/tajkertesz.com\\\/#organization\"},\"potentialAction\":[{\"@type\":\"SearchAction\",\"target\":{\"@type\":\"EntryPoint\",\"urlTemplate\":\"https:\\\/\\\/tajkertesz.com\\\/?s={search_term_string}\"},\"query-input\":{\"@type\":\"PropertyValueSpecification\",\"valueRequired\":true,\"valueName\":\"search_term_string\"}}],\"inLanguage\":\"en-US\"},{\"@type\":\"Organization\",\"@id\":\"https:\\\/\\\/tajkertesz.com\\\/#organization\",\"name\":\"T\u00e1j-Kert\u00e9sz 84 Kft.\",\"url\":\"https:\\\/\\\/tajkertesz.com\\\/\",\"logo\":{\"@type\":\"ImageObject\",\"inLanguage\":\"en-US\",\"@id\":\"https:\\\/\\\/tajkertesz.com\\\/#\\\/schema\\\/logo\\\/image\\\/\",\"url\":\"https:\\\/\\\/tajkertesz.com\\\/wp-content\\\/uploads\\\/2018\\\/02\\\/logo-2-e1518678052539.png\",\"contentUrl\":\"https:\\\/\\\/tajkertesz.com\\\/wp-content\\\/uploads\\\/2018\\\/02\\\/logo-2-e1518678052539.png\",\"width\":81,\"height\":140,\"caption\":\"T\u00e1j-Kert\u00e9sz 84 Kft.\"},\"image\":{\"@id\":\"https:\\\/\\\/tajkertesz.com\\\/#\\\/schema\\\/logo\\\/image\\\/\"},\"sameAs\":[\"https:\\\/\\\/www.facebook.com\\\/Tajkertesz\\\/\"]}]}<\/script>\n<!-- \/ Yoast SEO plugin. -->","yoast_head_json":{"title":"Tilia cordata 'Greenspire' -kislevel\u0171 h\u00e1rs - T\u00e1jkert\u00e9sz","description":"A Tilia cordata 'Greenspire' -kislevel\u0171 h\u00e1rs k\u00f6zepes termet\u0171, szab\u00e1lyos, sz\u00e9les k\u00fap alak\u00fa 10-15 m -es d\u00edszfa. Vir\u00e1ga s\u00e1rg\u00e1sfeh\u00e9r, illatos.","robots":{"index":"index","follow":"follow","max-snippet":"max-snippet:-1","max-image-preview":"max-image-preview:large","max-video-preview":"max-video-preview:-1"},"canonical":"https:\/\/tajkertesz.com\/en_US\/product\/tilia-cordata-greenspire-kislevelu-hars-3\/","og_locale":"en_US","og_type":"article","og_title":"Tilia cordata 'Greenspire' -kislevel\u0171 h\u00e1rs - T\u00e1jkert\u00e9sz","og_description":"A Tilia cordata 'Greenspire' -kislevel\u0171 h\u00e1rs k\u00f6zepes termet\u0171, szab\u00e1lyos, sz\u00e9les k\u00fap alak\u00fa 10-15 m -es d\u00edszfa. Vir\u00e1ga s\u00e1rg\u00e1sfeh\u00e9r, illatos.","og_url":"https:\/\/tajkertesz.com\/en_US\/product\/tilia-cordata-greenspire-kislevelu-hars-3\/","og_site_name":"T\u00e1jkert\u00e9sz","article_publisher":"https:\/\/www.facebook.com\/Tajkertesz\/","article_modified_time":"2025-10-29T08:20:01+00:00","og_image":[{"width":500,"height":500,"url":"https:\/\/tajkertesz.com\/wp-content\/uploads\/2021\/09\/tilia-greenspire.jpg","type":"image\/jpeg"}],"twitter_card":"summary_large_image","twitter_misc":{"Est. reading time":"2 minutes"},"schema":{"@context":"https:\/\/schema.org","@graph":[{"@type":"WebPage","@id":"https:\/\/tajkertesz.com\/termek\/tilia-cordata-greenspire-kislevelu-hars-3\/","url":"https:\/\/tajkertesz.com\/termek\/tilia-cordata-greenspire-kislevelu-hars-3\/","name":"Tilia cordata 'Greenspire' -kislevel\u0171 h\u00e1rs - T\u00e1jkert\u00e9sz","isPartOf":{"@id":"https:\/\/tajkertesz.com\/#website"},"primaryImageOfPage":{"@id":"https:\/\/tajkertesz.com\/termek\/tilia-cordata-greenspire-kislevelu-hars-3\/#primaryimage"},"image":{"@id":"https:\/\/tajkertesz.com\/termek\/tilia-cordata-greenspire-kislevelu-hars-3\/#primaryimage"},"thumbnailUrl":"https:\/\/tajkertesz.com\/wp-content\/uploads\/2021\/09\/tilia-greenspire.jpg","datePublished":"2024-09-19T10:58:53+00:00","dateModified":"2025-10-29T08:20:01+00:00","description":"A Tilia cordata 'Greenspire' -kislevel\u0171 h\u00e1rs k\u00f6zepes termet\u0171, szab\u00e1lyos, sz\u00e9les k\u00fap alak\u00fa 10-15 m -es d\u00edszfa. Vir\u00e1ga s\u00e1rg\u00e1sfeh\u00e9r, illatos.","breadcrumb":{"@id":"https:\/\/tajkertesz.com\/termek\/tilia-cordata-greenspire-kislevelu-hars-3\/#breadcrumb"},"inLanguage":"en-US","potentialAction":[{"@type":"ReadAction","target":["https:\/\/tajkertesz.com\/termek\/tilia-cordata-greenspire-kislevelu-hars-3\/"]}]},{"@type":"ImageObject","inLanguage":"en-US","@id":"https:\/\/tajkertesz.com\/termek\/tilia-cordata-greenspire-kislevelu-hars-3\/#primaryimage","url":"https:\/\/tajkertesz.com\/wp-content\/uploads\/2021\/09\/tilia-greenspire.jpg","contentUrl":"https:\/\/tajkertesz.com\/wp-content\/uploads\/2021\/09\/tilia-greenspire.jpg","width":500,"height":500,"caption":"Tilia cordata Greenspire"},{"@type":"BreadcrumbList","@id":"https:\/\/tajkertesz.com\/termek\/tilia-cordata-greenspire-kislevelu-hars-3\/#breadcrumb","itemListElement":[{"@type":"ListItem","position":1,"name":"Home","item":"https:\/\/tajkertesz.com\/"},{"@type":"ListItem","position":2,"name":"Kezd\u0151lap","item":"https:\/\/tajkertesz.com\/"},{"@type":"ListItem","position":3,"name":"Tilia cordata &#8216;Greenspire&#8217; -kislevel\u0171 h\u00e1rs"}]},{"@type":"WebSite","@id":"https:\/\/tajkertesz.com\/#website","url":"https:\/\/tajkertesz.com\/","name":"T\u00e1j-Kert\u00e9sz 84 Kft.","description":"Kert\u00e9szeti kis- \u00e9s nagykeresked\u00e9s, D\u00edszn\u00f6v\u00e9ny web\u00e1ruh\u00e1z orsz\u00e1gos h\u00e1zhozsz\u00e1ll\u00edt\u00e1ssal!","publisher":{"@id":"https:\/\/tajkertesz.com\/#organization"},"potentialAction":[{"@type":"SearchAction","target":{"@type":"EntryPoint","urlTemplate":"https:\/\/tajkertesz.com\/?s={search_term_string}"},"query-input":{"@type":"PropertyValueSpecification","valueRequired":true,"valueName":"search_term_string"}}],"inLanguage":"en-US"},{"@type":"Organization","@id":"https:\/\/tajkertesz.com\/#organization","name":"T\u00e1j-Kert\u00e9sz 84 Kft.","url":"https:\/\/tajkertesz.com\/","logo":{"@type":"ImageObject","inLanguage":"en-US","@id":"https:\/\/tajkertesz.com\/#\/schema\/logo\/image\/","url":"https:\/\/tajkertesz.com\/wp-content\/uploads\/2018\/02\/logo-2-e1518678052539.png","contentUrl":"https:\/\/tajkertesz.com\/wp-content\/uploads\/2018\/02\/logo-2-e1518678052539.png","width":81,"height":140,"caption":"T\u00e1j-Kert\u00e9sz 84 Kft."},"image":{"@id":"https:\/\/tajkertesz.com\/#\/schema\/logo\/image\/"},"sameAs":["https:\/\/www.facebook.com\/Tajkertesz\/"]}]}},"_links":{"self":[{"href":"https:\/\/tajkertesz.com\/en_US\/wp-json\/wp\/v2\/product\/21083","targetHints":{"allow":["GET"]}}],"collection":[{"href":"https:\/\/tajkertesz.com\/en_US\/wp-json\/wp\/v2\/product"}],"about":[{"href":"https:\/\/tajkertesz.com\/en_US\/wp-json\/wp\/v2\/types\/product"}],"wp:featuredmedia":[{"embeddable":true,"href":"https:\/\/tajkertesz.com\/en_US\/wp-json\/wp\/v2\/media\/9093"}],"wp:attachment":[{"href":"https:\/\/tajkertesz.com\/en_US\/wp-json\/wp\/v2\/media?parent=21083"}],"wp:term":[{"taxonomy":"product_brand","embeddable":true,"href":"https:\/\/tajkertesz.com\/en_US\/wp-json\/wp\/v2\/product_brand?post=21083"},{"taxonomy":"product_cat","embeddable":true,"href":"https:\/\/tajkertesz.com\/en_US\/wp-json\/wp\/v2\/product_cat?post=21083"},{"taxonomy":"product_tag","embeddable":true,"href":"https:\/\/tajkertesz.com\/en_US\/wp-json\/wp\/v2\/product_tag?post=21083"}],"curies":[{"name":"wp","href":"https:\/\/api.w.org\/{rel}","templated":true}]}}