{"id":2113,"date":"2020-08-28T08:32:08","date_gmt":"2020-08-28T08:32:08","guid":{"rendered":"https:\/\/tajkertesz.com\/?post_type=product&#038;p=2113"},"modified":"2024-09-19T10:26:23","modified_gmt":"2024-09-19T10:26:23","slug":"liriodendron-tulipifera-tulipanfa-3","status":"publish","type":"product","link":"https:\/\/tajkertesz.com\/en_US\/product\/liriodendron-tulipifera-tulipanfa-3\/","title":{"rendered":"Liriodendron tulipifera , Tulip\u00e1nfa ,"},"content":{"rendered":"<p>Liriodendron tulipifera , Tulip\u00e1nfa<\/p>\n<p>A Liriodendron tulipifera , Tulip\u00e1nfa nagy m\u00e9rete , impoz\u00e1ns vir\u00e1gz\u00e1sa, sz\u00e9p \u0151szi lombsz\u00edne miatt\u00a0 csod\u00e1s \u00e9ke lehet kert\u00fcnknek.<\/p>\n<p><b>N\u00f6veked\u00e9s, alak:<\/b>\u00a020-30 m magas, 15-20 m sz\u00e9les, piramis alak\u00fa koron\u00e1val. \u00c9vi n\u00f6veked\u00e9se 35-40 cm.<br \/>\n<b>Lev\u00e9l:<\/b>\u00a08-15 cm-es, 4 kar\u00e9j\u00fa, jellegzetes, kics\u00edpett cs\u00facs\u00fa, \u00e9l\u00e9nkz\u00f6ld, aranys\u00e1rga \u0151szi lombsz\u00edn\u0171.<br \/>\n<b>Vir\u00e1g:<\/b>\u00a0A tulip\u00e1n vir\u00e1gj\u00e1hoz hasonl\u00f3, k\u00e9ns\u00e1rga\/s\u00e1rg\u00e1sz\u00f6ld sz\u00edn\u0171. M\u00e1jus v\u00e9g\u00e9t\u0151l j\u00fanius v\u00e9g\u00e9ig vir\u00e1gzik.<br \/>\n<b>Term\u00e9s:<\/b>\u00a06-7 cm-es, fel\u00e1ll\u00f3, hegyes k\u00fap alak\u00fa, tobozszer\u0171 aszmagcsokor.<br \/>\n<b>Term\u0151hely, ig\u00e9ny:<\/b>\u00a0Az amerikai \u00e1mbraf\u00e1hoz hasonl\u00f3: fagy\u00e1ll\u00f3, de a melegebb, nedvesebb, m\u00e9lyr\u00e9teg\u0171 talajokat kedveli, a sz\u00e1razabbakat is elviseli. Er\u0151sen meszes talajra ne \u00fcltess\u00fck. F\u00e9nyig\u00e9nyes!<br \/>\n<b>Felhaszn\u00e1l\u00e1s:<\/b>Nagy m\u00e9rete, impoz\u00e1ns vir\u00e1gz\u00e1sa, sz\u00e9p \u0151szi lombsz\u00edne miatt nagy, ny\u00edlt fel\u00fcletekre, szabad \u00e1ll\u00e1sba, parkokba \u00fcltess\u00fck.<br \/>\n<b>Sz\u00e1rmaz\u00e1s:<\/b>\u00a0\u00c9szak-Amerika keleti r\u00e9sze.<br \/>\n<b>Kl\u00edmabesorol\u00e1s:<\/b>\u00a05<\/p>\n<p>Jelen term\u00e9k\u00fcnk 18 literes kont\u00e9nerben kaphat\u00f3 \u00e9s kb 200\/250cm magas.<\/p>\n<p>M\u00c9RET\u00c9N\u00c9L FOGVA POSTAI \u00daTON NEM SZ\u00c1LL\u00cdTHAT\u00d3!!!<\/p>\n<p><strong>K\u00e9szlet\u00fcnk napi szinten v\u00e1ltozik, ez\u00e9rt k\u00e9rj\u00fck, \u00e9rdekl\u0151dj\u00f6n szem\u00e9lyesen, telefonon vagy email-en.<br \/>\nA v\u00e1ltoztat\u00e1s jog\u00e1t fenntartjuk!\u00a0<\/strong><\/p>\n<p>&nbsp;<\/p>\n<p><a href=\"https:\/\/tajkertesz.com\/\">https:\/\/tajkertesz.com\/<\/a><\/p>\n<p><a href=\"https:\/\/www.facebook.com\/tajkertesz\/\">https:\/\/www.facebook.com\/tajkertesz\/<\/a><\/p>\n<p>Kisz\u00e1ll\u00edt\u00e1s: 200cm-ig \u00a0\u00e9s 40 kg-ig a sz\u00e1ll\u00edt\u00e1s fut\u00e1rszolg\u00e1lattal \u00a0t\u00f6rt\u00e9nik.<\/p>\n<p>Szem\u00e9lyes \u00e1tv\u00e9tel nyitvatart\u00e1si id\u0151ben a 17. ker\u00fclet Bakancsos utca 7. sz\u00e1m alatti Kert\u00e9szeti \u00e1rud\u00e1nkban.<\/p>\n<p>&nbsp;<\/p>","protected":false},"excerpt":{"rendered":"<p>A Liriodendron tulipifera , Tulip\u00e1nfa nagy m\u00e9rete , impoz\u00e1ns vir\u00e1gz\u00e1sa, sz\u00e9p \u0151szi lombsz\u00edne miatt\u00a0 csod\u00e1s \u00e9ke lehet kert\u00fcnknek.<\/p>\n<p>&nbsp;<\/p>\n<p><b>N\u00f6veked\u00e9s, alak:<\/b>\u00a020-30 m magas, 15-20 m sz\u00e9les, piramis alak\u00fa koron\u00e1val. \u00c9vi n\u00f6veked\u00e9se 35-40 cm.<br \/>\n<b>Lev\u00e9l:<\/b>\u00a08-15 cm-es, 4 kar\u00e9j\u00fa, jellegzetes, kics\u00edpett cs\u00facs\u00fa, \u00e9l\u00e9nkz\u00f6ld, aranys\u00e1rga \u0151szi lombsz\u00edn\u0171.<br \/>\n<b>Vir\u00e1g:<\/b>\u00a0A tulip\u00e1n vir\u00e1gj\u00e1hoz hasonl\u00f3, k\u00e9ns\u00e1rga\/s\u00e1rg\u00e1sz\u00f6ld sz\u00edn\u0171. M\u00e1jus v\u00e9g\u00e9t\u0151l j\u00fanius v\u00e9g\u00e9ig vir\u00e1gzik.<br \/>\n<b>Term\u00e9s:<\/b>\u00a06-7 cm-es, fel\u00e1ll\u00f3, hegyes k\u00fap alak\u00fa, tobozszer\u0171 aszmagcsokor.<br \/>\n<b>Term\u0151hely, ig\u00e9ny:<\/b>\u00a0Az amerikai \u00e1mbraf\u00e1hoz hasonl\u00f3: fagy\u00e1ll\u00f3, de a melegebb, nedvesebb, m\u00e9lyr\u00e9teg\u0171 talajokat kedveli, a sz\u00e1razabbakat is elviseli. Er\u0151sen meszes talajra ne \u00fcltess\u00fck. F\u00e9nyig\u00e9nyes!<br \/>\n<b>Felhaszn\u00e1l\u00e1s:<\/b>Nagy m\u00e9rete, impoz\u00e1ns vir\u00e1gz\u00e1sa, sz\u00e9p \u0151szi lombsz\u00edne miatt nagy, ny\u00edlt fel\u00fcletekre, szabad \u00e1ll\u00e1sba, parkokba \u00fcltess\u00fck.<br \/>\n<b>Sz\u00e1rmaz\u00e1s:<\/b>\u00a0\u00c9szak-Amerika keleti r\u00e9sze.<br \/>\n<b>Kl\u00edmabesorol\u00e1s:<\/b>\u00a05<\/p>\n<p>Jelen term\u00e9k\u00fcnk 18 literes kont\u00e9nerben kaphat\u00f3 \u00e9s kb 200\/250cm magas.<\/p>\n<p>M\u00c9RET\u00c9N\u00c9L FOGVA POSTAI \u00daTON NEM SZ\u00c1LL\u00cdTHAT\u00d3!!!<\/p>","protected":false},"featured_media":2107,"template":"","meta":{"_et_pb_use_builder":"","_et_pb_old_content":"","_et_gb_content_width":""},"product_brand":[],"product_cat":[28],"product_tag":[83,668,87],"class_list":{"0":"post-2113","1":"product","2":"type-product","3":"status-publish","4":"has-post-thumbnail","6":"product_cat-diszfak","7":"product_tag-liriodendron-tulipifera","8":"product_tag-tulipan-levelu-fa","9":"product_tag-tulipanfa","11":"first","12":"instock","13":"shipping-taxable","14":"purchasable","15":"product-type-simple"},"yoast_head":"<!-- This site is optimized with the Yoast SEO plugin v27.5 - https:\/\/yoast.com\/product\/yoast-seo-wordpress\/ -->\n<title>Liriodendron tulipifera , Tulip\u00e1nfa , - T\u00e1jkert\u00e9sz<\/title>\n<meta name=\"description\" content=\"A Liriodendron tulipifera , Tulip\u00e1nfa nagy m\u00e9rete , impoz\u00e1ns vir\u00e1gz\u00e1sa, sz\u00e9p \u0151szi lombsz\u00edne miatt\u00a0 csod\u00e1s \u00e9ke lehet kert\u00fcnknek.\u00a0\" \/>\n<meta name=\"robots\" content=\"index, follow, max-snippet:-1, max-image-preview:large, max-video-preview:-1\" \/>\n<link rel=\"canonical\" href=\"https:\/\/tajkertesz.com\/en_US\/product\/liriodendron-tulipifera-tulipanfa-3\/\" \/>\n<meta property=\"og:locale\" content=\"en_US\" \/>\n<meta property=\"og:type\" content=\"article\" \/>\n<meta property=\"og:title\" content=\"Liriodendron tulipifera , Tulip\u00e1nfa , - T\u00e1jkert\u00e9sz\" \/>\n<meta property=\"og:description\" content=\"A Liriodendron tulipifera , Tulip\u00e1nfa nagy m\u00e9rete , impoz\u00e1ns vir\u00e1gz\u00e1sa, sz\u00e9p \u0151szi lombsz\u00edne miatt\u00a0 csod\u00e1s \u00e9ke lehet kert\u00fcnknek.\u00a0\" \/>\n<meta property=\"og:url\" content=\"https:\/\/tajkertesz.com\/en_US\/product\/liriodendron-tulipifera-tulipanfa-3\/\" \/>\n<meta property=\"og:site_name\" content=\"T\u00e1jkert\u00e9sz\" \/>\n<meta property=\"article:publisher\" content=\"https:\/\/www.facebook.com\/Tajkertesz\/\" \/>\n<meta property=\"article:modified_time\" content=\"2024-09-19T10:26:23+00:00\" \/>\n<meta property=\"og:image\" content=\"https:\/\/tajkertesz.com\/wp-content\/uploads\/2020\/08\/Liriodendron-tulipifera.jpg2_.jpg\" \/>\n\t<meta property=\"og:image:width\" content=\"400\" \/>\n\t<meta property=\"og:image:height\" content=\"400\" \/>\n\t<meta property=\"og:image:type\" content=\"image\/jpeg\" \/>\n<meta name=\"twitter:card\" content=\"summary_large_image\" \/>\n<meta name=\"twitter:label1\" content=\"Est. reading time\" \/>\n\t<meta name=\"twitter:data1\" content=\"2 minutes\" \/>\n<script type=\"application\/ld+json\" class=\"yoast-schema-graph\">{\"@context\":\"https:\\\/\\\/schema.org\",\"@graph\":[{\"@type\":\"WebPage\",\"@id\":\"https:\\\/\\\/tajkertesz.com\\\/termek\\\/liriodendron-tulipifera-tulipanfa-3\\\/\",\"url\":\"https:\\\/\\\/tajkertesz.com\\\/termek\\\/liriodendron-tulipifera-tulipanfa-3\\\/\",\"name\":\"Liriodendron tulipifera , Tulip\u00e1nfa , - T\u00e1jkert\u00e9sz\",\"isPartOf\":{\"@id\":\"https:\\\/\\\/tajkertesz.com\\\/#website\"},\"primaryImageOfPage\":{\"@id\":\"https:\\\/\\\/tajkertesz.com\\\/termek\\\/liriodendron-tulipifera-tulipanfa-3\\\/#primaryimage\"},\"image\":{\"@id\":\"https:\\\/\\\/tajkertesz.com\\\/termek\\\/liriodendron-tulipifera-tulipanfa-3\\\/#primaryimage\"},\"thumbnailUrl\":\"https:\\\/\\\/tajkertesz.com\\\/wp-content\\\/uploads\\\/2020\\\/08\\\/Liriodendron-tulipifera.jpg2_.jpg\",\"datePublished\":\"2020-08-28T08:32:08+00:00\",\"dateModified\":\"2024-09-19T10:26:23+00:00\",\"description\":\"A Liriodendron tulipifera , Tulip\u00e1nfa nagy m\u00e9rete , impoz\u00e1ns vir\u00e1gz\u00e1sa, sz\u00e9p \u0151szi lombsz\u00edne miatt\u00a0 csod\u00e1s \u00e9ke lehet kert\u00fcnknek.\u00a0\",\"breadcrumb\":{\"@id\":\"https:\\\/\\\/tajkertesz.com\\\/termek\\\/liriodendron-tulipifera-tulipanfa-3\\\/#breadcrumb\"},\"inLanguage\":\"en-US\",\"potentialAction\":[{\"@type\":\"ReadAction\",\"target\":[\"https:\\\/\\\/tajkertesz.com\\\/termek\\\/liriodendron-tulipifera-tulipanfa-3\\\/\"]}]},{\"@type\":\"ImageObject\",\"inLanguage\":\"en-US\",\"@id\":\"https:\\\/\\\/tajkertesz.com\\\/termek\\\/liriodendron-tulipifera-tulipanfa-3\\\/#primaryimage\",\"url\":\"https:\\\/\\\/tajkertesz.com\\\/wp-content\\\/uploads\\\/2020\\\/08\\\/Liriodendron-tulipifera.jpg2_.jpg\",\"contentUrl\":\"https:\\\/\\\/tajkertesz.com\\\/wp-content\\\/uploads\\\/2020\\\/08\\\/Liriodendron-tulipifera.jpg2_.jpg\",\"width\":400,\"height\":400,\"caption\":\"Liriodendron tulipifera - Tulip\u00e1nfa\"},{\"@type\":\"BreadcrumbList\",\"@id\":\"https:\\\/\\\/tajkertesz.com\\\/termek\\\/liriodendron-tulipifera-tulipanfa-3\\\/#breadcrumb\",\"itemListElement\":[{\"@type\":\"ListItem\",\"position\":1,\"name\":\"Home\",\"item\":\"https:\\\/\\\/tajkertesz.com\\\/\"},{\"@type\":\"ListItem\",\"position\":2,\"name\":\"Kezd\u0151lap\",\"item\":\"https:\\\/\\\/tajkertesz.com\\\/\"},{\"@type\":\"ListItem\",\"position\":3,\"name\":\"Liriodendron tulipifera , Tulip\u00e1nfa ,\"}]},{\"@type\":\"WebSite\",\"@id\":\"https:\\\/\\\/tajkertesz.com\\\/#website\",\"url\":\"https:\\\/\\\/tajkertesz.com\\\/\",\"name\":\"T\u00e1j-Kert\u00e9sz 84 Kft.\",\"description\":\"Kert\u00e9szeti kis- \u00e9s nagykeresked\u00e9s, D\u00edszn\u00f6v\u00e9ny web\u00e1ruh\u00e1z orsz\u00e1gos h\u00e1zhozsz\u00e1ll\u00edt\u00e1ssal!\",\"publisher\":{\"@id\":\"https:\\\/\\\/tajkertesz.com\\\/#organization\"},\"potentialAction\":[{\"@type\":\"SearchAction\",\"target\":{\"@type\":\"EntryPoint\",\"urlTemplate\":\"https:\\\/\\\/tajkertesz.com\\\/?s={search_term_string}\"},\"query-input\":{\"@type\":\"PropertyValueSpecification\",\"valueRequired\":true,\"valueName\":\"search_term_string\"}}],\"inLanguage\":\"en-US\"},{\"@type\":\"Organization\",\"@id\":\"https:\\\/\\\/tajkertesz.com\\\/#organization\",\"name\":\"T\u00e1j-Kert\u00e9sz 84 Kft.\",\"url\":\"https:\\\/\\\/tajkertesz.com\\\/\",\"logo\":{\"@type\":\"ImageObject\",\"inLanguage\":\"en-US\",\"@id\":\"https:\\\/\\\/tajkertesz.com\\\/#\\\/schema\\\/logo\\\/image\\\/\",\"url\":\"https:\\\/\\\/tajkertesz.com\\\/wp-content\\\/uploads\\\/2018\\\/02\\\/logo-2-e1518678052539.png\",\"contentUrl\":\"https:\\\/\\\/tajkertesz.com\\\/wp-content\\\/uploads\\\/2018\\\/02\\\/logo-2-e1518678052539.png\",\"width\":81,\"height\":140,\"caption\":\"T\u00e1j-Kert\u00e9sz 84 Kft.\"},\"image\":{\"@id\":\"https:\\\/\\\/tajkertesz.com\\\/#\\\/schema\\\/logo\\\/image\\\/\"},\"sameAs\":[\"https:\\\/\\\/www.facebook.com\\\/Tajkertesz\\\/\"]}]}<\/script>\n<!-- \/ Yoast SEO plugin. -->","yoast_head_json":{"title":"Liriodendron tulipifera , Tulip\u00e1nfa , - T\u00e1jkert\u00e9sz","description":"A Liriodendron tulipifera , Tulip\u00e1nfa nagy m\u00e9rete , impoz\u00e1ns vir\u00e1gz\u00e1sa, sz\u00e9p \u0151szi lombsz\u00edne miatt\u00a0 csod\u00e1s \u00e9ke lehet kert\u00fcnknek.\u00a0","robots":{"index":"index","follow":"follow","max-snippet":"max-snippet:-1","max-image-preview":"max-image-preview:large","max-video-preview":"max-video-preview:-1"},"canonical":"https:\/\/tajkertesz.com\/en_US\/product\/liriodendron-tulipifera-tulipanfa-3\/","og_locale":"en_US","og_type":"article","og_title":"Liriodendron tulipifera , Tulip\u00e1nfa , - T\u00e1jkert\u00e9sz","og_description":"A Liriodendron tulipifera , Tulip\u00e1nfa nagy m\u00e9rete , impoz\u00e1ns vir\u00e1gz\u00e1sa, sz\u00e9p \u0151szi lombsz\u00edne miatt\u00a0 csod\u00e1s \u00e9ke lehet kert\u00fcnknek.\u00a0","og_url":"https:\/\/tajkertesz.com\/en_US\/product\/liriodendron-tulipifera-tulipanfa-3\/","og_site_name":"T\u00e1jkert\u00e9sz","article_publisher":"https:\/\/www.facebook.com\/Tajkertesz\/","article_modified_time":"2024-09-19T10:26:23+00:00","og_image":[{"width":400,"height":400,"url":"https:\/\/tajkertesz.com\/wp-content\/uploads\/2020\/08\/Liriodendron-tulipifera.jpg2_.jpg","type":"image\/jpeg"}],"twitter_card":"summary_large_image","twitter_misc":{"Est. reading time":"2 minutes"},"schema":{"@context":"https:\/\/schema.org","@graph":[{"@type":"WebPage","@id":"https:\/\/tajkertesz.com\/termek\/liriodendron-tulipifera-tulipanfa-3\/","url":"https:\/\/tajkertesz.com\/termek\/liriodendron-tulipifera-tulipanfa-3\/","name":"Liriodendron tulipifera , Tulip\u00e1nfa , - T\u00e1jkert\u00e9sz","isPartOf":{"@id":"https:\/\/tajkertesz.com\/#website"},"primaryImageOfPage":{"@id":"https:\/\/tajkertesz.com\/termek\/liriodendron-tulipifera-tulipanfa-3\/#primaryimage"},"image":{"@id":"https:\/\/tajkertesz.com\/termek\/liriodendron-tulipifera-tulipanfa-3\/#primaryimage"},"thumbnailUrl":"https:\/\/tajkertesz.com\/wp-content\/uploads\/2020\/08\/Liriodendron-tulipifera.jpg2_.jpg","datePublished":"2020-08-28T08:32:08+00:00","dateModified":"2024-09-19T10:26:23+00:00","description":"A Liriodendron tulipifera , Tulip\u00e1nfa nagy m\u00e9rete , impoz\u00e1ns vir\u00e1gz\u00e1sa, sz\u00e9p \u0151szi lombsz\u00edne miatt\u00a0 csod\u00e1s \u00e9ke lehet kert\u00fcnknek.\u00a0","breadcrumb":{"@id":"https:\/\/tajkertesz.com\/termek\/liriodendron-tulipifera-tulipanfa-3\/#breadcrumb"},"inLanguage":"en-US","potentialAction":[{"@type":"ReadAction","target":["https:\/\/tajkertesz.com\/termek\/liriodendron-tulipifera-tulipanfa-3\/"]}]},{"@type":"ImageObject","inLanguage":"en-US","@id":"https:\/\/tajkertesz.com\/termek\/liriodendron-tulipifera-tulipanfa-3\/#primaryimage","url":"https:\/\/tajkertesz.com\/wp-content\/uploads\/2020\/08\/Liriodendron-tulipifera.jpg2_.jpg","contentUrl":"https:\/\/tajkertesz.com\/wp-content\/uploads\/2020\/08\/Liriodendron-tulipifera.jpg2_.jpg","width":400,"height":400,"caption":"Liriodendron tulipifera - Tulip\u00e1nfa"},{"@type":"BreadcrumbList","@id":"https:\/\/tajkertesz.com\/termek\/liriodendron-tulipifera-tulipanfa-3\/#breadcrumb","itemListElement":[{"@type":"ListItem","position":1,"name":"Home","item":"https:\/\/tajkertesz.com\/"},{"@type":"ListItem","position":2,"name":"Kezd\u0151lap","item":"https:\/\/tajkertesz.com\/"},{"@type":"ListItem","position":3,"name":"Liriodendron tulipifera , Tulip\u00e1nfa ,"}]},{"@type":"WebSite","@id":"https:\/\/tajkertesz.com\/#website","url":"https:\/\/tajkertesz.com\/","name":"T\u00e1j-Kert\u00e9sz 84 Kft.","description":"Kert\u00e9szeti kis- \u00e9s nagykeresked\u00e9s, D\u00edszn\u00f6v\u00e9ny web\u00e1ruh\u00e1z orsz\u00e1gos h\u00e1zhozsz\u00e1ll\u00edt\u00e1ssal!","publisher":{"@id":"https:\/\/tajkertesz.com\/#organization"},"potentialAction":[{"@type":"SearchAction","target":{"@type":"EntryPoint","urlTemplate":"https:\/\/tajkertesz.com\/?s={search_term_string}"},"query-input":{"@type":"PropertyValueSpecification","valueRequired":true,"valueName":"search_term_string"}}],"inLanguage":"en-US"},{"@type":"Organization","@id":"https:\/\/tajkertesz.com\/#organization","name":"T\u00e1j-Kert\u00e9sz 84 Kft.","url":"https:\/\/tajkertesz.com\/","logo":{"@type":"ImageObject","inLanguage":"en-US","@id":"https:\/\/tajkertesz.com\/#\/schema\/logo\/image\/","url":"https:\/\/tajkertesz.com\/wp-content\/uploads\/2018\/02\/logo-2-e1518678052539.png","contentUrl":"https:\/\/tajkertesz.com\/wp-content\/uploads\/2018\/02\/logo-2-e1518678052539.png","width":81,"height":140,"caption":"T\u00e1j-Kert\u00e9sz 84 Kft."},"image":{"@id":"https:\/\/tajkertesz.com\/#\/schema\/logo\/image\/"},"sameAs":["https:\/\/www.facebook.com\/Tajkertesz\/"]}]}},"_links":{"self":[{"href":"https:\/\/tajkertesz.com\/en_US\/wp-json\/wp\/v2\/product\/2113","targetHints":{"allow":["GET"]}}],"collection":[{"href":"https:\/\/tajkertesz.com\/en_US\/wp-json\/wp\/v2\/product"}],"about":[{"href":"https:\/\/tajkertesz.com\/en_US\/wp-json\/wp\/v2\/types\/product"}],"wp:featuredmedia":[{"embeddable":true,"href":"https:\/\/tajkertesz.com\/en_US\/wp-json\/wp\/v2\/media\/2107"}],"wp:attachment":[{"href":"https:\/\/tajkertesz.com\/en_US\/wp-json\/wp\/v2\/media?parent=2113"}],"wp:term":[{"taxonomy":"product_brand","embeddable":true,"href":"https:\/\/tajkertesz.com\/en_US\/wp-json\/wp\/v2\/product_brand?post=2113"},{"taxonomy":"product_cat","embeddable":true,"href":"https:\/\/tajkertesz.com\/en_US\/wp-json\/wp\/v2\/product_cat?post=2113"},{"taxonomy":"product_tag","embeddable":true,"href":"https:\/\/tajkertesz.com\/en_US\/wp-json\/wp\/v2\/product_tag?post=2113"}],"curies":[{"name":"wp","href":"https:\/\/api.w.org\/{rel}","templated":true}]}}